{"id":1601,"date":"2023-11-15T13:53:32","date_gmt":"2023-11-15T13:53:32","guid":{"rendered":"https:\/\/exceladvisor.org\/tr\/rastgele-harfler-olustur\/"},"modified":"2023-12-10T06:02:06","modified_gmt":"2023-12-10T06:02:06","slug":"rastgele-harfler-olustur","status":"publish","type":"page","link":"https:\/\/exceladvisor.org\/tr\/rastgele-harfler-olustur\/","title":{"rendered":"Excel&#39;de rastgele harfler nas\u0131l olu\u015fturulur?"},"content":{"rendered":"<div class=\"excel-icerikten-once\" id=\"excel-247320973\"><script type=\"text\/javascript\">\r\n\tatOptions = {\r\n\t\t'key' : 'c1158f160081d6540a8409e6925dab94',\r\n\t\t'format' : 'iframe',\r\n\t\t'height' : 250,\r\n\t\t'width' : 300,\r\n\t\t'params' : {}\r\n\t};\r\n<\/script>\r\n<script type=\"text\/javascript\" src=\"\/\/www.highperformanceformat.com\/c1158f160081d6540a8409e6925dab94\/invoke.js\"><\/script><\/div> <p>Hi\u00e7 rastgele harfler olu\u015fturmak zorunda kald\u0131\u011f\u0131n\u0131z bir durumla kar\u015f\u0131la\u015ft\u0131n\u0131z m\u0131? Bazen rastgele alfabeler olu\u015fturman\u0131z gerekir.<\/p><p> SA\u011e? Excel&#8217;de, rastgele say\u0131lar \u00fcretmek i\u00e7in RAND ve RANDBETWEEN gibi i\u015flevleriniz vard\u0131r, ancak harf olu\u015fturmak i\u00e7in \u00f6zel bir i\u015flevimiz yoktur.<\/p><p> Bug\u00fcn sizinle Excel&#8217;de rastgele harfler olu\u015fturmak i\u00e7in harika bir form\u00fcl numaras\u0131 payla\u015fmak istiyorum. Ve en iyi yan\u0131, kullan\u0131m\u0131n\u0131n basit ve kolay olmas\u0131d\u0131r.<\/p><h2 id=\"so-what-s-the-formula-to-generate-random-letters-in-excel\" class=\"wp-block-heading\"> Peki Excel&#8217;de rastgele harfler olu\u015fturman\u0131n form\u00fcl\u00fc nedir?<\/h2><p> Dedi\u011fim gibi Excel&#8217;de rastgele harfler\/alfabeler elde etmenize yard\u0131mc\u0131 olabilecek do\u011frudan bir i\u015flev yoktur. Ancak rastgele harfler elde etmek amac\u0131yla bir form\u00fcl olu\u015fturmak i\u00e7in <strong><span style=\"color: #000000;\">RANDBETWEEN ve CHAR kombinasyonunu<\/span><\/strong> kullanabilirsiniz.<\/p><h2 id=\"if-you-want-to-generate-capital-random-letters\" class=\"wp-block-heading\"> Rastgele b\u00fcy\u00fck harfler olu\u015fturmak istiyorsan\u0131z<\/h2><p> Bu form\u00fclde rastgele harfi b\u00fcy\u00fck yapmak i\u00e7in 65 ve 90 kullanman\u0131z gerekiyor. <\/p><pre class=\"wp-block-code\"> <code class=\"language-excel-formula\" lang=\"excel-formula\">=CHAR(RANDBETWEEN(65,90))<\/code><\/pre><div class=\"wp-block-image\"><figure class=\"aligncenter\"><img decoding=\"async\" src=\"https:\/\/exceladvisor.org\/wp-content\/uploads\/2023\/08\/generer-des-lettres-aleatoires-avec-des-majuscules-1.gif\" sizes=\"\" srcset=\"\" alt=\"b\u00fcy\u00fck harflerle rastgele harfler olu\u015ftur\"><\/figure><\/div><h2 id=\"or-if-you-want-to-generate-small-random-letters\" class=\"wp-block-heading\"> Veya k\u00fc\u00e7\u00fck rastgele harfler olu\u015fturmak istiyorsan\u0131z:<\/h2><p> Bu form\u00fclde rastgele harfi b\u00fcy\u00fck yapmak i\u00e7in 97 ve 122 rakamlar\u0131n\u0131 kullanman\u0131z gerekiyor. <\/p><pre class=\"wp-block-code\"> <code class=\"language-excel-formula\" lang=\"excel-formula\">=CHAR(RANDBETWEEN(97,122))<\/code><\/pre><div class=\"wp-block-image\"><figure class=\"aligncenter\"><img decoding=\"async\" src=\"https:\/\/exceladvisor.org\/wp-content\/uploads\/2023\/08\/generer-des-lettres-aleatoires-avec-des-petites-lettres-1.gif\" sizes=\"\" srcset=\"\" alt=\"k\u00fc\u00e7\u00fck harflerle rastgele harfler olu\u015ftur\"><\/figure><\/div><h2 id=\"how-this-formula-works\" class=\"wp-block-heading\"> Bu form\u00fcl nas\u0131l \u00e7al\u0131\u015f\u0131yor?<\/h2><p> \u015eimdi size bu form\u00fcl\u00fcn bu harfleri nas\u0131l olu\u015fturdu\u011funu anlatay\u0131m. <strong><span style=\"color: #000000;\">\u00d6ncelikle<\/span><\/strong> bu form\u00fcl\u00fcn iki farkl\u0131 k\u0131s\u0131mda \u00e7al\u0131\u015ft\u0131\u011f\u0131n\u0131 anlamal\u0131s\u0131n\u0131z. <\/p><div class=\"wp-block-image\"><figure class=\"aligncenter\"><img decoding=\"async\" src=\"https:\/\/exceladvisor.org\/wp-content\/uploads\/2023\/08\/comment-cette-formule-genere-des-lettres-aleatoires-1.png\" sizes=\"\" srcset=\"\" alt=\"bu form\u00fcl nas\u0131l rastgele harfler \u00fcretiyor?\"><\/figure><\/div><p> <span style=\"color: #000000;\"><strong>\u0130lk b\u00f6l\u00fcmde<\/strong> , sizin i\u00e7in rastgele say\u0131lar \u00fcretebilecek RANDBETWEEN i\u015flevine sahipsiniz.<\/span> <span style=\"color: #000000;\">Sadece en d\u00fc\u015f\u00fck ve en y\u00fcksek say\u0131y\u0131 belirtmeniz yeterlidir; bu aral\u0131ktan rastgele bir say\u0131 d\u00f6nd\u00fcrecektir.<\/span> <span style=\"color: #000000;\">K\u0131sacas\u0131, aral\u0131ktaki sonu\u00e7ta rastgele bir say\u0131 elde edeceksiniz.<\/span> <\/p><div class=\"wp-block-image\"><figure class=\"aligncenter\"><img decoding=\"async\" src=\"https:\/\/exceladvisor.org\/wp-content\/uploads\/2023\/08\/generer-des-lettres-aleatoires-modifier-randbetween-1.gif\" sizes=\"\" srcset=\"\" alt=\"rastgele harfler olu\u015ftur randbetween'i d\u00fczenle\"><\/figure><\/div><p> \u015eimdi <strong><span style=\"color: #000000;\">ikinci b\u00f6l\u00fcmde<\/span><\/strong> , i\u00e7inde bir say\u0131 belirtti\u011finizde belirli bir karakteri d\u00f6nd\u00fcrebilen CHAR i\u015flevine sahipsiniz. Bu, her karakter i\u00e7in CHAR i\u015flevine eklemeniz gereken belirli bir say\u0131 oldu\u011fu anlam\u0131na gelir. Ve 65&#8217;ten 90&#8217;a kadar olan say\u0131lar b\u00fcy\u00fck harfleri, 97&#8217;den 122&#8217;ye kadar olan say\u0131lar ise k\u00fc\u00e7\u00fck harfleri temsil etmektedir. <\/p><div class=\"wp-block-image\"><figure class=\"aligncenter\"><img decoding=\"async\" src=\"https:\/\/exceladvisor.org\/wp-content\/uploads\/2023\/08\/generer-des-lettres-aleatoires-modifier-le-caractere-1.gif\" sizes=\"\" srcset=\"\" alt=\"rastgele harfler olu\u015ftur karakteri de\u011fi\u015ftir\"><\/figure><\/div><p> CHAR&#8217;a 65 girerseniz &#8216;A&#8217;, 97 girerseniz &#8216;a&#8217; d\u00f6necektir.<\/p><h2 id=\"the-bottom-line-is\" class=\"wp-block-heading\"> <strong>Sonu\u00e7 olarak:<\/strong><\/h2><ul><li> Yukar\u0131daki aral\u0131klardan birini belirtti\u011finizde RANDBETWEEN rastgele bir say\u0131 d\u00f6nd\u00fcr\u00fcr.<\/li><li> Ve bundan sonra CHAR bu say\u0131 i\u00e7in bir karakter d\u00f6nd\u00fcr\u00fcr. <\/li><\/ul><div class=\"wp-block-image\"><figure class=\"aligncenter\"><img decoding=\"async\" src=\"https:\/\/exceladvisor.org\/wp-content\/uploads\/2023\/08\/generer-des-lettres-aleatoires-deroulantes-1.gif\" sizes=\"\" srcset=\"\" alt=\"rastgele a\u00e7\u0131l\u0131r harfler olu\u015ftur\"><\/figure><\/div><p> B\u00fct\u00fcn hikaye bu.<\/p><h2 id=\"in-the-end\" class=\"wp-block-heading\"> Sonunda,<\/h2><p> Yukar\u0131da kulland\u0131\u011f\u0131n\u0131z form\u00fcl\u00fcn basit ve uygulamas\u0131 kolayd\u0131r, buna hi\u00e7 \u015f\u00fcphe yok. Bu y\u00f6ntemin buldu\u011fum ger\u00e7ek d\u00fcnyadaki en iyi kullan\u0131m\u0131, kat\u0131l\u0131mc\u0131lar i\u00e7in alfabeye g\u00f6re rastgele gruplar olu\u015fturabilmenizdir.<\/p><p> <em><strong>Rastgele harfler olu\u015fturmak i\u00e7in ba\u015fka bir y\u00f6nteminiz var m\u0131?<\/strong><\/em><\/p><p> G\u00f6r\u00fc\u015flerinizi yorum k\u0131sm\u0131nda benimle payla\u015fmay\u0131 unutmay\u0131n, sizden haber almay\u0131 \u00e7ok isterim ve l\u00fctfen bu g\u00f6nderiyi arkada\u015flar\u0131n\u0131zla payla\u015fmay\u0131 unutmay\u0131n, eminim yapacaklard\u0131r. takdir edecek. <\/p><div class=\"gb-container gb-container-bafb25cc gb-container-download-2\"><div class=\"gb-grid-wrapper gb-grid-wrapper-91201309\"><div class=\"gb-grid-column gb-grid-column-15a917ef\"><div class=\"gb-container gb-container-15a917ef\"><h2 class=\"gb-headline gb-headline-f2deb261 gb-headline-text gb-headline-download-2\"> Excel dosyas\u0131n\u0131 al\u0131n <\/h2><\/div><\/div><div class=\"gb-grid-column gb-grid-column-18357188\"><div class=\"gb-container gb-container-18357188\"><div class=\"gb-container gb-container-76cbe15e\"> <a class=\"gb-button gb-button-cb63d00a gb-button-text gb-button-download-2\" href=\"https:\/\/exceladvisor.org\/wp-content\/uploads\/2023\/11\/lettres-aleatoires.xlsx\" rel=\"nofollow\">\u0130ndirmek<\/a><\/div><\/div><\/div><\/div><\/div><div class=\"gb-container gb-container-0df56012 gb-container-mt\"> <a class=\"gb-button gb-button-f9f432f4 gb-button-text gb-button-mt-button\" href=\"https:\/\/exceladvisor.org\/tr\/formuller\/\">Excel form\u00fcllerinin listesi<\/a><h2 class=\"gb-headline gb-headline-233444e8 gb-headline-text gb-headline-mt-heading\"> \u0130lgili form\u00fcller <\/h2><div class=\"gb-grid-wrapper gb-grid-wrapper-a16fa65c gb-grid-wrapper-mt-grid\"><div class=\"gb-grid-column gb-grid-column-50d07e0d\"><div class=\"gb-container gb-container-50d07e0d\"><ul><li> <a href=\"https:\/\/exceladvisor.org\/tr\/yatay-filtre\/\">Excel&#8217;de yatay filtre olu\u015fturma<\/a><\/li><li> <a href=\"https:\/\/exceladvisor.org\/tr\/yildiz-derecelendirmesi\/\">Excel&#8217;de y\u0131ld\u0131z derecelendirmesi \u015fablonu olu\u015fturma<\/a><\/li><li> <a href=\"https:\/\/exceladvisor.org\/tr\/dosya-adini-al\/\">Excel&#8217;de dosya ad\u0131n\u0131 al\u0131n<\/a><\/li><li> <a href=\"https:\/\/exceladvisor.org\/tr\/sayfa-adini-al\/\">Excel&#8217;de sayfa ad\u0131n\u0131 al\u0131n<\/a><\/li><li> <a href=\"https:\/\/exceladvisor.org\/tr\/listeyi-rastgele-hale-getir\/\">Excel&#8217;de bir listeyi rastgele s\u0131ralama (rastgele s\u0131ralama)<\/a> <\/li><\/ul><\/div><\/div><div class=\"gb-grid-column gb-grid-column-5b4a0cf9\"><div class=\"gb-container gb-container-5b4a0cf9\"><\/div><\/div><\/div><\/div>","protected":false},"excerpt":{"rendered":"","protected":false},"author":1,"featured_media":0,"parent":0,"menu_order":0,"comment_status":"open","ping_status":"closed","template":"","meta":{"ub_ctt_via":"","footnotes":""},"class_list":["post-1601","page","type-page","status-publish","hentry"],"featured_image_src":null,"yoast_head":"<!-- This site is optimized with the Yoast SEO plugin v25.4 - https:\/\/yoast.com\/wordpress\/plugins\/seo\/ -->\n<title>Excel&#039;de rastgele harfler nas\u0131l olu\u015fturulur? (2023)<\/title>\n<meta name=\"description\" content=\"Bug\u00fcn sizinle Excel&#039;de rastgele harfler olu\u015fturmak i\u00e7in harika bir form\u00fcl numaras\u0131 payla\u015faca\u011f\u0131m. Ve en iyisi\" \/>\n<meta name=\"robots\" content=\"index, follow, max-snippet:-1, max-image-preview:large, max-video-preview:-1\" \/>\n<link rel=\"canonical\" href=\"https:\/\/exceladvisor.org\/tr\/rastgele-harfler-olustur\/\" \/>\n<meta property=\"og:locale\" content=\"tr_TR\" \/>\n<meta property=\"og:type\" content=\"article\" \/>\n<meta property=\"og:title\" content=\"Excel&#039;de rastgele harfler nas\u0131l olu\u015fturulur? (2023)\" \/>\n<meta property=\"og:description\" content=\"Bug\u00fcn sizinle Excel&#039;de rastgele harfler olu\u015fturmak i\u00e7in harika bir form\u00fcl numaras\u0131 payla\u015faca\u011f\u0131m. Ve en iyisi\" \/>\n<meta property=\"og:url\" content=\"https:\/\/exceladvisor.org\/tr\/rastgele-harfler-olustur\/\" \/>\n<meta property=\"og:site_name\" content=\"Excel Advisor\" \/>\n<meta property=\"article:modified_time\" content=\"2023-12-10T06:02:06+00:00\" \/>\n<meta property=\"og:image\" content=\"https:\/\/exceladvisor.org\/wp-content\/uploads\/2023\/08\/generer-des-lettres-aleatoires-avec-des-majuscules-1.gif\" \/>\n<meta name=\"twitter:card\" content=\"summary_large_image\" \/>\n<meta name=\"twitter:label1\" content=\"Tahmini okuma s\u00fcresi\" \/>\n\t<meta name=\"twitter:data1\" content=\"3 dakika\" \/>\n<script type=\"application\/ld+json\" class=\"yoast-schema-graph\">{\"@context\":\"https:\/\/schema.org\",\"@graph\":[{\"@type\":\"WebPage\",\"@id\":\"https:\/\/exceladvisor.org\/tr\/rastgele-harfler-olustur\/\",\"url\":\"https:\/\/exceladvisor.org\/tr\/rastgele-harfler-olustur\/\",\"name\":\"Excel&#39;de rastgele harfler nas\u0131l olu\u015fturulur? (2023)\",\"isPartOf\":{\"@id\":\"https:\/\/exceladvisor.org\/tr\/#website\"},\"primaryImageOfPage\":{\"@id\":\"https:\/\/exceladvisor.org\/tr\/rastgele-harfler-olustur\/#primaryimage\"},\"image\":{\"@id\":\"https:\/\/exceladvisor.org\/tr\/rastgele-harfler-olustur\/#primaryimage\"},\"thumbnailUrl\":\"https:\/\/exceladvisor.org\/wp-content\/uploads\/2023\/08\/generer-des-lettres-aleatoires-avec-des-majuscules-1.gif\",\"datePublished\":\"2023-11-15T13:53:32+00:00\",\"dateModified\":\"2023-12-10T06:02:06+00:00\",\"description\":\"Bug\u00fcn sizinle Excel&#39;de rastgele harfler olu\u015fturmak i\u00e7in harika bir form\u00fcl numaras\u0131 payla\u015faca\u011f\u0131m. Ve en iyisi\",\"breadcrumb\":{\"@id\":\"https:\/\/exceladvisor.org\/tr\/rastgele-harfler-olustur\/#breadcrumb\"},\"inLanguage\":\"tr\",\"potentialAction\":[{\"@type\":\"ReadAction\",\"target\":[\"https:\/\/exceladvisor.org\/tr\/rastgele-harfler-olustur\/\"]}]},{\"@type\":\"ImageObject\",\"inLanguage\":\"tr\",\"@id\":\"https:\/\/exceladvisor.org\/tr\/rastgele-harfler-olustur\/#primaryimage\",\"url\":\"https:\/\/exceladvisor.org\/wp-content\/uploads\/2023\/08\/generer-des-lettres-aleatoires-avec-des-majuscules-1.gif\",\"contentUrl\":\"https:\/\/exceladvisor.org\/wp-content\/uploads\/2023\/08\/generer-des-lettres-aleatoires-avec-des-majuscules-1.gif\"},{\"@type\":\"BreadcrumbList\",\"@id\":\"https:\/\/exceladvisor.org\/tr\/rastgele-harfler-olustur\/#breadcrumb\",\"itemListElement\":[{\"@type\":\"ListItem\",\"position\":1,\"name\":\"Ev\",\"item\":\"https:\/\/exceladvisor.org\/tr\/\"},{\"@type\":\"ListItem\",\"position\":2,\"name\":\"Excel&#39;de rastgele harfler nas\u0131l olu\u015fturulur?\"}]},{\"@type\":\"WebSite\",\"@id\":\"https:\/\/exceladvisor.org\/tr\/#website\",\"url\":\"https:\/\/exceladvisor.org\/tr\/\",\"name\":\"Excel Advisor\",\"description\":\"Veri hakimiyetine y\u00f6nelik nihai rehberiniz!\",\"publisher\":{\"@id\":\"https:\/\/exceladvisor.org\/tr\/#organization\"},\"potentialAction\":[{\"@type\":\"SearchAction\",\"target\":{\"@type\":\"EntryPoint\",\"urlTemplate\":\"https:\/\/exceladvisor.org\/tr\/?s={search_term_string}\"},\"query-input\":{\"@type\":\"PropertyValueSpecification\",\"valueRequired\":true,\"valueName\":\"search_term_string\"}}],\"inLanguage\":\"tr\"},{\"@type\":\"Organization\",\"@id\":\"https:\/\/exceladvisor.org\/tr\/#organization\",\"name\":\"Excel Advisor\",\"url\":\"https:\/\/exceladvisor.org\/tr\/\",\"logo\":{\"@type\":\"ImageObject\",\"inLanguage\":\"tr\",\"@id\":\"https:\/\/exceladvisor.org\/tr\/#\/schema\/logo\/image\/\",\"url\":\"https:\/\/exceladvisor.org\/tr\/wp-content\/uploads\/2023\/12\/exceladvisor.org_.png\",\"contentUrl\":\"https:\/\/exceladvisor.org\/tr\/wp-content\/uploads\/2023\/12\/exceladvisor.org_.png\",\"width\":105,\"height\":36,\"caption\":\"Excel Advisor\"},\"image\":{\"@id\":\"https:\/\/exceladvisor.org\/tr\/#\/schema\/logo\/image\/\"}}]}<\/script>\n<!-- \/ Yoast SEO plugin. -->","yoast_head_json":{"title":"Excel&#39;de rastgele harfler nas\u0131l olu\u015fturulur? (2023)","description":"Bug\u00fcn sizinle Excel&#39;de rastgele harfler olu\u015fturmak i\u00e7in harika bir form\u00fcl numaras\u0131 payla\u015faca\u011f\u0131m. Ve en iyisi","robots":{"index":"index","follow":"follow","max-snippet":"max-snippet:-1","max-image-preview":"max-image-preview:large","max-video-preview":"max-video-preview:-1"},"canonical":"https:\/\/exceladvisor.org\/tr\/rastgele-harfler-olustur\/","og_locale":"tr_TR","og_type":"article","og_title":"Excel&#39;de rastgele harfler nas\u0131l olu\u015fturulur? (2023)","og_description":"Bug\u00fcn sizinle Excel&#39;de rastgele harfler olu\u015fturmak i\u00e7in harika bir form\u00fcl numaras\u0131 payla\u015faca\u011f\u0131m. Ve en iyisi","og_url":"https:\/\/exceladvisor.org\/tr\/rastgele-harfler-olustur\/","og_site_name":"Excel Advisor","article_modified_time":"2023-12-10T06:02:06+00:00","og_image":[{"url":"https:\/\/exceladvisor.org\/wp-content\/uploads\/2023\/08\/generer-des-lettres-aleatoires-avec-des-majuscules-1.gif","type":"","width":"","height":""}],"twitter_card":"summary_large_image","twitter_misc":{"Tahmini okuma s\u00fcresi":"3 dakika"},"schema":{"@context":"https:\/\/schema.org","@graph":[{"@type":"WebPage","@id":"https:\/\/exceladvisor.org\/tr\/rastgele-harfler-olustur\/","url":"https:\/\/exceladvisor.org\/tr\/rastgele-harfler-olustur\/","name":"Excel&#39;de rastgele harfler nas\u0131l olu\u015fturulur? (2023)","isPartOf":{"@id":"https:\/\/exceladvisor.org\/tr\/#website"},"primaryImageOfPage":{"@id":"https:\/\/exceladvisor.org\/tr\/rastgele-harfler-olustur\/#primaryimage"},"image":{"@id":"https:\/\/exceladvisor.org\/tr\/rastgele-harfler-olustur\/#primaryimage"},"thumbnailUrl":"https:\/\/exceladvisor.org\/wp-content\/uploads\/2023\/08\/generer-des-lettres-aleatoires-avec-des-majuscules-1.gif","datePublished":"2023-11-15T13:53:32+00:00","dateModified":"2023-12-10T06:02:06+00:00","description":"Bug\u00fcn sizinle Excel&#39;de rastgele harfler olu\u015fturmak i\u00e7in harika bir form\u00fcl numaras\u0131 payla\u015faca\u011f\u0131m. Ve en iyisi","breadcrumb":{"@id":"https:\/\/exceladvisor.org\/tr\/rastgele-harfler-olustur\/#breadcrumb"},"inLanguage":"tr","potentialAction":[{"@type":"ReadAction","target":["https:\/\/exceladvisor.org\/tr\/rastgele-harfler-olustur\/"]}]},{"@type":"ImageObject","inLanguage":"tr","@id":"https:\/\/exceladvisor.org\/tr\/rastgele-harfler-olustur\/#primaryimage","url":"https:\/\/exceladvisor.org\/wp-content\/uploads\/2023\/08\/generer-des-lettres-aleatoires-avec-des-majuscules-1.gif","contentUrl":"https:\/\/exceladvisor.org\/wp-content\/uploads\/2023\/08\/generer-des-lettres-aleatoires-avec-des-majuscules-1.gif"},{"@type":"BreadcrumbList","@id":"https:\/\/exceladvisor.org\/tr\/rastgele-harfler-olustur\/#breadcrumb","itemListElement":[{"@type":"ListItem","position":1,"name":"Ev","item":"https:\/\/exceladvisor.org\/tr\/"},{"@type":"ListItem","position":2,"name":"Excel&#39;de rastgele harfler nas\u0131l olu\u015fturulur?"}]},{"@type":"WebSite","@id":"https:\/\/exceladvisor.org\/tr\/#website","url":"https:\/\/exceladvisor.org\/tr\/","name":"Excel Advisor","description":"Veri hakimiyetine y\u00f6nelik nihai rehberiniz!","publisher":{"@id":"https:\/\/exceladvisor.org\/tr\/#organization"},"potentialAction":[{"@type":"SearchAction","target":{"@type":"EntryPoint","urlTemplate":"https:\/\/exceladvisor.org\/tr\/?s={search_term_string}"},"query-input":{"@type":"PropertyValueSpecification","valueRequired":true,"valueName":"search_term_string"}}],"inLanguage":"tr"},{"@type":"Organization","@id":"https:\/\/exceladvisor.org\/tr\/#organization","name":"Excel Advisor","url":"https:\/\/exceladvisor.org\/tr\/","logo":{"@type":"ImageObject","inLanguage":"tr","@id":"https:\/\/exceladvisor.org\/tr\/#\/schema\/logo\/image\/","url":"https:\/\/exceladvisor.org\/tr\/wp-content\/uploads\/2023\/12\/exceladvisor.org_.png","contentUrl":"https:\/\/exceladvisor.org\/tr\/wp-content\/uploads\/2023\/12\/exceladvisor.org_.png","width":105,"height":36,"caption":"Excel Advisor"},"image":{"@id":"https:\/\/exceladvisor.org\/tr\/#\/schema\/logo\/image\/"}}]}},"yoast_meta":{"yoast_wpseo_title":"","yoast_wpseo_metadesc":"","yoast_wpseo_canonical":""},"_links":{"self":[{"href":"https:\/\/exceladvisor.org\/tr\/wp-json\/wp\/v2\/pages\/1601","targetHints":{"allow":["GET"]}}],"collection":[{"href":"https:\/\/exceladvisor.org\/tr\/wp-json\/wp\/v2\/pages"}],"about":[{"href":"https:\/\/exceladvisor.org\/tr\/wp-json\/wp\/v2\/types\/page"}],"author":[{"embeddable":true,"href":"https:\/\/exceladvisor.org\/tr\/wp-json\/wp\/v2\/users\/1"}],"replies":[{"embeddable":true,"href":"https:\/\/exceladvisor.org\/tr\/wp-json\/wp\/v2\/comments?post=1601"}],"version-history":[{"count":1,"href":"https:\/\/exceladvisor.org\/tr\/wp-json\/wp\/v2\/pages\/1601\/revisions"}],"predecessor-version":[{"id":2577,"href":"https:\/\/exceladvisor.org\/tr\/wp-json\/wp\/v2\/pages\/1601\/revisions\/2577"}],"wp:attachment":[{"href":"https:\/\/exceladvisor.org\/tr\/wp-json\/wp\/v2\/media?parent=1601"}],"curies":[{"name":"wp","href":"https:\/\/api.w.org\/{rel}","templated":true}]}}