{"id":1604,"date":"2023-11-15T12:57:17","date_gmt":"2023-11-15T12:57:17","guid":{"rendered":"https:\/\/exceladvisor.org\/tr\/en-yakin-5e-yuvarlama\/"},"modified":"2023-12-10T06:01:16","modified_gmt":"2023-12-10T06:01:16","slug":"en-yakin-5e-yuvarlama","status":"publish","type":"page","link":"https:\/\/exceladvisor.org\/tr\/en-yakin-5e-yuvarlama\/","title":{"rendered":"Excel&#39;de en yak\u0131n 0,5, 5 ve 50&#39;ye nas\u0131l yuvarlan\u0131r?"},"content":{"rendered":"<div class=\"excel-icerikten-once\" id=\"excel-1571583911\"><script type=\"text\/javascript\">\r\n\tatOptions = {\r\n\t\t'key' : 'c1158f160081d6540a8409e6925dab94',\r\n\t\t'format' : 'iframe',\r\n\t\t'height' : 250,\r\n\t\t'width' : 300,\r\n\t\t'params' : {}\r\n\t};\r\n<\/script>\r\n<script type=\"text\/javascript\" src=\"\/\/www.highperformanceformat.com\/c1158f160081d6540a8409e6925dab94\/invoke.js\"><\/script><\/div> <p>Bu form\u00fcl dersinde bir say\u0131y\u0131 en yak\u0131n 5, 50 ve 0,5&#8217;e nas\u0131l yuvarlayaca\u011f\u0131m\u0131z\u0131 \u00f6\u011frenece\u011fiz. Bu form\u00fclleri Excel 2007, Excel 2010, Excel 2013, Excel 2016, Excel 2019 ve Mac i\u00e7in Excel&#8217;de kullanabilirsiniz.<\/p><h2 class=\"wp-block-heading\"> En yak\u0131n 0,5, 5 ve 50&#8217;ye yuvarlay\u0131n<\/h2><p> En yak\u0131n 5&#8217;e yuvarlamak i\u00e7in, MROUND i\u015flevini kullanabilirsiniz; burada, katlar\u0131n\u0131 elde edecek ba\u011f\u0131ms\u0131z de\u011fi\u015fkeni belirleyebilirsiniz. A\u015fa\u011f\u0131daki form\u00fcle bak\u0131n. <\/p><div class=\"wp-block-image\"><figure class=\"aligncenter size-full is-resized\"><img loading=\"lazy\" decoding=\"async\" class=\"wp-image-63656\" src=\"https:\/\/exceladvisor.org\/wp-content\/uploads\/2023\/08\/1-fonction-ronde.png\" sizes=\"auto, \" srcset=\"\" alt=\"mround i\u015flevi\" width=\"420\" height=\"195\"><\/figure><\/div><pre class=\"wp-block-code\"> <code class=\"language-excel-formula\" lang=\"excel-formula\">=MROUND(A2,5)<\/code><\/pre><p> Yukar\u0131daki form\u00fclde de\u011feri yuvarlamak i\u00e7in 5&#8217;i kat olarak kulland\u0131n\u0131z. \u015eimdi, A2 h\u00fccresindeki ilk de\u011fer olan 4&#8217;e ve 5&#8217;in en yak\u0131n kat\u0131 olan 5&#8217;e bakarsan\u0131z, ikinci de\u011fer i\u00e7in de 5&#8217;in en yak\u0131n kat\u0131 olan 15&#8217;i elde edersiniz.<\/p><p> Benzer \u015fekilde MROUND i\u015fleviyle 50&#8217;yi kullanabilirsiniz. <\/p><div class=\"wp-block-image\"><figure class=\"aligncenter size-full is-resized\"><img loading=\"lazy\" decoding=\"async\" class=\"wp-image-63657\" src=\"https:\/\/exceladvisor.org\/wp-content\/uploads\/2023\/08\/2-mround-fonction-avec-argument.png\" sizes=\"auto, \" srcset=\"\" alt=\"arg\u00fcmanl\u0131 mround-i\u015flevi\" width=\"415\" height=\"217\"><\/figure><\/div><p> Ayn\u0131 i\u015flev 0,5 i\u00e7in de ge\u00e7erlidir. <\/p><div class=\"wp-block-image\"><figure class=\"aligncenter size-full is-resized\"><img loading=\"lazy\" decoding=\"async\" class=\"wp-image-63658\" src=\"https:\/\/exceladvisor.org\/wp-content\/uploads\/2023\/08\/3-mrond-fonction-rond-le-plus-proche.png\" sizes=\"auto, \" srcset=\"\" alt=\"mround-i\u015flevi-yuvarlak-en yak\u0131n\" width=\"425\" height=\"207\"><\/figure><\/div><h2 class=\"wp-block-heading\"> En yak\u0131n 5&#8217;e yuvarla<\/h2><p> Bir say\u0131y\u0131 5&#8217;e yuvarlamak i\u00e7in KAT fonksiyonunu kullanman\u0131z gerekir. Bu i\u015flev, MROUND i\u015flevindeki arg\u00fcmanlar\u0131n ayn\u0131s\u0131na sahiptir. <\/p><div class=\"wp-block-image\"><figure class=\"aligncenter size-full is-resized\"><img loading=\"lazy\" decoding=\"async\" class=\"wp-image-63659\" src=\"https:\/\/exceladvisor.org\/wp-content\/uploads\/2023\/08\/4-arrondir-au-cinq-le-plus-proche.png\" sizes=\"auto, \" srcset=\"\" alt=\"en yak\u0131n be\u015fe yuvarlama\" width=\"431\" height=\"202\"><\/figure><\/div><pre class=\"wp-block-code\"> <code class=\"language-excel-formula\" lang=\"excel-formula\">=FLOOR(D8,5)<\/code><\/pre><p> 50 i\u00e7in de ayn\u0131s\u0131 ge\u00e7erli. <\/p><div class=\"wp-block-image\"><figure class=\"aligncenter size-full is-resized\"><img loading=\"lazy\" decoding=\"async\" class=\"wp-image-63660\" src=\"https:\/\/exceladvisor.org\/wp-content\/uploads\/2023\/08\/5-arrondir-a-la-cinquantaine-inferieure.png\" sizes=\"auto, \" srcset=\"\" alt=\"en yak\u0131n ellili\u011fe yuvarlama\" width=\"436\" height=\"201\"><\/figure><\/div><p> Ve 0,5 i\u00e7in de. <\/p><div class=\"wp-block-image\"><figure class=\"aligncenter size-full is-resized\"><img loading=\"lazy\" decoding=\"async\" class=\"wp-image-63661\" src=\"https:\/\/exceladvisor.org\/wp-content\/uploads\/2023\/08\/6-arrondir-au-point-cinq-le-plus-proche.png\" sizes=\"auto, \" srcset=\"\" alt=\"en yak\u0131n be\u015f numaraya yuvarlama\" width=\"442\" height=\"203\"><\/figure><\/div><h2 class=\"wp-block-heading\"> En yak\u0131n 5&#8217;e yuvarlan\u0131r<\/h2><p> Bir say\u0131y\u0131 en yak\u0131n 5&#8217;e yuvarlamak i\u00e7in TAVAN fonksiyonunu kullanman\u0131z gerekir. <\/p><div class=\"wp-block-image\"><figure class=\"aligncenter size-full is-resized\"><img loading=\"lazy\" decoding=\"async\" class=\"wp-image-63662\" src=\"https:\/\/exceladvisor.org\/wp-content\/uploads\/2023\/08\/7-arrondir-au-cinq-le-plus-proche.png\" sizes=\"auto, \" srcset=\"\" alt=\"en yak\u0131n be\u015fe yuvarlama\" width=\"453\" height=\"200\"><\/figure><\/div><p> Sokak 50. <\/p><div class=\"wp-block-image\"><figure class=\"aligncenter size-full is-resized\"><img loading=\"lazy\" decoding=\"async\" class=\"wp-image-63663\" src=\"https:\/\/exceladvisor.org\/wp-content\/uploads\/2023\/08\/8-arrondir-a-la-cinquantaine-la-plus-proche.png\" sizes=\"auto, \" srcset=\"\" alt=\"en yak\u0131n ellili\u011fe yuvarlama\" width=\"458\" height=\"210\"><\/figure><\/div><p> Ve sonunda, 0,5 i\u00e7in. <\/p><div class=\"wp-block-image\"><figure class=\"aligncenter size-full is-resized\"><img loading=\"lazy\" decoding=\"async\" class=\"wp-image-63664\" src=\"https:\/\/exceladvisor.org\/wp-content\/uploads\/2023\/08\/9-arrondir-au-point-cinq-le-plus-proche.png\" sizes=\"auto, \" srcset=\"\" alt=\"en yak\u0131n be\u015f noktaya yuvarlan\u0131r\" width=\"455\" height=\"206\"><\/figure><\/div><div class=\"gb-container gb-container-52dfcee1 gb-container-sample-file\"><h2 class=\"gb-headline gb-headline-e289c143 gb-headline-text gb-headline-4f7959c2\"> Excel dosyas\u0131n\u0131 al\u0131n<\/h2><p> <a class=\"gb-button gb-button-e88d6bee gb-button-text gb-button-button1\" href=\"https:\/\/exceladvisor.org\/wp-content\/uploads\/2023\/11\/arrondir-au-cinq-superieur-le-plus-proche.xlsx\" rel=\"nofollow\">\u0130ndirmek<\/a><\/p><\/div><div class=\"gb-container gb-container-0df56012 gb-container-mt\"> <a class=\"gb-button gb-button-f9f432f4 gb-button-text gb-button-mt-button\" href=\"https:\/\/exceladvisor.org\/tr\/formuller\/\">Excel form\u00fcllerinin listesi<\/a><h2 class=\"gb-headline gb-headline-233444e8 gb-headline-text gb-headline-mt-heading\"> \u0130lgili form\u00fcller <\/h2><div class=\"gb-grid-wrapper gb-grid-wrapper-a16fa65c gb-grid-wrapper-mt-grid\"><div class=\"gb-grid-column gb-grid-column-50d07e0d\"><div class=\"gb-container gb-container-50d07e0d\"><ul><li> <a href=\"https:\/\/exceladvisor.org\/tr\/en-yakin-binlige-yuvarlama\/\">Excel&#8217;de bir say\u0131y\u0131 en yak\u0131n 1000&#8217;e yuvarlama<\/a><\/li><li> <a href=\"https:\/\/exceladvisor.org\/tr\/yuvarlak-yuzde-2\/\">Yuvarlak de\u011ferlerin y\u00fczdesi<\/a> <\/li><\/ul><\/div><\/div><div class=\"gb-grid-column gb-grid-column-5b4a0cf9\"><div class=\"gb-container gb-container-5b4a0cf9\"><\/div><\/div><\/div><\/div>","protected":false},"excerpt":{"rendered":"","protected":false},"author":1,"featured_media":0,"parent":0,"menu_order":0,"comment_status":"open","ping_status":"closed","template":"","meta":{"ub_ctt_via":"","footnotes":""},"class_list":["post-1604","page","type-page","status-publish","hentry"],"featured_image_src":null,"yoast_head":"<!-- This site is optimized with the Yoast SEO plugin v25.4 - https:\/\/yoast.com\/wordpress\/plugins\/seo\/ -->\n<title>\u25b7 Excel&#039;de en yak\u0131n 0,5, 5 ve 50&#039;ye yuvarlama nas\u0131l yap\u0131l\u0131r?<\/title>\n<meta name=\"description\" content=\"En yak\u0131n 5&#039;e yuvarlamak i\u00e7in, arg\u00fcman\u0131 belirtebilece\u011finiz MROUND i\u015flevini kullanabilirsiniz.\" \/>\n<meta name=\"robots\" content=\"index, follow, max-snippet:-1, max-image-preview:large, max-video-preview:-1\" \/>\n<link rel=\"canonical\" href=\"https:\/\/exceladvisor.org\/tr\/en-yakin-5e-yuvarlama\/\" \/>\n<meta property=\"og:locale\" content=\"tr_TR\" \/>\n<meta property=\"og:type\" content=\"article\" \/>\n<meta property=\"og:title\" content=\"\u25b7 Excel&#039;de en yak\u0131n 0,5, 5 ve 50&#039;ye yuvarlama nas\u0131l yap\u0131l\u0131r?\" \/>\n<meta property=\"og:description\" content=\"En yak\u0131n 5&#039;e yuvarlamak i\u00e7in, arg\u00fcman\u0131 belirtebilece\u011finiz MROUND i\u015flevini kullanabilirsiniz.\" \/>\n<meta property=\"og:url\" content=\"https:\/\/exceladvisor.org\/tr\/en-yakin-5e-yuvarlama\/\" \/>\n<meta property=\"og:site_name\" content=\"Excel Advisor\" \/>\n<meta property=\"article:modified_time\" content=\"2023-12-10T06:01:16+00:00\" \/>\n<meta property=\"og:image\" content=\"https:\/\/exceladvisor.org\/wp-content\/uploads\/2023\/08\/1-fonction-ronde.png\" \/>\n<meta name=\"twitter:card\" content=\"summary_large_image\" \/>\n<meta name=\"twitter:label1\" content=\"Tahmini okuma s\u00fcresi\" \/>\n\t<meta name=\"twitter:data1\" content=\"1 dakika\" \/>\n<script type=\"application\/ld+json\" class=\"yoast-schema-graph\">{\"@context\":\"https:\/\/schema.org\",\"@graph\":[{\"@type\":\"WebPage\",\"@id\":\"https:\/\/exceladvisor.org\/tr\/en-yakin-5e-yuvarlama\/\",\"url\":\"https:\/\/exceladvisor.org\/tr\/en-yakin-5e-yuvarlama\/\",\"name\":\"\u25b7 Excel&#39;de en yak\u0131n 0,5, 5 ve 50&#39;ye yuvarlama nas\u0131l yap\u0131l\u0131r?\",\"isPartOf\":{\"@id\":\"https:\/\/exceladvisor.org\/tr\/#website\"},\"primaryImageOfPage\":{\"@id\":\"https:\/\/exceladvisor.org\/tr\/en-yakin-5e-yuvarlama\/#primaryimage\"},\"image\":{\"@id\":\"https:\/\/exceladvisor.org\/tr\/en-yakin-5e-yuvarlama\/#primaryimage\"},\"thumbnailUrl\":\"https:\/\/exceladvisor.org\/wp-content\/uploads\/2023\/08\/1-fonction-ronde.png\",\"datePublished\":\"2023-11-15T12:57:17+00:00\",\"dateModified\":\"2023-12-10T06:01:16+00:00\",\"description\":\"En yak\u0131n 5&#39;e yuvarlamak i\u00e7in, arg\u00fcman\u0131 belirtebilece\u011finiz MROUND i\u015flevini kullanabilirsiniz.\",\"breadcrumb\":{\"@id\":\"https:\/\/exceladvisor.org\/tr\/en-yakin-5e-yuvarlama\/#breadcrumb\"},\"inLanguage\":\"tr\",\"potentialAction\":[{\"@type\":\"ReadAction\",\"target\":[\"https:\/\/exceladvisor.org\/tr\/en-yakin-5e-yuvarlama\/\"]}]},{\"@type\":\"ImageObject\",\"inLanguage\":\"tr\",\"@id\":\"https:\/\/exceladvisor.org\/tr\/en-yakin-5e-yuvarlama\/#primaryimage\",\"url\":\"https:\/\/exceladvisor.org\/wp-content\/uploads\/2023\/08\/1-fonction-ronde.png\",\"contentUrl\":\"https:\/\/exceladvisor.org\/wp-content\/uploads\/2023\/08\/1-fonction-ronde.png\"},{\"@type\":\"BreadcrumbList\",\"@id\":\"https:\/\/exceladvisor.org\/tr\/en-yakin-5e-yuvarlama\/#breadcrumb\",\"itemListElement\":[{\"@type\":\"ListItem\",\"position\":1,\"name\":\"Ev\",\"item\":\"https:\/\/exceladvisor.org\/tr\/\"},{\"@type\":\"ListItem\",\"position\":2,\"name\":\"Excel&#39;de en yak\u0131n 0,5, 5 ve 50&#39;ye nas\u0131l yuvarlan\u0131r?\"}]},{\"@type\":\"WebSite\",\"@id\":\"https:\/\/exceladvisor.org\/tr\/#website\",\"url\":\"https:\/\/exceladvisor.org\/tr\/\",\"name\":\"Excel Advisor\",\"description\":\"Veri hakimiyetine y\u00f6nelik nihai rehberiniz!\",\"publisher\":{\"@id\":\"https:\/\/exceladvisor.org\/tr\/#organization\"},\"potentialAction\":[{\"@type\":\"SearchAction\",\"target\":{\"@type\":\"EntryPoint\",\"urlTemplate\":\"https:\/\/exceladvisor.org\/tr\/?s={search_term_string}\"},\"query-input\":{\"@type\":\"PropertyValueSpecification\",\"valueRequired\":true,\"valueName\":\"search_term_string\"}}],\"inLanguage\":\"tr\"},{\"@type\":\"Organization\",\"@id\":\"https:\/\/exceladvisor.org\/tr\/#organization\",\"name\":\"Excel Advisor\",\"url\":\"https:\/\/exceladvisor.org\/tr\/\",\"logo\":{\"@type\":\"ImageObject\",\"inLanguage\":\"tr\",\"@id\":\"https:\/\/exceladvisor.org\/tr\/#\/schema\/logo\/image\/\",\"url\":\"https:\/\/exceladvisor.org\/tr\/wp-content\/uploads\/2023\/12\/exceladvisor.org_.png\",\"contentUrl\":\"https:\/\/exceladvisor.org\/tr\/wp-content\/uploads\/2023\/12\/exceladvisor.org_.png\",\"width\":105,\"height\":36,\"caption\":\"Excel Advisor\"},\"image\":{\"@id\":\"https:\/\/exceladvisor.org\/tr\/#\/schema\/logo\/image\/\"}}]}<\/script>\n<!-- \/ Yoast SEO plugin. -->","yoast_head_json":{"title":"\u25b7 Excel&#39;de en yak\u0131n 0,5, 5 ve 50&#39;ye yuvarlama nas\u0131l yap\u0131l\u0131r?","description":"En yak\u0131n 5&#39;e yuvarlamak i\u00e7in, arg\u00fcman\u0131 belirtebilece\u011finiz MROUND i\u015flevini kullanabilirsiniz.","robots":{"index":"index","follow":"follow","max-snippet":"max-snippet:-1","max-image-preview":"max-image-preview:large","max-video-preview":"max-video-preview:-1"},"canonical":"https:\/\/exceladvisor.org\/tr\/en-yakin-5e-yuvarlama\/","og_locale":"tr_TR","og_type":"article","og_title":"\u25b7 Excel&#39;de en yak\u0131n 0,5, 5 ve 50&#39;ye yuvarlama nas\u0131l yap\u0131l\u0131r?","og_description":"En yak\u0131n 5&#39;e yuvarlamak i\u00e7in, arg\u00fcman\u0131 belirtebilece\u011finiz MROUND i\u015flevini kullanabilirsiniz.","og_url":"https:\/\/exceladvisor.org\/tr\/en-yakin-5e-yuvarlama\/","og_site_name":"Excel Advisor","article_modified_time":"2023-12-10T06:01:16+00:00","og_image":[{"url":"https:\/\/exceladvisor.org\/wp-content\/uploads\/2023\/08\/1-fonction-ronde.png","type":"","width":"","height":""}],"twitter_card":"summary_large_image","twitter_misc":{"Tahmini okuma s\u00fcresi":"1 dakika"},"schema":{"@context":"https:\/\/schema.org","@graph":[{"@type":"WebPage","@id":"https:\/\/exceladvisor.org\/tr\/en-yakin-5e-yuvarlama\/","url":"https:\/\/exceladvisor.org\/tr\/en-yakin-5e-yuvarlama\/","name":"\u25b7 Excel&#39;de en yak\u0131n 0,5, 5 ve 50&#39;ye yuvarlama nas\u0131l yap\u0131l\u0131r?","isPartOf":{"@id":"https:\/\/exceladvisor.org\/tr\/#website"},"primaryImageOfPage":{"@id":"https:\/\/exceladvisor.org\/tr\/en-yakin-5e-yuvarlama\/#primaryimage"},"image":{"@id":"https:\/\/exceladvisor.org\/tr\/en-yakin-5e-yuvarlama\/#primaryimage"},"thumbnailUrl":"https:\/\/exceladvisor.org\/wp-content\/uploads\/2023\/08\/1-fonction-ronde.png","datePublished":"2023-11-15T12:57:17+00:00","dateModified":"2023-12-10T06:01:16+00:00","description":"En yak\u0131n 5&#39;e yuvarlamak i\u00e7in, arg\u00fcman\u0131 belirtebilece\u011finiz MROUND i\u015flevini kullanabilirsiniz.","breadcrumb":{"@id":"https:\/\/exceladvisor.org\/tr\/en-yakin-5e-yuvarlama\/#breadcrumb"},"inLanguage":"tr","potentialAction":[{"@type":"ReadAction","target":["https:\/\/exceladvisor.org\/tr\/en-yakin-5e-yuvarlama\/"]}]},{"@type":"ImageObject","inLanguage":"tr","@id":"https:\/\/exceladvisor.org\/tr\/en-yakin-5e-yuvarlama\/#primaryimage","url":"https:\/\/exceladvisor.org\/wp-content\/uploads\/2023\/08\/1-fonction-ronde.png","contentUrl":"https:\/\/exceladvisor.org\/wp-content\/uploads\/2023\/08\/1-fonction-ronde.png"},{"@type":"BreadcrumbList","@id":"https:\/\/exceladvisor.org\/tr\/en-yakin-5e-yuvarlama\/#breadcrumb","itemListElement":[{"@type":"ListItem","position":1,"name":"Ev","item":"https:\/\/exceladvisor.org\/tr\/"},{"@type":"ListItem","position":2,"name":"Excel&#39;de en yak\u0131n 0,5, 5 ve 50&#39;ye nas\u0131l yuvarlan\u0131r?"}]},{"@type":"WebSite","@id":"https:\/\/exceladvisor.org\/tr\/#website","url":"https:\/\/exceladvisor.org\/tr\/","name":"Excel Advisor","description":"Veri hakimiyetine y\u00f6nelik nihai rehberiniz!","publisher":{"@id":"https:\/\/exceladvisor.org\/tr\/#organization"},"potentialAction":[{"@type":"SearchAction","target":{"@type":"EntryPoint","urlTemplate":"https:\/\/exceladvisor.org\/tr\/?s={search_term_string}"},"query-input":{"@type":"PropertyValueSpecification","valueRequired":true,"valueName":"search_term_string"}}],"inLanguage":"tr"},{"@type":"Organization","@id":"https:\/\/exceladvisor.org\/tr\/#organization","name":"Excel Advisor","url":"https:\/\/exceladvisor.org\/tr\/","logo":{"@type":"ImageObject","inLanguage":"tr","@id":"https:\/\/exceladvisor.org\/tr\/#\/schema\/logo\/image\/","url":"https:\/\/exceladvisor.org\/tr\/wp-content\/uploads\/2023\/12\/exceladvisor.org_.png","contentUrl":"https:\/\/exceladvisor.org\/tr\/wp-content\/uploads\/2023\/12\/exceladvisor.org_.png","width":105,"height":36,"caption":"Excel Advisor"},"image":{"@id":"https:\/\/exceladvisor.org\/tr\/#\/schema\/logo\/image\/"}}]}},"yoast_meta":{"yoast_wpseo_title":"","yoast_wpseo_metadesc":"","yoast_wpseo_canonical":""},"_links":{"self":[{"href":"https:\/\/exceladvisor.org\/tr\/wp-json\/wp\/v2\/pages\/1604","targetHints":{"allow":["GET"]}}],"collection":[{"href":"https:\/\/exceladvisor.org\/tr\/wp-json\/wp\/v2\/pages"}],"about":[{"href":"https:\/\/exceladvisor.org\/tr\/wp-json\/wp\/v2\/types\/page"}],"author":[{"embeddable":true,"href":"https:\/\/exceladvisor.org\/tr\/wp-json\/wp\/v2\/users\/1"}],"replies":[{"embeddable":true,"href":"https:\/\/exceladvisor.org\/tr\/wp-json\/wp\/v2\/comments?post=1604"}],"version-history":[{"count":1,"href":"https:\/\/exceladvisor.org\/tr\/wp-json\/wp\/v2\/pages\/1604\/revisions"}],"predecessor-version":[{"id":2496,"href":"https:\/\/exceladvisor.org\/tr\/wp-json\/wp\/v2\/pages\/1604\/revisions\/2496"}],"wp:attachment":[{"href":"https:\/\/exceladvisor.org\/tr\/wp-json\/wp\/v2\/media?parent=1604"}],"curies":[{"name":"wp","href":"https:\/\/api.w.org\/{rel}","templated":true}]}}