{"id":1605,"date":"2023-11-15T12:37:37","date_gmt":"2023-11-15T12:37:37","guid":{"rendered":"https:\/\/exceladvisor.org\/tr\/bugune-yil-ekle\/"},"modified":"2023-12-10T06:00:49","modified_gmt":"2023-12-10T06:00:49","slug":"bugune-yil-ekle","status":"publish","type":"page","link":"https:\/\/exceladvisor.org\/tr\/bugune-yil-ekle\/","title":{"rendered":"Excel&#39;de bir tarihe y\u0131l nas\u0131l eklenir?"},"content":{"rendered":"<div class=\"excel-icerikten-once\" id=\"excel-1766212992\"><script type=\"text\/javascript\">\r\n\tatOptions = {\r\n\t\t'key' : 'c1158f160081d6540a8409e6925dab94',\r\n\t\t'format' : 'iframe',\r\n\t\t'height' : 250,\r\n\t\t'width' : 300,\r\n\t\t'params' : {}\r\n\t};\r\n<\/script>\r\n<script type=\"text\/javascript\" src=\"\/\/www.highperformanceformat.com\/c1158f160081d6540a8409e6925dab94\/invoke.js\"><\/script><\/div> <p>Diyelim ki bir randevunuz var ve gelecek y\u0131l i\u00e7in ayn\u0131 tarihi elde etmek i\u00e7in bir y\u0131l eklemek istiyorsunuz. Bu derste, bu amaca y\u00f6nelik bir form\u00fcl olu\u015fturmaya y\u00f6nelik baz\u0131 \u00f6rneklere bakaca\u011f\u0131z.<\/p><h2 id=\"add-a-3-years-in-a-date-in-excel\" class=\"wp-block-heading\"> Excel&#8217;de bir tarihe 3 y\u0131l ekleme<\/h2><p> Burada sizin i\u00e7in daha anla\u015f\u0131l\u0131r olmas\u0131 a\u00e7\u0131s\u0131ndan 1 Ocak 2021 tarihini kullan\u0131yoruz ve bu tarihe \u00fc\u00e7 y\u0131l eklemeniz gerekiyor yani tarih 1 Ocak 2024 olacak. Bunun i\u00e7in EDATE fonksiyonunu kullanaca\u011f\u0131z. <\/p><div class=\"wp-block-image\"><figure class=\"aligncenter size-full is-resized\"><img loading=\"lazy\" decoding=\"async\" class=\"wp-image-63960\" src=\"https:\/\/exceladvisor.org\/wp-content\/uploads\/2023\/08\/1-ajouter-une-date-dans-excel.png\" sizes=\"auto, \" srcset=\"\" alt=\"Excel'e tarih ekleme\" width=\"366\" height=\"269\"><\/figure><\/div><ol type=\"1\"><li> \u00d6ncelikle B1 h\u00fccresinde EDATE i\u015flevine ihtiyac\u0131n\u0131z var.<\/li><li> Bundan sonra, ilk arg\u00fcmanda A1 h\u00fccresine bak\u0131n.<\/li><li> Daha sonra 12 ay\u0131 belirtmek i\u00e7in 12.<\/li><li> \u015eimdi 3 y\u0131l\u0131 belirtmek i\u00e7in 12&#8217;yi 3 ile \u00e7arp\u0131n.<\/li><li> Sonunda kapatma parantezlerini girin ve Enter tu\u015funa bas\u0131n. <\/li><\/ol><div class=\"wp-block-image\"><figure class=\"aligncenter size-full is-resized\"><img loading=\"lazy\" decoding=\"async\" class=\"wp-image-63961\" src=\"https:\/\/exceladvisor.org\/wp-content\/uploads\/2023\/08\/2-fonction-date.png\" sizes=\"auto, \" srcset=\"\" alt=\"d\u00fczenleme i\u015flevi\" width=\"664\" height=\"256\"><\/figure><\/div><pre class=\"wp-block-code\"> <code class=\"language-excel-formula\" lang=\"excel-formula\">=EDATE(A1,12*3)<\/code><\/pre><h2 id=\"add-5-years-in-a-date\" class=\"wp-block-heading\"> Bir tarihe 5 y\u0131l ekleyin<\/h2><p> \u015eimdi benzer \u015fekilde tarihe 5 y\u0131l eklemek isterseniz form\u00fcl \u015fu \u015fekilde g\u00f6r\u00fcnecektir. <\/p><div class=\"wp-block-image\"><figure class=\"aligncenter size-full is-resized\"><img loading=\"lazy\" decoding=\"async\" class=\"wp-image-63962\" src=\"https:\/\/exceladvisor.org\/wp-content\/uploads\/2023\/08\/3-ajouter-5-ans-a-la-date.png\" sizes=\"auto, \" srcset=\"\" alt=\"5 y\u0131ll\u0131k ekleme tarihi\" width=\"658\" height=\"292\"><\/figure><\/div><pre class=\"wp-block-code\"> <code class=\"language-excel-formula\" lang=\"excel-formula\">=EDATE(A1,12*5)<\/code><\/pre><h2 id=\"subtract-10-years-from-a-date\" class=\"wp-block-heading\"> Bir tarihten 10 y\u0131l \u00e7\u0131kar\u0131n<\/h2><p> Ve e\u011fer bir y\u0131l\u0131, diyelim on y\u0131l\u0131 \u00e7\u0131karmak istiyorsan\u0131z, a\u015fa\u011f\u0131daki gibi bir form\u00fcl kullanabilirsiniz. <\/p><div class=\"wp-block-image\"><figure class=\"aligncenter size-full is-resized\"><img loading=\"lazy\" decoding=\"async\" class=\"wp-image-63963\" src=\"https:\/\/exceladvisor.org\/wp-content\/uploads\/2023\/08\/4-soustraire-10-ans-a-partir-de-la-date.png\" sizes=\"auto, \" srcset=\"\" alt=\"\u00e7\u0131karma-10 y\u0131ldan bu yana-tarih\" width=\"681\" height=\"264\"><\/figure><\/div><h2 id=\"other-method-to-add-and-subtract-years-from-a-date\" class=\"wp-block-heading\">Bir tarihe y\u0131l ekleme ve \u00e7\u0131karman\u0131n ba\u015fka bir y\u00f6ntemi<\/h2><p> Ayr\u0131ca bir tarihe y\u0131l eklemek veya bir tarihten y\u0131l \u00e7\u0131karmak i\u00e7in i\u015flevlerin bir kombinasyonunu (Tarih, Y\u0131l, Ay ve G\u00fcn) kullanabilirsiniz. <\/p><div class=\"wp-block-image\"><figure class=\"aligncenter size-full is-resized\"><img loading=\"lazy\" decoding=\"async\" class=\"wp-image-63964\" src=\"https:\/\/exceladvisor.org\/wp-content\/uploads\/2023\/08\/5-ajouter-et-soustraire-des-annees-a-partir-de-la-date.png\" sizes=\"auto, \" srcset=\"\" alt=\"tarihten itibaren y\u0131l ekleme ve \u00e7\u0131karma\" width=\"782\" height=\"349\"><\/figure><\/div><p> Bu form\u00fclde:<\/p><ol type=\"1\"><li> Y\u0131l fonksiyonu tarihten itibaren y\u0131l\u0131 al\u0131r.<\/li><li> Ay i\u015flevi tarihten itibaren bir ay\u0131 al\u0131r ve buna be\u015f y\u0131l (60 ay) ekler.<\/li><li> G\u00fcn fonksiyonu tarihten itibaren bir g\u00fcn s\u00fcrer.<\/li><li> Ve son olarak tarih i\u015flevi, t\u00fcm i\u015flevlerden gelen girdileri kullanarak yeni bir tarih olu\u015fturur.<\/li><\/ol><pre class=\"wp-block-code\"> <code class=\"language-excel-formula\" lang=\"excel-formula\">=DATE(YEAR(A1),(MONTH(A1)+(12*5)),DAY(A1))<\/code><\/pre><p> Ayn\u0131 form\u00fcl\u00fc bir tarihten y\u0131l \u00e7\u0131karmak i\u00e7in de kullanabilirsiniz. <\/p><div class=\"wp-block-image\"><figure class=\"aligncenter size-full is-resized\"><img loading=\"lazy\" decoding=\"async\" class=\"wp-image-63965\" src=\"https:\/\/exceladvisor.org\/wp-content\/uploads\/2023\/08\/6-fromula-pour-ajouter-et-supprimer-des-annees-a-partir-de-la-date.png\" sizes=\"auto, \" srcset=\"\" alt=\"tarihten itibaren-y\u0131llar\u0131-ekleme ve-kald\u0131rma form\u00fcl\u00fc\" width=\"815\" height=\"295\"><\/figure><\/div><pre class=\"wp-block-code\"> <code class=\"language-excel-formula\" lang=\"excel-formula\">=DATE(YEAR(A1),(MONTH(A1)+(-12*5)),DAY(A1))<\/code><\/pre><div class=\"gb-container gb-container-52dfcee1 gb-container-sample-file\"><h2 class=\"gb-headline gb-headline-e289c143 gb-headline-text gb-headline-4f7959c2\"> Excel dosyas\u0131n\u0131 al\u0131n<\/h2><p> <a class=\"gb-button gb-button-e88d6bee gb-button-text gb-button-button1\" href=\"https:\/\/exceladvisor.org\/wp-content\/uploads\/2023\/11\/ajouter-des-annees-a-ce-jour-3.xlsx\" rel=\"nofollow\">\u0130ndirmek<\/a><\/p><\/div><div class=\"gb-container gb-container-0df56012 gb-container-mt\"> <a class=\"gb-button gb-button-f9f432f4 gb-button-text gb-button-mt-button\" href=\"https:\/\/exceladvisor.org\/tr\/formuller\/\">Excel form\u00fcllerinin listesi<\/a><h2 class=\"gb-headline gb-headline-233444e8 gb-headline-text gb-headline-mt-heading\"> \u0130lgili form\u00fcller <\/h2><div class=\"gb-grid-wrapper gb-grid-wrapper-a16fa65c gb-grid-wrapper-mt-grid\"><div class=\"gb-grid-column gb-grid-column-50d07e0d\"><div class=\"gb-container gb-container-50d07e0d\"><ul><li> <a href=\"https:\/\/exceladvisor.org\/tr\/iki-tarih-arasindaki-yillari-say\/\">Excel&#8217;de iki tarih aras\u0131ndaki y\u0131llar\u0131 say\u0131n<\/a><\/li><li> <a href=\"https:\/\/exceladvisor.org\/tr\/yilin-gununun-numarasini-al\/\">Excel&#8217;de y\u0131l\u0131n g\u00fcn say\u0131s\u0131n\u0131 al\u0131n<\/a><\/li><li> <a href=\"https:\/\/exceladvisor.org\/tr\/2-yil-hizmet-al\/\">Excel&#8217;de y\u0131llarca hizmet al\u0131n<\/a><\/li><li> <a href=\"https:\/\/exceladvisor.org\/tr\/tarihler-arasindaki-yillar\/\">Excel&#8217;de tarihler aras\u0131ndaki y\u0131llar<\/a><\/li><li> <a href=\"https:\/\/exceladvisor.org\/tr\/yil-ayi-cikar\/\">Excel&#8217;deki bir tarihten y\u0131l\u0131 veya ay\u0131 \u00e7\u0131kar\u0131n (Al\u0131n)<\/a> <\/li><\/ul><\/div><\/div><div class=\"gb-grid-column gb-grid-column-5b4a0cf9\"><div class=\"gb-container gb-container-5b4a0cf9\"><\/div><\/div><\/div><\/div>","protected":false},"excerpt":{"rendered":"","protected":false},"author":1,"featured_media":0,"parent":0,"menu_order":0,"comment_status":"open","ping_status":"closed","template":"","meta":{"ub_ctt_via":"","footnotes":""},"class_list":["post-1605","page","type-page","status-publish","hentry"],"featured_image_src":null,"yoast_head":"<!-- This site is optimized with the Yoast SEO plugin v25.4 - https:\/\/yoast.com\/wordpress\/plugins\/seo\/ -->\n<title>\u25b7 Excel&#039;de bir tarihe y\u0131l nas\u0131l eklenir?<\/title>\n<meta name=\"description\" content=\"Bu form\u00fcl e\u011fitiminde bir tarihe bir veya daha fazla y\u0131l\u0131n nas\u0131l eklenece\u011fini \u00f6\u011freneceksiniz. Ayr\u0131ca \u015funlar\u0131 yapmay\u0131 da \u00f6\u011freneceksiniz\" \/>\n<meta name=\"robots\" content=\"index, follow, max-snippet:-1, max-image-preview:large, max-video-preview:-1\" \/>\n<link rel=\"canonical\" href=\"https:\/\/exceladvisor.org\/tr\/bugune-yil-ekle\/\" \/>\n<meta property=\"og:locale\" content=\"tr_TR\" \/>\n<meta property=\"og:type\" content=\"article\" \/>\n<meta property=\"og:title\" content=\"\u25b7 Excel&#039;de bir tarihe y\u0131l nas\u0131l eklenir?\" \/>\n<meta property=\"og:description\" content=\"Bu form\u00fcl e\u011fitiminde bir tarihe bir veya daha fazla y\u0131l\u0131n nas\u0131l eklenece\u011fini \u00f6\u011freneceksiniz. Ayr\u0131ca \u015funlar\u0131 yapmay\u0131 da \u00f6\u011freneceksiniz\" \/>\n<meta property=\"og:url\" content=\"https:\/\/exceladvisor.org\/tr\/bugune-yil-ekle\/\" \/>\n<meta property=\"og:site_name\" content=\"Excel Advisor\" \/>\n<meta property=\"article:modified_time\" content=\"2023-12-10T06:00:49+00:00\" \/>\n<meta property=\"og:image\" content=\"https:\/\/exceladvisor.org\/wp-content\/uploads\/2023\/08\/1-ajouter-une-date-dans-excel.png\" \/>\n<meta name=\"twitter:card\" content=\"summary_large_image\" \/>\n<meta name=\"twitter:label1\" content=\"Tahmini okuma s\u00fcresi\" \/>\n\t<meta name=\"twitter:data1\" content=\"2 dakika\" \/>\n<script type=\"application\/ld+json\" class=\"yoast-schema-graph\">{\"@context\":\"https:\/\/schema.org\",\"@graph\":[{\"@type\":\"WebPage\",\"@id\":\"https:\/\/exceladvisor.org\/tr\/bugune-yil-ekle\/\",\"url\":\"https:\/\/exceladvisor.org\/tr\/bugune-yil-ekle\/\",\"name\":\"\u25b7 Excel&#39;de bir tarihe y\u0131l nas\u0131l eklenir?\",\"isPartOf\":{\"@id\":\"https:\/\/exceladvisor.org\/tr\/#website\"},\"primaryImageOfPage\":{\"@id\":\"https:\/\/exceladvisor.org\/tr\/bugune-yil-ekle\/#primaryimage\"},\"image\":{\"@id\":\"https:\/\/exceladvisor.org\/tr\/bugune-yil-ekle\/#primaryimage\"},\"thumbnailUrl\":\"https:\/\/exceladvisor.org\/wp-content\/uploads\/2023\/08\/1-ajouter-une-date-dans-excel.png\",\"datePublished\":\"2023-11-15T12:37:37+00:00\",\"dateModified\":\"2023-12-10T06:00:49+00:00\",\"description\":\"Bu form\u00fcl e\u011fitiminde bir tarihe bir veya daha fazla y\u0131l\u0131n nas\u0131l eklenece\u011fini \u00f6\u011freneceksiniz. Ayr\u0131ca \u015funlar\u0131 yapmay\u0131 da \u00f6\u011freneceksiniz\",\"breadcrumb\":{\"@id\":\"https:\/\/exceladvisor.org\/tr\/bugune-yil-ekle\/#breadcrumb\"},\"inLanguage\":\"tr\",\"potentialAction\":[{\"@type\":\"ReadAction\",\"target\":[\"https:\/\/exceladvisor.org\/tr\/bugune-yil-ekle\/\"]}]},{\"@type\":\"ImageObject\",\"inLanguage\":\"tr\",\"@id\":\"https:\/\/exceladvisor.org\/tr\/bugune-yil-ekle\/#primaryimage\",\"url\":\"https:\/\/exceladvisor.org\/wp-content\/uploads\/2023\/08\/1-ajouter-une-date-dans-excel.png\",\"contentUrl\":\"https:\/\/exceladvisor.org\/wp-content\/uploads\/2023\/08\/1-ajouter-une-date-dans-excel.png\"},{\"@type\":\"BreadcrumbList\",\"@id\":\"https:\/\/exceladvisor.org\/tr\/bugune-yil-ekle\/#breadcrumb\",\"itemListElement\":[{\"@type\":\"ListItem\",\"position\":1,\"name\":\"Ev\",\"item\":\"https:\/\/exceladvisor.org\/tr\/\"},{\"@type\":\"ListItem\",\"position\":2,\"name\":\"Excel&#39;de bir tarihe y\u0131l nas\u0131l eklenir?\"}]},{\"@type\":\"WebSite\",\"@id\":\"https:\/\/exceladvisor.org\/tr\/#website\",\"url\":\"https:\/\/exceladvisor.org\/tr\/\",\"name\":\"Excel Advisor\",\"description\":\"Veri hakimiyetine y\u00f6nelik nihai rehberiniz!\",\"publisher\":{\"@id\":\"https:\/\/exceladvisor.org\/tr\/#organization\"},\"potentialAction\":[{\"@type\":\"SearchAction\",\"target\":{\"@type\":\"EntryPoint\",\"urlTemplate\":\"https:\/\/exceladvisor.org\/tr\/?s={search_term_string}\"},\"query-input\":{\"@type\":\"PropertyValueSpecification\",\"valueRequired\":true,\"valueName\":\"search_term_string\"}}],\"inLanguage\":\"tr\"},{\"@type\":\"Organization\",\"@id\":\"https:\/\/exceladvisor.org\/tr\/#organization\",\"name\":\"Excel Advisor\",\"url\":\"https:\/\/exceladvisor.org\/tr\/\",\"logo\":{\"@type\":\"ImageObject\",\"inLanguage\":\"tr\",\"@id\":\"https:\/\/exceladvisor.org\/tr\/#\/schema\/logo\/image\/\",\"url\":\"https:\/\/exceladvisor.org\/tr\/wp-content\/uploads\/2023\/12\/exceladvisor.org_.png\",\"contentUrl\":\"https:\/\/exceladvisor.org\/tr\/wp-content\/uploads\/2023\/12\/exceladvisor.org_.png\",\"width\":105,\"height\":36,\"caption\":\"Excel Advisor\"},\"image\":{\"@id\":\"https:\/\/exceladvisor.org\/tr\/#\/schema\/logo\/image\/\"}}]}<\/script>\n<!-- \/ Yoast SEO plugin. -->","yoast_head_json":{"title":"\u25b7 Excel&#39;de bir tarihe y\u0131l nas\u0131l eklenir?","description":"Bu form\u00fcl e\u011fitiminde bir tarihe bir veya daha fazla y\u0131l\u0131n nas\u0131l eklenece\u011fini \u00f6\u011freneceksiniz. Ayr\u0131ca \u015funlar\u0131 yapmay\u0131 da \u00f6\u011freneceksiniz","robots":{"index":"index","follow":"follow","max-snippet":"max-snippet:-1","max-image-preview":"max-image-preview:large","max-video-preview":"max-video-preview:-1"},"canonical":"https:\/\/exceladvisor.org\/tr\/bugune-yil-ekle\/","og_locale":"tr_TR","og_type":"article","og_title":"\u25b7 Excel&#39;de bir tarihe y\u0131l nas\u0131l eklenir?","og_description":"Bu form\u00fcl e\u011fitiminde bir tarihe bir veya daha fazla y\u0131l\u0131n nas\u0131l eklenece\u011fini \u00f6\u011freneceksiniz. Ayr\u0131ca \u015funlar\u0131 yapmay\u0131 da \u00f6\u011freneceksiniz","og_url":"https:\/\/exceladvisor.org\/tr\/bugune-yil-ekle\/","og_site_name":"Excel Advisor","article_modified_time":"2023-12-10T06:00:49+00:00","og_image":[{"url":"https:\/\/exceladvisor.org\/wp-content\/uploads\/2023\/08\/1-ajouter-une-date-dans-excel.png","type":"","width":"","height":""}],"twitter_card":"summary_large_image","twitter_misc":{"Tahmini okuma s\u00fcresi":"2 dakika"},"schema":{"@context":"https:\/\/schema.org","@graph":[{"@type":"WebPage","@id":"https:\/\/exceladvisor.org\/tr\/bugune-yil-ekle\/","url":"https:\/\/exceladvisor.org\/tr\/bugune-yil-ekle\/","name":"\u25b7 Excel&#39;de bir tarihe y\u0131l nas\u0131l eklenir?","isPartOf":{"@id":"https:\/\/exceladvisor.org\/tr\/#website"},"primaryImageOfPage":{"@id":"https:\/\/exceladvisor.org\/tr\/bugune-yil-ekle\/#primaryimage"},"image":{"@id":"https:\/\/exceladvisor.org\/tr\/bugune-yil-ekle\/#primaryimage"},"thumbnailUrl":"https:\/\/exceladvisor.org\/wp-content\/uploads\/2023\/08\/1-ajouter-une-date-dans-excel.png","datePublished":"2023-11-15T12:37:37+00:00","dateModified":"2023-12-10T06:00:49+00:00","description":"Bu form\u00fcl e\u011fitiminde bir tarihe bir veya daha fazla y\u0131l\u0131n nas\u0131l eklenece\u011fini \u00f6\u011freneceksiniz. Ayr\u0131ca \u015funlar\u0131 yapmay\u0131 da \u00f6\u011freneceksiniz","breadcrumb":{"@id":"https:\/\/exceladvisor.org\/tr\/bugune-yil-ekle\/#breadcrumb"},"inLanguage":"tr","potentialAction":[{"@type":"ReadAction","target":["https:\/\/exceladvisor.org\/tr\/bugune-yil-ekle\/"]}]},{"@type":"ImageObject","inLanguage":"tr","@id":"https:\/\/exceladvisor.org\/tr\/bugune-yil-ekle\/#primaryimage","url":"https:\/\/exceladvisor.org\/wp-content\/uploads\/2023\/08\/1-ajouter-une-date-dans-excel.png","contentUrl":"https:\/\/exceladvisor.org\/wp-content\/uploads\/2023\/08\/1-ajouter-une-date-dans-excel.png"},{"@type":"BreadcrumbList","@id":"https:\/\/exceladvisor.org\/tr\/bugune-yil-ekle\/#breadcrumb","itemListElement":[{"@type":"ListItem","position":1,"name":"Ev","item":"https:\/\/exceladvisor.org\/tr\/"},{"@type":"ListItem","position":2,"name":"Excel&#39;de bir tarihe y\u0131l nas\u0131l eklenir?"}]},{"@type":"WebSite","@id":"https:\/\/exceladvisor.org\/tr\/#website","url":"https:\/\/exceladvisor.org\/tr\/","name":"Excel Advisor","description":"Veri hakimiyetine y\u00f6nelik nihai rehberiniz!","publisher":{"@id":"https:\/\/exceladvisor.org\/tr\/#organization"},"potentialAction":[{"@type":"SearchAction","target":{"@type":"EntryPoint","urlTemplate":"https:\/\/exceladvisor.org\/tr\/?s={search_term_string}"},"query-input":{"@type":"PropertyValueSpecification","valueRequired":true,"valueName":"search_term_string"}}],"inLanguage":"tr"},{"@type":"Organization","@id":"https:\/\/exceladvisor.org\/tr\/#organization","name":"Excel Advisor","url":"https:\/\/exceladvisor.org\/tr\/","logo":{"@type":"ImageObject","inLanguage":"tr","@id":"https:\/\/exceladvisor.org\/tr\/#\/schema\/logo\/image\/","url":"https:\/\/exceladvisor.org\/tr\/wp-content\/uploads\/2023\/12\/exceladvisor.org_.png","contentUrl":"https:\/\/exceladvisor.org\/tr\/wp-content\/uploads\/2023\/12\/exceladvisor.org_.png","width":105,"height":36,"caption":"Excel Advisor"},"image":{"@id":"https:\/\/exceladvisor.org\/tr\/#\/schema\/logo\/image\/"}}]}},"yoast_meta":{"yoast_wpseo_title":"","yoast_wpseo_metadesc":"","yoast_wpseo_canonical":""},"_links":{"self":[{"href":"https:\/\/exceladvisor.org\/tr\/wp-json\/wp\/v2\/pages\/1605","targetHints":{"allow":["GET"]}}],"collection":[{"href":"https:\/\/exceladvisor.org\/tr\/wp-json\/wp\/v2\/pages"}],"about":[{"href":"https:\/\/exceladvisor.org\/tr\/wp-json\/wp\/v2\/types\/page"}],"author":[{"embeddable":true,"href":"https:\/\/exceladvisor.org\/tr\/wp-json\/wp\/v2\/users\/1"}],"replies":[{"embeddable":true,"href":"https:\/\/exceladvisor.org\/tr\/wp-json\/wp\/v2\/comments?post=1605"}],"version-history":[{"count":1,"href":"https:\/\/exceladvisor.org\/tr\/wp-json\/wp\/v2\/pages\/1605\/revisions"}],"predecessor-version":[{"id":2438,"href":"https:\/\/exceladvisor.org\/tr\/wp-json\/wp\/v2\/pages\/1605\/revisions\/2438"}],"wp:attachment":[{"href":"https:\/\/exceladvisor.org\/tr\/wp-json\/wp\/v2\/media?parent=1605"}],"curies":[{"name":"wp","href":"https:\/\/api.w.org\/{rel}","templated":true}]}}