{"id":1606,"date":"2023-11-15T12:20:42","date_gmt":"2023-11-15T12:20:42","guid":{"rendered":"https:\/\/exceladvisor.org\/tr\/ilk-harfi-buyuk-yap\/"},"modified":"2023-12-10T06:01:13","modified_gmt":"2023-12-10T06:01:13","slug":"ilk-harfi-buyuk-yap","status":"publish","type":"page","link":"https:\/\/exceladvisor.org\/tr\/ilk-harfi-buyuk-yap\/","title":{"rendered":"Excel&#39;de ilk harf nas\u0131l b\u00fcy\u00fck yaz\u0131l\u0131r?"},"content":{"rendered":"<div class=\"excel-icerikten-once\" id=\"excel-1414774202\"><script type=\"text\/javascript\">\r\n\tatOptions = {\r\n\t\t'key' : 'c1158f160081d6540a8409e6925dab94',\r\n\t\t'format' : 'iframe',\r\n\t\t'height' : 250,\r\n\t\t'width' : 300,\r\n\t\t'params' : {}\r\n\t};\r\n<\/script>\r\n<script type=\"text\/javascript\" src=\"\/\/www.highperformanceformat.com\/c1158f160081d6540a8409e6925dab94\/invoke.js\"><\/script><\/div> <p>Diyelim ki bir metin de\u011ferleri listeniz var ve her metnin ilk harfini b\u00fcy\u00fck yapmak istiyorsunuz.<\/p><p> Bu \u015fey basit bir form\u00fcl kullan\u0131larak kolayca yap\u0131labilir. Ve bu derste, bir kelimenin ilk harfini b\u00fcy\u00fck harfe \u00e7eviren bu form\u00fcl\u00fc nas\u0131l yazaca\u011f\u0131m\u0131z\u0131 \u00f6\u011frenece\u011fiz.<\/p><h2 id=\"proper-function-to-capitalize-first-letter\" class=\"wp-block-heading\"> \u0130lk harfi b\u00fcy\u00fck harfe \u00e7evirmek i\u00e7in PROPER i\u015flevi<\/h2><p> A\u015fa\u011f\u0131daki \u00f6rnekte bir ad listeniz var ve bu adlar\u0131n t\u00fcm\u00fc k\u00fc\u00e7\u00fck harflerle yaz\u0131lm\u0131\u015ft\u0131r. \u015eimdi ilk harfi b\u00fcy\u00fck harfe \u00e7evirmeniz gerekiyor. <\/p><div class=\"wp-block-image\"><figure class=\"aligncenter size-full is-resized\"><img loading=\"lazy\" decoding=\"async\" class=\"wp-image-64150\" src=\"https:\/\/exceladvisor.org\/wp-content\/uploads\/2023\/08\/1-premiere-lettre-en-majuscule.png\" sizes=\"auto, \" srcset=\"\" alt=\"b\u00fcy\u00fck harf\" width=\"230\" height=\"299\"><\/figure><\/div><p> \u0130lk harfi b\u00fcy\u00fck harf yapmak i\u00e7in a\u015fa\u011f\u0131daki ad\u0131mlar\u0131 kullan\u0131n.<\/p><ol type=\"1\"><li> B2 h\u00fccresindeki t\u00fcr e\u015fittir.<\/li><li> MET\u0130N i\u015flevini girin ve ba\u015ftaki parantezleri yaz\u0131n.<\/li><li> \u0130lk harfini b\u00fcy\u00fck harfle yazd\u0131\u011f\u0131n\u0131z metninizin bulundu\u011fu A2 h\u00fccresine bak\u0131n.<\/li><li> Sonunda kapatma parantezlerini girin ve sonu\u00e7 i\u00e7in Enter tu\u015funa bas\u0131n. <\/li><\/ol><div class=\"wp-block-image\"><figure class=\"aligncenter size-full is-resized\"><img loading=\"lazy\" decoding=\"async\" class=\"wp-image-64151\" src=\"https:\/\/exceladvisor.org\/wp-content\/uploads\/2023\/08\/2-bon-fonctionnement.png\" sizes=\"auto, \" srcset=\"\" alt=\"kendi i\u015flevi\" width=\"463\" height=\"404\"><\/figure><\/div><h2 id=\"only-capitalize-first-letter-of-the-first-word\" class=\"wp-block-heading\"> \u0130lk kelimenin sadece ilk harfini b\u00fcy\u00fck yap<\/h2><p> \u015eimdi, kelimelerin geri kalan\u0131n\u0131 de\u011fil, yaln\u0131zca ilk kelimenin ilk harfini b\u00fcy\u00fck yazman\u0131z gereken ba\u015fka bir durumu ele alal\u0131m. Bunun i\u00e7in a\u015fa\u011f\u0131daki form\u00fcl\u00fc kullanabilirsiniz. <\/p><pre class=\"wp-block-code\"> <code class=\"language-excel-formula\" lang=\"excel-formula\">=UPPER(LEFT(A2,1))&amp;LOWER(RIGHT(A2,LEN(A2)-1))<\/code><\/pre><div class=\"wp-block-image\"><figure class=\"aligncenter size-full is-resized\"><img loading=\"lazy\" decoding=\"async\" class=\"wp-image-64152\" src=\"https:\/\/exceladvisor.org\/wp-content\/uploads\/2023\/08\/3-ne-mettre-en-majuscule-que-la-premiere-lettre.png\" sizes=\"auto, \" srcset=\"\" alt=\"yaln\u0131zca ilk harfi b\u00fcy\u00fck yap\" width=\"536\" height=\"377\"><\/figure><\/div><p> Bu form\u00fcl\u00fc anlamak i\u00e7in onu iki k\u0131sma ay\u0131rmam\u0131z gerekiyor.<\/p><p> Form\u00fcl\u00fcn ilk k\u0131sm\u0131, metinden ilk harfi \u00e7\u0131kar\u0131p onu b\u00fcy\u00fck harfe d\u00f6n\u00fc\u015ft\u00fcren B\u00dcY\u00dcK ve SOL i\u015flevini kullan\u0131r. <\/p><div class=\"wp-block-image\"><figure class=\"aligncenter size-full is-resized\"><img loading=\"lazy\" decoding=\"async\" class=\"wp-image-64153\" src=\"https:\/\/exceladvisor.org\/wp-content\/uploads\/2023\/08\/4-fonction-superieure.png\" sizes=\"auto, \" srcset=\"\" alt=\"\u00fcst\u00fcn fonksiyon\" width=\"259\" height=\"61\"><\/figure><\/div><p> Form\u00fcl\u00fcn ikinci k\u0131sm\u0131 ise SA\u011e, A\u015eA\u011eI ve SOL i\u015flevlerini kullan\u0131r. Bu i\u015flevler metin b\u00f6l\u00fcm\u00fcn\u00fcn geri kalan\u0131n\u0131 al\u0131r ve bu b\u00f6l\u00fcm\u00fc k\u00fc\u00e7\u00fck harfli metne d\u00f6n\u00fc\u015ft\u00fcr\u00fcr. <\/p><div class=\"wp-block-image\"><figure class=\"aligncenter size-full is-resized\"><img loading=\"lazy\" decoding=\"async\" class=\"wp-image-64154\" src=\"https:\/\/exceladvisor.org\/wp-content\/uploads\/2023\/08\/5-fonction-inferieure.png\" sizes=\"auto, \" srcset=\"\" alt=\"alt fonksiyon\" width=\"392\" height=\"62\"><\/figure><\/div><p> Ancak ilk harfi b\u00fcy\u00fck yap\u0131p geri kalan k\u0131sm\u0131 oldu\u011fu gibi b\u0131rakmak istiyorsan\u0131z yukar\u0131daki form\u00fcl\u00fc de\u011fi\u015ftirebilirsiniz. A\u015fa\u011f\u0131da ne oldu\u011funa bak\u0131n.<\/p><pre class=\"wp-block-code\"> <code class=\"language-excel-formula\" lang=\"excel-formula\">=UPPER(LEFT(A2,1))&amp;RIGHT(A2,LEN(A2)-1)<\/code><\/pre><p> Bu form\u00fcl, metinde ilk kelimenin ilk harfi d\u0131\u015f\u0131nda herhangi bir de\u011fi\u015fiklik yapmayacakt\u0131r. <\/p><div class=\"gb-container gb-container-52dfcee1 gb-container-sample-file\"><h2 class=\"gb-headline gb-headline-e289c143 gb-headline-text gb-headline-4f7959c2\"> Excel dosyas\u0131n\u0131 al\u0131n<\/h2> <a class=\"gb-button gb-button-e88d6bee gb-button-text gb-button-button1\" href=\"https:\/\/exceladvisor.org\/wp-content\/uploads\/2023\/08\/mettre-la-premiere-lettre-en-majuscule-2.xlsx\" rel=\"nofollow\">\u0130ndirmek<\/a><\/div><div class=\"gb-container gb-container-0df56012 gb-container-mt\"> <a class=\"gb-button gb-button-f9f432f4 gb-button-text gb-button-mt-button\" href=\"https:\/\/exceladvisor.org\/tr\/formuller\/\">Excel form\u00fcllerinin listesi<\/a><h2 class=\"gb-headline gb-headline-233444e8 gb-headline-text gb-headline-mt-heading\"> \u0130lgili form\u00fcller <\/h2><div class=\"gb-grid-wrapper gb-grid-wrapper-a16fa65c gb-grid-wrapper-mt-grid\"><div class=\"gb-grid-column gb-grid-column-50d07e0d\"><div class=\"gb-container gb-container-50d07e0d\"><ul><li> <a href=\"https:\/\/exceladvisor.org\/tr\/sutundan-satira\/\">Excel&#8217;de S\u00fctunu Sat\u0131ra De\u011fi\u015ftir (Tersi)<\/a><\/li><li> <a href=\"https:\/\/exceladvisor.org\/tr\/cumle-durumu\/\">Excel&#8217;de C\u00fcmle Durumuna Ge\u00e7<\/a><\/li><li> <a href=\"https:\/\/exceladvisor.org\/tr\/aradaki-adlarin-virgulunu-dondur\/\">Ad\u0131 ve soyad\u0131 d\u00f6nd\u00fcr\u00fcn ve aras\u0131na virg\u00fcl ekleyin<\/a><\/li><li> <a href=\"https:\/\/exceladvisor.org\/tr\/metin-durumunu-degistir\/\">Metnin b\u00fcy\u00fck\/k\u00fc\u00e7\u00fck harflerini de\u011fi\u015ftirin (b\u00fcy\u00fck harf, k\u00fc\u00e7\u00fck harf, uygun)<\/a> <\/li><\/ul><\/div><\/div><div class=\"gb-grid-column gb-grid-column-5b4a0cf9\"><div class=\"gb-container gb-container-5b4a0cf9\"><\/div><\/div><\/div><\/div>","protected":false},"excerpt":{"rendered":"","protected":false},"author":1,"featured_media":0,"parent":0,"menu_order":0,"comment_status":"open","ping_status":"closed","template":"","meta":{"ub_ctt_via":"","footnotes":""},"class_list":["post-1606","page","type-page","status-publish","hentry"],"featured_image_src":null,"yoast_head":"<!-- This site is optimized with the Yoast SEO plugin v25.4 - https:\/\/yoast.com\/wordpress\/plugins\/seo\/ -->\n<title>Excel&#039;de ilk harf nas\u0131l b\u00fcy\u00fck yaz\u0131l\u0131r?<\/title>\n<meta name=\"description\" content=\"Bu form\u00fcl e\u011fitiminde, i\u015flevlerin bir kombinasyonunu kullanarak bir h\u00fccredeki metnin ilk harfini nas\u0131l b\u00fcy\u00fck harfe d\u00f6n\u00fc\u015ft\u00fcrece\u011finizi \u00f6\u011freneceksiniz.\" \/>\n<meta name=\"robots\" content=\"index, follow, max-snippet:-1, max-image-preview:large, max-video-preview:-1\" \/>\n<link rel=\"canonical\" href=\"https:\/\/exceladvisor.org\/tr\/ilk-harfi-buyuk-yap\/\" \/>\n<meta property=\"og:locale\" content=\"tr_TR\" \/>\n<meta property=\"og:type\" content=\"article\" \/>\n<meta property=\"og:title\" content=\"Excel&#039;de ilk harf nas\u0131l b\u00fcy\u00fck yaz\u0131l\u0131r?\" \/>\n<meta property=\"og:description\" content=\"Bu form\u00fcl e\u011fitiminde, i\u015flevlerin bir kombinasyonunu kullanarak bir h\u00fccredeki metnin ilk harfini nas\u0131l b\u00fcy\u00fck harfe d\u00f6n\u00fc\u015ft\u00fcrece\u011finizi \u00f6\u011freneceksiniz.\" \/>\n<meta property=\"og:url\" content=\"https:\/\/exceladvisor.org\/tr\/ilk-harfi-buyuk-yap\/\" \/>\n<meta property=\"og:site_name\" content=\"Excel Advisor\" \/>\n<meta property=\"article:modified_time\" content=\"2023-12-10T06:01:13+00:00\" \/>\n<meta property=\"og:image\" content=\"https:\/\/exceladvisor.org\/wp-content\/uploads\/2023\/08\/1-premiere-lettre-en-majuscule.png\" \/>\n<meta name=\"twitter:card\" content=\"summary_large_image\" \/>\n<meta name=\"twitter:label1\" content=\"Tahmini okuma s\u00fcresi\" \/>\n\t<meta name=\"twitter:data1\" content=\"2 dakika\" \/>\n<script type=\"application\/ld+json\" class=\"yoast-schema-graph\">{\"@context\":\"https:\/\/schema.org\",\"@graph\":[{\"@type\":\"WebPage\",\"@id\":\"https:\/\/exceladvisor.org\/tr\/ilk-harfi-buyuk-yap\/\",\"url\":\"https:\/\/exceladvisor.org\/tr\/ilk-harfi-buyuk-yap\/\",\"name\":\"Excel&#39;de ilk harf nas\u0131l b\u00fcy\u00fck yaz\u0131l\u0131r?\",\"isPartOf\":{\"@id\":\"https:\/\/exceladvisor.org\/tr\/#website\"},\"primaryImageOfPage\":{\"@id\":\"https:\/\/exceladvisor.org\/tr\/ilk-harfi-buyuk-yap\/#primaryimage\"},\"image\":{\"@id\":\"https:\/\/exceladvisor.org\/tr\/ilk-harfi-buyuk-yap\/#primaryimage\"},\"thumbnailUrl\":\"https:\/\/exceladvisor.org\/wp-content\/uploads\/2023\/08\/1-premiere-lettre-en-majuscule.png\",\"datePublished\":\"2023-11-15T12:20:42+00:00\",\"dateModified\":\"2023-12-10T06:01:13+00:00\",\"description\":\"Bu form\u00fcl e\u011fitiminde, i\u015flevlerin bir kombinasyonunu kullanarak bir h\u00fccredeki metnin ilk harfini nas\u0131l b\u00fcy\u00fck harfe d\u00f6n\u00fc\u015ft\u00fcrece\u011finizi \u00f6\u011freneceksiniz.\",\"breadcrumb\":{\"@id\":\"https:\/\/exceladvisor.org\/tr\/ilk-harfi-buyuk-yap\/#breadcrumb\"},\"inLanguage\":\"tr\",\"potentialAction\":[{\"@type\":\"ReadAction\",\"target\":[\"https:\/\/exceladvisor.org\/tr\/ilk-harfi-buyuk-yap\/\"]}]},{\"@type\":\"ImageObject\",\"inLanguage\":\"tr\",\"@id\":\"https:\/\/exceladvisor.org\/tr\/ilk-harfi-buyuk-yap\/#primaryimage\",\"url\":\"https:\/\/exceladvisor.org\/wp-content\/uploads\/2023\/08\/1-premiere-lettre-en-majuscule.png\",\"contentUrl\":\"https:\/\/exceladvisor.org\/wp-content\/uploads\/2023\/08\/1-premiere-lettre-en-majuscule.png\"},{\"@type\":\"BreadcrumbList\",\"@id\":\"https:\/\/exceladvisor.org\/tr\/ilk-harfi-buyuk-yap\/#breadcrumb\",\"itemListElement\":[{\"@type\":\"ListItem\",\"position\":1,\"name\":\"Ev\",\"item\":\"https:\/\/exceladvisor.org\/tr\/\"},{\"@type\":\"ListItem\",\"position\":2,\"name\":\"Excel&#39;de ilk harf nas\u0131l b\u00fcy\u00fck yaz\u0131l\u0131r?\"}]},{\"@type\":\"WebSite\",\"@id\":\"https:\/\/exceladvisor.org\/tr\/#website\",\"url\":\"https:\/\/exceladvisor.org\/tr\/\",\"name\":\"Excel Advisor\",\"description\":\"Veri hakimiyetine y\u00f6nelik nihai rehberiniz!\",\"publisher\":{\"@id\":\"https:\/\/exceladvisor.org\/tr\/#organization\"},\"potentialAction\":[{\"@type\":\"SearchAction\",\"target\":{\"@type\":\"EntryPoint\",\"urlTemplate\":\"https:\/\/exceladvisor.org\/tr\/?s={search_term_string}\"},\"query-input\":{\"@type\":\"PropertyValueSpecification\",\"valueRequired\":true,\"valueName\":\"search_term_string\"}}],\"inLanguage\":\"tr\"},{\"@type\":\"Organization\",\"@id\":\"https:\/\/exceladvisor.org\/tr\/#organization\",\"name\":\"Excel Advisor\",\"url\":\"https:\/\/exceladvisor.org\/tr\/\",\"logo\":{\"@type\":\"ImageObject\",\"inLanguage\":\"tr\",\"@id\":\"https:\/\/exceladvisor.org\/tr\/#\/schema\/logo\/image\/\",\"url\":\"https:\/\/exceladvisor.org\/tr\/wp-content\/uploads\/2023\/12\/exceladvisor.org_.png\",\"contentUrl\":\"https:\/\/exceladvisor.org\/tr\/wp-content\/uploads\/2023\/12\/exceladvisor.org_.png\",\"width\":105,\"height\":36,\"caption\":\"Excel Advisor\"},\"image\":{\"@id\":\"https:\/\/exceladvisor.org\/tr\/#\/schema\/logo\/image\/\"}}]}<\/script>\n<!-- \/ Yoast SEO plugin. -->","yoast_head_json":{"title":"Excel&#39;de ilk harf nas\u0131l b\u00fcy\u00fck yaz\u0131l\u0131r?","description":"Bu form\u00fcl e\u011fitiminde, i\u015flevlerin bir kombinasyonunu kullanarak bir h\u00fccredeki metnin ilk harfini nas\u0131l b\u00fcy\u00fck harfe d\u00f6n\u00fc\u015ft\u00fcrece\u011finizi \u00f6\u011freneceksiniz.","robots":{"index":"index","follow":"follow","max-snippet":"max-snippet:-1","max-image-preview":"max-image-preview:large","max-video-preview":"max-video-preview:-1"},"canonical":"https:\/\/exceladvisor.org\/tr\/ilk-harfi-buyuk-yap\/","og_locale":"tr_TR","og_type":"article","og_title":"Excel&#39;de ilk harf nas\u0131l b\u00fcy\u00fck yaz\u0131l\u0131r?","og_description":"Bu form\u00fcl e\u011fitiminde, i\u015flevlerin bir kombinasyonunu kullanarak bir h\u00fccredeki metnin ilk harfini nas\u0131l b\u00fcy\u00fck harfe d\u00f6n\u00fc\u015ft\u00fcrece\u011finizi \u00f6\u011freneceksiniz.","og_url":"https:\/\/exceladvisor.org\/tr\/ilk-harfi-buyuk-yap\/","og_site_name":"Excel Advisor","article_modified_time":"2023-12-10T06:01:13+00:00","og_image":[{"url":"https:\/\/exceladvisor.org\/wp-content\/uploads\/2023\/08\/1-premiere-lettre-en-majuscule.png","type":"","width":"","height":""}],"twitter_card":"summary_large_image","twitter_misc":{"Tahmini okuma s\u00fcresi":"2 dakika"},"schema":{"@context":"https:\/\/schema.org","@graph":[{"@type":"WebPage","@id":"https:\/\/exceladvisor.org\/tr\/ilk-harfi-buyuk-yap\/","url":"https:\/\/exceladvisor.org\/tr\/ilk-harfi-buyuk-yap\/","name":"Excel&#39;de ilk harf nas\u0131l b\u00fcy\u00fck yaz\u0131l\u0131r?","isPartOf":{"@id":"https:\/\/exceladvisor.org\/tr\/#website"},"primaryImageOfPage":{"@id":"https:\/\/exceladvisor.org\/tr\/ilk-harfi-buyuk-yap\/#primaryimage"},"image":{"@id":"https:\/\/exceladvisor.org\/tr\/ilk-harfi-buyuk-yap\/#primaryimage"},"thumbnailUrl":"https:\/\/exceladvisor.org\/wp-content\/uploads\/2023\/08\/1-premiere-lettre-en-majuscule.png","datePublished":"2023-11-15T12:20:42+00:00","dateModified":"2023-12-10T06:01:13+00:00","description":"Bu form\u00fcl e\u011fitiminde, i\u015flevlerin bir kombinasyonunu kullanarak bir h\u00fccredeki metnin ilk harfini nas\u0131l b\u00fcy\u00fck harfe d\u00f6n\u00fc\u015ft\u00fcrece\u011finizi \u00f6\u011freneceksiniz.","breadcrumb":{"@id":"https:\/\/exceladvisor.org\/tr\/ilk-harfi-buyuk-yap\/#breadcrumb"},"inLanguage":"tr","potentialAction":[{"@type":"ReadAction","target":["https:\/\/exceladvisor.org\/tr\/ilk-harfi-buyuk-yap\/"]}]},{"@type":"ImageObject","inLanguage":"tr","@id":"https:\/\/exceladvisor.org\/tr\/ilk-harfi-buyuk-yap\/#primaryimage","url":"https:\/\/exceladvisor.org\/wp-content\/uploads\/2023\/08\/1-premiere-lettre-en-majuscule.png","contentUrl":"https:\/\/exceladvisor.org\/wp-content\/uploads\/2023\/08\/1-premiere-lettre-en-majuscule.png"},{"@type":"BreadcrumbList","@id":"https:\/\/exceladvisor.org\/tr\/ilk-harfi-buyuk-yap\/#breadcrumb","itemListElement":[{"@type":"ListItem","position":1,"name":"Ev","item":"https:\/\/exceladvisor.org\/tr\/"},{"@type":"ListItem","position":2,"name":"Excel&#39;de ilk harf nas\u0131l b\u00fcy\u00fck yaz\u0131l\u0131r?"}]},{"@type":"WebSite","@id":"https:\/\/exceladvisor.org\/tr\/#website","url":"https:\/\/exceladvisor.org\/tr\/","name":"Excel Advisor","description":"Veri hakimiyetine y\u00f6nelik nihai rehberiniz!","publisher":{"@id":"https:\/\/exceladvisor.org\/tr\/#organization"},"potentialAction":[{"@type":"SearchAction","target":{"@type":"EntryPoint","urlTemplate":"https:\/\/exceladvisor.org\/tr\/?s={search_term_string}"},"query-input":{"@type":"PropertyValueSpecification","valueRequired":true,"valueName":"search_term_string"}}],"inLanguage":"tr"},{"@type":"Organization","@id":"https:\/\/exceladvisor.org\/tr\/#organization","name":"Excel Advisor","url":"https:\/\/exceladvisor.org\/tr\/","logo":{"@type":"ImageObject","inLanguage":"tr","@id":"https:\/\/exceladvisor.org\/tr\/#\/schema\/logo\/image\/","url":"https:\/\/exceladvisor.org\/tr\/wp-content\/uploads\/2023\/12\/exceladvisor.org_.png","contentUrl":"https:\/\/exceladvisor.org\/tr\/wp-content\/uploads\/2023\/12\/exceladvisor.org_.png","width":105,"height":36,"caption":"Excel Advisor"},"image":{"@id":"https:\/\/exceladvisor.org\/tr\/#\/schema\/logo\/image\/"}}]}},"yoast_meta":{"yoast_wpseo_title":"","yoast_wpseo_metadesc":"","yoast_wpseo_canonical":""},"_links":{"self":[{"href":"https:\/\/exceladvisor.org\/tr\/wp-json\/wp\/v2\/pages\/1606","targetHints":{"allow":["GET"]}}],"collection":[{"href":"https:\/\/exceladvisor.org\/tr\/wp-json\/wp\/v2\/pages"}],"about":[{"href":"https:\/\/exceladvisor.org\/tr\/wp-json\/wp\/v2\/types\/page"}],"author":[{"embeddable":true,"href":"https:\/\/exceladvisor.org\/tr\/wp-json\/wp\/v2\/users\/1"}],"replies":[{"embeddable":true,"href":"https:\/\/exceladvisor.org\/tr\/wp-json\/wp\/v2\/comments?post=1606"}],"version-history":[{"count":1,"href":"https:\/\/exceladvisor.org\/tr\/wp-json\/wp\/v2\/pages\/1606\/revisions"}],"predecessor-version":[{"id":2489,"href":"https:\/\/exceladvisor.org\/tr\/wp-json\/wp\/v2\/pages\/1606\/revisions\/2489"}],"wp:attachment":[{"href":"https:\/\/exceladvisor.org\/tr\/wp-json\/wp\/v2\/media?parent=1606"}],"curies":[{"name":"wp","href":"https:\/\/api.w.org\/{rel}","templated":true}]}}