{"id":1607,"date":"2023-11-15T12:06:15","date_gmt":"2023-11-15T12:06:15","guid":{"rendered":"https:\/\/exceladvisor.org\/tr\/haftanin-tarihini-ekle\/"},"modified":"2023-12-10T05:59:05","modified_gmt":"2023-12-10T05:59:05","slug":"haftanin-tarihini-ekle","status":"publish","type":"page","link":"https:\/\/exceladvisor.org\/tr\/haftanin-tarihini-ekle\/","title":{"rendered":"Bir tarihten bir hafta nas\u0131l eklenir\/\u00e7\u0131kar\u0131l\u0131r?"},"content":{"rendered":"<div class=\"excel-icerikten-once\" id=\"excel-893363317\"><script type=\"text\/javascript\">\r\n\tatOptions = {\r\n\t\t'key' : 'c1158f160081d6540a8409e6925dab94',\r\n\t\t'format' : 'iframe',\r\n\t\t'height' : 250,\r\n\t\t'width' : 300,\r\n\t\t'params' : {}\r\n\t};\r\n<\/script>\r\n<script type=\"text\/javascript\" src=\"\/\/www.highperformanceformat.com\/c1158f160081d6540a8409e6925dab94\/invoke.js\"><\/script><\/div> <p>Excel&#8217;e tarih eklemek veya \u00e7\u0131karmak i\u00e7in kullanabilece\u011finiz basit bir aritmetik y\u00f6ntem vard\u0131r. Ancak bunun d\u0131\u015f\u0131nda kullanabilece\u011finiz birka\u00e7 yol daha var. Bu dersimizde t\u00fcm bu y\u00f6ntemlere tek tek bakaca\u011f\u0131z.<\/p><h2 id=\"add-a-week-in-a-date\" class=\"wp-block-heading\"> Bir tarihe bir hafta ekleme<\/h2><p> A\u015fa\u011f\u0131daki \u00f6rnekte A1 h\u00fccresinde bir tarihiniz var ve art\u0131k tarihe bir hafta eklemeniz gerekiyor. <\/p><div class=\"wp-block-image\"><figure class=\"aligncenter size-full is-resized\"><img loading=\"lazy\" decoding=\"async\" class=\"wp-image-64159\" src=\"https:\/\/exceladvisor.org\/wp-content\/uploads\/2023\/08\/1-ajouter-une-semaine-dans-une-date.png\" sizes=\"auto, \" srcset=\"\" alt=\"tarihe bir hafta eklemek\" width=\"414\" height=\"271\"><\/figure><\/div><ol type=\"1\"><li> \u00d6ncelikle B1 h\u00fccresine \u201c=\u201d girin.<\/li><li> Ard\u0131ndan, tarihin bulundu\u011fu h\u00fccreye bak\u0131n.<\/li><li> \u015eimdi eklemek i\u00e7in \u201c+\u201d girin.<\/li><li> Tarihe tek bir hafta eklemek i\u00e7in sonuna 7 girin. <\/li><\/ol><div class=\"wp-block-image\"><figure class=\"aligncenter size-full is-resized\"><img loading=\"lazy\" decoding=\"async\" class=\"wp-image-64160\" src=\"https:\/\/exceladvisor.org\/wp-content\/uploads\/2023\/08\/2-semaine-et-date-dans-une-colonne.png\" sizes=\"auto, \" srcset=\"\" alt=\"bir s\u00fctunda hafta sonu ve tarih\" width=\"507\" height=\"286\"><\/figure><\/div><p> G\u00f6rd\u00fc\u011f\u00fcn\u00fcz gibi verilere yedi g\u00fcn ekledi\u011finizde <sup>1<\/sup> Aral\u0131k&#8217;tan tam bir hafta sonra 8 <sup>Aral\u0131k&#8217;\u0131<\/sup> elde edersiniz. Art\u0131k bir tarihe bir haftadan fazla s\u00fcre eklemek istiyorsan\u0131z 7&#8217;yi bu say\u0131yla \u00e7arpabilirsiniz. . <\/p><div class=\"wp-block-image\"><figure class=\"aligncenter size-full is-resized\"><img loading=\"lazy\" decoding=\"async\" class=\"wp-image-64161\" src=\"https:\/\/exceladvisor.org\/wp-content\/uploads\/2023\/08\/3-ajouter-des-nombres-dans-la-date-de-la-semaine.png\" sizes=\"auto, \" srcset=\"\" alt=\"hafta tarihine say\u0131 ekle\" width=\"520\" height=\"249\"><\/figure><\/div><p> Yukar\u0131daki \u00f6rnekte, 3 haftaya e\u015fit olan 21 g\u00fcn\u00fc eklemek i\u00e7in (7*3) \u00e7arp\u0131yorsunuz.<\/p><h2 id=\"subtract-week-from-a-data\" class=\"wp-block-heading\"> Verilerden bir hafta \u00e7\u0131kar\u0131n<\/h2><p> Tamamen ayn\u0131 y\u00f6ntemi kullanarak, bir tarihten bir veya daha fazla haftay\u0131 da \u00e7\u0131karabilirsiniz. Toplama yerine \u00e7\u0131karma kullanmal\u0131s\u0131n\u0131z. <\/p><div class=\"wp-block-image\"><figure class=\"aligncenter size-full is-resized\"><img loading=\"lazy\" decoding=\"async\" class=\"wp-image-64162\" src=\"https:\/\/exceladvisor.org\/wp-content\/uploads\/2023\/08\/4-soustraire-une-semaine-a-une-date.png\" sizes=\"auto, \" srcset=\"\" alt=\"bir tarihten-hafta-\u00e7\u0131karma\" width=\"517\" height=\"286\"><\/figure><\/div><p> Ve e\u011fer bir tarihten bir haftadan daha fazlas\u0131n\u0131 \u00e7\u0131karmak istiyorsan\u0131z, bu say\u0131y\u0131 7 ile \u00e7arpabilirsiniz. <\/p><div class=\"wp-block-image\"><figure class=\"aligncenter size-full is-resized\"><img loading=\"lazy\" decoding=\"async\" class=\"wp-image-64163\" src=\"https:\/\/exceladvisor.org\/wp-content\/uploads\/2023\/08\/5-soustraire-une-semaine-de-la-date-de-la-semaine.png\" sizes=\"auto, \" srcset=\"\" alt=\"haftan\u0131n-tarihinden-bir-hafta-\u00e7\u0131kar\" width=\"536\" height=\"276\"><\/figure><\/div><h2 id=\"other-methods-sum-function\" class=\"wp-block-heading\"> Di\u011fer y\u00f6ntemler (TOPLA i\u015flevi)<\/h2><p> Bir tarihe hafta eklemek veya tarihten hafta \u00e7\u0131karmak i\u00e7in kullanabilece\u011finiz ba\u015fka bir y\u00f6ntem daha vard\u0131r. Toplama veya \u00e7\u0131karma i\u015fleci kullanmak yerine toplam i\u015flevini kullanabilirsiniz.<\/p><p> A\u015fa\u011f\u0131daki \u00f6rnekte, ilk arg\u00fcman\u0131n tarih oldu\u011fu ve ikinci arg\u00fcmanda tarihe bir hafta eklemek i\u00e7in 7&#8217;nin oldu\u011fu toplam i\u015flevine sahipsiniz. <\/p><pre class=\"wp-block-code\"> <code class=\"language-excel-formula\" lang=\"excel-formula\">=SUM(A1,7)<\/code><\/pre><div class=\"wp-block-image\"><figure class=\"aligncenter size-full is-resized\"><img loading=\"lazy\" decoding=\"async\" class=\"wp-image-64164\" src=\"https:\/\/exceladvisor.org\/wp-content\/uploads\/2023\/08\/6-fonction-de-somme-ajouter-supprimer-la-date-de-la-semaine.png\" sizes=\"auto, \" srcset=\"\" alt=\"toplam-i\u015flev-ekleme-silme-hafta-tarihi\" width=\"531\" height=\"293\"><\/figure><\/div><p> Ve bu birka\u00e7 haftad\u0131r. <\/p><pre class=\"wp-block-code\"> <code class=\"language-excel-formula\" lang=\"excel-formula\">=SUM(A1,7*3)<\/code><\/pre><div class=\"wp-block-image\"><figure class=\"aligncenter size-full is-resized\"><img loading=\"lazy\" decoding=\"async\" class=\"wp-image-64165\" src=\"https:\/\/exceladvisor.org\/wp-content\/uploads\/2023\/08\/7-ajouter-plusieurs-semaines-dans-la-date-de-la-semaine.png\" sizes=\"auto, \" srcset=\"\" alt=\"hafta i\u00e7i-birden fazla-hafta-tarihi ekleme\" width=\"549\" height=\"261\"><\/figure><\/div><div class=\"gb-container gb-container-52dfcee1 gb-container-sample-file\"><h2 class=\"gb-headline gb-headline-e289c143 gb-headline-text gb-headline-4f7959c2\"> Excel dosyas\u0131n\u0131 al\u0131n<\/h2><p> <a class=\"gb-button gb-button-e88d6bee gb-button-text gb-button-button1\" href=\"https:\/\/exceladvisor.org\/wp-content\/uploads\/2023\/11\/ajouter-une-semaine-a-une-date-2.xlsx\" rel=\"nofollow\">\u0130ndirmek<\/a><\/p><\/div><div class=\"gb-container gb-container-0df56012 gb-container-mt\"> <a class=\"gb-button gb-button-f9f432f4 gb-button-text gb-button-mt-button\" href=\"https:\/\/exceladvisor.org\/tr\/formuller\/\">Excel form\u00fcllerinin listesi<\/a><h2 class=\"gb-headline gb-headline-233444e8 gb-headline-text gb-headline-mt-heading\"> \u0130lgili form\u00fcller <\/h2><div class=\"gb-grid-wrapper gb-grid-wrapper-a16fa65c gb-grid-wrapper-mt-grid\"><div class=\"gb-grid-column gb-grid-column-50d07e0d\"><div class=\"gb-container gb-container-50d07e0d\"><ul><li> <a href=\"https:\/\/exceladvisor.org\/tr\/gunun-adini-ogren\/\">Excel&#8217;deki bir tarihten g\u00fcn\u00fcn ad\u0131n\u0131 al\u0131n<\/a><\/li><li> <a href=\"https:\/\/exceladvisor.org\/tr\/ayin-gunleri\/\">Excel&#8217;de aylar\u0131n toplam g\u00fcn say\u0131s\u0131n\u0131 al\u0131n<\/a><\/li><li> <a href=\"https:\/\/exceladvisor.org\/tr\/ay-is-gunu\/\">Bir ayda i\u015f g\u00fcn\u00fc<\/a><\/li><li> <a href=\"https:\/\/exceladvisor.org\/tr\/metin-tarihi-2\/\">Tarihi metne d\u00f6n\u00fc\u015ft\u00fcr<\/a> <\/li><\/ul><\/div><\/div><div class=\"gb-grid-column gb-grid-column-5b4a0cf9\"><div class=\"gb-container gb-container-5b4a0cf9\"><\/div><\/div><\/div><\/div>","protected":false},"excerpt":{"rendered":"","protected":false},"author":1,"featured_media":0,"parent":0,"menu_order":0,"comment_status":"open","ping_status":"closed","template":"","meta":{"ub_ctt_via":"","footnotes":""},"class_list":["post-1607","page","type-page","status-publish","hentry"],"featured_image_src":null,"yoast_head":"<!-- This site is optimized with the Yoast SEO plugin v25.4 - https:\/\/yoast.com\/wordpress\/plugins\/seo\/ -->\n<title>\u25b7 Bir tarihe hafta nas\u0131l eklenir\/\u00e7\u0131kar\u0131l\u0131r?<\/title>\n<meta name=\"description\" content=\"Bu form\u00fcl e\u011fitiminde bir tarihe bir veya daha fazla haftan\u0131n nas\u0131l eklenece\u011fini \u00f6\u011freneceksiniz. Ayr\u0131ca \u00e7\u0131karma yapmay\u0131 da \u00f6\u011freneceksiniz\" \/>\n<meta name=\"robots\" content=\"index, follow, max-snippet:-1, max-image-preview:large, max-video-preview:-1\" \/>\n<link rel=\"canonical\" href=\"https:\/\/exceladvisor.org\/tr\/haftanin-tarihini-ekle\/\" \/>\n<meta property=\"og:locale\" content=\"tr_TR\" \/>\n<meta property=\"og:type\" content=\"article\" \/>\n<meta property=\"og:title\" content=\"\u25b7 Bir tarihe hafta nas\u0131l eklenir\/\u00e7\u0131kar\u0131l\u0131r?\" \/>\n<meta property=\"og:description\" content=\"Bu form\u00fcl e\u011fitiminde bir tarihe bir veya daha fazla haftan\u0131n nas\u0131l eklenece\u011fini \u00f6\u011freneceksiniz. Ayr\u0131ca \u00e7\u0131karma yapmay\u0131 da \u00f6\u011freneceksiniz\" \/>\n<meta property=\"og:url\" content=\"https:\/\/exceladvisor.org\/tr\/haftanin-tarihini-ekle\/\" \/>\n<meta property=\"og:site_name\" content=\"Excel Advisor\" \/>\n<meta property=\"article:modified_time\" content=\"2023-12-10T05:59:05+00:00\" \/>\n<meta property=\"og:image\" content=\"https:\/\/exceladvisor.org\/wp-content\/uploads\/2023\/08\/1-ajouter-une-semaine-dans-une-date.png\" \/>\n<meta name=\"twitter:card\" content=\"summary_large_image\" \/>\n<meta name=\"twitter:label1\" content=\"Tahmini okuma s\u00fcresi\" \/>\n\t<meta name=\"twitter:data1\" content=\"2 dakika\" \/>\n<script type=\"application\/ld+json\" class=\"yoast-schema-graph\">{\"@context\":\"https:\/\/schema.org\",\"@graph\":[{\"@type\":\"WebPage\",\"@id\":\"https:\/\/exceladvisor.org\/tr\/haftanin-tarihini-ekle\/\",\"url\":\"https:\/\/exceladvisor.org\/tr\/haftanin-tarihini-ekle\/\",\"name\":\"\u25b7 Bir tarihe hafta nas\u0131l eklenir\/\u00e7\u0131kar\u0131l\u0131r?\",\"isPartOf\":{\"@id\":\"https:\/\/exceladvisor.org\/tr\/#website\"},\"primaryImageOfPage\":{\"@id\":\"https:\/\/exceladvisor.org\/tr\/haftanin-tarihini-ekle\/#primaryimage\"},\"image\":{\"@id\":\"https:\/\/exceladvisor.org\/tr\/haftanin-tarihini-ekle\/#primaryimage\"},\"thumbnailUrl\":\"https:\/\/exceladvisor.org\/wp-content\/uploads\/2023\/08\/1-ajouter-une-semaine-dans-une-date.png\",\"datePublished\":\"2023-11-15T12:06:15+00:00\",\"dateModified\":\"2023-12-10T05:59:05+00:00\",\"description\":\"Bu form\u00fcl e\u011fitiminde bir tarihe bir veya daha fazla haftan\u0131n nas\u0131l eklenece\u011fini \u00f6\u011freneceksiniz. Ayr\u0131ca \u00e7\u0131karma yapmay\u0131 da \u00f6\u011freneceksiniz\",\"breadcrumb\":{\"@id\":\"https:\/\/exceladvisor.org\/tr\/haftanin-tarihini-ekle\/#breadcrumb\"},\"inLanguage\":\"tr\",\"potentialAction\":[{\"@type\":\"ReadAction\",\"target\":[\"https:\/\/exceladvisor.org\/tr\/haftanin-tarihini-ekle\/\"]}]},{\"@type\":\"ImageObject\",\"inLanguage\":\"tr\",\"@id\":\"https:\/\/exceladvisor.org\/tr\/haftanin-tarihini-ekle\/#primaryimage\",\"url\":\"https:\/\/exceladvisor.org\/wp-content\/uploads\/2023\/08\/1-ajouter-une-semaine-dans-une-date.png\",\"contentUrl\":\"https:\/\/exceladvisor.org\/wp-content\/uploads\/2023\/08\/1-ajouter-une-semaine-dans-une-date.png\"},{\"@type\":\"BreadcrumbList\",\"@id\":\"https:\/\/exceladvisor.org\/tr\/haftanin-tarihini-ekle\/#breadcrumb\",\"itemListElement\":[{\"@type\":\"ListItem\",\"position\":1,\"name\":\"Ev\",\"item\":\"https:\/\/exceladvisor.org\/tr\/\"},{\"@type\":\"ListItem\",\"position\":2,\"name\":\"Bir tarihten bir hafta nas\u0131l eklenir\/\u00e7\u0131kar\u0131l\u0131r?\"}]},{\"@type\":\"WebSite\",\"@id\":\"https:\/\/exceladvisor.org\/tr\/#website\",\"url\":\"https:\/\/exceladvisor.org\/tr\/\",\"name\":\"Excel Advisor\",\"description\":\"Veri hakimiyetine y\u00f6nelik nihai rehberiniz!\",\"publisher\":{\"@id\":\"https:\/\/exceladvisor.org\/tr\/#organization\"},\"potentialAction\":[{\"@type\":\"SearchAction\",\"target\":{\"@type\":\"EntryPoint\",\"urlTemplate\":\"https:\/\/exceladvisor.org\/tr\/?s={search_term_string}\"},\"query-input\":{\"@type\":\"PropertyValueSpecification\",\"valueRequired\":true,\"valueName\":\"search_term_string\"}}],\"inLanguage\":\"tr\"},{\"@type\":\"Organization\",\"@id\":\"https:\/\/exceladvisor.org\/tr\/#organization\",\"name\":\"Excel Advisor\",\"url\":\"https:\/\/exceladvisor.org\/tr\/\",\"logo\":{\"@type\":\"ImageObject\",\"inLanguage\":\"tr\",\"@id\":\"https:\/\/exceladvisor.org\/tr\/#\/schema\/logo\/image\/\",\"url\":\"https:\/\/exceladvisor.org\/tr\/wp-content\/uploads\/2023\/12\/exceladvisor.org_.png\",\"contentUrl\":\"https:\/\/exceladvisor.org\/tr\/wp-content\/uploads\/2023\/12\/exceladvisor.org_.png\",\"width\":105,\"height\":36,\"caption\":\"Excel Advisor\"},\"image\":{\"@id\":\"https:\/\/exceladvisor.org\/tr\/#\/schema\/logo\/image\/\"}}]}<\/script>\n<!-- \/ Yoast SEO plugin. -->","yoast_head_json":{"title":"\u25b7 Bir tarihe hafta nas\u0131l eklenir\/\u00e7\u0131kar\u0131l\u0131r?","description":"Bu form\u00fcl e\u011fitiminde bir tarihe bir veya daha fazla haftan\u0131n nas\u0131l eklenece\u011fini \u00f6\u011freneceksiniz. Ayr\u0131ca \u00e7\u0131karma yapmay\u0131 da \u00f6\u011freneceksiniz","robots":{"index":"index","follow":"follow","max-snippet":"max-snippet:-1","max-image-preview":"max-image-preview:large","max-video-preview":"max-video-preview:-1"},"canonical":"https:\/\/exceladvisor.org\/tr\/haftanin-tarihini-ekle\/","og_locale":"tr_TR","og_type":"article","og_title":"\u25b7 Bir tarihe hafta nas\u0131l eklenir\/\u00e7\u0131kar\u0131l\u0131r?","og_description":"Bu form\u00fcl e\u011fitiminde bir tarihe bir veya daha fazla haftan\u0131n nas\u0131l eklenece\u011fini \u00f6\u011freneceksiniz. Ayr\u0131ca \u00e7\u0131karma yapmay\u0131 da \u00f6\u011freneceksiniz","og_url":"https:\/\/exceladvisor.org\/tr\/haftanin-tarihini-ekle\/","og_site_name":"Excel Advisor","article_modified_time":"2023-12-10T05:59:05+00:00","og_image":[{"url":"https:\/\/exceladvisor.org\/wp-content\/uploads\/2023\/08\/1-ajouter-une-semaine-dans-une-date.png","type":"","width":"","height":""}],"twitter_card":"summary_large_image","twitter_misc":{"Tahmini okuma s\u00fcresi":"2 dakika"},"schema":{"@context":"https:\/\/schema.org","@graph":[{"@type":"WebPage","@id":"https:\/\/exceladvisor.org\/tr\/haftanin-tarihini-ekle\/","url":"https:\/\/exceladvisor.org\/tr\/haftanin-tarihini-ekle\/","name":"\u25b7 Bir tarihe hafta nas\u0131l eklenir\/\u00e7\u0131kar\u0131l\u0131r?","isPartOf":{"@id":"https:\/\/exceladvisor.org\/tr\/#website"},"primaryImageOfPage":{"@id":"https:\/\/exceladvisor.org\/tr\/haftanin-tarihini-ekle\/#primaryimage"},"image":{"@id":"https:\/\/exceladvisor.org\/tr\/haftanin-tarihini-ekle\/#primaryimage"},"thumbnailUrl":"https:\/\/exceladvisor.org\/wp-content\/uploads\/2023\/08\/1-ajouter-une-semaine-dans-une-date.png","datePublished":"2023-11-15T12:06:15+00:00","dateModified":"2023-12-10T05:59:05+00:00","description":"Bu form\u00fcl e\u011fitiminde bir tarihe bir veya daha fazla haftan\u0131n nas\u0131l eklenece\u011fini \u00f6\u011freneceksiniz. Ayr\u0131ca \u00e7\u0131karma yapmay\u0131 da \u00f6\u011freneceksiniz","breadcrumb":{"@id":"https:\/\/exceladvisor.org\/tr\/haftanin-tarihini-ekle\/#breadcrumb"},"inLanguage":"tr","potentialAction":[{"@type":"ReadAction","target":["https:\/\/exceladvisor.org\/tr\/haftanin-tarihini-ekle\/"]}]},{"@type":"ImageObject","inLanguage":"tr","@id":"https:\/\/exceladvisor.org\/tr\/haftanin-tarihini-ekle\/#primaryimage","url":"https:\/\/exceladvisor.org\/wp-content\/uploads\/2023\/08\/1-ajouter-une-semaine-dans-une-date.png","contentUrl":"https:\/\/exceladvisor.org\/wp-content\/uploads\/2023\/08\/1-ajouter-une-semaine-dans-une-date.png"},{"@type":"BreadcrumbList","@id":"https:\/\/exceladvisor.org\/tr\/haftanin-tarihini-ekle\/#breadcrumb","itemListElement":[{"@type":"ListItem","position":1,"name":"Ev","item":"https:\/\/exceladvisor.org\/tr\/"},{"@type":"ListItem","position":2,"name":"Bir tarihten bir hafta nas\u0131l eklenir\/\u00e7\u0131kar\u0131l\u0131r?"}]},{"@type":"WebSite","@id":"https:\/\/exceladvisor.org\/tr\/#website","url":"https:\/\/exceladvisor.org\/tr\/","name":"Excel Advisor","description":"Veri hakimiyetine y\u00f6nelik nihai rehberiniz!","publisher":{"@id":"https:\/\/exceladvisor.org\/tr\/#organization"},"potentialAction":[{"@type":"SearchAction","target":{"@type":"EntryPoint","urlTemplate":"https:\/\/exceladvisor.org\/tr\/?s={search_term_string}"},"query-input":{"@type":"PropertyValueSpecification","valueRequired":true,"valueName":"search_term_string"}}],"inLanguage":"tr"},{"@type":"Organization","@id":"https:\/\/exceladvisor.org\/tr\/#organization","name":"Excel Advisor","url":"https:\/\/exceladvisor.org\/tr\/","logo":{"@type":"ImageObject","inLanguage":"tr","@id":"https:\/\/exceladvisor.org\/tr\/#\/schema\/logo\/image\/","url":"https:\/\/exceladvisor.org\/tr\/wp-content\/uploads\/2023\/12\/exceladvisor.org_.png","contentUrl":"https:\/\/exceladvisor.org\/tr\/wp-content\/uploads\/2023\/12\/exceladvisor.org_.png","width":105,"height":36,"caption":"Excel Advisor"},"image":{"@id":"https:\/\/exceladvisor.org\/tr\/#\/schema\/logo\/image\/"}}]}},"yoast_meta":{"yoast_wpseo_title":"","yoast_wpseo_metadesc":"","yoast_wpseo_canonical":""},"_links":{"self":[{"href":"https:\/\/exceladvisor.org\/tr\/wp-json\/wp\/v2\/pages\/1607","targetHints":{"allow":["GET"]}}],"collection":[{"href":"https:\/\/exceladvisor.org\/tr\/wp-json\/wp\/v2\/pages"}],"about":[{"href":"https:\/\/exceladvisor.org\/tr\/wp-json\/wp\/v2\/types\/page"}],"author":[{"embeddable":true,"href":"https:\/\/exceladvisor.org\/tr\/wp-json\/wp\/v2\/users\/1"}],"replies":[{"embeddable":true,"href":"https:\/\/exceladvisor.org\/tr\/wp-json\/wp\/v2\/comments?post=1607"}],"version-history":[{"count":1,"href":"https:\/\/exceladvisor.org\/tr\/wp-json\/wp\/v2\/pages\/1607\/revisions"}],"predecessor-version":[{"id":2294,"href":"https:\/\/exceladvisor.org\/tr\/wp-json\/wp\/v2\/pages\/1607\/revisions\/2294"}],"wp:attachment":[{"href":"https:\/\/exceladvisor.org\/tr\/wp-json\/wp\/v2\/media?parent=1607"}],"curies":[{"name":"wp","href":"https:\/\/api.w.org\/{rel}","templated":true}]}}