{"id":1608,"date":"2023-11-15T11:48:49","date_gmt":"2023-11-15T11:48:49","guid":{"rendered":"https:\/\/exceladvisor.org\/tr\/negatifse-sifir\/"},"modified":"2023-12-10T06:01:46","modified_gmt":"2023-12-10T06:01:46","slug":"negatifse-sifir","status":"publish","type":"page","link":"https:\/\/exceladvisor.org\/tr\/negatifse-sifir\/","title":{"rendered":"Excel&#39;de negatif de\u011ferler nas\u0131l s\u0131f\u0131rlan\u0131r?"},"content":{"rendered":"<div class=\"excel-icerikten-once\" id=\"excel-1616979175\"><script type=\"text\/javascript\">\r\n\tatOptions = {\r\n\t\t'key' : 'c1158f160081d6540a8409e6925dab94',\r\n\t\t'format' : 'iframe',\r\n\t\t'height' : 250,\r\n\t\t'width' : 300,\r\n\t\t'params' : {}\r\n\t};\r\n<\/script>\r\n<script type=\"text\/javascript\" src=\"\/\/www.highperformanceformat.com\/c1158f160081d6540a8409e6925dab94\/invoke.js\"><\/script><\/div> <p>Bir \u00f6rne\u011fi sizinle payla\u015fay\u0131m. A\u015fa\u011f\u0131daki tabloda, A ve B s\u00fctunlar\u0131ndaki say\u0131lar\u0131n iki listesinin bulundu\u011fu bir tablonuz var. C s\u00fctununda ise ikisi aras\u0131nda bir fark var. <\/p><div class=\"wp-block-image\"><figure class=\"aligncenter size-full is-resized\"><img loading=\"lazy\" decoding=\"async\" class=\"wp-image-64144\" src=\"https:\/\/exceladvisor.org\/wp-content\/uploads\/2023\/08\/1-tableau-avec-des-valeurs-negatives.png\" sizes=\"auto, \" srcset=\"\" alt=\"Negatif-de\u011ferli-tablo\" width=\"381\" height=\"298\"><\/figure><\/div><p> \u015eimdi burada negatif de\u011ferleri s\u0131f\u0131ra \u00e7evirecek bir form\u00fcl kullanmam\u0131z gerekiyor. Bu derste negatif say\u0131lar\u0131 s\u0131f\u0131ra d\u00f6n\u00fc\u015ft\u00fcrecek bir form\u00fcl yazman\u0131n t\u00fcm farkl\u0131 yollar\u0131na bakaca\u011f\u0131z.<\/p><h2 id=\"convert-negative-numbers-using-if\" class=\"wp-block-heading\"> Negatif say\u0131lar\u0131 IF kullanarak d\u00f6n\u00fc\u015ft\u00fcrme<\/h2><p> \u0130lk y\u00f6ntem, bir say\u0131n\u0131n negatif olup olmad\u0131\u011f\u0131n\u0131 kontrol etmek i\u00e7in bir ko\u015ful olu\u015fturman\u0131za ve ard\u0131ndan bu say\u0131y\u0131 s\u0131f\u0131ra d\u00f6n\u00fc\u015ft\u00fcrmenize olanak tan\u0131yan IF i\u015flevini kullanmakt\u0131r. <\/p><div class=\"wp-block-image\"><figure class=\"aligncenter size-full is-resized\"><img loading=\"lazy\" decoding=\"async\" class=\"wp-image-64145\" src=\"https:\/\/exceladvisor.org\/wp-content\/uploads\/2023\/08\/convertir-un-nombre-negatif.png\" sizes=\"auto, \" srcset=\"\" alt=\"negatif say\u0131y\u0131 d\u00f6n\u00fc\u015ft\u00fcrme\" width=\"372\" height=\"293\"><\/figure><\/div><p> A\u015fa\u011f\u0131daki ad\u0131mlar\u0131 kullan\u0131n.<\/p><ol type=\"1\"><li> E\u011eER i\u015flevini C2 h\u00fccresine girin.<\/li><li> A1 h\u00fccresi i\u00e7in B1 h\u00fccresinden \u00e7\u0131karma form\u00fcl\u00fcn\u00fc belirtin.<\/li><li> Bir ko\u015ful olu\u015fturmak i\u00e7in s\u0131f\u0131r\u0131n yan\u0131nda b\u00fcy\u00fck i\u015faretini kullan\u0131n.<\/li><li> Value_if_true i\u00e7in s\u0131f\u0131r belirtin.<\/li><li> Ve e\u011fer_yanl\u0131\u015fsa_de\u011fer i\u00e7in, ko\u015fulda kulland\u0131\u011f\u0131n\u0131z form\u00fcldeki \u00e7\u0131karma i\u015flemini girin.<\/li><li> Sonucu almak i\u00e7in kapan\u0131\u015f parantezlerini girin ve Enter tu\u015funa bas\u0131n.<\/li><\/ol><p> Yukar\u0131daki ad\u0131mlar\u0131 takip ederek iki de\u011feri \u00e7\u0131kar\u0131p sonucu test eden bir form\u00fcl yazd\u0131n\u0131z. Sonu\u00e7 negatif bir say\u0131ysa, bu negatif say\u0131y\u0131 s\u0131f\u0131ra veya normal sonuca d\u00f6n\u00fc\u015ft\u00fcr\u00fcn. <\/p><pre class=\"wp-block-code\"> <code class=\"language-excel-formula\" lang=\"excel-formula\">=IF(A2-B2&lt;0,0,A2-B2)<\/code><\/pre><h2 id=\"change-negative-numbers-into-a-zero-with-max-function\" class=\"wp-block-heading\"> MAX i\u015fleviyle negatif say\u0131lar\u0131 s\u0131f\u0131ra de\u011fi\u015ftirin<\/h2><p> Negatif bir say\u0131y\u0131 s\u0131f\u0131ra de\u011fi\u015ftirmek i\u00e7in MAX i\u015flevini de kullanabilirsiniz. Ayn\u0131 \u00f6rne\u011fi ele alal\u0131m. <\/p><div class=\"wp-block-image\"><figure class=\"aligncenter size-full is-resized\"><img loading=\"lazy\" decoding=\"async\" class=\"wp-image-64147\" src=\"https:\/\/exceladvisor.org\/wp-content\/uploads\/2023\/08\/3-changer-les-nombres-negatifs-en-zero.png\" sizes=\"auto, \" srcset=\"\" alt=\"Negatif-say\u0131lar\u0131-s\u0131f\u0131rla de\u011fi\u015ftir\" width=\"401\" height=\"321\"><\/figure><\/div><pre class=\"wp-block-code\"> <code class=\"language-excel-formula\" lang=\"excel-formula\">=MAX(A2-B2,0)<\/code><\/pre><p> Yukar\u0131daki form\u00fclde, bir arg\u00fcman\u0131n A2&#8217;yi B2&#8217;den \u00e7\u0131karma form\u00fcl\u00fc ve ikincisinin s\u0131f\u0131r oldu\u011fu max fonksiyonunu kulland\u0131n\u0131z.<\/p><p> \u015e\u00f6yle anlayal\u0131m, max fonksiyonu birden fazla de\u011ferden maksimum de\u011ferleri d\u00f6nd\u00fcr\u00fcr. \u00c7\u0131karma sonucu pozitif bir say\u0131 oldu\u011funda bu say\u0131y\u0131 d\u00f6nd\u00fcr\u00fcr, sonu\u00e7 negatif bir say\u0131 ise s\u0131f\u0131r de\u011ferini d\u00f6nd\u00fcr\u00fcr.<\/p><h2 id=\"show-a-zero-for-negative-number\" class=\"wp-block-heading\"> Negatif bir say\u0131 i\u00e7in s\u0131f\u0131r g\u00f6sterme<\/h2><p> Negatif bir say\u0131n\u0131n s\u0131f\u0131r\u0131n\u0131 g\u00f6r\u00fcnt\u00fclemek i\u00e7in \u00f6zel bi\u00e7imlendirmeyi de kullanabilirsiniz. Uygulamak i\u00e7in a\u015fa\u011f\u0131daki ad\u0131mlar\u0131 kullan\u0131n.<\/p><ol type=\"1\"><li> Bir h\u00fccreyi veya h\u00fccre aral\u0131\u011f\u0131n\u0131 se\u00e7in.<\/li><li> H\u00fccreleri Bi\u00e7imlendir ileti\u015fim kutusunu a\u00e7mak i\u00e7in Control + 1 k\u0131sayol tu\u015funa bas\u0131n (Mac kullan\u0131yorsan\u0131z Komut +1).<\/li><li> \u00d6zel se\u00e7ene\u011fe t\u0131klay\u0131n ve 0 girin; \u201c0\u201d; Giri\u015f kutusunda 0.<\/li><li> Ayarlar\u0131 uygulamak i\u00e7in Tamam&#8217;\u0131 t\u0131klay\u0131n. <\/li><\/ol><div class=\"wp-block-image\"><figure class=\"aligncenter size-full is-resized\"><img loading=\"lazy\" decoding=\"async\" class=\"wp-image-64148\" src=\"https:\/\/exceladvisor.org\/wp-content\/uploads\/2023\/08\/4-zero-pour-les-nombres-negatifs.png\" sizes=\"auto, \" srcset=\"\" alt=\"Negatif say\u0131lar i\u00e7in s\u0131f\u0131r\" width=\"535\" height=\"324\"><\/figure><\/div><p> Bu y\u00f6ntem de\u011feri de\u011fil bi\u00e7imlendirmeyi de\u011fi\u015ftirecektir. Orijinal de\u011fer bozulmadan kalacakt\u0131r. <\/p><div class=\"gb-container gb-container-52dfcee1 gb-container-sample-file\"><h2 class=\"gb-headline gb-headline-e289c143 gb-headline-text gb-headline-4f7959c2\"> Excel dosyas\u0131n\u0131 al\u0131n<\/h2> <a class=\"gb-button gb-button-e88d6bee gb-button-text gb-button-button1\" href=\"https:\/\/exceladvisor.org\/wp-content\/uploads\/2023\/08\/si-negatif-alors-zero-2.xlsx\" rel=\"nofollow\">\u0130ndirmek<\/a><\/div><div class=\"gb-container gb-container-0df56012 gb-container-mt\"> <a class=\"gb-button gb-button-f9f432f4 gb-button-text gb-button-mt-button\" href=\"https:\/\/exceladvisor.org\/tr\/formuller\/\">Excel form\u00fcllerinin listesi<\/a><h2 class=\"gb-headline gb-headline-233444e8 gb-headline-text gb-headline-mt-heading\"> \u0130lgili form\u00fcller <\/h2><div class=\"gb-grid-wrapper gb-grid-wrapper-a16fa65c gb-grid-wrapper-mt-grid\"><div class=\"gb-grid-column gb-grid-column-50d07e0d\"><div class=\"gb-container gb-container-50d07e0d\"><ul><li> <a href=\"https:\/\/exceladvisor.org\/tr\/sifirsa-o-zaman-bos\/\">IF 0&#8217;\u0131 (s\u0131f\u0131r) kontrol edin ve ard\u0131ndan Excel&#8217;de bo\u015f b\u0131rak\u0131n<\/a><\/li><li> <a href=\"https:\/\/exceladvisor.org\/tr\/bir-aralikta-bir-degerin-olup-olmadigini-kontrol-edin\/\">Excel&#8217;de bir aral\u0131kta bir de\u011ferin olup olmad\u0131\u011f\u0131n\u0131 kontrol edin<\/a><\/li><li> <a href=\"https:\/\/exceladvisor.org\/tr\/eger-ve-1\/\">Excel&#8217;de E\u011eER ve VE i\u015flevlerini birle\u015ftirme<\/a><\/li><li> <a href=\"https:\/\/exceladvisor.org\/tr\/eger-veya-1\/\">Excel&#8217;de IF ve OR i\u015flevlerini birle\u015ftirme<\/a><\/li><li> <a href=\"https:\/\/exceladvisor.org\/tr\/hucre-bossa\/\">IF H\u00fccresi Excel&#8217;de IF + ISBLANK kullan\u0131larak bo\u015f (bo\u015f)<\/a> <\/li><\/ul><\/div><\/div><div class=\"gb-grid-column gb-grid-column-5b4a0cf9\"><div class=\"gb-container gb-container-5b4a0cf9\"><\/div><\/div><\/div><\/div>","protected":false},"excerpt":{"rendered":"","protected":false},"author":1,"featured_media":0,"parent":0,"menu_order":0,"comment_status":"open","ping_status":"closed","template":"","meta":{"ub_ctt_via":"","footnotes":""},"class_list":["post-1608","page","type-page","status-publish","hentry"],"featured_image_src":null,"yoast_head":"<!-- This site is optimized with the Yoast SEO plugin v25.4 - https:\/\/yoast.com\/wordpress\/plugins\/seo\/ -->\n<title>Excel&#039;de negatif de\u011ferler nas\u0131l s\u0131f\u0131rlan\u0131r?<\/title>\n<meta name=\"description\" content=\"Bu form\u00fcl e\u011fitiminde, bir de\u011fer s\u0131f\u0131ra d\u00f6necek bir form\u00fcl olu\u015fturmak i\u00e7in E\u011eER i\u015flevinin nas\u0131l kullan\u0131laca\u011f\u0131n\u0131 \u00f6\u011frenece\u011fiz.\" \/>\n<meta name=\"robots\" content=\"index, follow, max-snippet:-1, max-image-preview:large, max-video-preview:-1\" \/>\n<link rel=\"canonical\" href=\"https:\/\/exceladvisor.org\/tr\/negatifse-sifir\/\" \/>\n<meta property=\"og:locale\" content=\"tr_TR\" \/>\n<meta property=\"og:type\" content=\"article\" \/>\n<meta property=\"og:title\" content=\"Excel&#039;de negatif de\u011ferler nas\u0131l s\u0131f\u0131rlan\u0131r?\" \/>\n<meta property=\"og:description\" content=\"Bu form\u00fcl e\u011fitiminde, bir de\u011fer s\u0131f\u0131ra d\u00f6necek bir form\u00fcl olu\u015fturmak i\u00e7in E\u011eER i\u015flevinin nas\u0131l kullan\u0131laca\u011f\u0131n\u0131 \u00f6\u011frenece\u011fiz.\" \/>\n<meta property=\"og:url\" content=\"https:\/\/exceladvisor.org\/tr\/negatifse-sifir\/\" \/>\n<meta property=\"og:site_name\" content=\"Excel Advisor\" \/>\n<meta property=\"article:modified_time\" content=\"2023-12-10T06:01:46+00:00\" \/>\n<meta property=\"og:image\" content=\"https:\/\/exceladvisor.org\/wp-content\/uploads\/2023\/08\/1-tableau-avec-des-valeurs-negatives.png\" \/>\n<meta name=\"twitter:card\" content=\"summary_large_image\" \/>\n<meta name=\"twitter:label1\" content=\"Tahmini okuma s\u00fcresi\" \/>\n\t<meta name=\"twitter:data1\" content=\"3 dakika\" \/>\n<script type=\"application\/ld+json\" class=\"yoast-schema-graph\">{\"@context\":\"https:\/\/schema.org\",\"@graph\":[{\"@type\":\"WebPage\",\"@id\":\"https:\/\/exceladvisor.org\/tr\/negatifse-sifir\/\",\"url\":\"https:\/\/exceladvisor.org\/tr\/negatifse-sifir\/\",\"name\":\"Excel&#39;de negatif de\u011ferler nas\u0131l s\u0131f\u0131rlan\u0131r?\",\"isPartOf\":{\"@id\":\"https:\/\/exceladvisor.org\/tr\/#website\"},\"primaryImageOfPage\":{\"@id\":\"https:\/\/exceladvisor.org\/tr\/negatifse-sifir\/#primaryimage\"},\"image\":{\"@id\":\"https:\/\/exceladvisor.org\/tr\/negatifse-sifir\/#primaryimage\"},\"thumbnailUrl\":\"https:\/\/exceladvisor.org\/wp-content\/uploads\/2023\/08\/1-tableau-avec-des-valeurs-negatives.png\",\"datePublished\":\"2023-11-15T11:48:49+00:00\",\"dateModified\":\"2023-12-10T06:01:46+00:00\",\"description\":\"Bu form\u00fcl e\u011fitiminde, bir de\u011fer s\u0131f\u0131ra d\u00f6necek bir form\u00fcl olu\u015fturmak i\u00e7in E\u011eER i\u015flevinin nas\u0131l kullan\u0131laca\u011f\u0131n\u0131 \u00f6\u011frenece\u011fiz.\",\"breadcrumb\":{\"@id\":\"https:\/\/exceladvisor.org\/tr\/negatifse-sifir\/#breadcrumb\"},\"inLanguage\":\"tr\",\"potentialAction\":[{\"@type\":\"ReadAction\",\"target\":[\"https:\/\/exceladvisor.org\/tr\/negatifse-sifir\/\"]}]},{\"@type\":\"ImageObject\",\"inLanguage\":\"tr\",\"@id\":\"https:\/\/exceladvisor.org\/tr\/negatifse-sifir\/#primaryimage\",\"url\":\"https:\/\/exceladvisor.org\/wp-content\/uploads\/2023\/08\/1-tableau-avec-des-valeurs-negatives.png\",\"contentUrl\":\"https:\/\/exceladvisor.org\/wp-content\/uploads\/2023\/08\/1-tableau-avec-des-valeurs-negatives.png\"},{\"@type\":\"BreadcrumbList\",\"@id\":\"https:\/\/exceladvisor.org\/tr\/negatifse-sifir\/#breadcrumb\",\"itemListElement\":[{\"@type\":\"ListItem\",\"position\":1,\"name\":\"Ev\",\"item\":\"https:\/\/exceladvisor.org\/tr\/\"},{\"@type\":\"ListItem\",\"position\":2,\"name\":\"Excel&#39;de negatif de\u011ferler nas\u0131l s\u0131f\u0131rlan\u0131r?\"}]},{\"@type\":\"WebSite\",\"@id\":\"https:\/\/exceladvisor.org\/tr\/#website\",\"url\":\"https:\/\/exceladvisor.org\/tr\/\",\"name\":\"Excel Advisor\",\"description\":\"Veri hakimiyetine y\u00f6nelik nihai rehberiniz!\",\"publisher\":{\"@id\":\"https:\/\/exceladvisor.org\/tr\/#organization\"},\"potentialAction\":[{\"@type\":\"SearchAction\",\"target\":{\"@type\":\"EntryPoint\",\"urlTemplate\":\"https:\/\/exceladvisor.org\/tr\/?s={search_term_string}\"},\"query-input\":{\"@type\":\"PropertyValueSpecification\",\"valueRequired\":true,\"valueName\":\"search_term_string\"}}],\"inLanguage\":\"tr\"},{\"@type\":\"Organization\",\"@id\":\"https:\/\/exceladvisor.org\/tr\/#organization\",\"name\":\"Excel Advisor\",\"url\":\"https:\/\/exceladvisor.org\/tr\/\",\"logo\":{\"@type\":\"ImageObject\",\"inLanguage\":\"tr\",\"@id\":\"https:\/\/exceladvisor.org\/tr\/#\/schema\/logo\/image\/\",\"url\":\"https:\/\/exceladvisor.org\/tr\/wp-content\/uploads\/2023\/12\/exceladvisor.org_.png\",\"contentUrl\":\"https:\/\/exceladvisor.org\/tr\/wp-content\/uploads\/2023\/12\/exceladvisor.org_.png\",\"width\":105,\"height\":36,\"caption\":\"Excel Advisor\"},\"image\":{\"@id\":\"https:\/\/exceladvisor.org\/tr\/#\/schema\/logo\/image\/\"}}]}<\/script>\n<!-- \/ Yoast SEO plugin. -->","yoast_head_json":{"title":"Excel&#39;de negatif de\u011ferler nas\u0131l s\u0131f\u0131rlan\u0131r?","description":"Bu form\u00fcl e\u011fitiminde, bir de\u011fer s\u0131f\u0131ra d\u00f6necek bir form\u00fcl olu\u015fturmak i\u00e7in E\u011eER i\u015flevinin nas\u0131l kullan\u0131laca\u011f\u0131n\u0131 \u00f6\u011frenece\u011fiz.","robots":{"index":"index","follow":"follow","max-snippet":"max-snippet:-1","max-image-preview":"max-image-preview:large","max-video-preview":"max-video-preview:-1"},"canonical":"https:\/\/exceladvisor.org\/tr\/negatifse-sifir\/","og_locale":"tr_TR","og_type":"article","og_title":"Excel&#39;de negatif de\u011ferler nas\u0131l s\u0131f\u0131rlan\u0131r?","og_description":"Bu form\u00fcl e\u011fitiminde, bir de\u011fer s\u0131f\u0131ra d\u00f6necek bir form\u00fcl olu\u015fturmak i\u00e7in E\u011eER i\u015flevinin nas\u0131l kullan\u0131laca\u011f\u0131n\u0131 \u00f6\u011frenece\u011fiz.","og_url":"https:\/\/exceladvisor.org\/tr\/negatifse-sifir\/","og_site_name":"Excel Advisor","article_modified_time":"2023-12-10T06:01:46+00:00","og_image":[{"url":"https:\/\/exceladvisor.org\/wp-content\/uploads\/2023\/08\/1-tableau-avec-des-valeurs-negatives.png","type":"","width":"","height":""}],"twitter_card":"summary_large_image","twitter_misc":{"Tahmini okuma s\u00fcresi":"3 dakika"},"schema":{"@context":"https:\/\/schema.org","@graph":[{"@type":"WebPage","@id":"https:\/\/exceladvisor.org\/tr\/negatifse-sifir\/","url":"https:\/\/exceladvisor.org\/tr\/negatifse-sifir\/","name":"Excel&#39;de negatif de\u011ferler nas\u0131l s\u0131f\u0131rlan\u0131r?","isPartOf":{"@id":"https:\/\/exceladvisor.org\/tr\/#website"},"primaryImageOfPage":{"@id":"https:\/\/exceladvisor.org\/tr\/negatifse-sifir\/#primaryimage"},"image":{"@id":"https:\/\/exceladvisor.org\/tr\/negatifse-sifir\/#primaryimage"},"thumbnailUrl":"https:\/\/exceladvisor.org\/wp-content\/uploads\/2023\/08\/1-tableau-avec-des-valeurs-negatives.png","datePublished":"2023-11-15T11:48:49+00:00","dateModified":"2023-12-10T06:01:46+00:00","description":"Bu form\u00fcl e\u011fitiminde, bir de\u011fer s\u0131f\u0131ra d\u00f6necek bir form\u00fcl olu\u015fturmak i\u00e7in E\u011eER i\u015flevinin nas\u0131l kullan\u0131laca\u011f\u0131n\u0131 \u00f6\u011frenece\u011fiz.","breadcrumb":{"@id":"https:\/\/exceladvisor.org\/tr\/negatifse-sifir\/#breadcrumb"},"inLanguage":"tr","potentialAction":[{"@type":"ReadAction","target":["https:\/\/exceladvisor.org\/tr\/negatifse-sifir\/"]}]},{"@type":"ImageObject","inLanguage":"tr","@id":"https:\/\/exceladvisor.org\/tr\/negatifse-sifir\/#primaryimage","url":"https:\/\/exceladvisor.org\/wp-content\/uploads\/2023\/08\/1-tableau-avec-des-valeurs-negatives.png","contentUrl":"https:\/\/exceladvisor.org\/wp-content\/uploads\/2023\/08\/1-tableau-avec-des-valeurs-negatives.png"},{"@type":"BreadcrumbList","@id":"https:\/\/exceladvisor.org\/tr\/negatifse-sifir\/#breadcrumb","itemListElement":[{"@type":"ListItem","position":1,"name":"Ev","item":"https:\/\/exceladvisor.org\/tr\/"},{"@type":"ListItem","position":2,"name":"Excel&#39;de negatif de\u011ferler nas\u0131l s\u0131f\u0131rlan\u0131r?"}]},{"@type":"WebSite","@id":"https:\/\/exceladvisor.org\/tr\/#website","url":"https:\/\/exceladvisor.org\/tr\/","name":"Excel Advisor","description":"Veri hakimiyetine y\u00f6nelik nihai rehberiniz!","publisher":{"@id":"https:\/\/exceladvisor.org\/tr\/#organization"},"potentialAction":[{"@type":"SearchAction","target":{"@type":"EntryPoint","urlTemplate":"https:\/\/exceladvisor.org\/tr\/?s={search_term_string}"},"query-input":{"@type":"PropertyValueSpecification","valueRequired":true,"valueName":"search_term_string"}}],"inLanguage":"tr"},{"@type":"Organization","@id":"https:\/\/exceladvisor.org\/tr\/#organization","name":"Excel Advisor","url":"https:\/\/exceladvisor.org\/tr\/","logo":{"@type":"ImageObject","inLanguage":"tr","@id":"https:\/\/exceladvisor.org\/tr\/#\/schema\/logo\/image\/","url":"https:\/\/exceladvisor.org\/tr\/wp-content\/uploads\/2023\/12\/exceladvisor.org_.png","contentUrl":"https:\/\/exceladvisor.org\/tr\/wp-content\/uploads\/2023\/12\/exceladvisor.org_.png","width":105,"height":36,"caption":"Excel Advisor"},"image":{"@id":"https:\/\/exceladvisor.org\/tr\/#\/schema\/logo\/image\/"}}]}},"yoast_meta":{"yoast_wpseo_title":"","yoast_wpseo_metadesc":"","yoast_wpseo_canonical":""},"_links":{"self":[{"href":"https:\/\/exceladvisor.org\/tr\/wp-json\/wp\/v2\/pages\/1608","targetHints":{"allow":["GET"]}}],"collection":[{"href":"https:\/\/exceladvisor.org\/tr\/wp-json\/wp\/v2\/pages"}],"about":[{"href":"https:\/\/exceladvisor.org\/tr\/wp-json\/wp\/v2\/types\/page"}],"author":[{"embeddable":true,"href":"https:\/\/exceladvisor.org\/tr\/wp-json\/wp\/v2\/users\/1"}],"replies":[{"embeddable":true,"href":"https:\/\/exceladvisor.org\/tr\/wp-json\/wp\/v2\/comments?post=1608"}],"version-history":[{"count":1,"href":"https:\/\/exceladvisor.org\/tr\/wp-json\/wp\/v2\/pages\/1608\/revisions"}],"predecessor-version":[{"id":2557,"href":"https:\/\/exceladvisor.org\/tr\/wp-json\/wp\/v2\/pages\/1608\/revisions\/2557"}],"wp:attachment":[{"href":"https:\/\/exceladvisor.org\/tr\/wp-json\/wp\/v2\/media?parent=1608"}],"curies":[{"name":"wp","href":"https:\/\/api.w.org\/{rel}","templated":true}]}}