{"id":1609,"date":"2023-11-15T11:37:07","date_gmt":"2023-11-15T11:37:07","guid":{"rendered":"https:\/\/exceladvisor.org\/tr\/referans-3d\/"},"modified":"2023-12-10T06:00:03","modified_gmt":"2023-12-10T06:00:03","slug":"referans-3d","status":"publish","type":"page","link":"https:\/\/exceladvisor.org\/tr\/referans-3d\/","title":{"rendered":"Excel&#39;de 3d referans nas\u0131l olu\u015fturulur?"},"content":{"rendered":"<div class=\"excel-icerikten-once\" id=\"excel-1702010967\"><script type=\"text\/javascript\">\r\n\tatOptions = {\r\n\t\t'key' : 'c1158f160081d6540a8409e6925dab94',\r\n\t\t'format' : 'iframe',\r\n\t\t'height' : 250,\r\n\t\t'width' : 300,\r\n\t\t'params' : {}\r\n\t};\r\n<\/script>\r\n<script type=\"text\/javascript\" src=\"\/\/www.highperformanceformat.com\/c1158f160081d6540a8409e6925dab94\/invoke.js\"><\/script><\/div> <p>Hepimiz zamandan tasarruf etmek isteriz. Ek olarak, Excel&#8217;de 3B Referans&#8217;\u0131 kullanmak \u00e7ok fazla zaman kazand\u0131rabilir.<\/p><p> Birden fazla faz\u0131 olan \u00fc\u00e7 boyutlu bir grafik veya g\u00f6r\u00fcnt\u00fc gibidir. <span style=\"font-size: 1em;\">Normal aral\u0131k, tek bir \u00e7al\u0131\u015fma sayfas\u0131ndaki bir h\u00fccre grubu i\u00e7indir.<\/span><\/p><p> \u00d6rne\u011fin, =TOPLA(Sayfa1!A1:A10) i\u00e7inde &#8220;A1:A10&#8221;, Sayfa1&#8217;den ba\u015fvurulan bir h\u00fccre grubudur.<\/p><p> Ancak 3B ba\u015fvuru, tek bir ba\u015fvuru kullanarak birden \u00e7ok \u00e7al\u0131\u015fma sayfas\u0131ndaki ayn\u0131 h\u00fccrelere ba\u015fvurabilece\u011finiz bir h\u00fccre aral\u0131\u011f\u0131d\u0131r. Basit bir ifadeyle, birden fazla sayfada ayn\u0131 h\u00fccreye veya aral\u0131\u011fa bak\u0131n.<\/p><h2 id=\"h-create-a-3d-reference\" class=\"wp-block-heading\"> 3B referans olu\u015fturma<\/h2><p> 3B referans\u0131 kullanmadan \u00f6nce dikkat etmeniz gereken tek \u015fey, t\u00fcm \u00e7al\u0131\u015fma sayfalar\u0131n\u0131n bir s\u0131ra halinde olmas\u0131 gerekti\u011fidir. Size bir \u00f6rnek g\u00f6stereyim. <\/p><div class=\"wp-block-image\"><figure class=\"aligncenter\"><img decoding=\"async\" src=\"https:\/\/exceladvisor.org\/wp-content\/uploads\/2023\/08\/Ajouter-des-feuilles-de-calcul-pour-utiliser-la-plage-Excel-3D.png\" sizes=\"\" srcset=\"\" alt=\"Excel 3D aral\u0131\u011f\u0131n\u0131 kullanmak i\u00e7in \u00e7al\u0131\u015fma sayfalar\u0131 ekleyin\"><\/figure><\/div><p> \u015eimdi burada bir \u00e7al\u0131\u015fma kitab\u0131nda 5 \u00e7al\u0131\u015fma sayfan\u0131z var. Yani 5 \u00e7al\u0131\u015fma sayfas\u0131n\u0131n tamam\u0131ndan C5:D6 aral\u0131\u011f\u0131n\u0131n toplam\u0131n\u0131 hesaplamak istiyorsan\u0131z a\u015fa\u011f\u0131daki gibi bir form\u00fcl kullanman\u0131z gerekir.<\/p><pre class=\"wp-block-code\"> <code class=\"language-excel-formula\" lang=\"excel-formula\">=('2009'!A1:A10,'2010'!A1:A10,'2011'!A1:A10,'2012'!A1:A10,'2013'!A1:A10)<\/code><\/pre><p> Ama 3 boyutlu referansla 3 boyutlu form\u00fcl olu\u015fturmak istiyorsan\u0131z bu \u015fekilde bir \u015fey olacakt\u0131r.<\/p><pre class=\"wp-block-code\"> <code class=\"language-excel-formula\" lang=\"excel-formula\">=SUM('2009:2013'!A1:A10)<\/code><\/pre><h2 id=\"h-how-3d-reference-works-in-excel\" class=\"wp-block-heading\"> Excel&#8217;de 3B referans nas\u0131l \u00e7al\u0131\u015f\u0131r?<\/h2><p> 3B aral\u0131k form\u00fcl\u00fc her zaman iki farkl\u0131 b\u00f6l\u00fcmde \u00e7al\u0131\u015f\u0131r. <\/p><div class=\"wp-block-image\"><figure class=\"aligncenter\"><img decoding=\"async\" src=\"https:\/\/exceladvisor.org\/wp-content\/uploads\/2023\/08\/Comment-fonctionne-la-gamme-Excel-3D-1.png\" sizes=\"\" srcset=\"\" alt=\"Excel 3D aral\u0131\u011f\u0131 nas\u0131l \u00e7al\u0131\u015f\u0131r?\"><\/figure><\/div><ul><li> <strong>Birincisi:<\/strong> Bir \u00c7al\u0131\u015fma Sayfas\u0131 Aral\u0131\u011f\u0131: H\u00fccre aral\u0131\u011f\u0131 gibi, h\u00fccrelere ba\u015fvuruda bulunmak istedi\u011finiz bir \u00e7al\u0131\u015fma sayfas\u0131 aral\u0131\u011f\u0131 olu\u015fturman\u0131z gerekir. \u00c7al\u0131\u015fma sayfas\u0131 aral\u0131\u011f\u0131 s\u00fcrekli bir aral\u0131k olmal\u0131d\u0131r. Yukar\u0131daki \u00f6rnekte 2009&#8217;dan 2013&#8217;e kadar 5 e-tablom var.<\/li><li> <strong>\u0130kincisi<\/strong> : Bir h\u00fccre aral\u0131\u011f\u0131. <span style=\"font-size: revert;\">T\u00fcm \u00e7al\u0131\u015fma sayfalar\u0131nda ba\u015fvurmak istedi\u011finiz normal h\u00fccre aral\u0131\u011f\u0131.<\/span><\/li><\/ul><h2 id=\"h-adding-a-new-worksheet\" class=\"wp-block-heading\"> Yeni bir e-tablo ekleme<\/h2><p> Diyelim ki 2009-2013 y\u0131llar\u0131 aras\u0131nda bir \u00e7al\u0131\u015fma sayfas\u0131 eklediniz. Kulland\u0131\u011f\u0131n\u0131z fonksiyona yeni sayfadaki A1:A10 aral\u0131\u011f\u0131n\u0131n de\u011ferini otomatik olarak dahil edecek. <\/p><div class=\"wp-block-image\"><figure class=\"aligncenter\"><img decoding=\"async\" src=\"https:\/\/exceladvisor.org\/wp-content\/uploads\/2023\/08\/Comment-creer-une-plage-3D5-1.png\" sizes=\"\" srcset=\"\" alt=\"3B aral\u0131\u011f\u0131na yeni \u00e7al\u0131\u015fma sayfalar\u0131 ekleme hakk\u0131nda daha fazla bilgi\"><\/figure><\/div><h2 id=\"h-deleting-a-worksheet\" class=\"wp-block-heading\"> Bir e-tabloyu silme:<\/h2><p> 2009&#8217;dan 2013&#8217;e kadar bir \u00e7al\u0131\u015fma sayfas\u0131n\u0131 silerseniz. Bu, C4 h\u00fccresindeki de\u011feri kulland\u0131\u011f\u0131n\u0131z i\u015flevden otomatik olarak hari\u00e7 tutacakt\u0131r.<\/p><h2 id=\"h-the-sequence-of-worksheets\" class=\"wp-block-heading\"> \u00c7al\u0131\u015fma sayfas\u0131 s\u0131ras\u0131:<\/h2><p> Bu \u00f6rnekte \u00e7al\u0131\u015fma sayfas\u0131 aral\u0131\u011f\u0131 &#8220;Sayfa 2009&#8243;dan ba\u015flay\u0131p &#8220;Sayfa 2013&#8243;te bitiyor. Mesele \u015fu ki, e\u011fer bir sayfay\u0131 bu aral\u0131\u011f\u0131n d\u0131\u015f\u0131na \u00e7\u0131kar\u0131rsan\u0131z, o sayfa form\u00fcl hesaplamas\u0131n\u0131n d\u0131\u015f\u0131nda tutulacakt\u0131r.<\/p><h2 id=\"h-conclusion\" class=\"wp-block-heading\"> \u00c7\u00f6z\u00fcm<\/h2><p> 3D referanslar\u0131n en \u00f6nemli faydalar\u0131ndan biri karma\u015f\u0131k form\u00fcllerinizi k\u0131saltabilmesidir. Form\u00fcllerde t\u00fcm \u00e7al\u0131\u015fma sayfalar\u0131na ayr\u0131 ayr\u0131 ba\u015fvurman\u0131z gerekmez. Ve umar\u0131m bu y\u00f6ntem daha iyi form\u00fcller yazman\u0131za yard\u0131mc\u0131 olur.<\/p><p> \u015eimdi bana bir \u015fey s\u00f6yle. Bunu daha \u00f6nce hi\u00e7 denedin mi? L\u00fctfen yorum k\u0131sm\u0131nda d\u00fc\u015f\u00fcncelerinizi benimle payla\u015f\u0131n, sizden haber almay\u0131 \u00e7ok isterim. Ve arkada\u015flar\u0131n\u0131zla payla\u015fmay\u0131 unutmay\u0131n. <\/p><div class=\"gb-container gb-container-bafb25cc gb-container-download-2\"><div class=\"gb-grid-wrapper gb-grid-wrapper-91201309\"><div class=\"gb-grid-column gb-grid-column-15a917ef\"><div class=\"gb-container gb-container-15a917ef\"><h2 class=\"gb-headline gb-headline-f2deb261 gb-headline-text gb-headline-download-2\"> Excel dosyas\u0131n\u0131 al\u0131n <\/h2><\/div><\/div><div class=\"gb-grid-column gb-grid-column-18357188\"><div class=\"gb-container gb-container-18357188\"><div class=\"gb-container gb-container-76cbe15e\"> <a class=\"gb-button gb-button-cb63d00a gb-button-text gb-button-download-2\" href=\"https:\/\/exceladvisor.org\/wp-content\/uploads\/2023\/08\/gamme-3d.xlsx\" rel=\"nofollow\">\u0130ndirmek<\/a><\/div><\/div><\/div><\/div><\/div><div class=\"gb-container gb-container-0df56012 gb-container-mt\"> <a class=\"gb-button gb-button-f9f432f4 gb-button-text gb-button-mt-button\" href=\"https:\/\/exceladvisor.org\/tr\/formuller\/\">Excel form\u00fcllerinin listesi<\/a><h2 class=\"gb-headline gb-headline-233444e8 gb-headline-text gb-headline-mt-heading\"> \u0130lgili form\u00fcller <\/h2><div class=\"gb-grid-wrapper gb-grid-wrapper-a16fa65c gb-grid-wrapper-mt-grid\"><div class=\"gb-grid-column gb-grid-column-50d07e0d\"><div class=\"gb-container gb-container-50d07e0d\"><ul><li> <a href=\"https:\/\/exceladvisor.org\/tr\/joker-karakterler-2\/\">Excel&#8217;deki joker karakterler<\/a><\/li><li> <a href=\"https:\/\/exceladvisor.org\/tr\/formulu-gizle\/\">Excel&#8217;de form\u00fcl\u00fc gizle<\/a><\/li><li> <a href=\"https:\/\/exceladvisor.org\/tr\/r1c1\/\">Excel&#8217;de R1C1 referans stili<\/a> <\/li><\/ul><\/div><\/div><div class=\"gb-grid-column gb-grid-column-5b4a0cf9\"><div class=\"gb-container gb-container-5b4a0cf9\"><\/div><\/div><\/div><\/div>","protected":false},"excerpt":{"rendered":"","protected":false},"author":1,"featured_media":0,"parent":0,"menu_order":0,"comment_status":"open","ping_status":"closed","template":"","meta":{"ub_ctt_via":"","footnotes":""},"class_list":["post-1609","page","type-page","status-publish","hentry"],"featured_image_src":null,"yoast_head":"<!-- This site is optimized with the Yoast SEO plugin v25.4 - https:\/\/yoast.com\/wordpress\/plugins\/seo\/ -->\n<title>Excel&#039;de 3D referans nas\u0131l olu\u015fturulur? (E\u011fitim 2023)<\/title>\n<meta name=\"description\" content=\"Excel 3D referans\u0131 ile farkl\u0131 \u00e7al\u0131\u015fma sayfalar\u0131ndaki ayn\u0131 h\u00fccre aral\u0131\u011f\u0131na referans verebilirsiniz. Olabilir\" \/>\n<meta name=\"robots\" content=\"index, follow, max-snippet:-1, max-image-preview:large, max-video-preview:-1\" \/>\n<link rel=\"canonical\" href=\"https:\/\/exceladvisor.org\/tr\/referans-3d\/\" \/>\n<meta property=\"og:locale\" content=\"tr_TR\" \/>\n<meta property=\"og:type\" content=\"article\" \/>\n<meta property=\"og:title\" content=\"Excel&#039;de 3D referans nas\u0131l olu\u015fturulur? (E\u011fitim 2023)\" \/>\n<meta property=\"og:description\" content=\"Excel 3D referans\u0131 ile farkl\u0131 \u00e7al\u0131\u015fma sayfalar\u0131ndaki ayn\u0131 h\u00fccre aral\u0131\u011f\u0131na referans verebilirsiniz. Olabilir\" \/>\n<meta property=\"og:url\" content=\"https:\/\/exceladvisor.org\/tr\/referans-3d\/\" \/>\n<meta property=\"og:site_name\" content=\"Excel Advisor\" \/>\n<meta property=\"article:modified_time\" content=\"2023-12-10T06:00:03+00:00\" \/>\n<meta property=\"og:image\" content=\"https:\/\/exceladvisor.org\/wp-content\/uploads\/2023\/08\/Ajouter-des-feuilles-de-calcul-pour-utiliser-la-plage-Excel-3D.png\" \/>\n<meta name=\"twitter:card\" content=\"summary_large_image\" \/>\n<meta name=\"twitter:label1\" content=\"Tahmini okuma s\u00fcresi\" \/>\n\t<meta name=\"twitter:data1\" content=\"3 dakika\" \/>\n<script type=\"application\/ld+json\" class=\"yoast-schema-graph\">{\"@context\":\"https:\/\/schema.org\",\"@graph\":[{\"@type\":\"WebPage\",\"@id\":\"https:\/\/exceladvisor.org\/tr\/referans-3d\/\",\"url\":\"https:\/\/exceladvisor.org\/tr\/referans-3d\/\",\"name\":\"Excel&#39;de 3D referans nas\u0131l olu\u015fturulur? (E\u011fitim 2023)\",\"isPartOf\":{\"@id\":\"https:\/\/exceladvisor.org\/tr\/#website\"},\"primaryImageOfPage\":{\"@id\":\"https:\/\/exceladvisor.org\/tr\/referans-3d\/#primaryimage\"},\"image\":{\"@id\":\"https:\/\/exceladvisor.org\/tr\/referans-3d\/#primaryimage\"},\"thumbnailUrl\":\"https:\/\/exceladvisor.org\/wp-content\/uploads\/2023\/08\/Ajouter-des-feuilles-de-calcul-pour-utiliser-la-plage-Excel-3D.png\",\"datePublished\":\"2023-11-15T11:37:07+00:00\",\"dateModified\":\"2023-12-10T06:00:03+00:00\",\"description\":\"Excel 3D referans\u0131 ile farkl\u0131 \u00e7al\u0131\u015fma sayfalar\u0131ndaki ayn\u0131 h\u00fccre aral\u0131\u011f\u0131na referans verebilirsiniz. Olabilir\",\"breadcrumb\":{\"@id\":\"https:\/\/exceladvisor.org\/tr\/referans-3d\/#breadcrumb\"},\"inLanguage\":\"tr\",\"potentialAction\":[{\"@type\":\"ReadAction\",\"target\":[\"https:\/\/exceladvisor.org\/tr\/referans-3d\/\"]}]},{\"@type\":\"ImageObject\",\"inLanguage\":\"tr\",\"@id\":\"https:\/\/exceladvisor.org\/tr\/referans-3d\/#primaryimage\",\"url\":\"https:\/\/exceladvisor.org\/wp-content\/uploads\/2023\/08\/Ajouter-des-feuilles-de-calcul-pour-utiliser-la-plage-Excel-3D.png\",\"contentUrl\":\"https:\/\/exceladvisor.org\/wp-content\/uploads\/2023\/08\/Ajouter-des-feuilles-de-calcul-pour-utiliser-la-plage-Excel-3D.png\"},{\"@type\":\"BreadcrumbList\",\"@id\":\"https:\/\/exceladvisor.org\/tr\/referans-3d\/#breadcrumb\",\"itemListElement\":[{\"@type\":\"ListItem\",\"position\":1,\"name\":\"Ev\",\"item\":\"https:\/\/exceladvisor.org\/tr\/\"},{\"@type\":\"ListItem\",\"position\":2,\"name\":\"Excel&#39;de 3d referans nas\u0131l olu\u015fturulur?\"}]},{\"@type\":\"WebSite\",\"@id\":\"https:\/\/exceladvisor.org\/tr\/#website\",\"url\":\"https:\/\/exceladvisor.org\/tr\/\",\"name\":\"Excel Advisor\",\"description\":\"Veri hakimiyetine y\u00f6nelik nihai rehberiniz!\",\"publisher\":{\"@id\":\"https:\/\/exceladvisor.org\/tr\/#organization\"},\"potentialAction\":[{\"@type\":\"SearchAction\",\"target\":{\"@type\":\"EntryPoint\",\"urlTemplate\":\"https:\/\/exceladvisor.org\/tr\/?s={search_term_string}\"},\"query-input\":{\"@type\":\"PropertyValueSpecification\",\"valueRequired\":true,\"valueName\":\"search_term_string\"}}],\"inLanguage\":\"tr\"},{\"@type\":\"Organization\",\"@id\":\"https:\/\/exceladvisor.org\/tr\/#organization\",\"name\":\"Excel Advisor\",\"url\":\"https:\/\/exceladvisor.org\/tr\/\",\"logo\":{\"@type\":\"ImageObject\",\"inLanguage\":\"tr\",\"@id\":\"https:\/\/exceladvisor.org\/tr\/#\/schema\/logo\/image\/\",\"url\":\"https:\/\/exceladvisor.org\/tr\/wp-content\/uploads\/2023\/12\/exceladvisor.org_.png\",\"contentUrl\":\"https:\/\/exceladvisor.org\/tr\/wp-content\/uploads\/2023\/12\/exceladvisor.org_.png\",\"width\":105,\"height\":36,\"caption\":\"Excel Advisor\"},\"image\":{\"@id\":\"https:\/\/exceladvisor.org\/tr\/#\/schema\/logo\/image\/\"}}]}<\/script>\n<!-- \/ Yoast SEO plugin. -->","yoast_head_json":{"title":"Excel&#39;de 3D referans nas\u0131l olu\u015fturulur? (E\u011fitim 2023)","description":"Excel 3D referans\u0131 ile farkl\u0131 \u00e7al\u0131\u015fma sayfalar\u0131ndaki ayn\u0131 h\u00fccre aral\u0131\u011f\u0131na referans verebilirsiniz. Olabilir","robots":{"index":"index","follow":"follow","max-snippet":"max-snippet:-1","max-image-preview":"max-image-preview:large","max-video-preview":"max-video-preview:-1"},"canonical":"https:\/\/exceladvisor.org\/tr\/referans-3d\/","og_locale":"tr_TR","og_type":"article","og_title":"Excel&#39;de 3D referans nas\u0131l olu\u015fturulur? (E\u011fitim 2023)","og_description":"Excel 3D referans\u0131 ile farkl\u0131 \u00e7al\u0131\u015fma sayfalar\u0131ndaki ayn\u0131 h\u00fccre aral\u0131\u011f\u0131na referans verebilirsiniz. Olabilir","og_url":"https:\/\/exceladvisor.org\/tr\/referans-3d\/","og_site_name":"Excel Advisor","article_modified_time":"2023-12-10T06:00:03+00:00","og_image":[{"url":"https:\/\/exceladvisor.org\/wp-content\/uploads\/2023\/08\/Ajouter-des-feuilles-de-calcul-pour-utiliser-la-plage-Excel-3D.png","type":"","width":"","height":""}],"twitter_card":"summary_large_image","twitter_misc":{"Tahmini okuma s\u00fcresi":"3 dakika"},"schema":{"@context":"https:\/\/schema.org","@graph":[{"@type":"WebPage","@id":"https:\/\/exceladvisor.org\/tr\/referans-3d\/","url":"https:\/\/exceladvisor.org\/tr\/referans-3d\/","name":"Excel&#39;de 3D referans nas\u0131l olu\u015fturulur? (E\u011fitim 2023)","isPartOf":{"@id":"https:\/\/exceladvisor.org\/tr\/#website"},"primaryImageOfPage":{"@id":"https:\/\/exceladvisor.org\/tr\/referans-3d\/#primaryimage"},"image":{"@id":"https:\/\/exceladvisor.org\/tr\/referans-3d\/#primaryimage"},"thumbnailUrl":"https:\/\/exceladvisor.org\/wp-content\/uploads\/2023\/08\/Ajouter-des-feuilles-de-calcul-pour-utiliser-la-plage-Excel-3D.png","datePublished":"2023-11-15T11:37:07+00:00","dateModified":"2023-12-10T06:00:03+00:00","description":"Excel 3D referans\u0131 ile farkl\u0131 \u00e7al\u0131\u015fma sayfalar\u0131ndaki ayn\u0131 h\u00fccre aral\u0131\u011f\u0131na referans verebilirsiniz. Olabilir","breadcrumb":{"@id":"https:\/\/exceladvisor.org\/tr\/referans-3d\/#breadcrumb"},"inLanguage":"tr","potentialAction":[{"@type":"ReadAction","target":["https:\/\/exceladvisor.org\/tr\/referans-3d\/"]}]},{"@type":"ImageObject","inLanguage":"tr","@id":"https:\/\/exceladvisor.org\/tr\/referans-3d\/#primaryimage","url":"https:\/\/exceladvisor.org\/wp-content\/uploads\/2023\/08\/Ajouter-des-feuilles-de-calcul-pour-utiliser-la-plage-Excel-3D.png","contentUrl":"https:\/\/exceladvisor.org\/wp-content\/uploads\/2023\/08\/Ajouter-des-feuilles-de-calcul-pour-utiliser-la-plage-Excel-3D.png"},{"@type":"BreadcrumbList","@id":"https:\/\/exceladvisor.org\/tr\/referans-3d\/#breadcrumb","itemListElement":[{"@type":"ListItem","position":1,"name":"Ev","item":"https:\/\/exceladvisor.org\/tr\/"},{"@type":"ListItem","position":2,"name":"Excel&#39;de 3d referans nas\u0131l olu\u015fturulur?"}]},{"@type":"WebSite","@id":"https:\/\/exceladvisor.org\/tr\/#website","url":"https:\/\/exceladvisor.org\/tr\/","name":"Excel Advisor","description":"Veri hakimiyetine y\u00f6nelik nihai rehberiniz!","publisher":{"@id":"https:\/\/exceladvisor.org\/tr\/#organization"},"potentialAction":[{"@type":"SearchAction","target":{"@type":"EntryPoint","urlTemplate":"https:\/\/exceladvisor.org\/tr\/?s={search_term_string}"},"query-input":{"@type":"PropertyValueSpecification","valueRequired":true,"valueName":"search_term_string"}}],"inLanguage":"tr"},{"@type":"Organization","@id":"https:\/\/exceladvisor.org\/tr\/#organization","name":"Excel Advisor","url":"https:\/\/exceladvisor.org\/tr\/","logo":{"@type":"ImageObject","inLanguage":"tr","@id":"https:\/\/exceladvisor.org\/tr\/#\/schema\/logo\/image\/","url":"https:\/\/exceladvisor.org\/tr\/wp-content\/uploads\/2023\/12\/exceladvisor.org_.png","contentUrl":"https:\/\/exceladvisor.org\/tr\/wp-content\/uploads\/2023\/12\/exceladvisor.org_.png","width":105,"height":36,"caption":"Excel Advisor"},"image":{"@id":"https:\/\/exceladvisor.org\/tr\/#\/schema\/logo\/image\/"}}]}},"yoast_meta":{"yoast_wpseo_title":"","yoast_wpseo_metadesc":"","yoast_wpseo_canonical":""},"_links":{"self":[{"href":"https:\/\/exceladvisor.org\/tr\/wp-json\/wp\/v2\/pages\/1609","targetHints":{"allow":["GET"]}}],"collection":[{"href":"https:\/\/exceladvisor.org\/tr\/wp-json\/wp\/v2\/pages"}],"about":[{"href":"https:\/\/exceladvisor.org\/tr\/wp-json\/wp\/v2\/types\/page"}],"author":[{"embeddable":true,"href":"https:\/\/exceladvisor.org\/tr\/wp-json\/wp\/v2\/users\/1"}],"replies":[{"embeddable":true,"href":"https:\/\/exceladvisor.org\/tr\/wp-json\/wp\/v2\/comments?post=1609"}],"version-history":[{"count":1,"href":"https:\/\/exceladvisor.org\/tr\/wp-json\/wp\/v2\/pages\/1609\/revisions"}],"predecessor-version":[{"id":2375,"href":"https:\/\/exceladvisor.org\/tr\/wp-json\/wp\/v2\/pages\/1609\/revisions\/2375"}],"wp:attachment":[{"href":"https:\/\/exceladvisor.org\/tr\/wp-json\/wp\/v2\/media?parent=1609"}],"curies":[{"name":"wp","href":"https:\/\/api.w.org\/{rel}","templated":true}]}}