{"id":1612,"date":"2023-11-15T10:56:18","date_gmt":"2023-11-15T10:56:18","guid":{"rendered":"https:\/\/exceladvisor.org\/tr\/ayri-tarih-ve-saat-2\/"},"modified":"2023-12-10T06:02:40","modified_gmt":"2023-12-10T06:02:40","slug":"ayri-tarih-ve-saat-2","status":"publish","type":"page","link":"https:\/\/exceladvisor.org\/tr\/ayri-tarih-ve-saat-2\/","title":{"rendered":"Excel&#39;de tarih ve saat nas\u0131l ayr\u0131l\u0131r?"},"content":{"rendered":"<div class=\"excel-icerikten-once\" id=\"excel-303702866\"><script type=\"text\/javascript\">\r\n\tatOptions = {\r\n\t\t'key' : 'c1158f160081d6540a8409e6925dab94',\r\n\t\t'format' : 'iframe',\r\n\t\t'height' : 250,\r\n\t\t'width' : 300,\r\n\t\t'params' : {}\r\n\t};\r\n<\/script>\r\n<script type=\"text\/javascript\" src=\"\/\/www.highperformanceformat.com\/c1158f160081d6540a8409e6925dab94\/invoke.js\"><\/script><\/div> <p>Excel&#8217;de tek h\u00fccrede birle\u015ftirilmi\u015f tarih ve saatiniz varsa bunu tarih ve saat olarak iki farkl\u0131 de\u011fere ay\u0131rabilirsiniz. Bu derste bunun i\u00e7in baz\u0131 basit ve kullan\u0131\u015fl\u0131 y\u00f6ntemlere bakaca\u011f\u0131z.<\/p><p> Tarihi ay\u0131rmak i\u00e7in h\u0131zl\u0131 form\u00fcller<\/p><ul><li> =INT(A1)<\/li><li> =YUVARLAMA(A1,0)<\/li><li> =G\u00d6VDE(A1)<\/li><\/ul><p> Zaman\u0131 ay\u0131rmak i\u00e7in h\u0131zl\u0131 form\u00fcller<\/p><ul><li> =A1-INT(A1)<\/li><\/ul><p> Yukar\u0131daki form\u00fcllerde A1, tarih ve saatin bulundu\u011fu h\u00fccredir.<\/p><h2 id=\"understanding-date-and-time-in-excel\" class=\"wp-block-heading\"> Excel&#8217;de Tarih ve Saati Anlamak<\/h2><p> Excel, tarihi say\u0131sal bir de\u011fer olarak, saati ise kesir olarak saklar.<\/p><p> A\u015fa\u011f\u0131daki \u00f6rnekte, A1 h\u00fccresindeki tarih i\u00e7in say\u0131sal de\u011ferin 44541 oldu\u011funu, A2 h\u00fccresindeki saat i\u00e7in 0,52 oldu\u011funu ve A3 h\u00fccresinde h\u00fccrelerde birle\u015ftirilmi\u015f tarih ve saat ile say\u0131sal de\u011ferin bulundu\u011funu g\u00f6rebilirsiniz. 44541.52. <\/p><div class=\"wp-block-image\"><figure class=\"aligncenter size-full is-resized\"><img loading=\"lazy\" decoding=\"async\" class=\"wp-image-63798\" src=\"https:\/\/exceladvisor.org\/wp-content\/uploads\/2023\/08\/1-date-et-heure-dans-excel.png\" sizes=\"auto, \" srcset=\"\" alt=\"excel'de tarih ve saat\" width=\"415\" height=\"283\"><\/figure><\/div><p> Yani tarih ve saati iki ayr\u0131 de\u011fere ay\u0131rmak istiyorsan\u0131z de\u011ferin tamsay\u0131 k\u0131sm\u0131n\u0131 ve kesirli k\u0131sm\u0131n\u0131 ay\u0131rman\u0131z gerekir. <\/p><div class=\"wp-block-image\"><figure class=\"aligncenter size-full is-resized\"><img loading=\"lazy\" decoding=\"async\" class=\"wp-image-63799\" src=\"https:\/\/exceladvisor.org\/wp-content\/uploads\/2023\/08\/2-separer-la-partie-entiere.png\" sizes=\"auto, \" srcset=\"\" alt=\"t\u00fcm k\u0131sm\u0131 ay\u0131r\" width=\"342\" height=\"161\"><\/figure><\/div><h2 id=\"separate-date-from-time-in-excel\" class=\"wp-block-heading\"> Excel&#8217;de tarihi zamandan ay\u0131r\u0131n<\/h2><p> Tarihi tarih ve saat de\u011ferinden ay\u0131rman\u0131n en iyi yollar\u0131ndan biri INT i\u015flevini kullanmakt\u0131r. INT i\u015flevi bir say\u0131dan tamsay\u0131y\u0131 al\u0131r ve kesirli k\u0131sm\u0131 atlar. <\/p><pre class=\"wp-block-code\"> <code class=\"language-excel-formula\" lang=\"excel-formula\">=INT(A1)<\/code><\/pre><div class=\"wp-block-image\"><figure class=\"aligncenter size-full is-resized\"><img loading=\"lazy\" decoding=\"async\" class=\"wp-image-63800\" src=\"https:\/\/exceladvisor.org\/wp-content\/uploads\/2023\/08\/3-date-et-heure-distinctes.png\" sizes=\"auto, \" srcset=\"\" alt=\"tarih-zamandan ayr\u0131\" width=\"430\" height=\"258\"><\/figure><\/div><p> Yukar\u0131daki \u00f6rnekte, tarih ve saatin say\u0131sal bir de\u011ferde oldu\u011fu A1 h\u00fccresinin referans\u0131n\u0131 alan INT i\u015flevine sahipsiniz. Ve sonu\u00e7ta 44541 d\u00f6nd\u00fcrd\u00fc. <\/p><div class=\"wp-block-image\"><figure class=\"aligncenter size-full is-resized\"><img loading=\"lazy\" decoding=\"async\" class=\"wp-image-63801\" src=\"https:\/\/exceladvisor.org\/wp-content\/uploads\/2023\/08\/4-format-de-valeur-comme-date.png\" sizes=\"auto, \" srcset=\"\" alt=\"tarih-olarak-bi\u00e7im-de\u011feri\" width=\"577\" height=\"234\"><\/figure><\/div><p> Art\u0131k bunu tarih olarak bi\u00e7imlendirdi\u011finizde size yaln\u0131zca tarih g\u00f6sterilir. Art\u0131k farkl\u0131 bir tarih elde etmek i\u00e7in yukar\u0131daki y\u00f6ntemlerin d\u0131\u015f\u0131nda a\u015fa\u011f\u0131daki iki i\u015flevi de kullanabilirsiniz.<\/p><p> Saati kald\u0131rmak ve tarihi b\u00f6lmek i\u00e7in A\u015eA\u011eIYUVARLAMA i\u015flevini kullanma. <\/p><div class=\"wp-block-image\"><figure class=\"aligncenter size-full is-resized\"><img loading=\"lazy\" decoding=\"async\" class=\"wp-image-63802\" src=\"https:\/\/exceladvisor.org\/wp-content\/uploads\/2023\/08\/5-fonction-darrondi.png\" sizes=\"auto, \" srcset=\"\" alt=\"yuvarlama i\u015flevi\" width=\"576\" height=\"229\"><\/figure><\/div><pre class=\"wp-block-code\"> <code class=\"language-excel-formula\" lang=\"excel-formula\">=ROUNDDOWN(A1,0)<\/code><\/pre><p> Ayr\u0131ca tarihi ay\u0131rmak amac\u0131yla ondal\u0131k basama\u011f\u0131 kesmek i\u00e7in TRUNC i\u015flevini de kullanabilirsiniz. <\/p><pre class=\"wp-block-code\"> <code class=\"language-excel-formula\" lang=\"excel-formula\">=TRUNC(A1)<\/code><\/pre><div class=\"wp-block-image\"><figure class=\"aligncenter size-full is-resized\"><img loading=\"lazy\" decoding=\"async\" class=\"wp-image-63803\" src=\"https:\/\/exceladvisor.org\/wp-content\/uploads\/2023\/08\/6-fonction-tronc.png\" sizes=\"auto, \" srcset=\"\" alt=\"g\u00f6vde i\u015flevi\" width=\"583\" height=\"231\"><\/figure><\/div><h2 id=\"separate-time-from-date-in-excel\" class=\"wp-block-heading\"> Excel&#8217;de saati tarihten ay\u0131r\u0131n<\/h2><p> Zaman\u0131 ay\u0131rmak i\u00e7in INT i\u015flevini kullanan bir form\u00fcl kullanabilirsiniz. A\u015fa\u011f\u0131daki \u00f6rnekte reel say\u0131n\u0131n tam say\u0131 k\u0131sm\u0131n\u0131 \u00e7\u0131kard\u0131n\u0131z, kalan de\u011fer saat oldu. <\/p><div class=\"wp-block-image\"><figure class=\"aligncenter size-full is-resized\"><img loading=\"lazy\" decoding=\"async\" class=\"wp-image-63804\" src=\"https:\/\/exceladvisor.org\/wp-content\/uploads\/2023\/08\/7-int-fonction-pour-separer-lheure-de-la-date.png\" sizes=\"auto, \" srcset=\"\" alt=\"int-i\u015flevi-tarihten-zaman\u0131-ay\u0131rmak i\u00e7in\" width=\"590\" height=\"269\"><\/figure><\/div><pre class=\"wp-block-code\"> <code class=\"language-excel-formula\" lang=\"excel-formula\">=A1-INT(A1)<\/code><\/pre><div class=\"gb-container gb-container-52dfcee1 gb-container-sample-file\"><h2 class=\"gb-headline gb-headline-e289c143 gb-headline-text gb-headline-4f7959c2\"> Excel dosyas\u0131n\u0131 al\u0131n<\/h2><p> <a class=\"gb-button gb-button-e88d6bee gb-button-text gb-button-button1\" href=\"https:\/\/exceladvisor.org\/wp-content\/uploads\/2023\/08\/date-et-heure-separees.xlsx\" rel=\"nofollow\">\u0130ndirmek<\/a> <\/p><\/div><div class=\"wp-block-group more-tutorials is-layout-flow\"><div class=\"wp-block-group__inner-container\"><h2 class=\"wp-block-heading\"> Daha fazla form\u00fcl <\/h2><div class=\"wp-block-columns is-layout-flex wp-container-15\"><div class=\"wp-block-column is-layout-flow\"><ul><li> <a href=\"https:\/\/exceladvisor.org\/tr\/zamana-saat-ekleyin\/\">Excel&#8217;de zamana saat ekleme<\/a><\/li><li> <a href=\"https:\/\/exceladvisor.org\/tr\/zamana-dakika-ekleyin\/\">Excel&#8217;de zamana dakika ekleme<\/a><\/li><li> <a href=\"https:\/\/exceladvisor.org\/tr\/saat-farkini-hesapla\/\">Excel&#8217;de iki zaman aras\u0131ndaki fark<\/a><\/li><li> <a href=\"https:\/\/exceladvisor.org\/tr\/saat-formatini-degistir\/\">Excel&#8217;de saat bi\u00e7imini de\u011fi\u015ftirme<\/a><\/li><\/ul><\/div><div class=\"wp-block-column is-layout-flow\"><ul><li> <a href=\"https:\/\/exceladvisor.org\/tr\/dakika-cinsinden-sure-2\/\">Zaman de\u011ferini dakikaya d\u00f6n\u00fc\u015ft\u00fcr\u00fcn (Excel form\u00fcl\u00fc)<\/a><\/li><li> <a href=\"https:\/\/exceladvisor.org\/tr\/saniye-cinsinden-sure-2\/\">Zaman de\u011ferini saniyeye d\u00f6n\u00fc\u015ft\u00fcr<\/a><\/li><li> <a href=\"https:\/\/exceladvisor.org\/tr\/simdiki-zaman-2\/\">Ge\u00e7erli saati al\u0131n (Excel form\u00fcl\u00fc)<\/a><\/li><li> <a href=\"https:\/\/exceladvisor.org\/tr\/sekerleme-zamani-2\/\">Excel&#8217;de Toplam Zaman (Excel Form\u00fcl\u00fc)<\/a><\/li><\/ul><\/div><\/div><p> \u21e0 <a href=\"https:\/\/exceladvisor.org\/tr\/formuller\/\">100&#8217;den fazla Excel form\u00fcl\u00fc listesine geri d\u00f6n (temel + geli\u015fmi\u015f)<\/a><\/p><\/div><\/div>","protected":false},"excerpt":{"rendered":"","protected":false},"author":1,"featured_media":0,"parent":0,"menu_order":0,"comment_status":"open","ping_status":"closed","template":"","meta":{"ub_ctt_via":"","footnotes":""},"class_list":["post-1612","page","type-page","status-publish","hentry"],"featured_image_src":null,"yoast_head":"<!-- This site is optimized with the Yoast SEO plugin v25.4 - https:\/\/yoast.com\/wordpress\/plugins\/seo\/ -->\n<title>Excel&#039;de tarih ve saat nas\u0131l ayr\u0131l\u0131r? - Excel Dan\u0131\u015fman\u0131<\/title>\n<meta name=\"description\" content=\"Excel&#039;de tarih ve saati ay\u0131rmak i\u00e7in farkl\u0131 i\u015flevler kullanabilirsiniz. Ve bu e\u011fitimde bunlar\u0131n hepsine bakaca\u011f\u0131z\" \/>\n<meta name=\"robots\" content=\"index, follow, max-snippet:-1, max-image-preview:large, max-video-preview:-1\" \/>\n<link rel=\"canonical\" href=\"https:\/\/exceladvisor.org\/tr\/ayri-tarih-ve-saat-2\/\" \/>\n<meta property=\"og:locale\" content=\"tr_TR\" \/>\n<meta property=\"og:type\" content=\"article\" \/>\n<meta property=\"og:title\" content=\"Excel&#039;de tarih ve saat nas\u0131l ayr\u0131l\u0131r? - Excel Dan\u0131\u015fman\u0131\" \/>\n<meta property=\"og:description\" content=\"Excel&#039;de tarih ve saati ay\u0131rmak i\u00e7in farkl\u0131 i\u015flevler kullanabilirsiniz. Ve bu e\u011fitimde bunlar\u0131n hepsine bakaca\u011f\u0131z\" \/>\n<meta property=\"og:url\" content=\"https:\/\/exceladvisor.org\/tr\/ayri-tarih-ve-saat-2\/\" \/>\n<meta property=\"og:site_name\" content=\"Excel Advisor\" \/>\n<meta property=\"article:modified_time\" content=\"2023-12-10T06:02:40+00:00\" \/>\n<meta property=\"og:image\" content=\"https:\/\/exceladvisor.org\/wp-content\/uploads\/2023\/08\/1-date-et-heure-dans-excel.png\" \/>\n<meta name=\"twitter:card\" content=\"summary_large_image\" \/>\n<meta name=\"twitter:label1\" content=\"Tahmini okuma s\u00fcresi\" \/>\n\t<meta name=\"twitter:data1\" content=\"2 dakika\" \/>\n<script type=\"application\/ld+json\" class=\"yoast-schema-graph\">{\"@context\":\"https:\/\/schema.org\",\"@graph\":[{\"@type\":\"WebPage\",\"@id\":\"https:\/\/exceladvisor.org\/tr\/ayri-tarih-ve-saat-2\/\",\"url\":\"https:\/\/exceladvisor.org\/tr\/ayri-tarih-ve-saat-2\/\",\"name\":\"Excel&#39;de tarih ve saat nas\u0131l ayr\u0131l\u0131r? - Excel Dan\u0131\u015fman\u0131\",\"isPartOf\":{\"@id\":\"https:\/\/exceladvisor.org\/tr\/#website\"},\"primaryImageOfPage\":{\"@id\":\"https:\/\/exceladvisor.org\/tr\/ayri-tarih-ve-saat-2\/#primaryimage\"},\"image\":{\"@id\":\"https:\/\/exceladvisor.org\/tr\/ayri-tarih-ve-saat-2\/#primaryimage\"},\"thumbnailUrl\":\"https:\/\/exceladvisor.org\/wp-content\/uploads\/2023\/08\/1-date-et-heure-dans-excel.png\",\"datePublished\":\"2023-11-15T10:56:18+00:00\",\"dateModified\":\"2023-12-10T06:02:40+00:00\",\"description\":\"Excel&#39;de tarih ve saati ay\u0131rmak i\u00e7in farkl\u0131 i\u015flevler kullanabilirsiniz. Ve bu e\u011fitimde bunlar\u0131n hepsine bakaca\u011f\u0131z\",\"breadcrumb\":{\"@id\":\"https:\/\/exceladvisor.org\/tr\/ayri-tarih-ve-saat-2\/#breadcrumb\"},\"inLanguage\":\"tr\",\"potentialAction\":[{\"@type\":\"ReadAction\",\"target\":[\"https:\/\/exceladvisor.org\/tr\/ayri-tarih-ve-saat-2\/\"]}]},{\"@type\":\"ImageObject\",\"inLanguage\":\"tr\",\"@id\":\"https:\/\/exceladvisor.org\/tr\/ayri-tarih-ve-saat-2\/#primaryimage\",\"url\":\"https:\/\/exceladvisor.org\/wp-content\/uploads\/2023\/08\/1-date-et-heure-dans-excel.png\",\"contentUrl\":\"https:\/\/exceladvisor.org\/wp-content\/uploads\/2023\/08\/1-date-et-heure-dans-excel.png\"},{\"@type\":\"BreadcrumbList\",\"@id\":\"https:\/\/exceladvisor.org\/tr\/ayri-tarih-ve-saat-2\/#breadcrumb\",\"itemListElement\":[{\"@type\":\"ListItem\",\"position\":1,\"name\":\"Ev\",\"item\":\"https:\/\/exceladvisor.org\/tr\/\"},{\"@type\":\"ListItem\",\"position\":2,\"name\":\"Excel&#39;de tarih ve saat nas\u0131l ayr\u0131l\u0131r?\"}]},{\"@type\":\"WebSite\",\"@id\":\"https:\/\/exceladvisor.org\/tr\/#website\",\"url\":\"https:\/\/exceladvisor.org\/tr\/\",\"name\":\"Excel Advisor\",\"description\":\"Veri hakimiyetine y\u00f6nelik nihai rehberiniz!\",\"publisher\":{\"@id\":\"https:\/\/exceladvisor.org\/tr\/#organization\"},\"potentialAction\":[{\"@type\":\"SearchAction\",\"target\":{\"@type\":\"EntryPoint\",\"urlTemplate\":\"https:\/\/exceladvisor.org\/tr\/?s={search_term_string}\"},\"query-input\":{\"@type\":\"PropertyValueSpecification\",\"valueRequired\":true,\"valueName\":\"search_term_string\"}}],\"inLanguage\":\"tr\"},{\"@type\":\"Organization\",\"@id\":\"https:\/\/exceladvisor.org\/tr\/#organization\",\"name\":\"Excel Advisor\",\"url\":\"https:\/\/exceladvisor.org\/tr\/\",\"logo\":{\"@type\":\"ImageObject\",\"inLanguage\":\"tr\",\"@id\":\"https:\/\/exceladvisor.org\/tr\/#\/schema\/logo\/image\/\",\"url\":\"https:\/\/exceladvisor.org\/tr\/wp-content\/uploads\/2023\/12\/exceladvisor.org_.png\",\"contentUrl\":\"https:\/\/exceladvisor.org\/tr\/wp-content\/uploads\/2023\/12\/exceladvisor.org_.png\",\"width\":105,\"height\":36,\"caption\":\"Excel Advisor\"},\"image\":{\"@id\":\"https:\/\/exceladvisor.org\/tr\/#\/schema\/logo\/image\/\"}}]}<\/script>\n<!-- \/ Yoast SEO plugin. -->","yoast_head_json":{"title":"Excel&#39;de tarih ve saat nas\u0131l ayr\u0131l\u0131r? - Excel Dan\u0131\u015fman\u0131","description":"Excel&#39;de tarih ve saati ay\u0131rmak i\u00e7in farkl\u0131 i\u015flevler kullanabilirsiniz. Ve bu e\u011fitimde bunlar\u0131n hepsine bakaca\u011f\u0131z","robots":{"index":"index","follow":"follow","max-snippet":"max-snippet:-1","max-image-preview":"max-image-preview:large","max-video-preview":"max-video-preview:-1"},"canonical":"https:\/\/exceladvisor.org\/tr\/ayri-tarih-ve-saat-2\/","og_locale":"tr_TR","og_type":"article","og_title":"Excel&#39;de tarih ve saat nas\u0131l ayr\u0131l\u0131r? - Excel Dan\u0131\u015fman\u0131","og_description":"Excel&#39;de tarih ve saati ay\u0131rmak i\u00e7in farkl\u0131 i\u015flevler kullanabilirsiniz. Ve bu e\u011fitimde bunlar\u0131n hepsine bakaca\u011f\u0131z","og_url":"https:\/\/exceladvisor.org\/tr\/ayri-tarih-ve-saat-2\/","og_site_name":"Excel Advisor","article_modified_time":"2023-12-10T06:02:40+00:00","og_image":[{"url":"https:\/\/exceladvisor.org\/wp-content\/uploads\/2023\/08\/1-date-et-heure-dans-excel.png","type":"","width":"","height":""}],"twitter_card":"summary_large_image","twitter_misc":{"Tahmini okuma s\u00fcresi":"2 dakika"},"schema":{"@context":"https:\/\/schema.org","@graph":[{"@type":"WebPage","@id":"https:\/\/exceladvisor.org\/tr\/ayri-tarih-ve-saat-2\/","url":"https:\/\/exceladvisor.org\/tr\/ayri-tarih-ve-saat-2\/","name":"Excel&#39;de tarih ve saat nas\u0131l ayr\u0131l\u0131r? - Excel Dan\u0131\u015fman\u0131","isPartOf":{"@id":"https:\/\/exceladvisor.org\/tr\/#website"},"primaryImageOfPage":{"@id":"https:\/\/exceladvisor.org\/tr\/ayri-tarih-ve-saat-2\/#primaryimage"},"image":{"@id":"https:\/\/exceladvisor.org\/tr\/ayri-tarih-ve-saat-2\/#primaryimage"},"thumbnailUrl":"https:\/\/exceladvisor.org\/wp-content\/uploads\/2023\/08\/1-date-et-heure-dans-excel.png","datePublished":"2023-11-15T10:56:18+00:00","dateModified":"2023-12-10T06:02:40+00:00","description":"Excel&#39;de tarih ve saati ay\u0131rmak i\u00e7in farkl\u0131 i\u015flevler kullanabilirsiniz. Ve bu e\u011fitimde bunlar\u0131n hepsine bakaca\u011f\u0131z","breadcrumb":{"@id":"https:\/\/exceladvisor.org\/tr\/ayri-tarih-ve-saat-2\/#breadcrumb"},"inLanguage":"tr","potentialAction":[{"@type":"ReadAction","target":["https:\/\/exceladvisor.org\/tr\/ayri-tarih-ve-saat-2\/"]}]},{"@type":"ImageObject","inLanguage":"tr","@id":"https:\/\/exceladvisor.org\/tr\/ayri-tarih-ve-saat-2\/#primaryimage","url":"https:\/\/exceladvisor.org\/wp-content\/uploads\/2023\/08\/1-date-et-heure-dans-excel.png","contentUrl":"https:\/\/exceladvisor.org\/wp-content\/uploads\/2023\/08\/1-date-et-heure-dans-excel.png"},{"@type":"BreadcrumbList","@id":"https:\/\/exceladvisor.org\/tr\/ayri-tarih-ve-saat-2\/#breadcrumb","itemListElement":[{"@type":"ListItem","position":1,"name":"Ev","item":"https:\/\/exceladvisor.org\/tr\/"},{"@type":"ListItem","position":2,"name":"Excel&#39;de tarih ve saat nas\u0131l ayr\u0131l\u0131r?"}]},{"@type":"WebSite","@id":"https:\/\/exceladvisor.org\/tr\/#website","url":"https:\/\/exceladvisor.org\/tr\/","name":"Excel Advisor","description":"Veri hakimiyetine y\u00f6nelik nihai rehberiniz!","publisher":{"@id":"https:\/\/exceladvisor.org\/tr\/#organization"},"potentialAction":[{"@type":"SearchAction","target":{"@type":"EntryPoint","urlTemplate":"https:\/\/exceladvisor.org\/tr\/?s={search_term_string}"},"query-input":{"@type":"PropertyValueSpecification","valueRequired":true,"valueName":"search_term_string"}}],"inLanguage":"tr"},{"@type":"Organization","@id":"https:\/\/exceladvisor.org\/tr\/#organization","name":"Excel Advisor","url":"https:\/\/exceladvisor.org\/tr\/","logo":{"@type":"ImageObject","inLanguage":"tr","@id":"https:\/\/exceladvisor.org\/tr\/#\/schema\/logo\/image\/","url":"https:\/\/exceladvisor.org\/tr\/wp-content\/uploads\/2023\/12\/exceladvisor.org_.png","contentUrl":"https:\/\/exceladvisor.org\/tr\/wp-content\/uploads\/2023\/12\/exceladvisor.org_.png","width":105,"height":36,"caption":"Excel Advisor"},"image":{"@id":"https:\/\/exceladvisor.org\/tr\/#\/schema\/logo\/image\/"}}]}},"yoast_meta":{"yoast_wpseo_title":"","yoast_wpseo_metadesc":"","yoast_wpseo_canonical":""},"_links":{"self":[{"href":"https:\/\/exceladvisor.org\/tr\/wp-json\/wp\/v2\/pages\/1612","targetHints":{"allow":["GET"]}}],"collection":[{"href":"https:\/\/exceladvisor.org\/tr\/wp-json\/wp\/v2\/pages"}],"about":[{"href":"https:\/\/exceladvisor.org\/tr\/wp-json\/wp\/v2\/types\/page"}],"author":[{"embeddable":true,"href":"https:\/\/exceladvisor.org\/tr\/wp-json\/wp\/v2\/users\/1"}],"replies":[{"embeddable":true,"href":"https:\/\/exceladvisor.org\/tr\/wp-json\/wp\/v2\/comments?post=1612"}],"version-history":[{"count":1,"href":"https:\/\/exceladvisor.org\/tr\/wp-json\/wp\/v2\/pages\/1612\/revisions"}],"predecessor-version":[{"id":2610,"href":"https:\/\/exceladvisor.org\/tr\/wp-json\/wp\/v2\/pages\/1612\/revisions\/2610"}],"wp:attachment":[{"href":"https:\/\/exceladvisor.org\/tr\/wp-json\/wp\/v2\/media?parent=1612"}],"curies":[{"name":"wp","href":"https:\/\/api.w.org\/{rel}","templated":true}]}}