{"id":1613,"date":"2023-11-15T10:51:02","date_gmt":"2023-11-15T10:51:02","guid":{"rendered":"https:\/\/exceladvisor.org\/tr\/iki-sayinin-arasini-saymak\/"},"modified":"2023-12-10T06:04:16","modified_gmt":"2023-12-10T06:04:16","slug":"iki-sayinin-arasini-saymak","status":"publish","type":"page","link":"https:\/\/exceladvisor.org\/tr\/iki-sayinin-arasini-saymak\/","title":{"rendered":"I\u0307ki say\u0131 aras\u0131nda nas\u0131l say\u0131l\u0131r?"},"content":{"rendered":"<div class=\"excel-icerikten-once\" id=\"excel-2074831706\"><script type=\"text\/javascript\">\r\n\tatOptions = {\r\n\t\t'key' : 'c1158f160081d6540a8409e6925dab94',\r\n\t\t'format' : 'iframe',\r\n\t\t'height' : 250,\r\n\t\t'width' : 300,\r\n\t\t'params' : {}\r\n\t};\r\n<\/script>\r\n<script type=\"text\/javascript\" src=\"\/\/www.highperformanceformat.com\/c1158f160081d6540a8409e6925dab94\/invoke.js\"><\/script><\/div> <div class=\"adthrive-video-player in-post\" data-video-id=\"ss6mCvLf\" data-player-type=\"default\"><\/div><p> Excel&#8217;de E\u011eERSAY i\u015flevini kullanarak iki say\u0131 aras\u0131nda sayabilirsiniz. COUNTIFS i\u015fleviyle, say\u0131lacak bir say\u0131 aral\u0131\u011f\u0131 olu\u015fturmak i\u00e7in say\u0131lar\u0131n \u00fcst s\u0131n\u0131r\u0131n\u0131 ve alt s\u0131n\u0131r\u0131 belirtebilirsiniz. A\u015fa\u011f\u0131daki \u00f6rnekte ya\u015flar\u0131 olan isimlerin bir listesi var. \u015eimdi iki ya\u015ftaki insanlar\u0131, yani iki rakam\u0131 saymam\u0131z gerekiyor. <\/p><div class=\"gb-container gb-container-52dfcee1 gb-container-sample-file\"><h2 class=\"gb-headline gb-headline-e289c143 gb-headline-text gb-headline-4f7959c2\"> Excel dosyas\u0131n\u0131 al\u0131n<\/h2> <a class=\"gb-button gb-button-e88d6bee gb-button-text gb-button-button1\" href=\"https:\/\/exceladvisor.org\/wp-content\/uploads\/2023\/08\/compter-entre-deux-nombres-2.xlsx\" rel=\"nofollow\">\u0130ndirmek<\/a> <\/div><div class=\"wp-block-image\"><figure class=\"aligncenter size-full is-resized\"><img loading=\"lazy\" decoding=\"async\" class=\"wp-image-63808\" src=\"https:\/\/exceladvisor.org\/wp-content\/uploads\/2023\/08\/1-liste-de-noms-et-dage.png\" sizes=\"auto, \" srcset=\"\" alt=\"-isim-ve-ya\u015f listesi\" width=\"491\" height=\"515\"><\/figure><\/div><h2 id=\"using-countifs-to-count-between-two-numbers\" class=\"wp-block-heading\"> \u0130ki say\u0131 aras\u0131nda saymak i\u00e7in COUNTIFS kullan\u0131n<\/h2><p> 10 ile 25 aras\u0131ndaki say\u0131lar\u0131 saymak i\u00e7in E\u011eERSAY&#8217;\u0131 kullanarak form\u00fcller olu\u015fturmak i\u00e7in a\u015fa\u011f\u0131daki ad\u0131mlar\u0131 kullanabilirsiniz.<\/p><ol><li> \u00d6ncelikle C1 h\u00fccresine \u201c=COUNTIS(\u201d de\u011ferini girin. <br><img loading=\"lazy\" decoding=\"async\" title=\"\u0130\u015flev 2-kullan\u0131m-say\u0131m\u0131\" src=\"https:\/\/exceladvisor.org\/wp-content\/uploads\/2023\/08\/2-utiliser-la-fonction-countifs.png\" sizes=\"auto, \" srcset=\"\" alt=\"use-countifs-function\" width=\"530\" height=\"193\"><\/li><li> Bundan sonra de\u011ferleri saymak istedi\u011finiz aral\u0131\u011fa bak\u0131n. <br><img loading=\"lazy\" decoding=\"async\" title=\"3-bir aral\u0131\u011fa-ba\u015fvuru\" src=\"https:\/\/exceladvisor.org\/wp-content\/uploads\/2023\/08\/3-font-reference-a-une-gamme.png\" sizes=\"auto, \" srcset=\"\" alt=\"refer-to-a-range\" width=\"483\" height=\"273\"><\/li><li> Daha sonra \u00fcst ve e\u015fittir i\u015faretini kullanarak \u00fcst say\u0131y\u0131 belirtmeniz gerekir. <br><img loading=\"lazy\" decoding=\"async\" title=\"4-\u00fcst-say\u0131y\u0131-belirtin\" src=\"https:\/\/exceladvisor.org\/wp-content\/uploads\/2023\/08\/4-specifiez-le-chiffre-superieur.png\" sizes=\"auto, \" srcset=\"\" alt=\"specify-the-upper-number\" width=\"574\" height=\"267\"><\/li><li> Buradan yine kriter2&#8217;deki say\u0131 aral\u0131\u011f\u0131na ba\u015fvurman\u0131z gerekir. <br><img loading=\"lazy\" decoding=\"async\" title=\"5-aral\u0131\u011fa-bak\u0131n\" src=\"https:\/\/exceladvisor.org\/wp-content\/uploads\/2023\/08\/5-se-referer-a-la-gamme.png\" sizes=\"auto, \" srcset=\"\" alt=\"refer-to-the-range\" width=\"653\" height=\"284\"><\/li><li> Sonunda, sayma aral\u0131\u011f\u0131nda 10&#8217;dan k\u00fc\u00e7\u00fck bir say\u0131 belirtmek i\u00e7in k\u00fc\u00e7\u00fck ve e\u015fittir i\u015faretlerini kullan\u0131n. <br><img loading=\"lazy\" decoding=\"async\" title=\"6-a\u015fa\u011f\u0131da-say\u0131y\u0131 belirtin\" src=\"https:\/\/exceladvisor.org\/wp-content\/uploads\/2023\/08\/6-precisez-le-nombre-ci-dessous.png\" sizes=\"auto, \" srcset=\"\" alt=\"specify-the-number-below\" width=\"560\" height=\"260\"><\/li><\/ol><pre class=\"wp-block-code\"> <code class=\"language-excel-formula\" lang=\"excel-formula\">=COUNTIFS(B2:B26,\"&lt;=25\",B2:B26,\"&gt;=10\")<\/code><\/pre><p> COUNTIFS birden fazla kriter alabilir ve bunlara dayal\u0131 olarak de\u011ferleri sayabilir ve bu form\u00fcl\u00fc anlamak i\u00e7in onu iki par\u00e7aya b\u00f6lmemiz gerekir. <\/p><div class=\"wp-block-image\"><figure class=\"aligncenter size-full is-resized\"><img loading=\"lazy\" decoding=\"async\" class=\"wp-image-63814\" src=\"https:\/\/exceladvisor.org\/wp-content\/uploads\/2023\/08\/7-diviser-la-fonction-countifs.png\" sizes=\"auto, \" srcset=\"\" alt=\"say\u0131lar\u0131 b\u00f6lme i\u015flevi\" width=\"614\" height=\"177\"><\/figure><\/div><ol type=\"1\"><li> \u00d6ncelikle say\u0131lar\u0131 saymak istedi\u011finiz aral\u0131\u011f\u0131 ve \u00fcstteki say\u0131y\u0131 b\u00fcy\u00fck ve e\u015fittir i\u015faretlerini kullanarak belirlersiniz.<\/li><li> Daha sonra alttaki say\u0131y\u0131 ve say\u0131 aral\u0131\u011f\u0131n\u0131 belirlediniz. <\/li><\/ol><div class=\"gb-container gb-container-1b09ec6c gb-container-sample-file\"><h2 class=\"gb-headline gb-headline-176a8592 gb-headline-text gb-headline-4f7959c2\"> Excel dosyas\u0131n\u0131 al\u0131n<\/h2> <a class=\"gb-button gb-button-c9e1c226 gb-button-text gb-button-button1\" href=\"https:\/\/exceladvisor.org\/wp-content\/uploads\/2023\/08\/compter-entre-deux-nombres-2.xlsx\" rel=\"nofollow\">\u0130ndirmek<\/a><\/div><h2 id=\"using-sumproduct-to-count-cells-between-two-numbers\" class=\"wp-block-heading\"> \u0130ki say\u0131 aras\u0131ndaki h\u00fccreleri saymak i\u00e7in SUMproduct kullanma<\/h2><p> \u0130ki say\u0131 aras\u0131ndaki h\u00fccre say\u0131s\u0131n\u0131 saymak i\u00e7in SUMproduct i\u015flevini de kullanabilirsiniz. Bu form\u00fclde SUMproduct ile birlikte INT fonksiyonunu kullanmam\u0131z gerekiyor. A\u015fa\u011f\u0131daki form\u00fcle bak\u0131n: <\/p><pre class=\"wp-block-code\"> <code class=\"language-excel-formula\" lang=\"excel-formula\">=SUMPRODUCT(INT(B2:B26&gt;=10), INT(B2:B26&lt;=25))<\/code><\/pre><div class=\"wp-block-image\"><figure class=\"aligncenter size-full is-resized\"><img loading=\"lazy\" decoding=\"async\" class=\"wp-image-63815\" src=\"https:\/\/exceladvisor.org\/wp-content\/uploads\/2023\/08\/8-sumproduct-pour-compter-les-cellules.png\" sizes=\"auto, \" srcset=\"\" alt=\"h\u00fccrelerin say\u0131lmas\u0131 i\u00e7in toplam \u00e7arp\u0131m\" width=\"571\" height=\"264\"><\/figure><\/div><p> <strong>Form\u00fcl\u00fc anlamak i\u00e7in b\u00f6lmemiz gerekir:<\/strong><\/p><p> \u0130lk INT fonksiyonunda say\u0131lar\u0131 saymak istedi\u011fimiz h\u00fccre aral\u0131\u011f\u0131n\u0131 kulland\u0131k. Ve &gt;= i\u015faretleri yaln\u0131zca 10&#8217;dan b\u00fcy\u00fck veya ona e\u015fit say\u0131lar\u0131 ifade eder. Ve 1&#8217;i kullanarak 10&#8217;dan b\u00fcy\u00fck t\u00fcm say\u0131lar\u0131 g\u00f6steren bir dizi d\u00f6nd\u00fcr\u00fcr. <\/p><div class=\"wp-block-image\"><figure class=\"aligncenter size-full is-resized\"><img loading=\"lazy\" decoding=\"async\" class=\"wp-image-63816\" src=\"https:\/\/exceladvisor.org\/wp-content\/uploads\/2023\/08\/9-formule-de-produit-de-somme-divisee.png\" sizes=\"auto, \" srcset=\"\" alt=\"kesirli toplam \u00e7arp\u0131m form\u00fcl\u00fc\" width=\"577\" height=\"280\"><\/figure><\/div><p> Ve ikinci INT i\u015flevinde yine 25&#8217;ten k\u00fc\u00e7\u00fck ve ona e\u015fit say\u0131lar\u0131 dikkate alan ayn\u0131 aral\u0131\u011fa sahip olursunuz. <\/p><div class=\"wp-block-image\"><figure class=\"aligncenter size-full is-resized\"><img loading=\"lazy\" decoding=\"async\" class=\"wp-image-63817\" src=\"https:\/\/exceladvisor.org\/wp-content\/uploads\/2023\/08\/10-sumproduct-avec-differents-tableaux.png\" sizes=\"auto, \" srcset=\"\" alt=\"farkl\u0131-dizilerle-toplam-\u00fcr\u00fcn\" width=\"593\" height=\"299\"><\/figure><\/div><p> \u0130ki INT i\u015fleviyle iki farkl\u0131 diziniz olur. \u0130lkinde, 10&#8217;dan b\u00fcy\u00fck veya ona e\u015fit her say\u0131 i\u00e7in 1&#8217;iniz var, ikincisinde ise 25&#8217;ten k\u00fc\u00e7\u00fck veya ona e\u015fit de\u011ferler i\u00e7in 1&#8217;iniz var. <\/p><div class=\"wp-block-image\"><figure class=\"aligncenter size-full is-resized\"><img loading=\"lazy\" decoding=\"async\" class=\"wp-image-63818\" src=\"https:\/\/exceladvisor.org\/wp-content\/uploads\/2023\/08\/11-int-avec-deux-tableaux-differents.png\" sizes=\"auto, \" srcset=\"\" alt=\"int-iki-farkl\u0131-dizilerle\" width=\"633\" height=\"84\"><\/figure><\/div><p> Sonunda,<\/p><ul><li> SUMproduct, birinci dizideki her de\u011feri ikinci dizideki de\u011ferle \u00e7arpar ve 10 ile 25 aras\u0131ndaki say\u0131lar\u0131 temsil eden bir de\u011ferler dizisi elde edersiniz.<\/li><li> Ve bundan sonra bu de\u011ferlerin toplam\u0131n\u0131 diziden d\u00f6nd\u00fcr\u00fcn. <\/li><\/ul><div class=\"gb-container gb-container-6d5b6d9c gb-container-sample-file\"><h2 class=\"gb-headline gb-headline-acbdb120 gb-headline-text gb-headline-4f7959c2\"> Excel dosyas\u0131n\u0131 al\u0131n<\/h2> <a class=\"gb-button gb-button-b1d8e62f gb-button-text gb-button-button1\" href=\"https:\/\/exceladvisor.org\/wp-content\/uploads\/2023\/08\/compter-entre-deux-nombres-2.xlsx\" rel=\"nofollow\">\u0130ndirmek<\/a><\/div><div class=\"gb-container gb-container-0df56012 gb-container-mt\"> <a class=\"gb-button gb-button-f9f432f4 gb-button-text gb-button-mt-button\" href=\"https:\/\/exceladvisor.org\/tr\/formuller\/\">Excel form\u00fcllerinin listesi<\/a><h2 class=\"gb-headline gb-headline-233444e8 gb-headline-text gb-headline-mt-heading\"> \u0130lgili form\u00fcller <\/h2><div class=\"gb-grid-wrapper gb-grid-wrapper-a16fa65c gb-grid-wrapper-mt-grid\"><div class=\"gb-grid-column gb-grid-column-50d07e0d\"><div class=\"gb-container gb-container-50d07e0d\"><ul><li> <a href=\"https:\/\/exceladvisor.org\/tr\/bos-hucre-sayisi\/\">Excel&#8217;de COUNTIF kullanarak bo\u015f (bo\u015f) h\u00fccreleri say\u0131n<\/a><\/li><li> <a href=\"https:\/\/exceladvisor.org\/tr\/azsa-say\/\">Excel&#8217;de belirli bir de\u011ferden (COUNTIF) daha az olan h\u00fccreleri say\u0131n<\/a><\/li><li> <a href=\"https:\/\/exceladvisor.org\/tr\/esit-olmayan-hucreleri-say\/\">Excel&#8217;de e\u015fit olmayan h\u00fccreleri say (COUNTIF)<\/a><\/li><li> <a href=\"https:\/\/exceladvisor.org\/tr\/bos-olmayan-hucreleri-say\/\">Excel&#8217;de bo\u015f olmayan h\u00fccreleri sayma<\/a><\/li><li> <a href=\"https:\/\/exceladvisor.org\/tr\/sifirdan-buyuk-hesap\/\">Excel&#8217;de 0&#8217;dan (COUNTIF) b\u00fcy\u00fck say\u0131n<\/a> <\/li><\/ul><\/div><\/div><div class=\"gb-grid-column gb-grid-column-5b4a0cf9\"><div class=\"gb-container gb-container-5b4a0cf9\"><\/div><\/div><\/div><\/div>","protected":false},"excerpt":{"rendered":"","protected":false},"author":1,"featured_media":0,"parent":0,"menu_order":0,"comment_status":"open","ping_status":"closed","template":"","meta":{"ub_ctt_via":"","footnotes":""},"class_list":["post-1613","page","type-page","status-publish","hentry"],"featured_image_src":null,"yoast_head":"<!-- This site is optimized with the Yoast SEO plugin v25.4 - https:\/\/yoast.com\/wordpress\/plugins\/seo\/ -->\n<title>\u0130ki say\u0131 aras\u0131nda nas\u0131l say\u0131l\u0131r? (2023 Y\u00f6ntemleri)<\/title>\n<meta name=\"description\" content=\"Bu form\u00fcller e\u011fitiminde, Excel&#039;deki \u00c7OKE\u011eERSAY i\u015flevini kullanarak iki say\u0131 aras\u0131ndaki de\u011ferleri nas\u0131l sayaca\u011f\u0131n\u0131z\u0131 \u00f6\u011freneceksiniz.\" \/>\n<meta name=\"robots\" content=\"index, follow, max-snippet:-1, max-image-preview:large, max-video-preview:-1\" \/>\n<link rel=\"canonical\" href=\"https:\/\/exceladvisor.org\/tr\/iki-sayinin-arasini-saymak\/\" \/>\n<meta property=\"og:locale\" content=\"tr_TR\" \/>\n<meta property=\"og:type\" content=\"article\" \/>\n<meta property=\"og:title\" content=\"\u0130ki say\u0131 aras\u0131nda nas\u0131l say\u0131l\u0131r? (2023 Y\u00f6ntemleri)\" \/>\n<meta property=\"og:description\" content=\"Bu form\u00fcller e\u011fitiminde, Excel&#039;deki \u00c7OKE\u011eERSAY i\u015flevini kullanarak iki say\u0131 aras\u0131ndaki de\u011ferleri nas\u0131l sayaca\u011f\u0131n\u0131z\u0131 \u00f6\u011freneceksiniz.\" \/>\n<meta property=\"og:url\" content=\"https:\/\/exceladvisor.org\/tr\/iki-sayinin-arasini-saymak\/\" \/>\n<meta property=\"og:site_name\" content=\"Excel Advisor\" \/>\n<meta property=\"article:modified_time\" content=\"2023-12-10T06:04:16+00:00\" \/>\n<meta property=\"og:image\" content=\"https:\/\/exceladvisor.org\/wp-content\/uploads\/2023\/08\/1-liste-de-noms-et-dage.png\" \/>\n<meta name=\"twitter:card\" content=\"summary_large_image\" \/>\n<meta name=\"twitter:label1\" content=\"Tahmini okuma s\u00fcresi\" \/>\n\t<meta name=\"twitter:data1\" content=\"3 dakika\" \/>\n<script type=\"application\/ld+json\" class=\"yoast-schema-graph\">{\"@context\":\"https:\/\/schema.org\",\"@graph\":[{\"@type\":\"WebPage\",\"@id\":\"https:\/\/exceladvisor.org\/tr\/iki-sayinin-arasini-saymak\/\",\"url\":\"https:\/\/exceladvisor.org\/tr\/iki-sayinin-arasini-saymak\/\",\"name\":\"\u0130ki say\u0131 aras\u0131nda nas\u0131l say\u0131l\u0131r? (2023 Y\u00f6ntemleri)\",\"isPartOf\":{\"@id\":\"https:\/\/exceladvisor.org\/tr\/#website\"},\"primaryImageOfPage\":{\"@id\":\"https:\/\/exceladvisor.org\/tr\/iki-sayinin-arasini-saymak\/#primaryimage\"},\"image\":{\"@id\":\"https:\/\/exceladvisor.org\/tr\/iki-sayinin-arasini-saymak\/#primaryimage\"},\"thumbnailUrl\":\"https:\/\/exceladvisor.org\/wp-content\/uploads\/2023\/08\/1-liste-de-noms-et-dage.png\",\"datePublished\":\"2023-11-15T10:51:02+00:00\",\"dateModified\":\"2023-12-10T06:04:16+00:00\",\"description\":\"Bu form\u00fcller e\u011fitiminde, Excel&#39;deki \u00c7OKE\u011eERSAY i\u015flevini kullanarak iki say\u0131 aras\u0131ndaki de\u011ferleri nas\u0131l sayaca\u011f\u0131n\u0131z\u0131 \u00f6\u011freneceksiniz.\",\"breadcrumb\":{\"@id\":\"https:\/\/exceladvisor.org\/tr\/iki-sayinin-arasini-saymak\/#breadcrumb\"},\"inLanguage\":\"tr\",\"potentialAction\":[{\"@type\":\"ReadAction\",\"target\":[\"https:\/\/exceladvisor.org\/tr\/iki-sayinin-arasini-saymak\/\"]}]},{\"@type\":\"ImageObject\",\"inLanguage\":\"tr\",\"@id\":\"https:\/\/exceladvisor.org\/tr\/iki-sayinin-arasini-saymak\/#primaryimage\",\"url\":\"https:\/\/exceladvisor.org\/wp-content\/uploads\/2023\/08\/1-liste-de-noms-et-dage.png\",\"contentUrl\":\"https:\/\/exceladvisor.org\/wp-content\/uploads\/2023\/08\/1-liste-de-noms-et-dage.png\"},{\"@type\":\"BreadcrumbList\",\"@id\":\"https:\/\/exceladvisor.org\/tr\/iki-sayinin-arasini-saymak\/#breadcrumb\",\"itemListElement\":[{\"@type\":\"ListItem\",\"position\":1,\"name\":\"Ev\",\"item\":\"https:\/\/exceladvisor.org\/tr\/\"},{\"@type\":\"ListItem\",\"position\":2,\"name\":\"I\u0307ki say\u0131 aras\u0131nda nas\u0131l say\u0131l\u0131r?\"}]},{\"@type\":\"WebSite\",\"@id\":\"https:\/\/exceladvisor.org\/tr\/#website\",\"url\":\"https:\/\/exceladvisor.org\/tr\/\",\"name\":\"Excel Advisor\",\"description\":\"Veri hakimiyetine y\u00f6nelik nihai rehberiniz!\",\"publisher\":{\"@id\":\"https:\/\/exceladvisor.org\/tr\/#organization\"},\"potentialAction\":[{\"@type\":\"SearchAction\",\"target\":{\"@type\":\"EntryPoint\",\"urlTemplate\":\"https:\/\/exceladvisor.org\/tr\/?s={search_term_string}\"},\"query-input\":{\"@type\":\"PropertyValueSpecification\",\"valueRequired\":true,\"valueName\":\"search_term_string\"}}],\"inLanguage\":\"tr\"},{\"@type\":\"Organization\",\"@id\":\"https:\/\/exceladvisor.org\/tr\/#organization\",\"name\":\"Excel Advisor\",\"url\":\"https:\/\/exceladvisor.org\/tr\/\",\"logo\":{\"@type\":\"ImageObject\",\"inLanguage\":\"tr\",\"@id\":\"https:\/\/exceladvisor.org\/tr\/#\/schema\/logo\/image\/\",\"url\":\"https:\/\/exceladvisor.org\/tr\/wp-content\/uploads\/2023\/12\/exceladvisor.org_.png\",\"contentUrl\":\"https:\/\/exceladvisor.org\/tr\/wp-content\/uploads\/2023\/12\/exceladvisor.org_.png\",\"width\":105,\"height\":36,\"caption\":\"Excel Advisor\"},\"image\":{\"@id\":\"https:\/\/exceladvisor.org\/tr\/#\/schema\/logo\/image\/\"}}]}<\/script>\n<!-- \/ Yoast SEO plugin. -->","yoast_head_json":{"title":"\u0130ki say\u0131 aras\u0131nda nas\u0131l say\u0131l\u0131r? (2023 Y\u00f6ntemleri)","description":"Bu form\u00fcller e\u011fitiminde, Excel&#39;deki \u00c7OKE\u011eERSAY i\u015flevini kullanarak iki say\u0131 aras\u0131ndaki de\u011ferleri nas\u0131l sayaca\u011f\u0131n\u0131z\u0131 \u00f6\u011freneceksiniz.","robots":{"index":"index","follow":"follow","max-snippet":"max-snippet:-1","max-image-preview":"max-image-preview:large","max-video-preview":"max-video-preview:-1"},"canonical":"https:\/\/exceladvisor.org\/tr\/iki-sayinin-arasini-saymak\/","og_locale":"tr_TR","og_type":"article","og_title":"\u0130ki say\u0131 aras\u0131nda nas\u0131l say\u0131l\u0131r? (2023 Y\u00f6ntemleri)","og_description":"Bu form\u00fcller e\u011fitiminde, Excel&#39;deki \u00c7OKE\u011eERSAY i\u015flevini kullanarak iki say\u0131 aras\u0131ndaki de\u011ferleri nas\u0131l sayaca\u011f\u0131n\u0131z\u0131 \u00f6\u011freneceksiniz.","og_url":"https:\/\/exceladvisor.org\/tr\/iki-sayinin-arasini-saymak\/","og_site_name":"Excel Advisor","article_modified_time":"2023-12-10T06:04:16+00:00","og_image":[{"url":"https:\/\/exceladvisor.org\/wp-content\/uploads\/2023\/08\/1-liste-de-noms-et-dage.png","type":"","width":"","height":""}],"twitter_card":"summary_large_image","twitter_misc":{"Tahmini okuma s\u00fcresi":"3 dakika"},"schema":{"@context":"https:\/\/schema.org","@graph":[{"@type":"WebPage","@id":"https:\/\/exceladvisor.org\/tr\/iki-sayinin-arasini-saymak\/","url":"https:\/\/exceladvisor.org\/tr\/iki-sayinin-arasini-saymak\/","name":"\u0130ki say\u0131 aras\u0131nda nas\u0131l say\u0131l\u0131r? (2023 Y\u00f6ntemleri)","isPartOf":{"@id":"https:\/\/exceladvisor.org\/tr\/#website"},"primaryImageOfPage":{"@id":"https:\/\/exceladvisor.org\/tr\/iki-sayinin-arasini-saymak\/#primaryimage"},"image":{"@id":"https:\/\/exceladvisor.org\/tr\/iki-sayinin-arasini-saymak\/#primaryimage"},"thumbnailUrl":"https:\/\/exceladvisor.org\/wp-content\/uploads\/2023\/08\/1-liste-de-noms-et-dage.png","datePublished":"2023-11-15T10:51:02+00:00","dateModified":"2023-12-10T06:04:16+00:00","description":"Bu form\u00fcller e\u011fitiminde, Excel&#39;deki \u00c7OKE\u011eERSAY i\u015flevini kullanarak iki say\u0131 aras\u0131ndaki de\u011ferleri nas\u0131l sayaca\u011f\u0131n\u0131z\u0131 \u00f6\u011freneceksiniz.","breadcrumb":{"@id":"https:\/\/exceladvisor.org\/tr\/iki-sayinin-arasini-saymak\/#breadcrumb"},"inLanguage":"tr","potentialAction":[{"@type":"ReadAction","target":["https:\/\/exceladvisor.org\/tr\/iki-sayinin-arasini-saymak\/"]}]},{"@type":"ImageObject","inLanguage":"tr","@id":"https:\/\/exceladvisor.org\/tr\/iki-sayinin-arasini-saymak\/#primaryimage","url":"https:\/\/exceladvisor.org\/wp-content\/uploads\/2023\/08\/1-liste-de-noms-et-dage.png","contentUrl":"https:\/\/exceladvisor.org\/wp-content\/uploads\/2023\/08\/1-liste-de-noms-et-dage.png"},{"@type":"BreadcrumbList","@id":"https:\/\/exceladvisor.org\/tr\/iki-sayinin-arasini-saymak\/#breadcrumb","itemListElement":[{"@type":"ListItem","position":1,"name":"Ev","item":"https:\/\/exceladvisor.org\/tr\/"},{"@type":"ListItem","position":2,"name":"I\u0307ki say\u0131 aras\u0131nda nas\u0131l say\u0131l\u0131r?"}]},{"@type":"WebSite","@id":"https:\/\/exceladvisor.org\/tr\/#website","url":"https:\/\/exceladvisor.org\/tr\/","name":"Excel Advisor","description":"Veri hakimiyetine y\u00f6nelik nihai rehberiniz!","publisher":{"@id":"https:\/\/exceladvisor.org\/tr\/#organization"},"potentialAction":[{"@type":"SearchAction","target":{"@type":"EntryPoint","urlTemplate":"https:\/\/exceladvisor.org\/tr\/?s={search_term_string}"},"query-input":{"@type":"PropertyValueSpecification","valueRequired":true,"valueName":"search_term_string"}}],"inLanguage":"tr"},{"@type":"Organization","@id":"https:\/\/exceladvisor.org\/tr\/#organization","name":"Excel Advisor","url":"https:\/\/exceladvisor.org\/tr\/","logo":{"@type":"ImageObject","inLanguage":"tr","@id":"https:\/\/exceladvisor.org\/tr\/#\/schema\/logo\/image\/","url":"https:\/\/exceladvisor.org\/tr\/wp-content\/uploads\/2023\/12\/exceladvisor.org_.png","contentUrl":"https:\/\/exceladvisor.org\/tr\/wp-content\/uploads\/2023\/12\/exceladvisor.org_.png","width":105,"height":36,"caption":"Excel Advisor"},"image":{"@id":"https:\/\/exceladvisor.org\/tr\/#\/schema\/logo\/image\/"}}]}},"yoast_meta":{"yoast_wpseo_title":"","yoast_wpseo_metadesc":"","yoast_wpseo_canonical":""},"_links":{"self":[{"href":"https:\/\/exceladvisor.org\/tr\/wp-json\/wp\/v2\/pages\/1613","targetHints":{"allow":["GET"]}}],"collection":[{"href":"https:\/\/exceladvisor.org\/tr\/wp-json\/wp\/v2\/pages"}],"about":[{"href":"https:\/\/exceladvisor.org\/tr\/wp-json\/wp\/v2\/types\/page"}],"author":[{"embeddable":true,"href":"https:\/\/exceladvisor.org\/tr\/wp-json\/wp\/v2\/users\/1"}],"replies":[{"embeddable":true,"href":"https:\/\/exceladvisor.org\/tr\/wp-json\/wp\/v2\/comments?post=1613"}],"version-history":[{"count":1,"href":"https:\/\/exceladvisor.org\/tr\/wp-json\/wp\/v2\/pages\/1613\/revisions"}],"predecessor-version":[{"id":2706,"href":"https:\/\/exceladvisor.org\/tr\/wp-json\/wp\/v2\/pages\/1613\/revisions\/2706"}],"wp:attachment":[{"href":"https:\/\/exceladvisor.org\/tr\/wp-json\/wp\/v2\/media?parent=1613"}],"curies":[{"name":"wp","href":"https:\/\/api.w.org\/{rel}","templated":true}]}}