{"id":1614,"date":"2023-11-15T10:41:17","date_gmt":"2023-11-15T10:41:17","guid":{"rendered":"https:\/\/exceladvisor.org\/tr\/esit-olmayan-hucreleri-say\/"},"modified":"2023-12-10T05:59:28","modified_gmt":"2023-12-10T05:59:28","slug":"esit-olmayan-hucreleri-say","status":"publish","type":"page","link":"https:\/\/exceladvisor.org\/tr\/esit-olmayan-hucreleri-say\/","title":{"rendered":"E\u015fit olmayan h\u00fccreler nas\u0131l say\u0131l\u0131r"},"content":{"rendered":"<div class=\"excel-icerikten-once\" id=\"excel-1579865697\"><script type=\"text\/javascript\">\r\n\tatOptions = {\r\n\t\t'key' : 'c1158f160081d6540a8409e6925dab94',\r\n\t\t'format' : 'iframe',\r\n\t\t'height' : 250,\r\n\t\t'width' : 300,\r\n\t\t'params' : {}\r\n\t};\r\n<\/script>\r\n<script type=\"text\/javascript\" src=\"\/\/www.highperformanceformat.com\/c1158f160081d6540a8409e6925dab94\/invoke.js\"><\/script><\/div> <p>Excel&#8217;de, tan\u0131mlad\u0131\u011f\u0131n\u0131z belirli bir de\u011fere e\u015fit olmayan h\u00fccreleri saymak i\u00e7in E\u011eERSAY i\u015flevini kullanabilirsiniz. Kontrol edilecek de\u011fer aral\u0131\u011f\u0131n\u0131 ve test etmek istedi\u011finiz kriterleri belirtmeniz gerekir.<\/p><p> A\u015fa\u011f\u0131daki \u00f6rnekte say\u0131 \u015feklinde bir de\u011ferler listeniz var ve buradan itibaren s\u0131f\u0131ra e\u015fit olmayan de\u011ferlerin say\u0131s\u0131n\u0131 sayman\u0131z gerekiyor. <\/p><div class=\"wp-block-image\"><figure class=\"aligncenter size-full is-resized\"><img loading=\"lazy\" decoding=\"async\" class=\"wp-image-64242\" src=\"https:\/\/exceladvisor.org\/wp-content\/uploads\/2023\/08\/1-liste-de-valeurs-numeriques.png\" sizes=\"auto, \" srcset=\"\" alt=\"say\u0131-de\u011ferleri listesi\" width=\"205\" height=\"303\"><\/figure><\/div><pre class=\"wp-block-code\"> <code class=\"language-excel-formula\" lang=\"excel-formula\">=COUNTIF(A2:A15,\"&lt;&gt;0\")<\/code><\/pre><ol><li> \u00d6ncelikle C1 h\u00fccresine COUNTIF fonksiyonunu girmeniz ve ba\u015flang\u0131\u00e7 parantezlerini girmeniz gerekir. <br><img loading=\"lazy\" decoding=\"async\" title=\"2-kullan\u0131m-countif i\u015flevi\" src=\"https:\/\/exceladvisor.org\/wp-content\/uploads\/2023\/08\/2-utiliser-la-fonction-countif.png\" sizes=\"auto, \" srcset=\"\" alt=\"use-countif-function\" width=\"351\" height=\"285\"><\/li><li> Ard\u0131ndan, de\u011ferleri saymak istedi\u011finiz aral\u0131\u011f\u0131 se\u00e7in. <br><img loading=\"lazy\" decoding=\"async\" title=\"3 se\u00e7im aral\u0131\u011f\u0131\" src=\"https:\/\/exceladvisor.org\/wp-content\/uploads\/2023\/08\/3-selectionner-la-gamme.png\" sizes=\"auto, \" srcset=\"\" alt=\"select-the-range\" width=\"354\" height=\"317\"><\/li><li> Bundan sonra bir sonraki arg\u00fcmana ge\u00e7mek i\u00e7in bir komut yaz\u0131n.<\/li><li> Son olarak kriterlere \u201c&lt;&gt;0\u201d yaz\u0131p parantezleri kapat\u0131n. <br><img loading=\"lazy\" decoding=\"async\" title=\"4-countif-kriterlerini girin\" src=\"https:\/\/exceladvisor.org\/wp-content\/uploads\/2023\/08\/4-entrez-les-criteres-dans-countif.png\" sizes=\"auto, \" srcset=\"\" alt=\"enter-criteria-in-countif\" width=\"356\" height=\"319\"><\/li><\/ol><p> Enter tu\u015funa bast\u0131\u011f\u0131n\u0131zda s\u0131f\u0131ra e\u015fit olmayan say\u0131lar\u0131n say\u0131s\u0131n\u0131 d\u00f6nd\u00fcr\u00fcr. <\/p><div class=\"wp-block-image\"><figure class=\"aligncenter size-full is-resized\"><img loading=\"lazy\" decoding=\"async\" class=\"wp-image-64246\" src=\"https:\/\/exceladvisor.org\/wp-content\/uploads\/2023\/08\/5-decompte-des-nombres-non-egaux-a-zero.png\" sizes=\"auto, \" srcset=\"\" alt=\"s\u0131f\u0131ra e\u015fit olmayan say\u0131lar\u0131n say\u0131s\u0131\" width=\"349\" height=\"311\"><\/figure><\/div><p> \u015eimdi g\u00f6rd\u00fc\u011f\u00fcn\u00fcz gibi s\u0131f\u0131rdan \u00f6nce &lt;&gt; sembol\u00fcn\u00fc kulland\u0131n\u0131z.<\/p><p> Bu sembol k\u00fc\u00e7\u00fckt\u00fcr ve b\u00fcy\u00fckt\u00fcr i\u015faretlerinin birle\u015fimidir ve her iki i\u015faret birlikte kullan\u0131ld\u0131\u011f\u0131nda &#8220;e\u015fit de\u011fildir&#8221; anlam\u0131na gelir. Dikkat etmeniz gereken ba\u015fka bir \u015fey daha var: Kriterleri \u00e7ift t\u0131rnak i\u00e7ine alman\u0131z gerekiyor. <\/p><div class=\"gb-container gb-container-52dfcee1 gb-container-sample-file\"><h2 class=\"gb-headline gb-headline-e289c143 gb-headline-text gb-headline-4f7959c2\"> Excel dosyas\u0131n\u0131 al\u0131n<\/h2> <a class=\"gb-button gb-button-e88d6bee gb-button-text gb-button-button1\" href=\"https:\/\/exceladvisor.org\/wp-content\/uploads\/2023\/08\/compter-les-cellules-non-egales-a-2.xlsx\" rel=\"nofollow\">\u0130ndirmek<\/a><\/div><div class=\"gb-container gb-container-0df56012 gb-container-mt\"> <a class=\"gb-button gb-button-f9f432f4 gb-button-text gb-button-mt-button\" href=\"https:\/\/exceladvisor.org\/tr\/formuller\/\">Excel form\u00fcllerinin listesi<\/a><h2 class=\"gb-headline gb-headline-233444e8 gb-headline-text gb-headline-mt-heading\"> \u0130lgili form\u00fcller <\/h2><div class=\"gb-grid-wrapper gb-grid-wrapper-a16fa65c gb-grid-wrapper-mt-grid\"><div class=\"gb-grid-column gb-grid-column-50d07e0d\"><div class=\"gb-container gb-container-50d07e0d\"><ul><li> <a href=\"https:\/\/exceladvisor.org\/tr\/iki-sayinin-arasini-saymak\/\">Excel&#8217;de iki say\u0131 (E\u011eERSAY) aras\u0131nda say\u0131n<\/a><\/li><li> <a href=\"https:\/\/exceladvisor.org\/tr\/bos-hucre-sayisi\/\">Excel&#8217;de COUNTIF kullanarak bo\u015f (bo\u015f) h\u00fccreleri say\u0131n<\/a><\/li><li> <a href=\"https:\/\/exceladvisor.org\/tr\/azsa-say\/\">Excel&#8217;de belirli bir de\u011ferden (COUNTIF) daha az olan h\u00fccreleri say\u0131n<\/a><\/li><li> <a href=\"https:\/\/exceladvisor.org\/tr\/bos-olmayan-hucreleri-say\/\">Excel&#8217;de bo\u015f olmayan h\u00fccreleri sayma<\/a><\/li><li> <a href=\"https:\/\/exceladvisor.org\/tr\/sifirdan-buyuk-hesap\/\">Excel&#8217;de 0&#8217;dan (COUNTIF) b\u00fcy\u00fck say\u0131n<\/a> <\/li><\/ul><\/div><\/div><div class=\"gb-grid-column gb-grid-column-5b4a0cf9\"><div class=\"gb-container gb-container-5b4a0cf9\"><\/div><\/div><\/div><\/div>","protected":false},"excerpt":{"rendered":"","protected":false},"author":1,"featured_media":0,"parent":0,"menu_order":0,"comment_status":"open","ping_status":"closed","template":"","meta":{"ub_ctt_via":"","footnotes":""},"class_list":["post-1614","page","type-page","status-publish","hentry"],"featured_image_src":null,"yoast_head":"<!-- This site is optimized with the Yoast SEO plugin v25.4 - https:\/\/yoast.com\/wordpress\/plugins\/seo\/ -->\n<title>E\u015fit olmayan h\u00fccreler nas\u0131l say\u0131l\u0131r - Excel Dan\u0131\u015fman\u0131<\/title>\n<meta name=\"description\" content=\"Bu form\u00fcl e\u011fitiminde, belirli bir de\u011fere e\u015fit olmayan h\u00fccreleri a\u015fa\u011f\u0131daki form\u00fcl\u00fc kullanarak nas\u0131l sayaca\u011f\u0131n\u0131z\u0131 \u00f6\u011freneceksiniz:\" \/>\n<meta name=\"robots\" content=\"index, follow, max-snippet:-1, max-image-preview:large, max-video-preview:-1\" \/>\n<link rel=\"canonical\" href=\"https:\/\/exceladvisor.org\/tr\/esit-olmayan-hucreleri-say\/\" \/>\n<meta property=\"og:locale\" content=\"tr_TR\" \/>\n<meta property=\"og:type\" content=\"article\" \/>\n<meta property=\"og:title\" content=\"E\u015fit olmayan h\u00fccreler nas\u0131l say\u0131l\u0131r - Excel Dan\u0131\u015fman\u0131\" \/>\n<meta property=\"og:description\" content=\"Bu form\u00fcl e\u011fitiminde, belirli bir de\u011fere e\u015fit olmayan h\u00fccreleri a\u015fa\u011f\u0131daki form\u00fcl\u00fc kullanarak nas\u0131l sayaca\u011f\u0131n\u0131z\u0131 \u00f6\u011freneceksiniz:\" \/>\n<meta property=\"og:url\" content=\"https:\/\/exceladvisor.org\/tr\/esit-olmayan-hucreleri-say\/\" \/>\n<meta property=\"og:site_name\" content=\"Excel Advisor\" \/>\n<meta property=\"article:modified_time\" content=\"2023-12-10T05:59:28+00:00\" \/>\n<meta property=\"og:image\" content=\"https:\/\/exceladvisor.org\/wp-content\/uploads\/2023\/08\/1-liste-de-valeurs-numeriques.png\" \/>\n<meta name=\"twitter:card\" content=\"summary_large_image\" \/>\n<meta name=\"twitter:label1\" content=\"Tahmini okuma s\u00fcresi\" \/>\n\t<meta name=\"twitter:data1\" content=\"1 dakika\" \/>\n<script type=\"application\/ld+json\" class=\"yoast-schema-graph\">{\"@context\":\"https:\/\/schema.org\",\"@graph\":[{\"@type\":\"WebPage\",\"@id\":\"https:\/\/exceladvisor.org\/tr\/esit-olmayan-hucreleri-say\/\",\"url\":\"https:\/\/exceladvisor.org\/tr\/esit-olmayan-hucreleri-say\/\",\"name\":\"E\u015fit olmayan h\u00fccreler nas\u0131l say\u0131l\u0131r - Excel Dan\u0131\u015fman\u0131\",\"isPartOf\":{\"@id\":\"https:\/\/exceladvisor.org\/tr\/#website\"},\"primaryImageOfPage\":{\"@id\":\"https:\/\/exceladvisor.org\/tr\/esit-olmayan-hucreleri-say\/#primaryimage\"},\"image\":{\"@id\":\"https:\/\/exceladvisor.org\/tr\/esit-olmayan-hucreleri-say\/#primaryimage\"},\"thumbnailUrl\":\"https:\/\/exceladvisor.org\/wp-content\/uploads\/2023\/08\/1-liste-de-valeurs-numeriques.png\",\"datePublished\":\"2023-11-15T10:41:17+00:00\",\"dateModified\":\"2023-12-10T05:59:28+00:00\",\"description\":\"Bu form\u00fcl e\u011fitiminde, belirli bir de\u011fere e\u015fit olmayan h\u00fccreleri a\u015fa\u011f\u0131daki form\u00fcl\u00fc kullanarak nas\u0131l sayaca\u011f\u0131n\u0131z\u0131 \u00f6\u011freneceksiniz:\",\"breadcrumb\":{\"@id\":\"https:\/\/exceladvisor.org\/tr\/esit-olmayan-hucreleri-say\/#breadcrumb\"},\"inLanguage\":\"tr\",\"potentialAction\":[{\"@type\":\"ReadAction\",\"target\":[\"https:\/\/exceladvisor.org\/tr\/esit-olmayan-hucreleri-say\/\"]}]},{\"@type\":\"ImageObject\",\"inLanguage\":\"tr\",\"@id\":\"https:\/\/exceladvisor.org\/tr\/esit-olmayan-hucreleri-say\/#primaryimage\",\"url\":\"https:\/\/exceladvisor.org\/wp-content\/uploads\/2023\/08\/1-liste-de-valeurs-numeriques.png\",\"contentUrl\":\"https:\/\/exceladvisor.org\/wp-content\/uploads\/2023\/08\/1-liste-de-valeurs-numeriques.png\"},{\"@type\":\"BreadcrumbList\",\"@id\":\"https:\/\/exceladvisor.org\/tr\/esit-olmayan-hucreleri-say\/#breadcrumb\",\"itemListElement\":[{\"@type\":\"ListItem\",\"position\":1,\"name\":\"Ev\",\"item\":\"https:\/\/exceladvisor.org\/tr\/\"},{\"@type\":\"ListItem\",\"position\":2,\"name\":\"E\u015fit olmayan h\u00fccreler nas\u0131l say\u0131l\u0131r\"}]},{\"@type\":\"WebSite\",\"@id\":\"https:\/\/exceladvisor.org\/tr\/#website\",\"url\":\"https:\/\/exceladvisor.org\/tr\/\",\"name\":\"Excel Advisor\",\"description\":\"Veri hakimiyetine y\u00f6nelik nihai rehberiniz!\",\"publisher\":{\"@id\":\"https:\/\/exceladvisor.org\/tr\/#organization\"},\"potentialAction\":[{\"@type\":\"SearchAction\",\"target\":{\"@type\":\"EntryPoint\",\"urlTemplate\":\"https:\/\/exceladvisor.org\/tr\/?s={search_term_string}\"},\"query-input\":{\"@type\":\"PropertyValueSpecification\",\"valueRequired\":true,\"valueName\":\"search_term_string\"}}],\"inLanguage\":\"tr\"},{\"@type\":\"Organization\",\"@id\":\"https:\/\/exceladvisor.org\/tr\/#organization\",\"name\":\"Excel Advisor\",\"url\":\"https:\/\/exceladvisor.org\/tr\/\",\"logo\":{\"@type\":\"ImageObject\",\"inLanguage\":\"tr\",\"@id\":\"https:\/\/exceladvisor.org\/tr\/#\/schema\/logo\/image\/\",\"url\":\"https:\/\/exceladvisor.org\/tr\/wp-content\/uploads\/2023\/12\/exceladvisor.org_.png\",\"contentUrl\":\"https:\/\/exceladvisor.org\/tr\/wp-content\/uploads\/2023\/12\/exceladvisor.org_.png\",\"width\":105,\"height\":36,\"caption\":\"Excel Advisor\"},\"image\":{\"@id\":\"https:\/\/exceladvisor.org\/tr\/#\/schema\/logo\/image\/\"}}]}<\/script>\n<!-- \/ Yoast SEO plugin. -->","yoast_head_json":{"title":"E\u015fit olmayan h\u00fccreler nas\u0131l say\u0131l\u0131r - Excel Dan\u0131\u015fman\u0131","description":"Bu form\u00fcl e\u011fitiminde, belirli bir de\u011fere e\u015fit olmayan h\u00fccreleri a\u015fa\u011f\u0131daki form\u00fcl\u00fc kullanarak nas\u0131l sayaca\u011f\u0131n\u0131z\u0131 \u00f6\u011freneceksiniz:","robots":{"index":"index","follow":"follow","max-snippet":"max-snippet:-1","max-image-preview":"max-image-preview:large","max-video-preview":"max-video-preview:-1"},"canonical":"https:\/\/exceladvisor.org\/tr\/esit-olmayan-hucreleri-say\/","og_locale":"tr_TR","og_type":"article","og_title":"E\u015fit olmayan h\u00fccreler nas\u0131l say\u0131l\u0131r - Excel Dan\u0131\u015fman\u0131","og_description":"Bu form\u00fcl e\u011fitiminde, belirli bir de\u011fere e\u015fit olmayan h\u00fccreleri a\u015fa\u011f\u0131daki form\u00fcl\u00fc kullanarak nas\u0131l sayaca\u011f\u0131n\u0131z\u0131 \u00f6\u011freneceksiniz:","og_url":"https:\/\/exceladvisor.org\/tr\/esit-olmayan-hucreleri-say\/","og_site_name":"Excel Advisor","article_modified_time":"2023-12-10T05:59:28+00:00","og_image":[{"url":"https:\/\/exceladvisor.org\/wp-content\/uploads\/2023\/08\/1-liste-de-valeurs-numeriques.png","type":"","width":"","height":""}],"twitter_card":"summary_large_image","twitter_misc":{"Tahmini okuma s\u00fcresi":"1 dakika"},"schema":{"@context":"https:\/\/schema.org","@graph":[{"@type":"WebPage","@id":"https:\/\/exceladvisor.org\/tr\/esit-olmayan-hucreleri-say\/","url":"https:\/\/exceladvisor.org\/tr\/esit-olmayan-hucreleri-say\/","name":"E\u015fit olmayan h\u00fccreler nas\u0131l say\u0131l\u0131r - Excel Dan\u0131\u015fman\u0131","isPartOf":{"@id":"https:\/\/exceladvisor.org\/tr\/#website"},"primaryImageOfPage":{"@id":"https:\/\/exceladvisor.org\/tr\/esit-olmayan-hucreleri-say\/#primaryimage"},"image":{"@id":"https:\/\/exceladvisor.org\/tr\/esit-olmayan-hucreleri-say\/#primaryimage"},"thumbnailUrl":"https:\/\/exceladvisor.org\/wp-content\/uploads\/2023\/08\/1-liste-de-valeurs-numeriques.png","datePublished":"2023-11-15T10:41:17+00:00","dateModified":"2023-12-10T05:59:28+00:00","description":"Bu form\u00fcl e\u011fitiminde, belirli bir de\u011fere e\u015fit olmayan h\u00fccreleri a\u015fa\u011f\u0131daki form\u00fcl\u00fc kullanarak nas\u0131l sayaca\u011f\u0131n\u0131z\u0131 \u00f6\u011freneceksiniz:","breadcrumb":{"@id":"https:\/\/exceladvisor.org\/tr\/esit-olmayan-hucreleri-say\/#breadcrumb"},"inLanguage":"tr","potentialAction":[{"@type":"ReadAction","target":["https:\/\/exceladvisor.org\/tr\/esit-olmayan-hucreleri-say\/"]}]},{"@type":"ImageObject","inLanguage":"tr","@id":"https:\/\/exceladvisor.org\/tr\/esit-olmayan-hucreleri-say\/#primaryimage","url":"https:\/\/exceladvisor.org\/wp-content\/uploads\/2023\/08\/1-liste-de-valeurs-numeriques.png","contentUrl":"https:\/\/exceladvisor.org\/wp-content\/uploads\/2023\/08\/1-liste-de-valeurs-numeriques.png"},{"@type":"BreadcrumbList","@id":"https:\/\/exceladvisor.org\/tr\/esit-olmayan-hucreleri-say\/#breadcrumb","itemListElement":[{"@type":"ListItem","position":1,"name":"Ev","item":"https:\/\/exceladvisor.org\/tr\/"},{"@type":"ListItem","position":2,"name":"E\u015fit olmayan h\u00fccreler nas\u0131l say\u0131l\u0131r"}]},{"@type":"WebSite","@id":"https:\/\/exceladvisor.org\/tr\/#website","url":"https:\/\/exceladvisor.org\/tr\/","name":"Excel Advisor","description":"Veri hakimiyetine y\u00f6nelik nihai rehberiniz!","publisher":{"@id":"https:\/\/exceladvisor.org\/tr\/#organization"},"potentialAction":[{"@type":"SearchAction","target":{"@type":"EntryPoint","urlTemplate":"https:\/\/exceladvisor.org\/tr\/?s={search_term_string}"},"query-input":{"@type":"PropertyValueSpecification","valueRequired":true,"valueName":"search_term_string"}}],"inLanguage":"tr"},{"@type":"Organization","@id":"https:\/\/exceladvisor.org\/tr\/#organization","name":"Excel Advisor","url":"https:\/\/exceladvisor.org\/tr\/","logo":{"@type":"ImageObject","inLanguage":"tr","@id":"https:\/\/exceladvisor.org\/tr\/#\/schema\/logo\/image\/","url":"https:\/\/exceladvisor.org\/tr\/wp-content\/uploads\/2023\/12\/exceladvisor.org_.png","contentUrl":"https:\/\/exceladvisor.org\/tr\/wp-content\/uploads\/2023\/12\/exceladvisor.org_.png","width":105,"height":36,"caption":"Excel Advisor"},"image":{"@id":"https:\/\/exceladvisor.org\/tr\/#\/schema\/logo\/image\/"}}]}},"yoast_meta":{"yoast_wpseo_title":"","yoast_wpseo_metadesc":"","yoast_wpseo_canonical":""},"_links":{"self":[{"href":"https:\/\/exceladvisor.org\/tr\/wp-json\/wp\/v2\/pages\/1614","targetHints":{"allow":["GET"]}}],"collection":[{"href":"https:\/\/exceladvisor.org\/tr\/wp-json\/wp\/v2\/pages"}],"about":[{"href":"https:\/\/exceladvisor.org\/tr\/wp-json\/wp\/v2\/types\/page"}],"author":[{"embeddable":true,"href":"https:\/\/exceladvisor.org\/tr\/wp-json\/wp\/v2\/users\/1"}],"replies":[{"embeddable":true,"href":"https:\/\/exceladvisor.org\/tr\/wp-json\/wp\/v2\/comments?post=1614"}],"version-history":[{"count":1,"href":"https:\/\/exceladvisor.org\/tr\/wp-json\/wp\/v2\/pages\/1614\/revisions"}],"predecessor-version":[{"id":2326,"href":"https:\/\/exceladvisor.org\/tr\/wp-json\/wp\/v2\/pages\/1614\/revisions\/2326"}],"wp:attachment":[{"href":"https:\/\/exceladvisor.org\/tr\/wp-json\/wp\/v2\/media?parent=1614"}],"curies":[{"name":"wp","href":"https:\/\/api.w.org\/{rel}","templated":true}]}}