{"id":1616,"date":"2023-11-15T10:24:02","date_gmt":"2023-11-15T10:24:02","guid":{"rendered":"https:\/\/exceladvisor.org\/tr\/kare-kok-2\/"},"modified":"2023-12-10T06:01:33","modified_gmt":"2023-12-10T06:01:33","slug":"kare-kok-2","status":"publish","type":"page","link":"https:\/\/exceladvisor.org\/tr\/kare-kok-2\/","title":{"rendered":"Excel&#39;de k\u00fcp k\u00f6k\u00fc nas\u0131l hesaplan\u0131r?"},"content":{"rendered":"<div class=\"excel-icerikten-once\" id=\"excel-1353838666\"><script type=\"text\/javascript\">\r\n\tatOptions = {\r\n\t\t'key' : 'c1158f160081d6540a8409e6925dab94',\r\n\t\t'format' : 'iframe',\r\n\t\t'height' : 250,\r\n\t\t'width' : 300,\r\n\t\t'params' : {}\r\n\t};\r\n<\/script>\r\n<script type=\"text\/javascript\" src=\"\/\/www.highperformanceformat.com\/c1158f160081d6540a8409e6925dab94\/invoke.js\"><\/script><\/div> <p>Bu derste Excel&#8217;de bir say\u0131n\u0131n k\u00fcp k\u00f6k\u00fcn\u00fc hesaplamak i\u00e7in kullanabilece\u011finiz t\u00fcm y\u00f6ntemlere bakacaks\u0131n\u0131z.<\/p><p> Excel&#8217;de G\u00dc\u00c7 ad\u0131nda bir i\u015flev vard\u0131r ve ikinci y\u00f6ntem d\u00fczeltme operat\u00f6r\u00fcn\u00fc kullanmakt\u0131r.<\/p><h2 class=\"wp-block-heading\"> K\u00fcp k\u00f6k\u00fc i\u00e7in g\u00fc\u00e7 i\u015flevi<\/h2><p> G\u00fc\u00e7 fonksiyonunda k\u00fcp k\u00f6k\u00fcn\u00fc bulmak istedi\u011finiz say\u0131y\u0131 belirtmeniz ve ikinci arg\u00fcman i\u00e7in k\u00fcp k\u00f6k\u00fcn\u00fc (1\/3) hesaplayacak g\u00fcc\u00fc belirtmeniz gerekir.<\/p><pre class=\"wp-block-code\"> <code class=\"language-excel-formula\" lang=\"excel-formula\">=POWER(A1,1\/3)<\/code><\/pre><p> A\u015fa\u011f\u0131daki \u00f6rnekte, A1 h\u00fccresinde bir say\u0131 (125) var ve B1 h\u00fccresinde sonu\u00e7 olarak 125&#8217;in k\u00fcpk\u00f6k\u00fcn\u00fc d\u00f6nd\u00fcren bir form\u00fcl\u00fcm\u00fcz var. <\/p><div class=\"wp-block-image\"><figure class=\"aligncenter size-full is-resized\"><img loading=\"lazy\" decoding=\"async\" class=\"wp-image-64228\" src=\"https:\/\/exceladvisor.org\/wp-content\/uploads\/2023\/08\/1-fonction-puissance-pour-la-racine-cubique.png\" sizes=\"auto, \" srcset=\"\" alt=\"k\u00fcp k\u00f6k\u00fc i\u00e7in g\u00fc\u00e7 i\u015flevi\" width=\"423\" height=\"281\"><\/figure><\/div><p> G\u00f6rd\u00fc\u011f\u00fcn\u00fcz gibi kuvvet arg\u00fcman\u0131nda 3 de\u011fil 1\/3 kulland\u0131k, dolay\u0131s\u0131yla bu form\u00fcl\u00fc yazarken dikkatli olman\u0131z gereken bir \u015fey var.<\/p><p> Negatif bir say\u0131 olan bir say\u0131n\u0131n k\u00fcp k\u00f6k\u00fcn\u00fc hesaplamak istiyorsan\u0131z ayn\u0131 i\u015flevi uygulaman\u0131z yeterlidir.<\/p><h2 class=\"wp-block-heading\"> CARET operat\u00f6rl\u00fc k\u00fcp k\u00f6k\u00fc (^)<\/h2><p> CARET operat\u00f6r\u00fcyle form\u00fcl olu\u015fturmak i\u00e7in bir i\u015flev kullanman\u0131za gerek yoktur.<\/p><pre class=\"wp-block-code\"> <code class=\"language-excel-formula\" lang=\"excel-formula\">=A1^(1\/3)<\/code><\/pre><ol type=\"1\"><li> \u00d6ncelikle h\u00fccreye \u201c=\u201d girin.<\/li><li> Daha sonra k\u00fcp k\u00f6k\u00fcn\u00fc hesaplamak istedi\u011finiz say\u0131y\u0131 girin.<\/li><li> Daha sonra d\u00fczeltme operat\u00f6r\u00fcn\u00fc \u201c^\u201d girin.<\/li><li> Sonunda, &#8220;(1\/3)&#8221; kuvvetini kullan\u0131n, ancak onu parantez i\u00e7ine ald\u0131\u011f\u0131n\u0131zdan emin olun. <\/li><\/ol><div class=\"wp-block-image\"><figure class=\"aligncenter size-full is-resized\"><img loading=\"lazy\" decoding=\"async\" class=\"wp-image-64229\" src=\"https:\/\/exceladvisor.org\/wp-content\/uploads\/2023\/08\/2-racine-cubique-avec-operateur-caret.png\" sizes=\"auto, \" srcset=\"\" alt=\"d\u00fczeltme i\u015fareti operat\u00f6r\u00fcyle k\u00fcp k\u00f6k\u00fc\" width=\"420\" height=\"329\"><\/figure><\/div><p> Her iki y\u00f6ntemle de yaln\u0131zca k\u00fcp k\u00f6k\u00fcn\u00fc de\u011fil ayn\u0131 zamanda n&#8217;inci k\u00f6k\u00fc de hesaplayabilirsiniz. <\/p><div class=\"gb-container gb-container-52dfcee1 gb-container-sample-file\"><h2 class=\"gb-headline gb-headline-e289c143 gb-headline-text gb-headline-4f7959c2\"> Excel dosyas\u0131n\u0131 al\u0131n<\/h2> <a class=\"gb-button gb-button-e88d6bee gb-button-text gb-button-button1\" href=\"https:\/\/exceladvisor.org\/wp-content\/uploads\/2023\/11\/racine-cubique-excel.xlsx\" rel=\"nofollow\">\u0130ndirmek<\/a><\/div><div class=\"gb-container gb-container-0df56012 gb-container-mt\"> <a class=\"gb-button gb-button-f9f432f4 gb-button-text gb-button-mt-button\" href=\"https:\/\/exceladvisor.org\/tr\/formuller\/\">Excel form\u00fcllerinin listesi<\/a><h2 class=\"gb-headline gb-headline-233444e8 gb-headline-text gb-headline-mt-heading\"> \u0130lgili form\u00fcller <\/h2><div class=\"gb-grid-wrapper gb-grid-wrapper-a16fa65c gb-grid-wrapper-mt-grid\"><div class=\"gb-grid-column gb-grid-column-50d07e0d\"><div class=\"gb-container gb-container-50d07e0d\"><ul><li> <a href=\"https:\/\/exceladvisor.org\/tr\/yuzde-farki\/\">Excel&#8217;de y\u00fczde varyans\u0131 (fark) hesaplay\u0131n<\/a><\/li><li> <a href=\"https:\/\/exceladvisor.org\/tr\/kare-kok\/\">Excel&#8217;de Karek\u00f6k Hesapla + Sembol Ekle<\/a><\/li><li> <a href=\"https:\/\/exceladvisor.org\/tr\/esit-degil\/\">Excel&#8217;deki operat\u00f6re e\u015fit de\u011fil<\/a><\/li><li> <a href=\"https:\/\/exceladvisor.org\/tr\/kare-numarasi\/\">Excel&#8217;de bir say\u0131n\u0131n karesini almak<\/a><\/li><li> <a href=\"https:\/\/exceladvisor.org\/tr\/ekleme-sayidan-yuzde-cikarma\/\">Bir say\u0131n\u0131n y\u00fczdesini toplama-\u00e7\u0131karma<\/a> <\/li><\/ul><\/div><\/div><div class=\"gb-grid-column gb-grid-column-5b4a0cf9\"><div class=\"gb-container gb-container-5b4a0cf9\"><\/div><\/div><\/div><\/div>","protected":false},"excerpt":{"rendered":"","protected":false},"author":1,"featured_media":0,"parent":0,"menu_order":0,"comment_status":"open","ping_status":"closed","template":"","meta":{"ub_ctt_via":"","footnotes":""},"class_list":["post-1616","page","type-page","status-publish","hentry"],"featured_image_src":null,"yoast_head":"<!-- This site is optimized with the Yoast SEO plugin v25.4 - https:\/\/yoast.com\/wordpress\/plugins\/seo\/ -->\n<title>Excel&#039;de k\u00fcp k\u00f6k\u00fc nas\u0131l hesaplan\u0131r? - Excel Dan\u0131\u015fman\u0131<\/title>\n<meta name=\"description\" content=\"Bu form\u00fcl e\u011fitiminde bir say\u0131n\u0131n k\u00fcp k\u00f6k\u00fcn\u00fc hesaplamak i\u00e7in kullanabilece\u011finiz t\u00fcm y\u00f6ntemleri \u00f6\u011freneceksiniz\" \/>\n<meta name=\"robots\" content=\"index, follow, max-snippet:-1, max-image-preview:large, max-video-preview:-1\" \/>\n<link rel=\"canonical\" href=\"https:\/\/exceladvisor.org\/tr\/kare-kok-2\/\" \/>\n<meta property=\"og:locale\" content=\"tr_TR\" \/>\n<meta property=\"og:type\" content=\"article\" \/>\n<meta property=\"og:title\" content=\"Excel&#039;de k\u00fcp k\u00f6k\u00fc nas\u0131l hesaplan\u0131r? - Excel Dan\u0131\u015fman\u0131\" \/>\n<meta property=\"og:description\" content=\"Bu form\u00fcl e\u011fitiminde bir say\u0131n\u0131n k\u00fcp k\u00f6k\u00fcn\u00fc hesaplamak i\u00e7in kullanabilece\u011finiz t\u00fcm y\u00f6ntemleri \u00f6\u011freneceksiniz\" \/>\n<meta property=\"og:url\" content=\"https:\/\/exceladvisor.org\/tr\/kare-kok-2\/\" \/>\n<meta property=\"og:site_name\" content=\"Excel Advisor\" \/>\n<meta property=\"article:modified_time\" content=\"2023-12-10T06:01:33+00:00\" \/>\n<meta property=\"og:image\" content=\"https:\/\/exceladvisor.org\/wp-content\/uploads\/2023\/08\/1-fonction-puissance-pour-la-racine-cubique.png\" \/>\n<meta name=\"twitter:card\" content=\"summary_large_image\" \/>\n<meta name=\"twitter:label1\" content=\"Tahmini okuma s\u00fcresi\" \/>\n\t<meta name=\"twitter:data1\" content=\"1 dakika\" \/>\n<script type=\"application\/ld+json\" class=\"yoast-schema-graph\">{\"@context\":\"https:\/\/schema.org\",\"@graph\":[{\"@type\":\"WebPage\",\"@id\":\"https:\/\/exceladvisor.org\/tr\/kare-kok-2\/\",\"url\":\"https:\/\/exceladvisor.org\/tr\/kare-kok-2\/\",\"name\":\"Excel&#39;de k\u00fcp k\u00f6k\u00fc nas\u0131l hesaplan\u0131r? - Excel Dan\u0131\u015fman\u0131\",\"isPartOf\":{\"@id\":\"https:\/\/exceladvisor.org\/tr\/#website\"},\"primaryImageOfPage\":{\"@id\":\"https:\/\/exceladvisor.org\/tr\/kare-kok-2\/#primaryimage\"},\"image\":{\"@id\":\"https:\/\/exceladvisor.org\/tr\/kare-kok-2\/#primaryimage\"},\"thumbnailUrl\":\"https:\/\/exceladvisor.org\/wp-content\/uploads\/2023\/08\/1-fonction-puissance-pour-la-racine-cubique.png\",\"datePublished\":\"2023-11-15T10:24:02+00:00\",\"dateModified\":\"2023-12-10T06:01:33+00:00\",\"description\":\"Bu form\u00fcl e\u011fitiminde bir say\u0131n\u0131n k\u00fcp k\u00f6k\u00fcn\u00fc hesaplamak i\u00e7in kullanabilece\u011finiz t\u00fcm y\u00f6ntemleri \u00f6\u011freneceksiniz\",\"breadcrumb\":{\"@id\":\"https:\/\/exceladvisor.org\/tr\/kare-kok-2\/#breadcrumb\"},\"inLanguage\":\"tr\",\"potentialAction\":[{\"@type\":\"ReadAction\",\"target\":[\"https:\/\/exceladvisor.org\/tr\/kare-kok-2\/\"]}]},{\"@type\":\"ImageObject\",\"inLanguage\":\"tr\",\"@id\":\"https:\/\/exceladvisor.org\/tr\/kare-kok-2\/#primaryimage\",\"url\":\"https:\/\/exceladvisor.org\/wp-content\/uploads\/2023\/08\/1-fonction-puissance-pour-la-racine-cubique.png\",\"contentUrl\":\"https:\/\/exceladvisor.org\/wp-content\/uploads\/2023\/08\/1-fonction-puissance-pour-la-racine-cubique.png\"},{\"@type\":\"BreadcrumbList\",\"@id\":\"https:\/\/exceladvisor.org\/tr\/kare-kok-2\/#breadcrumb\",\"itemListElement\":[{\"@type\":\"ListItem\",\"position\":1,\"name\":\"Ev\",\"item\":\"https:\/\/exceladvisor.org\/tr\/\"},{\"@type\":\"ListItem\",\"position\":2,\"name\":\"Excel&#39;de k\u00fcp k\u00f6k\u00fc nas\u0131l hesaplan\u0131r?\"}]},{\"@type\":\"WebSite\",\"@id\":\"https:\/\/exceladvisor.org\/tr\/#website\",\"url\":\"https:\/\/exceladvisor.org\/tr\/\",\"name\":\"Excel Advisor\",\"description\":\"Veri hakimiyetine y\u00f6nelik nihai rehberiniz!\",\"publisher\":{\"@id\":\"https:\/\/exceladvisor.org\/tr\/#organization\"},\"potentialAction\":[{\"@type\":\"SearchAction\",\"target\":{\"@type\":\"EntryPoint\",\"urlTemplate\":\"https:\/\/exceladvisor.org\/tr\/?s={search_term_string}\"},\"query-input\":{\"@type\":\"PropertyValueSpecification\",\"valueRequired\":true,\"valueName\":\"search_term_string\"}}],\"inLanguage\":\"tr\"},{\"@type\":\"Organization\",\"@id\":\"https:\/\/exceladvisor.org\/tr\/#organization\",\"name\":\"Excel Advisor\",\"url\":\"https:\/\/exceladvisor.org\/tr\/\",\"logo\":{\"@type\":\"ImageObject\",\"inLanguage\":\"tr\",\"@id\":\"https:\/\/exceladvisor.org\/tr\/#\/schema\/logo\/image\/\",\"url\":\"https:\/\/exceladvisor.org\/tr\/wp-content\/uploads\/2023\/12\/exceladvisor.org_.png\",\"contentUrl\":\"https:\/\/exceladvisor.org\/tr\/wp-content\/uploads\/2023\/12\/exceladvisor.org_.png\",\"width\":105,\"height\":36,\"caption\":\"Excel Advisor\"},\"image\":{\"@id\":\"https:\/\/exceladvisor.org\/tr\/#\/schema\/logo\/image\/\"}}]}<\/script>\n<!-- \/ Yoast SEO plugin. -->","yoast_head_json":{"title":"Excel&#39;de k\u00fcp k\u00f6k\u00fc nas\u0131l hesaplan\u0131r? - Excel Dan\u0131\u015fman\u0131","description":"Bu form\u00fcl e\u011fitiminde bir say\u0131n\u0131n k\u00fcp k\u00f6k\u00fcn\u00fc hesaplamak i\u00e7in kullanabilece\u011finiz t\u00fcm y\u00f6ntemleri \u00f6\u011freneceksiniz","robots":{"index":"index","follow":"follow","max-snippet":"max-snippet:-1","max-image-preview":"max-image-preview:large","max-video-preview":"max-video-preview:-1"},"canonical":"https:\/\/exceladvisor.org\/tr\/kare-kok-2\/","og_locale":"tr_TR","og_type":"article","og_title":"Excel&#39;de k\u00fcp k\u00f6k\u00fc nas\u0131l hesaplan\u0131r? - Excel Dan\u0131\u015fman\u0131","og_description":"Bu form\u00fcl e\u011fitiminde bir say\u0131n\u0131n k\u00fcp k\u00f6k\u00fcn\u00fc hesaplamak i\u00e7in kullanabilece\u011finiz t\u00fcm y\u00f6ntemleri \u00f6\u011freneceksiniz","og_url":"https:\/\/exceladvisor.org\/tr\/kare-kok-2\/","og_site_name":"Excel Advisor","article_modified_time":"2023-12-10T06:01:33+00:00","og_image":[{"url":"https:\/\/exceladvisor.org\/wp-content\/uploads\/2023\/08\/1-fonction-puissance-pour-la-racine-cubique.png","type":"","width":"","height":""}],"twitter_card":"summary_large_image","twitter_misc":{"Tahmini okuma s\u00fcresi":"1 dakika"},"schema":{"@context":"https:\/\/schema.org","@graph":[{"@type":"WebPage","@id":"https:\/\/exceladvisor.org\/tr\/kare-kok-2\/","url":"https:\/\/exceladvisor.org\/tr\/kare-kok-2\/","name":"Excel&#39;de k\u00fcp k\u00f6k\u00fc nas\u0131l hesaplan\u0131r? - Excel Dan\u0131\u015fman\u0131","isPartOf":{"@id":"https:\/\/exceladvisor.org\/tr\/#website"},"primaryImageOfPage":{"@id":"https:\/\/exceladvisor.org\/tr\/kare-kok-2\/#primaryimage"},"image":{"@id":"https:\/\/exceladvisor.org\/tr\/kare-kok-2\/#primaryimage"},"thumbnailUrl":"https:\/\/exceladvisor.org\/wp-content\/uploads\/2023\/08\/1-fonction-puissance-pour-la-racine-cubique.png","datePublished":"2023-11-15T10:24:02+00:00","dateModified":"2023-12-10T06:01:33+00:00","description":"Bu form\u00fcl e\u011fitiminde bir say\u0131n\u0131n k\u00fcp k\u00f6k\u00fcn\u00fc hesaplamak i\u00e7in kullanabilece\u011finiz t\u00fcm y\u00f6ntemleri \u00f6\u011freneceksiniz","breadcrumb":{"@id":"https:\/\/exceladvisor.org\/tr\/kare-kok-2\/#breadcrumb"},"inLanguage":"tr","potentialAction":[{"@type":"ReadAction","target":["https:\/\/exceladvisor.org\/tr\/kare-kok-2\/"]}]},{"@type":"ImageObject","inLanguage":"tr","@id":"https:\/\/exceladvisor.org\/tr\/kare-kok-2\/#primaryimage","url":"https:\/\/exceladvisor.org\/wp-content\/uploads\/2023\/08\/1-fonction-puissance-pour-la-racine-cubique.png","contentUrl":"https:\/\/exceladvisor.org\/wp-content\/uploads\/2023\/08\/1-fonction-puissance-pour-la-racine-cubique.png"},{"@type":"BreadcrumbList","@id":"https:\/\/exceladvisor.org\/tr\/kare-kok-2\/#breadcrumb","itemListElement":[{"@type":"ListItem","position":1,"name":"Ev","item":"https:\/\/exceladvisor.org\/tr\/"},{"@type":"ListItem","position":2,"name":"Excel&#39;de k\u00fcp k\u00f6k\u00fc nas\u0131l hesaplan\u0131r?"}]},{"@type":"WebSite","@id":"https:\/\/exceladvisor.org\/tr\/#website","url":"https:\/\/exceladvisor.org\/tr\/","name":"Excel Advisor","description":"Veri hakimiyetine y\u00f6nelik nihai rehberiniz!","publisher":{"@id":"https:\/\/exceladvisor.org\/tr\/#organization"},"potentialAction":[{"@type":"SearchAction","target":{"@type":"EntryPoint","urlTemplate":"https:\/\/exceladvisor.org\/tr\/?s={search_term_string}"},"query-input":{"@type":"PropertyValueSpecification","valueRequired":true,"valueName":"search_term_string"}}],"inLanguage":"tr"},{"@type":"Organization","@id":"https:\/\/exceladvisor.org\/tr\/#organization","name":"Excel Advisor","url":"https:\/\/exceladvisor.org\/tr\/","logo":{"@type":"ImageObject","inLanguage":"tr","@id":"https:\/\/exceladvisor.org\/tr\/#\/schema\/logo\/image\/","url":"https:\/\/exceladvisor.org\/tr\/wp-content\/uploads\/2023\/12\/exceladvisor.org_.png","contentUrl":"https:\/\/exceladvisor.org\/tr\/wp-content\/uploads\/2023\/12\/exceladvisor.org_.png","width":105,"height":36,"caption":"Excel Advisor"},"image":{"@id":"https:\/\/exceladvisor.org\/tr\/#\/schema\/logo\/image\/"}}]}},"yoast_meta":{"yoast_wpseo_title":"","yoast_wpseo_metadesc":"","yoast_wpseo_canonical":""},"_links":{"self":[{"href":"https:\/\/exceladvisor.org\/tr\/wp-json\/wp\/v2\/pages\/1616","targetHints":{"allow":["GET"]}}],"collection":[{"href":"https:\/\/exceladvisor.org\/tr\/wp-json\/wp\/v2\/pages"}],"about":[{"href":"https:\/\/exceladvisor.org\/tr\/wp-json\/wp\/v2\/types\/page"}],"author":[{"embeddable":true,"href":"https:\/\/exceladvisor.org\/tr\/wp-json\/wp\/v2\/users\/1"}],"replies":[{"embeddable":true,"href":"https:\/\/exceladvisor.org\/tr\/wp-json\/wp\/v2\/comments?post=1616"}],"version-history":[{"count":1,"href":"https:\/\/exceladvisor.org\/tr\/wp-json\/wp\/v2\/pages\/1616\/revisions"}],"predecessor-version":[{"id":2539,"href":"https:\/\/exceladvisor.org\/tr\/wp-json\/wp\/v2\/pages\/1616\/revisions\/2539"}],"wp:attachment":[{"href":"https:\/\/exceladvisor.org\/tr\/wp-json\/wp\/v2\/media?parent=1616"}],"curies":[{"name":"wp","href":"https:\/\/api.w.org\/{rel}","templated":true}]}}