{"id":1617,"date":"2023-11-15T09:18:53","date_gmt":"2023-11-15T09:18:53","guid":{"rendered":"https:\/\/exceladvisor.org\/tr\/zaman-cizelgesi-filtresi\/"},"modified":"2023-12-10T06:04:55","modified_gmt":"2023-12-10T06:04:55","slug":"zaman-cizelgesi-filtresi","status":"publish","type":"page","link":"https:\/\/exceladvisor.org\/tr\/zaman-cizelgesi-filtresi\/","title":{"rendered":"Pivot tablo zaman \u00e7izelgesi"},"content":{"rendered":"<div class=\"excel-icerikten-once\" id=\"excel-4135803407\"><script type=\"text\/javascript\">\r\n\tatOptions = {\r\n\t\t'key' : 'c1158f160081d6540a8409e6925dab94',\r\n\t\t'format' : 'iframe',\r\n\t\t'height' : 250,\r\n\t\t'width' : 300,\r\n\t\t'params' : {}\r\n\t};\r\n<\/script>\r\n<script type=\"text\/javascript\" src=\"\/\/www.highperformanceformat.com\/c1158f160081d6540a8409e6925dab94\/invoke.js\"><\/script><\/div> <p>Zaman \u00e7izelgesi \u00f6zelli\u011fi ilk olarak Excel 2013&#8217;te tan\u0131t\u0131ld\u0131 ve iyi haber \u015fu ki, bunu bir pivot tabloyla da kullanabilirsiniz. Bir pivot tablodaki tarihleri filtrelemek sizin i\u00e7in oyunun kurallar\u0131n\u0131 de\u011fi\u015ftirebilir.<\/p><p> \u00c7\u00fcnk\u00fc varsay\u0131lan filtre se\u00e7ene\u011finin sorunu, basit tarihleriniz varsa aylar, \u00fc\u00e7 ayl\u0131k d\u00f6nemler ve y\u0131llara g\u00f6re filtrelemenin \u00e7ok zor olmas\u0131d\u0131r.<\/p><p> Ancak zaman \u00e7izelgesi filtresiyle filtreyi tekrar tekrar a\u00e7man\u0131za gerek yoktur, bunu yaln\u0131zca tek t\u0131klamayla yapars\u0131n\u0131z. Microsoft&#8217;un zaman \u00e7izelgesi filtre se\u00e7ene\u011fini sunmas\u0131n\u0131n nedeni budur. <\/p><div class=\"wp-block-image\"><figure class=\"aligncenter\"><img decoding=\"async\" src=\"https:\/\/exceladvisor.org\/wp-content\/uploads\/2023\/08\/Remplacer-le-filtre-normal-par-la-chronologie-du-tableau-croise-dynamique-1.png\" sizes=\"\" srcset=\"\" alt=\"Normal Filtreyi PivotTable Zaman \u00c7izelgesi ile De\u011fi\u015ftirin\"><\/figure><\/div><p> Zaman \u00e7izelgesi <a style=\"outline: none;\" href=\"https:\/\/exceladvisor.org\/tr\/dilimleyiciyi-birkac-pivot-tabloya-baglama\/\" data-wpel-link=\"internal\">bir segment gibidir<\/a> ; aradaki fark, zaman \u00e7izelgesinin yaln\u0131zca tarihleri filtrelemesidir. Bu nedenle, bug\u00fcn bu makalede, pivot tablodaki tarihleri filtrelemek i\u00e7in zaman \u00e7izelgesi filtresi eklemeye y\u00f6nelik basit ad\u0131mlar\u0131 sizinle payla\u015fmak istiyorum.<\/p><p class=\"qt-tip\"> NOT: Pivot tablolar <a style=\"outline: none;\" href=\"https:\/\/exceladvisor.org\/tr\/excel-becerileri\/\">ORTA EXCEL BECER\u0130LER\u0130N\u0130N<\/a> bir par\u00e7as\u0131d\u0131r.<\/p><h2 id=\"tab-con-1\" class=\"wp-block-heading\"> Pivot tabloya zaman \u00e7izelgesi ekleme ad\u0131mlar\u0131<\/h2><p> <a style=\"outline: none;\" href=\"https:\/\/exceladvisor.org\/wp-content\/uploads\/2023\/11\/utiliser-la-chronologie-du-tableau-croise-dynamique.xlsx\" rel=\"nofollow\">\u00f6rnek dosya<\/a> <\/p><ol id=\"block-67eca96c-43a3-4ad9-b21e-127f3a0dca02\" class=\"block-editor-rich-text__editable block-editor-block-list__block wp-block is-selected rich-text\" tabindex=\"0\" role=\"group\" contenteditable=\"true\" aria-multiline=\"true\" aria-label=\"Block: List\" data-block=\"67eca96c-43a3-4ad9-b21e-127f3a0dca02\" data-type=\"core\/list\" data-title=\"List\"><li> Pivot tablonuzdaki h\u00fccrelerden birini se\u00e7in. <br><img decoding=\"async\" title=\"nt\/uploads\/2016\/05\/\u00d6zet Tablo-Zaman \u00c7izelgesi Eklemek \u0130\u00e7in Pivot Tablo Se\u00e7in\" src=\"https:\/\/exceladvisor.org\/wp-content\/uploads\/2023\/08\/Selectionnez-le-tableau-croise-dynamique-pour-ajouter-une-chronologie-de-tableau-croise-dynamique.png\" sizes=\"\" srcset=\"\" alt=\"nt\/uploads\/2016\/05\/select-pivot-table-to-add-pivot-table-timeline\"><\/li><li> PivotTable Ara\u00e7lar\u0131 \u2192 Analiz Et \u2192 Filtrele \u2192 Zaman \u00c7izelgesi Ekle&#8217;ye gidin. <br><img decoding=\"async\" title=\"nt\/uploads\/2016\/05\/\u00d6zet Tablo Ekleme Zaman \u00c7izelgesi\" src=\"https:\/\/exceladvisor.org\/wp-content\/uploads\/2023\/08\/Ajouter-une-chronologie-de-tableau-croise-dynamique-1.png\" sizes=\"\" srcset=\"\" alt=\"nt\/uploads\/2016\/05\/add-pivot-table-timeline\"><\/li><li> Zaman \u00e7izelgesi ekle&#8217;yi t\u0131klad\u0131\u011f\u0131n\u0131zda bir ileti\u015fim kutusu g\u00f6receksiniz.<\/li><li> A\u00e7\u0131lan pencerede verilerinizde bulunan tarih s\u00fctunlar\u0131n\u0131 se\u00e7in.<\/li><li> Tamam&#8217;\u0131 t\u0131klay\u0131n. <br><img decoding=\"async\" title=\"nt\/uploads\/2016\/05\/\u00d6zet Tablo-Zaman \u00c7izelgesi Eklenecek Tarihi Se\u00e7in\" src=\"https:\/\/exceladvisor.org\/wp-content\/uploads\/2023\/08\/Selectionnez-la-date-pour-inserer-la-chronologie-du-tableau-croise-dynamique.png\" sizes=\"\" srcset=\"\" alt=\"nt\/uploads\/2016\/05\/select-date-to-insert-pivot-table-timeline\"><\/li><\/ol><p> Art\u0131k \u00e7al\u0131\u015fma sayfan\u0131zda bir zaman \u00e7izelgesi filtreniz var ve pivot tablonuzu bununla filtreleyebilirsiniz. <\/p><div class=\"wp-block-image\"><figure class=\"aligncenter\"><img decoding=\"async\" src=\"https:\/\/exceladvisor.org\/wp-content\/uploads\/2023\/08\/25.png\" sizes=\"\" srcset=\"\" alt=\"Pivot Tablo Zaman \u00c7izelgesi\"><\/figure><\/div><p> \u0130lgili: <a href=\"https:\/\/exceladvisor.org\/tr\/excel-dilimleyici\/\"><strong>Excel Dilimleyici<\/strong><\/a><\/p><h2 class=\"wp-block-heading\"> Zaman \u00e7izelgesi filtresinin bile\u015fenleri<\/h2><p> Zaman \u00e7izelgelerinde ustala\u015fmak i\u00e7in kullanabilece\u011finiz baz\u0131 \u00f6nemli bile\u015fenleri burada bulabilirsiniz. <\/p><div class=\"wp-block-image\"><figure class=\"aligncenter\"><img decoding=\"async\" src=\"https:\/\/exceladvisor.org\/wp-content\/uploads\/2023\/08\/Chronologie-du-tableau-croise-dynamique-des-composants-1.png\" sizes=\"\" srcset=\"\" alt=\"Bile\u015fen PivotTable Zaman \u00c7izelgesi\"><\/figure><\/div><ol><li> <strong>Filtreleri Temizle:<\/strong> T\u00fcm filtreleri temizlemek i\u00e7in bu butonu kullanabilirsiniz.<\/li><li> <strong>Zaman Seviyesi:<\/strong> Zaman seviyesi se\u00e7ene\u011finden d\u00f6rt farkl\u0131 zaman seviyesi kullanabilirsiniz. Zaman seviyeniz olarak kullanabilece\u011finiz g\u00fcnleriniz, aylar\u0131n\u0131z, \u00e7eyrekleriniz ve y\u0131llar\u0131n\u0131z var.<\/li><li> <strong>Zaman \u00c7izelgesi:<\/strong> \u0130stenilen zaman aral\u0131\u011f\u0131na ait tarihleri filtrelemek i\u00e7in zaman \u00e7izelgesini kullan\u0131n. Tarihleri g\u00fcnlere, aylara, \u00e7eyreklere ve y\u0131llara g\u00f6re filtreleyebilirsiniz. Ayr\u0131ca birden fazla g\u00fcn, ay, \u00fc\u00e7 ayl\u0131k d\u00f6nem ve y\u0131l\u0131 da yaln\u0131zca s\u0131rayla se\u00e7ebilirsiniz.<\/li><li> <strong>Kayd\u0131rma \u00e7ubu\u011fu:<\/strong> G\u00fcnler, aylar, \u00fc\u00e7 ayl\u0131k d\u00f6nemler ve y\u0131llar aras\u0131nda gezinmek i\u00e7in kayd\u0131rma \u00e7ubu\u011funu kullan\u0131n.<\/li><\/ol><h2 id=\"tab-con-3\" class=\"wp-block-heading\"> Zaman \u00e7izelgesini \u00f6zelle\u015ftirme<\/h2><p> Ayr\u0131ca zaman \u00e7izelgenizi \u00f6zelle\u015ftirme se\u00e7enekleriniz de vard\u0131r. \u00dczerinde a\u015fa\u011f\u0131daki de\u011fi\u015fiklikleri yapabilirsiniz.<\/p><h3 id=\"tab-con-4\" class=\"wp-block-heading\"> 1. Boyutu de\u011fi\u015ftirin<\/h3><p> Bu ad\u0131mlar\u0131 izleyerek PivotTable zaman \u00e7izelgesinin boyutunu de\u011fi\u015ftirebilirsiniz.<\/p><ul><li> Zaman \u00e7izelgenizi se\u00e7in.<\/li><li> Zaman \u00c7izelgesi Ara\u00e7lar\u0131 \u2192 Se\u00e7enekler \u2192 Boyut&#8217;a gidin.<\/li><li> Zaman \u00e7izelgenizin y\u00fcksekli\u011fini ve geni\u015fli\u011fini de\u011fi\u015ftirin. <\/li><\/ul><div class=\"wp-block-image\"><figure class=\"aligncenter\"><img decoding=\"async\" src=\"https:\/\/exceladvisor.org\/wp-content\/uploads\/2023\/08\/Chronologie-du-tableau-croise-dynamique-de-la-taille-du-changement.png\" sizes=\"\" srcset=\"\" alt=\"PivotTable Zaman \u00c7izelgesi Boyutunu De\u011fi\u015ftirme\"><\/figure><\/div><p> Bir di\u011fer en iyi yol da zaman \u00e7izelgesini s\u0131n\u0131rlar\u0131ndan yeniden boyutland\u0131rmakt\u0131r.<\/p><h3 id=\"tab-con-5\" class=\"wp-block-heading\"> 2. Altyaz\u0131 ad\u0131n\u0131 de\u011fi\u015ftirin<\/h3><p> Varsay\u0131lan olarak, zaman \u00e7izelgesi eklemek i\u00e7in se\u00e7ti\u011finiz s\u00fctun ad\u0131n\u0131zla ayn\u0131 ba\u015fl\u0131k ad\u0131n\u0131 g\u00f6sterecektir. Ancak a\u015fa\u011f\u0131dakileri yaparak istedi\u011finiz zaman de\u011fi\u015ftirebilirsiniz.<\/p><ul><li> Zaman \u00e7izelgenizi se\u00e7in.<\/li><li> Zaman \u00c7izelgesi Ara\u00e7lar\u0131 \u2192 Se\u00e7enekler \u2192 Zaman \u00c7izelgesi \u2192 Zaman \u00c7izelgesi A\u00e7\u0131klamas\u0131&#8217;na gidin.<\/li><li> Yeni bir ad girin.<\/li><li> Enter tu\u015funa bas\u0131n. <\/li><\/ul><div class=\"wp-block-image\"><figure class=\"aligncenter\"><img decoding=\"async\" src=\"https:\/\/exceladvisor.org\/wp-content\/uploads\/2023\/08\/Modifier-le-nom-de-la-legende-Tableau-croise-dynamique-Chronologie.png\" sizes=\"\" srcset=\"\" alt=\"G\u00f6sterge ad\u0131n\u0131 PivotTable Zaman \u00c7izelgesi'ni de\u011fi\u015ftirme\"><\/figure><\/div><h3 id=\"tab-con-6\" class=\"wp-block-heading\"> 3. Zaman \u00e7izelgesi stillerini uygulay\u0131n<\/h3><p> Evet, pivot tablodaki zaman \u00e7izelgeniz i\u00e7in farkl\u0131 stiller kullanabilirsiniz. Pivot tablo zaman \u00e7izelgesi i\u00e7in kullanabilece\u011finiz toplam 12 farkl\u0131 tema stili vard\u0131r. <\/p><div class=\"wp-block-image\"><figure class=\"aligncenter\"><img decoding=\"async\" src=\"https:\/\/exceladvisor.org\/wp-content\/uploads\/2023\/08\/Differents-styles-a-utiliser-dans-la-chronologie-du-tableau-croise-dynamique-1.png\" sizes=\"\" srcset=\"\" alt=\"PivotTable Zaman \u00c7izelgesi'nde Kullan\u0131lacak Farkl\u0131 Stiller\"><\/figure><\/div><p> Yeni bir zaman \u00e7izelgesi stili olu\u015fturarak zaman \u00e7izelgeniz i\u00e7in \u00f6zel bir tema da olu\u015fturabilirsiniz. <\/p><div class=\"wp-block-image\"><figure class=\"aligncenter\"><img decoding=\"async\" src=\"https:\/\/exceladvisor.org\/wp-content\/uploads\/2023\/08\/Creer-un-nouveau-style-pour-la-chronologie-du-tableau-croise-dynamique-1.png\" sizes=\"\" srcset=\"\" alt=\"PivotTable zaman \u00e7izelgesi i\u00e7in yeni bir stil olu\u015fturma\"><\/figure><\/div><p> Zaman \u00e7izelgenizi \u00f6zelle\u015ftirmek i\u00e7in a\u015fa\u011f\u0131daki se\u00e7eneklere sahipsiniz. <\/p><div class=\"wp-block-image\"><figure class=\"aligncenter\"><img decoding=\"async\" src=\"https:\/\/exceladvisor.org\/wp-content\/uploads\/2023\/08\/Personnaliser-le-style-de-chronologie-du-nouveau-tableau-croise-dynamique.png\" sizes=\"\" srcset=\"\" alt=\"Yeni pivot tablonun zaman \u00e7izelgesi stilini \u00f6zelle\u015ftirin\"><\/figure><\/div><h3 id=\"tab-con-7\" class=\"wp-block-heading\"> 4. Bir zaman \u00e7izelgesini birden fazla pivot tabloyla ili\u015fkilendirin<\/h3><p> <a style=\"outline: none;\" href=\"https:\/\/exceladvisor.org\/tr\/dilimleyiciyi-birkac-pivot-tabloya-baglama\/\">Dilimleyici gibi<\/a> , bir zaman \u00e7izelgesini birden \u00e7ok pivot tabloya da ba\u011flayabilirsiniz. Bunu yapmak i\u00e7in \u015fu basit ad\u0131mlar\u0131 uygulaman\u0131z yeterli. <\/p><ol id=\"block-e8e85b1b-1b94-4023-96d4-7c6c30c5236e\" class=\"block-editor-rich-text__editable block-editor-block-list__block wp-block is-selected rich-text\" tabindex=\"0\" role=\"group\" contenteditable=\"true\" aria-multiline=\"true\" aria-label=\"Block: List\" data-block=\"e8e85b1b-1b94-4023-96d4-7c6c30c5236e\" data-type=\"core\/list\" data-title=\"List\"><li> Zaman \u00e7izelgenizi se\u00e7in ve \u00fczerine sa\u011f t\u0131klay\u0131n.<\/li><li> \u015eimdi Ba\u011flant\u0131lar\u0131 Rapor Et&#8217;e t\u0131klay\u0131n. <br><img decoding=\"async\" title=\"nt\/uploads\/2016\/05\/Click-Report-Connections-ToLink-Pivot-Table-Timeline\" src=\"https:\/\/exceladvisor.org\/wp-content\/uploads\/2023\/08\/Cliquez-sur-Rapporter-les-connexions-pour-lier-la-chronologie-du-tableau-croise-dynamique.png\" sizes=\"\" srcset=\"\" alt=\"nt\/uploads\/2016\/05\/click-report-connections-tolink-pivot-table-timeline\"><\/li><li> Art\u0131k pivot tablolar\u0131n listesini i\u00e7eren bir a\u00e7\u0131l\u0131r pencere g\u00f6receksiniz.<\/li><li> Zaman \u00e7izelgesine ba\u011flamak istedi\u011finiz pivot tablolar\u0131 kontrol edin. <br><img decoding=\"async\" title=\"nt\/uploads\/2016\/05\/Tick-Mark-All-Pivot-Table-To-Link-Pivot-Tables-Zaman \u00c7izelgesi\" src=\"https:\/\/exceladvisor.org\/wp-content\/uploads\/2023\/08\/Cochez-Marquer-tous-les-tableaux-croises-dynamiques-pour-lier-la-chronologie-des-tableaux-croises-dynamiques.png\" sizes=\"\" srcset=\"\" alt=\"nt\/uploads\/2016\/05\/tick-mark-all-pivot-table-to-link-pivot-tables-timeline\"><\/li><li> Ve Tamam&#8217;\u0131 t\u0131klay\u0131n.<\/li><\/ol><h2 class=\"wp-block-heading\"> Pivot tablolar hakk\u0131nda daha fazla bilgi edinin<\/h2><ol><li> <a style=\"outline: none;\" href=\"https:\/\/exceladvisor.org\/tr\/dilimleyiciyi-birkac-pivot-tabloya-baglama\/\">Dilimleyicileri birden fazla pivot tabloya ba\u011flama<\/a><\/li><li> <a style=\"outline: none;\" href=\"https:\/\/exceladvisor.org\/tr\/dinamik-tablo-birden-fazla-dosyaya-capraz-referans-veriyor\/\">Birden \u00e7ok \u00e7al\u0131\u015fma kitab\u0131 i\u00e7eren bir pivot tablo olu\u015fturma<\/a><\/li><li> <a style=\"outline: none;\" href=\"https:\/\/exceladvisor.org\/tr\/rutbe-sutunu\/\" data-wpel-link=\"internal\">Excel&#8217;de bir pivot tabloda nas\u0131l s\u0131n\u0131fland\u0131r\u0131l\u0131r<\/a><\/li><li> <a style=\"outline: none;\" href=\"https:\/\/exceladvisor.org\/tr\/birikimli-toplam\/\" data-wpel-link=\"internal\">Pivot tabloya de\u011fi\u015fen toplam\u0131 ekleme<\/a><\/li><li> <a style=\"outline: none;\" href=\"https:\/\/exceladvisor.org\/tr\/otomatik-guncelleme-araligi\/\">Pivot tablo aral\u0131\u011f\u0131n\u0131 otomatik olarak g\u00fcncelleme<\/a><\/li><\/ol>","protected":false},"excerpt":{"rendered":"","protected":false},"author":1,"featured_media":0,"parent":0,"menu_order":0,"comment_status":"open","ping_status":"closed","template":"","meta":{"ub_ctt_via":"","footnotes":""},"class_list":["post-1617","page","type-page","status-publish","hentry"],"featured_image_src":null,"yoast_head":"<!-- This site is optimized with the Yoast SEO plugin v25.4 - https:\/\/yoast.com\/wordpress\/plugins\/seo\/ -->\n<title>Kronolojik filtre | Excel Pivot Tablo E\u011fitimi<\/title>\n<meta name=\"description\" content=\"Geli\u015fmi\u015f bir pivot tablo kullan\u0131c\u0131s\u0131 olmak ister misiniz? Pivot Tablo Zaman \u00c7izelgesi hakk\u0131nda daha fazla bilgiye ihtiyac\u0131n\u0131z var\" \/>\n<meta name=\"robots\" content=\"index, follow, max-snippet:-1, max-image-preview:large, max-video-preview:-1\" \/>\n<link rel=\"canonical\" href=\"https:\/\/exceladvisor.org\/tr\/zaman-cizelgesi-filtresi\/\" \/>\n<meta property=\"og:locale\" content=\"tr_TR\" \/>\n<meta property=\"og:type\" content=\"article\" \/>\n<meta property=\"og:title\" content=\"Kronolojik filtre | Excel Pivot Tablo E\u011fitimi\" \/>\n<meta property=\"og:description\" content=\"Geli\u015fmi\u015f bir pivot tablo kullan\u0131c\u0131s\u0131 olmak ister misiniz? Pivot Tablo Zaman \u00c7izelgesi hakk\u0131nda daha fazla bilgiye ihtiyac\u0131n\u0131z var\" \/>\n<meta property=\"og:url\" content=\"https:\/\/exceladvisor.org\/tr\/zaman-cizelgesi-filtresi\/\" \/>\n<meta property=\"og:site_name\" content=\"Excel Advisor\" \/>\n<meta property=\"article:modified_time\" content=\"2023-12-10T06:04:55+00:00\" \/>\n<meta property=\"og:image\" content=\"https:\/\/exceladvisor.org\/wp-content\/uploads\/2023\/08\/Remplacer-le-filtre-normal-par-la-chronologie-du-tableau-croise-dynamique-1.png\" \/>\n<meta name=\"twitter:card\" content=\"summary_large_image\" \/>\n<meta name=\"twitter:label1\" content=\"Tahmini okuma s\u00fcresi\" \/>\n\t<meta name=\"twitter:data1\" content=\"3 dakika\" \/>\n<script type=\"application\/ld+json\" class=\"yoast-schema-graph\">{\"@context\":\"https:\/\/schema.org\",\"@graph\":[{\"@type\":\"WebPage\",\"@id\":\"https:\/\/exceladvisor.org\/tr\/zaman-cizelgesi-filtresi\/\",\"url\":\"https:\/\/exceladvisor.org\/tr\/zaman-cizelgesi-filtresi\/\",\"name\":\"Kronolojik filtre | Excel Pivot Tablo E\u011fitimi\",\"isPartOf\":{\"@id\":\"https:\/\/exceladvisor.org\/tr\/#website\"},\"primaryImageOfPage\":{\"@id\":\"https:\/\/exceladvisor.org\/tr\/zaman-cizelgesi-filtresi\/#primaryimage\"},\"image\":{\"@id\":\"https:\/\/exceladvisor.org\/tr\/zaman-cizelgesi-filtresi\/#primaryimage\"},\"thumbnailUrl\":\"https:\/\/exceladvisor.org\/wp-content\/uploads\/2023\/08\/Remplacer-le-filtre-normal-par-la-chronologie-du-tableau-croise-dynamique-1.png\",\"datePublished\":\"2023-11-15T09:18:53+00:00\",\"dateModified\":\"2023-12-10T06:04:55+00:00\",\"description\":\"Geli\u015fmi\u015f bir pivot tablo kullan\u0131c\u0131s\u0131 olmak ister misiniz? Pivot Tablo Zaman \u00c7izelgesi hakk\u0131nda daha fazla bilgiye ihtiyac\u0131n\u0131z var\",\"breadcrumb\":{\"@id\":\"https:\/\/exceladvisor.org\/tr\/zaman-cizelgesi-filtresi\/#breadcrumb\"},\"inLanguage\":\"tr\",\"potentialAction\":[{\"@type\":\"ReadAction\",\"target\":[\"https:\/\/exceladvisor.org\/tr\/zaman-cizelgesi-filtresi\/\"]}]},{\"@type\":\"ImageObject\",\"inLanguage\":\"tr\",\"@id\":\"https:\/\/exceladvisor.org\/tr\/zaman-cizelgesi-filtresi\/#primaryimage\",\"url\":\"https:\/\/exceladvisor.org\/wp-content\/uploads\/2023\/08\/Remplacer-le-filtre-normal-par-la-chronologie-du-tableau-croise-dynamique-1.png\",\"contentUrl\":\"https:\/\/exceladvisor.org\/wp-content\/uploads\/2023\/08\/Remplacer-le-filtre-normal-par-la-chronologie-du-tableau-croise-dynamique-1.png\"},{\"@type\":\"BreadcrumbList\",\"@id\":\"https:\/\/exceladvisor.org\/tr\/zaman-cizelgesi-filtresi\/#breadcrumb\",\"itemListElement\":[{\"@type\":\"ListItem\",\"position\":1,\"name\":\"Ev\",\"item\":\"https:\/\/exceladvisor.org\/tr\/\"},{\"@type\":\"ListItem\",\"position\":2,\"name\":\"Pivot tablo zaman \u00e7izelgesi\"}]},{\"@type\":\"WebSite\",\"@id\":\"https:\/\/exceladvisor.org\/tr\/#website\",\"url\":\"https:\/\/exceladvisor.org\/tr\/\",\"name\":\"Excel Advisor\",\"description\":\"Veri hakimiyetine y\u00f6nelik nihai rehberiniz!\",\"publisher\":{\"@id\":\"https:\/\/exceladvisor.org\/tr\/#organization\"},\"potentialAction\":[{\"@type\":\"SearchAction\",\"target\":{\"@type\":\"EntryPoint\",\"urlTemplate\":\"https:\/\/exceladvisor.org\/tr\/?s={search_term_string}\"},\"query-input\":{\"@type\":\"PropertyValueSpecification\",\"valueRequired\":true,\"valueName\":\"search_term_string\"}}],\"inLanguage\":\"tr\"},{\"@type\":\"Organization\",\"@id\":\"https:\/\/exceladvisor.org\/tr\/#organization\",\"name\":\"Excel Advisor\",\"url\":\"https:\/\/exceladvisor.org\/tr\/\",\"logo\":{\"@type\":\"ImageObject\",\"inLanguage\":\"tr\",\"@id\":\"https:\/\/exceladvisor.org\/tr\/#\/schema\/logo\/image\/\",\"url\":\"https:\/\/exceladvisor.org\/tr\/wp-content\/uploads\/2023\/12\/exceladvisor.org_.png\",\"contentUrl\":\"https:\/\/exceladvisor.org\/tr\/wp-content\/uploads\/2023\/12\/exceladvisor.org_.png\",\"width\":105,\"height\":36,\"caption\":\"Excel Advisor\"},\"image\":{\"@id\":\"https:\/\/exceladvisor.org\/tr\/#\/schema\/logo\/image\/\"}}]}<\/script>\n<!-- \/ Yoast SEO plugin. -->","yoast_head_json":{"title":"Kronolojik filtre | Excel Pivot Tablo E\u011fitimi","description":"Geli\u015fmi\u015f bir pivot tablo kullan\u0131c\u0131s\u0131 olmak ister misiniz? Pivot Tablo Zaman \u00c7izelgesi hakk\u0131nda daha fazla bilgiye ihtiyac\u0131n\u0131z var","robots":{"index":"index","follow":"follow","max-snippet":"max-snippet:-1","max-image-preview":"max-image-preview:large","max-video-preview":"max-video-preview:-1"},"canonical":"https:\/\/exceladvisor.org\/tr\/zaman-cizelgesi-filtresi\/","og_locale":"tr_TR","og_type":"article","og_title":"Kronolojik filtre | Excel Pivot Tablo E\u011fitimi","og_description":"Geli\u015fmi\u015f bir pivot tablo kullan\u0131c\u0131s\u0131 olmak ister misiniz? Pivot Tablo Zaman \u00c7izelgesi hakk\u0131nda daha fazla bilgiye ihtiyac\u0131n\u0131z var","og_url":"https:\/\/exceladvisor.org\/tr\/zaman-cizelgesi-filtresi\/","og_site_name":"Excel Advisor","article_modified_time":"2023-12-10T06:04:55+00:00","og_image":[{"url":"https:\/\/exceladvisor.org\/wp-content\/uploads\/2023\/08\/Remplacer-le-filtre-normal-par-la-chronologie-du-tableau-croise-dynamique-1.png","type":"","width":"","height":""}],"twitter_card":"summary_large_image","twitter_misc":{"Tahmini okuma s\u00fcresi":"3 dakika"},"schema":{"@context":"https:\/\/schema.org","@graph":[{"@type":"WebPage","@id":"https:\/\/exceladvisor.org\/tr\/zaman-cizelgesi-filtresi\/","url":"https:\/\/exceladvisor.org\/tr\/zaman-cizelgesi-filtresi\/","name":"Kronolojik filtre | Excel Pivot Tablo E\u011fitimi","isPartOf":{"@id":"https:\/\/exceladvisor.org\/tr\/#website"},"primaryImageOfPage":{"@id":"https:\/\/exceladvisor.org\/tr\/zaman-cizelgesi-filtresi\/#primaryimage"},"image":{"@id":"https:\/\/exceladvisor.org\/tr\/zaman-cizelgesi-filtresi\/#primaryimage"},"thumbnailUrl":"https:\/\/exceladvisor.org\/wp-content\/uploads\/2023\/08\/Remplacer-le-filtre-normal-par-la-chronologie-du-tableau-croise-dynamique-1.png","datePublished":"2023-11-15T09:18:53+00:00","dateModified":"2023-12-10T06:04:55+00:00","description":"Geli\u015fmi\u015f bir pivot tablo kullan\u0131c\u0131s\u0131 olmak ister misiniz? Pivot Tablo Zaman \u00c7izelgesi hakk\u0131nda daha fazla bilgiye ihtiyac\u0131n\u0131z var","breadcrumb":{"@id":"https:\/\/exceladvisor.org\/tr\/zaman-cizelgesi-filtresi\/#breadcrumb"},"inLanguage":"tr","potentialAction":[{"@type":"ReadAction","target":["https:\/\/exceladvisor.org\/tr\/zaman-cizelgesi-filtresi\/"]}]},{"@type":"ImageObject","inLanguage":"tr","@id":"https:\/\/exceladvisor.org\/tr\/zaman-cizelgesi-filtresi\/#primaryimage","url":"https:\/\/exceladvisor.org\/wp-content\/uploads\/2023\/08\/Remplacer-le-filtre-normal-par-la-chronologie-du-tableau-croise-dynamique-1.png","contentUrl":"https:\/\/exceladvisor.org\/wp-content\/uploads\/2023\/08\/Remplacer-le-filtre-normal-par-la-chronologie-du-tableau-croise-dynamique-1.png"},{"@type":"BreadcrumbList","@id":"https:\/\/exceladvisor.org\/tr\/zaman-cizelgesi-filtresi\/#breadcrumb","itemListElement":[{"@type":"ListItem","position":1,"name":"Ev","item":"https:\/\/exceladvisor.org\/tr\/"},{"@type":"ListItem","position":2,"name":"Pivot tablo zaman \u00e7izelgesi"}]},{"@type":"WebSite","@id":"https:\/\/exceladvisor.org\/tr\/#website","url":"https:\/\/exceladvisor.org\/tr\/","name":"Excel Advisor","description":"Veri hakimiyetine y\u00f6nelik nihai rehberiniz!","publisher":{"@id":"https:\/\/exceladvisor.org\/tr\/#organization"},"potentialAction":[{"@type":"SearchAction","target":{"@type":"EntryPoint","urlTemplate":"https:\/\/exceladvisor.org\/tr\/?s={search_term_string}"},"query-input":{"@type":"PropertyValueSpecification","valueRequired":true,"valueName":"search_term_string"}}],"inLanguage":"tr"},{"@type":"Organization","@id":"https:\/\/exceladvisor.org\/tr\/#organization","name":"Excel Advisor","url":"https:\/\/exceladvisor.org\/tr\/","logo":{"@type":"ImageObject","inLanguage":"tr","@id":"https:\/\/exceladvisor.org\/tr\/#\/schema\/logo\/image\/","url":"https:\/\/exceladvisor.org\/tr\/wp-content\/uploads\/2023\/12\/exceladvisor.org_.png","contentUrl":"https:\/\/exceladvisor.org\/tr\/wp-content\/uploads\/2023\/12\/exceladvisor.org_.png","width":105,"height":36,"caption":"Excel Advisor"},"image":{"@id":"https:\/\/exceladvisor.org\/tr\/#\/schema\/logo\/image\/"}}]}},"yoast_meta":{"yoast_wpseo_title":"","yoast_wpseo_metadesc":"","yoast_wpseo_canonical":""},"_links":{"self":[{"href":"https:\/\/exceladvisor.org\/tr\/wp-json\/wp\/v2\/pages\/1617","targetHints":{"allow":["GET"]}}],"collection":[{"href":"https:\/\/exceladvisor.org\/tr\/wp-json\/wp\/v2\/pages"}],"about":[{"href":"https:\/\/exceladvisor.org\/tr\/wp-json\/wp\/v2\/types\/page"}],"author":[{"embeddable":true,"href":"https:\/\/exceladvisor.org\/tr\/wp-json\/wp\/v2\/users\/1"}],"replies":[{"embeddable":true,"href":"https:\/\/exceladvisor.org\/tr\/wp-json\/wp\/v2\/comments?post=1617"}],"version-history":[{"count":1,"href":"https:\/\/exceladvisor.org\/tr\/wp-json\/wp\/v2\/pages\/1617\/revisions"}],"predecessor-version":[{"id":2775,"href":"https:\/\/exceladvisor.org\/tr\/wp-json\/wp\/v2\/pages\/1617\/revisions\/2775"}],"wp:attachment":[{"href":"https:\/\/exceladvisor.org\/tr\/wp-json\/wp\/v2\/media?parent=1617"}],"curies":[{"name":"wp","href":"https:\/\/api.w.org\/{rel}","templated":true}]}}