{"id":1618,"date":"2023-11-15T08:44:03","date_gmt":"2023-11-15T08:44:03","guid":{"rendered":"https:\/\/exceladvisor.org\/tr\/grup-tarihleri\/"},"modified":"2023-12-10T05:58:57","modified_gmt":"2023-12-10T05:58:57","slug":"grup-tarihleri","status":"publish","type":"page","link":"https:\/\/exceladvisor.org\/tr\/grup-tarihleri\/","title":{"rendered":"Bir pivot tabloda tarihler nas\u0131l grupland\u0131r\u0131l\u0131r?"},"content":{"rendered":"<div class=\"excel-icerikten-once\" id=\"excel-160975030\"><script type=\"text\/javascript\">\r\n\tatOptions = {\r\n\t\t'key' : 'c1158f160081d6540a8409e6925dab94',\r\n\t\t'format' : 'iframe',\r\n\t\t'height' : 250,\r\n\t\t'width' : 300,\r\n\t\t'params' : {}\r\n\t};\r\n<\/script>\r\n<script type=\"text\/javascript\" src=\"\/\/www.highperformanceformat.com\/c1158f160081d6540a8409e6925dab94\/invoke.js\"><\/script><\/div> <p>Tarihleri bir pivot tabloda gruplayarak anl\u0131k raporlar olu\u015fturabilirsiniz.<\/p><p> \u0130\u015fin \u00f6z\u00fc \u015fu: Diyelim ki verilerinize farkl\u0131 bir s\u00fctun eklemek yerine t\u00fcm tarihleri aylar halinde grupland\u0131rmak istiyorsunuz; tarihleri gruplamak daha iyidir.<\/p><p> \u00c7ok kolay. \u015eimdi iyi haber \u015fu: Grupland\u0131rma i\u00e7in aylar\u0131n yan\u0131 s\u0131ra y\u0131llar\u0131, \u00fc\u00e7 ayl\u0131k d\u00f6nemleri, saati ve hatta \u00f6zel bir tarih aral\u0131\u011f\u0131n\u0131 da kullanabilirsiniz. Ve bug\u00fcn bu makalede size bunun i\u00e7in tam ad\u0131mlar\u0131 g\u00f6stermek istiyorum.<\/p><h2 class=\"wp-block-heading\"> Bir pivot tablodaki tarihleri aya g\u00f6re grupland\u0131r\u0131r<\/h2><p> A\u015fa\u011f\u0131da bir pivot tablodaki tarihleri grupland\u0131rma ad\u0131mlar\u0131 verilmi\u015ftir. <\/p><div class=\"wp-block-image\"><figure class=\"aligncenter\"><img decoding=\"async\" src=\"https:\/\/exceladvisor.org\/wp-content\/uploads\/2023\/08\/Regrouper-les-dates-dans-le-tableau-croise-dynamique-par-mois-1.gif\" sizes=\"\" srcset=\"\" alt=\"Pivot tablodaki tarihleri aya g\u00f6re gruplama\"><\/figure><\/div><ol><li> Tarih s\u00fctunundaki h\u00fccrelerden birini se\u00e7in.<\/li><li> \u00dczerine sa\u011f t\u0131klay\u0131n ve grubu se\u00e7in.<\/li><li> Tarihleri gruplamak i\u00e7in bir a\u00e7\u0131l\u0131r pencere g\u00f6receksiniz.<\/li><li> Grupland\u0131rma \u00f6l\u00e7\u00fct\u00fc se\u00e7ene\u011finde \u201cAy\u201d\u0131 se\u00e7in ve ard\u0131ndan Tamam&#8217;a t\u0131klay\u0131n.<\/li><\/ol><p> Ayr\u0131ca bir pivot tablodaki tarihleri y\u0131llara, \u00fc\u00e7 ayl\u0131k d\u00f6nemlere ve g\u00fcnlere g\u00f6re grupland\u0131rmak i\u00e7in yukar\u0131daki ad\u0131mlar\u0131 da kullanabilirsiniz.<\/p><h2 class=\"wp-block-heading\"> Haftal\u0131k \u00f6zet<\/h2><p> Haftal\u0131k \u00f6zet almak i\u00e7in 7 g\u00fcnl\u00fck bir grup da olu\u015fturabilirsiniz. Bunun i\u00e7in l\u00fctfen a\u015fa\u011f\u0131daki ad\u0131mlar\u0131 izleyin. <\/p><ol id=\"block-26cc26a7-05d3-44b1-8868-96e4a0adf65d\" class=\"block-editor-rich-text__editable block-editor-block-list__block wp-block is-selected rich-text\" tabindex=\"0\" role=\"group\" contenteditable=\"true\" aria-multiline=\"true\" aria-label=\"Block: List\" data-block=\"26cc26a7-05d3-44b1-8868-96e4a0adf65d\" data-type=\"core\/list\" data-title=\"List\"><li> Gruplama \u00f6l\u00e7\u00fct\u00fc se\u00e7ene\u011finde \u201cg\u00fcnler\u201d se\u00e7ene\u011fini se\u00e7in.<\/li><li> Birka\u00e7 g\u00fcn i\u00e7inde 7 girin. <br><img decoding=\"async\" title=\"nt\/uploads\/2016\/06\/Haftal\u0131k-\u00d6zet Tablo-Grup-Tarihleriyle-\u00d6zet Tablo\" src=\"https:\/\/exceladvisor.org\/wp-content\/uploads\/2023\/08\/Tableau-croise-dynamique-avec-dates-de-groupe-dans-le-tableau-croise-dynamique-par-semaine.png\" sizes=\"\" srcset=\"\" alt=\"nt\/uploads\/2016\/06\/pivot-table-with-group-dates-in-pivot-table-by-week\"><\/li><li> Tamam&#8217;\u0131 t\u0131klay\u0131n.<\/li><\/ol><p> \u0130stedi\u011finiz say\u0131da g\u00fcn i\u00e7in bir tarih grubu olu\u015fturmak i\u00e7in yukar\u0131daki ad\u0131mlar\u0131 kullanabilirsiniz. Pivot tablo taraf\u0131ndan olu\u015fturulan haftan\u0131n Pazartesi&#8217;den Pazar&#8217;a dayal\u0131 olmad\u0131\u011f\u0131n\u0131 l\u00fctfen unutmay\u0131n.<\/p><h2 class=\"wp-block-heading\"> Saatlik \u00f6zet<\/h2><p> Ayr\u0131ca tarihleri d\u00f6neme g\u00f6re grupland\u0131rma se\u00e7ene\u011finiz de vard\u0131r. Diyelim ki zamanla ilgili tarihleriniz var ve saatlik \u00f6zet almak istiyorsunuz. Bunun i\u00e7in \u015fu basit ad\u0131mlar\u0131 uygulaman\u0131z yeterli. <\/p><ol id=\"block-d9624e32-6e69-4d48-b573-17a41bd63acb\" class=\"block-editor-rich-text__editable block-editor-block-list__block wp-block is-selected rich-text\" tabindex=\"0\" role=\"group\" contenteditable=\"true\" aria-multiline=\"true\" aria-label=\"Block: List\" data-block=\"d9624e32-6e69-4d48-b573-17a41bd63acb\" data-type=\"core\/list\" data-title=\"List\"><li> Tarih i\u00e7eren h\u00fccrelerden birini se\u00e7in.<\/li><li> \u00dczerine sa\u011f t\u0131klay\u0131n ve grubu se\u00e7in.<\/li><li> Grupland\u0131rma \u00f6l\u00e7\u00fct\u00fc se\u00e7ene\u011finden zaman\u0131 se\u00e7in. <br><img decoding=\"async\" title=\"nt\/uploads\/2016\/06\/Saat Baz\u0131nda \u00d6zet Tablodaki Grup-Tarihleri\" src=\"https:\/\/exceladvisor.org\/wp-content\/uploads\/2023\/08\/Regrouper-les-dates-dans-le-tableau-croise-dynamique-par-heure.png\" sizes=\"\" srcset=\"\" alt=\"nt\/uploads\/2016\/06\/group-dates-in-pivot-table-by-hour\"><\/li><li> Tamam&#8217;\u0131 t\u0131klay\u0131n. <br><img decoding=\"async\" title=\"nt\/uploads\/2016\/06\/Saat Ba\u015f\u0131na-\u00d6zet Tablo-Grup-Tarihleri-\u0130\u00e7inde-Pivot-Tablo\" src=\"https:\/\/exceladvisor.org\/wp-content\/uploads\/2023\/08\/Tableau-croise-dynamique-avec-dates-de-groupe-dans-le-tableau-croise-dynamique-par-heure.png\" sizes=\"\" srcset=\"\" alt=\"nt\/uploads\/2016\/06\/pivot-table-with-group-dates-in-pivot-table-by-hour\"><\/li><\/ol><p> Pivot tablodaki tarihleri dakika ve saniyeye g\u00f6re grupland\u0131rmak i\u00e7in yukar\u0131daki ad\u0131mlar\u0131 da kullanabilirsiniz.<\/p><h2 class=\"wp-block-heading\"> \u00d6zel Tarih Aral\u0131\u011f\u0131 \u00d6zeti<\/h2><p> A\u015fa\u011f\u0131daki pivot tabloda 1 Ekim 2014 ile 31 Haziran 2015 aras\u0131nda de\u011fi\u015fen tarihleriniz var. <\/p><div class=\"wp-block-image\"><figure class=\"aligncenter\"><img decoding=\"async\" src=\"https:\/\/exceladvisor.org\/wp-content\/uploads\/2023\/08\/Regrouper-les-dates-dans-le-tableau-croise-dynamique-par-personnalise.png\" sizes=\"\" srcset=\"\" alt=\"Pivot tablodaki tarihleri \u00f6zelle\u015ftirmeye g\u00f6re grupland\u0131r\u0131n\"><\/figure><\/div><p> Ve her ay i\u00e7in bir tarih grubu olu\u015fturmak istiyorsunuz, ancak bu yaln\u0131zca 2015&#8217;in 6 ay\u0131 ve 2014&#8217;\u00fcn t\u00fcm aylar\u0131 i\u00e7in tek bir grupta. Ayr\u0131ca \u00f6zel bir aral\u0131k kullanarak bir tarih grubu da olu\u015fturabilirsiniz, bunun i\u00e7in \u015fu basit ad\u0131mlar\u0131 izleyin. <\/p><ol id=\"block-4fad4bd4-b65d-4e5c-8791-abcc5781503e\" class=\"block-editor-rich-text__editable block-editor-block-list__block wp-block is-selected rich-text\" tabindex=\"0\" role=\"group\" contenteditable=\"true\" aria-multiline=\"true\" aria-label=\"Block: List\" data-block=\"4fad4bd4-b65d-4e5c-8791-abcc5781503e\" data-type=\"core\/list\" data-title=\"List\"><li> Tarih s\u00fctununa sa\u011f t\u0131klay\u0131n ve &#8220;grup&#8221;u se\u00e7in.<\/li><li> Otomatik se\u00e7ene\u011finde ba\u015flang\u0131\u00e7 ve biti\u015f tarihinin i\u015faretini kald\u0131r\u0131n. Ve \u00f6zel tarihlerinizi girin.<\/li><li> Grup se\u00e7ene\u011finden ay\u0131 se\u00e7in. <br><img decoding=\"async\" title=\"nt\/uploads\/2016\/06\/\u00d6zel-Tarihlerle-\u00d6zet Tablo-Grup-Tarihleri\" src=\"https:\/\/exceladvisor.org\/wp-content\/uploads\/2023\/08\/Regrouper-les-dates-dans-un-tableau-croise-dynamique-avec-des-dates-personnalisees-1.png\" sizes=\"\" srcset=\"\" alt=\"nt\/uploads\/2016\/06\/group-dates-in-pivot-table-with-custom-dates\"><\/li><li> Sonunda Tamam&#8217;\u0131 t\u0131klay\u0131n. <br><img decoding=\"async\" title=\"nt\/uploads\/2016\/06\/\u00d6zel-Tarihlere G\u00f6re Grup-Tarihleri-\u00d6zet Tabloda-Grup-Tarihler\" src=\"https:\/\/exceladvisor.org\/wp-content\/uploads\/2023\/08\/Regrouper-les-dates-dans-le-tableau-croise-dynamique-par-personnalise.png\" sizes=\"\" srcset=\"\" alt=\"nt\/uploads\/2016\/06\/group-dates-in-pivot-table-by-custom-dates\"><\/li><\/ol><p> Yukar\u0131daki pivotta art\u0131k bahsetti\u011finiz tarih aral\u0131\u011f\u0131 i\u00e7in ayl\u0131k bir grupta tarihleriniz var ve tarih aral\u0131\u011f\u0131nda olmayan geri kalan tarihler tek bir kategoride.<\/p><p> <strong>\u0130lgili: <a style=\"outline: none;\" href=\"https:\/\/exceladvisor.org\/tr\/excel-dilimleyici\/\">Excel Dilimleyici<\/a><\/strong><\/p><h2 class=\"wp-block-heading\"> \u0130ki farkl\u0131 alan\u0131 grupland\u0131r\u0131n<\/h2><p> Bazen tarihleri bir pivot tabloda grupland\u0131rmak i\u00e7in birden fazla zaman aral\u0131\u011f\u0131 kullanman\u0131z gerekebilir. Diyelim ki a\u015fa\u011f\u0131daki pivot tabloda tarihleri \u00fc\u00e7 ayl\u0131k d\u00f6nemlere ve aylara g\u00f6re grupland\u0131rmak istiyorsunuz. <\/p><div class=\"wp-block-image\"><figure class=\"aligncenter\"><img decoding=\"async\" src=\"https:\/\/exceladvisor.org\/wp-content\/uploads\/2023\/08\/Regrouper-les-dates-dans-le-tableau-croise-dynamique-par-plusieurs-fois-1.png\" sizes=\"\" srcset=\"\" alt=\"Pivot tablodaki tarihleri birden \u00e7ok kez gruplay\u0131n\"><\/figure><\/div><ol><li> \u00d6ncelikle sa\u011f men\u00fcden grup se\u00e7ene\u011fini se\u00e7in.<\/li><li> Bundan sonra \u00fc\u00e7 ayl\u0131k d\u00f6nemleri ve aylar\u0131 se\u00e7in.<\/li><li> Sonunda Tamam&#8217;\u0131 t\u0131klay\u0131n. <\/li><\/ol><div class=\"wp-block-image\"><figure class=\"aligncenter\"><img decoding=\"async\" src=\"https:\/\/exceladvisor.org\/wp-content\/uploads\/2023\/08\/Utiliser-deux-periodes-pour-regrouper-les-dates-dans-les-tableaux-croises-dynamiques-1.png\" sizes=\"\" srcset=\"\" alt=\"Pivot tablolardaki tarihleri gruplamak i\u00e7in iki zaman aral\u0131\u011f\u0131 kullan\u0131n\"><\/figure><\/div><p> Pivot tabloda birden \u00e7ok tarih grubu olu\u015fturdu\u011funuzda, geni\u015fletme ve daraltma se\u00e7ene\u011fine de sahip olursunuz.<\/p><h2 class=\"wp-block-heading\"> Ayr\u0131\u015ft\u0131rma<\/h2><p> Tarihlerinizi kurtarmak istiyorsan\u0131z veya tarihlerin ba\u011flant\u0131s\u0131n\u0131 kald\u0131rmak istiyorsan\u0131z bunu \u201cBa\u011flant\u0131y\u0131 Kald\u0131r\u201d se\u00e7ene\u011fini kullanarak yapabilirsiniz.<\/p><ol><li> Veri s\u00fctununda bir h\u00fccre se\u00e7in.<\/li><li> Sa\u011f t\u0131k.<\/li><li> &#8220;Grubu \u00c7\u00f6z&#8221; se\u00e7ene\u011fini se\u00e7in. <\/li><\/ol><div class=\"wp-block-image\"><figure class=\"aligncenter\"><img decoding=\"async\" src=\"https:\/\/exceladvisor.org\/wp-content\/uploads\/2023\/08\/Regrouper-les-dates-dans-le-degroupement-du-tableau-croise-dynamique.gif\" sizes=\"\" srcset=\"\" alt=\"Pivot tablodaki tarihleri grupland\u0131rma\"><\/figure><\/div><h2 id=\"tab-con-3\" class=\"wp-block-heading\"> \u00d6rnek dosya<\/h2><p> <a href=\"https:\/\/exceladvisor.org\/wp-content\/uploads\/2023\/08\/tableau-croise-dynamique-des-dates-de-groupe.xlsx\" rel=\"nofollow\" data-wpel-link=\"internal\">indirmek<\/a> <\/p><div class=\"wp-block-group main-page-bottom is-layout-flow\"><div class=\"wp-block-group__inner-container\"><h2 class=\"wp-block-heading\"> Pivot tablolar hakk\u0131nda daha fazla bilgi edinin<\/h2><ul><li> <a href=\"https:\/\/exceladvisor.org\/tr\/pivot-tabloda-hesaplama\/\">Hesaplanm\u0131\u015f bir alan ve \u00f6\u011fe ekleme (pivot tablodaki form\u00fcller)<\/a><\/li><li> <a href=\"https:\/\/exceladvisor.org\/tr\/benzersiz-degerleri-say\/\">Excel&#8217;deki bir pivot tablodaki benzersiz de\u011ferleri say\u0131n<\/a><\/li><li> <a href=\"https:\/\/exceladvisor.org\/tr\/rutbe-sutunu\/\">Excel&#8217;de pivot tabloya sat\u0131r ekleme<\/a><\/li><\/ul><\/div><\/div>","protected":false},"excerpt":{"rendered":"","protected":false},"author":1,"featured_media":0,"parent":0,"menu_order":0,"comment_status":"open","ping_status":"closed","template":"","meta":{"ub_ctt_via":"","footnotes":""},"class_list":["post-1618","page","type-page","status-publish","hentry"],"featured_image_src":null,"yoast_head":"<!-- This site is optimized with the Yoast SEO plugin v25.4 - https:\/\/yoast.com\/wordpress\/plugins\/seo\/ -->\n<title>Bir pivot tabloda tarihler nas\u0131l grupland\u0131r\u0131l\u0131r?<\/title>\n<meta name=\"description\" content=\"Bu e\u011fitimde, daha iyi veri analizi i\u00e7in tarihleri bir pivot tabloda nas\u0131l grupland\u0131raca\u011f\u0131n\u0131z\u0131 \u00f6\u011freneceksiniz.\" \/>\n<meta name=\"robots\" content=\"index, follow, max-snippet:-1, max-image-preview:large, max-video-preview:-1\" \/>\n<link rel=\"canonical\" href=\"https:\/\/exceladvisor.org\/tr\/grup-tarihleri\/\" \/>\n<meta property=\"og:locale\" content=\"tr_TR\" \/>\n<meta property=\"og:type\" content=\"article\" \/>\n<meta property=\"og:title\" content=\"Bir pivot tabloda tarihler nas\u0131l grupland\u0131r\u0131l\u0131r?\" \/>\n<meta property=\"og:description\" content=\"Bu e\u011fitimde, daha iyi veri analizi i\u00e7in tarihleri bir pivot tabloda nas\u0131l grupland\u0131raca\u011f\u0131n\u0131z\u0131 \u00f6\u011freneceksiniz.\" \/>\n<meta property=\"og:url\" content=\"https:\/\/exceladvisor.org\/tr\/grup-tarihleri\/\" \/>\n<meta property=\"og:site_name\" content=\"Excel Advisor\" \/>\n<meta property=\"article:modified_time\" content=\"2023-12-10T05:58:57+00:00\" \/>\n<meta property=\"og:image\" content=\"https:\/\/exceladvisor.org\/wp-content\/uploads\/2023\/08\/Regrouper-les-dates-dans-le-tableau-croise-dynamique-par-mois-1.gif\" \/>\n<meta name=\"twitter:card\" content=\"summary_large_image\" \/>\n<meta name=\"twitter:label1\" content=\"Tahmini okuma s\u00fcresi\" \/>\n\t<meta name=\"twitter:data1\" content=\"3 dakika\" \/>\n<script type=\"application\/ld+json\" class=\"yoast-schema-graph\">{\"@context\":\"https:\/\/schema.org\",\"@graph\":[{\"@type\":\"WebPage\",\"@id\":\"https:\/\/exceladvisor.org\/tr\/grup-tarihleri\/\",\"url\":\"https:\/\/exceladvisor.org\/tr\/grup-tarihleri\/\",\"name\":\"Bir pivot tabloda tarihler nas\u0131l grupland\u0131r\u0131l\u0131r?\",\"isPartOf\":{\"@id\":\"https:\/\/exceladvisor.org\/tr\/#website\"},\"primaryImageOfPage\":{\"@id\":\"https:\/\/exceladvisor.org\/tr\/grup-tarihleri\/#primaryimage\"},\"image\":{\"@id\":\"https:\/\/exceladvisor.org\/tr\/grup-tarihleri\/#primaryimage\"},\"thumbnailUrl\":\"https:\/\/exceladvisor.org\/wp-content\/uploads\/2023\/08\/Regrouper-les-dates-dans-le-tableau-croise-dynamique-par-mois-1.gif\",\"datePublished\":\"2023-11-15T08:44:03+00:00\",\"dateModified\":\"2023-12-10T05:58:57+00:00\",\"description\":\"Bu e\u011fitimde, daha iyi veri analizi i\u00e7in tarihleri bir pivot tabloda nas\u0131l grupland\u0131raca\u011f\u0131n\u0131z\u0131 \u00f6\u011freneceksiniz.\",\"breadcrumb\":{\"@id\":\"https:\/\/exceladvisor.org\/tr\/grup-tarihleri\/#breadcrumb\"},\"inLanguage\":\"tr\",\"potentialAction\":[{\"@type\":\"ReadAction\",\"target\":[\"https:\/\/exceladvisor.org\/tr\/grup-tarihleri\/\"]}]},{\"@type\":\"ImageObject\",\"inLanguage\":\"tr\",\"@id\":\"https:\/\/exceladvisor.org\/tr\/grup-tarihleri\/#primaryimage\",\"url\":\"https:\/\/exceladvisor.org\/wp-content\/uploads\/2023\/08\/Regrouper-les-dates-dans-le-tableau-croise-dynamique-par-mois-1.gif\",\"contentUrl\":\"https:\/\/exceladvisor.org\/wp-content\/uploads\/2023\/08\/Regrouper-les-dates-dans-le-tableau-croise-dynamique-par-mois-1.gif\"},{\"@type\":\"BreadcrumbList\",\"@id\":\"https:\/\/exceladvisor.org\/tr\/grup-tarihleri\/#breadcrumb\",\"itemListElement\":[{\"@type\":\"ListItem\",\"position\":1,\"name\":\"Ev\",\"item\":\"https:\/\/exceladvisor.org\/tr\/\"},{\"@type\":\"ListItem\",\"position\":2,\"name\":\"Bir pivot tabloda tarihler nas\u0131l grupland\u0131r\u0131l\u0131r?\"}]},{\"@type\":\"WebSite\",\"@id\":\"https:\/\/exceladvisor.org\/tr\/#website\",\"url\":\"https:\/\/exceladvisor.org\/tr\/\",\"name\":\"Excel Advisor\",\"description\":\"Veri hakimiyetine y\u00f6nelik nihai rehberiniz!\",\"publisher\":{\"@id\":\"https:\/\/exceladvisor.org\/tr\/#organization\"},\"potentialAction\":[{\"@type\":\"SearchAction\",\"target\":{\"@type\":\"EntryPoint\",\"urlTemplate\":\"https:\/\/exceladvisor.org\/tr\/?s={search_term_string}\"},\"query-input\":{\"@type\":\"PropertyValueSpecification\",\"valueRequired\":true,\"valueName\":\"search_term_string\"}}],\"inLanguage\":\"tr\"},{\"@type\":\"Organization\",\"@id\":\"https:\/\/exceladvisor.org\/tr\/#organization\",\"name\":\"Excel Advisor\",\"url\":\"https:\/\/exceladvisor.org\/tr\/\",\"logo\":{\"@type\":\"ImageObject\",\"inLanguage\":\"tr\",\"@id\":\"https:\/\/exceladvisor.org\/tr\/#\/schema\/logo\/image\/\",\"url\":\"https:\/\/exceladvisor.org\/tr\/wp-content\/uploads\/2023\/12\/exceladvisor.org_.png\",\"contentUrl\":\"https:\/\/exceladvisor.org\/tr\/wp-content\/uploads\/2023\/12\/exceladvisor.org_.png\",\"width\":105,\"height\":36,\"caption\":\"Excel Advisor\"},\"image\":{\"@id\":\"https:\/\/exceladvisor.org\/tr\/#\/schema\/logo\/image\/\"}}]}<\/script>\n<!-- \/ Yoast SEO plugin. -->","yoast_head_json":{"title":"Bir pivot tabloda tarihler nas\u0131l grupland\u0131r\u0131l\u0131r?","description":"Bu e\u011fitimde, daha iyi veri analizi i\u00e7in tarihleri bir pivot tabloda nas\u0131l grupland\u0131raca\u011f\u0131n\u0131z\u0131 \u00f6\u011freneceksiniz.","robots":{"index":"index","follow":"follow","max-snippet":"max-snippet:-1","max-image-preview":"max-image-preview:large","max-video-preview":"max-video-preview:-1"},"canonical":"https:\/\/exceladvisor.org\/tr\/grup-tarihleri\/","og_locale":"tr_TR","og_type":"article","og_title":"Bir pivot tabloda tarihler nas\u0131l grupland\u0131r\u0131l\u0131r?","og_description":"Bu e\u011fitimde, daha iyi veri analizi i\u00e7in tarihleri bir pivot tabloda nas\u0131l grupland\u0131raca\u011f\u0131n\u0131z\u0131 \u00f6\u011freneceksiniz.","og_url":"https:\/\/exceladvisor.org\/tr\/grup-tarihleri\/","og_site_name":"Excel Advisor","article_modified_time":"2023-12-10T05:58:57+00:00","og_image":[{"url":"https:\/\/exceladvisor.org\/wp-content\/uploads\/2023\/08\/Regrouper-les-dates-dans-le-tableau-croise-dynamique-par-mois-1.gif","type":"","width":"","height":""}],"twitter_card":"summary_large_image","twitter_misc":{"Tahmini okuma s\u00fcresi":"3 dakika"},"schema":{"@context":"https:\/\/schema.org","@graph":[{"@type":"WebPage","@id":"https:\/\/exceladvisor.org\/tr\/grup-tarihleri\/","url":"https:\/\/exceladvisor.org\/tr\/grup-tarihleri\/","name":"Bir pivot tabloda tarihler nas\u0131l grupland\u0131r\u0131l\u0131r?","isPartOf":{"@id":"https:\/\/exceladvisor.org\/tr\/#website"},"primaryImageOfPage":{"@id":"https:\/\/exceladvisor.org\/tr\/grup-tarihleri\/#primaryimage"},"image":{"@id":"https:\/\/exceladvisor.org\/tr\/grup-tarihleri\/#primaryimage"},"thumbnailUrl":"https:\/\/exceladvisor.org\/wp-content\/uploads\/2023\/08\/Regrouper-les-dates-dans-le-tableau-croise-dynamique-par-mois-1.gif","datePublished":"2023-11-15T08:44:03+00:00","dateModified":"2023-12-10T05:58:57+00:00","description":"Bu e\u011fitimde, daha iyi veri analizi i\u00e7in tarihleri bir pivot tabloda nas\u0131l grupland\u0131raca\u011f\u0131n\u0131z\u0131 \u00f6\u011freneceksiniz.","breadcrumb":{"@id":"https:\/\/exceladvisor.org\/tr\/grup-tarihleri\/#breadcrumb"},"inLanguage":"tr","potentialAction":[{"@type":"ReadAction","target":["https:\/\/exceladvisor.org\/tr\/grup-tarihleri\/"]}]},{"@type":"ImageObject","inLanguage":"tr","@id":"https:\/\/exceladvisor.org\/tr\/grup-tarihleri\/#primaryimage","url":"https:\/\/exceladvisor.org\/wp-content\/uploads\/2023\/08\/Regrouper-les-dates-dans-le-tableau-croise-dynamique-par-mois-1.gif","contentUrl":"https:\/\/exceladvisor.org\/wp-content\/uploads\/2023\/08\/Regrouper-les-dates-dans-le-tableau-croise-dynamique-par-mois-1.gif"},{"@type":"BreadcrumbList","@id":"https:\/\/exceladvisor.org\/tr\/grup-tarihleri\/#breadcrumb","itemListElement":[{"@type":"ListItem","position":1,"name":"Ev","item":"https:\/\/exceladvisor.org\/tr\/"},{"@type":"ListItem","position":2,"name":"Bir pivot tabloda tarihler nas\u0131l grupland\u0131r\u0131l\u0131r?"}]},{"@type":"WebSite","@id":"https:\/\/exceladvisor.org\/tr\/#website","url":"https:\/\/exceladvisor.org\/tr\/","name":"Excel Advisor","description":"Veri hakimiyetine y\u00f6nelik nihai rehberiniz!","publisher":{"@id":"https:\/\/exceladvisor.org\/tr\/#organization"},"potentialAction":[{"@type":"SearchAction","target":{"@type":"EntryPoint","urlTemplate":"https:\/\/exceladvisor.org\/tr\/?s={search_term_string}"},"query-input":{"@type":"PropertyValueSpecification","valueRequired":true,"valueName":"search_term_string"}}],"inLanguage":"tr"},{"@type":"Organization","@id":"https:\/\/exceladvisor.org\/tr\/#organization","name":"Excel Advisor","url":"https:\/\/exceladvisor.org\/tr\/","logo":{"@type":"ImageObject","inLanguage":"tr","@id":"https:\/\/exceladvisor.org\/tr\/#\/schema\/logo\/image\/","url":"https:\/\/exceladvisor.org\/tr\/wp-content\/uploads\/2023\/12\/exceladvisor.org_.png","contentUrl":"https:\/\/exceladvisor.org\/tr\/wp-content\/uploads\/2023\/12\/exceladvisor.org_.png","width":105,"height":36,"caption":"Excel Advisor"},"image":{"@id":"https:\/\/exceladvisor.org\/tr\/#\/schema\/logo\/image\/"}}]}},"yoast_meta":{"yoast_wpseo_title":"","yoast_wpseo_metadesc":"","yoast_wpseo_canonical":""},"_links":{"self":[{"href":"https:\/\/exceladvisor.org\/tr\/wp-json\/wp\/v2\/pages\/1618","targetHints":{"allow":["GET"]}}],"collection":[{"href":"https:\/\/exceladvisor.org\/tr\/wp-json\/wp\/v2\/pages"}],"about":[{"href":"https:\/\/exceladvisor.org\/tr\/wp-json\/wp\/v2\/types\/page"}],"author":[{"embeddable":true,"href":"https:\/\/exceladvisor.org\/tr\/wp-json\/wp\/v2\/users\/1"}],"replies":[{"embeddable":true,"href":"https:\/\/exceladvisor.org\/tr\/wp-json\/wp\/v2\/comments?post=1618"}],"version-history":[{"count":1,"href":"https:\/\/exceladvisor.org\/tr\/wp-json\/wp\/v2\/pages\/1618\/revisions"}],"predecessor-version":[{"id":2284,"href":"https:\/\/exceladvisor.org\/tr\/wp-json\/wp\/v2\/pages\/1618\/revisions\/2284"}],"wp:attachment":[{"href":"https:\/\/exceladvisor.org\/tr\/wp-json\/wp\/v2\/media?parent=1618"}],"curies":[{"name":"wp","href":"https:\/\/api.w.org\/{rel}","templated":true}]}}