{"id":1621,"date":"2023-11-15T07:23:20","date_gmt":"2023-11-15T07:23:20","guid":{"rendered":"https:\/\/exceladvisor.org\/tr\/pivot-tabloyu-hareket-ettir\/"},"modified":"2023-12-10T06:00:40","modified_gmt":"2023-12-10T06:00:40","slug":"pivot-tabloyu-hareket-ettir","status":"publish","type":"page","link":"https:\/\/exceladvisor.org\/tr\/pivot-tabloyu-hareket-ettir\/","title":{"rendered":"Excel&#39;de bir pivot tablo nas\u0131l ta\u015f\u0131n\u0131r?"},"content":{"rendered":"<div class=\"excel-icerikten-once\" id=\"excel-4292305317\"><script type=\"text\/javascript\">\r\n\tatOptions = {\r\n\t\t'key' : 'c1158f160081d6540a8409e6925dab94',\r\n\t\t'format' : 'iframe',\r\n\t\t'height' : 250,\r\n\t\t'width' : 300,\r\n\t\t'params' : {}\r\n\t};\r\n<\/script>\r\n<script type=\"text\/javascript\" src=\"\/\/www.highperformanceformat.com\/c1158f160081d6540a8409e6925dab94\/invoke.js\"><\/script><\/div> <p>Pivot d\u00fczene\u011finin tamam\u0131n\u0131 ba\u015fka bir h\u00fccreye veya \u00e7al\u0131\u015fma sayfas\u0131na ta\u015f\u0131yabilirsiniz.<\/p><ol><li> Bir pivot tablo olu\u015fturduktan sonra Analiz sekmesini etkinle\u015ftirmek i\u00e7in pivot tablonun herhangi bir yerine t\u0131klay\u0131n. <br><img loading=\"lazy\" decoding=\"async\" title=\"1-alt-analiz-sekme-t\u0131klama-ta\u015f\u0131ma-d\u00f6nd\u00fcr\u00fclebilir\" src=\"https:\/\/exceladvisor.org\/wp-content\/uploads\/2023\/08\/1-sous-longlet-analyser-cliquez-sur-deplacer-le-tableau-croise-dynamique.png\" sizes=\"auto, \" srcset=\"\" alt=\"under-analyze-tab-click-move-pivot-table\" width=\"886\" height=\"142\"><\/li><li> Burada \u015eeritteki Eylemler alt\u0131nda \u201c\u00d6zet Tabloyu Ta\u015f\u0131\u201d se\u00e7ene\u011fini aray\u0131n.<\/li><li> \u015eimdi pivot tabloyu ta\u015f\u0131&#8217;ya t\u0131klad\u0131\u011f\u0131n\u0131zda bir ileti\u015fim kutusu g\u00f6r\u00fcn\u00fcr. <br><img loading=\"lazy\" decoding=\"async\" title=\"2 hareketli pivot tablo ileti\u015fim kutusu\" src=\"https:\/\/exceladvisor.org\/wp-content\/uploads\/2023\/08\/2-boite-de-dialogue-de-deplacement-du-tableau-croise-dynamique.png\" sizes=\"auto, \" srcset=\"\" alt=\"move-pivot-table-dialogue-box\" width=\"421\" height=\"180\"><\/li><li> Bundan sonra iki se\u00e7ene\u011finiz olacak<ol><li> <strong>Yeni \u00c7al\u0131\u015fma Sayfas\u0131<\/strong> : \u00d6zetinizi yeni bir \u00e7al\u0131\u015fma sayfas\u0131na ta\u015f\u0131mak istiyorsan\u0131z bu se\u00e7ene\u011fi se\u00e7in. Excel otomatik olarak yeni bir \u00e7al\u0131\u015fma sayfas\u0131 olu\u015fturacak ve pivotu ta\u015f\u0131yacakt\u0131r.<\/li><li> <strong>Mevcut \u00c7al\u0131\u015fma Sayfas\u0131<\/strong> : Bu se\u00e7enek, pivotu \u00e7al\u0131\u015fma kitab\u0131ndaki mevcut \u00e7al\u0131\u015fma sayfalar\u0131na ta\u015f\u0131man\u0131za yard\u0131mc\u0131 olacakt\u0131r. Bu se\u00e7ene\u011fi se\u00e7tikten sonra tek yapman\u0131z gereken pivot tablonuzun bulundu\u011fu h\u00fccreyi se\u00e7mektir. <br><img loading=\"lazy\" decoding=\"async\" title=\"3-yeni-mevcut-\u00e7al\u0131\u015fma sayfas\u0131n\u0131-\u00e7al\u0131\u015fma sayfas\u0131n\u0131 ta\u015f\u0131\" src=\"https:\/\/exceladvisor.org\/wp-content\/uploads\/2023\/08\/3-deplacer-une-nouvelle-feuille-de-calcul-feuille-de-calcul-existante.png\" sizes=\"auto, \" srcset=\"\" alt=\"move-new-worksheet-existing-worksheet\" width=\"419\" height=\"179\"><\/li><\/ol><\/li><\/ol><p> \u0130\u015fte bu, art\u0131k pivot tablo yeni yerine ta\u015f\u0131nd\u0131. <\/p><div class=\"wp-block-group main-page-bottom is-layout-flow\"><div class=\"wp-block-group__inner-container\"><h2 class=\"wp-block-heading\"> Pivot tablolar hakk\u0131nda daha fazla bilgi edinin<\/h2><ul><li> <a href=\"https:\/\/exceladvisor.org\/tr\/pivot-tabloyu-sil\/\">Excel&#8217;de PivotTable&#8217;\u0131 silme<\/a><\/li><li> <a href=\"https:\/\/exceladvisor.org\/tr\/klavye-kisayollari-1\/\">Pivot Tablo Klavye K\u0131sayollar\u0131<\/a><\/li><li> <a href=\"https:\/\/exceladvisor.org\/tr\/birden-fazla-calisma-sayfasindan-pivotlama\/\" data-wpil=\"url\">Birden \u00e7ok \u00e7al\u0131\u015fma sayfas\u0131ndan pivot tablo<\/a><\/li><li> <a href=\"https:\/\/exceladvisor.org\/tr\/pivot-tablo-2\/\" data-wpil=\"url\">Excel&#8217;de Pivot Tablo<\/a><\/li><\/ul><p> \u21e0 <a href=\"https:\/\/exceladvisor.org\/tr\/pivot-tablo\/\">Pivot Tablo E\u011fitimine<\/a> Geri D\u00f6n<\/p><\/div><\/div>","protected":false},"excerpt":{"rendered":"","protected":false},"author":1,"featured_media":0,"parent":0,"menu_order":0,"comment_status":"open","ping_status":"closed","template":"","meta":{"ub_ctt_via":"","footnotes":""},"class_list":["post-1621","page","type-page","status-publish","hentry"],"featured_image_src":null,"yoast_head":"<!-- This site is optimized with the Yoast SEO plugin v25.4 - https:\/\/yoast.com\/wordpress\/plugins\/seo\/ -->\n<title>Excel&#039;de bir pivot tablo nas\u0131l ta\u015f\u0131n\u0131r?<\/title>\n<meta name=\"description\" content=\"Bu e\u011fitimde pivot tabloyu bir yerden ba\u015fka bir yere veya \u00e7al\u0131\u015fma sayfas\u0131na nas\u0131l ta\u015f\u0131yaca\u011f\u0131n\u0131z\u0131 \u00f6\u011frenebilirsiniz.\" \/>\n<meta name=\"robots\" content=\"index, follow, max-snippet:-1, max-image-preview:large, max-video-preview:-1\" \/>\n<link rel=\"canonical\" href=\"https:\/\/exceladvisor.org\/tr\/pivot-tabloyu-hareket-ettir\/\" \/>\n<meta property=\"og:locale\" content=\"tr_TR\" \/>\n<meta property=\"og:type\" content=\"article\" \/>\n<meta property=\"og:title\" content=\"Excel&#039;de bir pivot tablo nas\u0131l ta\u015f\u0131n\u0131r?\" \/>\n<meta property=\"og:description\" content=\"Bu e\u011fitimde pivot tabloyu bir yerden ba\u015fka bir yere veya \u00e7al\u0131\u015fma sayfas\u0131na nas\u0131l ta\u015f\u0131yaca\u011f\u0131n\u0131z\u0131 \u00f6\u011frenebilirsiniz.\" \/>\n<meta property=\"og:url\" content=\"https:\/\/exceladvisor.org\/tr\/pivot-tabloyu-hareket-ettir\/\" \/>\n<meta property=\"og:site_name\" content=\"Excel Advisor\" \/>\n<meta property=\"article:modified_time\" content=\"2023-12-10T06:00:40+00:00\" \/>\n<meta property=\"og:image\" content=\"https:\/\/exceladvisor.org\/wp-content\/uploads\/2023\/08\/1-sous-longlet-analyser-cliquez-sur-deplacer-le-tableau-croise-dynamique.png\" \/>\n<meta name=\"twitter:card\" content=\"summary_large_image\" \/>\n<meta name=\"twitter:label1\" content=\"Tahmini okuma s\u00fcresi\" \/>\n\t<meta name=\"twitter:data1\" content=\"1 dakika\" \/>\n<script type=\"application\/ld+json\" class=\"yoast-schema-graph\">{\"@context\":\"https:\/\/schema.org\",\"@graph\":[{\"@type\":\"WebPage\",\"@id\":\"https:\/\/exceladvisor.org\/tr\/pivot-tabloyu-hareket-ettir\/\",\"url\":\"https:\/\/exceladvisor.org\/tr\/pivot-tabloyu-hareket-ettir\/\",\"name\":\"Excel&#39;de bir pivot tablo nas\u0131l ta\u015f\u0131n\u0131r?\",\"isPartOf\":{\"@id\":\"https:\/\/exceladvisor.org\/tr\/#website\"},\"primaryImageOfPage\":{\"@id\":\"https:\/\/exceladvisor.org\/tr\/pivot-tabloyu-hareket-ettir\/#primaryimage\"},\"image\":{\"@id\":\"https:\/\/exceladvisor.org\/tr\/pivot-tabloyu-hareket-ettir\/#primaryimage\"},\"thumbnailUrl\":\"https:\/\/exceladvisor.org\/wp-content\/uploads\/2023\/08\/1-sous-longlet-analyser-cliquez-sur-deplacer-le-tableau-croise-dynamique.png\",\"datePublished\":\"2023-11-15T07:23:20+00:00\",\"dateModified\":\"2023-12-10T06:00:40+00:00\",\"description\":\"Bu e\u011fitimde pivot tabloyu bir yerden ba\u015fka bir yere veya \u00e7al\u0131\u015fma sayfas\u0131na nas\u0131l ta\u015f\u0131yaca\u011f\u0131n\u0131z\u0131 \u00f6\u011frenebilirsiniz.\",\"breadcrumb\":{\"@id\":\"https:\/\/exceladvisor.org\/tr\/pivot-tabloyu-hareket-ettir\/#breadcrumb\"},\"inLanguage\":\"tr\",\"potentialAction\":[{\"@type\":\"ReadAction\",\"target\":[\"https:\/\/exceladvisor.org\/tr\/pivot-tabloyu-hareket-ettir\/\"]}]},{\"@type\":\"ImageObject\",\"inLanguage\":\"tr\",\"@id\":\"https:\/\/exceladvisor.org\/tr\/pivot-tabloyu-hareket-ettir\/#primaryimage\",\"url\":\"https:\/\/exceladvisor.org\/wp-content\/uploads\/2023\/08\/1-sous-longlet-analyser-cliquez-sur-deplacer-le-tableau-croise-dynamique.png\",\"contentUrl\":\"https:\/\/exceladvisor.org\/wp-content\/uploads\/2023\/08\/1-sous-longlet-analyser-cliquez-sur-deplacer-le-tableau-croise-dynamique.png\"},{\"@type\":\"BreadcrumbList\",\"@id\":\"https:\/\/exceladvisor.org\/tr\/pivot-tabloyu-hareket-ettir\/#breadcrumb\",\"itemListElement\":[{\"@type\":\"ListItem\",\"position\":1,\"name\":\"Ev\",\"item\":\"https:\/\/exceladvisor.org\/tr\/\"},{\"@type\":\"ListItem\",\"position\":2,\"name\":\"Excel&#39;de bir pivot tablo nas\u0131l ta\u015f\u0131n\u0131r?\"}]},{\"@type\":\"WebSite\",\"@id\":\"https:\/\/exceladvisor.org\/tr\/#website\",\"url\":\"https:\/\/exceladvisor.org\/tr\/\",\"name\":\"Excel Advisor\",\"description\":\"Veri hakimiyetine y\u00f6nelik nihai rehberiniz!\",\"publisher\":{\"@id\":\"https:\/\/exceladvisor.org\/tr\/#organization\"},\"potentialAction\":[{\"@type\":\"SearchAction\",\"target\":{\"@type\":\"EntryPoint\",\"urlTemplate\":\"https:\/\/exceladvisor.org\/tr\/?s={search_term_string}\"},\"query-input\":{\"@type\":\"PropertyValueSpecification\",\"valueRequired\":true,\"valueName\":\"search_term_string\"}}],\"inLanguage\":\"tr\"},{\"@type\":\"Organization\",\"@id\":\"https:\/\/exceladvisor.org\/tr\/#organization\",\"name\":\"Excel Advisor\",\"url\":\"https:\/\/exceladvisor.org\/tr\/\",\"logo\":{\"@type\":\"ImageObject\",\"inLanguage\":\"tr\",\"@id\":\"https:\/\/exceladvisor.org\/tr\/#\/schema\/logo\/image\/\",\"url\":\"https:\/\/exceladvisor.org\/tr\/wp-content\/uploads\/2023\/12\/exceladvisor.org_.png\",\"contentUrl\":\"https:\/\/exceladvisor.org\/tr\/wp-content\/uploads\/2023\/12\/exceladvisor.org_.png\",\"width\":105,\"height\":36,\"caption\":\"Excel Advisor\"},\"image\":{\"@id\":\"https:\/\/exceladvisor.org\/tr\/#\/schema\/logo\/image\/\"}}]}<\/script>\n<!-- \/ Yoast SEO plugin. -->","yoast_head_json":{"title":"Excel&#39;de bir pivot tablo nas\u0131l ta\u015f\u0131n\u0131r?","description":"Bu e\u011fitimde pivot tabloyu bir yerden ba\u015fka bir yere veya \u00e7al\u0131\u015fma sayfas\u0131na nas\u0131l ta\u015f\u0131yaca\u011f\u0131n\u0131z\u0131 \u00f6\u011frenebilirsiniz.","robots":{"index":"index","follow":"follow","max-snippet":"max-snippet:-1","max-image-preview":"max-image-preview:large","max-video-preview":"max-video-preview:-1"},"canonical":"https:\/\/exceladvisor.org\/tr\/pivot-tabloyu-hareket-ettir\/","og_locale":"tr_TR","og_type":"article","og_title":"Excel&#39;de bir pivot tablo nas\u0131l ta\u015f\u0131n\u0131r?","og_description":"Bu e\u011fitimde pivot tabloyu bir yerden ba\u015fka bir yere veya \u00e7al\u0131\u015fma sayfas\u0131na nas\u0131l ta\u015f\u0131yaca\u011f\u0131n\u0131z\u0131 \u00f6\u011frenebilirsiniz.","og_url":"https:\/\/exceladvisor.org\/tr\/pivot-tabloyu-hareket-ettir\/","og_site_name":"Excel Advisor","article_modified_time":"2023-12-10T06:00:40+00:00","og_image":[{"url":"https:\/\/exceladvisor.org\/wp-content\/uploads\/2023\/08\/1-sous-longlet-analyser-cliquez-sur-deplacer-le-tableau-croise-dynamique.png","type":"","width":"","height":""}],"twitter_card":"summary_large_image","twitter_misc":{"Tahmini okuma s\u00fcresi":"1 dakika"},"schema":{"@context":"https:\/\/schema.org","@graph":[{"@type":"WebPage","@id":"https:\/\/exceladvisor.org\/tr\/pivot-tabloyu-hareket-ettir\/","url":"https:\/\/exceladvisor.org\/tr\/pivot-tabloyu-hareket-ettir\/","name":"Excel&#39;de bir pivot tablo nas\u0131l ta\u015f\u0131n\u0131r?","isPartOf":{"@id":"https:\/\/exceladvisor.org\/tr\/#website"},"primaryImageOfPage":{"@id":"https:\/\/exceladvisor.org\/tr\/pivot-tabloyu-hareket-ettir\/#primaryimage"},"image":{"@id":"https:\/\/exceladvisor.org\/tr\/pivot-tabloyu-hareket-ettir\/#primaryimage"},"thumbnailUrl":"https:\/\/exceladvisor.org\/wp-content\/uploads\/2023\/08\/1-sous-longlet-analyser-cliquez-sur-deplacer-le-tableau-croise-dynamique.png","datePublished":"2023-11-15T07:23:20+00:00","dateModified":"2023-12-10T06:00:40+00:00","description":"Bu e\u011fitimde pivot tabloyu bir yerden ba\u015fka bir yere veya \u00e7al\u0131\u015fma sayfas\u0131na nas\u0131l ta\u015f\u0131yaca\u011f\u0131n\u0131z\u0131 \u00f6\u011frenebilirsiniz.","breadcrumb":{"@id":"https:\/\/exceladvisor.org\/tr\/pivot-tabloyu-hareket-ettir\/#breadcrumb"},"inLanguage":"tr","potentialAction":[{"@type":"ReadAction","target":["https:\/\/exceladvisor.org\/tr\/pivot-tabloyu-hareket-ettir\/"]}]},{"@type":"ImageObject","inLanguage":"tr","@id":"https:\/\/exceladvisor.org\/tr\/pivot-tabloyu-hareket-ettir\/#primaryimage","url":"https:\/\/exceladvisor.org\/wp-content\/uploads\/2023\/08\/1-sous-longlet-analyser-cliquez-sur-deplacer-le-tableau-croise-dynamique.png","contentUrl":"https:\/\/exceladvisor.org\/wp-content\/uploads\/2023\/08\/1-sous-longlet-analyser-cliquez-sur-deplacer-le-tableau-croise-dynamique.png"},{"@type":"BreadcrumbList","@id":"https:\/\/exceladvisor.org\/tr\/pivot-tabloyu-hareket-ettir\/#breadcrumb","itemListElement":[{"@type":"ListItem","position":1,"name":"Ev","item":"https:\/\/exceladvisor.org\/tr\/"},{"@type":"ListItem","position":2,"name":"Excel&#39;de bir pivot tablo nas\u0131l ta\u015f\u0131n\u0131r?"}]},{"@type":"WebSite","@id":"https:\/\/exceladvisor.org\/tr\/#website","url":"https:\/\/exceladvisor.org\/tr\/","name":"Excel Advisor","description":"Veri hakimiyetine y\u00f6nelik nihai rehberiniz!","publisher":{"@id":"https:\/\/exceladvisor.org\/tr\/#organization"},"potentialAction":[{"@type":"SearchAction","target":{"@type":"EntryPoint","urlTemplate":"https:\/\/exceladvisor.org\/tr\/?s={search_term_string}"},"query-input":{"@type":"PropertyValueSpecification","valueRequired":true,"valueName":"search_term_string"}}],"inLanguage":"tr"},{"@type":"Organization","@id":"https:\/\/exceladvisor.org\/tr\/#organization","name":"Excel Advisor","url":"https:\/\/exceladvisor.org\/tr\/","logo":{"@type":"ImageObject","inLanguage":"tr","@id":"https:\/\/exceladvisor.org\/tr\/#\/schema\/logo\/image\/","url":"https:\/\/exceladvisor.org\/tr\/wp-content\/uploads\/2023\/12\/exceladvisor.org_.png","contentUrl":"https:\/\/exceladvisor.org\/tr\/wp-content\/uploads\/2023\/12\/exceladvisor.org_.png","width":105,"height":36,"caption":"Excel Advisor"},"image":{"@id":"https:\/\/exceladvisor.org\/tr\/#\/schema\/logo\/image\/"}}]}},"yoast_meta":{"yoast_wpseo_title":"","yoast_wpseo_metadesc":"","yoast_wpseo_canonical":""},"_links":{"self":[{"href":"https:\/\/exceladvisor.org\/tr\/wp-json\/wp\/v2\/pages\/1621","targetHints":{"allow":["GET"]}}],"collection":[{"href":"https:\/\/exceladvisor.org\/tr\/wp-json\/wp\/v2\/pages"}],"about":[{"href":"https:\/\/exceladvisor.org\/tr\/wp-json\/wp\/v2\/types\/page"}],"author":[{"embeddable":true,"href":"https:\/\/exceladvisor.org\/tr\/wp-json\/wp\/v2\/users\/1"}],"replies":[{"embeddable":true,"href":"https:\/\/exceladvisor.org\/tr\/wp-json\/wp\/v2\/comments?post=1621"}],"version-history":[{"count":1,"href":"https:\/\/exceladvisor.org\/tr\/wp-json\/wp\/v2\/pages\/1621\/revisions"}],"predecessor-version":[{"id":2426,"href":"https:\/\/exceladvisor.org\/tr\/wp-json\/wp\/v2\/pages\/1621\/revisions\/2426"}],"wp:attachment":[{"href":"https:\/\/exceladvisor.org\/tr\/wp-json\/wp\/v2\/media?parent=1621"}],"curies":[{"name":"wp","href":"https:\/\/api.w.org\/{rel}","templated":true}]}}