{"id":1622,"date":"2023-11-15T06:29:39","date_gmt":"2023-11-15T06:29:39","guid":{"rendered":"https:\/\/exceladvisor.org\/tr\/pivot-tabloyu-sil\/"},"modified":"2023-12-10T06:00:39","modified_gmt":"2023-12-10T06:00:39","slug":"pivot-tabloyu-sil","status":"publish","type":"page","link":"https:\/\/exceladvisor.org\/tr\/pivot-tabloyu-sil\/","title":{"rendered":"Excel&#39;de bir pivot tablo nas\u0131l silinir?"},"content":{"rendered":"<div class=\"excel-icerikten-once\" id=\"excel-3962705581\"><script type=\"text\/javascript\">\r\n\tatOptions = {\r\n\t\t'key' : 'c1158f160081d6540a8409e6925dab94',\r\n\t\t'format' : 'iframe',\r\n\t\t'height' : 250,\r\n\t\t'width' : 300,\r\n\t\t'params' : {}\r\n\t};\r\n<\/script>\r\n<script type=\"text\/javascript\" src=\"\/\/www.highperformanceformat.com\/c1158f160081d6540a8409e6925dab94\/invoke.js\"><\/script><\/div> <h2 class=\"wp-block-heading\">Excel&#8217;de bir pivot tabloyu silme ad\u0131mlar\u0131<\/h2><p> Bir pivot tabloyu silmek i\u00e7in a\u015fa\u011f\u0131daki ad\u0131mlar\u0131 kullan\u0131n.<\/p><ol><li> \u00d6ncelikle pivot tabloda silmek istedi\u011finiz herhangi bir yere t\u0131klay\u0131n ve analiz sekmesini etkinle\u015ftirin. <br><img loading=\"lazy\" decoding=\"async\" title=\"1-analiz-etkinle\u015ftirme sekmesi\" src=\"https:\/\/exceladvisor.org\/wp-content\/uploads\/2023\/08\/1-activer-longlet-analyse.png\" sizes=\"auto, \" srcset=\"\" alt=\"activate-analyze-tab\" width=\"957\" height=\"97\"><\/li><li> \u015eimdi \u201cEylemler\u201d alt\u0131ndaki \u201cSe\u00e7\u201d se\u00e7ene\u011fini aray\u0131n. <br><img loading=\"lazy\" decoding=\"async\" title=\"2-i\u015flemlerin alt\u0131nda se\u00e7im yap\u0131n\" src=\"https:\/\/exceladvisor.org\/wp-content\/uploads\/2023\/08\/2-selectionnez-sous-actions.png\" sizes=\"auto, \" srcset=\"\" alt=\"select-under-actions\" width=\"947\" height=\"96\"><\/li><li> Bundan sonra, \u201cT\u00fcm PivotTable\u201d se\u00e7ene\u011fini se\u00e7mek i\u00e7in k\u00fc\u00e7\u00fck a\u00e7\u0131l\u0131r men\u00fcye t\u0131klay\u0131n. <br><img loading=\"lazy\" decoding=\"async\" title=\"3-t\u00fcm\u00fcn\u00fc se\u00e7-pivot tablo\" src=\"https:\/\/exceladvisor.org\/wp-content\/uploads\/2023\/08\/3-selectionner-lintegralite-du-tableau-croise-dynamique.png\" sizes=\"auto, \" srcset=\"\" alt=\"select-entire-pivot-table\" width=\"197\" height=\"170\"><\/li><li> Sonu\u00e7 olarak, f\u0131rd\u00f6nd\u00fcn\u00fcz\u00fcn tamam\u0131 se\u00e7ilecektir.<\/li><li> Sonunda klavyenizin sa\u011f \u00fcst k\u00f6\u015fesindeki Sil tu\u015funa bas\u0131n.<\/li><\/ol><h2 class=\"wp-block-heading\"> PivotTable&#8217;\u0131 S\u0131f\u0131rla<\/h2><p> Bir pivot tablodaki t\u00fcm alanlar\u0131 s\u0131f\u0131rlamak i\u00e7in a\u015fa\u011f\u0131daki h\u0131zl\u0131 ad\u0131mlar\u0131 uygulaman\u0131z yeterlidir.<\/p><ol><li> \u00d6ncelikle pivot tablonun herhangi bir yerine t\u0131klay\u0131n.<\/li><li> \u015eimdi Analiz sekmesine gidin. <br><img loading=\"lazy\" decoding=\"async\" title=\"4'l\u00fc analize gitme sekmesi\" src=\"https:\/\/exceladvisor.org\/wp-content\/uploads\/2023\/08\/4-aller-a-longlet-analyser.png\" sizes=\"auto, \" srcset=\"\" alt=\"go-to-analyze-tab\" width=\"257\" height=\"140\"><\/li><li> Burada silmenin yan\u0131ndaki k\u00fc\u00e7\u00fck d\u00fc\u011fmeye t\u0131klay\u0131n. <br><img loading=\"lazy\" decoding=\"async\" title=\"Silinmenin yan\u0131nda 5 k\u00fc\u00e7\u00fck d\u00fc\u011fme\" src=\"https:\/\/exceladvisor.org\/wp-content\/uploads\/2023\/08\/5-petit-bouton-a-cote-de-clear.png\" sizes=\"auto, \" srcset=\"\" alt=\"little-button-next-to-clear\" width=\"208\" height=\"153\"><\/li><li> Son olarak \u201cT\u00fcm\u00fcn\u00fc Temizle\u201dye t\u0131klay\u0131n. <br><img loading=\"lazy\" decoding=\"async\" title=\"6-t\u0131kla-t\u00fcm\u00fcn\u00fc sil\" src=\"https:\/\/exceladvisor.org\/wp-content\/uploads\/2023\/08\/6-cliquez-sur-tout-effacer.png\" sizes=\"auto, \" srcset=\"\" alt=\"click-on-clear-all\" width=\"205\" height=\"151\"><\/li><\/ol><p> Sonu\u00e7 olarak bo\u015f bir pivot tablo elde edeceksiniz. T\u00fcm sat\u0131r ve s\u00fctun de\u011ferleri s\u0131f\u0131rlanacakt\u0131r. <\/p><div class=\"wp-block-group main-page-bottom is-layout-flow\"><div class=\"wp-block-group__inner-container\"><h2 class=\"wp-block-heading\"> Pivot tablolar hakk\u0131nda daha fazla bilgi edinin<\/h2><ul><li> <a href=\"https:\/\/exceladvisor.org\/tr\/pivot-tabloyu-sil\/\">Excel&#8217;de PivotTable&#8217;\u0131 silme<\/a><\/li><li> <a href=\"https:\/\/exceladvisor.org\/tr\/pivot-tabloyu-hareket-ettir\/\">Pivot tabloyu ta\u015f\u0131ma<\/a><\/li><li> <a href=\"https:\/\/exceladvisor.org\/tr\/klavye-kisayollari-1\/\">Pivot Tablo Klavye K\u0131sayollar\u0131<\/a><\/li><li> <a href=\"https:\/\/exceladvisor.org\/tr\/birden-fazla-calisma-sayfasindan-pivotlama\/\" data-wpil=\"url\">Birden \u00e7ok \u00e7al\u0131\u015fma sayfas\u0131ndan pivot tablo<\/a><\/li><li> <a href=\"https:\/\/exceladvisor.org\/tr\/pivot-tablo-2\/\" data-wpil=\"url\">Excel&#8217;de Pivot Tablo<\/a><\/li><\/ul><p> \u21e0 <a href=\"https:\/\/exceladvisor.org\/tr\/pivot-tablo\/\">Pivot Tablo E\u011fitimine<\/a> Geri D\u00f6n<\/p><\/div><\/div>","protected":false},"excerpt":{"rendered":"","protected":false},"author":1,"featured_media":0,"parent":0,"menu_order":0,"comment_status":"open","ping_status":"closed","template":"","meta":{"ub_ctt_via":"","footnotes":""},"class_list":["post-1622","page","type-page","status-publish","hentry"],"featured_image_src":null,"yoast_head":"<!-- This site is optimized with the Yoast SEO plugin v25.4 - https:\/\/yoast.com\/wordpress\/plugins\/seo\/ -->\n<title>Excel&#039;de bir pivot tablo nas\u0131l silinir?<\/title>\n<meta name=\"description\" content=\"Excel&#039;de bir pivot tabloyu silmek basit bir i\u015ftir. \u0130\u015fte kart\u0131 kolayca \u00e7\u0131karmak i\u00e7in ad\u0131m ad\u0131m k\u0131lavuz\" \/>\n<meta name=\"robots\" content=\"index, follow, max-snippet:-1, max-image-preview:large, max-video-preview:-1\" \/>\n<link rel=\"canonical\" href=\"https:\/\/exceladvisor.org\/tr\/pivot-tabloyu-sil\/\" \/>\n<meta property=\"og:locale\" content=\"tr_TR\" \/>\n<meta property=\"og:type\" content=\"article\" \/>\n<meta property=\"og:title\" content=\"Excel&#039;de bir pivot tablo nas\u0131l silinir?\" \/>\n<meta property=\"og:description\" content=\"Excel&#039;de bir pivot tabloyu silmek basit bir i\u015ftir. \u0130\u015fte kart\u0131 kolayca \u00e7\u0131karmak i\u00e7in ad\u0131m ad\u0131m k\u0131lavuz\" \/>\n<meta property=\"og:url\" content=\"https:\/\/exceladvisor.org\/tr\/pivot-tabloyu-sil\/\" \/>\n<meta property=\"og:site_name\" content=\"Excel Advisor\" \/>\n<meta property=\"article:modified_time\" content=\"2023-12-10T06:00:39+00:00\" \/>\n<meta property=\"og:image\" content=\"https:\/\/exceladvisor.org\/wp-content\/uploads\/2023\/08\/1-activer-longlet-analyse.png\" \/>\n<meta name=\"twitter:card\" content=\"summary_large_image\" \/>\n<meta name=\"twitter:label1\" content=\"Tahmini okuma s\u00fcresi\" \/>\n\t<meta name=\"twitter:data1\" content=\"1 dakika\" \/>\n<script type=\"application\/ld+json\" class=\"yoast-schema-graph\">{\"@context\":\"https:\/\/schema.org\",\"@graph\":[{\"@type\":\"WebPage\",\"@id\":\"https:\/\/exceladvisor.org\/tr\/pivot-tabloyu-sil\/\",\"url\":\"https:\/\/exceladvisor.org\/tr\/pivot-tabloyu-sil\/\",\"name\":\"Excel&#39;de bir pivot tablo nas\u0131l silinir?\",\"isPartOf\":{\"@id\":\"https:\/\/exceladvisor.org\/tr\/#website\"},\"primaryImageOfPage\":{\"@id\":\"https:\/\/exceladvisor.org\/tr\/pivot-tabloyu-sil\/#primaryimage\"},\"image\":{\"@id\":\"https:\/\/exceladvisor.org\/tr\/pivot-tabloyu-sil\/#primaryimage\"},\"thumbnailUrl\":\"https:\/\/exceladvisor.org\/wp-content\/uploads\/2023\/08\/1-activer-longlet-analyse.png\",\"datePublished\":\"2023-11-15T06:29:39+00:00\",\"dateModified\":\"2023-12-10T06:00:39+00:00\",\"description\":\"Excel&#39;de bir pivot tabloyu silmek basit bir i\u015ftir. \u0130\u015fte kart\u0131 kolayca \u00e7\u0131karmak i\u00e7in ad\u0131m ad\u0131m k\u0131lavuz\",\"breadcrumb\":{\"@id\":\"https:\/\/exceladvisor.org\/tr\/pivot-tabloyu-sil\/#breadcrumb\"},\"inLanguage\":\"tr\",\"potentialAction\":[{\"@type\":\"ReadAction\",\"target\":[\"https:\/\/exceladvisor.org\/tr\/pivot-tabloyu-sil\/\"]}]},{\"@type\":\"ImageObject\",\"inLanguage\":\"tr\",\"@id\":\"https:\/\/exceladvisor.org\/tr\/pivot-tabloyu-sil\/#primaryimage\",\"url\":\"https:\/\/exceladvisor.org\/wp-content\/uploads\/2023\/08\/1-activer-longlet-analyse.png\",\"contentUrl\":\"https:\/\/exceladvisor.org\/wp-content\/uploads\/2023\/08\/1-activer-longlet-analyse.png\"},{\"@type\":\"BreadcrumbList\",\"@id\":\"https:\/\/exceladvisor.org\/tr\/pivot-tabloyu-sil\/#breadcrumb\",\"itemListElement\":[{\"@type\":\"ListItem\",\"position\":1,\"name\":\"Ev\",\"item\":\"https:\/\/exceladvisor.org\/tr\/\"},{\"@type\":\"ListItem\",\"position\":2,\"name\":\"Excel&#39;de bir pivot tablo nas\u0131l silinir?\"}]},{\"@type\":\"WebSite\",\"@id\":\"https:\/\/exceladvisor.org\/tr\/#website\",\"url\":\"https:\/\/exceladvisor.org\/tr\/\",\"name\":\"Excel Advisor\",\"description\":\"Veri hakimiyetine y\u00f6nelik nihai rehberiniz!\",\"publisher\":{\"@id\":\"https:\/\/exceladvisor.org\/tr\/#organization\"},\"potentialAction\":[{\"@type\":\"SearchAction\",\"target\":{\"@type\":\"EntryPoint\",\"urlTemplate\":\"https:\/\/exceladvisor.org\/tr\/?s={search_term_string}\"},\"query-input\":{\"@type\":\"PropertyValueSpecification\",\"valueRequired\":true,\"valueName\":\"search_term_string\"}}],\"inLanguage\":\"tr\"},{\"@type\":\"Organization\",\"@id\":\"https:\/\/exceladvisor.org\/tr\/#organization\",\"name\":\"Excel Advisor\",\"url\":\"https:\/\/exceladvisor.org\/tr\/\",\"logo\":{\"@type\":\"ImageObject\",\"inLanguage\":\"tr\",\"@id\":\"https:\/\/exceladvisor.org\/tr\/#\/schema\/logo\/image\/\",\"url\":\"https:\/\/exceladvisor.org\/tr\/wp-content\/uploads\/2023\/12\/exceladvisor.org_.png\",\"contentUrl\":\"https:\/\/exceladvisor.org\/tr\/wp-content\/uploads\/2023\/12\/exceladvisor.org_.png\",\"width\":105,\"height\":36,\"caption\":\"Excel Advisor\"},\"image\":{\"@id\":\"https:\/\/exceladvisor.org\/tr\/#\/schema\/logo\/image\/\"}}]}<\/script>\n<!-- \/ Yoast SEO plugin. -->","yoast_head_json":{"title":"Excel&#39;de bir pivot tablo nas\u0131l silinir?","description":"Excel&#39;de bir pivot tabloyu silmek basit bir i\u015ftir. \u0130\u015fte kart\u0131 kolayca \u00e7\u0131karmak i\u00e7in ad\u0131m ad\u0131m k\u0131lavuz","robots":{"index":"index","follow":"follow","max-snippet":"max-snippet:-1","max-image-preview":"max-image-preview:large","max-video-preview":"max-video-preview:-1"},"canonical":"https:\/\/exceladvisor.org\/tr\/pivot-tabloyu-sil\/","og_locale":"tr_TR","og_type":"article","og_title":"Excel&#39;de bir pivot tablo nas\u0131l silinir?","og_description":"Excel&#39;de bir pivot tabloyu silmek basit bir i\u015ftir. \u0130\u015fte kart\u0131 kolayca \u00e7\u0131karmak i\u00e7in ad\u0131m ad\u0131m k\u0131lavuz","og_url":"https:\/\/exceladvisor.org\/tr\/pivot-tabloyu-sil\/","og_site_name":"Excel Advisor","article_modified_time":"2023-12-10T06:00:39+00:00","og_image":[{"url":"https:\/\/exceladvisor.org\/wp-content\/uploads\/2023\/08\/1-activer-longlet-analyse.png","type":"","width":"","height":""}],"twitter_card":"summary_large_image","twitter_misc":{"Tahmini okuma s\u00fcresi":"1 dakika"},"schema":{"@context":"https:\/\/schema.org","@graph":[{"@type":"WebPage","@id":"https:\/\/exceladvisor.org\/tr\/pivot-tabloyu-sil\/","url":"https:\/\/exceladvisor.org\/tr\/pivot-tabloyu-sil\/","name":"Excel&#39;de bir pivot tablo nas\u0131l silinir?","isPartOf":{"@id":"https:\/\/exceladvisor.org\/tr\/#website"},"primaryImageOfPage":{"@id":"https:\/\/exceladvisor.org\/tr\/pivot-tabloyu-sil\/#primaryimage"},"image":{"@id":"https:\/\/exceladvisor.org\/tr\/pivot-tabloyu-sil\/#primaryimage"},"thumbnailUrl":"https:\/\/exceladvisor.org\/wp-content\/uploads\/2023\/08\/1-activer-longlet-analyse.png","datePublished":"2023-11-15T06:29:39+00:00","dateModified":"2023-12-10T06:00:39+00:00","description":"Excel&#39;de bir pivot tabloyu silmek basit bir i\u015ftir. \u0130\u015fte kart\u0131 kolayca \u00e7\u0131karmak i\u00e7in ad\u0131m ad\u0131m k\u0131lavuz","breadcrumb":{"@id":"https:\/\/exceladvisor.org\/tr\/pivot-tabloyu-sil\/#breadcrumb"},"inLanguage":"tr","potentialAction":[{"@type":"ReadAction","target":["https:\/\/exceladvisor.org\/tr\/pivot-tabloyu-sil\/"]}]},{"@type":"ImageObject","inLanguage":"tr","@id":"https:\/\/exceladvisor.org\/tr\/pivot-tabloyu-sil\/#primaryimage","url":"https:\/\/exceladvisor.org\/wp-content\/uploads\/2023\/08\/1-activer-longlet-analyse.png","contentUrl":"https:\/\/exceladvisor.org\/wp-content\/uploads\/2023\/08\/1-activer-longlet-analyse.png"},{"@type":"BreadcrumbList","@id":"https:\/\/exceladvisor.org\/tr\/pivot-tabloyu-sil\/#breadcrumb","itemListElement":[{"@type":"ListItem","position":1,"name":"Ev","item":"https:\/\/exceladvisor.org\/tr\/"},{"@type":"ListItem","position":2,"name":"Excel&#39;de bir pivot tablo nas\u0131l silinir?"}]},{"@type":"WebSite","@id":"https:\/\/exceladvisor.org\/tr\/#website","url":"https:\/\/exceladvisor.org\/tr\/","name":"Excel Advisor","description":"Veri hakimiyetine y\u00f6nelik nihai rehberiniz!","publisher":{"@id":"https:\/\/exceladvisor.org\/tr\/#organization"},"potentialAction":[{"@type":"SearchAction","target":{"@type":"EntryPoint","urlTemplate":"https:\/\/exceladvisor.org\/tr\/?s={search_term_string}"},"query-input":{"@type":"PropertyValueSpecification","valueRequired":true,"valueName":"search_term_string"}}],"inLanguage":"tr"},{"@type":"Organization","@id":"https:\/\/exceladvisor.org\/tr\/#organization","name":"Excel Advisor","url":"https:\/\/exceladvisor.org\/tr\/","logo":{"@type":"ImageObject","inLanguage":"tr","@id":"https:\/\/exceladvisor.org\/tr\/#\/schema\/logo\/image\/","url":"https:\/\/exceladvisor.org\/tr\/wp-content\/uploads\/2023\/12\/exceladvisor.org_.png","contentUrl":"https:\/\/exceladvisor.org\/tr\/wp-content\/uploads\/2023\/12\/exceladvisor.org_.png","width":105,"height":36,"caption":"Excel Advisor"},"image":{"@id":"https:\/\/exceladvisor.org\/tr\/#\/schema\/logo\/image\/"}}]}},"yoast_meta":{"yoast_wpseo_title":"","yoast_wpseo_metadesc":"","yoast_wpseo_canonical":""},"_links":{"self":[{"href":"https:\/\/exceladvisor.org\/tr\/wp-json\/wp\/v2\/pages\/1622","targetHints":{"allow":["GET"]}}],"collection":[{"href":"https:\/\/exceladvisor.org\/tr\/wp-json\/wp\/v2\/pages"}],"about":[{"href":"https:\/\/exceladvisor.org\/tr\/wp-json\/wp\/v2\/types\/page"}],"author":[{"embeddable":true,"href":"https:\/\/exceladvisor.org\/tr\/wp-json\/wp\/v2\/users\/1"}],"replies":[{"embeddable":true,"href":"https:\/\/exceladvisor.org\/tr\/wp-json\/wp\/v2\/comments?post=1622"}],"version-history":[{"count":1,"href":"https:\/\/exceladvisor.org\/tr\/wp-json\/wp\/v2\/pages\/1622\/revisions"}],"predecessor-version":[{"id":2424,"href":"https:\/\/exceladvisor.org\/tr\/wp-json\/wp\/v2\/pages\/1622\/revisions\/2424"}],"wp:attachment":[{"href":"https:\/\/exceladvisor.org\/tr\/wp-json\/wp\/v2\/media?parent=1622"}],"curies":[{"name":"wp","href":"https:\/\/api.w.org\/{rel}","templated":true}]}}