{"id":1626,"date":"2023-11-15T02:07:04","date_gmt":"2023-11-15T02:07:04","guid":{"rendered":"https:\/\/exceladvisor.org\/tr\/hucre-bossa\/"},"modified":"2023-12-10T06:00:32","modified_gmt":"2023-12-10T06:00:32","slug":"hucre-bossa","status":"publish","type":"page","link":"https:\/\/exceladvisor.org\/tr\/hucre-bossa\/","title":{"rendered":"Excel&#39;de bir h\u00fccrenin bo\u015f olup olmad\u0131\u011f\u0131 nas\u0131l kontrol edilir?"},"content":{"rendered":"<div class=\"excel-icerikten-once\" id=\"excel-3190444099\"><script type=\"text\/javascript\">\r\n\tatOptions = {\r\n\t\t'key' : 'c1158f160081d6540a8409e6925dab94',\r\n\t\t'format' : 'iframe',\r\n\t\t'height' : 250,\r\n\t\t'width' : 300,\r\n\t\t'params' : {}\r\n\t};\r\n<\/script>\r\n<script type=\"text\/javascript\" src=\"\/\/www.highperformanceformat.com\/c1158f160081d6540a8409e6925dab94\/invoke.js\"><\/script><\/div> <p>Excel&#8217;de bir h\u00fccrenin bo\u015f olup olmad\u0131\u011f\u0131n\u0131 kontrol etmek istiyorsan\u0131z, IF ve ISBLANK&#8217;\u0131n birle\u015fik form\u00fcl\u00fcn\u00fc kullanabilirsiniz. Bu form\u00fcllerin her ikisi de ISBLANK&#8217;\u0131n h\u00fccre de\u011ferini kontrol etmesi ve ard\u0131ndan IF&#8217;nin kar\u015f\u0131l\u0131\u011f\u0131nda anlaml\u0131 bir tam mesaj (sizin taraf\u0131n\u0131zdan belirtilen) d\u00f6nd\u00fcrmesi \u015feklinde \u00e7al\u0131\u015f\u0131r.<\/p><p> A\u015fa\u011f\u0131daki \u00f6rnekte, birka\u00e7 bo\u015f h\u00fccrenizin oldu\u011fu bir numara listeniz var. <\/p><div class=\"wp-block-image\"><figure class=\"aligncenter size-full is-resized\"><img loading=\"lazy\" decoding=\"async\" class=\"wp-image-69839\" src=\"https:\/\/exceladvisor.org\/wp-content\/uploads\/2023\/08\/1-liste-avec-quelques-cellules-vides.png\" sizes=\"auto, \" srcset=\"\" alt=\"baz\u0131 bo\u015f h\u00fccreli liste\" width=\"313\" height=\"357\"><\/figure><\/div><h2 class=\"wp-block-heading\"> Bir h\u00fccrenin bo\u015f olup olmad\u0131\u011f\u0131n\u0131 kontrol eden form\u00fcl (bo\u015f)<\/h2><ol type=\"1\"><li> \u0130lk olarak B1 h\u00fccresine IF h\u00fccresini girin.<\/li><li> \u015eimdi ilk ba\u011f\u0131ms\u0131z de\u011fi\u015fkene ISBLANK girin ve A1 h\u00fccresine bak\u0131n ve kapatma parantezlerini girin.<\/li><li> Ard\u0131ndan ikinci ba\u011f\u0131ms\u0131z de\u011fi\u015fkende &#8220;Bo\u015f&#8221; de\u011ferini kullan\u0131n.<\/li><li> Bundan sonra \u00fc\u00e7\u00fcnc\u00fc arg\u00fcmanda \u201cBo\u015f Olmayan\u201d\u0131 kullan\u0131n.<\/li><li> Sonunda i\u015flevi kapat\u0131n, Enter tu\u015funa bas\u0131n ve form\u00fcl\u00fc listedeki son de\u011fere s\u00fcr\u00fckleyin. <\/li><\/ol><div class=\"wp-block-image\"><figure class=\"aligncenter size-full is-resized\"><img loading=\"lazy\" decoding=\"async\" class=\"wp-image-69840\" src=\"https:\/\/exceladvisor.org\/wp-content\/uploads\/2023\/08\/2-si-formule-pour-trouver-vide.png\" sizes=\"auto, \" srcset=\"\" alt=\"bo\u015f bulma form\u00fcl\u00fc\" width=\"545\" height=\"385\"><\/figure><\/div><p> G\u00f6rd\u00fc\u011f\u00fcn\u00fcz gibi A s\u00fctununda h\u00fccrenin bo\u015f oldu\u011fu h\u00fccre i\u00e7in &#8220;Empty&#8221; de\u011ferine sahibiz.<\/p><pre class=\"wp-block-code\"> <code class=\"language-excel-formula\" lang=\"excel-formula\">=IF(ISBLANK(A1),\"Blank\",\"Non-Blank\")<\/code><\/pre><p> \u015eimdi bu form\u00fcl\u00fc anlayal\u0131m. \u0130lk b\u00f6l\u00fcmde h\u00fccrelerin bo\u015f olup olmad\u0131\u011f\u0131n\u0131 kontrol eden ISBLANK&#8217;\u0131m\u0131z var. <\/p><div class=\"wp-block-image\"><figure class=\"aligncenter size-full is-resized\"><img loading=\"lazy\" decoding=\"async\" class=\"wp-image-69841\" src=\"https:\/\/exceladvisor.org\/wp-content\/uploads\/2023\/08\/3-est-la-fonction-vide.png\" sizes=\"auto, \" srcset=\"\" alt=\"bo\u015f i\u015flev\" width=\"532\" height=\"395\"><\/figure><\/div><p> Bundan sonra ISBLANK&#8217;\u0131n d\u00f6nd\u00fcrd\u00fc\u011f\u00fc de\u011fer TRUE ise IF &#8220;Bo\u015f&#8221; de\u011ferini, ISBLANK&#8217;\u0131n d\u00f6nd\u00fcrd\u00fc\u011f\u00fc de\u011fer FALSE IF ise &#8220;Non_Blank&#8221; de\u011ferini d\u00f6nd\u00fcrecektir. <\/p><div class=\"wp-block-image\"><figure class=\"aligncenter size-full is-resized\"><img loading=\"lazy\" decoding=\"async\" class=\"wp-image-69842\" src=\"https:\/\/exceladvisor.org\/wp-content\/uploads\/2023\/08\/4-est-une-valeur-de-resultat-vide.png\" sizes=\"auto, \" srcset=\"\" alt=\"isblank-sonu\u00e7-de\u011feri\" width=\"509\" height=\"358\"><\/figure><\/div><h2 class=\"wp-block-heading\"> Alternatif form\u00fcl<\/h2><p> E\u011eER i\u015flevini kullanman\u0131z gereken ba\u015fka bir form\u00fcl\u00fc de kullanabilirsiniz.<\/p><p> Art\u0131k fonksiyonda, ko\u015fulu test etmek istedi\u011finiz h\u00fccreyi belirtmeniz ve ard\u0131ndan test edilecek ko\u015fulu olu\u015fturmak i\u00e7in bo\u015f de\u011fere sahip bir e\u015fittir operat\u00f6r\u00fcn\u00fc kullanman\u0131z yeterlidir.<\/p><p> Ve DO\u011eRU veya YANLI\u015e ko\u015fulunu almak istedi\u011finiz iki de\u011feri belirtmeniz yeterlidir. <\/p><div class=\"wp-block-image\"><figure class=\"aligncenter size-full is-resized\"><img loading=\"lazy\" decoding=\"async\" class=\"wp-image-69843\" src=\"https:\/\/exceladvisor.org\/wp-content\/uploads\/2023\/08\/5-si-formule-avec-blanc-et-non-blanc.png\" sizes=\"auto, \" srcset=\"\" alt=\"bo\u015f-ve-bo\u015f olmayan-if-form\u00fcl\u00fc\" width=\"484\" height=\"385\"><\/figure><\/div><div class=\"gb-container gb-container-52dfcee1 gb-container-sample-file\"><h2 class=\"gb-headline gb-headline-e289c143 gb-headline-text gb-headline-4f7959c2\"> Excel dosyas\u0131n\u0131 al\u0131n<\/h2> <a class=\"gb-button gb-button-e88d6bee gb-button-text gb-button-button1\" href=\"https:\/\/exceladvisor.org\/wp-content\/uploads\/2023\/08\/si-la-cellule-est-vide-2.xlsx\" rel=\"nofollow\">\u0130ndirmek<\/a><\/div><div class=\"gb-container gb-container-0df56012 gb-container-mt\"> <a class=\"gb-button gb-button-f9f432f4 gb-button-text gb-button-mt-button\" href=\"https:\/\/exceladvisor.org\/tr\/formuller\/\">Excel form\u00fcllerinin listesi<\/a><h2 class=\"gb-headline gb-headline-233444e8 gb-headline-text gb-headline-mt-heading\"> \u0130lgili form\u00fcller <\/h2><div class=\"gb-grid-wrapper gb-grid-wrapper-a16fa65c gb-grid-wrapper-mt-grid\"><div class=\"gb-grid-column gb-grid-column-50d07e0d\"><div class=\"gb-container gb-container-50d07e0d\"><ul><li> <a href=\"https:\/\/exceladvisor.org\/tr\/sifirsa-o-zaman-bos\/\">IF 0 (s\u0131f\u0131r) de\u011ferini kontrol edin ve ard\u0131ndan Excel&#8217;de bo\u015f b\u0131rak\u0131n<\/a><\/li><li> <a href=\"https:\/\/exceladvisor.org\/tr\/bir-aralikta-bir-degerin-olup-olmadigini-kontrol-edin\/\">Excel&#8217;de bir aral\u0131kta bir de\u011ferin olup olmad\u0131\u011f\u0131n\u0131 kontrol edin<\/a><\/li><li> <a href=\"https:\/\/exceladvisor.org\/tr\/eger-ve-1\/\">Excel&#8217;de E\u011eER ve VE i\u015flevlerini birle\u015ftirme<\/a><\/li><li> <a href=\"https:\/\/exceladvisor.org\/tr\/eger-veya-1\/\">Excel&#8217;de IF ve OR i\u015flevlerini birle\u015ftirme<\/a><\/li><li> <a href=\"https:\/\/exceladvisor.org\/tr\/negatifse-sifir\/\">Negatifse Excel&#8217;de s\u0131f\u0131r (0)<\/a> <\/li><\/ul><\/div><\/div><div class=\"gb-grid-column gb-grid-column-5b4a0cf9\"><div class=\"gb-container gb-container-5b4a0cf9\"><\/div><\/div><\/div><\/div>","protected":false},"excerpt":{"rendered":"","protected":false},"author":1,"featured_media":0,"parent":0,"menu_order":0,"comment_status":"open","ping_status":"closed","template":"","meta":{"ub_ctt_via":"","footnotes":""},"class_list":["post-1626","page","type-page","status-publish","hentry"],"featured_image_src":null,"yoast_head":"<!-- This site is optimized with the Yoast SEO plugin v25.4 - https:\/\/yoast.com\/wordpress\/plugins\/seo\/ -->\n<title>Excel&#039;de bir h\u00fccrenin bo\u015f olup olmad\u0131\u011f\u0131 nas\u0131l kontrol edilir? (2023 K\u0131lavuzu)<\/title>\n<meta name=\"description\" content=\"Bu dersimizde bir h\u00fccrenin bo\u015f olup olmad\u0131\u011f\u0131n\u0131 kontrol etmek i\u00e7in form\u00fcl yazmay\u0131 \u00f6\u011frenece\u011fiz. biz kullanaca\u011f\u0131z\" \/>\n<meta name=\"robots\" content=\"index, follow, max-snippet:-1, max-image-preview:large, max-video-preview:-1\" \/>\n<link rel=\"canonical\" href=\"https:\/\/exceladvisor.org\/tr\/hucre-bossa\/\" \/>\n<meta property=\"og:locale\" content=\"tr_TR\" \/>\n<meta property=\"og:type\" content=\"article\" \/>\n<meta property=\"og:title\" content=\"Excel&#039;de bir h\u00fccrenin bo\u015f olup olmad\u0131\u011f\u0131 nas\u0131l kontrol edilir? (2023 K\u0131lavuzu)\" \/>\n<meta property=\"og:description\" content=\"Bu dersimizde bir h\u00fccrenin bo\u015f olup olmad\u0131\u011f\u0131n\u0131 kontrol etmek i\u00e7in form\u00fcl yazmay\u0131 \u00f6\u011frenece\u011fiz. biz kullanaca\u011f\u0131z\" \/>\n<meta property=\"og:url\" content=\"https:\/\/exceladvisor.org\/tr\/hucre-bossa\/\" \/>\n<meta property=\"og:site_name\" content=\"Excel Advisor\" \/>\n<meta property=\"article:modified_time\" content=\"2023-12-10T06:00:32+00:00\" \/>\n<meta property=\"og:image\" content=\"https:\/\/exceladvisor.org\/wp-content\/uploads\/2023\/08\/1-liste-avec-quelques-cellules-vides.png\" \/>\n<meta name=\"twitter:card\" content=\"summary_large_image\" \/>\n<meta name=\"twitter:label1\" content=\"Tahmini okuma s\u00fcresi\" \/>\n\t<meta name=\"twitter:data1\" content=\"2 dakika\" \/>\n<script type=\"application\/ld+json\" class=\"yoast-schema-graph\">{\"@context\":\"https:\/\/schema.org\",\"@graph\":[{\"@type\":\"WebPage\",\"@id\":\"https:\/\/exceladvisor.org\/tr\/hucre-bossa\/\",\"url\":\"https:\/\/exceladvisor.org\/tr\/hucre-bossa\/\",\"name\":\"Excel&#39;de bir h\u00fccrenin bo\u015f olup olmad\u0131\u011f\u0131 nas\u0131l kontrol edilir? (2023 K\u0131lavuzu)\",\"isPartOf\":{\"@id\":\"https:\/\/exceladvisor.org\/tr\/#website\"},\"primaryImageOfPage\":{\"@id\":\"https:\/\/exceladvisor.org\/tr\/hucre-bossa\/#primaryimage\"},\"image\":{\"@id\":\"https:\/\/exceladvisor.org\/tr\/hucre-bossa\/#primaryimage\"},\"thumbnailUrl\":\"https:\/\/exceladvisor.org\/wp-content\/uploads\/2023\/08\/1-liste-avec-quelques-cellules-vides.png\",\"datePublished\":\"2023-11-15T02:07:04+00:00\",\"dateModified\":\"2023-12-10T06:00:32+00:00\",\"description\":\"Bu dersimizde bir h\u00fccrenin bo\u015f olup olmad\u0131\u011f\u0131n\u0131 kontrol etmek i\u00e7in form\u00fcl yazmay\u0131 \u00f6\u011frenece\u011fiz. biz kullanaca\u011f\u0131z\",\"breadcrumb\":{\"@id\":\"https:\/\/exceladvisor.org\/tr\/hucre-bossa\/#breadcrumb\"},\"inLanguage\":\"tr\",\"potentialAction\":[{\"@type\":\"ReadAction\",\"target\":[\"https:\/\/exceladvisor.org\/tr\/hucre-bossa\/\"]}]},{\"@type\":\"ImageObject\",\"inLanguage\":\"tr\",\"@id\":\"https:\/\/exceladvisor.org\/tr\/hucre-bossa\/#primaryimage\",\"url\":\"https:\/\/exceladvisor.org\/wp-content\/uploads\/2023\/08\/1-liste-avec-quelques-cellules-vides.png\",\"contentUrl\":\"https:\/\/exceladvisor.org\/wp-content\/uploads\/2023\/08\/1-liste-avec-quelques-cellules-vides.png\"},{\"@type\":\"BreadcrumbList\",\"@id\":\"https:\/\/exceladvisor.org\/tr\/hucre-bossa\/#breadcrumb\",\"itemListElement\":[{\"@type\":\"ListItem\",\"position\":1,\"name\":\"Ev\",\"item\":\"https:\/\/exceladvisor.org\/tr\/\"},{\"@type\":\"ListItem\",\"position\":2,\"name\":\"Excel&#39;de bir h\u00fccrenin bo\u015f olup olmad\u0131\u011f\u0131 nas\u0131l kontrol edilir?\"}]},{\"@type\":\"WebSite\",\"@id\":\"https:\/\/exceladvisor.org\/tr\/#website\",\"url\":\"https:\/\/exceladvisor.org\/tr\/\",\"name\":\"Excel Advisor\",\"description\":\"Veri hakimiyetine y\u00f6nelik nihai rehberiniz!\",\"publisher\":{\"@id\":\"https:\/\/exceladvisor.org\/tr\/#organization\"},\"potentialAction\":[{\"@type\":\"SearchAction\",\"target\":{\"@type\":\"EntryPoint\",\"urlTemplate\":\"https:\/\/exceladvisor.org\/tr\/?s={search_term_string}\"},\"query-input\":{\"@type\":\"PropertyValueSpecification\",\"valueRequired\":true,\"valueName\":\"search_term_string\"}}],\"inLanguage\":\"tr\"},{\"@type\":\"Organization\",\"@id\":\"https:\/\/exceladvisor.org\/tr\/#organization\",\"name\":\"Excel Advisor\",\"url\":\"https:\/\/exceladvisor.org\/tr\/\",\"logo\":{\"@type\":\"ImageObject\",\"inLanguage\":\"tr\",\"@id\":\"https:\/\/exceladvisor.org\/tr\/#\/schema\/logo\/image\/\",\"url\":\"https:\/\/exceladvisor.org\/tr\/wp-content\/uploads\/2023\/12\/exceladvisor.org_.png\",\"contentUrl\":\"https:\/\/exceladvisor.org\/tr\/wp-content\/uploads\/2023\/12\/exceladvisor.org_.png\",\"width\":105,\"height\":36,\"caption\":\"Excel Advisor\"},\"image\":{\"@id\":\"https:\/\/exceladvisor.org\/tr\/#\/schema\/logo\/image\/\"}}]}<\/script>\n<!-- \/ Yoast SEO plugin. -->","yoast_head_json":{"title":"Excel&#39;de bir h\u00fccrenin bo\u015f olup olmad\u0131\u011f\u0131 nas\u0131l kontrol edilir? (2023 K\u0131lavuzu)","description":"Bu dersimizde bir h\u00fccrenin bo\u015f olup olmad\u0131\u011f\u0131n\u0131 kontrol etmek i\u00e7in form\u00fcl yazmay\u0131 \u00f6\u011frenece\u011fiz. biz kullanaca\u011f\u0131z","robots":{"index":"index","follow":"follow","max-snippet":"max-snippet:-1","max-image-preview":"max-image-preview:large","max-video-preview":"max-video-preview:-1"},"canonical":"https:\/\/exceladvisor.org\/tr\/hucre-bossa\/","og_locale":"tr_TR","og_type":"article","og_title":"Excel&#39;de bir h\u00fccrenin bo\u015f olup olmad\u0131\u011f\u0131 nas\u0131l kontrol edilir? (2023 K\u0131lavuzu)","og_description":"Bu dersimizde bir h\u00fccrenin bo\u015f olup olmad\u0131\u011f\u0131n\u0131 kontrol etmek i\u00e7in form\u00fcl yazmay\u0131 \u00f6\u011frenece\u011fiz. biz kullanaca\u011f\u0131z","og_url":"https:\/\/exceladvisor.org\/tr\/hucre-bossa\/","og_site_name":"Excel Advisor","article_modified_time":"2023-12-10T06:00:32+00:00","og_image":[{"url":"https:\/\/exceladvisor.org\/wp-content\/uploads\/2023\/08\/1-liste-avec-quelques-cellules-vides.png","type":"","width":"","height":""}],"twitter_card":"summary_large_image","twitter_misc":{"Tahmini okuma s\u00fcresi":"2 dakika"},"schema":{"@context":"https:\/\/schema.org","@graph":[{"@type":"WebPage","@id":"https:\/\/exceladvisor.org\/tr\/hucre-bossa\/","url":"https:\/\/exceladvisor.org\/tr\/hucre-bossa\/","name":"Excel&#39;de bir h\u00fccrenin bo\u015f olup olmad\u0131\u011f\u0131 nas\u0131l kontrol edilir? (2023 K\u0131lavuzu)","isPartOf":{"@id":"https:\/\/exceladvisor.org\/tr\/#website"},"primaryImageOfPage":{"@id":"https:\/\/exceladvisor.org\/tr\/hucre-bossa\/#primaryimage"},"image":{"@id":"https:\/\/exceladvisor.org\/tr\/hucre-bossa\/#primaryimage"},"thumbnailUrl":"https:\/\/exceladvisor.org\/wp-content\/uploads\/2023\/08\/1-liste-avec-quelques-cellules-vides.png","datePublished":"2023-11-15T02:07:04+00:00","dateModified":"2023-12-10T06:00:32+00:00","description":"Bu dersimizde bir h\u00fccrenin bo\u015f olup olmad\u0131\u011f\u0131n\u0131 kontrol etmek i\u00e7in form\u00fcl yazmay\u0131 \u00f6\u011frenece\u011fiz. biz kullanaca\u011f\u0131z","breadcrumb":{"@id":"https:\/\/exceladvisor.org\/tr\/hucre-bossa\/#breadcrumb"},"inLanguage":"tr","potentialAction":[{"@type":"ReadAction","target":["https:\/\/exceladvisor.org\/tr\/hucre-bossa\/"]}]},{"@type":"ImageObject","inLanguage":"tr","@id":"https:\/\/exceladvisor.org\/tr\/hucre-bossa\/#primaryimage","url":"https:\/\/exceladvisor.org\/wp-content\/uploads\/2023\/08\/1-liste-avec-quelques-cellules-vides.png","contentUrl":"https:\/\/exceladvisor.org\/wp-content\/uploads\/2023\/08\/1-liste-avec-quelques-cellules-vides.png"},{"@type":"BreadcrumbList","@id":"https:\/\/exceladvisor.org\/tr\/hucre-bossa\/#breadcrumb","itemListElement":[{"@type":"ListItem","position":1,"name":"Ev","item":"https:\/\/exceladvisor.org\/tr\/"},{"@type":"ListItem","position":2,"name":"Excel&#39;de bir h\u00fccrenin bo\u015f olup olmad\u0131\u011f\u0131 nas\u0131l kontrol edilir?"}]},{"@type":"WebSite","@id":"https:\/\/exceladvisor.org\/tr\/#website","url":"https:\/\/exceladvisor.org\/tr\/","name":"Excel Advisor","description":"Veri hakimiyetine y\u00f6nelik nihai rehberiniz!","publisher":{"@id":"https:\/\/exceladvisor.org\/tr\/#organization"},"potentialAction":[{"@type":"SearchAction","target":{"@type":"EntryPoint","urlTemplate":"https:\/\/exceladvisor.org\/tr\/?s={search_term_string}"},"query-input":{"@type":"PropertyValueSpecification","valueRequired":true,"valueName":"search_term_string"}}],"inLanguage":"tr"},{"@type":"Organization","@id":"https:\/\/exceladvisor.org\/tr\/#organization","name":"Excel Advisor","url":"https:\/\/exceladvisor.org\/tr\/","logo":{"@type":"ImageObject","inLanguage":"tr","@id":"https:\/\/exceladvisor.org\/tr\/#\/schema\/logo\/image\/","url":"https:\/\/exceladvisor.org\/tr\/wp-content\/uploads\/2023\/12\/exceladvisor.org_.png","contentUrl":"https:\/\/exceladvisor.org\/tr\/wp-content\/uploads\/2023\/12\/exceladvisor.org_.png","width":105,"height":36,"caption":"Excel Advisor"},"image":{"@id":"https:\/\/exceladvisor.org\/tr\/#\/schema\/logo\/image\/"}}]}},"yoast_meta":{"yoast_wpseo_title":"","yoast_wpseo_metadesc":"","yoast_wpseo_canonical":""},"_links":{"self":[{"href":"https:\/\/exceladvisor.org\/tr\/wp-json\/wp\/v2\/pages\/1626","targetHints":{"allow":["GET"]}}],"collection":[{"href":"https:\/\/exceladvisor.org\/tr\/wp-json\/wp\/v2\/pages"}],"about":[{"href":"https:\/\/exceladvisor.org\/tr\/wp-json\/wp\/v2\/types\/page"}],"author":[{"embeddable":true,"href":"https:\/\/exceladvisor.org\/tr\/wp-json\/wp\/v2\/users\/1"}],"replies":[{"embeddable":true,"href":"https:\/\/exceladvisor.org\/tr\/wp-json\/wp\/v2\/comments?post=1626"}],"version-history":[{"count":1,"href":"https:\/\/exceladvisor.org\/tr\/wp-json\/wp\/v2\/pages\/1626\/revisions"}],"predecessor-version":[{"id":2415,"href":"https:\/\/exceladvisor.org\/tr\/wp-json\/wp\/v2\/pages\/1626\/revisions\/2415"}],"wp:attachment":[{"href":"https:\/\/exceladvisor.org\/tr\/wp-json\/wp\/v2\/media?parent=1626"}],"curies":[{"name":"wp","href":"https:\/\/api.w.org\/{rel}","templated":true}]}}