{"id":1627,"date":"2023-11-15T01:08:57","date_gmt":"2023-11-15T01:08:57","guid":{"rendered":"https:\/\/exceladvisor.org\/tr\/ressam-formati\/"},"modified":"2023-12-10T06:01:24","modified_gmt":"2023-12-10T06:01:24","slug":"ressam-formati","status":"publish","type":"page","link":"https:\/\/exceladvisor.org\/tr\/ressam-formati\/","title":{"rendered":"Excel&#39;de format boyac\u0131s\u0131 nas\u0131l kullan\u0131l\u0131r?"},"content":{"rendered":"<div class=\"excel-icerikten-once\" id=\"excel-1113987779\"><script type=\"text\/javascript\">\r\n\tatOptions = {\r\n\t\t'key' : 'c1158f160081d6540a8409e6925dab94',\r\n\t\t'format' : 'iframe',\r\n\t\t'height' : 250,\r\n\t\t'width' : 300,\r\n\t\t'params' : {}\r\n\t};\r\n<\/script>\r\n<script type=\"text\/javascript\" src=\"\/\/www.highperformanceformat.com\/c1158f160081d6540a8409e6925dab94\/invoke.js\"><\/script><\/div> <p>&#8220;Format Boyac\u0131s\u0131&#8221;n\u0131 ke\u015ffetti\u011fimden bu yana ka\u00e7 saat tasarruf etti\u011fimi hesaplayam\u0131yorum. Evet bu do\u011fru.<\/p><p> Sorun \u015fu ki, Excel&#8217;de \u00e7al\u0131\u015f\u0131rken, bi\u00e7imlendirmeyi bir h\u00fccreden (veya aral\u0131ktan) di\u011ferine kopyalamak istedi\u011finiz zamanlar vard\u0131r.<\/p><p> Format Boyac\u0131s\u0131 sizin i\u00e7in burada. Diyelim ki A1 h\u00fccresinden (belirli bir yaz\u0131 tipi stili, arka plan rengi olan), bu format\u0131 B1&#8217;e kopyalamak istiyorsunuz. \u0130htiyac\u0131n\u0131z olan tek \u015fey Tek T\u0131klama.<\/p><h2 class=\"wp-block-heading\"> Bi\u00e7im Boyac\u0131s\u0131 d\u00fc\u011fmesi nerede?<\/h2><p> Bu, Ana Sayfa sekmenizde bulunur. Ana Sayfa sekmenizin pano b\u00f6l\u00fcm\u00fcne (sol taraf) bakarsan\u0131z onu bulabilirsiniz. <\/p><div class=\"wp-block-image\"><figure class=\"aligncenter\"><img decoding=\"async\" src=\"https:\/\/exceladvisor.org\/wp-content\/uploads\/2023\/08\/format-peintre-bouton-onglet-accueil-1.png\" sizes=\"\" srcset=\"\" alt=\"ressam bi\u00e7imi ana sayfa sekmesi d\u00fc\u011fmesi\"><\/figure><\/div><h2 class=\"wp-block-heading\"> Nas\u0131l \u00e7al\u0131\u015f\u0131r<\/h2><ol><li> Bir h\u00fccre veya aral\u0131k se\u00e7ip Bi\u00e7im Boyac\u0131s\u0131 d\u00fc\u011fmesini t\u0131klatt\u0131\u011f\u0131n\u0131zda bi\u00e7imlendirme kopyalan\u0131r.<\/li><li> Bundan sonra ba\u015fka bir h\u00fccre veya aral\u0131k se\u00e7ti\u011finizde bi\u00e7imlendirme oraya yap\u0131\u015ft\u0131r\u0131l\u0131r.<\/li><\/ol><h2 class=\"wp-block-heading\"> Format Boyac\u0131s\u0131 nas\u0131l kullan\u0131l\u0131r?<\/h2><p> Dedi\u011fim gibi, bu tek t\u0131klamayla yap\u0131lan bir i\u015flem. <\/p><div class=\"wp-block-image\"><figure class=\"aligncenter\"><img decoding=\"async\" src=\"https:\/\/exceladvisor.org\/wp-content\/uploads\/2023\/08\/utiliser-format-peintre-excel-1.gif\" sizes=\"\" srcset=\"\" alt=\"excel ressam format\u0131n\u0131 kullan\"><\/figure><\/div><ol><li> \u0130lk \u00f6nce, bi\u00e7imlendirmeyi kopyalamak istedi\u011finiz aral\u0131\u011f\u0131 veya aral\u0131\u011f\u0131 se\u00e7in.<\/li><li> Bundan sonra Format Boyac\u0131s\u0131 d\u00fc\u011fmesine t\u0131klay\u0131n.<\/li><li> D\u00fc\u011fmeye t\u0131klad\u0131\u011f\u0131n\u0131zda imleciniz bir boya f\u0131r\u00e7as\u0131na d\u00f6n\u00fc\u015f\u00fcr.<\/li><li> \u015eimdi bi\u00e7imlendirmeyi uygulamak istedi\u011finiz aral\u0131\u011f\u0131 se\u00e7in.<\/li><\/ol><p> Bitti.<\/p><h3 class=\"wp-block-heading\"> <a href=\"https:\/\/exceladvisor.org\/tr\/klavye-kisayollari\/\">Klavye k\u0131sayolunu<\/a> kullanabilir miyim?<\/h3><p> Evet, format ressam\u0131 i\u00e7in <strong>Alt+H+F+P<\/strong> tu\u015flar\u0131n\u0131 kullanabilirsiniz. Format\u0131 kopyalamak istedi\u011finiz aral\u0131\u011f\u0131 veya h\u00fccreyi se\u00e7ip k\u0131sayol tu\u015funu kullanman\u0131z yeterlidir.<\/p><h2 class=\"wp-block-heading\"> Bi\u00e7imlendirmeyi birden \u00e7ok kez uygula<\/h2><p> Evet, bi\u00e7imlendirmeyi birden \u00e7ok kez yap\u0131\u015ft\u0131rmak i\u00e7in bunu kullanabilirsiniz. <\/p><div class=\"wp-block-image\"><figure class=\"aligncenter\"><img decoding=\"async\" src=\"https:\/\/exceladvisor.org\/wp-content\/uploads\/2023\/08\/utiliser-le-peintre-de-format-plusieurs-fois-excel-1.gif\" sizes=\"\" srcset=\"\" alt=\"format ressam\u0131n\u0131 birden \u00e7ok kez kullan excel\"><\/figure><\/div><ol><li> \u0130lk olarak, bi\u00e7imlendirmeyi kopyalamak istedi\u011finiz aral\u0131\u011f\u0131 se\u00e7in.<\/li><li> Bundan sonra Ana Sayfa sekmesi \u2192 Pano \u2192 Format Boyac\u0131s\u0131&#8217;na gidin.<\/li><li> \u015eimdi Bi\u00e7im Boyac\u0131s\u0131 d\u00fc\u011fmesine \u00e7ift t\u0131klay\u0131n.<\/li><li> Buradan bi\u00e7imlendirmeyi birden \u00e7ok kez yap\u0131\u015ft\u0131rabilirsiniz.<\/li><\/ol><h2 class=\"wp-block-heading\"> <span style=\"color: #ff0000;\">Bonus \u0130pucu:<\/span> Format Boyac\u0131s\u0131n\u0131 Kullanarak S\u00fctun Geni\u015fli\u011fini Kopyalay\u0131n <\/h2><div class=\"wp-block-image\"><figure class=\"aligncenter\"><img decoding=\"async\" src=\"https:\/\/exceladvisor.org\/wp-content\/uploads\/2023\/08\/peintre-de-format-appliquer-la-largeur-de-colonne-excel-1.gif\" sizes=\"\" srcset=\"\" alt=\"format ressam\u0131 excel s\u00fctun geni\u015fli\u011fini uygula\"><\/figure><\/div><ol><li> \u00d6ncelikle s\u00fctun geni\u015fli\u011fini kopyalamak istedi\u011finiz s\u00fctunun tamam\u0131n\u0131 se\u00e7in.<\/li><li> Bundan sonra Format Boyac\u0131s\u0131 d\u00fc\u011fmesine t\u0131klay\u0131n.<\/li><li> Hedef s\u00fctunun s\u00fctun ba\u015fl\u0131\u011f\u0131na t\u0131klay\u0131n.<\/li><\/ol><p> <strong>Bu makaleyi okumadan \u00f6nce bu se\u00e7ene\u011fi biliyor muydunuz?<\/strong><\/p><p> L\u00fctfen g\u00f6r\u00fc\u015flerinizi yorum k\u0131sm\u0131nda benimle payla\u015f\u0131n. Sizden haber almay\u0131 \u00e7ok isterim ve bunu arkada\u015flar\u0131n\u0131zla payla\u015fmay\u0131 unutmay\u0131n, eminim takdir edeceklerdir.<\/p><div class=\"gb-container gb-container-4db6181c gb-container-mt\"> <a class=\"gb-button gb-button-c5897111 gb-button-text gb-button-mt-button\" href=\"https:\/\/exceladvisor.org\/tr\/excelin-temelleri\/\">Microsoft Excel Temelleri (Bile\u015fenler, Par\u00e7alar ve Bilgi Notlar\u0131)<\/a><h2 class=\"gb-headline gb-headline-665e5f6b gb-headline-text gb-headline-mt-heading\"> \u0130lgili e\u011fitimler <\/h2><div class=\"gb-grid-wrapper gb-grid-wrapper-a20baf7c gb-grid-wrapper-mt-grid\"><div class=\"gb-grid-column gb-grid-column-65ddf67e\"><div class=\"gb-container gb-container-65ddf67e\"><ul><li> <a href=\"https:\/\/exceladvisor.org\/tr\/tamamen-hakli-cikarmak\/\">Excel&#8217;de Yasla&#8217;y\u0131 Doldurun<\/a><\/li><li> <a href=\"https:\/\/exceladvisor.org\/tr\/excel-formul-cubugu\/\">Excel&#8217;deki form\u00fcl \u00e7ubu\u011fu<\/a><\/li><li> <a href=\"https:\/\/exceladvisor.org\/tr\/altbilgi-basligi-ekle\/\">Excel&#8217;de \u00fcstbilgi ve altbilgi ekleme<\/a><\/li><li> <a href=\"https:\/\/exceladvisor.org\/tr\/cetvel\/\">Cetveli Excel&#8217;de g\u00f6ster<\/a><\/li><li> <a href=\"https:\/\/exceladvisor.org\/tr\/doldurma-kolu\/\">Excel&#8217;de doldurma tutamac\u0131<\/a> <\/li><\/ul><\/div><\/div><div class=\"gb-grid-column gb-grid-column-50067b57\"><div class=\"gb-container gb-container-50067b57\"><\/div><\/div><\/div><\/div>","protected":false},"excerpt":{"rendered":"","protected":false},"author":1,"featured_media":0,"parent":0,"menu_order":0,"comment_status":"open","ping_status":"closed","template":"","meta":{"ub_ctt_via":"","footnotes":""},"class_list":["post-1627","page","type-page","status-publish","hentry"],"featured_image_src":null,"yoast_head":"<!-- This site is optimized with the Yoast SEO plugin v25.4 - https:\/\/yoast.com\/wordpress\/plugins\/seo\/ -->\n<title>Excel&#039;de Format Boyac\u0131s\u0131 nas\u0131l kullan\u0131l\u0131r? (Gizli Y\u00f6ntem)<\/title>\n<meta name=\"description\" content=\"Tekrar tekrar formatlamayla zaman kaybetmek istemezsiniz. Kopyalamak ve uygulamak i\u00e7in Excel&#039;de Format Boyac\u0131s\u0131&#039;n\u0131 nas\u0131l kullanaca\u011f\u0131n\u0131z\u0131 \u00f6\u011frenin\" \/>\n<meta name=\"robots\" content=\"index, follow, max-snippet:-1, max-image-preview:large, max-video-preview:-1\" \/>\n<link rel=\"canonical\" href=\"https:\/\/exceladvisor.org\/tr\/ressam-formati\/\" \/>\n<meta property=\"og:locale\" content=\"tr_TR\" \/>\n<meta property=\"og:type\" content=\"article\" \/>\n<meta property=\"og:title\" content=\"Excel&#039;de Format Boyac\u0131s\u0131 nas\u0131l kullan\u0131l\u0131r? (Gizli Y\u00f6ntem)\" \/>\n<meta property=\"og:description\" content=\"Tekrar tekrar formatlamayla zaman kaybetmek istemezsiniz. Kopyalamak ve uygulamak i\u00e7in Excel&#039;de Format Boyac\u0131s\u0131&#039;n\u0131 nas\u0131l kullanaca\u011f\u0131n\u0131z\u0131 \u00f6\u011frenin\" \/>\n<meta property=\"og:url\" content=\"https:\/\/exceladvisor.org\/tr\/ressam-formati\/\" \/>\n<meta property=\"og:site_name\" content=\"Excel Advisor\" \/>\n<meta property=\"article:modified_time\" content=\"2023-12-10T06:01:24+00:00\" \/>\n<meta property=\"og:image\" content=\"https:\/\/exceladvisor.org\/wp-content\/uploads\/2023\/08\/format-peintre-bouton-onglet-accueil-1.png\" \/>\n<meta name=\"twitter:card\" content=\"summary_large_image\" \/>\n<meta name=\"twitter:label1\" content=\"Tahmini okuma s\u00fcresi\" \/>\n\t<meta name=\"twitter:data1\" content=\"2 dakika\" \/>\n<script type=\"application\/ld+json\" class=\"yoast-schema-graph\">{\"@context\":\"https:\/\/schema.org\",\"@graph\":[{\"@type\":\"WebPage\",\"@id\":\"https:\/\/exceladvisor.org\/tr\/ressam-formati\/\",\"url\":\"https:\/\/exceladvisor.org\/tr\/ressam-formati\/\",\"name\":\"Excel&#39;de Format Boyac\u0131s\u0131 nas\u0131l kullan\u0131l\u0131r? (Gizli Y\u00f6ntem)\",\"isPartOf\":{\"@id\":\"https:\/\/exceladvisor.org\/tr\/#website\"},\"primaryImageOfPage\":{\"@id\":\"https:\/\/exceladvisor.org\/tr\/ressam-formati\/#primaryimage\"},\"image\":{\"@id\":\"https:\/\/exceladvisor.org\/tr\/ressam-formati\/#primaryimage\"},\"thumbnailUrl\":\"https:\/\/exceladvisor.org\/wp-content\/uploads\/2023\/08\/format-peintre-bouton-onglet-accueil-1.png\",\"datePublished\":\"2023-11-15T01:08:57+00:00\",\"dateModified\":\"2023-12-10T06:01:24+00:00\",\"description\":\"Tekrar tekrar formatlamayla zaman kaybetmek istemezsiniz. Kopyalamak ve uygulamak i\u00e7in Excel&#39;de Format Boyac\u0131s\u0131&#39;n\u0131 nas\u0131l kullanaca\u011f\u0131n\u0131z\u0131 \u00f6\u011frenin\",\"breadcrumb\":{\"@id\":\"https:\/\/exceladvisor.org\/tr\/ressam-formati\/#breadcrumb\"},\"inLanguage\":\"tr\",\"potentialAction\":[{\"@type\":\"ReadAction\",\"target\":[\"https:\/\/exceladvisor.org\/tr\/ressam-formati\/\"]}]},{\"@type\":\"ImageObject\",\"inLanguage\":\"tr\",\"@id\":\"https:\/\/exceladvisor.org\/tr\/ressam-formati\/#primaryimage\",\"url\":\"https:\/\/exceladvisor.org\/wp-content\/uploads\/2023\/08\/format-peintre-bouton-onglet-accueil-1.png\",\"contentUrl\":\"https:\/\/exceladvisor.org\/wp-content\/uploads\/2023\/08\/format-peintre-bouton-onglet-accueil-1.png\"},{\"@type\":\"BreadcrumbList\",\"@id\":\"https:\/\/exceladvisor.org\/tr\/ressam-formati\/#breadcrumb\",\"itemListElement\":[{\"@type\":\"ListItem\",\"position\":1,\"name\":\"Ev\",\"item\":\"https:\/\/exceladvisor.org\/tr\/\"},{\"@type\":\"ListItem\",\"position\":2,\"name\":\"Excel&#39;de format boyac\u0131s\u0131 nas\u0131l kullan\u0131l\u0131r?\"}]},{\"@type\":\"WebSite\",\"@id\":\"https:\/\/exceladvisor.org\/tr\/#website\",\"url\":\"https:\/\/exceladvisor.org\/tr\/\",\"name\":\"Excel Advisor\",\"description\":\"Veri hakimiyetine y\u00f6nelik nihai rehberiniz!\",\"publisher\":{\"@id\":\"https:\/\/exceladvisor.org\/tr\/#organization\"},\"potentialAction\":[{\"@type\":\"SearchAction\",\"target\":{\"@type\":\"EntryPoint\",\"urlTemplate\":\"https:\/\/exceladvisor.org\/tr\/?s={search_term_string}\"},\"query-input\":{\"@type\":\"PropertyValueSpecification\",\"valueRequired\":true,\"valueName\":\"search_term_string\"}}],\"inLanguage\":\"tr\"},{\"@type\":\"Organization\",\"@id\":\"https:\/\/exceladvisor.org\/tr\/#organization\",\"name\":\"Excel Advisor\",\"url\":\"https:\/\/exceladvisor.org\/tr\/\",\"logo\":{\"@type\":\"ImageObject\",\"inLanguage\":\"tr\",\"@id\":\"https:\/\/exceladvisor.org\/tr\/#\/schema\/logo\/image\/\",\"url\":\"https:\/\/exceladvisor.org\/tr\/wp-content\/uploads\/2023\/12\/exceladvisor.org_.png\",\"contentUrl\":\"https:\/\/exceladvisor.org\/tr\/wp-content\/uploads\/2023\/12\/exceladvisor.org_.png\",\"width\":105,\"height\":36,\"caption\":\"Excel Advisor\"},\"image\":{\"@id\":\"https:\/\/exceladvisor.org\/tr\/#\/schema\/logo\/image\/\"}}]}<\/script>\n<!-- \/ Yoast SEO plugin. -->","yoast_head_json":{"title":"Excel&#39;de Format Boyac\u0131s\u0131 nas\u0131l kullan\u0131l\u0131r? (Gizli Y\u00f6ntem)","description":"Tekrar tekrar formatlamayla zaman kaybetmek istemezsiniz. Kopyalamak ve uygulamak i\u00e7in Excel&#39;de Format Boyac\u0131s\u0131&#39;n\u0131 nas\u0131l kullanaca\u011f\u0131n\u0131z\u0131 \u00f6\u011frenin","robots":{"index":"index","follow":"follow","max-snippet":"max-snippet:-1","max-image-preview":"max-image-preview:large","max-video-preview":"max-video-preview:-1"},"canonical":"https:\/\/exceladvisor.org\/tr\/ressam-formati\/","og_locale":"tr_TR","og_type":"article","og_title":"Excel&#39;de Format Boyac\u0131s\u0131 nas\u0131l kullan\u0131l\u0131r? (Gizli Y\u00f6ntem)","og_description":"Tekrar tekrar formatlamayla zaman kaybetmek istemezsiniz. Kopyalamak ve uygulamak i\u00e7in Excel&#39;de Format Boyac\u0131s\u0131&#39;n\u0131 nas\u0131l kullanaca\u011f\u0131n\u0131z\u0131 \u00f6\u011frenin","og_url":"https:\/\/exceladvisor.org\/tr\/ressam-formati\/","og_site_name":"Excel Advisor","article_modified_time":"2023-12-10T06:01:24+00:00","og_image":[{"url":"https:\/\/exceladvisor.org\/wp-content\/uploads\/2023\/08\/format-peintre-bouton-onglet-accueil-1.png","type":"","width":"","height":""}],"twitter_card":"summary_large_image","twitter_misc":{"Tahmini okuma s\u00fcresi":"2 dakika"},"schema":{"@context":"https:\/\/schema.org","@graph":[{"@type":"WebPage","@id":"https:\/\/exceladvisor.org\/tr\/ressam-formati\/","url":"https:\/\/exceladvisor.org\/tr\/ressam-formati\/","name":"Excel&#39;de Format Boyac\u0131s\u0131 nas\u0131l kullan\u0131l\u0131r? (Gizli Y\u00f6ntem)","isPartOf":{"@id":"https:\/\/exceladvisor.org\/tr\/#website"},"primaryImageOfPage":{"@id":"https:\/\/exceladvisor.org\/tr\/ressam-formati\/#primaryimage"},"image":{"@id":"https:\/\/exceladvisor.org\/tr\/ressam-formati\/#primaryimage"},"thumbnailUrl":"https:\/\/exceladvisor.org\/wp-content\/uploads\/2023\/08\/format-peintre-bouton-onglet-accueil-1.png","datePublished":"2023-11-15T01:08:57+00:00","dateModified":"2023-12-10T06:01:24+00:00","description":"Tekrar tekrar formatlamayla zaman kaybetmek istemezsiniz. Kopyalamak ve uygulamak i\u00e7in Excel&#39;de Format Boyac\u0131s\u0131&#39;n\u0131 nas\u0131l kullanaca\u011f\u0131n\u0131z\u0131 \u00f6\u011frenin","breadcrumb":{"@id":"https:\/\/exceladvisor.org\/tr\/ressam-formati\/#breadcrumb"},"inLanguage":"tr","potentialAction":[{"@type":"ReadAction","target":["https:\/\/exceladvisor.org\/tr\/ressam-formati\/"]}]},{"@type":"ImageObject","inLanguage":"tr","@id":"https:\/\/exceladvisor.org\/tr\/ressam-formati\/#primaryimage","url":"https:\/\/exceladvisor.org\/wp-content\/uploads\/2023\/08\/format-peintre-bouton-onglet-accueil-1.png","contentUrl":"https:\/\/exceladvisor.org\/wp-content\/uploads\/2023\/08\/format-peintre-bouton-onglet-accueil-1.png"},{"@type":"BreadcrumbList","@id":"https:\/\/exceladvisor.org\/tr\/ressam-formati\/#breadcrumb","itemListElement":[{"@type":"ListItem","position":1,"name":"Ev","item":"https:\/\/exceladvisor.org\/tr\/"},{"@type":"ListItem","position":2,"name":"Excel&#39;de format boyac\u0131s\u0131 nas\u0131l kullan\u0131l\u0131r?"}]},{"@type":"WebSite","@id":"https:\/\/exceladvisor.org\/tr\/#website","url":"https:\/\/exceladvisor.org\/tr\/","name":"Excel Advisor","description":"Veri hakimiyetine y\u00f6nelik nihai rehberiniz!","publisher":{"@id":"https:\/\/exceladvisor.org\/tr\/#organization"},"potentialAction":[{"@type":"SearchAction","target":{"@type":"EntryPoint","urlTemplate":"https:\/\/exceladvisor.org\/tr\/?s={search_term_string}"},"query-input":{"@type":"PropertyValueSpecification","valueRequired":true,"valueName":"search_term_string"}}],"inLanguage":"tr"},{"@type":"Organization","@id":"https:\/\/exceladvisor.org\/tr\/#organization","name":"Excel Advisor","url":"https:\/\/exceladvisor.org\/tr\/","logo":{"@type":"ImageObject","inLanguage":"tr","@id":"https:\/\/exceladvisor.org\/tr\/#\/schema\/logo\/image\/","url":"https:\/\/exceladvisor.org\/tr\/wp-content\/uploads\/2023\/12\/exceladvisor.org_.png","contentUrl":"https:\/\/exceladvisor.org\/tr\/wp-content\/uploads\/2023\/12\/exceladvisor.org_.png","width":105,"height":36,"caption":"Excel Advisor"},"image":{"@id":"https:\/\/exceladvisor.org\/tr\/#\/schema\/logo\/image\/"}}]}},"yoast_meta":{"yoast_wpseo_title":"","yoast_wpseo_metadesc":"","yoast_wpseo_canonical":""},"_links":{"self":[{"href":"https:\/\/exceladvisor.org\/tr\/wp-json\/wp\/v2\/pages\/1627","targetHints":{"allow":["GET"]}}],"collection":[{"href":"https:\/\/exceladvisor.org\/tr\/wp-json\/wp\/v2\/pages"}],"about":[{"href":"https:\/\/exceladvisor.org\/tr\/wp-json\/wp\/v2\/types\/page"}],"author":[{"embeddable":true,"href":"https:\/\/exceladvisor.org\/tr\/wp-json\/wp\/v2\/users\/1"}],"replies":[{"embeddable":true,"href":"https:\/\/exceladvisor.org\/tr\/wp-json\/wp\/v2\/comments?post=1627"}],"version-history":[{"count":1,"href":"https:\/\/exceladvisor.org\/tr\/wp-json\/wp\/v2\/pages\/1627\/revisions"}],"predecessor-version":[{"id":2514,"href":"https:\/\/exceladvisor.org\/tr\/wp-json\/wp\/v2\/pages\/1627\/revisions\/2514"}],"wp:attachment":[{"href":"https:\/\/exceladvisor.org\/tr\/wp-json\/wp\/v2\/media?parent=1627"}],"curies":[{"name":"wp","href":"https:\/\/api.w.org\/{rel}","templated":true}]}}