{"id":1629,"date":"2023-11-14T19:13:47","date_gmt":"2023-11-14T19:13:47","guid":{"rendered":"https:\/\/exceladvisor.org\/tr\/sayfa-sonunu-kaldir\/"},"modified":"2023-12-10T06:02:24","modified_gmt":"2023-12-10T06:02:24","slug":"sayfa-sonunu-kaldir","status":"publish","type":"page","link":"https:\/\/exceladvisor.org\/tr\/sayfa-sonunu-kaldir\/","title":{"rendered":"Excel&#39;de sayfa sonu nas\u0131l kald\u0131r\u0131l\u0131r?"},"content":{"rendered":"<div class=\"excel-icerikten-once\" id=\"excel-1780691864\"><script type=\"text\/javascript\">\r\n\tatOptions = {\r\n\t\t'key' : 'c1158f160081d6540a8409e6925dab94',\r\n\t\t'format' : 'iframe',\r\n\t\t'height' : 250,\r\n\t\t'width' : 300,\r\n\t\t'params' : {}\r\n\t};\r\n<\/script>\r\n<script type=\"text\/javascript\" src=\"\/\/www.highperformanceformat.com\/c1158f160081d6540a8409e6925dab94\/invoke.js\"><\/script><\/div> <p>Excel&#8217;deki sayfa sonu, elektronik tablo verilerinizi yazd\u0131rmak i\u00e7in ayr\u0131 sayfalara b\u00f6len veya b\u00f6len bir \u00f6zelliktir.<\/p><p> Verilerinizi par\u00e7alay\u0131p tek bir sayfaya ve verilerinizin sonuna kadar her sayfada yazd\u0131raca\u011f\u0131n\u0131z verileri g\u00f6sterir.<\/p><p> Excel sayfa sonu, verileri sayfa kenar bo\u015flu\u011fu, \u00f6l\u00e7ek, sayfa boyutu vb. gibi \u00e7e\u015fitli parametrelere g\u00f6re b\u00f6ler. Sayfa Sonu g\u00f6r\u00fcn\u00fcm\u00fc, verilerin bir sonraki sayfada nereye b\u00f6l\u00fcnd\u00fc\u011f\u00fcn\u00fc g\u00f6rmek i\u00e7in noktal\u0131 \u00e7izgiler g\u00f6r\u00fcnt\u00fcler.<\/p><p> Her kullan\u0131c\u0131, \u00e7al\u0131\u015fma kitab\u0131 verilerini yazd\u0131rmadan \u00f6nce, verilerin her sayfada nas\u0131l yazd\u0131r\u0131ld\u0131\u011f\u0131n\u0131 g\u00f6rmek ister ve bunun i\u00e7in normal Excel g\u00f6r\u00fcn\u00fcm\u00fcn\u00fc sayfa sonu g\u00f6r\u00fcn\u00fcm\u00fcne de\u011fi\u015ftirerek g\u00f6rebilir ve ayr\u0131ca ara se\u00e7im sayfas\u0131n\u0131 kendi tercihlerine g\u00f6re ayarlayabilir. .<\/p><p> A\u015fa\u011f\u0131da, Excel&#8217;de sayfa sonu ekleme ve kald\u0131rma konusunda sizin i\u00e7in baz\u0131 h\u0131zl\u0131 ve kolay ad\u0131mlar\u0131 yakalad\u0131k.<\/p><h2 class=\"wp-block-heading\"> Excel&#8217;de Sayfa Sonu g\u00f6r\u00fcn\u00fcm\u00fcn\u00fc a\u00e7<\/h2><ol><li> \u00d6ncelikle \u201cG\u00f6r\u00fcn\u00fcm\u201d sekmesine gidin ve \u201c\u00c7al\u0131\u015fma Kitab\u0131 G\u00f6r\u00fcn\u00fcmleri\u201d grubunun alt\u0131nda \u201cSayfa Sonu \u00d6nizleme\u201d simgesine t\u0131klay\u0131n. <br><img loading=\"lazy\" decoding=\"async\" title=\"1 sayfa sonu \u00f6nizleme simgesi\" src=\"https:\/\/exceladvisor.org\/wp-content\/uploads\/2023\/08\/1-icone-dapercu-de-saut-de-page.png\" sizes=\"auto, \" srcset=\"\" alt=\"page-break-preview-icon\" width=\"549\" height=\"299\"><\/li><li> \u201cSayfa Sonu \u00d6nizlemesi\u201dne t\u0131klad\u0131\u011f\u0131n\u0131zda, Excel normal g\u00f6r\u00fcn\u00fcm\u00fc sayfa sonu g\u00f6r\u00fcn\u00fcm\u00fcne d\u00f6n\u00fc\u015ft\u00fcr\u00fcr. <br><img loading=\"lazy\" decoding=\"async\" title=\"2 sayfal\u0131k ara \u00f6nizleme\" src=\"https:\/\/exceladvisor.org\/wp-content\/uploads\/2023\/08\/Apercu-de-saut-de-page-de-2-pages.png\" sizes=\"auto, \" srcset=\"\" alt=\"page-break-preview\" width=\"563\" height=\"364\"><\/li><li> Burada, yazd\u0131rd\u0131\u011f\u0131n\u0131zda \u00e7al\u0131\u015fma kitab\u0131 verilerinizin her sayfaya nas\u0131l b\u00f6l\u00fcnd\u00fc\u011f\u00fcn\u00fc g\u00f6rebilirsiniz.<\/li><\/ol><h2 class=\"wp-block-heading\"> Excel&#8217;de sayfa sonlar\u0131n\u0131 ayarlama<\/h2><ol><li> Noktal\u0131 dikey sayfa sonu \u00e7izgisine t\u0131klay\u0131n, fare d\u00fc\u011fmesini bas\u0131l\u0131 tutun ve her sayfada yazd\u0131rmak \u00fczere veri ba\u015fl\u0131klar\u0131n\u0131 b\u00f6lmek istedi\u011finiz s\u00fctuna do\u011fru sola veya sa\u011fa s\u00fcr\u00fckleyin.<\/li><li> Noktal\u0131 yatay sayfa sonu \u00e7izgilerine t\u0131klay\u0131n ve fare d\u00fc\u011fmesini bas\u0131l\u0131 tutun ve verilerin her sayfada yazd\u0131r\u0131lmas\u0131n\u0131 istedi\u011finiz \u00fcst veya alt konuma s\u00fcr\u00fckleyin. <br><img loading=\"lazy\" decoding=\"async\" title=\"3 noktal\u0131 sayfa sonu \u00e7izgileri\" src=\"https:\/\/exceladvisor.org\/wp-content\/uploads\/2023\/08\/3-lignes-de-saut-de-page-en-pointilles.png\" sizes=\"auto, \" srcset=\"\" alt=\"dotted-page-break-lines\" width=\"485\" height=\"434\"><\/li><li> Verilerinizin t\u00fcm ba\u015fl\u0131k s\u00fctunlar\u0131n\u0131n her sayfada yazd\u0131r\u0131lmas\u0131n\u0131 istiyorsan\u0131z ba\u015fl\u0131k s\u00fctunlar\u0131n\u0131n sonundaki dikey noktal\u0131 \u00e7izgiyi s\u00fcr\u00fcklemeniz yeterlidir. <br><img loading=\"lazy\" decoding=\"async\" title=\"4 dikey noktal\u0131 \u00e7izgi\" src=\"https:\/\/exceladvisor.org\/wp-content\/uploads\/2023\/08\/4-lignes-pointillees-verticales.png\" sizes=\"auto, \" srcset=\"\" alt=\"vertical-dotted-lines\" width=\"511\" height=\"405\"><\/li><\/ol><p> Yukar\u0131daki g\u00f6rselde, her sayfada t\u00fcm ba\u015fl\u0131k s\u00fctunlar\u0131n\u0131 (AJ) yazd\u0131rmak i\u00e7in ba\u015fl\u0131k s\u00fctunlar\u0131n\u0131n sonundaki dikey kesikli \u00e7izgiyi s\u00fcr\u00fckledik.<\/p><h2 class=\"wp-block-heading\"> Elle eklenen sayfa sonunu ekleme veya kald\u0131rma<\/h2><p> A\u015fa\u011f\u0131daki ad\u0131mlar\u0131 izleyerek sayfa sonlar\u0131 g\u00f6r\u00fcn\u00fcm\u00fcne manuel sayfa sonlar\u0131 da ekleyebilir veya kald\u0131rabilirsiniz.<\/p><ol><li> \u00d6ncelikle sayfa sonu moduna ge\u00e7in ve sayfa sonunu eklemek istedi\u011finiz sol ve \u00fcst h\u00fccreye t\u0131klay\u0131n. <br><img loading=\"lazy\" decoding=\"async\" title=\"5 manuel olarak eklenen sayfa sonu\" src=\"https:\/\/exceladvisor.org\/wp-content\/uploads\/2023\/08\/5-sauts-de-page-inseres-manuellement.png\" sizes=\"auto, \" srcset=\"\" alt=\"manual-inserted-page-break\" width=\"500\" height=\"469\"><\/li><li> Bundan sonra \u201cSayfa D\u00fczeni\u201d sekmesine gidin, ard\u0131ndan \u201cD\u00fczen\u201d grubunun alt\u0131ndaki \u201cSonlar\u201d simgesine t\u0131klay\u0131n ve ard\u0131ndan \u201cSayfa Sonu Ekle\u201d se\u00e7ene\u011fine t\u0131klay\u0131n. <br><img loading=\"lazy\" decoding=\"async\" title=\"6 sayfa sonu ekleme se\u00e7ene\u011fi\" src=\"https:\/\/exceladvisor.org\/wp-content\/uploads\/2023\/08\/6-option-dinsertion-de-saut-de-page.png\" sizes=\"auto, \" srcset=\"\" alt=\"insert-page-break-option\" width=\"500\" height=\"471\"><\/li><li> \u201cSayfa Sonu Ekle\u201dye t\u0131klad\u0131\u011f\u0131n\u0131zda Excel b\u00f6l\u00fcn\u00fcr ve se\u00e7ilen h\u00fccrenin solunda ve \u00fcst\u00fcnde manuel sayfa sonu olu\u015fturur. <br><img loading=\"lazy\" decoding=\"async\" title=\"7-ders kitab\u0131n\u0131-sayfa sonu-olu\u015fturun\" src=\"https:\/\/exceladvisor.org\/wp-content\/uploads\/2023\/08\/7-cree-le-saut-de-page-manuel.png\" sizes=\"auto, \" srcset=\"\" alt=\"creates-the-manual-page-break\" width=\"500\" height=\"470\"><\/li><li> \u015eimdi manuel olarak eklenen sayfa sonunu kald\u0131rmak i\u00e7in, manuel olarak eklenen sayfa sonunu kald\u0131rmak istedi\u011finiz h\u00fccrenin soluna ve \u00fcst\u00fcne t\u0131klay\u0131p \u201cSayfa Sonunu Kald\u0131r\u201d se\u00e7ene\u011fine t\u0131klaman\u0131z gerekiyor. <br><img loading=\"lazy\" decoding=\"async\" title=\"8-sayfa sonunu sil\" src=\"https:\/\/exceladvisor.org\/wp-content\/uploads\/2023\/08\/8-supprimer-le-saut-de-page.png\" sizes=\"auto, \" srcset=\"\" alt=\"remove-page-break\" width=\"500\" height=\"472\"><\/li><li> Bu noktada manuel olarak eklenen sayfa sonu kald\u0131r\u0131lm\u0131\u015ft\u0131r. <br><img loading=\"lazy\" decoding=\"async\" title=\"9-silme-manuel-sayfa sonu ekleme\" src=\"https:\/\/exceladvisor.org\/wp-content\/uploads\/2023\/08\/9-supprimer-le-saut-de-page-insere-manuellement.png\" sizes=\"auto, \" srcset=\"\" alt=\"remove-manual-inserted-page-break\" width=\"510\" height=\"292\"><\/li><\/ol><p> Birden fazla manuel sayfa sonu eklediyseniz, \u201cT\u00fcm Sayfa Sonlar\u0131n\u0131 S\u0131f\u0131rla\u201d se\u00e7eneklerine t\u0131klayarak tek seferde kald\u0131rabilirsiniz veya a\u015fa\u011f\u0131da a\u00e7\u0131klanan ad\u0131mlar\u0131 tekrar tekrar tekrarlayarak tek seferde kald\u0131rabilirsiniz. \u00fcst\u00fcnde. <\/p><div class=\"wp-block-image\"><figure class=\"aligncenter size-full is-resized\"><img loading=\"lazy\" decoding=\"async\" class=\"wp-image-64126\" src=\"https:\/\/exceladvisor.org\/wp-content\/uploads\/2023\/08\/10-reinitialiser-tous-les-sauts-de-page.png\" sizes=\"auto, \" srcset=\"\" alt=\"t\u00fcm sayfa sonlar\u0131n\u0131 s\u0131f\u0131rla\" width=\"586\" height=\"350\"><\/figure><\/div><h2 class=\"wp-block-heading\"> Noktal\u0131 sayfa sonu \u00e7izgilerini normal g\u00f6r\u00fcn\u00fcmden kald\u0131r\u0131n<\/h2><p> Sayfa sonu g\u00f6r\u00fcn\u00fcm\u00fcnden normal g\u00f6r\u00fcn\u00fcme d\u00f6nd\u00fc\u011f\u00fcn\u00fczde Excel sayfa sonu g\u00f6r\u00fcn\u00fcm\u00fc otomatik olarak etkinle\u015ftirilir.<\/p><p> Ve kesikli, kal\u0131n gri sayfa sonu \u00e7izgisi verilerinize yans\u0131maya ba\u015flar. Bu \u00e7izgileri normal g\u00f6r\u00fcn\u00fcmden kald\u0131rmak i\u00e7in a\u015fa\u011f\u0131da verilen baz\u0131 ad\u0131mlar\u0131 izlemeniz gerekir.<\/p><ol><li> \u00d6ncelikle \u201cDosya\u201d sekmesine t\u0131klay\u0131n ve ard\u0131ndan i\u00e7erik men\u00fcs\u00fcnde \u201cse\u00e7enekler\u201de t\u0131klay\u0131n. <br><img loading=\"lazy\" decoding=\"async\" title=\"sekme 11 dosyalar\u0131\" src=\"https:\/\/exceladvisor.org\/wp-content\/uploads\/2023\/08\/11-onglet-fichier.png\" sizes=\"auto, \" srcset=\"\" alt=\"file-tab\" width=\"424\" height=\"119\"><br><img loading=\"lazy\" decoding=\"async\" style=\"display: block; margin-left: auto; margin-right: auto;\" title=\"12 t\u0131klama se\u00e7ene\u011fi\" src=\"https:\/\/exceladvisor.org\/wp-content\/uploads\/2023\/08\/12-cliquez-sur-les-options.png\" sizes=\"auto, \" srcset=\"\" alt=\"click-on-options\" width=\"132\" height=\"473\"><\/li><li> Bundan sonra, &#8220;Geli\u015fmi\u015f&#8221;i t\u0131klay\u0131n ve kayd\u0131rma \u00e7ubu\u011funda &#8220;Bu \u00e7al\u0131\u015fma sayfas\u0131n\u0131n se\u00e7eneklerini g\u00f6r\u00fcnt\u00fcle&#8221; se\u00e7ene\u011fine ilerleyin.<\/li><li> \u015eimdi \u201cSayfa sonlar\u0131n\u0131 g\u00f6ster\u201d kutusunun i\u015faretini kald\u0131r\u0131n ve \u201cTamam\u201d\u0131 t\u0131klay\u0131n. <br><img loading=\"lazy\" decoding=\"async\" title=\"13-g\u00f6ster sayfa sonlar\u0131n\u0131n i\u015faretini kald\u0131r\u0131n\" src=\"https:\/\/exceladvisor.org\/wp-content\/uploads\/2023\/08\/13-decochez-Afficher-les-sauts-de-page.png\" sizes=\"auto, \" srcset=\"\" alt=\"uncheck-show-page-breaks\" width=\"636\" height=\"431\"><\/li><\/ol><div class=\"gb-container gb-container-4db6181c gb-container-mt\"> <a class=\"gb-button gb-button-c5897111 gb-button-text gb-button-mt-button\" href=\"https:\/\/exceladvisor.org\/tr\/excelin-temelleri\/\">Microsoft Excel Temelleri (Bile\u015fenler, Par\u00e7alar ve Bilgi Notlar\u0131)<\/a><h2 class=\"gb-headline gb-headline-665e5f6b gb-headline-text gb-headline-mt-heading\"> \u0130lgili e\u011fitimler <\/h2><div class=\"gb-grid-wrapper gb-grid-wrapper-a20baf7c gb-grid-wrapper-mt-grid\"><div class=\"gb-grid-column gb-grid-column-65ddf67e\"><div class=\"gb-container gb-container-65ddf67e\"><ul><li> <a href=\"https:\/\/exceladvisor.org\/tr\/yazdirma-alanini-ayarla\/\">Excel&#8217;de Yazd\u0131rma Alan\u0131n\u0131 Ayarlama<\/a><\/li><li> <a href=\"https:\/\/exceladvisor.org\/tr\/sayfa-yonunu-degistir\/\">Excel&#8217;de sayfa y\u00f6n\u00fcn\u00fc de\u011fi\u015ftirme<\/a><\/li><li> <a href=\"https:\/\/exceladvisor.org\/tr\/sayfa-kenar-boslugu\/\">Excel&#8217;de Sayfa Kenar Bo\u015flu\u011fu (De\u011fi\u015ftir ve Ayarla)<\/a><\/li><li> <a href=\"https:\/\/exceladvisor.org\/tr\/yazdirmadan-once-onizleme\/\">Excel&#8217;de yazd\u0131rma \u00f6nizlemesi<\/a><\/li><li> <a href=\"https:\/\/exceladvisor.org\/tr\/secime-odaklan\/\">Excel&#8217;de se\u00e7ime odaklan\u0131n<\/a> <\/li><\/ul><\/div><\/div><div class=\"gb-grid-column gb-grid-column-50067b57\"><div class=\"gb-container gb-container-50067b57\"><\/div><\/div><\/div><\/div>","protected":false},"excerpt":{"rendered":"","protected":false},"author":1,"featured_media":0,"parent":0,"menu_order":0,"comment_status":"open","ping_status":"closed","template":"","meta":{"ub_ctt_via":"","footnotes":""},"class_list":["post-1629","page","type-page","status-publish","hentry"],"featured_image_src":null,"yoast_head":"<!-- This site is optimized with the Yoast SEO plugin v25.4 - https:\/\/yoast.com\/wordpress\/plugins\/seo\/ -->\n<title>\u25b7 Excel&#039;de sayfa sonu nas\u0131l kald\u0131r\u0131l\u0131r?<\/title>\n<meta name=\"description\" content=\"Bu e\u011fitimde, birka\u00e7 h\u0131zl\u0131 ve kolay ad\u0131m\u0131 izleyerek Excel&#039;de sayfa sonu eklemeyi ve kald\u0131rmay\u0131 \u00f6\u011freneceksiniz.\" \/>\n<meta name=\"robots\" content=\"index, follow, max-snippet:-1, max-image-preview:large, max-video-preview:-1\" \/>\n<link rel=\"canonical\" href=\"https:\/\/exceladvisor.org\/tr\/sayfa-sonunu-kaldir\/\" \/>\n<meta property=\"og:locale\" content=\"tr_TR\" \/>\n<meta property=\"og:type\" content=\"article\" \/>\n<meta property=\"og:title\" content=\"\u25b7 Excel&#039;de sayfa sonu nas\u0131l kald\u0131r\u0131l\u0131r?\" \/>\n<meta property=\"og:description\" content=\"Bu e\u011fitimde, birka\u00e7 h\u0131zl\u0131 ve kolay ad\u0131m\u0131 izleyerek Excel&#039;de sayfa sonu eklemeyi ve kald\u0131rmay\u0131 \u00f6\u011freneceksiniz.\" \/>\n<meta property=\"og:url\" content=\"https:\/\/exceladvisor.org\/tr\/sayfa-sonunu-kaldir\/\" \/>\n<meta property=\"og:site_name\" content=\"Excel Advisor\" \/>\n<meta property=\"article:modified_time\" content=\"2023-12-10T06:02:24+00:00\" \/>\n<meta property=\"og:image\" content=\"https:\/\/exceladvisor.org\/wp-content\/uploads\/2023\/08\/1-icone-dapercu-de-saut-de-page.png\" \/>\n<meta name=\"twitter:card\" content=\"summary_large_image\" \/>\n<meta name=\"twitter:label1\" content=\"Tahmini okuma s\u00fcresi\" \/>\n\t<meta name=\"twitter:data1\" content=\"4 dakika\" \/>\n<script type=\"application\/ld+json\" class=\"yoast-schema-graph\">{\"@context\":\"https:\/\/schema.org\",\"@graph\":[{\"@type\":\"WebPage\",\"@id\":\"https:\/\/exceladvisor.org\/tr\/sayfa-sonunu-kaldir\/\",\"url\":\"https:\/\/exceladvisor.org\/tr\/sayfa-sonunu-kaldir\/\",\"name\":\"\u25b7 Excel&#39;de sayfa sonu nas\u0131l kald\u0131r\u0131l\u0131r?\",\"isPartOf\":{\"@id\":\"https:\/\/exceladvisor.org\/tr\/#website\"},\"primaryImageOfPage\":{\"@id\":\"https:\/\/exceladvisor.org\/tr\/sayfa-sonunu-kaldir\/#primaryimage\"},\"image\":{\"@id\":\"https:\/\/exceladvisor.org\/tr\/sayfa-sonunu-kaldir\/#primaryimage\"},\"thumbnailUrl\":\"https:\/\/exceladvisor.org\/wp-content\/uploads\/2023\/08\/1-icone-dapercu-de-saut-de-page.png\",\"datePublished\":\"2023-11-14T19:13:47+00:00\",\"dateModified\":\"2023-12-10T06:02:24+00:00\",\"description\":\"Bu e\u011fitimde, birka\u00e7 h\u0131zl\u0131 ve kolay ad\u0131m\u0131 izleyerek Excel&#39;de sayfa sonu eklemeyi ve kald\u0131rmay\u0131 \u00f6\u011freneceksiniz.\",\"breadcrumb\":{\"@id\":\"https:\/\/exceladvisor.org\/tr\/sayfa-sonunu-kaldir\/#breadcrumb\"},\"inLanguage\":\"tr\",\"potentialAction\":[{\"@type\":\"ReadAction\",\"target\":[\"https:\/\/exceladvisor.org\/tr\/sayfa-sonunu-kaldir\/\"]}]},{\"@type\":\"ImageObject\",\"inLanguage\":\"tr\",\"@id\":\"https:\/\/exceladvisor.org\/tr\/sayfa-sonunu-kaldir\/#primaryimage\",\"url\":\"https:\/\/exceladvisor.org\/wp-content\/uploads\/2023\/08\/1-icone-dapercu-de-saut-de-page.png\",\"contentUrl\":\"https:\/\/exceladvisor.org\/wp-content\/uploads\/2023\/08\/1-icone-dapercu-de-saut-de-page.png\"},{\"@type\":\"BreadcrumbList\",\"@id\":\"https:\/\/exceladvisor.org\/tr\/sayfa-sonunu-kaldir\/#breadcrumb\",\"itemListElement\":[{\"@type\":\"ListItem\",\"position\":1,\"name\":\"Ev\",\"item\":\"https:\/\/exceladvisor.org\/tr\/\"},{\"@type\":\"ListItem\",\"position\":2,\"name\":\"Excel&#39;de sayfa sonu nas\u0131l kald\u0131r\u0131l\u0131r?\"}]},{\"@type\":\"WebSite\",\"@id\":\"https:\/\/exceladvisor.org\/tr\/#website\",\"url\":\"https:\/\/exceladvisor.org\/tr\/\",\"name\":\"Excel Advisor\",\"description\":\"Veri hakimiyetine y\u00f6nelik nihai rehberiniz!\",\"publisher\":{\"@id\":\"https:\/\/exceladvisor.org\/tr\/#organization\"},\"potentialAction\":[{\"@type\":\"SearchAction\",\"target\":{\"@type\":\"EntryPoint\",\"urlTemplate\":\"https:\/\/exceladvisor.org\/tr\/?s={search_term_string}\"},\"query-input\":{\"@type\":\"PropertyValueSpecification\",\"valueRequired\":true,\"valueName\":\"search_term_string\"}}],\"inLanguage\":\"tr\"},{\"@type\":\"Organization\",\"@id\":\"https:\/\/exceladvisor.org\/tr\/#organization\",\"name\":\"Excel Advisor\",\"url\":\"https:\/\/exceladvisor.org\/tr\/\",\"logo\":{\"@type\":\"ImageObject\",\"inLanguage\":\"tr\",\"@id\":\"https:\/\/exceladvisor.org\/tr\/#\/schema\/logo\/image\/\",\"url\":\"https:\/\/exceladvisor.org\/tr\/wp-content\/uploads\/2023\/12\/exceladvisor.org_.png\",\"contentUrl\":\"https:\/\/exceladvisor.org\/tr\/wp-content\/uploads\/2023\/12\/exceladvisor.org_.png\",\"width\":105,\"height\":36,\"caption\":\"Excel Advisor\"},\"image\":{\"@id\":\"https:\/\/exceladvisor.org\/tr\/#\/schema\/logo\/image\/\"}}]}<\/script>\n<!-- \/ Yoast SEO plugin. -->","yoast_head_json":{"title":"\u25b7 Excel&#39;de sayfa sonu nas\u0131l kald\u0131r\u0131l\u0131r?","description":"Bu e\u011fitimde, birka\u00e7 h\u0131zl\u0131 ve kolay ad\u0131m\u0131 izleyerek Excel&#39;de sayfa sonu eklemeyi ve kald\u0131rmay\u0131 \u00f6\u011freneceksiniz.","robots":{"index":"index","follow":"follow","max-snippet":"max-snippet:-1","max-image-preview":"max-image-preview:large","max-video-preview":"max-video-preview:-1"},"canonical":"https:\/\/exceladvisor.org\/tr\/sayfa-sonunu-kaldir\/","og_locale":"tr_TR","og_type":"article","og_title":"\u25b7 Excel&#39;de sayfa sonu nas\u0131l kald\u0131r\u0131l\u0131r?","og_description":"Bu e\u011fitimde, birka\u00e7 h\u0131zl\u0131 ve kolay ad\u0131m\u0131 izleyerek Excel&#39;de sayfa sonu eklemeyi ve kald\u0131rmay\u0131 \u00f6\u011freneceksiniz.","og_url":"https:\/\/exceladvisor.org\/tr\/sayfa-sonunu-kaldir\/","og_site_name":"Excel Advisor","article_modified_time":"2023-12-10T06:02:24+00:00","og_image":[{"url":"https:\/\/exceladvisor.org\/wp-content\/uploads\/2023\/08\/1-icone-dapercu-de-saut-de-page.png","type":"","width":"","height":""}],"twitter_card":"summary_large_image","twitter_misc":{"Tahmini okuma s\u00fcresi":"4 dakika"},"schema":{"@context":"https:\/\/schema.org","@graph":[{"@type":"WebPage","@id":"https:\/\/exceladvisor.org\/tr\/sayfa-sonunu-kaldir\/","url":"https:\/\/exceladvisor.org\/tr\/sayfa-sonunu-kaldir\/","name":"\u25b7 Excel&#39;de sayfa sonu nas\u0131l kald\u0131r\u0131l\u0131r?","isPartOf":{"@id":"https:\/\/exceladvisor.org\/tr\/#website"},"primaryImageOfPage":{"@id":"https:\/\/exceladvisor.org\/tr\/sayfa-sonunu-kaldir\/#primaryimage"},"image":{"@id":"https:\/\/exceladvisor.org\/tr\/sayfa-sonunu-kaldir\/#primaryimage"},"thumbnailUrl":"https:\/\/exceladvisor.org\/wp-content\/uploads\/2023\/08\/1-icone-dapercu-de-saut-de-page.png","datePublished":"2023-11-14T19:13:47+00:00","dateModified":"2023-12-10T06:02:24+00:00","description":"Bu e\u011fitimde, birka\u00e7 h\u0131zl\u0131 ve kolay ad\u0131m\u0131 izleyerek Excel&#39;de sayfa sonu eklemeyi ve kald\u0131rmay\u0131 \u00f6\u011freneceksiniz.","breadcrumb":{"@id":"https:\/\/exceladvisor.org\/tr\/sayfa-sonunu-kaldir\/#breadcrumb"},"inLanguage":"tr","potentialAction":[{"@type":"ReadAction","target":["https:\/\/exceladvisor.org\/tr\/sayfa-sonunu-kaldir\/"]}]},{"@type":"ImageObject","inLanguage":"tr","@id":"https:\/\/exceladvisor.org\/tr\/sayfa-sonunu-kaldir\/#primaryimage","url":"https:\/\/exceladvisor.org\/wp-content\/uploads\/2023\/08\/1-icone-dapercu-de-saut-de-page.png","contentUrl":"https:\/\/exceladvisor.org\/wp-content\/uploads\/2023\/08\/1-icone-dapercu-de-saut-de-page.png"},{"@type":"BreadcrumbList","@id":"https:\/\/exceladvisor.org\/tr\/sayfa-sonunu-kaldir\/#breadcrumb","itemListElement":[{"@type":"ListItem","position":1,"name":"Ev","item":"https:\/\/exceladvisor.org\/tr\/"},{"@type":"ListItem","position":2,"name":"Excel&#39;de sayfa sonu nas\u0131l kald\u0131r\u0131l\u0131r?"}]},{"@type":"WebSite","@id":"https:\/\/exceladvisor.org\/tr\/#website","url":"https:\/\/exceladvisor.org\/tr\/","name":"Excel Advisor","description":"Veri hakimiyetine y\u00f6nelik nihai rehberiniz!","publisher":{"@id":"https:\/\/exceladvisor.org\/tr\/#organization"},"potentialAction":[{"@type":"SearchAction","target":{"@type":"EntryPoint","urlTemplate":"https:\/\/exceladvisor.org\/tr\/?s={search_term_string}"},"query-input":{"@type":"PropertyValueSpecification","valueRequired":true,"valueName":"search_term_string"}}],"inLanguage":"tr"},{"@type":"Organization","@id":"https:\/\/exceladvisor.org\/tr\/#organization","name":"Excel Advisor","url":"https:\/\/exceladvisor.org\/tr\/","logo":{"@type":"ImageObject","inLanguage":"tr","@id":"https:\/\/exceladvisor.org\/tr\/#\/schema\/logo\/image\/","url":"https:\/\/exceladvisor.org\/tr\/wp-content\/uploads\/2023\/12\/exceladvisor.org_.png","contentUrl":"https:\/\/exceladvisor.org\/tr\/wp-content\/uploads\/2023\/12\/exceladvisor.org_.png","width":105,"height":36,"caption":"Excel Advisor"},"image":{"@id":"https:\/\/exceladvisor.org\/tr\/#\/schema\/logo\/image\/"}}]}},"yoast_meta":{"yoast_wpseo_title":"","yoast_wpseo_metadesc":"","yoast_wpseo_canonical":""},"_links":{"self":[{"href":"https:\/\/exceladvisor.org\/tr\/wp-json\/wp\/v2\/pages\/1629","targetHints":{"allow":["GET"]}}],"collection":[{"href":"https:\/\/exceladvisor.org\/tr\/wp-json\/wp\/v2\/pages"}],"about":[{"href":"https:\/\/exceladvisor.org\/tr\/wp-json\/wp\/v2\/types\/page"}],"author":[{"embeddable":true,"href":"https:\/\/exceladvisor.org\/tr\/wp-json\/wp\/v2\/users\/1"}],"replies":[{"embeddable":true,"href":"https:\/\/exceladvisor.org\/tr\/wp-json\/wp\/v2\/comments?post=1629"}],"version-history":[{"count":1,"href":"https:\/\/exceladvisor.org\/tr\/wp-json\/wp\/v2\/pages\/1629\/revisions"}],"predecessor-version":[{"id":2595,"href":"https:\/\/exceladvisor.org\/tr\/wp-json\/wp\/v2\/pages\/1629\/revisions\/2595"}],"wp:attachment":[{"href":"https:\/\/exceladvisor.org\/tr\/wp-json\/wp\/v2\/media?parent=1629"}],"curies":[{"name":"wp","href":"https:\/\/api.w.org\/{rel}","templated":true}]}}