{"id":1630,"date":"2023-11-14T18:15:32","date_gmt":"2023-11-14T18:15:32","guid":{"rendered":"https:\/\/exceladvisor.org\/tr\/bir-cizgi-ciz\/"},"modified":"2023-12-10T06:01:02","modified_gmt":"2023-12-10T06:01:02","slug":"bir-cizgi-ciz","status":"publish","type":"page","link":"https:\/\/exceladvisor.org\/tr\/bir-cizgi-ciz\/","title":{"rendered":"Excel&#39;de \u00e7izgi nas\u0131l \u00e7izilir?"},"content":{"rendered":"<div class=\"excel-icerikten-once\" id=\"excel-1401787003\"><script type=\"text\/javascript\">\r\n\tatOptions = {\r\n\t\t'key' : 'c1158f160081d6540a8409e6925dab94',\r\n\t\t'format' : 'iframe',\r\n\t\t'height' : 250,\r\n\t\t'width' : 300,\r\n\t\t'params' : {}\r\n\t};\r\n<\/script>\r\n<script type=\"text\/javascript\" src=\"\/\/www.highperformanceformat.com\/c1158f160081d6540a8409e6925dab94\/invoke.js\"><\/script><\/div> <p>Word veya PowerPoint gibi di\u011fer Microsoft Office uygulamalar\u0131 gibi Excel&#8217;in de elektronik tabloya \u00e7izgi \u00e7izme ve ekleme \u00f6zelli\u011fi vard\u0131r. Kullan\u0131c\u0131lar, h\u00fccreleri, grafikleri, noktalar\u0131 ve \u015fekilleri birbirine ba\u011flamak i\u00e7in sayfalara dikey, yatay ve \u00e7apraz \u00e7izgiler \u00e7izebilir.<\/p><p> Excel \u00e7e\u015fitli \u00e7izgi t\u00fcrleri sunar ve ihtiya\u00e7lara ba\u011fl\u0131 olarak kullan\u0131c\u0131lar farkl\u0131 \u00e7izgi t\u00fcrlerini se\u00e7ip \u00e7izebilir ve bunlar\u0131 \u00f6zelle\u015ftirebilir. Excel&#8217;de \u00e7izgi \u00e7izmek ve bi\u00e7imlendirmek i\u00e7in baz\u0131 h\u0131zl\u0131 ve kolay ad\u0131mlardan bahsetmi\u015ftik.<\/p><h2 class=\"wp-block-heading\"> \u015eekilleri kullanarak bir \u00e7izgi \u00e7izme<\/h2><ol><li> \u00d6ncelikle \u201cEkle\u201d sekmesine gidin, ard\u0131ndan \u201c\u015eekiller\u201d simgesine t\u0131klay\u0131n ve \u00e7izmek istedi\u011finiz \u00e7izgi t\u00fcr\u00fcn\u00fc se\u00e7in. <br><img loading=\"lazy\" decoding=\"async\" title=\"1-ekleme formlar\u0131\" src=\"https:\/\/exceladvisor.org\/wp-content\/uploads\/2023\/08\/1-insert-formes.png\" sizes=\"auto, \" srcset=\"\" alt=\"insert-shapes\" width=\"417\" height=\"379\"><\/li><li> Sat\u0131r\u0131 se\u00e7ti\u011finizde fare i\u015faret\u00e7iniz art\u0131 i\u015faretine (+) d\u00f6n\u00fc\u015f\u00fcr.<\/li><li> Bundan sonra, fareyi kullanarak se\u00e7ilen \u00e7izgiyi \u00e7izmek i\u00e7in herhangi bir h\u00fccreye gidin.<\/li><li> \u015eimdi farenin sol d\u00fc\u011fmesini bas\u0131l\u0131 tutun ve fareyi belirli bir uzunlu\u011fa veya bu \u00e7izgiyi \u00e7izmek istedi\u011finiz h\u00fccreye s\u00fcr\u00fckleyin. <br><img loading=\"lazy\" decoding=\"async\" title=\"2-bir \u00e7izgi \u00e7izin\" src=\"https:\/\/exceladvisor.org\/wp-content\/uploads\/2023\/08\/2-tracer-une-ligne.png\" sizes=\"auto, \" srcset=\"\" alt=\"draw-a-line\" width=\"473\" height=\"127\"><\/li><\/ol><p> Kullan\u0131c\u0131lar sat\u0131r\u0131 t\u0131klay\u0131p sat\u0131r\u0131 kopyalay\u0131p yap\u0131\u015ft\u0131rabilir veya sat\u0131r\u0131 \u00e7al\u0131\u015fma sayfas\u0131nda ba\u015fka bir konuma s\u00fcr\u00fckleyebilir.<\/p><h2 class=\"wp-block-heading\"> \u00c7izgiyi m\u00fckemmel bir d\u00fcz \u00e7izgi haline getirin<\/h2><p> Kullan\u0131c\u0131lar fareyi s\u00fcr\u00fckleyerek d\u00fcz bir \u00e7izgi \u00e7izdi\u011finde m\u00fckemmel d\u00fcz \u00e7izgiyi elde edemeyebilirler. \u00c7izgiyi m\u00fckemmel bir d\u00fcz \u00e7izgi haline getirmek i\u00e7in kullan\u0131c\u0131lar a\u015fa\u011f\u0131daki ad\u0131mlar\u0131 izleyebilir.<\/p><ol><li> \u0130lk \u00f6nce \u00e7izgiye t\u0131klad\u0131\u011f\u0131n\u0131zda \u201cFormat\u201d sekmesini g\u00f6receksiniz.<\/li><li> \u015eimdi \u201cFormat\u201d sekmesine t\u0131klay\u0131n ve \u015feklin y\u00fcksekli\u011finin s\u0131f\u0131r (0) cm oldu\u011fundan emin olun, b\u00f6ylece tamamen d\u00fcz bir \u00e7izgi haline gelir.<\/li><li> Ayr\u0131ca yukar\u0131 ve a\u015fa\u011f\u0131 oklar\u0131 kullanarak \u015feklin y\u00fcksekli\u011fini art\u0131rarak \u00e7izginin y\u00fcksekli\u011fini \u00e7apraz hale getirerek art\u0131rabilir veya azaltabilirsiniz. <\/li><\/ol><div class=\"wp-block-image\"><figure class=\"aligncenter size-full is-resized\"><img loading=\"lazy\" decoding=\"async\" class=\"wp-image-64765\" src=\"https:\/\/exceladvisor.org\/wp-content\/uploads\/2023\/08\/3-droite-parfaite.png\" sizes=\"auto, \" srcset=\"\" alt=\"m\u00fckemmel d\u00fcz\" width=\"789\" height=\"174\"><\/figure><\/div><h2 class=\"wp-block-heading\"> Sat\u0131r\u0131 bi\u00e7imlendirin veya \u00f6zelle\u015ftirin<\/h2><p> Excel, \u00e7izgilerin \u015feklini, boyutunu, rengini ve tasar\u0131m\u0131n\u0131 bi\u00e7imlendirme ve \u00f6zelle\u015ftirme olana\u011f\u0131na sahiptir.<\/p><ol><li> \u0130lk \u00f6nce \u00e7izgiye t\u0131klay\u0131n ve ard\u0131ndan \u201cFormat\u201d sekmesine t\u0131klay\u0131n.<\/li><li> Bundan sonra \u201c\u015eekil Stili\u201d grubundaki a\u00e7\u0131l\u0131r ok d\u00fc\u011fmesini t\u0131klay\u0131n. <br><img loading=\"lazy\" decoding=\"async\" title=\"4-\u00e7izgi format\u0131\" src=\"https:\/\/exceladvisor.org\/wp-content\/uploads\/2023\/08\/4-formater-la-ligne.png\" sizes=\"auto, \" srcset=\"\" alt=\"format-the-line\" width=\"498\" height=\"259\"><\/li><li> \u015eimdi \u201c\u015eekil Stili\u201d a\u00e7\u0131l\u0131r men\u00fcs\u00fcnden \u00e7izgi stilinizi se\u00e7in. <br><img loading=\"lazy\" decoding=\"async\" title=\"5 \u015fekil a\u00e7\u0131l\u0131r listesi\" src=\"https:\/\/exceladvisor.org\/wp-content\/uploads\/2023\/08\/Liste-deroulante-de-5-styles-de-forme.png\" sizes=\"auto, \" srcset=\"\" alt=\"shape-style-dropdown\" width=\"457\" height=\"379\"><\/li><li> Gerekli stile t\u0131klad\u0131\u011f\u0131n\u0131zda \u00e7izgi o stile d\u00f6n\u00fc\u015ft\u00fcr\u00fcl\u00fcr. <br><img loading=\"lazy\" decoding=\"async\" title=\"6-\u00f6zel hat\" src=\"https:\/\/exceladvisor.org\/wp-content\/uploads\/2023\/08\/6-personnalise-la-ligne.png\" sizes=\"auto, \" srcset=\"\" alt=\"customizes-line\" width=\"441\" height=\"230\"><\/li><li> \u00c7izginin rengini de\u011fi\u015ftirmek i\u00e7in &#8220;\u015eekil Anahatt\u0131&#8221; a\u00e7\u0131l\u0131r okuna t\u0131klay\u0131n ve istedi\u011finiz rengi se\u00e7in. <br><img loading=\"lazy\" decoding=\"async\" title=\"7-\u00e7izgi rengini de\u011fi\u015ftir\" src=\"https:\/\/exceladvisor.org\/wp-content\/uploads\/2023\/08\/7-changer-la-couleur-de-la-ligne.png\" sizes=\"auto, \" srcset=\"\" alt=\"change-line-color\" width=\"455\" height=\"280\"><\/li><li> \u00c7izgi geni\u015fli\u011fini art\u0131rmak veya azaltmak i\u00e7in a\u00e7\u0131l\u0131r men\u00fcden &#8220;A\u011f\u0131rl\u0131k&#8221; se\u00e7ene\u011fine t\u0131klay\u0131n ve istedi\u011finiz geni\u015fli\u011fi se\u00e7in. <br><img loading=\"lazy\" decoding=\"async\" title=\"8-\u00e7izgi a\u011f\u0131rl\u0131\u011f\u0131n\u0131 ayarlama\" src=\"https:\/\/exceladvisor.org\/wp-content\/uploads\/2023\/08\/8-definir-lepaisseur-de-la-ligne.png\" sizes=\"auto, \" srcset=\"\" alt=\"set-the-line-weight\" width=\"464\" height=\"322\"><\/li><li> \u00c7izgiyi noktal\u0131 \u00e7izgi haline getirmek i\u00e7in a\u00e7\u0131l\u0131r listeden &#8220;\u00c7izgiler&#8221;e t\u0131klay\u0131n ve istedi\u011finiz noktal\u0131 \u00e7izgi stilini se\u00e7in. <br><img loading=\"lazy\" decoding=\"async\" title=\"9 noktal\u0131 \u00e7izgi\" src=\"https:\/\/exceladvisor.org\/wp-content\/uploads\/2023\/08\/9-tirets-pointilles.png\" sizes=\"auto, \" srcset=\"\" alt=\"dotted-dashes-line\" width=\"469\" height=\"316\"><\/li><li> Y\u00f6n oklar\u0131n\u0131 \u00e7izgiye eklemek i\u00e7in a\u00e7\u0131l\u0131r listeden \u201cOklar\u201da t\u0131klay\u0131n ve istedi\u011finiz ok tipini se\u00e7in. <br><img loading=\"lazy\" decoding=\"async\" title=\"\u00c7izgiye 10 y\u00f6n oku\" src=\"https:\/\/exceladvisor.org\/wp-content\/uploads\/2023\/08\/10-fleches-directionnelles-a-la-ligne.png\" sizes=\"auto, \" srcset=\"\" alt=\"direction-arrows-to-line\" width=\"468\" height=\"373\"><\/li><li> Efektleri \u00e7izgiye eklemek i\u00e7in &#8220;\u015eekil Efektleri&#8221; a\u00e7\u0131l\u0131r okuna t\u0131klay\u0131n ve istedi\u011finiz efekti se\u00e7in. <br><img loading=\"lazy\" decoding=\"async\" title=\"11 \u00e7izgi \u015fekli efekti\" src=\"https:\/\/exceladvisor.org\/wp-content\/uploads\/2023\/08\/11-effets-de-forme-a-tracer.png\" sizes=\"auto, \" srcset=\"\" alt=\"shape-effects-to-line\" width=\"467\" height=\"345\"><\/li><li> Sat\u0131rda daha fazla bi\u00e7imlendirme yapmak i\u00e7in sat\u0131ra sa\u011f t\u0131klay\u0131n ve a\u00e7\u0131l\u0131r men\u00fcden \u201c\u015eekli Bi\u00e7imlendir\u201d se\u00e7ene\u011fine t\u0131klay\u0131n; \u201c\u015eekil Bi\u00e7imlendir\u201d penceresini a\u00e7acaks\u0131n\u0131z. <br><img loading=\"lazy\" decoding=\"async\" title=\"12 formatta \u015fekillendirilmi\u015f pencere\" src=\"https:\/\/exceladvisor.org\/wp-content\/uploads\/2023\/08\/Fenetre-de-forme-au-format-12.png\" sizes=\"auto, \" srcset=\"\" alt=\"format-shape-window\" width=\"527\" height=\"437\"><\/li><\/ol><div class=\"gb-container gb-container-4db6181c gb-container-mt\"> <a class=\"gb-button gb-button-c5897111 gb-button-text gb-button-mt-button\" href=\"https:\/\/exceladvisor.org\/tr\/excelin-temelleri\/\">Microsoft Excel Temelleri (Bile\u015fenler, Par\u00e7alar ve Bilgi Notlar\u0131)<\/a><h2 class=\"gb-headline gb-headline-665e5f6b gb-headline-text gb-headline-mt-heading\"> \u0130lgili e\u011fitimler <\/h2><div class=\"gb-grid-wrapper gb-grid-wrapper-a20baf7c gb-grid-wrapper-mt-grid\"><div class=\"gb-grid-column gb-grid-column-65ddf67e\"><div class=\"gb-container gb-container-65ddf67e\"><ul><li> <a href=\"https:\/\/exceladvisor.org\/tr\/dugme-ekle\/\">Excel&#8217;e d\u00fc\u011fme ekleme<\/a><\/li><li> <a href=\"https:\/\/exceladvisor.org\/tr\/ayrisan-hucreleri-birlestirme\/\">Birle\u015ftirme \u2013 Excel&#8217;deki h\u00fccrelerin grubunu \u00e7\u00f6zme<\/a><\/li><li> <a href=\"https:\/\/exceladvisor.org\/tr\/yazim-denetleyicisi\/\">Excel&#8217;de yaz\u0131m denetimi<\/a><\/li><li> <a href=\"https:\/\/exceladvisor.org\/tr\/para-cekme\/\">Excel&#8217;de girintiyi art\u0131rma ve azaltma<\/a><\/li><li> <a href=\"https:\/\/exceladvisor.org\/tr\/metni-dondur\/\">Excel&#8217;de metni d\u00f6nd\u00fcrme (metin y\u00f6nlendirmesi)<\/a> <\/li><\/ul><\/div><\/div><div class=\"gb-grid-column gb-grid-column-50067b57\"><div class=\"gb-container gb-container-50067b57\"><\/div><\/div><\/div><\/div>","protected":false},"excerpt":{"rendered":"","protected":false},"author":1,"featured_media":0,"parent":0,"menu_order":0,"comment_status":"open","ping_status":"closed","template":"","meta":{"ub_ctt_via":"","footnotes":""},"class_list":["post-1630","page","type-page","status-publish","hentry"],"featured_image_src":null,"yoast_head":"<!-- This site is optimized with the Yoast SEO plugin v25.4 - https:\/\/yoast.com\/wordpress\/plugins\/seo\/ -->\n<title>\u25b7 Excel&#039;de \u00e7izgi nas\u0131l \u00e7izilir (E\u011fitim 2023)<\/title>\n<meta name=\"description\" content=\"Bu derste, takip edece\u011finiz baz\u0131 h\u0131zl\u0131 ve kolay ad\u0131mlar\u0131 izleyerek Excel&#039;de nas\u0131l \u00e7izgi \u00e7izilece\u011fini \u00f6\u011frenece\u011fiz.\" \/>\n<meta name=\"robots\" content=\"index, follow, max-snippet:-1, max-image-preview:large, max-video-preview:-1\" \/>\n<link rel=\"canonical\" href=\"https:\/\/exceladvisor.org\/tr\/bir-cizgi-ciz\/\" \/>\n<meta property=\"og:locale\" content=\"tr_TR\" \/>\n<meta property=\"og:type\" content=\"article\" \/>\n<meta property=\"og:title\" content=\"\u25b7 Excel&#039;de \u00e7izgi nas\u0131l \u00e7izilir (E\u011fitim 2023)\" \/>\n<meta property=\"og:description\" content=\"Bu derste, takip edece\u011finiz baz\u0131 h\u0131zl\u0131 ve kolay ad\u0131mlar\u0131 izleyerek Excel&#039;de nas\u0131l \u00e7izgi \u00e7izilece\u011fini \u00f6\u011frenece\u011fiz.\" \/>\n<meta property=\"og:url\" content=\"https:\/\/exceladvisor.org\/tr\/bir-cizgi-ciz\/\" \/>\n<meta property=\"og:site_name\" content=\"Excel Advisor\" \/>\n<meta property=\"article:modified_time\" content=\"2023-12-10T06:01:02+00:00\" \/>\n<meta property=\"og:image\" content=\"https:\/\/exceladvisor.org\/wp-content\/uploads\/2023\/08\/1-insert-formes.png\" \/>\n<meta name=\"twitter:card\" content=\"summary_large_image\" \/>\n<meta name=\"twitter:label1\" content=\"Tahmini okuma s\u00fcresi\" \/>\n\t<meta name=\"twitter:data1\" content=\"3 dakika\" \/>\n<script type=\"application\/ld+json\" class=\"yoast-schema-graph\">{\"@context\":\"https:\/\/schema.org\",\"@graph\":[{\"@type\":\"WebPage\",\"@id\":\"https:\/\/exceladvisor.org\/tr\/bir-cizgi-ciz\/\",\"url\":\"https:\/\/exceladvisor.org\/tr\/bir-cizgi-ciz\/\",\"name\":\"\u25b7 Excel&#39;de \u00e7izgi nas\u0131l \u00e7izilir (E\u011fitim 2023)\",\"isPartOf\":{\"@id\":\"https:\/\/exceladvisor.org\/tr\/#website\"},\"primaryImageOfPage\":{\"@id\":\"https:\/\/exceladvisor.org\/tr\/bir-cizgi-ciz\/#primaryimage\"},\"image\":{\"@id\":\"https:\/\/exceladvisor.org\/tr\/bir-cizgi-ciz\/#primaryimage\"},\"thumbnailUrl\":\"https:\/\/exceladvisor.org\/wp-content\/uploads\/2023\/08\/1-insert-formes.png\",\"datePublished\":\"2023-11-14T18:15:32+00:00\",\"dateModified\":\"2023-12-10T06:01:02+00:00\",\"description\":\"Bu derste, takip edece\u011finiz baz\u0131 h\u0131zl\u0131 ve kolay ad\u0131mlar\u0131 izleyerek Excel&#39;de nas\u0131l \u00e7izgi \u00e7izilece\u011fini \u00f6\u011frenece\u011fiz.\",\"breadcrumb\":{\"@id\":\"https:\/\/exceladvisor.org\/tr\/bir-cizgi-ciz\/#breadcrumb\"},\"inLanguage\":\"tr\",\"potentialAction\":[{\"@type\":\"ReadAction\",\"target\":[\"https:\/\/exceladvisor.org\/tr\/bir-cizgi-ciz\/\"]}]},{\"@type\":\"ImageObject\",\"inLanguage\":\"tr\",\"@id\":\"https:\/\/exceladvisor.org\/tr\/bir-cizgi-ciz\/#primaryimage\",\"url\":\"https:\/\/exceladvisor.org\/wp-content\/uploads\/2023\/08\/1-insert-formes.png\",\"contentUrl\":\"https:\/\/exceladvisor.org\/wp-content\/uploads\/2023\/08\/1-insert-formes.png\"},{\"@type\":\"BreadcrumbList\",\"@id\":\"https:\/\/exceladvisor.org\/tr\/bir-cizgi-ciz\/#breadcrumb\",\"itemListElement\":[{\"@type\":\"ListItem\",\"position\":1,\"name\":\"Ev\",\"item\":\"https:\/\/exceladvisor.org\/tr\/\"},{\"@type\":\"ListItem\",\"position\":2,\"name\":\"Excel&#39;de \u00e7izgi nas\u0131l \u00e7izilir?\"}]},{\"@type\":\"WebSite\",\"@id\":\"https:\/\/exceladvisor.org\/tr\/#website\",\"url\":\"https:\/\/exceladvisor.org\/tr\/\",\"name\":\"Excel Advisor\",\"description\":\"Veri hakimiyetine y\u00f6nelik nihai rehberiniz!\",\"publisher\":{\"@id\":\"https:\/\/exceladvisor.org\/tr\/#organization\"},\"potentialAction\":[{\"@type\":\"SearchAction\",\"target\":{\"@type\":\"EntryPoint\",\"urlTemplate\":\"https:\/\/exceladvisor.org\/tr\/?s={search_term_string}\"},\"query-input\":{\"@type\":\"PropertyValueSpecification\",\"valueRequired\":true,\"valueName\":\"search_term_string\"}}],\"inLanguage\":\"tr\"},{\"@type\":\"Organization\",\"@id\":\"https:\/\/exceladvisor.org\/tr\/#organization\",\"name\":\"Excel Advisor\",\"url\":\"https:\/\/exceladvisor.org\/tr\/\",\"logo\":{\"@type\":\"ImageObject\",\"inLanguage\":\"tr\",\"@id\":\"https:\/\/exceladvisor.org\/tr\/#\/schema\/logo\/image\/\",\"url\":\"https:\/\/exceladvisor.org\/tr\/wp-content\/uploads\/2023\/12\/exceladvisor.org_.png\",\"contentUrl\":\"https:\/\/exceladvisor.org\/tr\/wp-content\/uploads\/2023\/12\/exceladvisor.org_.png\",\"width\":105,\"height\":36,\"caption\":\"Excel Advisor\"},\"image\":{\"@id\":\"https:\/\/exceladvisor.org\/tr\/#\/schema\/logo\/image\/\"}}]}<\/script>\n<!-- \/ Yoast SEO plugin. -->","yoast_head_json":{"title":"\u25b7 Excel&#39;de \u00e7izgi nas\u0131l \u00e7izilir (E\u011fitim 2023)","description":"Bu derste, takip edece\u011finiz baz\u0131 h\u0131zl\u0131 ve kolay ad\u0131mlar\u0131 izleyerek Excel&#39;de nas\u0131l \u00e7izgi \u00e7izilece\u011fini \u00f6\u011frenece\u011fiz.","robots":{"index":"index","follow":"follow","max-snippet":"max-snippet:-1","max-image-preview":"max-image-preview:large","max-video-preview":"max-video-preview:-1"},"canonical":"https:\/\/exceladvisor.org\/tr\/bir-cizgi-ciz\/","og_locale":"tr_TR","og_type":"article","og_title":"\u25b7 Excel&#39;de \u00e7izgi nas\u0131l \u00e7izilir (E\u011fitim 2023)","og_description":"Bu derste, takip edece\u011finiz baz\u0131 h\u0131zl\u0131 ve kolay ad\u0131mlar\u0131 izleyerek Excel&#39;de nas\u0131l \u00e7izgi \u00e7izilece\u011fini \u00f6\u011frenece\u011fiz.","og_url":"https:\/\/exceladvisor.org\/tr\/bir-cizgi-ciz\/","og_site_name":"Excel Advisor","article_modified_time":"2023-12-10T06:01:02+00:00","og_image":[{"url":"https:\/\/exceladvisor.org\/wp-content\/uploads\/2023\/08\/1-insert-formes.png","type":"","width":"","height":""}],"twitter_card":"summary_large_image","twitter_misc":{"Tahmini okuma s\u00fcresi":"3 dakika"},"schema":{"@context":"https:\/\/schema.org","@graph":[{"@type":"WebPage","@id":"https:\/\/exceladvisor.org\/tr\/bir-cizgi-ciz\/","url":"https:\/\/exceladvisor.org\/tr\/bir-cizgi-ciz\/","name":"\u25b7 Excel&#39;de \u00e7izgi nas\u0131l \u00e7izilir (E\u011fitim 2023)","isPartOf":{"@id":"https:\/\/exceladvisor.org\/tr\/#website"},"primaryImageOfPage":{"@id":"https:\/\/exceladvisor.org\/tr\/bir-cizgi-ciz\/#primaryimage"},"image":{"@id":"https:\/\/exceladvisor.org\/tr\/bir-cizgi-ciz\/#primaryimage"},"thumbnailUrl":"https:\/\/exceladvisor.org\/wp-content\/uploads\/2023\/08\/1-insert-formes.png","datePublished":"2023-11-14T18:15:32+00:00","dateModified":"2023-12-10T06:01:02+00:00","description":"Bu derste, takip edece\u011finiz baz\u0131 h\u0131zl\u0131 ve kolay ad\u0131mlar\u0131 izleyerek Excel&#39;de nas\u0131l \u00e7izgi \u00e7izilece\u011fini \u00f6\u011frenece\u011fiz.","breadcrumb":{"@id":"https:\/\/exceladvisor.org\/tr\/bir-cizgi-ciz\/#breadcrumb"},"inLanguage":"tr","potentialAction":[{"@type":"ReadAction","target":["https:\/\/exceladvisor.org\/tr\/bir-cizgi-ciz\/"]}]},{"@type":"ImageObject","inLanguage":"tr","@id":"https:\/\/exceladvisor.org\/tr\/bir-cizgi-ciz\/#primaryimage","url":"https:\/\/exceladvisor.org\/wp-content\/uploads\/2023\/08\/1-insert-formes.png","contentUrl":"https:\/\/exceladvisor.org\/wp-content\/uploads\/2023\/08\/1-insert-formes.png"},{"@type":"BreadcrumbList","@id":"https:\/\/exceladvisor.org\/tr\/bir-cizgi-ciz\/#breadcrumb","itemListElement":[{"@type":"ListItem","position":1,"name":"Ev","item":"https:\/\/exceladvisor.org\/tr\/"},{"@type":"ListItem","position":2,"name":"Excel&#39;de \u00e7izgi nas\u0131l \u00e7izilir?"}]},{"@type":"WebSite","@id":"https:\/\/exceladvisor.org\/tr\/#website","url":"https:\/\/exceladvisor.org\/tr\/","name":"Excel Advisor","description":"Veri hakimiyetine y\u00f6nelik nihai rehberiniz!","publisher":{"@id":"https:\/\/exceladvisor.org\/tr\/#organization"},"potentialAction":[{"@type":"SearchAction","target":{"@type":"EntryPoint","urlTemplate":"https:\/\/exceladvisor.org\/tr\/?s={search_term_string}"},"query-input":{"@type":"PropertyValueSpecification","valueRequired":true,"valueName":"search_term_string"}}],"inLanguage":"tr"},{"@type":"Organization","@id":"https:\/\/exceladvisor.org\/tr\/#organization","name":"Excel Advisor","url":"https:\/\/exceladvisor.org\/tr\/","logo":{"@type":"ImageObject","inLanguage":"tr","@id":"https:\/\/exceladvisor.org\/tr\/#\/schema\/logo\/image\/","url":"https:\/\/exceladvisor.org\/tr\/wp-content\/uploads\/2023\/12\/exceladvisor.org_.png","contentUrl":"https:\/\/exceladvisor.org\/tr\/wp-content\/uploads\/2023\/12\/exceladvisor.org_.png","width":105,"height":36,"caption":"Excel Advisor"},"image":{"@id":"https:\/\/exceladvisor.org\/tr\/#\/schema\/logo\/image\/"}}]}},"yoast_meta":{"yoast_wpseo_title":"","yoast_wpseo_metadesc":"","yoast_wpseo_canonical":""},"_links":{"self":[{"href":"https:\/\/exceladvisor.org\/tr\/wp-json\/wp\/v2\/pages\/1630","targetHints":{"allow":["GET"]}}],"collection":[{"href":"https:\/\/exceladvisor.org\/tr\/wp-json\/wp\/v2\/pages"}],"about":[{"href":"https:\/\/exceladvisor.org\/tr\/wp-json\/wp\/v2\/types\/page"}],"author":[{"embeddable":true,"href":"https:\/\/exceladvisor.org\/tr\/wp-json\/wp\/v2\/users\/1"}],"replies":[{"embeddable":true,"href":"https:\/\/exceladvisor.org\/tr\/wp-json\/wp\/v2\/comments?post=1630"}],"version-history":[{"count":1,"href":"https:\/\/exceladvisor.org\/tr\/wp-json\/wp\/v2\/pages\/1630\/revisions"}],"predecessor-version":[{"id":2462,"href":"https:\/\/exceladvisor.org\/tr\/wp-json\/wp\/v2\/pages\/1630\/revisions\/2462"}],"wp:attachment":[{"href":"https:\/\/exceladvisor.org\/tr\/wp-json\/wp\/v2\/media?parent=1630"}],"curies":[{"name":"wp","href":"https:\/\/api.w.org\/{rel}","templated":true}]}}