{"id":1631,"date":"2023-11-14T17:21:13","date_gmt":"2023-11-14T17:21:13","guid":{"rendered":"https:\/\/exceladvisor.org\/tr\/sayimlar-sayim-veya-mantiksal\/"},"modified":"2023-12-10T06:01:03","modified_gmt":"2023-12-10T06:01:03","slug":"sayimlar-sayim-veya-mantiksal","status":"publish","type":"page","link":"https:\/\/exceladvisor.org\/tr\/sayimlar-sayim-veya-mantiksal\/","title":{"rendered":"Excel&#39;de countif\/counifs&#39;de veya mant\u0131\u011f\u0131 nas\u0131l kullan\u0131l\u0131r?"},"content":{"rendered":"<div class=\"excel-icerikten-once\" id=\"excel-489440398\"><script type=\"text\/javascript\">\r\n\tatOptions = {\r\n\t\t'key' : 'c1158f160081d6540a8409e6925dab94',\r\n\t\t'format' : 'iframe',\r\n\t\t'height' : 250,\r\n\t\t'width' : 300,\r\n\t\t'params' : {}\r\n\t};\r\n<\/script>\r\n<script type=\"text\/javascript\" src=\"\/\/www.highperformanceformat.com\/c1158f160081d6540a8409e6925dab94\/invoke.js\"><\/script><\/div> <p>Birka\u00e7 g\u00fcn \u00f6nce <a style=\"outline: none;\" href=\"https:\/\/exceladvisor.org\/tr\/sumif-sumifler-veya-mantik\/\">SUMIF OR&#8217;u<\/a> nas\u0131l kullanabilece\u011fimizi yazm\u0131\u015ft\u0131m. Bug\u00fcn ayn\u0131 mant\u0131\u011f\u0131 kullanarak COUNT OR form\u00fcl\u00fc olu\u015fturabilece\u011fimizi g\u00f6stermek istiyorum.<\/p><p> Hatta bu form\u00fclde dinamik kriterler de olu\u015fturabiliriz. Ama \u00f6nce sana bir \u015fey soray\u0131m.<\/p><p> Tek bir s\u00fctundan veya h\u00fccre aral\u0131\u011f\u0131ndan birden fazla de\u011feri sayman\u0131z gereken bir durumla hi\u00e7 kar\u015f\u0131la\u015ft\u0131n\u0131z m\u0131?<\/p><p> Cevab\u0131n\u0131z evet ise, COUNTIF\/COUNTIFS&#8217;de bu VEYA mant\u0131\u011f\u0131n\u0131 kullanmak sizin i\u00e7in oyunun kurallar\u0131n\u0131 de\u011fi\u015ftirebilir.<\/p><p> Mesele \u015fu ki, normalde COUNTIF yapt\u0131\u011f\u0131m\u0131zda h\u00fccreleri tek bir ko\u015ful belirterek sayabiliriz ve COUNIFS ile birden fazla ko\u015fulu belirtebiliriz ancak de\u011ferleri saymak i\u00e7in AND mant\u0131\u011f\u0131n\u0131 kullan\u0131r.<\/p><p> Bu, tek bir s\u00fctun veya aral\u0131ktan birden fazla de\u011feri saymak i\u00e7in bu i\u015flevleri kullanamayaca\u011f\u0131m\u0131z anlam\u0131na gelir.<\/p><p> Ancak bug\u00fcn bu makalede sizinle COUNIF&#8217;te OR ko\u015fulunu uygulaman\u0131n basit ama g\u00fc\u00e7l\u00fc bir yolunu payla\u015fmak istiyorum.<\/p><p> <a href=\"https:\/\/exceladvisor.org\/wp-content\/uploads\/2023\/08\/ou-logique-dans-les-donnees-countif-et-countifs.xlsx\" rel=\"nofollow\">Bu veri dosyas\u0131n\u0131 buradan indirdi\u011finizden<\/a> emin olun ve \u015fimdi ba\u015flayal\u0131m\u2026<\/p><h2 class=\"wp-block-heading\"> COUNTIF\/COUNTIFS OR nas\u0131l kullan\u0131l\u0131r?<\/h2><p> \u0130nsanlar\u0131n ve favori sosyal medya platformlar\u0131n\u0131n bir listesinin bulundu\u011fu a\u015fa\u011f\u0131daki verilere bir g\u00f6z at\u0131n. <\/p><div class=\"wp-block-image\"><figure class=\"aligncenter\"><img decoding=\"async\" src=\"https:\/\/exceladvisor.org\/wp-content\/uploads\/2023\/08\/donnees-a-utiliser-ou-logique-dans-countif-et-countifs-1.png\" sizes=\"\" srcset=\"\" alt=\"countif ve countif'lerde kullan\u0131lacak veriler veya mant\u0131k\"><\/figure><\/div><p> \u015eimdi bu 50 ki\u015filik listeden ka\u00e7 ki\u015finin \u201cFacebook\u201d ve \u201cTwitter\u201d\u0131 be\u011fendi\u011fini sayman\u0131z gerekiyor. COUNIF kullanmak istiyorsan\u0131z a\u015fa\u011f\u0131daki form\u00fcl\u00fc bir h\u00fccreye ekleyin ve Enter tu\u015funa bas\u0131n. <\/p><pre class=\"wp-block-code\"> <code class=\"language-excel-formula\" lang=\"excel-formula\">=SUM(COUNTIF(B2:B51,{\"Facebook\",\"Twitter\"}))<\/code><\/pre><p class=\"has-text-align-center\"><img loading=\"lazy\" decoding=\"async\" src=\"https:\/\/exceladvisor.org\/wp-content\/uploads\/2023\/08\/formule-countif-a-utiliser-ou-logique-dans-countif-et-countifs-1.png\" sizes=\"auto, \" srcset=\"\" alt=\"countif ve countif'lerde kullan\u0131lacak countif form\u00fcl\u00fc veya mant\u0131\u011f\u0131\" width=\"721\" height=\"278\" data-id=\"11715\"><\/p><p> COUNIFS&#8217;i kullanmak istiyorsan\u0131z a\u015fa\u011f\u0131daki form\u00fcl\u00fc bir h\u00fccreye ekleyin ve Enter tu\u015funa bas\u0131n. <\/p><pre class=\"wp-block-code\"> <code class=\"language-excel-formula\" lang=\"excel-formula\">=SUM(COUNTIFS(B2:B51,{\"Twitter\",\"Facebook\"}))<\/code><\/pre><p class=\"has-text-align-center\"><img loading=\"lazy\" decoding=\"async\" src=\"https:\/\/exceladvisor.org\/wp-content\/uploads\/2023\/08\/formule-countifs-a-utiliser-ou-logique-dans-countif-et-countifs-1.png\" sizes=\"auto, \" srcset=\"\" alt=\"countif ve countif'lerde kullan\u0131lacak countifs form\u00fcl\u00fc veya mant\u0131\u011f\u0131\" width=\"716\" height=\"277\" data-id=\"11716\"><\/p><p> Yukar\u0131daki her iki form\u00fclle de Facebook (17) + Twitter (8) say\u0131s\u0131n\u0131n birle\u015fiminden olu\u015fan sonu\u00e7ta 25 elde edeceksiniz.<\/p><h2 class=\"wp-block-heading\"> Nas\u0131l \u00e7al\u0131\u015f\u0131r<\/h2><p> Daha \u00f6nce de belirtti\u011fim gibi COUNTIFS AND mant\u0131\u011f\u0131n\u0131 kullan\u0131yor ve COUNIF&#8217;de say\u0131lacak yaln\u0131zca bir de\u011fer belirtebiliyorsunuz.<\/p><p> VEYA&#8217;n\u0131n bu i\u015flevlerle uygulanmas\u0131n\u0131 anlamak i\u00e7in bu form\u00fcl\u00fc \u00fc\u00e7 b\u00f6l\u00fcme ay\u0131rman\u0131z gerekir. <\/p><div class=\"wp-block-image\"><figure class=\"aligncenter\"><img decoding=\"async\" src=\"https:\/\/exceladvisor.org\/wp-content\/uploads\/2023\/08\/comment-fonctionne-countif-ou-formule.png\" sizes=\"\" srcset=\"\" alt=\"countif veya form\u00fcl nas\u0131l \u00e7al\u0131\u015f\u0131r?\"><\/figure><\/div><ol><li> \u00d6ncelikle tablo kavram\u0131n\u0131 kullanarak bu form\u00fclde iki farkl\u0131 kriter kulland\u0131k.<\/li><li> Daha sonra bu iki de\u011feri bulmak i\u00e7in COUNTIFS&#8217;i kulland\u0131k.<\/li><li> Sonunda iki de\u011ferin ortak say\u0131s\u0131n\u0131 elde etmek i\u00e7in form\u00fcl\u00fcn tamam\u0131n\u0131 SUM i\u015flevine dahil ettik.<\/li><\/ol><p> Burada COUNTIF&#8217;te bu kavram\u0131 anlatt\u0131m ama COUNTIFS form\u00fcl\u00fc de ayn\u0131 \u015fekilde \u00e7al\u0131\u015facak.<\/p><h2 class=\"wp-block-heading\"> Dinamik VEYA ko\u015fulu<\/h2><p> <a href=\"https:\/\/exceladvisor.org\/tr\/sumif-sumifler-veya-mantik\/\">SUMIF\/SUMIFS&#8217;de OR<\/a> kullan\u0131m\u0131n\u0131 anlatt\u0131\u011f\u0131mda Shay bana bu form\u00fclde hardcore de\u011ferleri kullanmak yerine dinamik de\u011ferleri nas\u0131l kullanaca\u011f\u0131m\u0131 sordu. <\/p><div class=\"wp-block-image\"><figure class=\"aligncenter\"><img decoding=\"async\" src=\"https:\/\/exceladvisor.org\/wp-content\/uploads\/2023\/08\/utiliser-ou-logique-dans-countif-et-countifs-shay-comment-1.png\" sizes=\"\" srcset=\"\" alt=\"countif ve countifs yorumlar\u0131nda kullan\u0131m veya mant\u0131k\"><\/figure><\/div><p> Bunu yapmak i\u00e7in form\u00fcl\u00fcn\u00fczde yaln\u0131zca iki k\u00fc\u00e7\u00fck de\u011fi\u015fiklik yapman\u0131z yeterlidir.<\/p><ol><li> Birincisi, parantez kullanmak yerine de\u011ferlerinizin adland\u0131r\u0131lm\u0131\u015f bir aral\u0131\u011f\u0131n\u0131 (en iyi yol bir dizi kullanmakt\u0131r) kullanman\u0131z gerekti\u011fidir.<\/li><li> Daha sonra bu form\u00fcl\u00fc Ctrl+Shift+Enter kullanarak uygun dizi form\u00fcl\u00fc olarak girmeniz gerekiyor.<\/li><\/ol><p> Yani \u015fimdi form\u00fcl\u00fcn\u00fcz \u015f\u00f6yle olacak: <\/p><pre class=\"wp-block-code\"> <code class=\"language-excel-formula\" lang=\"excel-formula\">{=SUM(COUNTIFS(B2:B51,Named_Range))}<\/code><\/pre><p class=\"has-text-align-center\"><img loading=\"lazy\" decoding=\"async\" src=\"https:\/\/exceladvisor.org\/wp-content\/uploads\/2023\/08\/plage-dynamique-a-utiliser-ou-logique-dans-countif-et-countifs-1.png\" sizes=\"auto, \" srcset=\"\" alt=\"countif ve countif'lerde kullan\u0131lacak dinamik aral\u0131k veya mant\u0131k\" width=\"724\" height=\"368\" data-id=\"11718\"><\/p><div class=\"gb-container gb-container-52dfcee1 gb-container-sample-file\"><h2 class=\"gb-headline gb-headline-e289c143 gb-headline-text gb-headline-4f7959c2\"> Excel dosyas\u0131n\u0131 al\u0131n<\/h2> <a class=\"gb-button gb-button-e88d6bee gb-button-text gb-button-button1\" href=\"https:\/\/exceladvisor.org\/wp-content\/uploads\/2023\/08\/ou-logique-dans-countif-et-countifs.xlsx\" rel=\"nofollow\">\u0130ndirmek<\/a><\/div><h2 class=\"wp-block-heading\"> \u00c7\u00f6z\u00fcm<\/h2><p> COUNIF\/COUNIFS&#8217;te VEYA mant\u0131\u011f\u0131n\u0131 kullanmak g\u00fcc\u00fcn\u00fc art\u0131rabilir ve sizi uzun form\u00fcller yazmaktan kurtarabilir.<\/p><p> Ve dinamik kriterleri kullanmak s\u00fcper harika. Form\u00fcl\u00fc de\u011fi\u015ftirmeden de\u011ferleri istedi\u011finiz zaman de\u011fi\u015ftirebilirsiniz.<\/p><p> Umar\u0131m bu form\u00fcl ipu\u00e7lar\u0131n\u0131 faydal\u0131 bulmu\u015fsunuzdur ve i\u015finizde daha etkili olman\u0131za yard\u0131mc\u0131 olurlar.<\/p><p> Peki bunun hakk\u0131nda ne d\u00fc\u015f\u00fcn\u00fcyorsun?<\/p><p> <strong>Bunu daha \u00f6nce hi\u00e7 denedin mi?<\/strong><\/p><p> D\u00fc\u015f\u00fcncelerinizi yorum k\u0131sm\u0131nda benimle payla\u015f\u0131n, sizden haber almay\u0131 \u00e7ok isterim. Ve bu ipucunu arkada\u015flar\u0131n\u0131zla payla\u015fmay\u0131 unutmay\u0131n.<\/p><div class=\"gb-container gb-container-0df56012 gb-container-mt\"> <a class=\"gb-button gb-button-f9f432f4 gb-button-text gb-button-mt-button\" href=\"https:\/\/exceladvisor.org\/tr\/formuller\/\">Excel form\u00fcllerinin listesi<\/a><h2 class=\"gb-headline gb-headline-233444e8 gb-headline-text gb-headline-mt-heading\"> \u0130lgili form\u00fcller <\/h2><div class=\"gb-grid-wrapper gb-grid-wrapper-a16fa65c gb-grid-wrapper-mt-grid\"><div class=\"gb-grid-column gb-grid-column-50d07e0d\"><div class=\"gb-container gb-container-50d07e0d\"><ul><li> <a href=\"https:\/\/exceladvisor.org\/tr\/iki-sayinin-arasini-saymak\/\">Excel&#8217;de iki say\u0131 (E\u011eERSAY) aras\u0131nda say\u0131n<\/a><\/li><li> <a href=\"https:\/\/exceladvisor.org\/tr\/bos-hucre-sayisi\/\">Excel&#8217;de COUNTIF kullanarak bo\u015f (bo\u015f) h\u00fccreleri say\u0131n<\/a><\/li><li> <a href=\"https:\/\/exceladvisor.org\/tr\/azsa-say\/\">Excel&#8217;de belirli bir de\u011ferden (COUNTIF) daha az olan h\u00fccreleri say\u0131n<\/a><\/li><li> <a href=\"https:\/\/exceladvisor.org\/tr\/esit-olmayan-hucreleri-say\/\">Excel&#8217;de e\u015fit olmayan h\u00fccreleri say (COUNTIF)<\/a> <\/li><\/ul><\/div><\/div><div class=\"gb-grid-column gb-grid-column-5b4a0cf9\"><div class=\"gb-container gb-container-5b4a0cf9\"><\/div><\/div><\/div><\/div>","protected":false},"excerpt":{"rendered":"","protected":false},"author":1,"featured_media":0,"parent":0,"menu_order":0,"comment_status":"open","ping_status":"closed","template":"","meta":{"ub_ctt_via":"","footnotes":""},"class_list":["post-1631","page","type-page","status-publish","hentry"],"featured_image_src":null,"yoast_head":"<!-- This site is optimized with the Yoast SEO plugin v25.4 - https:\/\/yoast.com\/wordpress\/plugins\/seo\/ -->\n<title>Excel&#039;de COUNTIF\/COUNIFS&#039;de VEYA Mant\u0131\u011f\u0131 nas\u0131l kullan\u0131l\u0131r?<\/title>\n<meta name=\"description\" content=\"Bu yaz\u0131m\u0131zda COUNTIF ve COUNTIFS fonksiyonlar\u0131nda OR mant\u0131\u011f\u0131n\u0131 kullanarak birden fazla de\u011ferin nas\u0131l say\u0131laca\u011f\u0131n\u0131 \u00f6\u011freneceksiniz.\" \/>\n<meta name=\"robots\" content=\"index, follow, max-snippet:-1, max-image-preview:large, max-video-preview:-1\" \/>\n<link rel=\"canonical\" href=\"https:\/\/exceladvisor.org\/tr\/sayimlar-sayim-veya-mantiksal\/\" \/>\n<meta property=\"og:locale\" content=\"tr_TR\" \/>\n<meta property=\"og:type\" content=\"article\" \/>\n<meta property=\"og:title\" content=\"Excel&#039;de COUNTIF\/COUNIFS&#039;de VEYA Mant\u0131\u011f\u0131 nas\u0131l kullan\u0131l\u0131r?\" \/>\n<meta property=\"og:description\" content=\"Bu yaz\u0131m\u0131zda COUNTIF ve COUNTIFS fonksiyonlar\u0131nda OR mant\u0131\u011f\u0131n\u0131 kullanarak birden fazla de\u011ferin nas\u0131l say\u0131laca\u011f\u0131n\u0131 \u00f6\u011freneceksiniz.\" \/>\n<meta property=\"og:url\" content=\"https:\/\/exceladvisor.org\/tr\/sayimlar-sayim-veya-mantiksal\/\" \/>\n<meta property=\"og:site_name\" content=\"Excel Advisor\" \/>\n<meta property=\"article:modified_time\" content=\"2023-12-10T06:01:03+00:00\" \/>\n<meta property=\"og:image\" content=\"https:\/\/exceladvisor.org\/wp-content\/uploads\/2023\/08\/donnees-a-utiliser-ou-logique-dans-countif-et-countifs-1.png\" \/>\n<meta name=\"twitter:card\" content=\"summary_large_image\" \/>\n<meta name=\"twitter:label1\" content=\"Tahmini okuma s\u00fcresi\" \/>\n\t<meta name=\"twitter:data1\" content=\"3 dakika\" \/>\n<script type=\"application\/ld+json\" class=\"yoast-schema-graph\">{\"@context\":\"https:\/\/schema.org\",\"@graph\":[{\"@type\":\"WebPage\",\"@id\":\"https:\/\/exceladvisor.org\/tr\/sayimlar-sayim-veya-mantiksal\/\",\"url\":\"https:\/\/exceladvisor.org\/tr\/sayimlar-sayim-veya-mantiksal\/\",\"name\":\"Excel&#39;de COUNTIF\/COUNIFS&#39;de VEYA Mant\u0131\u011f\u0131 nas\u0131l kullan\u0131l\u0131r?\",\"isPartOf\":{\"@id\":\"https:\/\/exceladvisor.org\/tr\/#website\"},\"primaryImageOfPage\":{\"@id\":\"https:\/\/exceladvisor.org\/tr\/sayimlar-sayim-veya-mantiksal\/#primaryimage\"},\"image\":{\"@id\":\"https:\/\/exceladvisor.org\/tr\/sayimlar-sayim-veya-mantiksal\/#primaryimage\"},\"thumbnailUrl\":\"https:\/\/exceladvisor.org\/wp-content\/uploads\/2023\/08\/donnees-a-utiliser-ou-logique-dans-countif-et-countifs-1.png\",\"datePublished\":\"2023-11-14T17:21:13+00:00\",\"dateModified\":\"2023-12-10T06:01:03+00:00\",\"description\":\"Bu yaz\u0131m\u0131zda COUNTIF ve COUNTIFS fonksiyonlar\u0131nda OR mant\u0131\u011f\u0131n\u0131 kullanarak birden fazla de\u011ferin nas\u0131l say\u0131laca\u011f\u0131n\u0131 \u00f6\u011freneceksiniz.\",\"breadcrumb\":{\"@id\":\"https:\/\/exceladvisor.org\/tr\/sayimlar-sayim-veya-mantiksal\/#breadcrumb\"},\"inLanguage\":\"tr\",\"potentialAction\":[{\"@type\":\"ReadAction\",\"target\":[\"https:\/\/exceladvisor.org\/tr\/sayimlar-sayim-veya-mantiksal\/\"]}]},{\"@type\":\"ImageObject\",\"inLanguage\":\"tr\",\"@id\":\"https:\/\/exceladvisor.org\/tr\/sayimlar-sayim-veya-mantiksal\/#primaryimage\",\"url\":\"https:\/\/exceladvisor.org\/wp-content\/uploads\/2023\/08\/donnees-a-utiliser-ou-logique-dans-countif-et-countifs-1.png\",\"contentUrl\":\"https:\/\/exceladvisor.org\/wp-content\/uploads\/2023\/08\/donnees-a-utiliser-ou-logique-dans-countif-et-countifs-1.png\"},{\"@type\":\"BreadcrumbList\",\"@id\":\"https:\/\/exceladvisor.org\/tr\/sayimlar-sayim-veya-mantiksal\/#breadcrumb\",\"itemListElement\":[{\"@type\":\"ListItem\",\"position\":1,\"name\":\"Ev\",\"item\":\"https:\/\/exceladvisor.org\/tr\/\"},{\"@type\":\"ListItem\",\"position\":2,\"name\":\"Excel&#39;de countif\/counifs&#39;de veya mant\u0131\u011f\u0131 nas\u0131l kullan\u0131l\u0131r?\"}]},{\"@type\":\"WebSite\",\"@id\":\"https:\/\/exceladvisor.org\/tr\/#website\",\"url\":\"https:\/\/exceladvisor.org\/tr\/\",\"name\":\"Excel Advisor\",\"description\":\"Veri hakimiyetine y\u00f6nelik nihai rehberiniz!\",\"publisher\":{\"@id\":\"https:\/\/exceladvisor.org\/tr\/#organization\"},\"potentialAction\":[{\"@type\":\"SearchAction\",\"target\":{\"@type\":\"EntryPoint\",\"urlTemplate\":\"https:\/\/exceladvisor.org\/tr\/?s={search_term_string}\"},\"query-input\":{\"@type\":\"PropertyValueSpecification\",\"valueRequired\":true,\"valueName\":\"search_term_string\"}}],\"inLanguage\":\"tr\"},{\"@type\":\"Organization\",\"@id\":\"https:\/\/exceladvisor.org\/tr\/#organization\",\"name\":\"Excel Advisor\",\"url\":\"https:\/\/exceladvisor.org\/tr\/\",\"logo\":{\"@type\":\"ImageObject\",\"inLanguage\":\"tr\",\"@id\":\"https:\/\/exceladvisor.org\/tr\/#\/schema\/logo\/image\/\",\"url\":\"https:\/\/exceladvisor.org\/tr\/wp-content\/uploads\/2023\/12\/exceladvisor.org_.png\",\"contentUrl\":\"https:\/\/exceladvisor.org\/tr\/wp-content\/uploads\/2023\/12\/exceladvisor.org_.png\",\"width\":105,\"height\":36,\"caption\":\"Excel Advisor\"},\"image\":{\"@id\":\"https:\/\/exceladvisor.org\/tr\/#\/schema\/logo\/image\/\"}}]}<\/script>\n<!-- \/ Yoast SEO plugin. -->","yoast_head_json":{"title":"Excel&#39;de COUNTIF\/COUNIFS&#39;de VEYA Mant\u0131\u011f\u0131 nas\u0131l kullan\u0131l\u0131r?","description":"Bu yaz\u0131m\u0131zda COUNTIF ve COUNTIFS fonksiyonlar\u0131nda OR mant\u0131\u011f\u0131n\u0131 kullanarak birden fazla de\u011ferin nas\u0131l say\u0131laca\u011f\u0131n\u0131 \u00f6\u011freneceksiniz.","robots":{"index":"index","follow":"follow","max-snippet":"max-snippet:-1","max-image-preview":"max-image-preview:large","max-video-preview":"max-video-preview:-1"},"canonical":"https:\/\/exceladvisor.org\/tr\/sayimlar-sayim-veya-mantiksal\/","og_locale":"tr_TR","og_type":"article","og_title":"Excel&#39;de COUNTIF\/COUNIFS&#39;de VEYA Mant\u0131\u011f\u0131 nas\u0131l kullan\u0131l\u0131r?","og_description":"Bu yaz\u0131m\u0131zda COUNTIF ve COUNTIFS fonksiyonlar\u0131nda OR mant\u0131\u011f\u0131n\u0131 kullanarak birden fazla de\u011ferin nas\u0131l say\u0131laca\u011f\u0131n\u0131 \u00f6\u011freneceksiniz.","og_url":"https:\/\/exceladvisor.org\/tr\/sayimlar-sayim-veya-mantiksal\/","og_site_name":"Excel Advisor","article_modified_time":"2023-12-10T06:01:03+00:00","og_image":[{"url":"https:\/\/exceladvisor.org\/wp-content\/uploads\/2023\/08\/donnees-a-utiliser-ou-logique-dans-countif-et-countifs-1.png","type":"","width":"","height":""}],"twitter_card":"summary_large_image","twitter_misc":{"Tahmini okuma s\u00fcresi":"3 dakika"},"schema":{"@context":"https:\/\/schema.org","@graph":[{"@type":"WebPage","@id":"https:\/\/exceladvisor.org\/tr\/sayimlar-sayim-veya-mantiksal\/","url":"https:\/\/exceladvisor.org\/tr\/sayimlar-sayim-veya-mantiksal\/","name":"Excel&#39;de COUNTIF\/COUNIFS&#39;de VEYA Mant\u0131\u011f\u0131 nas\u0131l kullan\u0131l\u0131r?","isPartOf":{"@id":"https:\/\/exceladvisor.org\/tr\/#website"},"primaryImageOfPage":{"@id":"https:\/\/exceladvisor.org\/tr\/sayimlar-sayim-veya-mantiksal\/#primaryimage"},"image":{"@id":"https:\/\/exceladvisor.org\/tr\/sayimlar-sayim-veya-mantiksal\/#primaryimage"},"thumbnailUrl":"https:\/\/exceladvisor.org\/wp-content\/uploads\/2023\/08\/donnees-a-utiliser-ou-logique-dans-countif-et-countifs-1.png","datePublished":"2023-11-14T17:21:13+00:00","dateModified":"2023-12-10T06:01:03+00:00","description":"Bu yaz\u0131m\u0131zda COUNTIF ve COUNTIFS fonksiyonlar\u0131nda OR mant\u0131\u011f\u0131n\u0131 kullanarak birden fazla de\u011ferin nas\u0131l say\u0131laca\u011f\u0131n\u0131 \u00f6\u011freneceksiniz.","breadcrumb":{"@id":"https:\/\/exceladvisor.org\/tr\/sayimlar-sayim-veya-mantiksal\/#breadcrumb"},"inLanguage":"tr","potentialAction":[{"@type":"ReadAction","target":["https:\/\/exceladvisor.org\/tr\/sayimlar-sayim-veya-mantiksal\/"]}]},{"@type":"ImageObject","inLanguage":"tr","@id":"https:\/\/exceladvisor.org\/tr\/sayimlar-sayim-veya-mantiksal\/#primaryimage","url":"https:\/\/exceladvisor.org\/wp-content\/uploads\/2023\/08\/donnees-a-utiliser-ou-logique-dans-countif-et-countifs-1.png","contentUrl":"https:\/\/exceladvisor.org\/wp-content\/uploads\/2023\/08\/donnees-a-utiliser-ou-logique-dans-countif-et-countifs-1.png"},{"@type":"BreadcrumbList","@id":"https:\/\/exceladvisor.org\/tr\/sayimlar-sayim-veya-mantiksal\/#breadcrumb","itemListElement":[{"@type":"ListItem","position":1,"name":"Ev","item":"https:\/\/exceladvisor.org\/tr\/"},{"@type":"ListItem","position":2,"name":"Excel&#39;de countif\/counifs&#39;de veya mant\u0131\u011f\u0131 nas\u0131l kullan\u0131l\u0131r?"}]},{"@type":"WebSite","@id":"https:\/\/exceladvisor.org\/tr\/#website","url":"https:\/\/exceladvisor.org\/tr\/","name":"Excel Advisor","description":"Veri hakimiyetine y\u00f6nelik nihai rehberiniz!","publisher":{"@id":"https:\/\/exceladvisor.org\/tr\/#organization"},"potentialAction":[{"@type":"SearchAction","target":{"@type":"EntryPoint","urlTemplate":"https:\/\/exceladvisor.org\/tr\/?s={search_term_string}"},"query-input":{"@type":"PropertyValueSpecification","valueRequired":true,"valueName":"search_term_string"}}],"inLanguage":"tr"},{"@type":"Organization","@id":"https:\/\/exceladvisor.org\/tr\/#organization","name":"Excel Advisor","url":"https:\/\/exceladvisor.org\/tr\/","logo":{"@type":"ImageObject","inLanguage":"tr","@id":"https:\/\/exceladvisor.org\/tr\/#\/schema\/logo\/image\/","url":"https:\/\/exceladvisor.org\/tr\/wp-content\/uploads\/2023\/12\/exceladvisor.org_.png","contentUrl":"https:\/\/exceladvisor.org\/tr\/wp-content\/uploads\/2023\/12\/exceladvisor.org_.png","width":105,"height":36,"caption":"Excel Advisor"},"image":{"@id":"https:\/\/exceladvisor.org\/tr\/#\/schema\/logo\/image\/"}}]}},"yoast_meta":{"yoast_wpseo_title":"","yoast_wpseo_metadesc":"","yoast_wpseo_canonical":""},"_links":{"self":[{"href":"https:\/\/exceladvisor.org\/tr\/wp-json\/wp\/v2\/pages\/1631","targetHints":{"allow":["GET"]}}],"collection":[{"href":"https:\/\/exceladvisor.org\/tr\/wp-json\/wp\/v2\/pages"}],"about":[{"href":"https:\/\/exceladvisor.org\/tr\/wp-json\/wp\/v2\/types\/page"}],"author":[{"embeddable":true,"href":"https:\/\/exceladvisor.org\/tr\/wp-json\/wp\/v2\/users\/1"}],"replies":[{"embeddable":true,"href":"https:\/\/exceladvisor.org\/tr\/wp-json\/wp\/v2\/comments?post=1631"}],"version-history":[{"count":1,"href":"https:\/\/exceladvisor.org\/tr\/wp-json\/wp\/v2\/pages\/1631\/revisions"}],"predecessor-version":[{"id":2464,"href":"https:\/\/exceladvisor.org\/tr\/wp-json\/wp\/v2\/pages\/1631\/revisions\/2464"}],"wp:attachment":[{"href":"https:\/\/exceladvisor.org\/tr\/wp-json\/wp\/v2\/media?parent=1631"}],"curies":[{"name":"wp","href":"https:\/\/api.w.org\/{rel}","templated":true}]}}