{"id":1632,"date":"2023-11-14T17:14:32","date_gmt":"2023-11-14T17:14:32","guid":{"rendered":"https:\/\/exceladvisor.org\/tr\/yazim-denetleyicisi\/"},"modified":"2023-12-10T06:03:18","modified_gmt":"2023-12-10T06:03:18","slug":"yazim-denetleyicisi","status":"publish","type":"page","link":"https:\/\/exceladvisor.org\/tr\/yazim-denetleyicisi\/","title":{"rendered":"Excel&#39;de yaz\u0131m denetimi nas\u0131l yap\u0131l\u0131r?"},"content":{"rendered":"<div class=\"excel-icerikten-once\" id=\"excel-1350440264\"><script type=\"text\/javascript\">\r\n\tatOptions = {\r\n\t\t'key' : 'c1158f160081d6540a8409e6925dab94',\r\n\t\t'format' : 'iframe',\r\n\t\t'height' : 250,\r\n\t\t'width' : 300,\r\n\t\t'params' : {}\r\n\t};\r\n<\/script>\r\n<script type=\"text\/javascript\" src=\"\/\/www.highperformanceformat.com\/c1158f160081d6540a8409e6925dab94\/invoke.js\"><\/script><\/div> <p>Microsoft Word gibi Excel&#8217;in de yaz\u0131m denetimi \u00f6zelli\u011fi vard\u0131r ancak Excel&#8217;in metin verileri yerine a\u011f\u0131rl\u0131kl\u0131 olarak say\u0131sal de\u011ferler i\u00e7in kullan\u0131lmas\u0131 nedeniyle \u00e7o\u011fu Excel kullan\u0131c\u0131s\u0131 bu \u00f6zelli\u011fi bilmez veya kullanmaz.<\/p><p> Excel&#8217;deki yaz\u0131m denetimi, yanl\u0131\u015f yaz\u0131lan s\u00f6zc\u00fc\u011f\u00fc tan\u0131mlar ve kullan\u0131c\u0131lar bu yaz\u0131m denetimi \u00f6zelli\u011fini kullanarak bunlar\u0131 d\u00fczeltebilir.<\/p><p> Kar\u015f\u0131la\u015ft\u0131rma yaparsak, Excel&#8217;deki yaz\u0131m denetimi, dilbilgisi hatalar\u0131n\u0131, yanl\u0131\u015f yaz\u0131lm\u0131\u015f s\u00f6zc\u00fckleri denetledi\u011fi ve yanl\u0131\u015f s\u00f6zc\u00fcklerin alt\u0131n\u0131 \u00e7izdi\u011fi Word&#8217;deki gibi \u00e7ok geli\u015fmi\u015f de\u011fildir, ancak yine de Excel kullan\u0131c\u0131lar\u0131n\u0131n yanl\u0131\u015f yaz\u0131lan s\u00f6zc\u00fckleri belirlemek ve bunlar\u0131 d\u00fczeltmek i\u00e7in bu denetimi \u00e7al\u0131\u015ft\u0131rmas\u0131 iyi bir se\u00e7enektir. .<\/p><h2 class=\"wp-block-heading\"> Excel&#8217;de Yaz\u0131m Denetimini \u00c7al\u0131\u015ft\u0131r<\/h2><ol><li> \u0130lk olarak, yaz\u0131m denetimini \u00e7al\u0131\u015ft\u0131rmak istedi\u011finiz h\u00fccreyi se\u00e7in veya yaz\u0131m denetimini sayfan\u0131n tamam\u0131nda \u00e7al\u0131\u015ft\u0131rmak i\u00e7in A1 h\u00fccresini se\u00e7in.<\/li><li> Bundan sonra, \u201c\u0130nceleme\u201d sekmesine gidin ve \u015feritteki \u201cDenetleniyor\u201d grubunun alt\u0131ndaki \u201cYaz\u0131m Denetimi\u201d simgesine t\u0131klay\u0131n veya yaz\u0131m denetimi i\u00e7in k\u0131sayol tu\u015fu olarak F7 tu\u015funa bas\u0131n. <br><img loading=\"lazy\" decoding=\"async\" title=\"1 \u00e7al\u0131\u015ft\u0131rmada yaz\u0131m denetimi\" src=\"https:\/\/exceladvisor.org\/wp-content\/uploads\/2023\/08\/1-verification-orthographique.png\" sizes=\"auto, \" srcset=\"\" alt=\"run-spell-check\" width=\"444\" height=\"156\"><\/li><li> &#8220;Yaz\u0131m Denetimi&#8221; se\u00e7ene\u011fine t\u0131klad\u0131\u011f\u0131n\u0131zda yaz\u0131m denetimi ba\u015flayacak ve yanl\u0131\u015f yaz\u0131lm\u0131\u015f bir s\u00f6zc\u00fck bulursan\u0131z yaz\u0131m denetimi ileti\u015fim kutusu a\u00e7\u0131lacakt\u0131r.<\/li><li> Yaz\u0131m ileti\u015fim kutusu, yanl\u0131\u015f yaz\u0131lan kelimeye g\u00f6re bunlardan birini se\u00e7meniz i\u00e7in birden fazla \u00f6neri se\u00e7ene\u011fi sunar ve bu kelime i\u00e7in &#8220;Bir kez yoksay, d\u00fczenle, s\u00f6zl\u00fc\u011fe ekle&#8221; gibi birden fazla eylem ve di\u011fer bir\u00e7ok se\u00e7enek sunar. di\u011ferleri. <br><img loading=\"lazy\" decoding=\"async\" title=\"2-Yaz\u0131m Denetimi \u0130leti\u015fim Kutusu\" src=\"https:\/\/exceladvisor.org\/wp-content\/uploads\/2023\/08\/2-boite-de-dialogue-de-verification-orthographique.png\" sizes=\"auto, \" srcset=\"\" alt=\"spell-check-dialog-box\" width=\"509\" height=\"302\"><\/li><li> Art\u0131k \u00f6neriyi se\u00e7ebilir ve yanl\u0131\u015f yaz\u0131lan kelimeyi yaln\u0131zca bu seferlik g\u00fcncellemek i\u00e7in &#8220;D\u00fczenle&#8221;yi t\u0131klayabilir veya bu yanl\u0131\u015f yaz\u0131lan kelimeyi yaln\u0131zca bu seferlik g\u00f6z ard\u0131 etmek i\u00e7in &#8220;Bir Kez Yoksay&#8221;\u0131 t\u0131klayabilir veya bu kelimeyi yaz\u0131m\u0131na eklemek i\u00e7in &#8220;S\u00f6zl\u00fc\u011fe ekle&#8221;yi t\u0131klayabilirsiniz. s\u00f6zl\u00fck.<\/li><li> T\u00fcm yanl\u0131\u015f yaz\u0131lan s\u00f6zc\u00fcklerle i\u015finiz bitti\u011finde, yaz\u0131m denetiminin tamamland\u0131\u011f\u0131n\u0131 belirten bir ileti\u015fim kutusu g\u00f6r\u00fcnt\u00fclenecek ve Tamam&#8217;a t\u0131klay\u0131n. <br><img loading=\"lazy\" decoding=\"async\" title=\"3 yaz\u0131m denetimi tamamland\u0131\" src=\"https:\/\/exceladvisor.org\/wp-content\/uploads\/2023\/08\/3-verification-orthographique-terminee.png\" sizes=\"auto, \" srcset=\"\" alt=\"spell-check-complete\" width=\"284\" height=\"125\"><\/li><\/ol><h2 class=\"wp-block-heading\"> Yaz\u0131m Denetimi \u0130leti\u015fim Kutusu Se\u00e7enekleri<\/h2><ol><li> <strong>Bir Kez Yoksay:<\/strong> Yanl\u0131\u015f yaz\u0131lm\u0131\u015f olarak bulunan kelimeyi yaln\u0131zca bir kez yok sayar, yani ayn\u0131 kelime sayfada tekrarlan\u0131rsa, o kelimeyi tekrar hatal\u0131 yaz\u0131lm\u0131\u015f olarak bulur.<\/li><li> <strong>T\u00fcm\u00fcn\u00fc Yoksay:<\/strong> Yanl\u0131\u015f yaz\u0131lm\u0131\u015f olarak bulunan s\u00f6zc\u00fc\u011f\u00fc t\u00fcm durumlarda yok sayar ve tekrarlanan s\u00f6zc\u00fc\u011f\u00fc art\u0131k \u00e7al\u0131\u015fma sayfas\u0131nda yanl\u0131\u015f yaz\u0131lm\u0131\u015f olarak g\u00f6r\u00fcnt\u00fclemez.<\/li><li> <strong>S\u00f6zl\u00fc\u011fe Ekle:<\/strong> Girdi\u011finiz s\u00f6zc\u00fc\u011f\u00fcn ayn\u0131s\u0131n\u0131 kullanman\u0131z gerekiyorsa (\u00f6zellikle k\u0131saltmalar durumunda), ancak yaz\u0131m denetimi bu s\u00f6zc\u00fc\u011f\u00fcn yanl\u0131\u015f yaz\u0131ld\u0131\u011f\u0131n\u0131 belirlerse, bu s\u00f6zc\u00fc\u011f\u00fc s\u00f6zl\u00fc\u011fe yaz\u0131m denetimine ekleyebilirsiniz; Bu s\u00f6zc\u00fc\u011f\u00fc kullan\u0131rsan\u0131z, yaz\u0131m denetleyicisi onu yanl\u0131\u015f yaz\u0131lm\u0131\u015f olarak bulmayacakt\u0131r.<\/li><li> <strong>D\u00fczenleme:<\/strong> Yanl\u0131\u015f yaz\u0131lan s\u00f6zc\u00fc\u011f\u00fc, o yanl\u0131\u015f yaz\u0131lan s\u00f6zc\u00fck i\u00e7in mevcut \u00f6neriler aras\u0131ndan se\u00e7ti\u011finiz \u00f6neriyle de\u011fi\u015ftirir.<\/li><li> <strong>T\u00fcm\u00fcn\u00fc De\u011fi\u015ftir:<\/strong> Yanl\u0131\u015f yaz\u0131lan kelimenin olu\u015fumunu se\u00e7ti\u011finiz \u00f6neriyle de\u011fi\u015ftirin.<\/li><li> <strong>Otomatik d\u00fczeltme:<\/strong> Yanl\u0131\u015f yaz\u0131lan kelimeyi \u00f6neriyle d\u00fczenleyin ve bu \u00f6neriyi otomatik d\u00fczeltme listesine ekleyin; bu yanl\u0131\u015f yaz\u0131lan kelimeyi her girdi\u011finizde, yaz\u0131m denetleyicisi bu kelimeyi \u00f6nceden se\u00e7ilen \u00f6neriyle otomatik olarak d\u00fczeltir.<\/li><\/ol><h2 class=\"wp-block-heading\"> Excel&#8217;de varsay\u0131lan yaz\u0131m denetimi ayarlar\u0131n\u0131 de\u011fi\u015ftirme<\/h2><p> Excel&#8217;de yaz\u0131m denetiminin, kullan\u0131c\u0131lar\u0131n a\u015fa\u011f\u0131dakileri yaparak de\u011fi\u015ftirebilece\u011fi baz\u0131 varsay\u0131lan ayarlar\u0131 vard\u0131r:<\/p><ol><li> \u0130lk \u00f6nce yaz\u0131m denetimi ileti\u015fim kutusundaki \u201cSe\u00e7enekler\u201d d\u00fc\u011fmesini t\u0131klay\u0131n. <br><img loading=\"lazy\" decoding=\"async\" title=\"4 yaz\u0131m denetimi ileti\u015fim kutusu se\u00e7ene\u011fi\" src=\"https:\/\/exceladvisor.org\/wp-content\/uploads\/2023\/08\/4-options-de-boite-de-dialogue-de-verification-orthographique.png\" sizes=\"auto, \" srcset=\"\" alt=\"spell-check-dialog-box-options\" width=\"498\" height=\"296\"><\/li><li> \u201cSe\u00e7enekler\u201de t\u0131klad\u0131\u011f\u0131n\u0131zda, varsay\u0131lan ayar\u0131 de\u011fi\u015ftirebilece\u011finiz \u201cExcel Se\u00e7enekleri\u201d ileti\u015fim kutusu a\u00e7\u0131lacakt\u0131r.<\/li><li> \u015eimdi de\u011fi\u015ftirmek istedi\u011finiz varsay\u0131lan ayar se\u00e7eneklerinin i\u015faretini kald\u0131r\u0131n veya i\u015faretleyin ve Tamam&#8217;a t\u0131klay\u0131n. <br><img loading=\"lazy\" decoding=\"async\" title=\"5 varsay\u0131lan yaz\u0131m denetimi se\u00e7ene\u011fi\" src=\"https:\/\/exceladvisor.org\/wp-content\/uploads\/2023\/08\/5-options-de-verification-orthographique-par-defaut.png\" sizes=\"auto, \" srcset=\"\" alt=\"spell-check-default-options\" width=\"626\" height=\"514\"><\/li><\/ol><h2 class=\"wp-block-heading\"> \u00c7\u0131kar\u0131mlar:<\/h2><ol><li> Yaz\u0131m denetimi yaln\u0131zca yanl\u0131\u015f yaz\u0131lan s\u00f6zc\u00fckleri tan\u0131mlar.<\/li><li> Yaz\u0131m denetimi, siz bu varsay\u0131lan ayar se\u00e7eneklerinin i\u015faretini kald\u0131r\u0131ncaya kadar b\u00fcy\u00fck harfli s\u00f6zc\u00fckleri ve say\u0131 kombinasyonuna sahip s\u00f6zc\u00fckleri tan\u0131mlamaz.<\/li><li> Yaz\u0131m denetimi, Excel form\u00fcllerindeki s\u00f6zc\u00fckleri tan\u0131mlamaz.<\/li><li> Yaz\u0131m denetimi soldan sa\u011fa sat\u0131r sat\u0131r \u00e7al\u0131\u015f\u0131r.<\/li><li> A1 d\u0131\u015f\u0131nda herhangi bir h\u00fccreye t\u0131klay\u0131p yaz\u0131m denetimini \u00e7al\u0131\u015ft\u0131r\u0131rsan\u0131z, o sat\u0131rda se\u00e7ilen s\u00fctunun solundaki h\u00fccreler yok say\u0131lacakt\u0131r.<\/li><li> Birden fazla h\u00fccre se\u00e7ip yaz\u0131m denetimini \u00e7al\u0131\u015ft\u0131r\u0131rsan\u0131z, yaln\u0131zca se\u00e7ilen h\u00fccrelerde \u00e7al\u0131\u015facakt\u0131r.<\/li><li> Yaz\u0131m denetimi size yanl\u0131\u015f yaz\u0131lan s\u00f6zc\u00fckleri tek tek g\u00f6sterir; bu, herhangi bir h\u00fccrede bir hata buldu\u011fu anlam\u0131na gelir, bu hataya g\u00f6re i\u015flem yapmak i\u00e7in bir yaz\u0131m denetimi ileti\u015fim kutusu a\u00e7ar ve yap\u0131ld\u0131\u011f\u0131n\u0131 kontrol etti\u011finizde, size yaln\u0131zca bir sonraki yanl\u0131\u015f yaz\u0131m\u0131 g\u00f6sterir.<\/li><\/ol><div class=\"gb-container gb-container-4db6181c gb-container-mt\"> <a class=\"gb-button gb-button-c5897111 gb-button-text gb-button-mt-button\" href=\"https:\/\/exceladvisor.org\/tr\/excelin-temelleri\/\">Microsoft Excel Temelleri (Bile\u015fenler, Par\u00e7alar ve Bilgi Notlar\u0131)<\/a><h2 class=\"gb-headline gb-headline-665e5f6b gb-headline-text gb-headline-mt-heading\"> \u0130lgili e\u011fitimler <\/h2><div class=\"gb-grid-wrapper gb-grid-wrapper-a20baf7c gb-grid-wrapper-mt-grid\"><div class=\"gb-grid-column gb-grid-column-65ddf67e\"><div class=\"gb-container gb-container-65ddf67e\"><ul><li> <a href=\"https:\/\/exceladvisor.org\/tr\/bir-cizgi-ciz\/\">Excel&#8217;de bir \u00e7izgi \u00e7izin<\/a><\/li><li> <a href=\"https:\/\/exceladvisor.org\/tr\/dugme-ekle\/\">Excel&#8217;e d\u00fc\u011fme ekleme<\/a><\/li><li> <a href=\"https:\/\/exceladvisor.org\/tr\/ayrisan-hucreleri-birlestirme\/\">Birle\u015ftirme \u2013 Excel&#8217;deki h\u00fccrelerin grubunu \u00e7\u00f6zme<\/a><\/li><li> <a href=\"https:\/\/exceladvisor.org\/tr\/para-cekme\/\">Excel&#8217;de girintiyi art\u0131rma ve azaltma<\/a><\/li><li> <a href=\"https:\/\/exceladvisor.org\/tr\/metni-dondur\/\">Excel&#8217;de metni d\u00f6nd\u00fcrme (metin y\u00f6nlendirmesi)<\/a> <\/li><\/ul><\/div><\/div><div class=\"gb-grid-column gb-grid-column-50067b57\"><div class=\"gb-container gb-container-50067b57\"><\/div><\/div><\/div><\/div>","protected":false},"excerpt":{"rendered":"","protected":false},"author":1,"featured_media":0,"parent":0,"menu_order":0,"comment_status":"open","ping_status":"closed","template":"","meta":{"ub_ctt_via":"","footnotes":""},"class_list":["post-1632","page","type-page","status-publish","hentry"],"featured_image_src":null,"yoast_head":"<!-- This site is optimized with the Yoast SEO plugin v25.4 - https:\/\/yoast.com\/wordpress\/plugins\/seo\/ -->\n<title>\u25b7 Excel&#039;de yaz\u0131m denetimi nas\u0131l yap\u0131l\u0131r? (E\u011fitim 2023)<\/title>\n<meta name=\"description\" content=\"Bu derste Excel&#039;de yaz\u0131m denetiminin nas\u0131l yap\u0131laca\u011f\u0131n\u0131 \u00f6\u011frenece\u011fiz ve ayn\u0131 zamanda t\u00fcm yaz\u0131m denetimi i\u015flemlerini de \u00f6\u011frenece\u011fiz.\" \/>\n<meta name=\"robots\" content=\"index, follow, max-snippet:-1, max-image-preview:large, max-video-preview:-1\" \/>\n<link rel=\"canonical\" href=\"https:\/\/exceladvisor.org\/tr\/yazim-denetleyicisi\/\" \/>\n<meta property=\"og:locale\" content=\"tr_TR\" \/>\n<meta property=\"og:type\" content=\"article\" \/>\n<meta property=\"og:title\" content=\"\u25b7 Excel&#039;de yaz\u0131m denetimi nas\u0131l yap\u0131l\u0131r? (E\u011fitim 2023)\" \/>\n<meta property=\"og:description\" content=\"Bu derste Excel&#039;de yaz\u0131m denetiminin nas\u0131l yap\u0131laca\u011f\u0131n\u0131 \u00f6\u011frenece\u011fiz ve ayn\u0131 zamanda t\u00fcm yaz\u0131m denetimi i\u015flemlerini de \u00f6\u011frenece\u011fiz.\" \/>\n<meta property=\"og:url\" content=\"https:\/\/exceladvisor.org\/tr\/yazim-denetleyicisi\/\" \/>\n<meta property=\"og:site_name\" content=\"Excel Advisor\" \/>\n<meta property=\"article:modified_time\" content=\"2023-12-10T06:03:18+00:00\" \/>\n<meta property=\"og:image\" content=\"https:\/\/exceladvisor.org\/wp-content\/uploads\/2023\/08\/1-verification-orthographique.png\" \/>\n<meta name=\"twitter:card\" content=\"summary_large_image\" \/>\n<meta name=\"twitter:label1\" content=\"Tahmini okuma s\u00fcresi\" \/>\n\t<meta name=\"twitter:data1\" content=\"5 dakika\" \/>\n<script type=\"application\/ld+json\" class=\"yoast-schema-graph\">{\"@context\":\"https:\/\/schema.org\",\"@graph\":[{\"@type\":\"WebPage\",\"@id\":\"https:\/\/exceladvisor.org\/tr\/yazim-denetleyicisi\/\",\"url\":\"https:\/\/exceladvisor.org\/tr\/yazim-denetleyicisi\/\",\"name\":\"\u25b7 Excel&#39;de yaz\u0131m denetimi nas\u0131l yap\u0131l\u0131r? (E\u011fitim 2023)\",\"isPartOf\":{\"@id\":\"https:\/\/exceladvisor.org\/tr\/#website\"},\"primaryImageOfPage\":{\"@id\":\"https:\/\/exceladvisor.org\/tr\/yazim-denetleyicisi\/#primaryimage\"},\"image\":{\"@id\":\"https:\/\/exceladvisor.org\/tr\/yazim-denetleyicisi\/#primaryimage\"},\"thumbnailUrl\":\"https:\/\/exceladvisor.org\/wp-content\/uploads\/2023\/08\/1-verification-orthographique.png\",\"datePublished\":\"2023-11-14T17:14:32+00:00\",\"dateModified\":\"2023-12-10T06:03:18+00:00\",\"description\":\"Bu derste Excel&#39;de yaz\u0131m denetiminin nas\u0131l yap\u0131laca\u011f\u0131n\u0131 \u00f6\u011frenece\u011fiz ve ayn\u0131 zamanda t\u00fcm yaz\u0131m denetimi i\u015flemlerini de \u00f6\u011frenece\u011fiz.\",\"breadcrumb\":{\"@id\":\"https:\/\/exceladvisor.org\/tr\/yazim-denetleyicisi\/#breadcrumb\"},\"inLanguage\":\"tr\",\"potentialAction\":[{\"@type\":\"ReadAction\",\"target\":[\"https:\/\/exceladvisor.org\/tr\/yazim-denetleyicisi\/\"]}]},{\"@type\":\"ImageObject\",\"inLanguage\":\"tr\",\"@id\":\"https:\/\/exceladvisor.org\/tr\/yazim-denetleyicisi\/#primaryimage\",\"url\":\"https:\/\/exceladvisor.org\/wp-content\/uploads\/2023\/08\/1-verification-orthographique.png\",\"contentUrl\":\"https:\/\/exceladvisor.org\/wp-content\/uploads\/2023\/08\/1-verification-orthographique.png\"},{\"@type\":\"BreadcrumbList\",\"@id\":\"https:\/\/exceladvisor.org\/tr\/yazim-denetleyicisi\/#breadcrumb\",\"itemListElement\":[{\"@type\":\"ListItem\",\"position\":1,\"name\":\"Ev\",\"item\":\"https:\/\/exceladvisor.org\/tr\/\"},{\"@type\":\"ListItem\",\"position\":2,\"name\":\"Excel&#39;de yaz\u0131m denetimi nas\u0131l yap\u0131l\u0131r?\"}]},{\"@type\":\"WebSite\",\"@id\":\"https:\/\/exceladvisor.org\/tr\/#website\",\"url\":\"https:\/\/exceladvisor.org\/tr\/\",\"name\":\"Excel Advisor\",\"description\":\"Veri hakimiyetine y\u00f6nelik nihai rehberiniz!\",\"publisher\":{\"@id\":\"https:\/\/exceladvisor.org\/tr\/#organization\"},\"potentialAction\":[{\"@type\":\"SearchAction\",\"target\":{\"@type\":\"EntryPoint\",\"urlTemplate\":\"https:\/\/exceladvisor.org\/tr\/?s={search_term_string}\"},\"query-input\":{\"@type\":\"PropertyValueSpecification\",\"valueRequired\":true,\"valueName\":\"search_term_string\"}}],\"inLanguage\":\"tr\"},{\"@type\":\"Organization\",\"@id\":\"https:\/\/exceladvisor.org\/tr\/#organization\",\"name\":\"Excel Advisor\",\"url\":\"https:\/\/exceladvisor.org\/tr\/\",\"logo\":{\"@type\":\"ImageObject\",\"inLanguage\":\"tr\",\"@id\":\"https:\/\/exceladvisor.org\/tr\/#\/schema\/logo\/image\/\",\"url\":\"https:\/\/exceladvisor.org\/tr\/wp-content\/uploads\/2023\/12\/exceladvisor.org_.png\",\"contentUrl\":\"https:\/\/exceladvisor.org\/tr\/wp-content\/uploads\/2023\/12\/exceladvisor.org_.png\",\"width\":105,\"height\":36,\"caption\":\"Excel Advisor\"},\"image\":{\"@id\":\"https:\/\/exceladvisor.org\/tr\/#\/schema\/logo\/image\/\"}}]}<\/script>\n<!-- \/ Yoast SEO plugin. -->","yoast_head_json":{"title":"\u25b7 Excel&#39;de yaz\u0131m denetimi nas\u0131l yap\u0131l\u0131r? (E\u011fitim 2023)","description":"Bu derste Excel&#39;de yaz\u0131m denetiminin nas\u0131l yap\u0131laca\u011f\u0131n\u0131 \u00f6\u011frenece\u011fiz ve ayn\u0131 zamanda t\u00fcm yaz\u0131m denetimi i\u015flemlerini de \u00f6\u011frenece\u011fiz.","robots":{"index":"index","follow":"follow","max-snippet":"max-snippet:-1","max-image-preview":"max-image-preview:large","max-video-preview":"max-video-preview:-1"},"canonical":"https:\/\/exceladvisor.org\/tr\/yazim-denetleyicisi\/","og_locale":"tr_TR","og_type":"article","og_title":"\u25b7 Excel&#39;de yaz\u0131m denetimi nas\u0131l yap\u0131l\u0131r? (E\u011fitim 2023)","og_description":"Bu derste Excel&#39;de yaz\u0131m denetiminin nas\u0131l yap\u0131laca\u011f\u0131n\u0131 \u00f6\u011frenece\u011fiz ve ayn\u0131 zamanda t\u00fcm yaz\u0131m denetimi i\u015flemlerini de \u00f6\u011frenece\u011fiz.","og_url":"https:\/\/exceladvisor.org\/tr\/yazim-denetleyicisi\/","og_site_name":"Excel Advisor","article_modified_time":"2023-12-10T06:03:18+00:00","og_image":[{"url":"https:\/\/exceladvisor.org\/wp-content\/uploads\/2023\/08\/1-verification-orthographique.png","type":"","width":"","height":""}],"twitter_card":"summary_large_image","twitter_misc":{"Tahmini okuma s\u00fcresi":"5 dakika"},"schema":{"@context":"https:\/\/schema.org","@graph":[{"@type":"WebPage","@id":"https:\/\/exceladvisor.org\/tr\/yazim-denetleyicisi\/","url":"https:\/\/exceladvisor.org\/tr\/yazim-denetleyicisi\/","name":"\u25b7 Excel&#39;de yaz\u0131m denetimi nas\u0131l yap\u0131l\u0131r? (E\u011fitim 2023)","isPartOf":{"@id":"https:\/\/exceladvisor.org\/tr\/#website"},"primaryImageOfPage":{"@id":"https:\/\/exceladvisor.org\/tr\/yazim-denetleyicisi\/#primaryimage"},"image":{"@id":"https:\/\/exceladvisor.org\/tr\/yazim-denetleyicisi\/#primaryimage"},"thumbnailUrl":"https:\/\/exceladvisor.org\/wp-content\/uploads\/2023\/08\/1-verification-orthographique.png","datePublished":"2023-11-14T17:14:32+00:00","dateModified":"2023-12-10T06:03:18+00:00","description":"Bu derste Excel&#39;de yaz\u0131m denetiminin nas\u0131l yap\u0131laca\u011f\u0131n\u0131 \u00f6\u011frenece\u011fiz ve ayn\u0131 zamanda t\u00fcm yaz\u0131m denetimi i\u015flemlerini de \u00f6\u011frenece\u011fiz.","breadcrumb":{"@id":"https:\/\/exceladvisor.org\/tr\/yazim-denetleyicisi\/#breadcrumb"},"inLanguage":"tr","potentialAction":[{"@type":"ReadAction","target":["https:\/\/exceladvisor.org\/tr\/yazim-denetleyicisi\/"]}]},{"@type":"ImageObject","inLanguage":"tr","@id":"https:\/\/exceladvisor.org\/tr\/yazim-denetleyicisi\/#primaryimage","url":"https:\/\/exceladvisor.org\/wp-content\/uploads\/2023\/08\/1-verification-orthographique.png","contentUrl":"https:\/\/exceladvisor.org\/wp-content\/uploads\/2023\/08\/1-verification-orthographique.png"},{"@type":"BreadcrumbList","@id":"https:\/\/exceladvisor.org\/tr\/yazim-denetleyicisi\/#breadcrumb","itemListElement":[{"@type":"ListItem","position":1,"name":"Ev","item":"https:\/\/exceladvisor.org\/tr\/"},{"@type":"ListItem","position":2,"name":"Excel&#39;de yaz\u0131m denetimi nas\u0131l yap\u0131l\u0131r?"}]},{"@type":"WebSite","@id":"https:\/\/exceladvisor.org\/tr\/#website","url":"https:\/\/exceladvisor.org\/tr\/","name":"Excel Advisor","description":"Veri hakimiyetine y\u00f6nelik nihai rehberiniz!","publisher":{"@id":"https:\/\/exceladvisor.org\/tr\/#organization"},"potentialAction":[{"@type":"SearchAction","target":{"@type":"EntryPoint","urlTemplate":"https:\/\/exceladvisor.org\/tr\/?s={search_term_string}"},"query-input":{"@type":"PropertyValueSpecification","valueRequired":true,"valueName":"search_term_string"}}],"inLanguage":"tr"},{"@type":"Organization","@id":"https:\/\/exceladvisor.org\/tr\/#organization","name":"Excel Advisor","url":"https:\/\/exceladvisor.org\/tr\/","logo":{"@type":"ImageObject","inLanguage":"tr","@id":"https:\/\/exceladvisor.org\/tr\/#\/schema\/logo\/image\/","url":"https:\/\/exceladvisor.org\/tr\/wp-content\/uploads\/2023\/12\/exceladvisor.org_.png","contentUrl":"https:\/\/exceladvisor.org\/tr\/wp-content\/uploads\/2023\/12\/exceladvisor.org_.png","width":105,"height":36,"caption":"Excel Advisor"},"image":{"@id":"https:\/\/exceladvisor.org\/tr\/#\/schema\/logo\/image\/"}}]}},"yoast_meta":{"yoast_wpseo_title":"","yoast_wpseo_metadesc":"","yoast_wpseo_canonical":""},"_links":{"self":[{"href":"https:\/\/exceladvisor.org\/tr\/wp-json\/wp\/v2\/pages\/1632","targetHints":{"allow":["GET"]}}],"collection":[{"href":"https:\/\/exceladvisor.org\/tr\/wp-json\/wp\/v2\/pages"}],"about":[{"href":"https:\/\/exceladvisor.org\/tr\/wp-json\/wp\/v2\/types\/page"}],"author":[{"embeddable":true,"href":"https:\/\/exceladvisor.org\/tr\/wp-json\/wp\/v2\/users\/1"}],"replies":[{"embeddable":true,"href":"https:\/\/exceladvisor.org\/tr\/wp-json\/wp\/v2\/comments?post=1632"}],"version-history":[{"count":1,"href":"https:\/\/exceladvisor.org\/tr\/wp-json\/wp\/v2\/pages\/1632\/revisions"}],"predecessor-version":[{"id":2646,"href":"https:\/\/exceladvisor.org\/tr\/wp-json\/wp\/v2\/pages\/1632\/revisions\/2646"}],"wp:attachment":[{"href":"https:\/\/exceladvisor.org\/tr\/wp-json\/wp\/v2\/media?parent=1632"}],"curies":[{"name":"wp","href":"https:\/\/api.w.org\/{rel}","templated":true}]}}