{"id":1633,"date":"2023-11-14T16:51:36","date_gmt":"2023-11-14T16:51:36","guid":{"rendered":"https:\/\/exceladvisor.org\/tr\/ilk-son-kelimeyi-al\/"},"modified":"2023-12-10T06:00:08","modified_gmt":"2023-12-10T06:00:08","slug":"ilk-son-kelimeyi-al","status":"publish","type":"page","link":"https:\/\/exceladvisor.org\/tr\/ilk-son-kelimeyi-al\/","title":{"rendered":"Excel&#39;de adlar nas\u0131l ayr\u0131l\u0131r \u2013 (ad ve soyad\u0131)"},"content":{"rendered":"<div class=\"excel-icerikten-once\" id=\"excel-2888470226\"><script type=\"text\/javascript\">\r\n\tatOptions = {\r\n\t\t'key' : 'c1158f160081d6540a8409e6925dab94',\r\n\t\t'format' : 'iframe',\r\n\t\t'height' : 250,\r\n\t\t'width' : 300,\r\n\t\t'params' : {}\r\n\t};\r\n<\/script>\r\n<script type=\"text\/javascript\" src=\"\/\/www.highperformanceformat.com\/c1158f160081d6540a8409e6925dab94\/invoke.js\"><\/script><\/div> <p>Excel&#8217;de adlar\u0131 b\u00f6lmemiz (bir h\u00fccrenin\/metin dizesinin ilk ve son s\u00f6zc\u00fc\u011f\u00fcn\u00fc almam\u0131z) gereken bir durumla s\u0131kl\u0131kla kar\u015f\u0131la\u015f\u0131r\u0131z.<\/p><p> Hem ad\u0131 hem de soyad\u0131n\u0131 i\u00e7eren bir h\u00fccreden ad\u0131 \u00e7\u0131karmak istedi\u011finizi veya \u00fcr\u00fcn a\u00e7\u0131klama h\u00fccresinden \u00fcr\u00fcn ad\u0131n\u0131 \u00e7\u0131karmak istedi\u011finizi varsayal\u0131m.<\/p><p> Bunu \u00e7\u0131karabilecek bir fonksiyona ihtiyac\u0131m\u0131z var. K\u00f6t\u00fc haber \u015fu ki, Excel&#8217;de bir h\u00fccreden ilk ve son s\u00f6zc\u00fc\u011f\u00fc do\u011frudan \u00e7\u0131karmak i\u00e7in \u00f6zel bir i\u015flev yoktur.<\/p><p> Ancak <strong>iyi haber \u015fu ki,<\/strong> bu kelimeleri elde etmek i\u00e7in i\u015flevleri birle\u015ftirip bir form\u00fcl olu\u015fturabilirsiniz. Bug\u00fcn bu yaz\u0131mda sizlerle form\u00fcl kullanarak ayr\u0131 isimlerin nas\u0131l al\u0131naca\u011f\u0131n\u0131 payla\u015fmak istiyorum.<\/p><h2 id=\"tab-con-2\" class=\"wp-block-heading\"> Ad\u0131n\u0131 \u00e7\u0131kar<\/h2><p> Bir metin dizesinden ilk s\u00f6zc\u00fc\u011f\u00fc \u00e7\u0131karmak, son s\u00f6zc\u00fc\u011f\u00fc \u00e7\u0131karmaktan \u00e7ok daha kolayd\u0131r. Bunun i\u00e7in ARAMA ve SOL olmak \u00fczere iki farkl\u0131 metin fonksiyonunu birle\u015ftirerek bir form\u00fcl olu\u015fturabiliriz.<\/p><p> Bunu bir \u00f6rnekle anlayal\u0131m. A\u015fa\u011f\u0131daki tabloda ad ve soyad\u0131n\u0131 i\u00e7eren bir ad listesi bulunmaktad\u0131r. \u015eimdi buradan h\u00fccredeki ilk kelime olan ilk ismi \u00e7\u0131karmam\u0131z gerekiyor. <\/p><div class=\"wp-block-image\"><figure class=\"aligncenter\"><img decoding=\"async\" src=\"https:\/\/exceladvisor.org\/wp-content\/uploads\/2023\/08\/donnees-pour-obtenir-nom-et-prenom-min-1.png\" sizes=\"\" srcset=\"\" alt=\"ad\u0131n\u0131z\u0131 ve soyad\u0131n\u0131z\u0131 almak i\u00e7in gereken veriler min\"><\/figure><\/div><p> Ve yukar\u0131daki s\u00fctundan ilk ad\u0131 alman\u0131n form\u00fcl\u00fc \u015fudur:<\/p><pre class=\"wp-block-code\"> <code class=\"language-excel-formula\" lang=\"excel-formula\">=LEFT(A2,SEARCH(\" \",A2)-1)<\/code><\/pre><p> <span style=\"font-family: inherit;\">Bu sadece metindeki ilk kelime olan ilk ad\u0131 d\u00f6nd\u00fcr\u00fcr.<\/span> <\/p><div class=\"wp-block-image\"><figure class=\"aligncenter\"><img decoding=\"async\" src=\"https:\/\/exceladvisor.org\/wp-content\/uploads\/2023\/08\/obtenir-le-premier-mot-du-nom-complet-min-1.png\" sizes=\"\" srcset=\"\" alt=\"tam ad\u0131n ilk kelimesini al min\"><\/figure><\/div><p> Yukar\u0131daki \u00f6rnekte, SEARCH (Bir metin dizesini ba\u015fka bir metin dizesi i\u00e7inde arayabilir) ve SOL (Sol taraftan bir metni \u00e7\u0131karabilir) kombinasyonunu kulland\u0131k.<\/p><h3 id=\"tab-con-1\" class=\"wp-block-heading\"> Nas\u0131l \u00e7al\u0131\u015f\u0131r<\/h3><p> Bu form\u00fcl iki farkl\u0131 k\u0131s\u0131mda \u00e7al\u0131\u015f\u0131r. <\/p><div class=\"wp-block-image\"><figure class=\"aligncenter\"><img decoding=\"async\" src=\"https:\/\/exceladvisor.org\/wp-content\/uploads\/2023\/08\/combinaison-de-formules-de-gauche-et-de-recherche-pour-obtenir-le-premier-mot-dune-chaine-de-texte-a-partir-dune-cellule-dans-Excel-min-1.png\" sizes=\"\" srcset=\"\" alt=\"Excel min'deki bir h\u00fccreden bir metin dizesinin ilk kelimesini almak i\u00e7in sol ve arama form\u00fcllerinin birle\u015fimi\"><\/figure><\/div><p> <strong>\u0130lk<\/strong> b\u00f6l\u00fcmde, SEARCH i\u015flevi metindeki bo\u015flu\u011fun konumunu bulur ve ilk kelimenin son karakterinin konumunu bulmak i\u00e7in bir say\u0131 \u00e7\u0131karaca\u011f\u0131n\u0131z bir say\u0131 d\u00f6nd\u00fcr\u00fcr. <\/p><div class=\"wp-block-image\"><figure class=\"aligncenter\"><img decoding=\"async\" src=\"https:\/\/exceladvisor.org\/wp-content\/uploads\/2023\/08\/comment-la-combinaison-de-la-recherche-et-de-la-gauche-fonctionne-pour-obtenir-le-premier-mot-dune-chaine-de-texte-a-partir-dune-cellule-dans-Excel-min-1.png\" sizes=\"\" srcset=\"\" alt=\"Excel min'deki bir h\u00fccreden bir metin dizesinin ilk kelimesini almak i\u00e7in bul ve sol kombinasyonunun nas\u0131l \u00e7al\u0131\u015ft\u0131\u011f\u0131\"><\/figure><\/div><p> <strong>\u0130kinci<\/strong> k\u0131s\u0131mda SEARCH fonksiyonunun d\u00f6nd\u00fcrd\u00fc\u011f\u00fc say\u0131y\u0131 kullanarak SOL fonksiyonu h\u00fccreden ilk kelimeyi \u00e7\u0131kar\u0131r. <\/p><div class=\"wp-block-image\"><figure class=\"aligncenter\"><img decoding=\"async\" src=\"https:\/\/exceladvisor.org\/wp-content\/uploads\/2023\/08\/premier-mot-dune-chaine-de-texte-dune-cellule-dans-excel-retourner-par-cette-formule-min-1.png\" sizes=\"\" srcset=\"\" alt=\"excel'de bir h\u00fccrenin metin dizisinin ilk kelimesi bu form\u00fclle d\u00f6nd\u00fcr\u00fcl\u00fcr min\"><\/figure><\/div><div class=\"gb-container gb-container-52dfcee1 gb-container-sample-file\"><h2 class=\"gb-headline gb-headline-e289c143 gb-headline-text gb-headline-4f7959c2\"> Excel dosyas\u0131n\u0131 al\u0131n<\/h2><p> <a class=\"gb-button gb-button-e88d6bee gb-button-text gb-button-button1\" href=\"https:\/\/exceladvisor.org\/wp-content\/uploads\/2023\/08\/obtenir-les-donnees-du-premier-et-du-dernier-mot.xlsx\" rel=\"nofollow\">\u0130ndirmek<\/a><\/p><\/div><h2 id=\"tab-con-3\" class=\"wp-block-heading\"> Soyad\u0131n\u0131 \u00e7\u0131kar<\/h2><p> Bir metin dizesinin son kelimesini almak sizin i\u00e7in zor olabilir, ancak form\u00fcl\u00fcn tamam\u0131n\u0131 anlad\u0131\u011f\u0131n\u0131zda gelecekte kullanmak \u00e7ok daha kolay olacakt\u0131r.<\/p><p> Bu nedenle, bir h\u00fccreden son kelimeyi \u00e7\u0131karmak i\u00e7in SA\u011e, SUBSTITUTE ve REPT&#8217;i birle\u015ftirmeniz gerekir. Ve form\u00fcl \u015f\u00f6yle olacak: <\/p><pre class=\"wp-block-code\"> <code class=\"language-excel-formula\" lang=\"excel-formula\">=TRIM(RIGHT(SUBSTITUTE(A2,\" \",REPT(\" \",LEN(A2))),LEN(A2)))<\/code><\/pre><div class=\"wp-block-image\"><figure class=\"aligncenter size-full\"><img loading=\"lazy\" decoding=\"async\" class=\"wp-image-12009\" src=\"https:\/\/exceladvisor.org\/wp-content\/uploads\/2023\/08\/combinaison-de-formules-pour-obtenir-le-dernier-mot-dune-chaine-de-texte-a-partir-dune-cellule-dans-Excel-min-1.png\" sizes=\"auto, \" srcset=\"\" alt=\"Excel min'deki bir h\u00fccreden bir metin dizesinin son s\u00f6zc\u00fc\u011f\u00fcn\u00fc almak i\u00e7in form\u00fclleri birle\u015ftirme\" width=\"646\" height=\"114\"><\/figure><\/div><p> Bu form\u00fcl, h\u00fccrenin son s\u00f6zc\u00fc\u011f\u00fc olan soyad\u0131n\u0131 d\u00f6nd\u00fcr\u00fcr ve bir h\u00fccrede ikiden fazla s\u00f6zc\u00fck olsa bile ayn\u0131 \u015fekilde \u00e7al\u0131\u015f\u0131r.<\/p><h3 id=\"tab-con-0\" class=\"wp-block-heading\"> Nas\u0131l \u00e7al\u0131\u015f\u0131r<\/h3><p> Nas\u0131l \u00e7al\u0131\u015ft\u0131\u011f\u0131n\u0131 anlamak i\u00e7in bu form\u00fcl\u00fc tekrar par\u00e7alaman\u0131z gerekir. <\/p><div class=\"wp-block-image\"><figure class=\"aligncenter\"><img decoding=\"async\" src=\"https:\/\/exceladvisor.org\/wp-content\/uploads\/2023\/08\/comment-la-combinaison-de-formules-pour-obtenir-le-dernier-mot-dune-chaine-de-texte-a-partir-dune-cellule-dans-Excel-fonctionne-min-1.png\" sizes=\"\" srcset=\"\" alt=\"Excel'deki bir h\u00fccreden bir metin dizesinin son s\u00f6zc\u00fc\u011f\u00fcn\u00fc almak i\u00e7in form\u00fcllerin birle\u015ftirilmesi nas\u0131l \u00e7al\u0131\u015f\u0131r?\"><\/figure><\/div><p> <strong>\u0130LK<\/strong> b\u00f6l\u00fcmde, DE\u011e\u0130\u015eT\u0130R i\u015flevi her bo\u015flu\u011fu metnin uzunlu\u011funa e\u015fit bo\u015fluklarla de\u011fi\u015ftirir. <\/p><div class=\"wp-block-image\"><figure class=\"aligncenter\"><img decoding=\"async\" src=\"https:\/\/exceladvisor.org\/wp-content\/uploads\/2023\/08\/premiere-partie-de-la-formule-pour-obtenir-le-dernier-mot-dune-chaine-de-texte-a-partir-dune-cellule-dans-Excel-min-1.png\" sizes=\"\" srcset=\"\" alt=\"Excel min'deki bir h\u00fccreden bir metin dizesinin son kelimesini almak i\u00e7in form\u00fcl\u00fcn ilk k\u0131sm\u0131\"><\/figure><\/div><p> Metin, fazladan bo\u015fluklarla birlikte iki kat uzunlu\u011fa sahip olur ve bu \u015fekilde g\u00f6r\u00fcn\u00fcr. Bundan sonra RIGHT i\u015flevi, metnin orijinal uzunlu\u011funa e\u015fit olan karakterleri sa\u011f taraftan \u00e7\u0131karacakt\u0131r. <\/p><div class=\"wp-block-image\"><figure class=\"aligncenter\"><img decoding=\"async\" src=\"https:\/\/exceladvisor.org\/wp-content\/uploads\/2023\/08\/deuxieme-partie-de-la-formule-pour-obtenir-le-dernier-mot-dune-chaine-de-texte-a-partir-dune-cellule-dans-Excel-min-1.png\" sizes=\"\" srcset=\"\" alt=\"Excel min'deki bir h\u00fccreden bir metin dizesinin son s\u00f6zc\u00fc\u011f\u00fcn\u00fc almak i\u00e7in form\u00fcl\u00fcn ikinci k\u0131sm\u0131\"><\/figure><\/div><p> Sonu\u00e7ta TRIM i\u015flevi metnin ba\u015f\u0131ndaki <a href=\"https:\/\/exceladvisor.org\/tr\/fazladan-bosluklari-kaldir\/\">t\u00fcm bo\u015fluklar\u0131 kald\u0131r\u0131r<\/a> . <\/p><div class=\"wp-block-image\"><figure class=\"aligncenter\"><img decoding=\"async\" src=\"https:\/\/exceladvisor.org\/wp-content\/uploads\/2023\/08\/troisieme-partie-de-la-formule-pour-obtenir-le-dernier-mot-dune-chaine-de-texte-a-partir-dune-cellule-dans-Excel-min-1.png\" sizes=\"\" srcset=\"\" alt=\"Excel min'deki bir h\u00fccreden bir metin dizesinin son kelimesini almak i\u00e7in form\u00fcl\u00fcn \u00fc\u00e7\u00fcnc\u00fc k\u0131sm\u0131\"><\/figure><\/div><div class=\"gb-container gb-container-be634180 gb-container-sample-file\"><h2 class=\"gb-headline gb-headline-ffd5700d gb-headline-text gb-headline-4f7959c2\"> Excel dosyas\u0131n\u0131 al\u0131n<\/h2><p> <a class=\"gb-button gb-button-31f0a7bf gb-button-text gb-button-button1\" href=\"https:\/\/exceladvisor.org\/wp-content\/uploads\/2023\/08\/obtenir-le-premier-et-le-dernier-mot.xlsx\" rel=\"nofollow\">\u0130ndirmek<\/a><\/p><\/div><h2 class=\"wp-block-heading\"> \u00c7\u00f6z\u00fcm<\/h2><p> Yukar\u0131daki form\u00fclleri kullanarak bir metin dizesinin ilk ve son kelimesini kolayca alabilirsiniz. \u0130lk kelimenin form\u00fcl\u00fc son derece kolayd\u0131r ve son kelimenin form\u00fcl\u00fc biraz zordur ancak ba\u015flad\u0131ktan sonra anlamal\u0131s\u0131n\u0131z.<\/p><p> Umar\u0131m bu ipucunu faydal\u0131 bulmu\u015fsunuzdur.<\/p><p> \u015eimdi bana bir \u015fey s\u00f6yle. <strong><mark class=\"has-inline-color\" style=\"background-color: rgba(0, 0, 0, 0); color: #00a1a3;\">Bir dizenin ilkini ve sonunu almak i\u00e7in ba\u015fka bir y\u00f6nteminiz var m\u0131?<\/mark><\/strong> L\u00fctfen yorum k\u0131sm\u0131nda d\u00fc\u015f\u00fcncelerinizi benimle payla\u015f\u0131n, sizden haber almay\u0131 \u00e7ok isterim. Ve bu ipucunu arkada\u015flar\u0131n\u0131zla payla\u015fmay\u0131 unutmay\u0131n.<\/p><div class=\"gb-container gb-container-4db6181c gb-container-mt\"> <a class=\"gb-button gb-button-c5897111 gb-button-text gb-button-mt-button\" href=\"https:\/\/exceladvisor.org\/tr\/vba\/\">VBA nedir<\/a><h2 class=\"gb-headline gb-headline-665e5f6b gb-headline-text gb-headline-mt-heading\"> \u0130lgili e\u011fitimler <\/h2><div class=\"gb-grid-wrapper gb-grid-wrapper-a20baf7c gb-grid-wrapper-mt-grid\"><div class=\"gb-grid-column gb-grid-column-65ddf67e\"><div class=\"gb-container gb-container-65ddf67e\"><ul><li> Excel&#8217;deki bir h\u00fccreden ilk karakteri kald\u0131rma<\/li><li> <a href=\"https:\/\/exceladvisor.org\/tr\/fazladan-bosluklari-kaldir\/\">Excel&#8217;deki fazladan bo\u015fluklar\u0131 kald\u0131r\u0131n<\/a><\/li><li> <a href=\"https:\/\/exceladvisor.org\/tr\/son-kelimeyi-cikar-2\/\">H\u00fccredeki son kelimeyi \u00e7\u0131karma<\/a><\/li><li> <a href=\"https:\/\/exceladvisor.org\/tr\/satir-sonunu-kaldir-2\/\">H\u00fccredeki sat\u0131r sonunu kald\u0131rma<\/a><\/li><li> <a href=\"https:\/\/exceladvisor.org\/tr\/parantezleri-kaldir-2\/\">Excel&#8217;de Parantezleri Kald\u0131rma (Parantezler)<\/a> <\/li><\/ul><\/div><\/div><div class=\"gb-grid-column gb-grid-column-50067b57\"><div class=\"gb-container gb-container-50067b57\"><\/div><\/div><\/div><\/div>","protected":false},"excerpt":{"rendered":"","protected":false},"author":1,"featured_media":0,"parent":0,"menu_order":0,"comment_status":"open","ping_status":"closed","template":"","meta":{"ub_ctt_via":"","footnotes":""},"class_list":["post-1633","page","type-page","status-publish","hentry"],"featured_image_src":null,"yoast_head":"<!-- This site is optimized with the Yoast SEO plugin v25.4 - https:\/\/yoast.com\/wordpress\/plugins\/seo\/ -->\n<title>\u25b7 Excel&#039;de adlar nas\u0131l ayr\u0131l\u0131r? - (Ad ve soyad)<\/title>\n<meta name=\"description\" content=\"Excel&#039;de bir metin dizesinin ilk ve son s\u00f6zc\u00fc\u011f\u00fcn\u00fc elde etmek i\u00e7in \u00f6zel bir i\u015flev yoktur. Ancak birle\u015ftirebilirsiniz\" \/>\n<meta name=\"robots\" content=\"index, follow, max-snippet:-1, max-image-preview:large, max-video-preview:-1\" \/>\n<link rel=\"canonical\" href=\"https:\/\/exceladvisor.org\/tr\/ilk-son-kelimeyi-al\/\" \/>\n<meta property=\"og:locale\" content=\"tr_TR\" \/>\n<meta property=\"og:type\" content=\"article\" \/>\n<meta property=\"og:title\" content=\"\u25b7 Excel&#039;de adlar nas\u0131l ayr\u0131l\u0131r? - (Ad ve soyad)\" \/>\n<meta property=\"og:description\" content=\"Excel&#039;de bir metin dizesinin ilk ve son s\u00f6zc\u00fc\u011f\u00fcn\u00fc elde etmek i\u00e7in \u00f6zel bir i\u015flev yoktur. Ancak birle\u015ftirebilirsiniz\" \/>\n<meta property=\"og:url\" content=\"https:\/\/exceladvisor.org\/tr\/ilk-son-kelimeyi-al\/\" \/>\n<meta property=\"og:site_name\" content=\"Excel Advisor\" \/>\n<meta property=\"article:modified_time\" content=\"2023-12-10T06:00:08+00:00\" \/>\n<meta property=\"og:image\" content=\"https:\/\/exceladvisor.org\/wp-content\/uploads\/2023\/08\/donnees-pour-obtenir-nom-et-prenom-min-1.png\" \/>\n<meta name=\"twitter:card\" content=\"summary_large_image\" \/>\n<meta name=\"twitter:label1\" content=\"Tahmini okuma s\u00fcresi\" \/>\n\t<meta name=\"twitter:data1\" content=\"3 dakika\" \/>\n<script type=\"application\/ld+json\" class=\"yoast-schema-graph\">{\"@context\":\"https:\/\/schema.org\",\"@graph\":[{\"@type\":\"WebPage\",\"@id\":\"https:\/\/exceladvisor.org\/tr\/ilk-son-kelimeyi-al\/\",\"url\":\"https:\/\/exceladvisor.org\/tr\/ilk-son-kelimeyi-al\/\",\"name\":\"\u25b7 Excel&#39;de adlar nas\u0131l ayr\u0131l\u0131r? - (Ad ve soyad)\",\"isPartOf\":{\"@id\":\"https:\/\/exceladvisor.org\/tr\/#website\"},\"primaryImageOfPage\":{\"@id\":\"https:\/\/exceladvisor.org\/tr\/ilk-son-kelimeyi-al\/#primaryimage\"},\"image\":{\"@id\":\"https:\/\/exceladvisor.org\/tr\/ilk-son-kelimeyi-al\/#primaryimage\"},\"thumbnailUrl\":\"https:\/\/exceladvisor.org\/wp-content\/uploads\/2023\/08\/donnees-pour-obtenir-nom-et-prenom-min-1.png\",\"datePublished\":\"2023-11-14T16:51:36+00:00\",\"dateModified\":\"2023-12-10T06:00:08+00:00\",\"description\":\"Excel&#39;de bir metin dizesinin ilk ve son s\u00f6zc\u00fc\u011f\u00fcn\u00fc elde etmek i\u00e7in \u00f6zel bir i\u015flev yoktur. Ancak birle\u015ftirebilirsiniz\",\"breadcrumb\":{\"@id\":\"https:\/\/exceladvisor.org\/tr\/ilk-son-kelimeyi-al\/#breadcrumb\"},\"inLanguage\":\"tr\",\"potentialAction\":[{\"@type\":\"ReadAction\",\"target\":[\"https:\/\/exceladvisor.org\/tr\/ilk-son-kelimeyi-al\/\"]}]},{\"@type\":\"ImageObject\",\"inLanguage\":\"tr\",\"@id\":\"https:\/\/exceladvisor.org\/tr\/ilk-son-kelimeyi-al\/#primaryimage\",\"url\":\"https:\/\/exceladvisor.org\/wp-content\/uploads\/2023\/08\/donnees-pour-obtenir-nom-et-prenom-min-1.png\",\"contentUrl\":\"https:\/\/exceladvisor.org\/wp-content\/uploads\/2023\/08\/donnees-pour-obtenir-nom-et-prenom-min-1.png\"},{\"@type\":\"BreadcrumbList\",\"@id\":\"https:\/\/exceladvisor.org\/tr\/ilk-son-kelimeyi-al\/#breadcrumb\",\"itemListElement\":[{\"@type\":\"ListItem\",\"position\":1,\"name\":\"Ev\",\"item\":\"https:\/\/exceladvisor.org\/tr\/\"},{\"@type\":\"ListItem\",\"position\":2,\"name\":\"Excel&#39;de adlar nas\u0131l ayr\u0131l\u0131r \u2013 (ad ve soyad\u0131)\"}]},{\"@type\":\"WebSite\",\"@id\":\"https:\/\/exceladvisor.org\/tr\/#website\",\"url\":\"https:\/\/exceladvisor.org\/tr\/\",\"name\":\"Excel Advisor\",\"description\":\"Veri hakimiyetine y\u00f6nelik nihai rehberiniz!\",\"publisher\":{\"@id\":\"https:\/\/exceladvisor.org\/tr\/#organization\"},\"potentialAction\":[{\"@type\":\"SearchAction\",\"target\":{\"@type\":\"EntryPoint\",\"urlTemplate\":\"https:\/\/exceladvisor.org\/tr\/?s={search_term_string}\"},\"query-input\":{\"@type\":\"PropertyValueSpecification\",\"valueRequired\":true,\"valueName\":\"search_term_string\"}}],\"inLanguage\":\"tr\"},{\"@type\":\"Organization\",\"@id\":\"https:\/\/exceladvisor.org\/tr\/#organization\",\"name\":\"Excel Advisor\",\"url\":\"https:\/\/exceladvisor.org\/tr\/\",\"logo\":{\"@type\":\"ImageObject\",\"inLanguage\":\"tr\",\"@id\":\"https:\/\/exceladvisor.org\/tr\/#\/schema\/logo\/image\/\",\"url\":\"https:\/\/exceladvisor.org\/tr\/wp-content\/uploads\/2023\/12\/exceladvisor.org_.png\",\"contentUrl\":\"https:\/\/exceladvisor.org\/tr\/wp-content\/uploads\/2023\/12\/exceladvisor.org_.png\",\"width\":105,\"height\":36,\"caption\":\"Excel Advisor\"},\"image\":{\"@id\":\"https:\/\/exceladvisor.org\/tr\/#\/schema\/logo\/image\/\"}}]}<\/script>\n<!-- \/ Yoast SEO plugin. -->","yoast_head_json":{"title":"\u25b7 Excel&#39;de adlar nas\u0131l ayr\u0131l\u0131r? - (Ad ve soyad)","description":"Excel&#39;de bir metin dizesinin ilk ve son s\u00f6zc\u00fc\u011f\u00fcn\u00fc elde etmek i\u00e7in \u00f6zel bir i\u015flev yoktur. Ancak birle\u015ftirebilirsiniz","robots":{"index":"index","follow":"follow","max-snippet":"max-snippet:-1","max-image-preview":"max-image-preview:large","max-video-preview":"max-video-preview:-1"},"canonical":"https:\/\/exceladvisor.org\/tr\/ilk-son-kelimeyi-al\/","og_locale":"tr_TR","og_type":"article","og_title":"\u25b7 Excel&#39;de adlar nas\u0131l ayr\u0131l\u0131r? - (Ad ve soyad)","og_description":"Excel&#39;de bir metin dizesinin ilk ve son s\u00f6zc\u00fc\u011f\u00fcn\u00fc elde etmek i\u00e7in \u00f6zel bir i\u015flev yoktur. Ancak birle\u015ftirebilirsiniz","og_url":"https:\/\/exceladvisor.org\/tr\/ilk-son-kelimeyi-al\/","og_site_name":"Excel Advisor","article_modified_time":"2023-12-10T06:00:08+00:00","og_image":[{"url":"https:\/\/exceladvisor.org\/wp-content\/uploads\/2023\/08\/donnees-pour-obtenir-nom-et-prenom-min-1.png","type":"","width":"","height":""}],"twitter_card":"summary_large_image","twitter_misc":{"Tahmini okuma s\u00fcresi":"3 dakika"},"schema":{"@context":"https:\/\/schema.org","@graph":[{"@type":"WebPage","@id":"https:\/\/exceladvisor.org\/tr\/ilk-son-kelimeyi-al\/","url":"https:\/\/exceladvisor.org\/tr\/ilk-son-kelimeyi-al\/","name":"\u25b7 Excel&#39;de adlar nas\u0131l ayr\u0131l\u0131r? - (Ad ve soyad)","isPartOf":{"@id":"https:\/\/exceladvisor.org\/tr\/#website"},"primaryImageOfPage":{"@id":"https:\/\/exceladvisor.org\/tr\/ilk-son-kelimeyi-al\/#primaryimage"},"image":{"@id":"https:\/\/exceladvisor.org\/tr\/ilk-son-kelimeyi-al\/#primaryimage"},"thumbnailUrl":"https:\/\/exceladvisor.org\/wp-content\/uploads\/2023\/08\/donnees-pour-obtenir-nom-et-prenom-min-1.png","datePublished":"2023-11-14T16:51:36+00:00","dateModified":"2023-12-10T06:00:08+00:00","description":"Excel&#39;de bir metin dizesinin ilk ve son s\u00f6zc\u00fc\u011f\u00fcn\u00fc elde etmek i\u00e7in \u00f6zel bir i\u015flev yoktur. Ancak birle\u015ftirebilirsiniz","breadcrumb":{"@id":"https:\/\/exceladvisor.org\/tr\/ilk-son-kelimeyi-al\/#breadcrumb"},"inLanguage":"tr","potentialAction":[{"@type":"ReadAction","target":["https:\/\/exceladvisor.org\/tr\/ilk-son-kelimeyi-al\/"]}]},{"@type":"ImageObject","inLanguage":"tr","@id":"https:\/\/exceladvisor.org\/tr\/ilk-son-kelimeyi-al\/#primaryimage","url":"https:\/\/exceladvisor.org\/wp-content\/uploads\/2023\/08\/donnees-pour-obtenir-nom-et-prenom-min-1.png","contentUrl":"https:\/\/exceladvisor.org\/wp-content\/uploads\/2023\/08\/donnees-pour-obtenir-nom-et-prenom-min-1.png"},{"@type":"BreadcrumbList","@id":"https:\/\/exceladvisor.org\/tr\/ilk-son-kelimeyi-al\/#breadcrumb","itemListElement":[{"@type":"ListItem","position":1,"name":"Ev","item":"https:\/\/exceladvisor.org\/tr\/"},{"@type":"ListItem","position":2,"name":"Excel&#39;de adlar nas\u0131l ayr\u0131l\u0131r \u2013 (ad ve soyad\u0131)"}]},{"@type":"WebSite","@id":"https:\/\/exceladvisor.org\/tr\/#website","url":"https:\/\/exceladvisor.org\/tr\/","name":"Excel Advisor","description":"Veri hakimiyetine y\u00f6nelik nihai rehberiniz!","publisher":{"@id":"https:\/\/exceladvisor.org\/tr\/#organization"},"potentialAction":[{"@type":"SearchAction","target":{"@type":"EntryPoint","urlTemplate":"https:\/\/exceladvisor.org\/tr\/?s={search_term_string}"},"query-input":{"@type":"PropertyValueSpecification","valueRequired":true,"valueName":"search_term_string"}}],"inLanguage":"tr"},{"@type":"Organization","@id":"https:\/\/exceladvisor.org\/tr\/#organization","name":"Excel Advisor","url":"https:\/\/exceladvisor.org\/tr\/","logo":{"@type":"ImageObject","inLanguage":"tr","@id":"https:\/\/exceladvisor.org\/tr\/#\/schema\/logo\/image\/","url":"https:\/\/exceladvisor.org\/tr\/wp-content\/uploads\/2023\/12\/exceladvisor.org_.png","contentUrl":"https:\/\/exceladvisor.org\/tr\/wp-content\/uploads\/2023\/12\/exceladvisor.org_.png","width":105,"height":36,"caption":"Excel Advisor"},"image":{"@id":"https:\/\/exceladvisor.org\/tr\/#\/schema\/logo\/image\/"}}]}},"yoast_meta":{"yoast_wpseo_title":"","yoast_wpseo_metadesc":"","yoast_wpseo_canonical":""},"_links":{"self":[{"href":"https:\/\/exceladvisor.org\/tr\/wp-json\/wp\/v2\/pages\/1633","targetHints":{"allow":["GET"]}}],"collection":[{"href":"https:\/\/exceladvisor.org\/tr\/wp-json\/wp\/v2\/pages"}],"about":[{"href":"https:\/\/exceladvisor.org\/tr\/wp-json\/wp\/v2\/types\/page"}],"author":[{"embeddable":true,"href":"https:\/\/exceladvisor.org\/tr\/wp-json\/wp\/v2\/users\/1"}],"replies":[{"embeddable":true,"href":"https:\/\/exceladvisor.org\/tr\/wp-json\/wp\/v2\/comments?post=1633"}],"version-history":[{"count":1,"href":"https:\/\/exceladvisor.org\/tr\/wp-json\/wp\/v2\/pages\/1633\/revisions"}],"predecessor-version":[{"id":2382,"href":"https:\/\/exceladvisor.org\/tr\/wp-json\/wp\/v2\/pages\/1633\/revisions\/2382"}],"wp:attachment":[{"href":"https:\/\/exceladvisor.org\/tr\/wp-json\/wp\/v2\/media?parent=1633"}],"curies":[{"name":"wp","href":"https:\/\/api.w.org\/{rel}","templated":true}]}}