{"id":1634,"date":"2023-11-14T15:53:37","date_gmt":"2023-11-14T15:53:37","guid":{"rendered":"https:\/\/exceladvisor.org\/tr\/ayin-gunleri\/"},"modified":"2023-12-10T06:00:14","modified_gmt":"2023-12-10T06:00:14","slug":"ayin-gunleri","status":"publish","type":"page","link":"https:\/\/exceladvisor.org\/tr\/ayin-gunleri\/","title":{"rendered":"Excel&#39;de ay\u0131n toplam g\u00fcn say\u0131s\u0131n\u0131 nas\u0131l alabilirim?"},"content":{"rendered":"<div class=\"excel-icerikten-once\" id=\"excel-1839250547\"><script type=\"text\/javascript\">\r\n\tatOptions = {\r\n\t\t'key' : 'c1158f160081d6540a8409e6925dab94',\r\n\t\t'format' : 'iframe',\r\n\t\t'height' : 250,\r\n\t\t'width' : 300,\r\n\t\t'params' : {}\r\n\t};\r\n<\/script>\r\n<script type=\"text\/javascript\" src=\"\/\/www.highperformanceformat.com\/c1158f160081d6540a8409e6925dab94\/invoke.js\"><\/script><\/div> <p>Bazen di\u011fer hesaplamalarda kullanmak i\u00e7in bir aydaki toplam g\u00fcn say\u0131s\u0131n\u0131 hesaplaman\u0131z gerekir. Bu, \u00f6zellikle \u015fablonlar ve kontrol panelleri \u00fczerinde \u00e7al\u0131\u015f\u0131rken meydana gelir. Bug\u00fcn size bunu sizin i\u00e7in yapabilecek basit bir form\u00fcl g\u00f6stereyim.<\/p><p> Belirli bir aydaki g\u00fcn say\u0131s\u0131n\u0131 bir tarihe g\u00f6re hesaplamak i\u00e7in EOMONTH ve DAY&#8217;a dayal\u0131 bir form\u00fcl kullanmam\u0131z gerekir.<\/p><h2 class=\"wp-block-heading\"> Form\u00fcl: Bir aydaki toplam g\u00fcn say\u0131s\u0131n\u0131 al\u0131n <\/h2><pre class=\"wp-block-code\"> <code class=\"language-excel-formula\" lang=\"excel-formula\">=DAY(EOMONTH(A2,0))<\/code><\/pre><div class=\"wp-block-image\"><figure class=\"aligncenter\"><img decoding=\"async\" src=\"https:\/\/exceladvisor.org\/wp-content\/uploads\/2023\/08\/obtenir-le-nombre-total-dans-le-mois-en-utilisant-les-fonctions-jour-eomonth.png\" sizes=\"\" srcset=\"\" alt=\"eomonth g\u00fcn i\u015flevlerini kullanarak aydaki toplam say\u0131y\u0131 al\u0131n\"><\/figure><\/div><h3 class=\"wp-block-heading\"> Bu form\u00fcl nas\u0131l \u00e7al\u0131\u015f\u0131yor?<\/h3><p> G\u00f6rd\u00fc\u011f\u00fcn\u00fcz gibi bu form\u00fcl iki fonksiyonun birle\u015fiminden olu\u015fuyor. DAY kapsam\u0131nda ele al\u0131nan EOMONTH&#8217;umuz var.<\/p><ol><li> \u00d6ncelikle EOMONTH&#8217;da bir tarihe ve &#8216;0&#8217;a ba\u015fvurdu\u011funuzda o ay\u0131n son tarihini d\u00f6nd\u00fcr\u00fcr. Burada tarih A2 h\u00fccresindedir.<\/li><li> \u0130kincisi, DAY i\u015flevi, EOMONTH taraf\u0131ndan d\u00f6nd\u00fcr\u00fclen son g\u00fcn\u00fcn g\u00fcn\u00fcn\u00fc d\u00f6nd\u00fcr\u00fcr.<\/li><\/ol><p> Ay\u0131n son g\u00fcn\u00fcn\u00fcn g\u00fcn\u00fc her zaman bir aydaki toplam g\u00fcn say\u0131s\u0131d\u0131r. 31 Mart 2017 itibar\u0131yla Mart ay\u0131n\u0131n toplam g\u00fcn say\u0131s\u0131 olan 31&#8217;i d\u00f6nd\u00fcr\u00fcr.<\/p><h2 class=\"wp-block-heading\"> Dinamik form\u00fcl<\/h2><p> Diyelim ki, ge\u00e7erli ay i\u00e7in bir aydaki toplam g\u00fcn say\u0131s\u0131n\u0131 almak istiyorsunuz ve bu form\u00fcl\u00fcn, ay de\u011fi\u015fti\u011finde otomatik olarak bu say\u0131y\u0131 d\u00f6nd\u00fcrmesini istiyorsunuz.<\/p><p> Form\u00fcl \u015f\u00f6yle olacakt\u0131r:<\/p><pre class=\"wp-block-code\"> <code class=\"language-excel-formula\" lang=\"excel-formula\">=DAY(EOMONTH(TODAY(),0))<\/code><\/pre><p> Bu form\u00fclde bir tarihe at\u0131fta bulunmak yerine, o andaki tarihi d\u00f6nd\u00fcren EOMONTH&#8217;da TODAY&#8217;i, ard\u0131ndan o andaki tarihin bulundu\u011fu ay\u0131n son tarihini d\u00f6nd\u00fcren EOMONTH&#8217;u kulland\u0131k.<\/p><p> Sonunda DAY, g\u00fcn say\u0131s\u0131n\u0131 d\u00f6nd\u00fcr\u00fcr ve ge\u00e7erli aydaki toplam g\u00fcn say\u0131s\u0131n\u0131 al\u0131r.<\/p><h2 class=\"wp-block-heading\"> Ay ad\u0131n\u0131 kullanarak ay\u0131n g\u00fcnlerini al\u0131n<\/h2><p> Diyelim ki bir h\u00fccreye uygun bir tarih de\u011fil de bir ay\u0131n ad\u0131n\u0131 girdiniz ve \u015fimdi o aya ait toplam g\u00fcn say\u0131s\u0131n\u0131 hesaplamak istiyorsunuz. Form\u00fcl \u015f\u00f6yle olacakt\u0131r: <\/p><pre class=\"wp-block-code\"> <code class=\"language-excel-formula\" lang=\"excel-formula\">=DAY(EOMONTH(DATEVALUE(\"01-\"&amp;A2&amp;\"-\"&amp;YEAR(TODAY())),0))<\/code><\/pre><div class=\"wp-block-image\"><figure class=\"aligncenter\"><img decoding=\"async\" src=\"https:\/\/exceladvisor.org\/wp-content\/uploads\/2023\/08\/obtenir-le-nombre-total-du-mois-en-utilisant-le-nom-du-mois.png\" sizes=\"\" srcset=\"\" alt=\"ay ad\u0131n\u0131 kullanarak toplam ay say\u0131s\u0131n\u0131 al\u0131n\"><\/figure><\/div><p> Bu form\u00fcl bahsetti\u011finiz ay\u0131n ilk g\u00fcn\u00fcn\u00fcn tarihini olu\u015fturur, ard\u0131ndan EOMONTH son tarihi, DAY ise bir aydaki toplam g\u00fcn say\u0131s\u0131 olan son g\u00fcn\u00fc d\u00f6nd\u00fcr\u00fcr. Ay ad\u0131n\u0131 hem k\u0131sa hem de uzun bi\u00e7imde kullanabilirsiniz. <\/p><div class=\"gb-container gb-container-52dfcee1 gb-container-sample-file\"><h2 class=\"gb-headline gb-headline-e289c143 gb-headline-text gb-headline-4f7959c2\"> Excel dosyas\u0131n\u0131 al\u0131n<\/h2><p> <a class=\"gb-button gb-button-e88d6bee gb-button-text gb-button-button1\" href=\"https:\/\/exceladvisor.org\/wp-content\/uploads\/2023\/08\/obtenir-le-nombre-total-de-jours-3.xlsx\" rel=\"nofollow\">\u0130ndirmek<\/a><\/p><\/div><div class=\"gb-container gb-container-0df56012 gb-container-mt\"> <a class=\"gb-button gb-button-f9f432f4 gb-button-text gb-button-mt-button\" href=\"https:\/\/exceladvisor.org\/tr\/formuller\/\">Excel form\u00fcllerinin listesi<\/a><h2 class=\"gb-headline gb-headline-233444e8 gb-headline-text gb-headline-mt-heading\"> \u0130lgili form\u00fcller <\/h2><div class=\"gb-grid-wrapper gb-grid-wrapper-a16fa65c gb-grid-wrapper-mt-grid\"><div class=\"gb-grid-column gb-grid-column-50d07e0d\"><div class=\"gb-container gb-container-50d07e0d\"><ul><li> <a href=\"https:\/\/exceladvisor.org\/tr\/haftanin-tarihini-ekle\/\">Excel&#8217;deki bir tarihten hafta ekleme-\u00e7\u0131karma<\/a><\/li><li> <a href=\"https:\/\/exceladvisor.org\/tr\/gunun-adini-ogren\/\">Excel&#8217;deki bir tarihten g\u00fcn\u00fcn ad\u0131n\u0131 al\u0131n<\/a><\/li><li> <a href=\"https:\/\/exceladvisor.org\/tr\/ay-is-gunu\/\">Bir ayda i\u015f g\u00fcn\u00fc<\/a><\/li><li> <a href=\"https:\/\/exceladvisor.org\/tr\/metin-tarihi-2\/\">Tarihi metne d\u00f6n\u00fc\u015ft\u00fcr<\/a> <\/li><\/ul><\/div><\/div><div class=\"gb-grid-column gb-grid-column-5b4a0cf9\"><div class=\"gb-container gb-container-5b4a0cf9\"><ul><li> <a href=\"https:\/\/exceladvisor.org\/tr\/geri-sayim-gunleri\/\">Geri say\u0131m g\u00fcnleri<\/a><\/li><li> <a href=\"https:\/\/exceladvisor.org\/tr\/iki-tarih-arasindaki-gun-sayisi\/\">\u0130ki tarih aras\u0131ndaki g\u00fcnleri say\u0131n<\/a><\/li><li> <a href=\"https:\/\/exceladvisor.org\/tr\/julyen-randevusu-2\/\">J\u00fclyen tarihine d\u00f6n\u00fc\u015ft\u00fcr<\/a><\/li><li> <a href=\"https:\/\/exceladvisor.org\/tr\/onceki-pazar-2\/\">\u00d6nceki Pazar g\u00fcn\u00fcn\u00fc al<\/a><\/li><\/ul><\/div><\/div><\/div><\/div>","protected":false},"excerpt":{"rendered":"","protected":false},"author":1,"featured_media":0,"parent":0,"menu_order":0,"comment_status":"open","ping_status":"closed","template":"","meta":{"ub_ctt_via":"","footnotes":""},"class_list":["post-1634","page","type-page","status-publish","hentry"],"featured_image_src":null,"yoast_head":"<!-- This site is optimized with the Yoast SEO plugin v25.4 - https:\/\/yoast.com\/wordpress\/plugins\/seo\/ -->\n<title>Excel&#039;de ay\u0131n toplam g\u00fcn say\u0131s\u0131n\u0131 nas\u0131l alabilirim?<\/title>\n<meta name=\"description\" content=\"Belirli bir aydaki g\u00fcn say\u0131s\u0131n\u0131 bir tarihe g\u00f6re hesaplamak i\u00e7in EOMONTH ve DAY&#039;a dayal\u0131 bir form\u00fcl kullanmam\u0131z gerekir...\" \/>\n<meta name=\"robots\" content=\"index, follow, max-snippet:-1, max-image-preview:large, max-video-preview:-1\" \/>\n<link rel=\"canonical\" href=\"https:\/\/exceladvisor.org\/tr\/ayin-gunleri\/\" \/>\n<meta property=\"og:locale\" content=\"tr_TR\" \/>\n<meta property=\"og:type\" content=\"article\" \/>\n<meta property=\"og:title\" content=\"Excel&#039;de ay\u0131n toplam g\u00fcn say\u0131s\u0131n\u0131 nas\u0131l alabilirim?\" \/>\n<meta property=\"og:description\" content=\"Belirli bir aydaki g\u00fcn say\u0131s\u0131n\u0131 bir tarihe g\u00f6re hesaplamak i\u00e7in EOMONTH ve DAY&#039;a dayal\u0131 bir form\u00fcl kullanmam\u0131z gerekir...\" \/>\n<meta property=\"og:url\" content=\"https:\/\/exceladvisor.org\/tr\/ayin-gunleri\/\" \/>\n<meta property=\"og:site_name\" content=\"Excel Advisor\" \/>\n<meta property=\"article:modified_time\" content=\"2023-12-10T06:00:14+00:00\" \/>\n<meta property=\"og:image\" content=\"https:\/\/exceladvisor.org\/wp-content\/uploads\/2023\/08\/obtenir-le-nombre-total-dans-le-mois-en-utilisant-les-fonctions-jour-eomonth.png\" \/>\n<meta name=\"twitter:card\" content=\"summary_large_image\" \/>\n<meta name=\"twitter:label1\" content=\"Tahmini okuma s\u00fcresi\" \/>\n\t<meta name=\"twitter:data1\" content=\"2 dakika\" \/>\n<script type=\"application\/ld+json\" class=\"yoast-schema-graph\">{\"@context\":\"https:\/\/schema.org\",\"@graph\":[{\"@type\":\"WebPage\",\"@id\":\"https:\/\/exceladvisor.org\/tr\/ayin-gunleri\/\",\"url\":\"https:\/\/exceladvisor.org\/tr\/ayin-gunleri\/\",\"name\":\"Excel&#39;de ay\u0131n toplam g\u00fcn say\u0131s\u0131n\u0131 nas\u0131l alabilirim?\",\"isPartOf\":{\"@id\":\"https:\/\/exceladvisor.org\/tr\/#website\"},\"primaryImageOfPage\":{\"@id\":\"https:\/\/exceladvisor.org\/tr\/ayin-gunleri\/#primaryimage\"},\"image\":{\"@id\":\"https:\/\/exceladvisor.org\/tr\/ayin-gunleri\/#primaryimage\"},\"thumbnailUrl\":\"https:\/\/exceladvisor.org\/wp-content\/uploads\/2023\/08\/obtenir-le-nombre-total-dans-le-mois-en-utilisant-les-fonctions-jour-eomonth.png\",\"datePublished\":\"2023-11-14T15:53:37+00:00\",\"dateModified\":\"2023-12-10T06:00:14+00:00\",\"description\":\"Belirli bir aydaki g\u00fcn say\u0131s\u0131n\u0131 bir tarihe g\u00f6re hesaplamak i\u00e7in EOMONTH ve DAY&#39;a dayal\u0131 bir form\u00fcl kullanmam\u0131z gerekir...\",\"breadcrumb\":{\"@id\":\"https:\/\/exceladvisor.org\/tr\/ayin-gunleri\/#breadcrumb\"},\"inLanguage\":\"tr\",\"potentialAction\":[{\"@type\":\"ReadAction\",\"target\":[\"https:\/\/exceladvisor.org\/tr\/ayin-gunleri\/\"]}]},{\"@type\":\"ImageObject\",\"inLanguage\":\"tr\",\"@id\":\"https:\/\/exceladvisor.org\/tr\/ayin-gunleri\/#primaryimage\",\"url\":\"https:\/\/exceladvisor.org\/wp-content\/uploads\/2023\/08\/obtenir-le-nombre-total-dans-le-mois-en-utilisant-les-fonctions-jour-eomonth.png\",\"contentUrl\":\"https:\/\/exceladvisor.org\/wp-content\/uploads\/2023\/08\/obtenir-le-nombre-total-dans-le-mois-en-utilisant-les-fonctions-jour-eomonth.png\"},{\"@type\":\"BreadcrumbList\",\"@id\":\"https:\/\/exceladvisor.org\/tr\/ayin-gunleri\/#breadcrumb\",\"itemListElement\":[{\"@type\":\"ListItem\",\"position\":1,\"name\":\"Ev\",\"item\":\"https:\/\/exceladvisor.org\/tr\/\"},{\"@type\":\"ListItem\",\"position\":2,\"name\":\"Excel&#39;de ay\u0131n toplam g\u00fcn say\u0131s\u0131n\u0131 nas\u0131l alabilirim?\"}]},{\"@type\":\"WebSite\",\"@id\":\"https:\/\/exceladvisor.org\/tr\/#website\",\"url\":\"https:\/\/exceladvisor.org\/tr\/\",\"name\":\"Excel Advisor\",\"description\":\"Veri hakimiyetine y\u00f6nelik nihai rehberiniz!\",\"publisher\":{\"@id\":\"https:\/\/exceladvisor.org\/tr\/#organization\"},\"potentialAction\":[{\"@type\":\"SearchAction\",\"target\":{\"@type\":\"EntryPoint\",\"urlTemplate\":\"https:\/\/exceladvisor.org\/tr\/?s={search_term_string}\"},\"query-input\":{\"@type\":\"PropertyValueSpecification\",\"valueRequired\":true,\"valueName\":\"search_term_string\"}}],\"inLanguage\":\"tr\"},{\"@type\":\"Organization\",\"@id\":\"https:\/\/exceladvisor.org\/tr\/#organization\",\"name\":\"Excel Advisor\",\"url\":\"https:\/\/exceladvisor.org\/tr\/\",\"logo\":{\"@type\":\"ImageObject\",\"inLanguage\":\"tr\",\"@id\":\"https:\/\/exceladvisor.org\/tr\/#\/schema\/logo\/image\/\",\"url\":\"https:\/\/exceladvisor.org\/tr\/wp-content\/uploads\/2023\/12\/exceladvisor.org_.png\",\"contentUrl\":\"https:\/\/exceladvisor.org\/tr\/wp-content\/uploads\/2023\/12\/exceladvisor.org_.png\",\"width\":105,\"height\":36,\"caption\":\"Excel Advisor\"},\"image\":{\"@id\":\"https:\/\/exceladvisor.org\/tr\/#\/schema\/logo\/image\/\"}}]}<\/script>\n<!-- \/ Yoast SEO plugin. -->","yoast_head_json":{"title":"Excel&#39;de ay\u0131n toplam g\u00fcn say\u0131s\u0131n\u0131 nas\u0131l alabilirim?","description":"Belirli bir aydaki g\u00fcn say\u0131s\u0131n\u0131 bir tarihe g\u00f6re hesaplamak i\u00e7in EOMONTH ve DAY&#39;a dayal\u0131 bir form\u00fcl kullanmam\u0131z gerekir...","robots":{"index":"index","follow":"follow","max-snippet":"max-snippet:-1","max-image-preview":"max-image-preview:large","max-video-preview":"max-video-preview:-1"},"canonical":"https:\/\/exceladvisor.org\/tr\/ayin-gunleri\/","og_locale":"tr_TR","og_type":"article","og_title":"Excel&#39;de ay\u0131n toplam g\u00fcn say\u0131s\u0131n\u0131 nas\u0131l alabilirim?","og_description":"Belirli bir aydaki g\u00fcn say\u0131s\u0131n\u0131 bir tarihe g\u00f6re hesaplamak i\u00e7in EOMONTH ve DAY&#39;a dayal\u0131 bir form\u00fcl kullanmam\u0131z gerekir...","og_url":"https:\/\/exceladvisor.org\/tr\/ayin-gunleri\/","og_site_name":"Excel Advisor","article_modified_time":"2023-12-10T06:00:14+00:00","og_image":[{"url":"https:\/\/exceladvisor.org\/wp-content\/uploads\/2023\/08\/obtenir-le-nombre-total-dans-le-mois-en-utilisant-les-fonctions-jour-eomonth.png","type":"","width":"","height":""}],"twitter_card":"summary_large_image","twitter_misc":{"Tahmini okuma s\u00fcresi":"2 dakika"},"schema":{"@context":"https:\/\/schema.org","@graph":[{"@type":"WebPage","@id":"https:\/\/exceladvisor.org\/tr\/ayin-gunleri\/","url":"https:\/\/exceladvisor.org\/tr\/ayin-gunleri\/","name":"Excel&#39;de ay\u0131n toplam g\u00fcn say\u0131s\u0131n\u0131 nas\u0131l alabilirim?","isPartOf":{"@id":"https:\/\/exceladvisor.org\/tr\/#website"},"primaryImageOfPage":{"@id":"https:\/\/exceladvisor.org\/tr\/ayin-gunleri\/#primaryimage"},"image":{"@id":"https:\/\/exceladvisor.org\/tr\/ayin-gunleri\/#primaryimage"},"thumbnailUrl":"https:\/\/exceladvisor.org\/wp-content\/uploads\/2023\/08\/obtenir-le-nombre-total-dans-le-mois-en-utilisant-les-fonctions-jour-eomonth.png","datePublished":"2023-11-14T15:53:37+00:00","dateModified":"2023-12-10T06:00:14+00:00","description":"Belirli bir aydaki g\u00fcn say\u0131s\u0131n\u0131 bir tarihe g\u00f6re hesaplamak i\u00e7in EOMONTH ve DAY&#39;a dayal\u0131 bir form\u00fcl kullanmam\u0131z gerekir...","breadcrumb":{"@id":"https:\/\/exceladvisor.org\/tr\/ayin-gunleri\/#breadcrumb"},"inLanguage":"tr","potentialAction":[{"@type":"ReadAction","target":["https:\/\/exceladvisor.org\/tr\/ayin-gunleri\/"]}]},{"@type":"ImageObject","inLanguage":"tr","@id":"https:\/\/exceladvisor.org\/tr\/ayin-gunleri\/#primaryimage","url":"https:\/\/exceladvisor.org\/wp-content\/uploads\/2023\/08\/obtenir-le-nombre-total-dans-le-mois-en-utilisant-les-fonctions-jour-eomonth.png","contentUrl":"https:\/\/exceladvisor.org\/wp-content\/uploads\/2023\/08\/obtenir-le-nombre-total-dans-le-mois-en-utilisant-les-fonctions-jour-eomonth.png"},{"@type":"BreadcrumbList","@id":"https:\/\/exceladvisor.org\/tr\/ayin-gunleri\/#breadcrumb","itemListElement":[{"@type":"ListItem","position":1,"name":"Ev","item":"https:\/\/exceladvisor.org\/tr\/"},{"@type":"ListItem","position":2,"name":"Excel&#39;de ay\u0131n toplam g\u00fcn say\u0131s\u0131n\u0131 nas\u0131l alabilirim?"}]},{"@type":"WebSite","@id":"https:\/\/exceladvisor.org\/tr\/#website","url":"https:\/\/exceladvisor.org\/tr\/","name":"Excel Advisor","description":"Veri hakimiyetine y\u00f6nelik nihai rehberiniz!","publisher":{"@id":"https:\/\/exceladvisor.org\/tr\/#organization"},"potentialAction":[{"@type":"SearchAction","target":{"@type":"EntryPoint","urlTemplate":"https:\/\/exceladvisor.org\/tr\/?s={search_term_string}"},"query-input":{"@type":"PropertyValueSpecification","valueRequired":true,"valueName":"search_term_string"}}],"inLanguage":"tr"},{"@type":"Organization","@id":"https:\/\/exceladvisor.org\/tr\/#organization","name":"Excel Advisor","url":"https:\/\/exceladvisor.org\/tr\/","logo":{"@type":"ImageObject","inLanguage":"tr","@id":"https:\/\/exceladvisor.org\/tr\/#\/schema\/logo\/image\/","url":"https:\/\/exceladvisor.org\/tr\/wp-content\/uploads\/2023\/12\/exceladvisor.org_.png","contentUrl":"https:\/\/exceladvisor.org\/tr\/wp-content\/uploads\/2023\/12\/exceladvisor.org_.png","width":105,"height":36,"caption":"Excel Advisor"},"image":{"@id":"https:\/\/exceladvisor.org\/tr\/#\/schema\/logo\/image\/"}}]}},"yoast_meta":{"yoast_wpseo_title":"","yoast_wpseo_metadesc":"","yoast_wpseo_canonical":""},"_links":{"self":[{"href":"https:\/\/exceladvisor.org\/tr\/wp-json\/wp\/v2\/pages\/1634","targetHints":{"allow":["GET"]}}],"collection":[{"href":"https:\/\/exceladvisor.org\/tr\/wp-json\/wp\/v2\/pages"}],"about":[{"href":"https:\/\/exceladvisor.org\/tr\/wp-json\/wp\/v2\/types\/page"}],"author":[{"embeddable":true,"href":"https:\/\/exceladvisor.org\/tr\/wp-json\/wp\/v2\/users\/1"}],"replies":[{"embeddable":true,"href":"https:\/\/exceladvisor.org\/tr\/wp-json\/wp\/v2\/comments?post=1634"}],"version-history":[{"count":1,"href":"https:\/\/exceladvisor.org\/tr\/wp-json\/wp\/v2\/pages\/1634\/revisions"}],"predecessor-version":[{"id":2390,"href":"https:\/\/exceladvisor.org\/tr\/wp-json\/wp\/v2\/pages\/1634\/revisions\/2390"}],"wp:attachment":[{"href":"https:\/\/exceladvisor.org\/tr\/wp-json\/wp\/v2\/media?parent=1634"}],"curies":[{"name":"wp","href":"https:\/\/api.w.org\/{rel}","templated":true}]}}