{"id":1635,"date":"2023-11-14T15:37:40","date_gmt":"2023-11-14T15:37:40","guid":{"rendered":"https:\/\/exceladvisor.org\/tr\/doldurma-kolu\/"},"modified":"2023-12-10T06:01:09","modified_gmt":"2023-12-10T06:01:09","slug":"doldurma-kolu","status":"publish","type":"page","link":"https:\/\/exceladvisor.org\/tr\/doldurma-kolu\/","title":{"rendered":"Excel&#39;de doldurma tutamac\u0131 nas\u0131l kullan\u0131l\u0131r?"},"content":{"rendered":"<div class=\"excel-icerikten-once\" id=\"excel-2513603434\"><script type=\"text\/javascript\">\r\n\tatOptions = {\r\n\t\t'key' : 'c1158f160081d6540a8409e6925dab94',\r\n\t\t'format' : 'iframe',\r\n\t\t'height' : 250,\r\n\t\t'width' : 300,\r\n\t\t'params' : {}\r\n\t};\r\n<\/script>\r\n<script type=\"text\/javascript\" src=\"\/\/www.highperformanceformat.com\/c1158f160081d6540a8409e6925dab94\/invoke.js\"><\/script><\/div> <p>Excel&#8217;de Doldurma Tutama\u011f\u0131, se\u00e7ilen h\u00fccrelerin de\u011fer d\u00fczenini takip ederek sat\u0131rlar\u0131\/s\u00fctunlar\u0131 otomatik olarak dolduran ve bir seri listesi olu\u015fturan bir ara\u00e7t\u0131r.<\/p><p> Doldurma tutamac\u0131 her zaman her h\u00fccrenin sa\u011f alt k\u00f6\u015fesinde bulunan \u00e7ok k\u00fc\u00e7\u00fck bir kara kutudur ve kullan\u0131c\u0131lar\u0131n yaln\u0131zca fare kullanarak t\u0131klay\u0131p s\u00fcr\u00fcklemesi veya \u00fczerine iki kez dokunmas\u0131 yeterlidir; h\u00fccreleri otomatik olarak dolduracak ve bir dizi tabanl\u0131 bir dizi olu\u015fturacakt\u0131r. se\u00e7ilen h\u00fccrelerdeki de\u011ferlere g\u00f6re.<\/p><p> Doldurma tutamac\u0131, liste olu\u015fturmak istedi\u011finiz ba\u015flang\u0131\u00e7 h\u00fccrelerindeki h\u00fccrelerde bulunan de\u011fere g\u00f6re h\u00fccreleri otomatik olarak doldurmak i\u00e7in kullan\u0131labilir.<\/p><p> Listeyi say\u0131lar, tarihler, haftan\u0131n g\u00fcnleri ve form\u00fcller gibi herhangi bir de\u011fer t\u00fcr\u00fcyle otomatik olarak doldurmak i\u00e7in doldurma tutamac\u0131n\u0131 kullanma s\u00fcreci ayn\u0131d\u0131r ve doldurma tutamac\u0131n\u0131n nas\u0131l \u00e7al\u0131\u015ft\u0131\u011f\u0131n\u0131 anlaman\u0131za yard\u0131mc\u0131 olmak i\u00e7in a\u015fa\u011f\u0131da listelenen baz\u0131 \u00f6rneklere sahibiz.<\/p><h4 class=\"wp-block-heading\"> Say\u0131 serisi \u015fablonunu s\u00fcr\u00fckleyip b\u0131rakarak otomatik olarak doldurmak i\u00e7in doldurma tutamac\u0131n\u0131 kullan\u0131n.<\/h4><ol><li> \u00d6ncelikle seriyi ba\u015flatmak istedi\u011finiz h\u00fccreye de\u011feri girin ve doldurma tutama\u011f\u0131na t\u0131klay\u0131p bas\u0131l\u0131 tutarak seriyi kopyalamak istedi\u011finiz h\u00fccreye s\u00fcr\u00fckleyin.<\/li><li> Daha sonra doldurma kolu simgesine t\u0131klay\u0131p a\u00e7\u0131n ve \u201cSeriyi Doldur\u201d se\u00e7ene\u011fini se\u00e7in, listeniz 1&#8217;er art\u0131\u015flarla bir seriye d\u00f6n\u00fc\u015ft\u00fcr\u00fclecektir. <br><img loading=\"lazy\" decoding=\"async\" title=\"1-otomatik-doldurma-say\u0131-serisi.gif\" src=\"https:\/\/exceladvisor.org\/wp-content\/uploads\/2023\/08\/1-serie-de-numeros-de-remplissage-automatique.gif\" sizes=\"auto, \" srcset=\"\" alt=\"auto-fill-number-series\" width=\"265\" height=\"328\"><\/li><li> Veya doldurma tutamac\u0131n\u0131n izleyece\u011fi bir desen olu\u015fturmak i\u00e7in de\u011feri en az iki h\u00fccreye girin.<\/li><li> Bundan sonra, her iki h\u00fccreyi de se\u00e7in ve fare imlecini h\u00fccrenin sa\u011f alt k\u00f6\u015fesine getirin; art\u0131 i\u015fareti (+) simgesi (doldurma tutamac\u0131) g\u00f6r\u00fcnecektir. <br><img loading=\"lazy\" decoding=\"async\" title=\"2 doldurma kolu d\u00fc\u011fmesi\" src=\"https:\/\/exceladvisor.org\/wp-content\/uploads\/2023\/08\/2-bouton-de-poignee-de-remplissage.png\" sizes=\"auto, \" srcset=\"\" alt=\"fill-handle-button\" width=\"188\" height=\"348\"><\/li><li> \u015eimdi fare d\u00fc\u011fmesini t\u0131klay\u0131p bas\u0131l\u0131 tutun ve deseni otomatik olarak doldurmak istedi\u011finiz h\u00fccreye s\u00fcr\u00fckleyin. <br><img loading=\"lazy\" decoding=\"async\" title=\"3-s\u00fcr\u00fckle-b\u0131rakarak-otomatik-doldur.gif\" src=\"https:\/\/exceladvisor.org\/wp-content\/uploads\/2023\/08\/3-remplissage-automatique-par-glisser-deposer.gif\" sizes=\"auto, \" srcset=\"\" alt=\"auto-fill-by-drag-drop\" width=\"233\" height=\"330\"><\/li><\/ol><h2 class=\"wp-block-heading\"> Say\u0131 serisi \u015fablonunu \u00e7ift t\u0131klatarak otomatik olarak doldurmak i\u00e7in doldurma tutamac\u0131n\u0131 kullan\u0131n<\/h2><p> Ayr\u0131ca doldurma tutamac\u0131n\u0131 \u00e7ift t\u0131klatarak h\u00fccreleri otomatik olarak doldurabilirsiniz, ancak bunu yapmak i\u00e7in biti\u015fik s\u00fctunlarda veri olmas\u0131 gerekir.<\/p><ol><li> \u0130lk olarak, doldurma tutamac\u0131n\u0131n takip edece\u011fi bir desen olu\u015fturmak i\u00e7in de\u011ferleri en az iki h\u00fccreye girin.<\/li><li> Bundan sonra, her iki h\u00fccreyi de se\u00e7in ve fare imlecini h\u00fccrenin sa\u011f alt k\u00f6\u015fesine getirin; art\u0131 i\u015fareti (+) simgesi g\u00f6r\u00fcnecektir.<\/li><li> \u015eimdi \u00e7ift t\u0131klad\u0131\u011f\u0131n\u0131zda \u015fablonunuz biti\u015fik h\u00fccrelerdeki verilerin bulundu\u011fu h\u00fccrelere kopyalanacakt\u0131r. <\/li><\/ol><div class=\"wp-block-image\"><figure class=\"aligncenter size-full is-resized\"><img loading=\"lazy\" decoding=\"async\" class=\"wp-image-66777\" src=\"https:\/\/exceladvisor.org\/wp-content\/uploads\/2023\/08\/4-poignee-de-remplissage-par-double-clic.gif\" sizes=\"auto, \" srcset=\"\" alt=\"doldurma tutama\u011f\u0131na \u00e7ift t\u0131klay\u0131n\" width=\"285\" height=\"324\"><\/figure><\/div><p> Yukar\u0131daki \u00f6rneklerde, se\u00e7ilen ilk iki h\u00fccrede 1&#8217;lik art\u0131\u015f modelini kulland\u0131k, b\u00f6ylece doldurma tutamac\u0131 ayn\u0131 modeli takip etti ve h\u00fccreleri ayn\u0131 art\u0131\u015f modelini izleyerek otomatik olarak doldurdu.<\/p><h2 class=\"wp-block-heading\"> Tarihleri otomatik olarak doldurmak i\u00e7in doldurma tutamac\u0131n\u0131 kullan\u0131n<\/h2><p> Doldurma Tutamac\u0131, bir liste olu\u015fturmak i\u00e7in h\u00fccreye girdi\u011finiz de\u011ferlere g\u00f6re Doldurma Tutamac\u0131 simgesinden se\u00e7im yapabilece\u011finiz farkl\u0131 se\u00e7enekler sunar. A\u015fa\u011f\u0131daki g\u00f6rselde h\u00fccre de\u011ferini tarih olarak ald\u0131\u011f\u0131m\u0131z\u0131 g\u00f6rebilirsiniz.<\/p><p> H\u00fccreleri otomatik doldurmak i\u00e7in doldurma tutamac\u0131n\u0131 kulland\u0131\u011f\u0131m\u0131zda ve doldurma tutamac\u0131 simgesine t\u0131klad\u0131\u011f\u0131m\u0131zda, bize &#8220;G\u00fcnleri Doldur, Hafta G\u00fcnlerini Doldur, Aylar\u0131 Doldur, Y\u0131llar\u0131 Doldur&#8221; gibi tarihlerle ilgili daha fazla se\u00e7enek g\u00f6sterdi.<\/p><p> Liste gereksinimlerinize g\u00f6re se\u00e7eneklerden herhangi birini se\u00e7ebilirsiniz. <\/p><div class=\"wp-block-image\"><figure class=\"aligncenter size-full is-resized\"><img loading=\"lazy\" decoding=\"async\" class=\"wp-image-66778\" src=\"https:\/\/exceladvisor.org\/wp-content\/uploads\/2023\/08\/5-valeurs-de-date-de-remplissage-automatique.gif\" sizes=\"auto, \" srcset=\"\" alt=\"otomatik doldurma tarihi de\u011ferleri\" width=\"310\" height=\"414\"><\/figure><\/div><h2 class=\"wp-block-heading\"> Doldurma Tutama\u011f\u0131 Se\u00e7enekleri<\/h2><p> &#8220;H\u00fccreleri Kopyala, Seriyi Doldur, Yaln\u0131zca Formatla Doldur, Formatlamadan Doldur ve Fla\u015f\u0131 Doldur&#8221; gibi doldurma tutamac\u0131 simgesi se\u00e7eneklerinden baz\u0131lar\u0131 her seferinde sabit kal\u0131r, ancak baz\u0131 se\u00e7enekler ayarlara ba\u011fl\u0131 olarak de\u011fi\u015febilir. h\u00fccre de\u011ferleri.<\/p><p> \u00d6rne\u011fin h\u00fccre de\u011feriniz bir g\u00fcn\u00fcn ad\u0131 ise size yaln\u0131zca g\u00fcn ad\u0131n\u0131n format\u0131yla ilgili 2-3 ek se\u00e7enek g\u00f6sterecektir. Yayg\u0131n olarak kullan\u0131lan baz\u0131 doldurma kolu se\u00e7eneklerini a\u015fa\u011f\u0131da \u00f6zetledik:<\/p><ol><li> <strong>H\u00fccreleri Kopyala:<\/strong> Bu se\u00e7enek yaln\u0131zca se\u00e7ili h\u00fccrelerin de\u011ferini kopyalay\u0131p yap\u0131\u015ft\u0131r\u0131r.<\/li><li> <strong>Seriyi Doldur:<\/strong> Bu se\u00e7enek, h\u00fccreleri 1&#8217;lik art\u0131\u015flarla seri olarak doldurur.<\/li><li> <strong>Yaln\u0131zca Bi\u00e7imlendirmeyi Doldur:<\/strong> Bu se\u00e7enek, de\u011ferler yerine yaln\u0131zca h\u00fccrelerdeki bi\u00e7imlendirmeyi doldurur.<\/li><li> <strong>Bi\u00e7imlendirmeden doldur:<\/strong> Bu se\u00e7enek, h\u00fccreleri, bi\u00e7imlendirmeyi kopyalamadan de\u011fer desenine g\u00f6re doldurur.<\/li><li> <strong>G\u00fcnleri Doldur:<\/strong> Bu se\u00e7enek h\u00fccreleri bir dizi g\u00fcn ad\u0131yla doldurur.<\/li><li> <strong>Hafta \u0130\u00e7i G\u00fcnleri Doldur:<\/strong> Bu se\u00e7enek, h\u00fccreleri hafta sonlar\u0131 (Cumartesi ve Pazar) hari\u00e7 g\u00fcn adlar\u0131yla doldurur.<\/li><li> <strong>Aylar\u0131 Doldur:<\/strong> Bu se\u00e7enek listeyi yaln\u0131zca aylar\u0131 art\u0131rarak olu\u015fturur ve tarih ve y\u0131l sabit kal\u0131r.<\/li><li> <strong>Y\u0131llar\u0131 Doldur:<\/strong> Bu se\u00e7enek yaln\u0131zca y\u0131llar\u0131 art\u0131rarak listeyi olu\u015fturur ve tarih ve ay sabit kal\u0131r.<\/li><\/ol><div class=\"gb-container gb-container-4db6181c gb-container-mt\"> <a class=\"gb-button gb-button-c5897111 gb-button-text gb-button-mt-button\" href=\"https:\/\/exceladvisor.org\/tr\/excelin-temelleri\/\">Microsoft Excel Temelleri (Bile\u015fenler, Par\u00e7alar ve Bilgi Notlar\u0131)<\/a><h2 class=\"gb-headline gb-headline-665e5f6b gb-headline-text gb-headline-mt-heading\"> \u0130lgili e\u011fitimler <\/h2><div class=\"gb-grid-wrapper gb-grid-wrapper-a20baf7c gb-grid-wrapper-mt-grid\"><div class=\"gb-grid-column gb-grid-column-65ddf67e\"><div class=\"gb-container gb-container-65ddf67e\"><ul><li> <a href=\"https:\/\/exceladvisor.org\/tr\/tamamen-hakli-cikarmak\/\">Excel&#8217;de Yasla&#8217;y\u0131 Doldurun<\/a><\/li><li> <a href=\"https:\/\/exceladvisor.org\/tr\/excel-formul-cubugu\/\">Excel&#8217;deki form\u00fcl \u00e7ubu\u011fu<\/a><\/li><li> <a href=\"https:\/\/exceladvisor.org\/tr\/cetvel\/\">Cetveli Excel&#8217;de g\u00f6ster<\/a><\/li><li> <a href=\"https:\/\/exceladvisor.org\/tr\/ressam-formati\/\">Excel&#8217;de Bi\u00e7im Boyac\u0131s\u0131<\/a> <\/li><\/ul><\/div><\/div><div class=\"gb-grid-column gb-grid-column-50067b57\"><div class=\"gb-container gb-container-50067b57\"><ul><li> <a href=\"https:\/\/exceladvisor.org\/tr\/yakinlastirma\/\">Excel&#8217;de yak\u0131nla\u015ft\u0131rma veya uzakla\u015ft\u0131rma<\/a><\/li><li> <a href=\"https:\/\/exceladvisor.org\/tr\/secenekler\/\">Excel Se\u00e7enekleri (Mac ve Windows)<\/a><\/li><li> <a href=\"https:\/\/exceladvisor.org\/tr\/iletisim-kutusu\/\">Excel&#8217;deki ileti\u015fim kutusu<\/a><\/li><li> <a href=\"https:\/\/exceladvisor.org\/tr\/panjurlari-dondur\/\">Excel&#8217;de tavalar\u0131 dondurma<\/a><\/li><\/ul><\/div><\/div><\/div><\/div>","protected":false},"excerpt":{"rendered":"","protected":false},"author":1,"featured_media":0,"parent":0,"menu_order":0,"comment_status":"open","ping_status":"closed","template":"","meta":{"ub_ctt_via":"","footnotes":""},"class_list":["post-1635","page","type-page","status-publish","hentry"],"featured_image_src":null,"yoast_head":"<!-- This site is optimized with the Yoast SEO plugin v25.4 - https:\/\/yoast.com\/wordpress\/plugins\/seo\/ -->\n<title>\u25b7 Excel&#039;de doldurma tutamac\u0131 nas\u0131l kullan\u0131l\u0131r?<\/title>\n<meta name=\"description\" content=\"Bu \u00f6\u011freticide, takip edilmesi kolay \u00fc\u00e7 \u00f6rnek kullanarak Excel&#039;deki doldurma tutamac\u0131n\u0131 kullanman\u0131n farkl\u0131 yollar\u0131n\u0131 \u00f6\u011freneceksiniz.\" \/>\n<meta name=\"robots\" content=\"index, follow, max-snippet:-1, max-image-preview:large, max-video-preview:-1\" \/>\n<link rel=\"canonical\" href=\"https:\/\/exceladvisor.org\/tr\/doldurma-kolu\/\" \/>\n<meta property=\"og:locale\" content=\"tr_TR\" \/>\n<meta property=\"og:type\" content=\"article\" \/>\n<meta property=\"og:title\" content=\"\u25b7 Excel&#039;de doldurma tutamac\u0131 nas\u0131l kullan\u0131l\u0131r?\" \/>\n<meta property=\"og:description\" content=\"Bu \u00f6\u011freticide, takip edilmesi kolay \u00fc\u00e7 \u00f6rnek kullanarak Excel&#039;deki doldurma tutamac\u0131n\u0131 kullanman\u0131n farkl\u0131 yollar\u0131n\u0131 \u00f6\u011freneceksiniz.\" \/>\n<meta property=\"og:url\" content=\"https:\/\/exceladvisor.org\/tr\/doldurma-kolu\/\" \/>\n<meta property=\"og:site_name\" content=\"Excel Advisor\" \/>\n<meta property=\"article:modified_time\" content=\"2023-12-10T06:01:09+00:00\" \/>\n<meta property=\"og:image\" content=\"https:\/\/exceladvisor.org\/wp-content\/uploads\/2023\/08\/1-serie-de-numeros-de-remplissage-automatique.gif\" \/>\n<meta name=\"twitter:card\" content=\"summary_large_image\" \/>\n<meta name=\"twitter:label1\" content=\"Tahmini okuma s\u00fcresi\" \/>\n\t<meta name=\"twitter:data1\" content=\"4 dakika\" \/>\n<script type=\"application\/ld+json\" class=\"yoast-schema-graph\">{\"@context\":\"https:\/\/schema.org\",\"@graph\":[{\"@type\":\"WebPage\",\"@id\":\"https:\/\/exceladvisor.org\/tr\/doldurma-kolu\/\",\"url\":\"https:\/\/exceladvisor.org\/tr\/doldurma-kolu\/\",\"name\":\"\u25b7 Excel&#39;de doldurma tutamac\u0131 nas\u0131l kullan\u0131l\u0131r?\",\"isPartOf\":{\"@id\":\"https:\/\/exceladvisor.org\/tr\/#website\"},\"primaryImageOfPage\":{\"@id\":\"https:\/\/exceladvisor.org\/tr\/doldurma-kolu\/#primaryimage\"},\"image\":{\"@id\":\"https:\/\/exceladvisor.org\/tr\/doldurma-kolu\/#primaryimage\"},\"thumbnailUrl\":\"https:\/\/exceladvisor.org\/wp-content\/uploads\/2023\/08\/1-serie-de-numeros-de-remplissage-automatique.gif\",\"datePublished\":\"2023-11-14T15:37:40+00:00\",\"dateModified\":\"2023-12-10T06:01:09+00:00\",\"description\":\"Bu \u00f6\u011freticide, takip edilmesi kolay \u00fc\u00e7 \u00f6rnek kullanarak Excel&#39;deki doldurma tutamac\u0131n\u0131 kullanman\u0131n farkl\u0131 yollar\u0131n\u0131 \u00f6\u011freneceksiniz.\",\"breadcrumb\":{\"@id\":\"https:\/\/exceladvisor.org\/tr\/doldurma-kolu\/#breadcrumb\"},\"inLanguage\":\"tr\",\"potentialAction\":[{\"@type\":\"ReadAction\",\"target\":[\"https:\/\/exceladvisor.org\/tr\/doldurma-kolu\/\"]}]},{\"@type\":\"ImageObject\",\"inLanguage\":\"tr\",\"@id\":\"https:\/\/exceladvisor.org\/tr\/doldurma-kolu\/#primaryimage\",\"url\":\"https:\/\/exceladvisor.org\/wp-content\/uploads\/2023\/08\/1-serie-de-numeros-de-remplissage-automatique.gif\",\"contentUrl\":\"https:\/\/exceladvisor.org\/wp-content\/uploads\/2023\/08\/1-serie-de-numeros-de-remplissage-automatique.gif\"},{\"@type\":\"BreadcrumbList\",\"@id\":\"https:\/\/exceladvisor.org\/tr\/doldurma-kolu\/#breadcrumb\",\"itemListElement\":[{\"@type\":\"ListItem\",\"position\":1,\"name\":\"Ev\",\"item\":\"https:\/\/exceladvisor.org\/tr\/\"},{\"@type\":\"ListItem\",\"position\":2,\"name\":\"Excel&#39;de doldurma tutamac\u0131 nas\u0131l kullan\u0131l\u0131r?\"}]},{\"@type\":\"WebSite\",\"@id\":\"https:\/\/exceladvisor.org\/tr\/#website\",\"url\":\"https:\/\/exceladvisor.org\/tr\/\",\"name\":\"Excel Advisor\",\"description\":\"Veri hakimiyetine y\u00f6nelik nihai rehberiniz!\",\"publisher\":{\"@id\":\"https:\/\/exceladvisor.org\/tr\/#organization\"},\"potentialAction\":[{\"@type\":\"SearchAction\",\"target\":{\"@type\":\"EntryPoint\",\"urlTemplate\":\"https:\/\/exceladvisor.org\/tr\/?s={search_term_string}\"},\"query-input\":{\"@type\":\"PropertyValueSpecification\",\"valueRequired\":true,\"valueName\":\"search_term_string\"}}],\"inLanguage\":\"tr\"},{\"@type\":\"Organization\",\"@id\":\"https:\/\/exceladvisor.org\/tr\/#organization\",\"name\":\"Excel Advisor\",\"url\":\"https:\/\/exceladvisor.org\/tr\/\",\"logo\":{\"@type\":\"ImageObject\",\"inLanguage\":\"tr\",\"@id\":\"https:\/\/exceladvisor.org\/tr\/#\/schema\/logo\/image\/\",\"url\":\"https:\/\/exceladvisor.org\/tr\/wp-content\/uploads\/2023\/12\/exceladvisor.org_.png\",\"contentUrl\":\"https:\/\/exceladvisor.org\/tr\/wp-content\/uploads\/2023\/12\/exceladvisor.org_.png\",\"width\":105,\"height\":36,\"caption\":\"Excel Advisor\"},\"image\":{\"@id\":\"https:\/\/exceladvisor.org\/tr\/#\/schema\/logo\/image\/\"}}]}<\/script>\n<!-- \/ Yoast SEO plugin. -->","yoast_head_json":{"title":"\u25b7 Excel&#39;de doldurma tutamac\u0131 nas\u0131l kullan\u0131l\u0131r?","description":"Bu \u00f6\u011freticide, takip edilmesi kolay \u00fc\u00e7 \u00f6rnek kullanarak Excel&#39;deki doldurma tutamac\u0131n\u0131 kullanman\u0131n farkl\u0131 yollar\u0131n\u0131 \u00f6\u011freneceksiniz.","robots":{"index":"index","follow":"follow","max-snippet":"max-snippet:-1","max-image-preview":"max-image-preview:large","max-video-preview":"max-video-preview:-1"},"canonical":"https:\/\/exceladvisor.org\/tr\/doldurma-kolu\/","og_locale":"tr_TR","og_type":"article","og_title":"\u25b7 Excel&#39;de doldurma tutamac\u0131 nas\u0131l kullan\u0131l\u0131r?","og_description":"Bu \u00f6\u011freticide, takip edilmesi kolay \u00fc\u00e7 \u00f6rnek kullanarak Excel&#39;deki doldurma tutamac\u0131n\u0131 kullanman\u0131n farkl\u0131 yollar\u0131n\u0131 \u00f6\u011freneceksiniz.","og_url":"https:\/\/exceladvisor.org\/tr\/doldurma-kolu\/","og_site_name":"Excel Advisor","article_modified_time":"2023-12-10T06:01:09+00:00","og_image":[{"url":"https:\/\/exceladvisor.org\/wp-content\/uploads\/2023\/08\/1-serie-de-numeros-de-remplissage-automatique.gif","type":"","width":"","height":""}],"twitter_card":"summary_large_image","twitter_misc":{"Tahmini okuma s\u00fcresi":"4 dakika"},"schema":{"@context":"https:\/\/schema.org","@graph":[{"@type":"WebPage","@id":"https:\/\/exceladvisor.org\/tr\/doldurma-kolu\/","url":"https:\/\/exceladvisor.org\/tr\/doldurma-kolu\/","name":"\u25b7 Excel&#39;de doldurma tutamac\u0131 nas\u0131l kullan\u0131l\u0131r?","isPartOf":{"@id":"https:\/\/exceladvisor.org\/tr\/#website"},"primaryImageOfPage":{"@id":"https:\/\/exceladvisor.org\/tr\/doldurma-kolu\/#primaryimage"},"image":{"@id":"https:\/\/exceladvisor.org\/tr\/doldurma-kolu\/#primaryimage"},"thumbnailUrl":"https:\/\/exceladvisor.org\/wp-content\/uploads\/2023\/08\/1-serie-de-numeros-de-remplissage-automatique.gif","datePublished":"2023-11-14T15:37:40+00:00","dateModified":"2023-12-10T06:01:09+00:00","description":"Bu \u00f6\u011freticide, takip edilmesi kolay \u00fc\u00e7 \u00f6rnek kullanarak Excel&#39;deki doldurma tutamac\u0131n\u0131 kullanman\u0131n farkl\u0131 yollar\u0131n\u0131 \u00f6\u011freneceksiniz.","breadcrumb":{"@id":"https:\/\/exceladvisor.org\/tr\/doldurma-kolu\/#breadcrumb"},"inLanguage":"tr","potentialAction":[{"@type":"ReadAction","target":["https:\/\/exceladvisor.org\/tr\/doldurma-kolu\/"]}]},{"@type":"ImageObject","inLanguage":"tr","@id":"https:\/\/exceladvisor.org\/tr\/doldurma-kolu\/#primaryimage","url":"https:\/\/exceladvisor.org\/wp-content\/uploads\/2023\/08\/1-serie-de-numeros-de-remplissage-automatique.gif","contentUrl":"https:\/\/exceladvisor.org\/wp-content\/uploads\/2023\/08\/1-serie-de-numeros-de-remplissage-automatique.gif"},{"@type":"BreadcrumbList","@id":"https:\/\/exceladvisor.org\/tr\/doldurma-kolu\/#breadcrumb","itemListElement":[{"@type":"ListItem","position":1,"name":"Ev","item":"https:\/\/exceladvisor.org\/tr\/"},{"@type":"ListItem","position":2,"name":"Excel&#39;de doldurma tutamac\u0131 nas\u0131l kullan\u0131l\u0131r?"}]},{"@type":"WebSite","@id":"https:\/\/exceladvisor.org\/tr\/#website","url":"https:\/\/exceladvisor.org\/tr\/","name":"Excel Advisor","description":"Veri hakimiyetine y\u00f6nelik nihai rehberiniz!","publisher":{"@id":"https:\/\/exceladvisor.org\/tr\/#organization"},"potentialAction":[{"@type":"SearchAction","target":{"@type":"EntryPoint","urlTemplate":"https:\/\/exceladvisor.org\/tr\/?s={search_term_string}"},"query-input":{"@type":"PropertyValueSpecification","valueRequired":true,"valueName":"search_term_string"}}],"inLanguage":"tr"},{"@type":"Organization","@id":"https:\/\/exceladvisor.org\/tr\/#organization","name":"Excel Advisor","url":"https:\/\/exceladvisor.org\/tr\/","logo":{"@type":"ImageObject","inLanguage":"tr","@id":"https:\/\/exceladvisor.org\/tr\/#\/schema\/logo\/image\/","url":"https:\/\/exceladvisor.org\/tr\/wp-content\/uploads\/2023\/12\/exceladvisor.org_.png","contentUrl":"https:\/\/exceladvisor.org\/tr\/wp-content\/uploads\/2023\/12\/exceladvisor.org_.png","width":105,"height":36,"caption":"Excel Advisor"},"image":{"@id":"https:\/\/exceladvisor.org\/tr\/#\/schema\/logo\/image\/"}}]}},"yoast_meta":{"yoast_wpseo_title":"","yoast_wpseo_metadesc":"","yoast_wpseo_canonical":""},"_links":{"self":[{"href":"https:\/\/exceladvisor.org\/tr\/wp-json\/wp\/v2\/pages\/1635","targetHints":{"allow":["GET"]}}],"collection":[{"href":"https:\/\/exceladvisor.org\/tr\/wp-json\/wp\/v2\/pages"}],"about":[{"href":"https:\/\/exceladvisor.org\/tr\/wp-json\/wp\/v2\/types\/page"}],"author":[{"embeddable":true,"href":"https:\/\/exceladvisor.org\/tr\/wp-json\/wp\/v2\/users\/1"}],"replies":[{"embeddable":true,"href":"https:\/\/exceladvisor.org\/tr\/wp-json\/wp\/v2\/comments?post=1635"}],"version-history":[{"count":1,"href":"https:\/\/exceladvisor.org\/tr\/wp-json\/wp\/v2\/pages\/1635\/revisions"}],"predecessor-version":[{"id":2480,"href":"https:\/\/exceladvisor.org\/tr\/wp-json\/wp\/v2\/pages\/1635\/revisions\/2480"}],"wp:attachment":[{"href":"https:\/\/exceladvisor.org\/tr\/wp-json\/wp\/v2\/media?parent=1635"}],"curies":[{"name":"wp","href":"https:\/\/api.w.org\/{rel}","templated":true}]}}