{"id":1636,"date":"2023-11-14T15:29:45","date_gmt":"2023-11-14T15:29:45","guid":{"rendered":"https:\/\/exceladvisor.org\/tr\/ortalama-maksimum-degerler\/"},"modified":"2023-12-10T06:02:46","modified_gmt":"2023-12-10T06:02:46","slug":"ortalama-maksimum-degerler","status":"publish","type":"page","link":"https:\/\/exceladvisor.org\/tr\/ortalama-maksimum-degerler\/","title":{"rendered":"Excel&#39;de top 5 de\u011ferinin ortalamas\u0131 nas\u0131l al\u0131n\u0131r?"},"content":{"rendered":"<div class=\"excel-icerikten-once\" id=\"excel-3387548355\"><script type=\"text\/javascript\">\r\n\tatOptions = {\r\n\t\t'key' : 'c1158f160081d6540a8409e6925dab94',\r\n\t\t'format' : 'iframe',\r\n\t\t'height' : 250,\r\n\t\t'width' : 300,\r\n\t\t'params' : {}\r\n\t};\r\n<\/script>\r\n<script type=\"text\/javascript\" src=\"\/\/www.highperformanceformat.com\/c1158f160081d6540a8409e6925dab94\/invoke.js\"><\/script><\/div> <p>Diyelim ki i\u015fletmenizde 20 \u00fcr\u00fcnden olu\u015fan bir seriniz var ve 20 \u00fcr\u00fcn\u00fcn tamam\u0131 i\u00e7in ayl\u0131k sat\u0131\u015f verileriniz var.<\/p><p> Bu verilerden en iyi 5 \u00fcr\u00fcn\u00fcn ortalamas\u0131n\u0131 hesaplamak istiyorsunuz. K\u0131saca bu verilerden ilk 5 de\u011ferin ortalamas\u0131n\u0131 almak istiyorsunuz. A\u015fa\u011f\u0131daki \u00f6rne\u011fe bak\u0131n. <\/p><div class=\"wp-block-image\"><figure class=\"aligncenter\"><img decoding=\"async\" src=\"https:\/\/exceladvisor.org\/wp-content\/uploads\/2023\/08\/ventes-de-produits-pour-obtenir-la-moyenne-des-5-meilleurs.png\" sizes=\"\" srcset=\"\" alt=\"\u00fcr\u00fcn sat\u0131\u015flar\u0131nda ilk 5 ortalamaya girmek\"><\/figure><\/div><h2 class=\"wp-block-heading\"> Form\u00fcl: Ortalama \u0130LK 5 de\u011fer<\/h2><p> Listedeki ilk 5 puan\u0131n ortalamas\u0131n\u0131 almak i\u00e7in B\u00dcY\u00dcK ve ORTALAMA kombinasyonunu temel alan bir form\u00fcl kullanabilirsiniz. Ve form\u00fcl \u015f\u00f6yle olacak: <\/p><pre class=\"wp-block-code\"> <code class=\"language-excel-formula\" lang=\"excel-formula\">=AVERAGE(LARGE(B2:B21,{1,2,3,4,5}))<\/code><\/pre><div class=\"wp-block-image\"><figure class=\"aligncenter\"><img decoding=\"async\" src=\"https:\/\/exceladvisor.org\/wp-content\/uploads\/2023\/08\/formule-pour-obtenir-la-moyenne-des-5-premiers.png\" sizes=\"\" srcset=\"\" alt=\"ilk 5'in ortalamas\u0131n\u0131 elde eden form\u00fcl\"><\/figure><\/div><h3 class=\"wp-block-heading\"> Bu form\u00fcl nas\u0131l \u00e7al\u0131\u015f\u0131yor?<\/h3><p> Bu form\u00fcl\u00fc anlamak i\u00e7in onu iki k\u0131sma ay\u0131rman\u0131z gerekir. \u0130lk b\u00f6l\u00fcmde B\u00dcY\u00dcK fonksiyonunu kulland\u0131k.<\/p><h4 class=\"wp-block-heading\"> GEN\u0130\u015e i\u015flevi<\/h4><p> B\u00dcY\u00dcK i\u015flevi verilerden n&#8217;inci en b\u00fcy\u00fck de\u011feri d\u00f6nd\u00fcrebilir. E\u011fer n&#8217;inci de\u011fer olarak 2&#8217;yi belirtirseniz verideki en y\u00fcksek ikinci de\u011feri d\u00f6nd\u00fcrecektir.<\/p><p> Burada ortalamas\u0131n\u0131 almak i\u00e7in yaln\u0131zca bir de\u011fil ilk 5 de\u011fere ihtiyac\u0131n\u0131z var. Bunun i\u00e7in a\u015fa\u011f\u0131daki tabloya n&#8217;inci de\u011fer olarak girmeniz gerekmektedir.<\/p><p> {1,2,3,4,5}<\/p><p> Bunu fonksiyona girdi\u011finizde t\u0131pk\u0131 a\u015fa\u011f\u0131daki gibi ilk 5 de\u011ferden olu\u015fan bir dizi d\u00f6nd\u00fcr\u00fcr. <\/p><div class=\"wp-block-image\"><figure class=\"aligncenter\"><img decoding=\"async\" src=\"https:\/\/exceladvisor.org\/wp-content\/uploads\/2023\/08\/comment-la-grande-formule-fonctionne-pour-obtenir-la-moyenne-des-5-premiers.png\" sizes=\"\" srcset=\"\" alt=\"ilk 5'in ortalamas\u0131n\u0131 almak i\u00e7in b\u00fcy\u00fck form\u00fcl\u00fcn nas\u0131l \u00e7al\u0131\u015ft\u0131\u011f\u0131\"><\/figure><\/div><p> <strong>Sonu\u00e7ta<\/strong> ortalama i\u015flevi bu de\u011ferlerin ortalamas\u0131n\u0131 d\u00f6nd\u00fcr\u00fcr. Burada ortalama fonksiyonun CTRL+SHIFT+ENTER gibi herhangi bir form\u00fcl girmeden dizi alabilece\u011fini anlamal\u0131s\u0131n\u0131z. <\/p><div class=\"gb-container gb-container-52dfcee1 gb-container-sample-file\"><h2 class=\"gb-headline gb-headline-e289c143 gb-headline-text gb-headline-4f7959c2\"> Excel dosyas\u0131n\u0131 al\u0131n<\/h2><p> <a class=\"gb-button gb-button-e88d6bee gb-button-text gb-button-button1\" href=\"https:\/\/exceladvisor.org\/wp-content\/uploads\/2023\/11\/moyenne-des-cinq-premieres-valeurs.xlsx\" rel=\"nofollow\">\u0130ndirmek<\/a><\/p><\/div><div class=\"gb-container gb-container-0df56012 gb-container-mt\"> <a class=\"gb-button gb-button-f9f432f4 gb-button-text gb-button-mt-button\" href=\"https:\/\/exceladvisor.org\/tr\/formuller\/\">Excel form\u00fcllerinin listesi<\/a><h2 class=\"gb-headline gb-headline-233444e8 gb-headline-text gb-headline-mt-heading\"> \u0130lgili form\u00fcller <\/h2><div class=\"gb-grid-wrapper gb-grid-wrapper-a16fa65c gb-grid-wrapper-mt-grid\"><div class=\"gb-grid-column gb-grid-column-50d07e0d\"><div class=\"gb-container gb-container-50d07e0d\"><ul><li> <a href=\"https:\/\/exceladvisor.org\/tr\/agirlikli-ortalama\/\">Excel&#8217;de a\u011f\u0131rl\u0131kl\u0131 ortalamay\u0131 hesaplay\u0131n<\/a><\/li><li> <a href=\"https:\/\/exceladvisor.org\/tr\/ortalama-goz-ardi-edilen-hatalar-2\/\">Ortalama ancak hatalar\u0131 g\u00f6z ard\u0131 edin (#YOK ve di\u011fer hatalar)<\/a><\/li><li> <a href=\"https:\/\/exceladvisor.org\/tr\/ortalama-sifirlari-haric-tutar-2\/\">Ortalama say\u0131 ancak s\u0131f\u0131rlar\u0131 hari\u00e7 tutun<\/a><\/li><li> <a href=\"https:\/\/exceladvisor.org\/tr\/bos-olmayan-hucrelerin-ortalamasi-2\/\">Yaln\u0131zca bo\u015f olmayan h\u00fccrelerin ortalamas\u0131<\/a><\/li><li> <a href=\"https:\/\/exceladvisor.org\/tr\/ortalama-yuzde-2\/\">Y\u00fczde de\u011ferlerinin ortalamas\u0131n\u0131 hesaplay\u0131n<\/a><\/li><\/ul><\/div><\/div><\/div><\/div>","protected":false},"excerpt":{"rendered":"","protected":false},"author":1,"featured_media":0,"parent":0,"menu_order":0,"comment_status":"open","ping_status":"closed","template":"","meta":{"ub_ctt_via":"","footnotes":""},"class_list":["post-1636","page","type-page","status-publish","hentry"],"featured_image_src":null,"yoast_head":"<!-- This site is optimized with the Yoast SEO plugin v25.4 - https:\/\/yoast.com\/wordpress\/plugins\/seo\/ -->\n<title>Excel&#039;de TOP 5 de\u011ferinin ortalamas\u0131 nas\u0131l al\u0131n\u0131r?<\/title>\n<meta name=\"description\" content=\"Listedeki ilk 5 puan\u0131n ortalamas\u0131n\u0131 almak i\u00e7in B\u00dcY\u00dcK ve ORTALAMA kombinasyonunu temel alan bir form\u00fcl kullanabilirsiniz.\" \/>\n<meta name=\"robots\" content=\"index, follow, max-snippet:-1, max-image-preview:large, max-video-preview:-1\" \/>\n<link rel=\"canonical\" href=\"https:\/\/exceladvisor.org\/tr\/ortalama-maksimum-degerler\/\" \/>\n<meta property=\"og:locale\" content=\"tr_TR\" \/>\n<meta property=\"og:type\" content=\"article\" \/>\n<meta property=\"og:title\" content=\"Excel&#039;de TOP 5 de\u011ferinin ortalamas\u0131 nas\u0131l al\u0131n\u0131r?\" \/>\n<meta property=\"og:description\" content=\"Listedeki ilk 5 puan\u0131n ortalamas\u0131n\u0131 almak i\u00e7in B\u00dcY\u00dcK ve ORTALAMA kombinasyonunu temel alan bir form\u00fcl kullanabilirsiniz.\" \/>\n<meta property=\"og:url\" content=\"https:\/\/exceladvisor.org\/tr\/ortalama-maksimum-degerler\/\" \/>\n<meta property=\"og:site_name\" content=\"Excel Advisor\" \/>\n<meta property=\"article:modified_time\" content=\"2023-12-10T06:02:46+00:00\" \/>\n<meta property=\"og:image\" content=\"https:\/\/exceladvisor.org\/wp-content\/uploads\/2023\/08\/ventes-de-produits-pour-obtenir-la-moyenne-des-5-meilleurs.png\" \/>\n<meta name=\"twitter:card\" content=\"summary_large_image\" \/>\n<meta name=\"twitter:label1\" content=\"Tahmini okuma s\u00fcresi\" \/>\n\t<meta name=\"twitter:data1\" content=\"1 dakika\" \/>\n<script type=\"application\/ld+json\" class=\"yoast-schema-graph\">{\"@context\":\"https:\/\/schema.org\",\"@graph\":[{\"@type\":\"WebPage\",\"@id\":\"https:\/\/exceladvisor.org\/tr\/ortalama-maksimum-degerler\/\",\"url\":\"https:\/\/exceladvisor.org\/tr\/ortalama-maksimum-degerler\/\",\"name\":\"Excel&#39;de TOP 5 de\u011ferinin ortalamas\u0131 nas\u0131l al\u0131n\u0131r?\",\"isPartOf\":{\"@id\":\"https:\/\/exceladvisor.org\/tr\/#website\"},\"primaryImageOfPage\":{\"@id\":\"https:\/\/exceladvisor.org\/tr\/ortalama-maksimum-degerler\/#primaryimage\"},\"image\":{\"@id\":\"https:\/\/exceladvisor.org\/tr\/ortalama-maksimum-degerler\/#primaryimage\"},\"thumbnailUrl\":\"https:\/\/exceladvisor.org\/wp-content\/uploads\/2023\/08\/ventes-de-produits-pour-obtenir-la-moyenne-des-5-meilleurs.png\",\"datePublished\":\"2023-11-14T15:29:45+00:00\",\"dateModified\":\"2023-12-10T06:02:46+00:00\",\"description\":\"Listedeki ilk 5 puan\u0131n ortalamas\u0131n\u0131 almak i\u00e7in B\u00dcY\u00dcK ve ORTALAMA kombinasyonunu temel alan bir form\u00fcl kullanabilirsiniz.\",\"breadcrumb\":{\"@id\":\"https:\/\/exceladvisor.org\/tr\/ortalama-maksimum-degerler\/#breadcrumb\"},\"inLanguage\":\"tr\",\"potentialAction\":[{\"@type\":\"ReadAction\",\"target\":[\"https:\/\/exceladvisor.org\/tr\/ortalama-maksimum-degerler\/\"]}]},{\"@type\":\"ImageObject\",\"inLanguage\":\"tr\",\"@id\":\"https:\/\/exceladvisor.org\/tr\/ortalama-maksimum-degerler\/#primaryimage\",\"url\":\"https:\/\/exceladvisor.org\/wp-content\/uploads\/2023\/08\/ventes-de-produits-pour-obtenir-la-moyenne-des-5-meilleurs.png\",\"contentUrl\":\"https:\/\/exceladvisor.org\/wp-content\/uploads\/2023\/08\/ventes-de-produits-pour-obtenir-la-moyenne-des-5-meilleurs.png\"},{\"@type\":\"BreadcrumbList\",\"@id\":\"https:\/\/exceladvisor.org\/tr\/ortalama-maksimum-degerler\/#breadcrumb\",\"itemListElement\":[{\"@type\":\"ListItem\",\"position\":1,\"name\":\"Ev\",\"item\":\"https:\/\/exceladvisor.org\/tr\/\"},{\"@type\":\"ListItem\",\"position\":2,\"name\":\"Excel&#39;de top 5 de\u011ferinin ortalamas\u0131 nas\u0131l al\u0131n\u0131r?\"}]},{\"@type\":\"WebSite\",\"@id\":\"https:\/\/exceladvisor.org\/tr\/#website\",\"url\":\"https:\/\/exceladvisor.org\/tr\/\",\"name\":\"Excel Advisor\",\"description\":\"Veri hakimiyetine y\u00f6nelik nihai rehberiniz!\",\"publisher\":{\"@id\":\"https:\/\/exceladvisor.org\/tr\/#organization\"},\"potentialAction\":[{\"@type\":\"SearchAction\",\"target\":{\"@type\":\"EntryPoint\",\"urlTemplate\":\"https:\/\/exceladvisor.org\/tr\/?s={search_term_string}\"},\"query-input\":{\"@type\":\"PropertyValueSpecification\",\"valueRequired\":true,\"valueName\":\"search_term_string\"}}],\"inLanguage\":\"tr\"},{\"@type\":\"Organization\",\"@id\":\"https:\/\/exceladvisor.org\/tr\/#organization\",\"name\":\"Excel Advisor\",\"url\":\"https:\/\/exceladvisor.org\/tr\/\",\"logo\":{\"@type\":\"ImageObject\",\"inLanguage\":\"tr\",\"@id\":\"https:\/\/exceladvisor.org\/tr\/#\/schema\/logo\/image\/\",\"url\":\"https:\/\/exceladvisor.org\/tr\/wp-content\/uploads\/2023\/12\/exceladvisor.org_.png\",\"contentUrl\":\"https:\/\/exceladvisor.org\/tr\/wp-content\/uploads\/2023\/12\/exceladvisor.org_.png\",\"width\":105,\"height\":36,\"caption\":\"Excel Advisor\"},\"image\":{\"@id\":\"https:\/\/exceladvisor.org\/tr\/#\/schema\/logo\/image\/\"}}]}<\/script>\n<!-- \/ Yoast SEO plugin. -->","yoast_head_json":{"title":"Excel&#39;de TOP 5 de\u011ferinin ortalamas\u0131 nas\u0131l al\u0131n\u0131r?","description":"Listedeki ilk 5 puan\u0131n ortalamas\u0131n\u0131 almak i\u00e7in B\u00dcY\u00dcK ve ORTALAMA kombinasyonunu temel alan bir form\u00fcl kullanabilirsiniz.","robots":{"index":"index","follow":"follow","max-snippet":"max-snippet:-1","max-image-preview":"max-image-preview:large","max-video-preview":"max-video-preview:-1"},"canonical":"https:\/\/exceladvisor.org\/tr\/ortalama-maksimum-degerler\/","og_locale":"tr_TR","og_type":"article","og_title":"Excel&#39;de TOP 5 de\u011ferinin ortalamas\u0131 nas\u0131l al\u0131n\u0131r?","og_description":"Listedeki ilk 5 puan\u0131n ortalamas\u0131n\u0131 almak i\u00e7in B\u00dcY\u00dcK ve ORTALAMA kombinasyonunu temel alan bir form\u00fcl kullanabilirsiniz.","og_url":"https:\/\/exceladvisor.org\/tr\/ortalama-maksimum-degerler\/","og_site_name":"Excel Advisor","article_modified_time":"2023-12-10T06:02:46+00:00","og_image":[{"url":"https:\/\/exceladvisor.org\/wp-content\/uploads\/2023\/08\/ventes-de-produits-pour-obtenir-la-moyenne-des-5-meilleurs.png","type":"","width":"","height":""}],"twitter_card":"summary_large_image","twitter_misc":{"Tahmini okuma s\u00fcresi":"1 dakika"},"schema":{"@context":"https:\/\/schema.org","@graph":[{"@type":"WebPage","@id":"https:\/\/exceladvisor.org\/tr\/ortalama-maksimum-degerler\/","url":"https:\/\/exceladvisor.org\/tr\/ortalama-maksimum-degerler\/","name":"Excel&#39;de TOP 5 de\u011ferinin ortalamas\u0131 nas\u0131l al\u0131n\u0131r?","isPartOf":{"@id":"https:\/\/exceladvisor.org\/tr\/#website"},"primaryImageOfPage":{"@id":"https:\/\/exceladvisor.org\/tr\/ortalama-maksimum-degerler\/#primaryimage"},"image":{"@id":"https:\/\/exceladvisor.org\/tr\/ortalama-maksimum-degerler\/#primaryimage"},"thumbnailUrl":"https:\/\/exceladvisor.org\/wp-content\/uploads\/2023\/08\/ventes-de-produits-pour-obtenir-la-moyenne-des-5-meilleurs.png","datePublished":"2023-11-14T15:29:45+00:00","dateModified":"2023-12-10T06:02:46+00:00","description":"Listedeki ilk 5 puan\u0131n ortalamas\u0131n\u0131 almak i\u00e7in B\u00dcY\u00dcK ve ORTALAMA kombinasyonunu temel alan bir form\u00fcl kullanabilirsiniz.","breadcrumb":{"@id":"https:\/\/exceladvisor.org\/tr\/ortalama-maksimum-degerler\/#breadcrumb"},"inLanguage":"tr","potentialAction":[{"@type":"ReadAction","target":["https:\/\/exceladvisor.org\/tr\/ortalama-maksimum-degerler\/"]}]},{"@type":"ImageObject","inLanguage":"tr","@id":"https:\/\/exceladvisor.org\/tr\/ortalama-maksimum-degerler\/#primaryimage","url":"https:\/\/exceladvisor.org\/wp-content\/uploads\/2023\/08\/ventes-de-produits-pour-obtenir-la-moyenne-des-5-meilleurs.png","contentUrl":"https:\/\/exceladvisor.org\/wp-content\/uploads\/2023\/08\/ventes-de-produits-pour-obtenir-la-moyenne-des-5-meilleurs.png"},{"@type":"BreadcrumbList","@id":"https:\/\/exceladvisor.org\/tr\/ortalama-maksimum-degerler\/#breadcrumb","itemListElement":[{"@type":"ListItem","position":1,"name":"Ev","item":"https:\/\/exceladvisor.org\/tr\/"},{"@type":"ListItem","position":2,"name":"Excel&#39;de top 5 de\u011ferinin ortalamas\u0131 nas\u0131l al\u0131n\u0131r?"}]},{"@type":"WebSite","@id":"https:\/\/exceladvisor.org\/tr\/#website","url":"https:\/\/exceladvisor.org\/tr\/","name":"Excel Advisor","description":"Veri hakimiyetine y\u00f6nelik nihai rehberiniz!","publisher":{"@id":"https:\/\/exceladvisor.org\/tr\/#organization"},"potentialAction":[{"@type":"SearchAction","target":{"@type":"EntryPoint","urlTemplate":"https:\/\/exceladvisor.org\/tr\/?s={search_term_string}"},"query-input":{"@type":"PropertyValueSpecification","valueRequired":true,"valueName":"search_term_string"}}],"inLanguage":"tr"},{"@type":"Organization","@id":"https:\/\/exceladvisor.org\/tr\/#organization","name":"Excel Advisor","url":"https:\/\/exceladvisor.org\/tr\/","logo":{"@type":"ImageObject","inLanguage":"tr","@id":"https:\/\/exceladvisor.org\/tr\/#\/schema\/logo\/image\/","url":"https:\/\/exceladvisor.org\/tr\/wp-content\/uploads\/2023\/12\/exceladvisor.org_.png","contentUrl":"https:\/\/exceladvisor.org\/tr\/wp-content\/uploads\/2023\/12\/exceladvisor.org_.png","width":105,"height":36,"caption":"Excel Advisor"},"image":{"@id":"https:\/\/exceladvisor.org\/tr\/#\/schema\/logo\/image\/"}}]}},"yoast_meta":{"yoast_wpseo_title":"","yoast_wpseo_metadesc":"","yoast_wpseo_canonical":""},"_links":{"self":[{"href":"https:\/\/exceladvisor.org\/tr\/wp-json\/wp\/v2\/pages\/1636","targetHints":{"allow":["GET"]}}],"collection":[{"href":"https:\/\/exceladvisor.org\/tr\/wp-json\/wp\/v2\/pages"}],"about":[{"href":"https:\/\/exceladvisor.org\/tr\/wp-json\/wp\/v2\/types\/page"}],"author":[{"embeddable":true,"href":"https:\/\/exceladvisor.org\/tr\/wp-json\/wp\/v2\/users\/1"}],"replies":[{"embeddable":true,"href":"https:\/\/exceladvisor.org\/tr\/wp-json\/wp\/v2\/comments?post=1636"}],"version-history":[{"count":1,"href":"https:\/\/exceladvisor.org\/tr\/wp-json\/wp\/v2\/pages\/1636\/revisions"}],"predecessor-version":[{"id":2616,"href":"https:\/\/exceladvisor.org\/tr\/wp-json\/wp\/v2\/pages\/1636\/revisions\/2616"}],"wp:attachment":[{"href":"https:\/\/exceladvisor.org\/tr\/wp-json\/wp\/v2\/media?parent=1636"}],"curies":[{"name":"wp","href":"https:\/\/api.w.org\/{rel}","templated":true}]}}