{"id":1639,"date":"2023-11-14T14:51:46","date_gmt":"2023-11-14T14:51:46","guid":{"rendered":"https:\/\/exceladvisor.org\/tr\/bos-satirlari-kaldir\/"},"modified":"2023-12-10T06:00:59","modified_gmt":"2023-12-10T06:00:59","slug":"bos-satirlari-kaldir","status":"publish","type":"page","link":"https:\/\/exceladvisor.org\/tr\/bos-satirlari-kaldir\/","title":{"rendered":"Excel&#39;de bo\u015f sat\u0131rlar nas\u0131l silinir?"},"content":{"rendered":"<div class=\"excel-icerikten-once\" id=\"excel-312200754\"><script type=\"text\/javascript\">\r\n\tatOptions = {\r\n\t\t'key' : 'c1158f160081d6540a8409e6925dab94',\r\n\t\t'format' : 'iframe',\r\n\t\t'height' : 250,\r\n\t\t'width' : 300,\r\n\t\t'params' : {}\r\n\t};\r\n<\/script>\r\n<script type=\"text\/javascript\" src=\"\/\/www.highperformanceformat.com\/c1158f160081d6540a8409e6925dab94\/invoke.js\"><\/script><\/div> <p>Bir Excel \u00e7al\u0131\u015fma sayfas\u0131nda, veri k\u00fcmesinde verilerde gezinmeyi zorla\u015ft\u0131rabilecek bo\u015f sat\u0131rlar bulunabilir ve Excel, aral\u0131klar\u0131 belirlemek i\u00e7in bo\u015f h\u00fccreleri ve sat\u0131rlar\u0131 kullan\u0131r, b\u00f6ylece form\u00fclleri de bozabilir.<\/p><p> Ancak Excel&#8217;in bo\u015f sat\u0131rlar\u0131 silmenin birka\u00e7 yolu oldu\u011fundan kullan\u0131c\u0131lar bu bo\u015f sat\u0131rlar\u0131 h\u0131zl\u0131 bir \u015fekilde silebilir. A\u015fa\u011f\u0131da Excel&#8217;deki bo\u015f sat\u0131rlar\u0131n nas\u0131l kald\u0131r\u0131laca\u011f\u0131na ili\u015fkin h\u0131zl\u0131 ve kolay ad\u0131mlar\u0131m\u0131z var.<\/p><h2 class=\"wp-block-heading\"> Filtre se\u00e7ene\u011fini kullanarak bo\u015f sat\u0131rlar\u0131 kald\u0131r\u0131n<\/h2><p> Bo\u015f sat\u0131rlar\u0131 kald\u0131rmaya y\u00f6nelik filtre se\u00e7ene\u011fi, bo\u015f sat\u0131rlar\u0131 veri k\u00fcmenizden kald\u0131rman\u0131n veya kald\u0131rman\u0131n en kolay yollar\u0131ndan biridir.<\/p><ol><li> \u00d6ncelikle bo\u015f sat\u0131rlar dahil t\u00fcm veri aral\u0131\u011f\u0131n\u0131 se\u00e7in, ard\u0131ndan \u201cVeri\u201d sekmesine gidin ve \u201cS\u0131rala ve Filtrele\u201d grubunun alt\u0131ndaki \u201cFiltrele\u201d simgesine t\u0131klay\u0131n.<\/li><li> Veya bo\u015f sat\u0131rlar dahil t\u00fcm veri aral\u0131\u011f\u0131n\u0131 se\u00e7in ve ard\u0131ndan filtreyi uygulamak i\u00e7in &#8220;Ctrl+Shift+L&#8221; k\u0131sayol tu\u015flar\u0131na bas\u0131n. <br><img loading=\"lazy\" decoding=\"async\" title=\"1-bo\u015f sat\u0131rlar dahil-aral\u0131\u011f\u0131-se\u00e7in\" src=\"https:\/\/exceladvisor.org\/wp-content\/uploads\/2023\/08\/1-selectionnez-la-plage-comprenant-des-lignes-vides.png\" sizes=\"auto, \" srcset=\"\" alt=\"select-the-range-including-blank-rows\" width=\"540\" height=\"413\"><\/li><li> Yukar\u0131daki ad\u0131mlardan herhangi birini tamamlad\u0131\u011f\u0131n\u0131zda, filtrelerin veri aral\u0131\u011f\u0131 ba\u015fl\u0131klar\u0131na eklenmesini sa\u011flayabilirsiniz.<\/li><li> \u015eimdi, uygulanan filtre d\u00fc\u011fmelerinden herhangi birine t\u0131klay\u0131n, ard\u0131ndan \u00f6nceden se\u00e7ilmi\u015f t\u00fcm se\u00e7eneklerin se\u00e7imini kald\u0131rmak i\u00e7in filtre a\u00e7\u0131l\u0131r men\u00fcs\u00fcnden &#8220;T\u00fcm\u00fcn\u00fc se\u00e7&#8221; se\u00e7ene\u011finin i\u015faretini kald\u0131r\u0131n, ard\u0131ndan yaln\u0131zca &#8220;Bo\u015falt&#8221; se\u00e7ene\u011fini i\u015faretleyin ve ard\u0131ndan Tamam&#8217;a bas\u0131n. <br><img loading=\"lazy\" decoding=\"async\" title=\"Filtre d\u00fc\u011fmesine 2 t\u0131klay\u0131n\" src=\"https:\/\/exceladvisor.org\/wp-content\/uploads\/2023\/08\/2-cliquez-sur-le-bouton-filtre.png\" sizes=\"auto, \" srcset=\"\" alt=\"click-the-filter-button\" width=\"384\" height=\"483\"><\/li><li> Bu noktada bo\u015f sat\u0131rlar filtrelenecektir ve hepsini se\u00e7ip sa\u011f t\u0131klay\u0131p &#8220;Sat\u0131r\u0131 Sil&#8221;i se\u00e7meniz veya &#8220;Ctrl + (-) tu\u015flar\u0131na basman\u0131z yeterlidir; bo\u015f sat\u0131rlar\u0131n\u0131z silinecektir. <br><img loading=\"lazy\" decoding=\"async\" title=\"3 bo\u015f sat\u0131r filtrelendi\" src=\"https:\/\/exceladvisor.org\/wp-content\/uploads\/2023\/08\/3-lignes-vierges-filtrees.png\" sizes=\"auto, \" srcset=\"\" alt=\"filtered-blank-rows\" width=\"333\" height=\"343\"><\/li><li> Sonunda, uygulanan filtre d\u00fc\u011fmesine tekrar t\u0131klay\u0131n ve \u201cT\u00fcm\u00fcn\u00fc Se\u00e7\u201d se\u00e7ene\u011fini i\u015faretleyin veya filtrenin se\u00e7imini kald\u0131rmak i\u00e7in \u201cCtrl+Shift+L\u201d tu\u015flar\u0131na bast\u0131\u011f\u0131n\u0131zda s\u0131ralanm\u0131\u015f verilerinizi elde edersiniz. <br><img loading=\"lazy\" decoding=\"async\" title=\"4-i\u015faretle-t\u00fcm\u00fcn\u00fc se\u00e7 se\u00e7ene\u011fi\" src=\"https:\/\/exceladvisor.org\/wp-content\/uploads\/2023\/08\/4-coche-selectionner-toutes-les-options.png\" sizes=\"auto, \" srcset=\"\" alt=\"checkmark-select-all-option\" width=\"405\" height=\"443\"><\/li><\/ol><p> Bir sat\u0131r\u0131 sildi\u011finizde, Excel \u00e7al\u0131\u015fma sayfas\u0131ndaki sat\u0131r\u0131n tamam\u0131n\u0131 siler, yaln\u0131zca A&#8217;dan D&#8217;ye kadar olan s\u00fctunlarda verileriniz olsa bile, Excel sayfa hesaplamas\u0131nda s\u00fctunlar\u0131n sonundaki A s\u00fctunundaki sat\u0131r\u0131n tamam\u0131n\u0131 siler ve kaybedebilirsiniz bu sat\u0131r\u0131n h\u00fccrelerinde veri k\u00fcmenizin d\u0131\u015f\u0131ndaysa de\u011fer.<\/p><p class=\"formula\"> Bu nedenle veri k\u00fcmenizi \u201cCtrl + T\u201d tu\u015flar\u0131n\u0131 kullanarak tablo format\u0131na d\u00f6n\u00fc\u015ft\u00fcrmeniz \u00f6nerilir \u00e7\u00fcnk\u00fc tablo format\u0131nda Excel yaln\u0131zca se\u00e7ti\u011finiz tablo verilerinin sat\u0131rlar\u0131n\u0131 siler.<\/p><h2 class=\"wp-block-heading\"> S\u0131ralama se\u00e7ene\u011fini kullanarak bo\u015f sat\u0131rlar\u0131 kald\u0131r\u0131n<\/h2><ul><li> \u00d6ncelikle bo\u015f sat\u0131rlar dahil t\u00fcm veri aral\u0131\u011f\u0131n\u0131 se\u00e7in ve \u201cVeri\u201d sekmesine gidin.<\/li><li> Bundan sonra, \u201cS\u0131rala ve Filtrele\u201d grubunun alt\u0131ndaki \u201cS\u0131rala\u201d simgesine t\u0131klay\u0131n; bir \u201cS\u0131rala\u201d ileti\u015fim kutusu a\u00e7\u0131lacakt\u0131r.<\/li><li> \u015eimdi veri s\u0131ralama se\u00e7imlerini se\u00e7in ve Tamam&#8217;a t\u0131klay\u0131n. <em>(Bu \u00f6rnekte verileri \u201cAy\u201da g\u00f6re s\u0131ralamay\u0131 se\u00e7tik) <br><img loading=\"lazy\" decoding=\"async\" title=\"S\u0131ralama se\u00e7ene\u011fini kullanan 5 bo\u015f sat\u0131r\" src=\"https:\/\/exceladvisor.org\/wp-content\/uploads\/2023\/08\/5-lignes-vides-en-utilisant-loption-de-tri.png\" sizes=\"auto, \" srcset=\"\" alt=\"blank-rows-using-sort-option\" width=\"698\" height=\"369\"><\/em><\/li><li> Bu noktada verilerinizi, veri k\u00fcmesinin sonuna ta\u015f\u0131nan bo\u015f sat\u0131rlarla s\u0131ralayacaks\u0131n\u0131z. <br><img loading=\"lazy\" decoding=\"async\" title=\"6-bo\u015f sat\u0131rlar olmadan-s\u0131ralanm\u0131\u015f veriler\" src=\"https:\/\/exceladvisor.org\/wp-content\/uploads\/2023\/08\/6-donnees-triees-sans-lignes-vides.png\" sizes=\"auto, \" srcset=\"\" alt=\"sorted-data-without-blank-rows\" width=\"356\" height=\"441\"><\/li><\/ul><h2 class=\"wp-block-heading\"> Bo\u015f sat\u0131rlar\u0131 manuel olarak silin<\/h2><p> Bo\u015f sat\u0131rlar\u0131 manuel olarak kald\u0131rmak, birka\u00e7 bo\u015f sat\u0131r i\u00e7eren k\u00fc\u00e7\u00fck bir veri k\u00fcmeniz oldu\u011funda ve bu bo\u015f sat\u0131rlar\u0131 ekranda kolayca tan\u0131mlayabilece\u011finiz durumlarda iyi bir se\u00e7imdir.<\/p><ul><li> Bo\u015f sat\u0131rlar\u0131 tek tek se\u00e7in, sa\u011f t\u0131klay\u0131n ve se\u00e7ilen bo\u015f sat\u0131r\u0131 silmek i\u00e7in Sil&#8217;i se\u00e7in.<\/li><li> Veya t\u00fcm bo\u015f sat\u0131rlar\u0131 birlikte se\u00e7in, ard\u0131ndan sa\u011f t\u0131klay\u0131p Sil&#8217;i se\u00e7erek se\u00e7ili t\u00fcm bo\u015f sat\u0131rlar\u0131 bir kerede silin. <\/li><\/ul><div class=\"wp-block-image\"><figure class=\"aligncenter size-full is-resized\"><img loading=\"lazy\" decoding=\"async\" class=\"wp-image-66755\" src=\"https:\/\/exceladvisor.org\/wp-content\/uploads\/2023\/08\/7-supprimer-manuellement-les-lignes-vides.png\" sizes=\"auto, \" srcset=\"\" alt=\"bo\u015f sat\u0131rlar\u0131 manuel olarak sil\" width=\"360\" height=\"429\"><\/figure><\/div><p> Sat\u0131r\u0131 se\u00e7mek i\u00e7in <kbd>Shift<\/kbd> + <kbd>Space<\/kbd> k\u0131sayol tu\u015flar\u0131n\u0131, ard\u0131ndan se\u00e7ilen sat\u0131r\u0131 silmek i\u00e7in <kbd>Ctrl<\/kbd> + <kbd>-<\/kbd> tu\u015flar\u0131n\u0131 kullanabilirsiniz.<\/p><h2 class=\"wp-block-heading\"> Go TO Special&#8217;\u0131 kullanarak bo\u015f sat\u0131rlar\u0131 kald\u0131r\u0131n<\/h2><ul><li> \u00d6ncelikle t\u00fcm veri aral\u0131\u011f\u0131n\u0131 se\u00e7in ve \u201cAna Sayfa\u201d sekmesine gidin, ard\u0131ndan \u201cBul ve Se\u00e7\u201d simgesine t\u0131klay\u0131n.<\/li><li> Bundan sonra a\u00e7\u0131l\u0131r listeden \u201c\u00d6zel&#8217;e Git\u201d se\u00e7ene\u011fine t\u0131klay\u0131n. <br><img loading=\"lazy\" decoding=\"async\" title=\"8-\u00f6zel se\u00e7ene\u011fe git\" src=\"https:\/\/exceladvisor.org\/wp-content\/uploads\/2023\/08\/8-aller-a-loption-speciale.png\" sizes=\"auto, \" srcset=\"\" alt=\"go-to-special-option\" width=\"531\" height=\"402\"><\/li><li> &#8220;\u00d6zel&#8217;e Git&#8221; se\u00e7ene\u011fini t\u0131klad\u0131ktan sonra &#8220;\u00d6zel&#8217;e Git&#8221; ileti\u015fim kutusu a\u00e7\u0131l\u0131r.<\/li><li> \u015eimdi \u201cBo\u015fluklar\u201d se\u00e7ene\u011fi radyo d\u00fc\u011fmesini se\u00e7in ve Tamam&#8217;a t\u0131klay\u0131n; se\u00e7ilen bo\u015f sat\u0131rlar\u0131 alacaks\u0131n\u0131z. <br><img loading=\"lazy\" decoding=\"async\" title=\"9-se\u00e7enek-bo\u015f se\u00e7in\" src=\"https:\/\/exceladvisor.org\/wp-content\/uploads\/2023\/08\/9-selectionnez-loption-vide.png\" sizes=\"auto, \" srcset=\"\" alt=\"select-blank-option\" width=\"306\" height=\"348\"><\/li><li> Sonunda sa\u011f t\u0131klay\u0131n ve \u201cSil\u201d se\u00e7ene\u011fini se\u00e7in; h\u00fccre ofset se\u00e7ene\u011fini se\u00e7menizi isteyen \u201cSil\u201d ileti\u015fim kutusu se\u00e7eneklerini g\u00f6receksiniz.<\/li><li> \u201cH\u00fccreleri Yukar\u0131 Ta\u015f\u0131\u201dy\u0131 se\u00e7in ve Tamam&#8217;\u0131 t\u0131klad\u0131\u011f\u0131n\u0131zda bo\u015f sat\u0131rlar\u0131n\u0131z kald\u0131r\u0131l\u0131r. <br><img loading=\"lazy\" decoding=\"async\" title=\"10-h\u00fccreleri yukar\u0131 do\u011fru se\u00e7\" src=\"https:\/\/exceladvisor.org\/wp-content\/uploads\/2023\/08\/10-selectionner-les-cellules-de-decalage-vers-le-haut.png\" sizes=\"auto, \" srcset=\"\" alt=\"select-shift-cells-up\" width=\"184\" height=\"192\"><\/li><\/ul><p class=\"qt-tip\"> <strong>Not:<\/strong> \u00d6zel se\u00e7ene\u011fine gidin ve bo\u015f s\u00fctunlar\u0131n yan\u0131 s\u0131ra bo\u015f sat\u0131rlar\u0131 da se\u00e7in. Dolay\u0131s\u0131yla, veri k\u00fcmeniz herhangi bir sat\u0131rda bo\u015f bir s\u00fctun i\u00e7eriyorsa, o bo\u015f s\u00fctunu da kald\u0131racak ve onu uzakl\u0131k h\u00fccrelerine dayal\u0131 ba\u015fka bir h\u00fccre de\u011feriyle de\u011fi\u015ftirecektir. verilerinizi bozabilecek bir se\u00e7enek.<\/p><div class=\"gb-container gb-container-4db6181c gb-container-mt\"> <a class=\"gb-button gb-button-c5897111 gb-button-text gb-button-mt-button\" href=\"https:\/\/exceladvisor.org\/tr\/excelin-temelleri\/\">Microsoft Excel Temelleri (Bile\u015fenler, Par\u00e7alar ve Bilgi Notlar\u0131)<\/a><h2 class=\"gb-headline gb-headline-665e5f6b gb-headline-text gb-headline-mt-heading\"> \u0130lgili e\u011fitimler <\/h2><div class=\"gb-grid-wrapper gb-grid-wrapper-a20baf7c gb-grid-wrapper-mt-grid\"><div class=\"gb-grid-column gb-grid-column-65ddf67e\"><div class=\"gb-container gb-container-65ddf67e\"><ul><li> <a href=\"https:\/\/exceladvisor.org\/tr\/kopruleri-ekle-kaldir\/\">Excel&#8217;de k\u00f6pr\u00fc ekleme ve kald\u0131rma<\/a><\/li><li> <a href=\"https:\/\/exceladvisor.org\/tr\/filigran-ekle\/\">Excel&#8217;e filigran ekleme<\/a><\/li><li> <a href=\"https:\/\/exceladvisor.org\/tr\/gizli-satir-sutunlarini-kaldir\/\">Excel&#8217;deki gizli sat\u0131rlar\u0131 silin<\/a><\/li><li> <a href=\"https:\/\/exceladvisor.org\/tr\/hucrelerin-secimini-kaldir\/\">Excel&#8217;de h\u00fccrelerin se\u00e7imini kald\u0131r\u0131n<\/a> <\/li><\/ul><\/div><\/div><div class=\"gb-grid-column gb-grid-column-50067b57\"><div class=\"gb-container gb-container-50067b57\"><ul><li> <a href=\"https:\/\/exceladvisor.org\/tr\/satirlari-sil\/\">Excel&#8217;de bir sat\u0131r\u0131 veya birden \u00e7ok sat\u0131r\u0131 silme<\/a><\/li><li> <a href=\"https:\/\/exceladvisor.org\/tr\/sutunu-kopyala\/\">Excel&#8217;de bir s\u00fctunu kopyalay\u0131p yap\u0131\u015ft\u0131r\u0131n<\/a><\/li><li> <a href=\"https:\/\/exceladvisor.org\/tr\/satir-sutununu-tasi\/\">Excel&#8217;de bir sat\u0131r\u0131 ve s\u00fctunu ta\u015f\u0131ma<\/a><\/li><li> <a href=\"https:\/\/exceladvisor.org\/tr\/sutun-genisligi\/\">Excel&#8217;de s\u00fctun geni\u015flikleri nas\u0131l de\u011fi\u015ftirilir?<\/a><\/li><\/ul><\/div><\/div><\/div><\/div>","protected":false},"excerpt":{"rendered":"","protected":false},"author":1,"featured_media":0,"parent":0,"menu_order":0,"comment_status":"open","ping_status":"closed","template":"","meta":{"ub_ctt_via":"","footnotes":""},"class_list":["post-1639","page","type-page","status-publish","hentry"],"featured_image_src":null,"yoast_head":"<!-- This site is optimized with the Yoast SEO plugin v25.4 - https:\/\/yoast.com\/wordpress\/plugins\/seo\/ -->\n<title>Excel&#039;de bo\u015f sat\u0131rlar nas\u0131l silinir? (E\u011fitim 2023)<\/title>\n<meta name=\"description\" content=\"Bu dersimizde takip edilmesi kolay ve kullan\u0131m\u0131 basit y\u00f6ntemler kullanarak bo\u015f sat\u0131rlar\u0131 nas\u0131l kald\u0131raca\u011f\u0131n\u0131z\u0131 \u00f6\u011freneceksiniz.\" \/>\n<meta name=\"robots\" content=\"index, follow, max-snippet:-1, max-image-preview:large, max-video-preview:-1\" \/>\n<link rel=\"canonical\" href=\"https:\/\/exceladvisor.org\/tr\/bos-satirlari-kaldir\/\" \/>\n<meta property=\"og:locale\" content=\"tr_TR\" \/>\n<meta property=\"og:type\" content=\"article\" \/>\n<meta property=\"og:title\" content=\"Excel&#039;de bo\u015f sat\u0131rlar nas\u0131l silinir? (E\u011fitim 2023)\" \/>\n<meta property=\"og:description\" content=\"Bu dersimizde takip edilmesi kolay ve kullan\u0131m\u0131 basit y\u00f6ntemler kullanarak bo\u015f sat\u0131rlar\u0131 nas\u0131l kald\u0131raca\u011f\u0131n\u0131z\u0131 \u00f6\u011freneceksiniz.\" \/>\n<meta property=\"og:url\" content=\"https:\/\/exceladvisor.org\/tr\/bos-satirlari-kaldir\/\" \/>\n<meta property=\"og:site_name\" content=\"Excel Advisor\" \/>\n<meta property=\"article:modified_time\" content=\"2023-12-10T06:00:59+00:00\" \/>\n<meta property=\"og:image\" content=\"https:\/\/exceladvisor.org\/wp-content\/uploads\/2023\/08\/1-selectionnez-la-plage-comprenant-des-lignes-vides.png\" \/>\n<meta name=\"twitter:card\" content=\"summary_large_image\" \/>\n<meta name=\"twitter:label1\" content=\"Tahmini okuma s\u00fcresi\" \/>\n\t<meta name=\"twitter:data1\" content=\"5 dakika\" \/>\n<script type=\"application\/ld+json\" class=\"yoast-schema-graph\">{\"@context\":\"https:\/\/schema.org\",\"@graph\":[{\"@type\":\"WebPage\",\"@id\":\"https:\/\/exceladvisor.org\/tr\/bos-satirlari-kaldir\/\",\"url\":\"https:\/\/exceladvisor.org\/tr\/bos-satirlari-kaldir\/\",\"name\":\"Excel&#39;de bo\u015f sat\u0131rlar nas\u0131l silinir? (E\u011fitim 2023)\",\"isPartOf\":{\"@id\":\"https:\/\/exceladvisor.org\/tr\/#website\"},\"primaryImageOfPage\":{\"@id\":\"https:\/\/exceladvisor.org\/tr\/bos-satirlari-kaldir\/#primaryimage\"},\"image\":{\"@id\":\"https:\/\/exceladvisor.org\/tr\/bos-satirlari-kaldir\/#primaryimage\"},\"thumbnailUrl\":\"https:\/\/exceladvisor.org\/wp-content\/uploads\/2023\/08\/1-selectionnez-la-plage-comprenant-des-lignes-vides.png\",\"datePublished\":\"2023-11-14T14:51:46+00:00\",\"dateModified\":\"2023-12-10T06:00:59+00:00\",\"description\":\"Bu dersimizde takip edilmesi kolay ve kullan\u0131m\u0131 basit y\u00f6ntemler kullanarak bo\u015f sat\u0131rlar\u0131 nas\u0131l kald\u0131raca\u011f\u0131n\u0131z\u0131 \u00f6\u011freneceksiniz.\",\"breadcrumb\":{\"@id\":\"https:\/\/exceladvisor.org\/tr\/bos-satirlari-kaldir\/#breadcrumb\"},\"inLanguage\":\"tr\",\"potentialAction\":[{\"@type\":\"ReadAction\",\"target\":[\"https:\/\/exceladvisor.org\/tr\/bos-satirlari-kaldir\/\"]}]},{\"@type\":\"ImageObject\",\"inLanguage\":\"tr\",\"@id\":\"https:\/\/exceladvisor.org\/tr\/bos-satirlari-kaldir\/#primaryimage\",\"url\":\"https:\/\/exceladvisor.org\/wp-content\/uploads\/2023\/08\/1-selectionnez-la-plage-comprenant-des-lignes-vides.png\",\"contentUrl\":\"https:\/\/exceladvisor.org\/wp-content\/uploads\/2023\/08\/1-selectionnez-la-plage-comprenant-des-lignes-vides.png\"},{\"@type\":\"BreadcrumbList\",\"@id\":\"https:\/\/exceladvisor.org\/tr\/bos-satirlari-kaldir\/#breadcrumb\",\"itemListElement\":[{\"@type\":\"ListItem\",\"position\":1,\"name\":\"Ev\",\"item\":\"https:\/\/exceladvisor.org\/tr\/\"},{\"@type\":\"ListItem\",\"position\":2,\"name\":\"Excel&#39;de bo\u015f sat\u0131rlar nas\u0131l silinir?\"}]},{\"@type\":\"WebSite\",\"@id\":\"https:\/\/exceladvisor.org\/tr\/#website\",\"url\":\"https:\/\/exceladvisor.org\/tr\/\",\"name\":\"Excel Advisor\",\"description\":\"Veri hakimiyetine y\u00f6nelik nihai rehberiniz!\",\"publisher\":{\"@id\":\"https:\/\/exceladvisor.org\/tr\/#organization\"},\"potentialAction\":[{\"@type\":\"SearchAction\",\"target\":{\"@type\":\"EntryPoint\",\"urlTemplate\":\"https:\/\/exceladvisor.org\/tr\/?s={search_term_string}\"},\"query-input\":{\"@type\":\"PropertyValueSpecification\",\"valueRequired\":true,\"valueName\":\"search_term_string\"}}],\"inLanguage\":\"tr\"},{\"@type\":\"Organization\",\"@id\":\"https:\/\/exceladvisor.org\/tr\/#organization\",\"name\":\"Excel Advisor\",\"url\":\"https:\/\/exceladvisor.org\/tr\/\",\"logo\":{\"@type\":\"ImageObject\",\"inLanguage\":\"tr\",\"@id\":\"https:\/\/exceladvisor.org\/tr\/#\/schema\/logo\/image\/\",\"url\":\"https:\/\/exceladvisor.org\/tr\/wp-content\/uploads\/2023\/12\/exceladvisor.org_.png\",\"contentUrl\":\"https:\/\/exceladvisor.org\/tr\/wp-content\/uploads\/2023\/12\/exceladvisor.org_.png\",\"width\":105,\"height\":36,\"caption\":\"Excel Advisor\"},\"image\":{\"@id\":\"https:\/\/exceladvisor.org\/tr\/#\/schema\/logo\/image\/\"}}]}<\/script>\n<!-- \/ Yoast SEO plugin. -->","yoast_head_json":{"title":"Excel&#39;de bo\u015f sat\u0131rlar nas\u0131l silinir? (E\u011fitim 2023)","description":"Bu dersimizde takip edilmesi kolay ve kullan\u0131m\u0131 basit y\u00f6ntemler kullanarak bo\u015f sat\u0131rlar\u0131 nas\u0131l kald\u0131raca\u011f\u0131n\u0131z\u0131 \u00f6\u011freneceksiniz.","robots":{"index":"index","follow":"follow","max-snippet":"max-snippet:-1","max-image-preview":"max-image-preview:large","max-video-preview":"max-video-preview:-1"},"canonical":"https:\/\/exceladvisor.org\/tr\/bos-satirlari-kaldir\/","og_locale":"tr_TR","og_type":"article","og_title":"Excel&#39;de bo\u015f sat\u0131rlar nas\u0131l silinir? (E\u011fitim 2023)","og_description":"Bu dersimizde takip edilmesi kolay ve kullan\u0131m\u0131 basit y\u00f6ntemler kullanarak bo\u015f sat\u0131rlar\u0131 nas\u0131l kald\u0131raca\u011f\u0131n\u0131z\u0131 \u00f6\u011freneceksiniz.","og_url":"https:\/\/exceladvisor.org\/tr\/bos-satirlari-kaldir\/","og_site_name":"Excel Advisor","article_modified_time":"2023-12-10T06:00:59+00:00","og_image":[{"url":"https:\/\/exceladvisor.org\/wp-content\/uploads\/2023\/08\/1-selectionnez-la-plage-comprenant-des-lignes-vides.png","type":"","width":"","height":""}],"twitter_card":"summary_large_image","twitter_misc":{"Tahmini okuma s\u00fcresi":"5 dakika"},"schema":{"@context":"https:\/\/schema.org","@graph":[{"@type":"WebPage","@id":"https:\/\/exceladvisor.org\/tr\/bos-satirlari-kaldir\/","url":"https:\/\/exceladvisor.org\/tr\/bos-satirlari-kaldir\/","name":"Excel&#39;de bo\u015f sat\u0131rlar nas\u0131l silinir? (E\u011fitim 2023)","isPartOf":{"@id":"https:\/\/exceladvisor.org\/tr\/#website"},"primaryImageOfPage":{"@id":"https:\/\/exceladvisor.org\/tr\/bos-satirlari-kaldir\/#primaryimage"},"image":{"@id":"https:\/\/exceladvisor.org\/tr\/bos-satirlari-kaldir\/#primaryimage"},"thumbnailUrl":"https:\/\/exceladvisor.org\/wp-content\/uploads\/2023\/08\/1-selectionnez-la-plage-comprenant-des-lignes-vides.png","datePublished":"2023-11-14T14:51:46+00:00","dateModified":"2023-12-10T06:00:59+00:00","description":"Bu dersimizde takip edilmesi kolay ve kullan\u0131m\u0131 basit y\u00f6ntemler kullanarak bo\u015f sat\u0131rlar\u0131 nas\u0131l kald\u0131raca\u011f\u0131n\u0131z\u0131 \u00f6\u011freneceksiniz.","breadcrumb":{"@id":"https:\/\/exceladvisor.org\/tr\/bos-satirlari-kaldir\/#breadcrumb"},"inLanguage":"tr","potentialAction":[{"@type":"ReadAction","target":["https:\/\/exceladvisor.org\/tr\/bos-satirlari-kaldir\/"]}]},{"@type":"ImageObject","inLanguage":"tr","@id":"https:\/\/exceladvisor.org\/tr\/bos-satirlari-kaldir\/#primaryimage","url":"https:\/\/exceladvisor.org\/wp-content\/uploads\/2023\/08\/1-selectionnez-la-plage-comprenant-des-lignes-vides.png","contentUrl":"https:\/\/exceladvisor.org\/wp-content\/uploads\/2023\/08\/1-selectionnez-la-plage-comprenant-des-lignes-vides.png"},{"@type":"BreadcrumbList","@id":"https:\/\/exceladvisor.org\/tr\/bos-satirlari-kaldir\/#breadcrumb","itemListElement":[{"@type":"ListItem","position":1,"name":"Ev","item":"https:\/\/exceladvisor.org\/tr\/"},{"@type":"ListItem","position":2,"name":"Excel&#39;de bo\u015f sat\u0131rlar nas\u0131l silinir?"}]},{"@type":"WebSite","@id":"https:\/\/exceladvisor.org\/tr\/#website","url":"https:\/\/exceladvisor.org\/tr\/","name":"Excel Advisor","description":"Veri hakimiyetine y\u00f6nelik nihai rehberiniz!","publisher":{"@id":"https:\/\/exceladvisor.org\/tr\/#organization"},"potentialAction":[{"@type":"SearchAction","target":{"@type":"EntryPoint","urlTemplate":"https:\/\/exceladvisor.org\/tr\/?s={search_term_string}"},"query-input":{"@type":"PropertyValueSpecification","valueRequired":true,"valueName":"search_term_string"}}],"inLanguage":"tr"},{"@type":"Organization","@id":"https:\/\/exceladvisor.org\/tr\/#organization","name":"Excel Advisor","url":"https:\/\/exceladvisor.org\/tr\/","logo":{"@type":"ImageObject","inLanguage":"tr","@id":"https:\/\/exceladvisor.org\/tr\/#\/schema\/logo\/image\/","url":"https:\/\/exceladvisor.org\/tr\/wp-content\/uploads\/2023\/12\/exceladvisor.org_.png","contentUrl":"https:\/\/exceladvisor.org\/tr\/wp-content\/uploads\/2023\/12\/exceladvisor.org_.png","width":105,"height":36,"caption":"Excel Advisor"},"image":{"@id":"https:\/\/exceladvisor.org\/tr\/#\/schema\/logo\/image\/"}}]}},"yoast_meta":{"yoast_wpseo_title":"","yoast_wpseo_metadesc":"","yoast_wpseo_canonical":""},"_links":{"self":[{"href":"https:\/\/exceladvisor.org\/tr\/wp-json\/wp\/v2\/pages\/1639","targetHints":{"allow":["GET"]}}],"collection":[{"href":"https:\/\/exceladvisor.org\/tr\/wp-json\/wp\/v2\/pages"}],"about":[{"href":"https:\/\/exceladvisor.org\/tr\/wp-json\/wp\/v2\/types\/page"}],"author":[{"embeddable":true,"href":"https:\/\/exceladvisor.org\/tr\/wp-json\/wp\/v2\/users\/1"}],"replies":[{"embeddable":true,"href":"https:\/\/exceladvisor.org\/tr\/wp-json\/wp\/v2\/comments?post=1639"}],"version-history":[{"count":1,"href":"https:\/\/exceladvisor.org\/tr\/wp-json\/wp\/v2\/pages\/1639\/revisions"}],"predecessor-version":[{"id":2452,"href":"https:\/\/exceladvisor.org\/tr\/wp-json\/wp\/v2\/pages\/1639\/revisions\/2452"}],"wp:attachment":[{"href":"https:\/\/exceladvisor.org\/tr\/wp-json\/wp\/v2\/media?parent=1639"}],"curies":[{"name":"wp","href":"https:\/\/api.w.org\/{rel}","templated":true}]}}