{"id":1641,"date":"2023-11-14T12:32:07","date_gmt":"2023-11-14T12:32:07","guid":{"rendered":"https:\/\/exceladvisor.org\/tr\/satirlari-sil\/"},"modified":"2023-12-10T06:02:44","modified_gmt":"2023-12-10T06:02:44","slug":"satirlari-sil","status":"publish","type":"page","link":"https:\/\/exceladvisor.org\/tr\/satirlari-sil\/","title":{"rendered":"Excel&#39;de tek bir sat\u0131r\/birden \u00e7ok sat\u0131r nas\u0131l silinir?"},"content":{"rendered":"<div class=\"excel-icerikten-once\" id=\"excel-298693413\"><script type=\"text\/javascript\">\r\n\tatOptions = {\r\n\t\t'key' : 'c1158f160081d6540a8409e6925dab94',\r\n\t\t'format' : 'iframe',\r\n\t\t'height' : 250,\r\n\t\t'width' : 300,\r\n\t\t'params' : {}\r\n\t};\r\n<\/script>\r\n<script type=\"text\/javascript\" src=\"\/\/www.highperformanceformat.com\/c1158f160081d6540a8409e6925dab94\/invoke.js\"><\/script><\/div> <p>Excel&#8217;de \u00e7al\u0131\u015f\u0131rken e-tablonuzdan bir veya birka\u00e7 sat\u0131r\u0131 silmeniz gerekebilir. Bu derste bunun i\u00e7in farkl\u0131 y\u00f6ntemleri ele alaca\u011f\u0131z.<\/p><p> Her y\u00f6ntemi tek tek anlayal\u0131m.<\/p><h2 class=\"wp-block-heading\"> Tek bir sat\u0131r\u0131 silme ad\u0131mlar\u0131 <\/h2><div class=\"wp-block-image\"><figure class=\"aligncenter size-full is-resized\"><img loading=\"lazy\" decoding=\"async\" class=\"wp-image-70193\" src=\"https:\/\/exceladvisor.org\/wp-content\/uploads\/2023\/08\/supprimer-une-seule-ligne.gif\" sizes=\"auto, \" srcset=\"\" alt=\"tek bir sat\u0131r\u0131 sil\" width=\"365\" height=\"466\"><\/figure><\/div><ol type=\"1\"><li> \u00d6ncelikle imleci \u00e7al\u0131\u015fma sayfas\u0131ndan kald\u0131rmak istedi\u011finiz sat\u0131r ba\u015fl\u0131\u011f\u0131n\u0131n \u00fczerine getirin.<\/li><li> Daha sonra farenizdeki sa\u011f t\u0131klama tu\u015funa bas\u0131n.<\/li><li> Buradan silme se\u00e7ene\u011fini kullanman\u0131z gerekir.<\/li><li> Bu nedenle sat\u0131r\u0131 \u00e7al\u0131\u015fma sayfas\u0131ndan silmek i\u00e7in sil se\u00e7ene\u011fine t\u0131klay\u0131n.<\/li><\/ol><h2 class=\"wp-block-heading\"> Birden \u00e7ok s\u00fcrekli \u00e7izgiyi silme ad\u0131mlar\u0131<\/h2><p> E-tablonuzda ayn\u0131 anda birden fazla sat\u0131r\u0131 silmeniz gerekiyorsa. Daha sonra a\u015fa\u011f\u0131daki ad\u0131mlar\u0131 izleyin: <\/p><div class=\"wp-block-image\"><figure class=\"aligncenter size-full is-resized\"><img loading=\"lazy\" decoding=\"async\" class=\"wp-image-70194\" src=\"https:\/\/exceladvisor.org\/wp-content\/uploads\/2023\/08\/supprimer-plusieurs-lignes-continues.gif\" sizes=\"auto, \" srcset=\"\" alt=\"birden fazla s\u00fcrekli sat\u0131r\u0131 sil\" width=\"352\" height=\"368\"><\/figure><\/div><ol type=\"1\"><li> \u00d6ncelikle sat\u0131r ba\u015fl\u0131\u011f\u0131ndan kald\u0131rmak istedi\u011finiz t\u00fcm sat\u0131rlar\u0131 se\u00e7in.<\/li><li> Daha sonra hedeflenen sat\u0131rlardan birine sa\u011f t\u0131klay\u0131n.<\/li><li> Ve \u015fimdi men\u00fcden sil se\u00e7ene\u011fine t\u0131klay\u0131n.<\/li><li> Sil se\u00e7ene\u011fine t\u0131klad\u0131\u011f\u0131n\u0131zda, se\u00e7ilen t\u00fcm sat\u0131rlar\u0131n \u00e7al\u0131\u015fma sayfas\u0131ndan ba\u015far\u0131yla silindi\u011fini g\u00f6receksiniz.<\/li><\/ol><h2 class=\"wp-block-heading\"> Birden fazla s\u00fcrekli olmayan sat\u0131r\u0131 silin<\/h2><p> Sayfadan birden fazla biti\u015fik olmayan sat\u0131r\u0131 silmek, yap\u0131lmas\u0131 kolay ve heyecan verici bir i\u015ftir. Bunun i\u00e7in ad\u0131mlar a\u015fa\u011f\u0131dad\u0131r: <\/p><div class=\"wp-block-image\"><figure class=\"aligncenter size-full is-resized\"><img loading=\"lazy\" decoding=\"async\" class=\"wp-image-70195\" src=\"https:\/\/exceladvisor.org\/wp-content\/uploads\/2023\/08\/supprimer-plusieurs-lignes-non-continues.gif\" sizes=\"auto, \" srcset=\"\" alt=\"birden fazla s\u00fcrekli olmayan sat\u0131r\u0131 sil\" width=\"445\" height=\"397\"><\/figure><\/div><ol><li> Ba\u015flang\u0131\u00e7ta, Ctrl tu\u015funu bas\u0131l\u0131 tutarak t\u00fcm bu biti\u015fik olmayan sat\u0131rlar\u0131 tek tek se\u00e7in.<\/li><li> Bundan sonra imleci bu sat\u0131rlardan birinin ba\u015fl\u0131\u011f\u0131na getirin.<\/li><li> \u015eimdi \u00fczerine sa\u011f t\u0131klay\u0131n ve <strong>Sil<\/strong> se\u00e7ene\u011fine t\u0131klay\u0131n.<\/li><li> Sil&#8217;e bast\u0131\u011f\u0131n\u0131z an; se\u00e7ilen t\u00fcm s\u00fcrekli olmayan \u00e7izgileri kald\u0131racakt\u0131r.<\/li><\/ol><h2 class=\"wp-block-heading\"> \u015eerit Komutu Kullanarak Sat\u0131rlar\u0131 Silme<\/h2><p> \u00c7al\u0131\u015fma sayfas\u0131ndan sat\u0131rlar\u0131 silmenin ba\u015fka bir yolu da \u00e7ok h\u0131zl\u0131 ve heyecan vericidir. \u015eimdi bunun i\u00e7in ad\u0131mlar burada. <\/p><div class=\"wp-block-image\"><figure class=\"aligncenter size-full is-resized\"><img loading=\"lazy\" decoding=\"async\" class=\"wp-image-70196\" src=\"https:\/\/exceladvisor.org\/wp-content\/uploads\/2023\/08\/supprimer-des-lignes-a-laide-du-ruban.gif\" sizes=\"auto, \" srcset=\"\" alt=\"\u015feridi kullanarak sat\u0131rlar\u0131 silin\" width=\"800\" height=\"361\"><\/figure><\/div><ol><li> Excel&#8217;deki sat\u0131r\u0131 silmek i\u00e7in \u00f6nce silmek istedi\u011finiz birden fazla sat\u0131r\u0131 (sat\u0131rlar\u0131) se\u00e7in.<\/li><li> \u015eimdi \u015feridin Giri\u015f sekmesinde h\u00fccrelere t\u0131klay\u0131n ve ard\u0131ndan Sil&#8217;e t\u0131klay\u0131n.<\/li><li> Bundan sonra a\u00e7\u0131l\u0131r listeden <strong>Sayfa Sat\u0131rlar\u0131n\u0131 Sil<\/strong> se\u00e7ene\u011fini se\u00e7in.<\/li><li> \u00dczerine t\u0131klad\u0131\u011f\u0131n\u0131zda, se\u00e7ilen t\u00fcm sat\u0131rlar\u0131n sayfadan silindi\u011fini g\u00f6receksiniz.<\/li><\/ol><p> Sat\u0131rlar\u0131 h\u0131zla silmek i\u00e7in Ctrl+ (-) klavye k\u0131sayolunu da kullanabilirsiniz.<\/p><h2 class=\"wp-block-heading\"> \u00c7\u00f6z\u00fcm<\/h2><p> \u0130\u015fte e-tablonuzda istemedi\u011finiz sat\u0131rlar\u0131 silmek i\u00e7in k\u0131sayol eklemenin yollar\u0131n\u0131n listesi. \u00dcstelik zamandan tasarruf etmenize ve i\u015fleri daha iyi yapman\u0131za da yard\u0131mc\u0131 olur.<\/p><p> \u015eimdi bana bir \u015fey s\u00f6yle. \u201cHangi y\u00f6ntemi tercih edersiniz?\u201d \u00bb L\u00fctfen a\u015fa\u011f\u0131daki yorumlar b\u00f6l\u00fcm\u00fcnde bana e-posta g\u00f6nderin, sizden haber almay\u0131 \u00e7ok isterim.<\/p><div class=\"gb-container gb-container-4db6181c gb-container-mt\"> <a class=\"gb-button gb-button-c5897111 gb-button-text gb-button-mt-button\" href=\"https:\/\/exceladvisor.org\/tr\/excelin-temelleri\/\">Microsoft Excel Temelleri (Bile\u015fenler, Par\u00e7alar ve Bilgi Notlar\u0131)<\/a><h2 class=\"gb-headline gb-headline-665e5f6b gb-headline-text gb-headline-mt-heading\"> \u0130lgili e\u011fitimler <\/h2><div class=\"gb-grid-wrapper gb-grid-wrapper-a20baf7c gb-grid-wrapper-mt-grid\"><div class=\"gb-grid-column gb-grid-column-65ddf67e\"><div class=\"gb-container gb-container-65ddf67e\"><ul><li> <a href=\"https:\/\/exceladvisor.org\/tr\/kopruleri-ekle-kaldir\/\">Excel&#8217;de k\u00f6pr\u00fc ekleme ve kald\u0131rma<\/a><\/li><li> <a href=\"https:\/\/exceladvisor.org\/tr\/filigran-ekle\/\">Excel&#8217;e filigran ekleme<\/a><\/li><li> <a href=\"https:\/\/exceladvisor.org\/tr\/gizli-satir-sutunlarini-kaldir\/\">Excel&#8217;deki gizli sat\u0131rlar\u0131 silin<\/a><\/li><li> <a href=\"https:\/\/exceladvisor.org\/tr\/hucrelerin-secimini-kaldir\/\">Excel&#8217;de h\u00fccrelerin se\u00e7imini kald\u0131r\u0131n<\/a><\/li><li> <a href=\"https:\/\/exceladvisor.org\/tr\/sutun-ekle\/\">Excel&#8217;de s\u00fctun ekleme<\/a> <\/li><\/ul><\/div><\/div><div class=\"gb-grid-column gb-grid-column-50067b57\"><div class=\"gb-container gb-container-50067b57\"><ul><li> <a href=\"https:\/\/exceladvisor.org\/tr\/sutunu-kopyala\/\">Excel&#8217;de bir s\u00fctunu kopyalay\u0131p yap\u0131\u015ft\u0131r\u0131n<\/a><\/li><li> <a href=\"https:\/\/exceladvisor.org\/tr\/satir-sutununu-tasi\/\">Excel&#8217;de bir sat\u0131r\u0131 ve s\u00fctunu ta\u015f\u0131ma<\/a><\/li><li> <a href=\"https:\/\/exceladvisor.org\/tr\/sutun-genisligi\/\">Excel&#8217;de s\u00fctun geni\u015flikleri nas\u0131l de\u011fi\u015ftirilir?<\/a><\/li><li> <a href=\"https:\/\/exceladvisor.org\/tr\/hucreyi-degistir\/\">Excel&#8217;de \u0130ki H\u00fccreyi H\u0131zla De\u011fi\u015ftirin<\/a><\/li><li> <a href=\"https:\/\/exceladvisor.org\/tr\/sutun-2\/\">Excel&#8217;de s\u00fctun nedir<\/a><\/li><\/ul><\/div><\/div><\/div><\/div>","protected":false},"excerpt":{"rendered":"","protected":false},"author":1,"featured_media":0,"parent":0,"menu_order":0,"comment_status":"open","ping_status":"closed","template":"","meta":{"ub_ctt_via":"","footnotes":""},"class_list":["post-1641","page","type-page","status-publish","hentry"],"featured_image_src":null,"yoast_head":"<!-- This site is optimized with the Yoast SEO plugin v25.4 - https:\/\/yoast.com\/wordpress\/plugins\/seo\/ -->\n<title>Excel&#039;de tek sat\u0131r\/\u00e7oklu sat\u0131rlar nas\u0131l silinir?<\/title>\n<meta name=\"description\" content=\"Bu dersimizde Excel&#039;de tekli ve \u00e7oklu sat\u0131rlar\u0131n nas\u0131l silinece\u011fini \u00f6\u011frenece\u011fiz. Blogun tamam\u0131n\u0131 okudu\u011funuzdan emin olun.\" \/>\n<meta name=\"robots\" content=\"index, follow, max-snippet:-1, max-image-preview:large, max-video-preview:-1\" \/>\n<link rel=\"canonical\" href=\"https:\/\/exceladvisor.org\/tr\/satirlari-sil\/\" \/>\n<meta property=\"og:locale\" content=\"tr_TR\" \/>\n<meta property=\"og:type\" content=\"article\" \/>\n<meta property=\"og:title\" content=\"Excel&#039;de tek sat\u0131r\/\u00e7oklu sat\u0131rlar nas\u0131l silinir?\" \/>\n<meta property=\"og:description\" content=\"Bu dersimizde Excel&#039;de tekli ve \u00e7oklu sat\u0131rlar\u0131n nas\u0131l silinece\u011fini \u00f6\u011frenece\u011fiz. Blogun tamam\u0131n\u0131 okudu\u011funuzdan emin olun.\" \/>\n<meta property=\"og:url\" content=\"https:\/\/exceladvisor.org\/tr\/satirlari-sil\/\" \/>\n<meta property=\"og:site_name\" content=\"Excel Advisor\" \/>\n<meta property=\"article:modified_time\" content=\"2023-12-10T06:02:44+00:00\" \/>\n<meta property=\"og:image\" content=\"https:\/\/exceladvisor.org\/wp-content\/uploads\/2023\/08\/supprimer-une-seule-ligne.gif\" \/>\n<meta name=\"twitter:card\" content=\"summary_large_image\" \/>\n<meta name=\"twitter:label1\" content=\"Tahmini okuma s\u00fcresi\" \/>\n\t<meta name=\"twitter:data1\" content=\"3 dakika\" \/>\n<script type=\"application\/ld+json\" class=\"yoast-schema-graph\">{\"@context\":\"https:\/\/schema.org\",\"@graph\":[{\"@type\":\"WebPage\",\"@id\":\"https:\/\/exceladvisor.org\/tr\/satirlari-sil\/\",\"url\":\"https:\/\/exceladvisor.org\/tr\/satirlari-sil\/\",\"name\":\"Excel&#39;de tek sat\u0131r\/\u00e7oklu sat\u0131rlar nas\u0131l silinir?\",\"isPartOf\":{\"@id\":\"https:\/\/exceladvisor.org\/tr\/#website\"},\"primaryImageOfPage\":{\"@id\":\"https:\/\/exceladvisor.org\/tr\/satirlari-sil\/#primaryimage\"},\"image\":{\"@id\":\"https:\/\/exceladvisor.org\/tr\/satirlari-sil\/#primaryimage\"},\"thumbnailUrl\":\"https:\/\/exceladvisor.org\/wp-content\/uploads\/2023\/08\/supprimer-une-seule-ligne.gif\",\"datePublished\":\"2023-11-14T12:32:07+00:00\",\"dateModified\":\"2023-12-10T06:02:44+00:00\",\"description\":\"Bu dersimizde Excel&#39;de tekli ve \u00e7oklu sat\u0131rlar\u0131n nas\u0131l silinece\u011fini \u00f6\u011frenece\u011fiz. Blogun tamam\u0131n\u0131 okudu\u011funuzdan emin olun.\",\"breadcrumb\":{\"@id\":\"https:\/\/exceladvisor.org\/tr\/satirlari-sil\/#breadcrumb\"},\"inLanguage\":\"tr\",\"potentialAction\":[{\"@type\":\"ReadAction\",\"target\":[\"https:\/\/exceladvisor.org\/tr\/satirlari-sil\/\"]}]},{\"@type\":\"ImageObject\",\"inLanguage\":\"tr\",\"@id\":\"https:\/\/exceladvisor.org\/tr\/satirlari-sil\/#primaryimage\",\"url\":\"https:\/\/exceladvisor.org\/wp-content\/uploads\/2023\/08\/supprimer-une-seule-ligne.gif\",\"contentUrl\":\"https:\/\/exceladvisor.org\/wp-content\/uploads\/2023\/08\/supprimer-une-seule-ligne.gif\"},{\"@type\":\"BreadcrumbList\",\"@id\":\"https:\/\/exceladvisor.org\/tr\/satirlari-sil\/#breadcrumb\",\"itemListElement\":[{\"@type\":\"ListItem\",\"position\":1,\"name\":\"Ev\",\"item\":\"https:\/\/exceladvisor.org\/tr\/\"},{\"@type\":\"ListItem\",\"position\":2,\"name\":\"Excel&#39;de tek bir sat\u0131r\/birden \u00e7ok sat\u0131r nas\u0131l silinir?\"}]},{\"@type\":\"WebSite\",\"@id\":\"https:\/\/exceladvisor.org\/tr\/#website\",\"url\":\"https:\/\/exceladvisor.org\/tr\/\",\"name\":\"Excel Advisor\",\"description\":\"Veri hakimiyetine y\u00f6nelik nihai rehberiniz!\",\"publisher\":{\"@id\":\"https:\/\/exceladvisor.org\/tr\/#organization\"},\"potentialAction\":[{\"@type\":\"SearchAction\",\"target\":{\"@type\":\"EntryPoint\",\"urlTemplate\":\"https:\/\/exceladvisor.org\/tr\/?s={search_term_string}\"},\"query-input\":{\"@type\":\"PropertyValueSpecification\",\"valueRequired\":true,\"valueName\":\"search_term_string\"}}],\"inLanguage\":\"tr\"},{\"@type\":\"Organization\",\"@id\":\"https:\/\/exceladvisor.org\/tr\/#organization\",\"name\":\"Excel Advisor\",\"url\":\"https:\/\/exceladvisor.org\/tr\/\",\"logo\":{\"@type\":\"ImageObject\",\"inLanguage\":\"tr\",\"@id\":\"https:\/\/exceladvisor.org\/tr\/#\/schema\/logo\/image\/\",\"url\":\"https:\/\/exceladvisor.org\/tr\/wp-content\/uploads\/2023\/12\/exceladvisor.org_.png\",\"contentUrl\":\"https:\/\/exceladvisor.org\/tr\/wp-content\/uploads\/2023\/12\/exceladvisor.org_.png\",\"width\":105,\"height\":36,\"caption\":\"Excel Advisor\"},\"image\":{\"@id\":\"https:\/\/exceladvisor.org\/tr\/#\/schema\/logo\/image\/\"}}]}<\/script>\n<!-- \/ Yoast SEO plugin. -->","yoast_head_json":{"title":"Excel&#39;de tek sat\u0131r\/\u00e7oklu sat\u0131rlar nas\u0131l silinir?","description":"Bu dersimizde Excel&#39;de tekli ve \u00e7oklu sat\u0131rlar\u0131n nas\u0131l silinece\u011fini \u00f6\u011frenece\u011fiz. Blogun tamam\u0131n\u0131 okudu\u011funuzdan emin olun.","robots":{"index":"index","follow":"follow","max-snippet":"max-snippet:-1","max-image-preview":"max-image-preview:large","max-video-preview":"max-video-preview:-1"},"canonical":"https:\/\/exceladvisor.org\/tr\/satirlari-sil\/","og_locale":"tr_TR","og_type":"article","og_title":"Excel&#39;de tek sat\u0131r\/\u00e7oklu sat\u0131rlar nas\u0131l silinir?","og_description":"Bu dersimizde Excel&#39;de tekli ve \u00e7oklu sat\u0131rlar\u0131n nas\u0131l silinece\u011fini \u00f6\u011frenece\u011fiz. Blogun tamam\u0131n\u0131 okudu\u011funuzdan emin olun.","og_url":"https:\/\/exceladvisor.org\/tr\/satirlari-sil\/","og_site_name":"Excel Advisor","article_modified_time":"2023-12-10T06:02:44+00:00","og_image":[{"url":"https:\/\/exceladvisor.org\/wp-content\/uploads\/2023\/08\/supprimer-une-seule-ligne.gif","type":"","width":"","height":""}],"twitter_card":"summary_large_image","twitter_misc":{"Tahmini okuma s\u00fcresi":"3 dakika"},"schema":{"@context":"https:\/\/schema.org","@graph":[{"@type":"WebPage","@id":"https:\/\/exceladvisor.org\/tr\/satirlari-sil\/","url":"https:\/\/exceladvisor.org\/tr\/satirlari-sil\/","name":"Excel&#39;de tek sat\u0131r\/\u00e7oklu sat\u0131rlar nas\u0131l silinir?","isPartOf":{"@id":"https:\/\/exceladvisor.org\/tr\/#website"},"primaryImageOfPage":{"@id":"https:\/\/exceladvisor.org\/tr\/satirlari-sil\/#primaryimage"},"image":{"@id":"https:\/\/exceladvisor.org\/tr\/satirlari-sil\/#primaryimage"},"thumbnailUrl":"https:\/\/exceladvisor.org\/wp-content\/uploads\/2023\/08\/supprimer-une-seule-ligne.gif","datePublished":"2023-11-14T12:32:07+00:00","dateModified":"2023-12-10T06:02:44+00:00","description":"Bu dersimizde Excel&#39;de tekli ve \u00e7oklu sat\u0131rlar\u0131n nas\u0131l silinece\u011fini \u00f6\u011frenece\u011fiz. Blogun tamam\u0131n\u0131 okudu\u011funuzdan emin olun.","breadcrumb":{"@id":"https:\/\/exceladvisor.org\/tr\/satirlari-sil\/#breadcrumb"},"inLanguage":"tr","potentialAction":[{"@type":"ReadAction","target":["https:\/\/exceladvisor.org\/tr\/satirlari-sil\/"]}]},{"@type":"ImageObject","inLanguage":"tr","@id":"https:\/\/exceladvisor.org\/tr\/satirlari-sil\/#primaryimage","url":"https:\/\/exceladvisor.org\/wp-content\/uploads\/2023\/08\/supprimer-une-seule-ligne.gif","contentUrl":"https:\/\/exceladvisor.org\/wp-content\/uploads\/2023\/08\/supprimer-une-seule-ligne.gif"},{"@type":"BreadcrumbList","@id":"https:\/\/exceladvisor.org\/tr\/satirlari-sil\/#breadcrumb","itemListElement":[{"@type":"ListItem","position":1,"name":"Ev","item":"https:\/\/exceladvisor.org\/tr\/"},{"@type":"ListItem","position":2,"name":"Excel&#39;de tek bir sat\u0131r\/birden \u00e7ok sat\u0131r nas\u0131l silinir?"}]},{"@type":"WebSite","@id":"https:\/\/exceladvisor.org\/tr\/#website","url":"https:\/\/exceladvisor.org\/tr\/","name":"Excel Advisor","description":"Veri hakimiyetine y\u00f6nelik nihai rehberiniz!","publisher":{"@id":"https:\/\/exceladvisor.org\/tr\/#organization"},"potentialAction":[{"@type":"SearchAction","target":{"@type":"EntryPoint","urlTemplate":"https:\/\/exceladvisor.org\/tr\/?s={search_term_string}"},"query-input":{"@type":"PropertyValueSpecification","valueRequired":true,"valueName":"search_term_string"}}],"inLanguage":"tr"},{"@type":"Organization","@id":"https:\/\/exceladvisor.org\/tr\/#organization","name":"Excel Advisor","url":"https:\/\/exceladvisor.org\/tr\/","logo":{"@type":"ImageObject","inLanguage":"tr","@id":"https:\/\/exceladvisor.org\/tr\/#\/schema\/logo\/image\/","url":"https:\/\/exceladvisor.org\/tr\/wp-content\/uploads\/2023\/12\/exceladvisor.org_.png","contentUrl":"https:\/\/exceladvisor.org\/tr\/wp-content\/uploads\/2023\/12\/exceladvisor.org_.png","width":105,"height":36,"caption":"Excel Advisor"},"image":{"@id":"https:\/\/exceladvisor.org\/tr\/#\/schema\/logo\/image\/"}}]}},"yoast_meta":{"yoast_wpseo_title":"","yoast_wpseo_metadesc":"","yoast_wpseo_canonical":""},"_links":{"self":[{"href":"https:\/\/exceladvisor.org\/tr\/wp-json\/wp\/v2\/pages\/1641","targetHints":{"allow":["GET"]}}],"collection":[{"href":"https:\/\/exceladvisor.org\/tr\/wp-json\/wp\/v2\/pages"}],"about":[{"href":"https:\/\/exceladvisor.org\/tr\/wp-json\/wp\/v2\/types\/page"}],"author":[{"embeddable":true,"href":"https:\/\/exceladvisor.org\/tr\/wp-json\/wp\/v2\/users\/1"}],"replies":[{"embeddable":true,"href":"https:\/\/exceladvisor.org\/tr\/wp-json\/wp\/v2\/comments?post=1641"}],"version-history":[{"count":1,"href":"https:\/\/exceladvisor.org\/tr\/wp-json\/wp\/v2\/pages\/1641\/revisions"}],"predecessor-version":[{"id":2614,"href":"https:\/\/exceladvisor.org\/tr\/wp-json\/wp\/v2\/pages\/1641\/revisions\/2614"}],"wp:attachment":[{"href":"https:\/\/exceladvisor.org\/tr\/wp-json\/wp\/v2\/media?parent=1641"}],"curies":[{"name":"wp","href":"https:\/\/api.w.org\/{rel}","templated":true}]}}