{"id":1642,"date":"2023-11-14T12:22:00","date_gmt":"2023-11-14T12:22:00","guid":{"rendered":"https:\/\/exceladvisor.org\/tr\/tarihe-gore-sirala\/"},"modified":"2023-12-10T05:59:17","modified_gmt":"2023-12-10T05:59:17","slug":"tarihe-gore-sirala","status":"publish","type":"page","link":"https:\/\/exceladvisor.org\/tr\/tarihe-gore-sirala\/","title":{"rendered":"De\u011ferler tarihe, saate ve ters s\u0131ralamaya g\u00f6re nas\u0131l s\u0131ralan\u0131r?"},"content":{"rendered":"<div class=\"excel-icerikten-once\" id=\"excel-4291985419\"><script type=\"text\/javascript\">\r\n\tatOptions = {\r\n\t\t'key' : 'c1158f160081d6540a8409e6925dab94',\r\n\t\t'format' : 'iframe',\r\n\t\t'height' : 250,\r\n\t\t'width' : 300,\r\n\t\t'params' : {}\r\n\t};\r\n<\/script>\r\n<script type=\"text\/javascript\" src=\"\/\/www.highperformanceformat.com\/c1158f160081d6540a8409e6925dab94\/invoke.js\"><\/script><\/div> <p>Excel&#8217;de tarihlere g\u00f6re s\u0131ralama yapmak istiyorsan\u0131z, yani bir s\u00fctunda tarihlerin bulundu\u011fu yerde, SIRALAMA se\u00e7ene\u011fini kullanabilirsiniz.<\/p><p> Tarihlerin bulundu\u011fu s\u00fctunu se\u00e7ip s\u0131ralama se\u00e7ene\u011fini a\u00e7t\u0131\u011f\u0131n\u0131zda, artan veya azalan d\u00fczende s\u0131ralama se\u00e7ene\u011finiz olur.<\/p><p> A\u015fa\u011f\u0131daki \u00f6rnekte, A s\u00fctununda tarihleriniz var ve \u015fimdi o s\u00fctunda tarihlere g\u00f6re s\u0131ralama yapman\u0131z gerekiyor. <\/p><div class=\"wp-block-image\"><figure class=\"aligncenter size-full is-resized\"><img loading=\"lazy\" decoding=\"async\" class=\"wp-image-69984\" src=\"https:\/\/exceladvisor.org\/wp-content\/uploads\/2023\/08\/1-dates-aleatoires-dans-la-colonne.png\" sizes=\"auto, \" srcset=\"\" alt=\"s\u00fctundaki rastgele tarihler\" width=\"293\" height=\"495\"><\/figure><\/div><p> \u015eimdi bunu nas\u0131l s\u0131ralayabilece\u011fimize bakal\u0131m.<\/p><h2 class=\"wp-block-heading\"> Excel&#8217;de tarihe g\u00f6re s\u0131ralama ad\u0131mlar\u0131<\/h2><ol><li> \u00d6ncelikle veri sekmesine gidin ve s\u0131ralama butonuna t\u0131klayarak s\u0131ralama se\u00e7ene\u011fini a\u00e7\u0131n. Ayr\u0131ca A \u27a4 S \u27a4 S klavye k\u0131sayolunu da kullanabilirsiniz. <br><img loading=\"lazy\" decoding=\"async\" title=\"Excel'de 2-tarihe g\u00f6re s\u0131ralama\" src=\"https:\/\/exceladvisor.org\/wp-content\/uploads\/2023\/08\/2-trier-par-date-dans-excel.png\" sizes=\"auto, \" srcset=\"\" alt=\"sort-by-date-in-excel\" width=\"630\" height=\"206\"><\/li><li> Daha sonra SIRALAMA se\u00e7ene\u011finde s\u0131ralamak istedi\u011finiz s\u00fctunu se\u00e7in ve ard\u0131ndan s\u0131ralamay\u0131 istedi\u011finiz s\u0131ralamay\u0131 se\u00e7in. <br><img loading=\"lazy\" decoding=\"async\" title=\"3-s\u0131ralanacak s\u00fctunu se\u00e7in\" src=\"https:\/\/exceladvisor.org\/wp-content\/uploads\/2023\/08\/3-selectionnez-la-colonne-a-trier.png\" sizes=\"auto, \" srcset=\"\" alt=\"select-the-column-to-sort\" width=\"551\" height=\"257\"><\/li><li> Daha sonra, zaten i\u015faretli olan &#8220;Verilerimin bir ba\u015fl\u0131\u011f\u0131 var&#8221; se\u00e7ene\u011fini bilmeniz gerekir, ancak verilerinizin bir ba\u015fl\u0131\u011f\u0131 yoksa i\u015faretini kald\u0131rd\u0131\u011f\u0131n\u0131zdan emin olman\u0131z gerekir. <br><img loading=\"lazy\" decoding=\"async\" title=\"4-veri-ba\u015fl\u0131klar\u0131m-se\u00e7ene\u011fi\" src=\"https:\/\/exceladvisor.org\/wp-content\/uploads\/2023\/08\/4-option-mes-en-tetes-de-donnees.png\" sizes=\"auto, \" srcset=\"\" alt=\"my-data-headers-option\" width=\"617\" height=\"288\"><\/li><li> Sonunda, s\u00fctunun tarihlere g\u00f6re s\u0131ralanmas\u0131n\u0131 sa\u011flamak i\u00e7in Tamam&#8217;\u0131 t\u0131klay\u0131n.<\/li><\/ol><p> Tamam&#8217;\u0131 t\u0131klad\u0131\u011f\u0131n\u0131z anda, t\u00fcm tarihlerin eskiden yeniye do\u011fru s\u0131raland\u0131\u011f\u0131n\u0131 g\u00f6r\u00fcrs\u00fcn\u00fcz. <\/p><div class=\"wp-block-image\"><figure class=\"aligncenter size-full is-resized\"><img loading=\"lazy\" decoding=\"async\" class=\"wp-image-69988\" src=\"https:\/\/exceladvisor.org\/wp-content\/uploads\/2023\/08\/5-dates-triees.png\" sizes=\"auto, \" srcset=\"\" alt=\"tarihler s\u0131raland\u0131\" width=\"380\" height=\"380\"><\/figure><\/div><h2 class=\"wp-block-heading\"> Tarih ve saate g\u00f6re s\u0131rala<\/h2><p> Excel&#8217;de tarihler tam say\u0131 olarak, zaman ise bu tam say\u0131larla birlikte ondal\u0131k say\u0131 olarak saklan\u0131r. Yani tarihe g\u00f6re s\u0131ralama yapt\u0131\u011f\u0131n\u0131zda s\u0131ralama se\u00e7ene\u011finde saat de dikkate al\u0131nacakt\u0131r.<\/p><p> A\u015fa\u011f\u0131daki \u00f6rnekte tarihlerle birlikte zaman\u0131n\u0131z var. <\/p><div class=\"wp-block-image\"><figure class=\"aligncenter size-full is-resized\"><img loading=\"lazy\" decoding=\"async\" class=\"wp-image-69989\" src=\"https:\/\/exceladvisor.org\/wp-content\/uploads\/2023\/08\/6-trier-par-date-et-heure.png\" sizes=\"auto, \" srcset=\"\" alt=\"tarih ve saate g\u00f6re s\u0131ralama\" width=\"762\" height=\"362\"><\/figure><\/div><p> Tamam&#8217;\u0131 t\u0131klad\u0131\u011f\u0131n\u0131zda t\u00fcm tarihler en eskiden en yeniye do\u011fru s\u0131ralan\u0131r. <\/p><div class=\"wp-block-image\"><figure class=\"aligncenter size-full is-resized\"><img loading=\"lazy\" decoding=\"async\" class=\"wp-image-69990\" src=\"https:\/\/exceladvisor.org\/wp-content\/uploads\/2023\/08\/7-dates-triees-de-lancien-au-nouveau.png\" sizes=\"auto, \" srcset=\"\" alt=\"tarihler eskiden yeniye do\u011fru s\u0131raland\u0131\" width=\"365\" height=\"249\"><\/figure><\/div><p> \u015eimdi, ayn\u0131 tarihlere sahip oldu\u011funuz ancak her iki tarihin de zaman de\u011ferlerine sahip oldu\u011fu ilk iki de\u011feri g\u00f6r\u00fcrseniz, s\u0131ralama se\u00e7ene\u011fi bunlar\u0131 zaman de\u011ferlerine g\u00f6re s\u0131ralamal\u0131d\u0131r.<\/p><p> \u00d6nce 05:56&#8217;daki tarihi, ard\u0131ndan 16:11&#8217;deki tarihi al\u0131rs\u0131n\u0131z.<\/p><h2 class=\"wp-block-heading\"> Tarihlere g\u00f6re y\u0131llara g\u00f6re s\u0131rala<\/h2><p> \u015eimdi tarihlerden y\u0131llara g\u00f6re s\u0131ralama yapmak istedi\u011finizi varsayal\u0131m. Bu durumda, ilk olarak tarihten itibaren y\u0131llar\u0131 almak ve ard\u0131ndan her iki s\u00fctunu da s\u0131ralamak i\u00e7in bir yard\u0131mc\u0131 s\u00fctun eklemeniz gerekir.<\/p><p> A\u015fa\u011f\u0131daki \u00f6rnekte y\u0131llar\u0131 elde etmek i\u00e7in B s\u00fctunundaki YIL fonksiyonunu kulland\u0131k. <\/p><div class=\"wp-block-image\"><figure class=\"aligncenter size-full is-resized\"><img loading=\"lazy\" decoding=\"async\" class=\"wp-image-69991\" src=\"https:\/\/exceladvisor.org\/wp-content\/uploads\/2023\/08\/8-trier-par-annees-a-partir-des-dates.png\" sizes=\"auto, \" srcset=\"\" alt=\"tarihlere g\u00f6re s\u0131ralama\" width=\"562\" height=\"270\"><\/figure><\/div><p> Daha sonra her iki s\u00fctunu da daha \u00f6nce s\u00f6yledi\u011fim gibi y\u0131llar s\u00fctununa g\u00f6re s\u0131ralay\u0131n. <\/p><div class=\"wp-block-image\"><figure class=\"aligncenter size-full is-resized\"><img loading=\"lazy\" decoding=\"async\" class=\"wp-image-69992\" src=\"https:\/\/exceladvisor.org\/wp-content\/uploads\/2023\/08\/9-selectionner-trier-par-annees.png\" sizes=\"auto, \" srcset=\"\" alt=\"y\u0131llara g\u00f6re s\u0131ralama se\u00e7\" width=\"780\" height=\"408\"><\/figure><\/div><p> Ve s\u0131rayla en k\u00fc\u00e7\u00fc\u011f\u00fcnden en b\u00fcy\u00fc\u011f\u00fcne do\u011fru kullanman\u0131z ve ard\u0131ndan Tamam&#8217;a t\u0131klaman\u0131z gerekir. <\/p><div class=\"wp-block-image\"><figure class=\"aligncenter size-full is-resized\"><img loading=\"lazy\" decoding=\"async\" class=\"wp-image-69994\" src=\"https:\/\/exceladvisor.org\/wp-content\/uploads\/2023\/08\/10-dates-triees-par-annees.png\" sizes=\"auto, \" srcset=\"\" alt=\"y\u0131llara g\u00f6re s\u0131ralanm\u0131\u015f tarihler\" width=\"329\" height=\"370\"><\/figure><\/div><p> Yaln\u0131zca y\u0131llar\u0131 kullanarak tarihlere g\u00f6re s\u0131ralama bu \u015fekilde yap\u0131l\u0131r.<\/p><h2 class=\"wp-block-heading\"> Tarihe g\u00f6re ters s\u0131ralama<\/h2><p> \u0130lk \u00f6rnekte s\u0131ralama d\u00fczenini de\u011fi\u015ftirmeye haz\u0131r oldu\u011funuzu anlatm\u0131\u015ft\u0131k.<\/p><p> Yani tersten s\u0131ralamak isterseniz, &#8220;en eskiden en yeniye&#8221;yi &#8220;en yeniden en eskiye&#8221; olarak de\u011fi\u015ftirebilirsiniz. <\/p><div class=\"wp-block-image\"><figure class=\"aligncenter size-full is-resized\"><img loading=\"lazy\" decoding=\"async\" class=\"wp-image-69995\" src=\"https:\/\/exceladvisor.org\/wp-content\/uploads\/2023\/08\/11-inverse-trier-par-date.png\" sizes=\"auto, \" srcset=\"\" alt=\"tarihe g\u00f6re ters s\u0131ralama\" width=\"669\" height=\"311\"><\/figure><\/div><div class=\"gb-container gb-container-4db6181c gb-container-mt\"> <a class=\"gb-button gb-button-c5897111 gb-button-text gb-button-mt-button\" href=\"https:\/\/exceladvisor.org\/tr\/excelin-temelleri\/\">Microsoft Excel Temelleri (Bile\u015fenler, Par\u00e7alar ve Bilgi Notlar\u0131)<\/a><h2 class=\"gb-headline gb-headline-665e5f6b gb-headline-text gb-headline-mt-heading\"> \u0130lgili e\u011fitimler <\/h2><div class=\"gb-grid-wrapper gb-grid-wrapper-a20baf7c gb-grid-wrapper-mt-grid\"><div class=\"gb-grid-column gb-grid-column-65ddf67e\"><div class=\"gb-container gb-container-65ddf67e\"><ul><li> <a href=\"https:\/\/exceladvisor.org\/tr\/yatay-olarak-sirala\/\">Excel&#8217;de yatay olarak s\u0131ralama<\/a><\/li><li> <a href=\"https:\/\/exceladvisor.org\/tr\/listeyi-rastgele-hale-getir\/\">Listeyi rastgele s\u0131ralama (rastgele s\u0131ralama)<\/a><\/li><li> <a href=\"https:\/\/exceladvisor.org\/tr\/araligi-sirala\/\">VBA kullanarak aral\u0131\u011f\u0131 s\u0131ralama<\/a> <\/li><\/ul><\/div><\/div><div class=\"gb-grid-column gb-grid-column-50067b57\"><div class=\"gb-container gb-container-50067b57\"><\/div><\/div><\/div><\/div>","protected":false},"excerpt":{"rendered":"","protected":false},"author":1,"featured_media":0,"parent":0,"menu_order":0,"comment_status":"open","ping_status":"closed","template":"","meta":{"ub_ctt_via":"","footnotes":""},"class_list":["post-1642","page","type-page","status-publish","hentry"],"featured_image_src":null,"yoast_head":"<!-- This site is optimized with the Yoast SEO plugin v25.4 - https:\/\/yoast.com\/wordpress\/plugins\/seo\/ -->\n<title>\u25b7 De\u011ferler tarih, saat ve ters s\u0131ralamaya g\u00f6re nas\u0131l s\u0131ralan\u0131r?<\/title>\n<meta name=\"description\" content=\"Bu \u00f6\u011freticide, Tarihe, Tarih ve Saate G\u00f6re S\u0131rala ve Ters S\u0131ralamay\u0131 kullanarak bir s\u00fctundaki verileri nas\u0131l s\u0131ralayaca\u011f\u0131m\u0131z\u0131 \u00f6\u011frenece\u011fiz.\" \/>\n<meta name=\"robots\" content=\"index, follow, max-snippet:-1, max-image-preview:large, max-video-preview:-1\" \/>\n<link rel=\"canonical\" href=\"https:\/\/exceladvisor.org\/tr\/tarihe-gore-sirala\/\" \/>\n<meta property=\"og:locale\" content=\"tr_TR\" \/>\n<meta property=\"og:type\" content=\"article\" \/>\n<meta property=\"og:title\" content=\"\u25b7 De\u011ferler tarih, saat ve ters s\u0131ralamaya g\u00f6re nas\u0131l s\u0131ralan\u0131r?\" \/>\n<meta property=\"og:description\" content=\"Bu \u00f6\u011freticide, Tarihe, Tarih ve Saate G\u00f6re S\u0131rala ve Ters S\u0131ralamay\u0131 kullanarak bir s\u00fctundaki verileri nas\u0131l s\u0131ralayaca\u011f\u0131m\u0131z\u0131 \u00f6\u011frenece\u011fiz.\" \/>\n<meta property=\"og:url\" content=\"https:\/\/exceladvisor.org\/tr\/tarihe-gore-sirala\/\" \/>\n<meta property=\"og:site_name\" content=\"Excel Advisor\" \/>\n<meta property=\"article:modified_time\" content=\"2023-12-10T05:59:17+00:00\" \/>\n<meta property=\"og:image\" content=\"https:\/\/exceladvisor.org\/wp-content\/uploads\/2023\/08\/1-dates-aleatoires-dans-la-colonne.png\" \/>\n<meta name=\"twitter:card\" content=\"summary_large_image\" \/>\n<meta name=\"twitter:label1\" content=\"Tahmini okuma s\u00fcresi\" \/>\n\t<meta name=\"twitter:data1\" content=\"3 dakika\" \/>\n<script type=\"application\/ld+json\" class=\"yoast-schema-graph\">{\"@context\":\"https:\/\/schema.org\",\"@graph\":[{\"@type\":\"WebPage\",\"@id\":\"https:\/\/exceladvisor.org\/tr\/tarihe-gore-sirala\/\",\"url\":\"https:\/\/exceladvisor.org\/tr\/tarihe-gore-sirala\/\",\"name\":\"\u25b7 De\u011ferler tarih, saat ve ters s\u0131ralamaya g\u00f6re nas\u0131l s\u0131ralan\u0131r?\",\"isPartOf\":{\"@id\":\"https:\/\/exceladvisor.org\/tr\/#website\"},\"primaryImageOfPage\":{\"@id\":\"https:\/\/exceladvisor.org\/tr\/tarihe-gore-sirala\/#primaryimage\"},\"image\":{\"@id\":\"https:\/\/exceladvisor.org\/tr\/tarihe-gore-sirala\/#primaryimage\"},\"thumbnailUrl\":\"https:\/\/exceladvisor.org\/wp-content\/uploads\/2023\/08\/1-dates-aleatoires-dans-la-colonne.png\",\"datePublished\":\"2023-11-14T12:22:00+00:00\",\"dateModified\":\"2023-12-10T05:59:17+00:00\",\"description\":\"Bu \u00f6\u011freticide, Tarihe, Tarih ve Saate G\u00f6re S\u0131rala ve Ters S\u0131ralamay\u0131 kullanarak bir s\u00fctundaki verileri nas\u0131l s\u0131ralayaca\u011f\u0131m\u0131z\u0131 \u00f6\u011frenece\u011fiz.\",\"breadcrumb\":{\"@id\":\"https:\/\/exceladvisor.org\/tr\/tarihe-gore-sirala\/#breadcrumb\"},\"inLanguage\":\"tr\",\"potentialAction\":[{\"@type\":\"ReadAction\",\"target\":[\"https:\/\/exceladvisor.org\/tr\/tarihe-gore-sirala\/\"]}]},{\"@type\":\"ImageObject\",\"inLanguage\":\"tr\",\"@id\":\"https:\/\/exceladvisor.org\/tr\/tarihe-gore-sirala\/#primaryimage\",\"url\":\"https:\/\/exceladvisor.org\/wp-content\/uploads\/2023\/08\/1-dates-aleatoires-dans-la-colonne.png\",\"contentUrl\":\"https:\/\/exceladvisor.org\/wp-content\/uploads\/2023\/08\/1-dates-aleatoires-dans-la-colonne.png\"},{\"@type\":\"BreadcrumbList\",\"@id\":\"https:\/\/exceladvisor.org\/tr\/tarihe-gore-sirala\/#breadcrumb\",\"itemListElement\":[{\"@type\":\"ListItem\",\"position\":1,\"name\":\"Ev\",\"item\":\"https:\/\/exceladvisor.org\/tr\/\"},{\"@type\":\"ListItem\",\"position\":2,\"name\":\"De\u011ferler tarihe, saate ve ters s\u0131ralamaya g\u00f6re nas\u0131l s\u0131ralan\u0131r?\"}]},{\"@type\":\"WebSite\",\"@id\":\"https:\/\/exceladvisor.org\/tr\/#website\",\"url\":\"https:\/\/exceladvisor.org\/tr\/\",\"name\":\"Excel Advisor\",\"description\":\"Veri hakimiyetine y\u00f6nelik nihai rehberiniz!\",\"publisher\":{\"@id\":\"https:\/\/exceladvisor.org\/tr\/#organization\"},\"potentialAction\":[{\"@type\":\"SearchAction\",\"target\":{\"@type\":\"EntryPoint\",\"urlTemplate\":\"https:\/\/exceladvisor.org\/tr\/?s={search_term_string}\"},\"query-input\":{\"@type\":\"PropertyValueSpecification\",\"valueRequired\":true,\"valueName\":\"search_term_string\"}}],\"inLanguage\":\"tr\"},{\"@type\":\"Organization\",\"@id\":\"https:\/\/exceladvisor.org\/tr\/#organization\",\"name\":\"Excel Advisor\",\"url\":\"https:\/\/exceladvisor.org\/tr\/\",\"logo\":{\"@type\":\"ImageObject\",\"inLanguage\":\"tr\",\"@id\":\"https:\/\/exceladvisor.org\/tr\/#\/schema\/logo\/image\/\",\"url\":\"https:\/\/exceladvisor.org\/tr\/wp-content\/uploads\/2023\/12\/exceladvisor.org_.png\",\"contentUrl\":\"https:\/\/exceladvisor.org\/tr\/wp-content\/uploads\/2023\/12\/exceladvisor.org_.png\",\"width\":105,\"height\":36,\"caption\":\"Excel Advisor\"},\"image\":{\"@id\":\"https:\/\/exceladvisor.org\/tr\/#\/schema\/logo\/image\/\"}}]}<\/script>\n<!-- \/ Yoast SEO plugin. -->","yoast_head_json":{"title":"\u25b7 De\u011ferler tarih, saat ve ters s\u0131ralamaya g\u00f6re nas\u0131l s\u0131ralan\u0131r?","description":"Bu \u00f6\u011freticide, Tarihe, Tarih ve Saate G\u00f6re S\u0131rala ve Ters S\u0131ralamay\u0131 kullanarak bir s\u00fctundaki verileri nas\u0131l s\u0131ralayaca\u011f\u0131m\u0131z\u0131 \u00f6\u011frenece\u011fiz.","robots":{"index":"index","follow":"follow","max-snippet":"max-snippet:-1","max-image-preview":"max-image-preview:large","max-video-preview":"max-video-preview:-1"},"canonical":"https:\/\/exceladvisor.org\/tr\/tarihe-gore-sirala\/","og_locale":"tr_TR","og_type":"article","og_title":"\u25b7 De\u011ferler tarih, saat ve ters s\u0131ralamaya g\u00f6re nas\u0131l s\u0131ralan\u0131r?","og_description":"Bu \u00f6\u011freticide, Tarihe, Tarih ve Saate G\u00f6re S\u0131rala ve Ters S\u0131ralamay\u0131 kullanarak bir s\u00fctundaki verileri nas\u0131l s\u0131ralayaca\u011f\u0131m\u0131z\u0131 \u00f6\u011frenece\u011fiz.","og_url":"https:\/\/exceladvisor.org\/tr\/tarihe-gore-sirala\/","og_site_name":"Excel Advisor","article_modified_time":"2023-12-10T05:59:17+00:00","og_image":[{"url":"https:\/\/exceladvisor.org\/wp-content\/uploads\/2023\/08\/1-dates-aleatoires-dans-la-colonne.png","type":"","width":"","height":""}],"twitter_card":"summary_large_image","twitter_misc":{"Tahmini okuma s\u00fcresi":"3 dakika"},"schema":{"@context":"https:\/\/schema.org","@graph":[{"@type":"WebPage","@id":"https:\/\/exceladvisor.org\/tr\/tarihe-gore-sirala\/","url":"https:\/\/exceladvisor.org\/tr\/tarihe-gore-sirala\/","name":"\u25b7 De\u011ferler tarih, saat ve ters s\u0131ralamaya g\u00f6re nas\u0131l s\u0131ralan\u0131r?","isPartOf":{"@id":"https:\/\/exceladvisor.org\/tr\/#website"},"primaryImageOfPage":{"@id":"https:\/\/exceladvisor.org\/tr\/tarihe-gore-sirala\/#primaryimage"},"image":{"@id":"https:\/\/exceladvisor.org\/tr\/tarihe-gore-sirala\/#primaryimage"},"thumbnailUrl":"https:\/\/exceladvisor.org\/wp-content\/uploads\/2023\/08\/1-dates-aleatoires-dans-la-colonne.png","datePublished":"2023-11-14T12:22:00+00:00","dateModified":"2023-12-10T05:59:17+00:00","description":"Bu \u00f6\u011freticide, Tarihe, Tarih ve Saate G\u00f6re S\u0131rala ve Ters S\u0131ralamay\u0131 kullanarak bir s\u00fctundaki verileri nas\u0131l s\u0131ralayaca\u011f\u0131m\u0131z\u0131 \u00f6\u011frenece\u011fiz.","breadcrumb":{"@id":"https:\/\/exceladvisor.org\/tr\/tarihe-gore-sirala\/#breadcrumb"},"inLanguage":"tr","potentialAction":[{"@type":"ReadAction","target":["https:\/\/exceladvisor.org\/tr\/tarihe-gore-sirala\/"]}]},{"@type":"ImageObject","inLanguage":"tr","@id":"https:\/\/exceladvisor.org\/tr\/tarihe-gore-sirala\/#primaryimage","url":"https:\/\/exceladvisor.org\/wp-content\/uploads\/2023\/08\/1-dates-aleatoires-dans-la-colonne.png","contentUrl":"https:\/\/exceladvisor.org\/wp-content\/uploads\/2023\/08\/1-dates-aleatoires-dans-la-colonne.png"},{"@type":"BreadcrumbList","@id":"https:\/\/exceladvisor.org\/tr\/tarihe-gore-sirala\/#breadcrumb","itemListElement":[{"@type":"ListItem","position":1,"name":"Ev","item":"https:\/\/exceladvisor.org\/tr\/"},{"@type":"ListItem","position":2,"name":"De\u011ferler tarihe, saate ve ters s\u0131ralamaya g\u00f6re nas\u0131l s\u0131ralan\u0131r?"}]},{"@type":"WebSite","@id":"https:\/\/exceladvisor.org\/tr\/#website","url":"https:\/\/exceladvisor.org\/tr\/","name":"Excel Advisor","description":"Veri hakimiyetine y\u00f6nelik nihai rehberiniz!","publisher":{"@id":"https:\/\/exceladvisor.org\/tr\/#organization"},"potentialAction":[{"@type":"SearchAction","target":{"@type":"EntryPoint","urlTemplate":"https:\/\/exceladvisor.org\/tr\/?s={search_term_string}"},"query-input":{"@type":"PropertyValueSpecification","valueRequired":true,"valueName":"search_term_string"}}],"inLanguage":"tr"},{"@type":"Organization","@id":"https:\/\/exceladvisor.org\/tr\/#organization","name":"Excel Advisor","url":"https:\/\/exceladvisor.org\/tr\/","logo":{"@type":"ImageObject","inLanguage":"tr","@id":"https:\/\/exceladvisor.org\/tr\/#\/schema\/logo\/image\/","url":"https:\/\/exceladvisor.org\/tr\/wp-content\/uploads\/2023\/12\/exceladvisor.org_.png","contentUrl":"https:\/\/exceladvisor.org\/tr\/wp-content\/uploads\/2023\/12\/exceladvisor.org_.png","width":105,"height":36,"caption":"Excel Advisor"},"image":{"@id":"https:\/\/exceladvisor.org\/tr\/#\/schema\/logo\/image\/"}}]}},"yoast_meta":{"yoast_wpseo_title":"","yoast_wpseo_metadesc":"","yoast_wpseo_canonical":""},"_links":{"self":[{"href":"https:\/\/exceladvisor.org\/tr\/wp-json\/wp\/v2\/pages\/1642","targetHints":{"allow":["GET"]}}],"collection":[{"href":"https:\/\/exceladvisor.org\/tr\/wp-json\/wp\/v2\/pages"}],"about":[{"href":"https:\/\/exceladvisor.org\/tr\/wp-json\/wp\/v2\/types\/page"}],"author":[{"embeddable":true,"href":"https:\/\/exceladvisor.org\/tr\/wp-json\/wp\/v2\/users\/1"}],"replies":[{"embeddable":true,"href":"https:\/\/exceladvisor.org\/tr\/wp-json\/wp\/v2\/comments?post=1642"}],"version-history":[{"count":1,"href":"https:\/\/exceladvisor.org\/tr\/wp-json\/wp\/v2\/pages\/1642\/revisions"}],"predecessor-version":[{"id":2311,"href":"https:\/\/exceladvisor.org\/tr\/wp-json\/wp\/v2\/pages\/1642\/revisions\/2311"}],"wp:attachment":[{"href":"https:\/\/exceladvisor.org\/tr\/wp-json\/wp\/v2\/media?parent=1642"}],"curies":[{"name":"wp","href":"https:\/\/api.w.org\/{rel}","templated":true}]}}