{"id":1643,"date":"2023-11-14T10:17:28","date_gmt":"2023-11-14T10:17:28","guid":{"rendered":"https:\/\/exceladvisor.org\/tr\/hucre-stili\/"},"modified":"2023-12-10T05:59:37","modified_gmt":"2023-12-10T05:59:37","slug":"hucre-stili","status":"publish","type":"page","link":"https:\/\/exceladvisor.org\/tr\/hucre-stili\/","title":{"rendered":"Excel h\u00fccre stili: ba\u015fl\u0131k, hesaplama, toplam ve ba\u015fl\u0131klar"},"content":{"rendered":"<div class=\"excel-icerikten-once\" id=\"excel-1378912594\"><script type=\"text\/javascript\">\r\n\tatOptions = {\r\n\t\t'key' : 'c1158f160081d6540a8409e6925dab94',\r\n\t\t'format' : 'iframe',\r\n\t\t'height' : 250,\r\n\t\t'width' : 300,\r\n\t\t'params' : {}\r\n\t};\r\n<\/script>\r\n<script type=\"text\/javascript\" src=\"\/\/www.highperformanceformat.com\/c1158f160081d6540a8409e6925dab94\/invoke.js\"><\/script><\/div> <p>Excel&#8217;de verilerle \u00e7al\u0131\u015f\u0131rken bazen bir h\u00fccreye veya h\u00fccre aral\u0131\u011f\u0131na belirli bir bi\u00e7imlendirme stili uygulamak \u00f6nemlidir. \u015eimdi olay \u015fu ki, belirli veriler i\u00e7in bir bi\u00e7imlendirme stili olu\u015fturmak \u00e7aba gerektiriyor.<\/p><p> Ancak iyi haber \u015fu ki: Excel&#8217;de, bunlar\u0131 farkl\u0131 h\u00fccrelere uygulamak i\u00e7in kullanabilece\u011finiz \u00f6nceden tan\u0131mlanm\u0131\u015f stiller vard\u0131r. <\/p><div class=\"wp-block-image\"><figure class=\"aligncenter size-full is-resized\"><img loading=\"lazy\" decoding=\"async\" class=\"wp-image-72345\" src=\"https:\/\/exceladvisor.org\/wp-content\/uploads\/2023\/08\/1-styles-Excel-predefinis.png\" sizes=\"auto, \" srcset=\"\" alt=\"Excel'de \u00f6nceden tan\u0131mlanm\u0131\u015f stiller\" width=\"585\" height=\"458\"><\/figure><\/div><p> Bu stillerden herhangi birini uygulamak basit ve kolayd\u0131r. Tek yapman\u0131z gereken, stil vermek istedi\u011finiz h\u00fccreyi se\u00e7mek ve ard\u0131ndan h\u00fccre stili ileti\u015fim kutusundan stili uygulamakt\u0131r.<\/p><p> Bu \u00f6\u011freticide bu h\u00fccre stillerini inceleyece\u011fiz ve en kullan\u0131\u015fl\u0131 formatlardan baz\u0131lar\u0131n\u0131 (Ba\u015fl\u0131k, Hesaplama, Toplam ve Ba\u015fl\u0131k) kullanmay\u0131 deneyece\u011fiz.<\/p><h2 class=\"wp-block-heading\"> Stil hesaplamas\u0131<\/h2><p> Ger\u00e7ek d\u00fcnyada Excel&#8217;in birincil kullan\u0131m\u0131 olan Excel&#8217;de <a href=\"https:\/\/exceladvisor.org\/tr\/formuller\/\">\u00e7ok say\u0131da hesaplamayla<\/a> \u00e7al\u0131\u015f\u0131yorsan\u0131z, hesaplamayla h\u00fccreye veya h\u00fccre aral\u0131\u011f\u0131na uygulayabilece\u011finiz belirli bir h\u00fccre stili vard\u0131r. <\/p><div class=\"wp-block-image\"><figure class=\"aligncenter size-full is-resized\"><img loading=\"lazy\" decoding=\"async\" class=\"wp-image-72346\" src=\"https:\/\/exceladvisor.org\/wp-content\/uploads\/2023\/08\/2-styles-de-calcul.png\" sizes=\"auto, \" srcset=\"\" alt=\"hesaplama stili\" width=\"457\" height=\"293\"><\/figure><\/div><p> A\u015fa\u011f\u0131daki \u00f6rnekte A15 h\u00fccresinde bir toplam form\u00fcl\u00fcn\u00fcz var ve bu h\u00fccrede Excel h\u00fccre stilleri hesaplama stilini uygulad\u0131k. <\/p><div class=\"wp-block-image\"><figure class=\"aligncenter size-full is-resized\"><img loading=\"lazy\" decoding=\"async\" class=\"wp-image-72347\" src=\"https:\/\/exceladvisor.org\/wp-content\/uploads\/2023\/08\/3-style-de-calcul-applique-a-une-cellule.png\" sizes=\"auto, \" srcset=\"\" alt=\"bir h\u00fccreye-uygulanan hesaplama stili\" width=\"384\" height=\"567\"><\/figure><\/div><p> G\u00f6rd\u00fc\u011f\u00fcn\u00fcz gibi turuncu yaz\u0131 rengine, <a href=\"https:\/\/exceladvisor.org\/tr\/hucre-rengi\/\">h\u00fccre rengi<\/a> olarak a\u00e7\u0131k griye ve h\u00fccrenin etraf\u0131nda a\u00e7\u0131k renkli bir <a href=\"https:\/\/exceladvisor.org\/tr\/sinirlari-uygula\/\">kenarl\u0131\u011fa<\/a> sahiptir. <\/p><div class=\"wp-block-image\"><figure class=\"aligncenter size-full is-resized\"><img loading=\"lazy\" decoding=\"async\" class=\"wp-image-72348\" src=\"https:\/\/exceladvisor.org\/wp-content\/uploads\/2023\/08\/4-style-de-calcul-applique.png\" sizes=\"auto, \" srcset=\"\" alt=\"uygulanan hesaplama stili\" width=\"388\" height=\"296\"><\/figure><\/div><p> Bu stilleri manuel olarak uygulamaya \u00e7al\u0131\u015f\u0131rsan\u0131z farkl\u0131 se\u00e7enekler kullanman\u0131z gerekir ancak Hesaplama H\u00fccresi Stili ile bunu tek t\u0131klamayla yapabilirsiniz.<\/p><h2 class=\"wp-block-heading\"> Ba\u015fl\u0131k stili<\/h2><p> Ba\u015fl\u0131k olarak bir h\u00fccre de\u011ferini de\u011fi\u015ftirmek istiyorsan\u0131z h\u00fccre stillerinden ba\u015fl\u0131k stilini uygulayabilirsiniz. <\/p><div class=\"wp-block-image\"><figure class=\"aligncenter size-full is-resized\"><img loading=\"lazy\" decoding=\"async\" class=\"wp-image-72349\" src=\"https:\/\/exceladvisor.org\/wp-content\/uploads\/2023\/08\/style-5-titres.png\" sizes=\"auto, \" srcset=\"\" alt=\"ba\u015fl\u0131k stili\" width=\"539\" height=\"356\"><\/figure><\/div><p> Ba\u015fl\u0131k stiliyle ince bir yaz\u0131 tipi stili ve 18 yaz\u0131 tipi boyutu elde edersiniz.<\/p><h2 class=\"wp-block-heading\"> B\u00f6l\u00fcmler<\/h2><p> Ayr\u0131ca h\u00fccre verilerinde kullanabilece\u011finiz ba\u015fl\u0131k stillerine (1-4) de sahipsiniz. <\/p><div class=\"wp-block-image\"><figure class=\"aligncenter size-full is-resized\"><img loading=\"lazy\" decoding=\"async\" class=\"wp-image-72350\" src=\"https:\/\/exceladvisor.org\/wp-content\/uploads\/2023\/08\/6-styles-de-titre.png\" sizes=\"auto, \" srcset=\"\" alt=\"ba\u015fl\u0131k stilleri\" width=\"584\" height=\"306\"><\/figure><\/div><p> Ba\u015fl\u0131k stillerinde kal\u0131n bir yaz\u0131 tipi stili ve h\u00fccrenin <a href=\"https:\/\/exceladvisor.org\/tr\/sinir\/\">alt\u0131nda bir kenarl\u0131k<\/a> elde edersiniz.<\/p><h2 class=\"wp-block-heading\"> Toplam<\/h2><p> Ayr\u0131ca, <a href=\"https:\/\/exceladvisor.org\/tr\/muhasebe-numarasi-formati\/\">muhasebe verileriyle<\/a> \u00e7al\u0131\u015f\u0131yorsan\u0131z yararl\u0131 olabilecek bir toplam h\u00fccre stiline de sahipsiniz. <\/p><div class=\"wp-block-image\"><figure class=\"aligncenter size-full is-resized\"><img loading=\"lazy\" decoding=\"async\" class=\"wp-image-72351\" src=\"https:\/\/exceladvisor.org\/wp-content\/uploads\/2023\/08\/7-styles-au-total.png\" sizes=\"auto, \" srcset=\"\" alt=\"toplam stil\" width=\"593\" height=\"327\"><\/figure><\/div><h2 class=\"wp-block-heading\"> Yeni bir stil yaratmak<\/h2><p> Sahip oldu\u011funuz tarzlar\u0131n yan\u0131 s\u0131ra kendinize yeni bir tarz yaratabilirsiniz. \u0130leti\u015fim kutusunun alt k\u0131sm\u0131nda &#8220;Yeni H\u00fccre Stili&#8221; se\u00e7ene\u011fini t\u0131klay\u0131n; bu, stil ileti\u015fim kutusunu a\u00e7acakt\u0131r. <\/p><div class=\"wp-block-image\"><figure class=\"aligncenter size-full is-resized\"><img loading=\"lazy\" decoding=\"async\" class=\"wp-image-72352\" src=\"https:\/\/exceladvisor.org\/wp-content\/uploads\/2023\/08\/8-creer-un-nouveau-style.png\" sizes=\"auto, \" srcset=\"\" alt=\"yeni bir stil yarat\" width=\"700\" height=\"410\"><\/figure><\/div><p> Buradan h\u00fccre stilinize ekleyebilece\u011finiz alt\u0131 farkl\u0131 bi\u00e7imlendirme se\u00e7ene\u011finiz var. <\/p><div class=\"wp-block-image\"><figure class=\"aligncenter size-full is-resized\"><img loading=\"lazy\" decoding=\"async\" class=\"wp-image-72353\" src=\"https:\/\/exceladvisor.org\/wp-content\/uploads\/2023\/08\/9-six-options-de-formatage-differentes.png\" sizes=\"auto, \" srcset=\"\" alt=\"alt\u0131 farkl\u0131 bi\u00e7imlendirme se\u00e7ene\u011fi\" width=\"315\" height=\"393\"><\/figure><\/div><p> Ancak kesin bi\u00e7imlendirme uygulamak istiyorsan\u0131z bi\u00e7im se\u00e7ene\u011fi ileti\u015fim kutusunu a\u00e7mak i\u00e7in bi\u00e7im d\u00fc\u011fmesini t\u0131klat\u0131rs\u0131n\u0131z. <\/p><div class=\"wp-block-image\"><figure class=\"aligncenter size-full is-resized\"><img loading=\"lazy\" decoding=\"async\" class=\"wp-image-72354\" src=\"https:\/\/exceladvisor.org\/wp-content\/uploads\/2023\/08\/Boite-de-dialogue-10-options-de-format.png\" sizes=\"auto, \" srcset=\"\" alt=\"bi\u00e7im se\u00e7ene\u011fi ileti\u015fim kutusu\" width=\"827\" height=\"517\"><\/figure><\/div><p> Sonunda stiliniz i\u00e7in bir ad girin ve kaydetmek i\u00e7in Tamam&#8217;\u0131 t\u0131klay\u0131n. <\/p><div class=\"wp-block-image\"><figure class=\"aligncenter size-full is-resized\"><img loading=\"lazy\" decoding=\"async\" class=\"wp-image-72355\" src=\"https:\/\/exceladvisor.org\/wp-content\/uploads\/2023\/08\/11-entrez-le-nom-de-votre-style.png\" sizes=\"auto, \" srcset=\"\" alt=\"stil ad\u0131n\u0131z\u0131 girin\" width=\"319\" height=\"277\"><\/figure><\/div><h2 class=\"wp-block-heading\"> H\u00fccre stilini d\u00fczenleme<\/h2><p> Ayr\u0131ca d\u00fczenlenebilir h\u00fccre stillerinden birini d\u00fczenleme ve \u00fczerinde de\u011fi\u015fiklik yapma se\u00e7ene\u011finiz de vard\u0131r. Bu, olu\u015fturdu\u011funuz \u00f6zel bir stil veya \u00f6nceden tan\u0131mlanm\u0131\u015f stillerden biri olabilir. Tek yapman\u0131z gereken stile sa\u011f t\u0131klay\u0131p &#8220;D\u00fczenle&#8221;ye t\u0131klamak. <\/p><div class=\"wp-block-image\"><figure class=\"aligncenter size-full is-resized\"><img loading=\"lazy\" decoding=\"async\" class=\"wp-image-72356\" src=\"https:\/\/exceladvisor.org\/wp-content\/uploads\/2023\/08\/12-modifier-un-style-de-cellule.png\" sizes=\"auto, \" srcset=\"\" alt=\"h\u00fccrenin stilini de\u011fi\u015ftirme\" width=\"408\" height=\"249\"><\/figure><\/div><p> Bu, stil \u00fczerinde de\u011fi\u015fiklik yapabilece\u011finiz ve stili kaydedebilece\u011finiz ileti\u015fim kutusunu a\u00e7acakt\u0131r.<\/p><div class=\"gb-container gb-container-4db6181c gb-container-mt\"> <a class=\"gb-button gb-button-c5897111 gb-button-text gb-button-mt-button\" href=\"https:\/\/exceladvisor.org\/tr\/excelin-temelleri\/\">Microsoft Excel Temelleri (Bile\u015fenler, Par\u00e7alar ve Bilgi Notlar\u0131)<\/a><h2 class=\"gb-headline gb-headline-665e5f6b gb-headline-text gb-headline-mt-heading\"> \u0130lgili e\u011fitimler <\/h2><div class=\"gb-grid-wrapper gb-grid-wrapper-a20baf7c gb-grid-wrapper-mt-grid\"><div class=\"gb-grid-column gb-grid-column-65ddf67e\"><div class=\"gb-container gb-container-65ddf67e\"><ul><li> <a href=\"https:\/\/exceladvisor.org\/tr\/sayfa-numarasi-ekle\/\">Excel&#8217;de sayfa numaras\u0131 ekleme<\/a><\/li><li> <a href=\"https:\/\/exceladvisor.org\/tr\/virgul-stilini-uygula\/\">Excel&#8217;de virg\u00fcl stilini uygulama<\/a><\/li><li> <a href=\"https:\/\/exceladvisor.org\/tr\/kamis\/\">Excel&#8217;de \u00fcst\u00fc \u00e7izili uygulama<\/a><\/li><li> <a href=\"https:\/\/exceladvisor.org\/tr\/bos-hucreleri-vurgula\/\">Excel&#8217;de bo\u015f h\u00fccreleri vurgulay\u0131n<\/a> <\/li><\/ul><\/div><\/div><div class=\"gb-grid-column gb-grid-column-50067b57\"><div class=\"gb-container gb-container-50067b57\"><\/div><\/div><\/div><\/div>","protected":false},"excerpt":{"rendered":"","protected":false},"author":1,"featured_media":0,"parent":0,"menu_order":0,"comment_status":"open","ping_status":"closed","template":"","meta":{"ub_ctt_via":"","footnotes":""},"class_list":["post-1643","page","type-page","status-publish","hentry"],"featured_image_src":null,"yoast_head":"<!-- This site is optimized with the Yoast SEO plugin v25.4 - https:\/\/yoast.com\/wordpress\/plugins\/seo\/ -->\n<title>Excel H\u00fccre Stili: Ba\u015fl\u0131k, Hesaplama, Toplam ve Ba\u015fl\u0131klar (2023)<\/title>\n<meta name=\"description\" content=\"Bu dersimizde Excel&#039;in H\u00fccre Stili se\u00e7ene\u011finin nas\u0131l kullan\u0131laca\u011f\u0131n\u0131 \u00f6\u011frenece\u011fiz. Mevcut stillere ve bir stile bakaca\u011f\u0131z\" \/>\n<meta name=\"robots\" content=\"index, follow, max-snippet:-1, max-image-preview:large, max-video-preview:-1\" \/>\n<link rel=\"canonical\" href=\"https:\/\/exceladvisor.org\/tr\/hucre-stili\/\" \/>\n<meta property=\"og:locale\" content=\"tr_TR\" \/>\n<meta property=\"og:type\" content=\"article\" \/>\n<meta property=\"og:title\" content=\"Excel H\u00fccre Stili: Ba\u015fl\u0131k, Hesaplama, Toplam ve Ba\u015fl\u0131klar (2023)\" \/>\n<meta property=\"og:description\" content=\"Bu dersimizde Excel&#039;in H\u00fccre Stili se\u00e7ene\u011finin nas\u0131l kullan\u0131laca\u011f\u0131n\u0131 \u00f6\u011frenece\u011fiz. Mevcut stillere ve bir stile bakaca\u011f\u0131z\" \/>\n<meta property=\"og:url\" content=\"https:\/\/exceladvisor.org\/tr\/hucre-stili\/\" \/>\n<meta property=\"og:site_name\" content=\"Excel Advisor\" \/>\n<meta property=\"article:modified_time\" content=\"2023-12-10T05:59:37+00:00\" \/>\n<meta property=\"og:image\" content=\"https:\/\/exceladvisor.org\/wp-content\/uploads\/2023\/08\/1-styles-Excel-predefinis.png\" \/>\n<meta name=\"twitter:card\" content=\"summary_large_image\" \/>\n<meta name=\"twitter:label1\" content=\"Tahmini okuma s\u00fcresi\" \/>\n\t<meta name=\"twitter:data1\" content=\"3 dakika\" \/>\n<script type=\"application\/ld+json\" class=\"yoast-schema-graph\">{\"@context\":\"https:\/\/schema.org\",\"@graph\":[{\"@type\":\"WebPage\",\"@id\":\"https:\/\/exceladvisor.org\/tr\/hucre-stili\/\",\"url\":\"https:\/\/exceladvisor.org\/tr\/hucre-stili\/\",\"name\":\"Excel H\u00fccre Stili: Ba\u015fl\u0131k, Hesaplama, Toplam ve Ba\u015fl\u0131klar (2023)\",\"isPartOf\":{\"@id\":\"https:\/\/exceladvisor.org\/tr\/#website\"},\"primaryImageOfPage\":{\"@id\":\"https:\/\/exceladvisor.org\/tr\/hucre-stili\/#primaryimage\"},\"image\":{\"@id\":\"https:\/\/exceladvisor.org\/tr\/hucre-stili\/#primaryimage\"},\"thumbnailUrl\":\"https:\/\/exceladvisor.org\/wp-content\/uploads\/2023\/08\/1-styles-Excel-predefinis.png\",\"datePublished\":\"2023-11-14T10:17:28+00:00\",\"dateModified\":\"2023-12-10T05:59:37+00:00\",\"description\":\"Bu dersimizde Excel&#39;in H\u00fccre Stili se\u00e7ene\u011finin nas\u0131l kullan\u0131laca\u011f\u0131n\u0131 \u00f6\u011frenece\u011fiz. Mevcut stillere ve bir stile bakaca\u011f\u0131z\",\"breadcrumb\":{\"@id\":\"https:\/\/exceladvisor.org\/tr\/hucre-stili\/#breadcrumb\"},\"inLanguage\":\"tr\",\"potentialAction\":[{\"@type\":\"ReadAction\",\"target\":[\"https:\/\/exceladvisor.org\/tr\/hucre-stili\/\"]}]},{\"@type\":\"ImageObject\",\"inLanguage\":\"tr\",\"@id\":\"https:\/\/exceladvisor.org\/tr\/hucre-stili\/#primaryimage\",\"url\":\"https:\/\/exceladvisor.org\/wp-content\/uploads\/2023\/08\/1-styles-Excel-predefinis.png\",\"contentUrl\":\"https:\/\/exceladvisor.org\/wp-content\/uploads\/2023\/08\/1-styles-Excel-predefinis.png\"},{\"@type\":\"BreadcrumbList\",\"@id\":\"https:\/\/exceladvisor.org\/tr\/hucre-stili\/#breadcrumb\",\"itemListElement\":[{\"@type\":\"ListItem\",\"position\":1,\"name\":\"Ev\",\"item\":\"https:\/\/exceladvisor.org\/tr\/\"},{\"@type\":\"ListItem\",\"position\":2,\"name\":\"Excel h\u00fccre stili: ba\u015fl\u0131k, hesaplama, toplam ve ba\u015fl\u0131klar\"}]},{\"@type\":\"WebSite\",\"@id\":\"https:\/\/exceladvisor.org\/tr\/#website\",\"url\":\"https:\/\/exceladvisor.org\/tr\/\",\"name\":\"Excel Advisor\",\"description\":\"Veri hakimiyetine y\u00f6nelik nihai rehberiniz!\",\"publisher\":{\"@id\":\"https:\/\/exceladvisor.org\/tr\/#organization\"},\"potentialAction\":[{\"@type\":\"SearchAction\",\"target\":{\"@type\":\"EntryPoint\",\"urlTemplate\":\"https:\/\/exceladvisor.org\/tr\/?s={search_term_string}\"},\"query-input\":{\"@type\":\"PropertyValueSpecification\",\"valueRequired\":true,\"valueName\":\"search_term_string\"}}],\"inLanguage\":\"tr\"},{\"@type\":\"Organization\",\"@id\":\"https:\/\/exceladvisor.org\/tr\/#organization\",\"name\":\"Excel Advisor\",\"url\":\"https:\/\/exceladvisor.org\/tr\/\",\"logo\":{\"@type\":\"ImageObject\",\"inLanguage\":\"tr\",\"@id\":\"https:\/\/exceladvisor.org\/tr\/#\/schema\/logo\/image\/\",\"url\":\"https:\/\/exceladvisor.org\/tr\/wp-content\/uploads\/2023\/12\/exceladvisor.org_.png\",\"contentUrl\":\"https:\/\/exceladvisor.org\/tr\/wp-content\/uploads\/2023\/12\/exceladvisor.org_.png\",\"width\":105,\"height\":36,\"caption\":\"Excel Advisor\"},\"image\":{\"@id\":\"https:\/\/exceladvisor.org\/tr\/#\/schema\/logo\/image\/\"}}]}<\/script>\n<!-- \/ Yoast SEO plugin. -->","yoast_head_json":{"title":"Excel H\u00fccre Stili: Ba\u015fl\u0131k, Hesaplama, Toplam ve Ba\u015fl\u0131klar (2023)","description":"Bu dersimizde Excel&#39;in H\u00fccre Stili se\u00e7ene\u011finin nas\u0131l kullan\u0131laca\u011f\u0131n\u0131 \u00f6\u011frenece\u011fiz. Mevcut stillere ve bir stile bakaca\u011f\u0131z","robots":{"index":"index","follow":"follow","max-snippet":"max-snippet:-1","max-image-preview":"max-image-preview:large","max-video-preview":"max-video-preview:-1"},"canonical":"https:\/\/exceladvisor.org\/tr\/hucre-stili\/","og_locale":"tr_TR","og_type":"article","og_title":"Excel H\u00fccre Stili: Ba\u015fl\u0131k, Hesaplama, Toplam ve Ba\u015fl\u0131klar (2023)","og_description":"Bu dersimizde Excel&#39;in H\u00fccre Stili se\u00e7ene\u011finin nas\u0131l kullan\u0131laca\u011f\u0131n\u0131 \u00f6\u011frenece\u011fiz. Mevcut stillere ve bir stile bakaca\u011f\u0131z","og_url":"https:\/\/exceladvisor.org\/tr\/hucre-stili\/","og_site_name":"Excel Advisor","article_modified_time":"2023-12-10T05:59:37+00:00","og_image":[{"url":"https:\/\/exceladvisor.org\/wp-content\/uploads\/2023\/08\/1-styles-Excel-predefinis.png","type":"","width":"","height":""}],"twitter_card":"summary_large_image","twitter_misc":{"Tahmini okuma s\u00fcresi":"3 dakika"},"schema":{"@context":"https:\/\/schema.org","@graph":[{"@type":"WebPage","@id":"https:\/\/exceladvisor.org\/tr\/hucre-stili\/","url":"https:\/\/exceladvisor.org\/tr\/hucre-stili\/","name":"Excel H\u00fccre Stili: Ba\u015fl\u0131k, Hesaplama, Toplam ve Ba\u015fl\u0131klar (2023)","isPartOf":{"@id":"https:\/\/exceladvisor.org\/tr\/#website"},"primaryImageOfPage":{"@id":"https:\/\/exceladvisor.org\/tr\/hucre-stili\/#primaryimage"},"image":{"@id":"https:\/\/exceladvisor.org\/tr\/hucre-stili\/#primaryimage"},"thumbnailUrl":"https:\/\/exceladvisor.org\/wp-content\/uploads\/2023\/08\/1-styles-Excel-predefinis.png","datePublished":"2023-11-14T10:17:28+00:00","dateModified":"2023-12-10T05:59:37+00:00","description":"Bu dersimizde Excel&#39;in H\u00fccre Stili se\u00e7ene\u011finin nas\u0131l kullan\u0131laca\u011f\u0131n\u0131 \u00f6\u011frenece\u011fiz. Mevcut stillere ve bir stile bakaca\u011f\u0131z","breadcrumb":{"@id":"https:\/\/exceladvisor.org\/tr\/hucre-stili\/#breadcrumb"},"inLanguage":"tr","potentialAction":[{"@type":"ReadAction","target":["https:\/\/exceladvisor.org\/tr\/hucre-stili\/"]}]},{"@type":"ImageObject","inLanguage":"tr","@id":"https:\/\/exceladvisor.org\/tr\/hucre-stili\/#primaryimage","url":"https:\/\/exceladvisor.org\/wp-content\/uploads\/2023\/08\/1-styles-Excel-predefinis.png","contentUrl":"https:\/\/exceladvisor.org\/wp-content\/uploads\/2023\/08\/1-styles-Excel-predefinis.png"},{"@type":"BreadcrumbList","@id":"https:\/\/exceladvisor.org\/tr\/hucre-stili\/#breadcrumb","itemListElement":[{"@type":"ListItem","position":1,"name":"Ev","item":"https:\/\/exceladvisor.org\/tr\/"},{"@type":"ListItem","position":2,"name":"Excel h\u00fccre stili: ba\u015fl\u0131k, hesaplama, toplam ve ba\u015fl\u0131klar"}]},{"@type":"WebSite","@id":"https:\/\/exceladvisor.org\/tr\/#website","url":"https:\/\/exceladvisor.org\/tr\/","name":"Excel Advisor","description":"Veri hakimiyetine y\u00f6nelik nihai rehberiniz!","publisher":{"@id":"https:\/\/exceladvisor.org\/tr\/#organization"},"potentialAction":[{"@type":"SearchAction","target":{"@type":"EntryPoint","urlTemplate":"https:\/\/exceladvisor.org\/tr\/?s={search_term_string}"},"query-input":{"@type":"PropertyValueSpecification","valueRequired":true,"valueName":"search_term_string"}}],"inLanguage":"tr"},{"@type":"Organization","@id":"https:\/\/exceladvisor.org\/tr\/#organization","name":"Excel Advisor","url":"https:\/\/exceladvisor.org\/tr\/","logo":{"@type":"ImageObject","inLanguage":"tr","@id":"https:\/\/exceladvisor.org\/tr\/#\/schema\/logo\/image\/","url":"https:\/\/exceladvisor.org\/tr\/wp-content\/uploads\/2023\/12\/exceladvisor.org_.png","contentUrl":"https:\/\/exceladvisor.org\/tr\/wp-content\/uploads\/2023\/12\/exceladvisor.org_.png","width":105,"height":36,"caption":"Excel Advisor"},"image":{"@id":"https:\/\/exceladvisor.org\/tr\/#\/schema\/logo\/image\/"}}]}},"yoast_meta":{"yoast_wpseo_title":"","yoast_wpseo_metadesc":"","yoast_wpseo_canonical":""},"_links":{"self":[{"href":"https:\/\/exceladvisor.org\/tr\/wp-json\/wp\/v2\/pages\/1643","targetHints":{"allow":["GET"]}}],"collection":[{"href":"https:\/\/exceladvisor.org\/tr\/wp-json\/wp\/v2\/pages"}],"about":[{"href":"https:\/\/exceladvisor.org\/tr\/wp-json\/wp\/v2\/types\/page"}],"author":[{"embeddable":true,"href":"https:\/\/exceladvisor.org\/tr\/wp-json\/wp\/v2\/users\/1"}],"replies":[{"embeddable":true,"href":"https:\/\/exceladvisor.org\/tr\/wp-json\/wp\/v2\/comments?post=1643"}],"version-history":[{"count":1,"href":"https:\/\/exceladvisor.org\/tr\/wp-json\/wp\/v2\/pages\/1643\/revisions"}],"predecessor-version":[{"id":2339,"href":"https:\/\/exceladvisor.org\/tr\/wp-json\/wp\/v2\/pages\/1643\/revisions\/2339"}],"wp:attachment":[{"href":"https:\/\/exceladvisor.org\/tr\/wp-json\/wp\/v2\/media?parent=1643"}],"curies":[{"name":"wp","href":"https:\/\/api.w.org\/{rel}","templated":true}]}}