{"id":1644,"date":"2023-11-14T02:04:06","date_gmt":"2023-11-14T02:04:06","guid":{"rendered":"https:\/\/exceladvisor.org\/tr\/bos-hucreleri-vurgula\/"},"modified":"2023-12-10T06:00:57","modified_gmt":"2023-12-10T06:00:57","slug":"bos-hucreleri-vurgula","status":"publish","type":"page","link":"https:\/\/exceladvisor.org\/tr\/bos-hucreleri-vurgula\/","title":{"rendered":"Excel&#39;de bo\u015f h\u00fccreler nas\u0131l vurgulan\u0131r"},"content":{"rendered":"<div class=\"excel-icerikten-once\" id=\"excel-407301208\"><script type=\"text\/javascript\">\r\n\tatOptions = {\r\n\t\t'key' : 'c1158f160081d6540a8409e6925dab94',\r\n\t\t'format' : 'iframe',\r\n\t\t'height' : 250,\r\n\t\t'width' : 300,\r\n\t\t'params' : {}\r\n\t};\r\n<\/script>\r\n<script type=\"text\/javascript\" src=\"\/\/www.highperformanceformat.com\/c1158f160081d6540a8409e6925dab94\/invoke.js\"><\/script><\/div> <p>B\u00fcy\u00fck verilerdeki bo\u015f h\u00fccreleri tan\u0131mak zordur \u00e7\u00fcnk\u00fc bo\u015f h\u00fccre herhangi bir de\u011feri olmayan beyaz bir h\u00fccredir. \u00c7o\u011fu durumda, bo\u015f h\u00fccreler bir t\u00fcr eksik veriyi temsil eder veya bir form\u00fcl, bo\u015f bir h\u00fccreyle sonu\u00e7lanan bo\u015f bir dize d\u00f6nd\u00fcr\u00fcr.<\/p><p> \u0130\u015fte bu y\u00fczden onlar\u0131 tan\u0131yabilmemiz i\u00e7in bu h\u00fccrelerin renkle vurgulanmas\u0131 tavsiye edilir.<\/p><p> Merak ediyor olabilirsiniz: Bo\u015f h\u00fccreleri bulman\u0131n ve vurgulaman\u0131n en iyi y\u00f6ntemi nedir? Ancak i\u015fin p\u00fcf noktas\u0131 \u015fu: karar size kalm\u0131\u015f \u00e7\u00fcnk\u00fc bunu yapman\u0131n birden fazla yolu var ve i\u015finizi bitirmek i\u00e7in bu yollardan herhangi birini kullanabilirsiniz. Bu y\u00f6ntemlerin t\u00fcm\u00fc benzersizdir.<\/p><p> O y\u00fczden bug\u00fcn bu yaz\u0131mda Excel&#8217;de bo\u015f h\u00fccreleri vurgulamak i\u00e7in kullanabilece\u011finiz 3 farkl\u0131 y\u00f6ntemi sizlerle payla\u015fmak istiyorum. \u00d6yleyse ba\u015flayal\u0131m.<\/p><p> Burada bo\u015f h\u00fccrelerimizin oldu\u011fu a\u015fa\u011f\u0131daki tablo var. Takip etmek i\u00e7in <a href=\"https:\/\/exceladvisor.org\/wp-content\/uploads\/2023\/08\/mettre-en-surbrillance-les-cellules-vides-2.xlsx\" target=\"_blank\" rel=\"noreferrer noopener nofollow\">buradan<\/a> indirebilirsiniz. <\/p><div class=\"wp-block-image\"><figure class=\"aligncenter\"><img decoding=\"async\" title=\"bo\u015f h\u00fccre veri tablosunu vurgula\" src=\"https:\/\/exceladvisor.org\/wp-content\/uploads\/2023\/08\/comment-mettre-en-surbrillance-des-cellules-vides-avec-un-tableau-de-donnees-de-mise-en-forme-conditionnelle-1.png\" sizes=\"\" srcset=\"\" alt=\"highlight blank cells data table\"><\/figure><\/div><h2 class=\"wp-block-heading\"> GoTo Special ile bo\u015f h\u00fccreleri vurgulay\u0131n<\/h2><p> <span style=\"font-size: 1em;\">Bir aral\u0131ktaki t\u00fcm bo\u015f h\u00fccrelere renk uygulamak istiyorsan\u0131z \u00f6zel bir se\u00e7ene\u011fe gitmek<\/span> <span style=\"font-size: 1em;\">kullan\u0131m\u0131 kolay bir yol olabilir. Bu y\u00f6ntem basittir:<\/span> t\u00fcm bo\u015f h\u00fccreleri se\u00e7in ve <a href=\"https:\/\/exceladvisor.org\/tr\/hucre-rengi\/\"><span style=\"font-size: 1em;\">h\u00fccre rengi<\/span> uygulay\u0131n<\/a> <span style=\"font-size: 1em;\">. Evet, bu o.<\/span> A\u015fa\u011f\u0131da t\u00fcm bo\u015f h\u00fccreleri vurgulama ad\u0131mlar\u0131 verilmi\u015ftir.<\/p><ol><li> \u00d6ncelikle t\u00fcm verilerinizi se\u00e7in. <br><img decoding=\"async\" title=\"ko\u015fullu-bi\u00e7imlendirme-se\u00e7im-verileri ile-bo\u015f-h\u00fccreler-nas\u0131l-vurgulan\u0131r\" src=\"https:\/\/exceladvisor.org\/wp-content\/uploads\/2023\/08\/comment-mettre-en-surbrillance-des-cellules-vides-avec-une-mise-en-forme-conditionnelle-selectionner-des-donnees-1.png\" sizes=\"\" srcset=\"\" alt=\"how to highlight blank cells select data\"><\/li><li> Ana Sayfa sekmesine gidin \u27a4 Ara ve Se\u00e7 \u27a4 \u201c\u00d6zel&#8217;e Git\u201de t\u0131klay\u0131n. <br><img decoding=\"async\" title=\"Excel'de-bo\u015f-h\u00fccreleri-vurgulamak i\u00e7in-git-se\u00e7\" src=\"https:\/\/exceladvisor.org\/wp-content\/uploads\/2023\/08\/selectionnez-goto-pour-mettre-en-surbrillance-les-cellules-vides-dans-excel-1.png\" sizes=\"\" srcset=\"\" alt=\"select goto to highlight blank cells in excel\"><\/li><li> \u00d6zele Git penceresinde \u201cBo\u015falt\u201d\u0131 se\u00e7in ve Tamam&#8217;a t\u0131klay\u0131n. (Tablodaki t\u00fcm bo\u015f h\u00fccreleri se\u00e7ecektir.) <br><img decoding=\"async\" title=\"Excel'de bo\u015f h\u00fccreleri vurgulamak i\u00e7in bo\u015f h\u00fccreleri se\u00e7in\" src=\"https:\/\/exceladvisor.org\/wp-content\/uploads\/2023\/08\/selectionnez-vide-pour-mettre-en-surbrillance-les-cellules-vides-dans-excel-1.png\" sizes=\"\" srcset=\"\" alt=\"select blank to highlight blank cells in excel\"><\/li><li> Bundan sonra Giri\u015f sekmesine gidin ve h\u00fccreleri vurgulamak i\u00e7in renk uygulay\u0131n. <br><img decoding=\"async\" title=\"Excel'de-bo\u015f-h\u00fccreleri-vurgulamak i\u00e7in-renk uygula\" src=\"https:\/\/exceladvisor.org\/wp-content\/uploads\/2023\/08\/appliquer-une-couleur-pour-mettre-en-surbrillance-les-cellules-vides-dans-Excel-1.png\" sizes=\"\" srcset=\"\" alt=\"apply color to highlight blank cells in excel\"><\/li><\/ol><p class=\"content-box-blue\"> Dinamik bir y\u00f6ntem kullanmak istiyorsan\u0131z ko\u015fullu y\u00f6ntemi uygulars\u0131n\u0131z, a\u015fa\u011f\u0131daki y\u00f6nteme bak\u0131n.<\/p><h2 id=\"tab-con-2\" class=\"wp-block-heading\"> Bo\u015f h\u00fccreleri vurgulamak i\u00e7in ko\u015fullu bi\u00e7imlendirme<\/h2><ol><li> \u0130lk \u00f6nce veri tablosunu se\u00e7in. <br><img decoding=\"async\" title=\"ko\u015fullu-bi\u00e7imlendirme-se\u00e7im-verileri ile-bo\u015f-h\u00fccreler-nas\u0131l-vurgulan\u0131r\" src=\"https:\/\/exceladvisor.org\/wp-content\/uploads\/2023\/08\/comment-mettre-en-surbrillance-des-cellules-vides-avec-une-mise-en-forme-conditionnelle-selectionner-des-donnees-1.png\" sizes=\"\" srcset=\"\" alt=\"how to highlight blank cells select data\"><\/li><li> \u27a4 Ana Sayfa sekmesi \u27a4 Ko\u015fullu Bi\u00e7imlendirme&#8217;ye gidin. <br><img decoding=\"async\" title=\"ana sayfaya-git sekmesi ile-ko\u015fullu-bi\u00e7imlendirmeyle-bo\u015f-h\u00fccreler nas\u0131l vurgulan\u0131r\" src=\"https:\/\/exceladvisor.org\/wp-content\/uploads\/2023\/08\/comment-mettre-en-surbrillance-les-cellules-vides-avec-la-mise-en-forme-conditionnelle-aller-a-longlet-daccueil-1.png\" sizes=\"\" srcset=\"\" alt=\"how to highlight blank cells goto home tab\"><\/li><li> Ko\u015fullu bi\u00e7imlendirme se\u00e7eneklerinde &#8220;h\u00fccre kurallar\u0131n\u0131 vurgula&#8221;y\u0131 se\u00e7in ve &#8220;daha fazla kural&#8221;a t\u0131klay\u0131n. <br><img decoding=\"async\" title=\"ko\u015fullu-bi\u00e7imlendirme-daha-fazla-se\u00e7me-kurallar\u0131yla-bo\u015f-h\u00fccreler-nas\u0131l-vurgulan\u0131r\" src=\"https:\/\/exceladvisor.org\/wp-content\/uploads\/2023\/08\/comment-mettre-en-surbrillance-des-cellules-vides-avec-une-mise-en-forme-conditionnelle-selectionner-plus-de-regles-1.png\" sizes=\"\" srcset=\"\" alt=\"how to highlight blank cells select more rules\"><\/li><li> \u015eimdi kural a\u00e7\u0131klamas\u0131nda a\u00e7\u0131l\u0131r men\u00fcden \u201cBo\u015f\u201du se\u00e7in. <br><img decoding=\"async\" title=\"ko\u015fullu-bi\u00e7imlendirme ile-bo\u015f-h\u00fccreler-nas\u0131l-vurgulan\u0131r-a\u00e7\u0131l\u0131r men\u00fcden-bo\u015f-se\u00e7\" src=\"https:\/\/exceladvisor.org\/wp-content\/uploads\/2023\/08\/comment-mettre-en-surbrillance-des-cellules-vides-avec-une-mise-en-forme-conditionnelle-selectionner-vide-dans-la-liste-deroulante-1.png\" sizes=\"\" srcset=\"\" alt=\"how to highlight blank cells select blank from drop down\"><\/li><li> Bundan sonra format se\u00e7ene\u011fini a\u00e7mak i\u00e7in \u201cformat\u201d butonuna t\u0131klay\u0131n. <br><img decoding=\"async\" title=\"ko\u015fullu-bi\u00e7imlendirme ile-bo\u015f-h\u00fccreler-nas\u0131l-vurgulan\u0131r-bi\u00e7imlendirme-d\u00fc\u011fmesine t\u0131klay\u0131n\" src=\"https:\/\/exceladvisor.org\/wp-content\/uploads\/2023\/08\/comment-mettre-en-surbrillance-les-cellules-vides-avec-la-mise-en-forme-conditionnelle-cliquez-sur-le-bouton-de-format-1.png\" sizes=\"\" srcset=\"\" alt=\"how to highlight blank cells click format button\"><\/li><li> Bi\u00e7imlendirme se\u00e7eneklerinde, vurgu i\u00e7in kullanmak istedi\u011finiz rengi se\u00e7in.<\/li><li> Tamam&#8217;\u0131 t\u0131klay\u0131n. <br><img decoding=\"async\" title=\"Excel-1'de bo\u015f h\u00fccreleri vurgulamak i\u00e7in k\u0131rm\u0131z\u0131 rengi kullan\u0131n\" src=\"https:\/\/exceladvisor.org\/wp-content\/uploads\/2023\/08\/utiliser-la-couleur-rouge-pour-mettre-en-surbrillance-les-cellules-vides-dans-excel-1-1.png\" sizes=\"\" srcset=\"\" alt=\"use red color to highlight blank cells in excel\"><\/li><\/ol><p> Ve en iyi yan\u0131, form\u00fcl i\u00e7eren bo\u015f h\u00fccreleriniz varsa, onu da vurgulayacakt\u0131r ve normal tablo yerine <a href=\"https:\/\/exceladvisor.org\/tr\/pivot-tablo\/\">bir pivot tablonuz varsa<\/a> ad\u0131mlar ayn\u0131 olacakt\u0131r.<\/p><p class=\"content-box-grey\"> Tek seferlik bir kurulumdur, tekrar tekrar uygulaman\u0131za gerek yoktur. Verilerinizde bir tablo kullan\u0131n; tabloya yeni veriler ekledi\u011finizde <a href=\"https:\/\/exceladvisor.org\/tr\/kosullu-bicimlendirme\/\">ko\u015fullu bi\u00e7imlendirme<\/a> geni\u015fleyecektir.<\/p><h2 id=\"tab-con-3\" class=\"wp-block-heading\"> Bo\u015f h\u00fccreyi vurgulamak i\u00e7in VBA kodu<\/h2><p> VBA&#8217;ya kar\u015f\u0131 ko\u015fulsuz sevginiz oldu\u011funu biliyorum. \u0130\u015fte bu nedenle, se\u00e7ilen aral\u0131ktaki t\u00fcm bo\u015f h\u00fccrelere renk uygulayacak bir makro kodumuz var.<\/p><pre class=\"wp-block-code\"> <code class=\"language-visual-basic line-numbers\" lang=\"visual-basic\">Sub ColorBlankCells() Dim rng As Range Set rng = Selection rng.SpecialCells(xlCellTypeBlanks).Interior.Color = vbRed End Sub<\/code><\/pre><p> <a href=\"https:\/\/exceladvisor.org\/tr\/makro-2yi-calistir\/\">Bu kodu \u00e7al\u0131\u015ft\u0131rd\u0131\u011f\u0131n\u0131zda<\/a> aral\u0131ktaki her h\u00fccreyi kontrol eder ve h\u00fccre bo\u015fsa k\u0131rm\u0131z\u0131 renk uygular.<\/p><p> <strong>Okuyun:<\/strong> <a href=\"https:\/\/exceladvisor.org\/tr\/vba\/\">VBA E\u011fitimi<\/a><\/p><h2 id=\"tab-con-4\" class=\"wp-block-heading\"> \u00c7\u00f6z\u00fcm<\/h2><p> Bunlar bo\u015f h\u00fccreleri vurgulamak i\u00e7in kullanabilece\u011finiz \u00fc\u00e7 y\u00f6ntemdir. Bu y\u00f6ntemlerden size uygun oldu\u011funu d\u00fc\u015f\u00fcnd\u00fc\u011f\u00fcn\u00fcz herhangi birini kullanabilirsiniz. Ve bana sorarsan\u0131z, dinamik oldu\u011fu i\u00e7in her zaman ko\u015fullu bi\u00e7imlendirmeyi kullanmay\u0131 tercih ederim, dolay\u0131s\u0131yla onu tekrar tekrar uygulaman\u0131za gerek kalmaz.<\/p><p> Umar\u0131m bu y\u00f6ntemler g\u00fcnl\u00fck \u00e7al\u0131\u015fmalar\u0131n\u0131zda size yard\u0131mc\u0131 olacakt\u0131r.<\/p><p> \u015eimdi bana bir \u015fey s\u00f6yle. <strong><em><span style=\"color: #ea493f;\">Bo\u015f h\u00fccrelere renk uygulamak i\u00e7in ba\u015fka bir y\u00f6nteminiz var m\u0131?<\/span><\/em><\/strong> L\u00fctfen yorum b\u00f6l\u00fcm\u00fcnde benimle payla\u015f\u0131n, sizden haber almay\u0131 \u00e7ok isterim. Ve bu ipucunu arkada\u015flar\u0131n\u0131zla payla\u015fmay\u0131 unutmay\u0131n.<\/p><div class=\"gb-container gb-container-4db6181c gb-container-mt\"> <a class=\"gb-button gb-button-c5897111 gb-button-text gb-button-mt-button\" href=\"https:\/\/exceladvisor.org\/tr\/excelin-temelleri\/\">Microsoft Excel Temelleri (Bile\u015fenler, Par\u00e7alar ve Bilgi Notlar\u0131)<\/a><h2 class=\"gb-headline gb-headline-665e5f6b gb-headline-text gb-headline-mt-heading\"> \u0130lgili e\u011fitimler <\/h2><div class=\"gb-grid-wrapper gb-grid-wrapper-a20baf7c gb-grid-wrapper-mt-grid\"><div class=\"gb-grid-column gb-grid-column-65ddf67e\"><div class=\"gb-container gb-container-65ddf67e\"><ul><li> <a href=\"https:\/\/exceladvisor.org\/tr\/muhasebe-numarasi-formati\/\">Excel&#8217;de muhasebe numaras\u0131 bi\u00e7imini uygulama<\/a><\/li><li> <a href=\"https:\/\/exceladvisor.org\/tr\/hucre-rengi\/\">Excel&#8217;de bir h\u00fccreye veya sayfan\u0131n tamam\u0131na arka plan rengi uygulama<\/a><\/li><li> <a href=\"https:\/\/exceladvisor.org\/tr\/izgara\/\">Excel k\u0131lavuz \u00e7izgilerini yazd\u0131r\u0131n (silin, k\u0131salt\u0131n ve rengi de\u011fi\u015ftirin)<\/a><\/li><li> <a href=\"https:\/\/exceladvisor.org\/tr\/sayfa-numarasi-ekle\/\">Excel&#8217;de sayfa numaras\u0131 ekleme<\/a><\/li><li> <a href=\"https:\/\/exceladvisor.org\/tr\/virgul-stilini-uygula\/\">Excel&#8217;de virg\u00fcl stilini uygulama<\/a><\/li><\/ul><\/div><\/div><\/div><\/div>","protected":false},"excerpt":{"rendered":"","protected":false},"author":1,"featured_media":0,"parent":0,"menu_order":0,"comment_status":"open","ping_status":"closed","template":"","meta":{"ub_ctt_via":"","footnotes":""},"class_list":["post-1644","page","type-page","status-publish","hentry"],"featured_image_src":null,"yoast_head":"<!-- This site is optimized with the Yoast SEO plugin v25.4 - https:\/\/yoast.com\/wordpress\/plugins\/seo\/ -->\n<title>Excel&#039;de bo\u015f h\u00fccreler nas\u0131l vurgulan\u0131r<\/title>\n<meta name=\"description\" content=\"Excel&#039;de bo\u015f h\u00fccreleri nas\u0131l vurgulayaca\u011f\u0131n\u0131z\u0131 merak ediyorsan\u0131z burada bunu yapman\u0131n 3 yolunu anlatt\u0131k.\" \/>\n<meta name=\"robots\" content=\"index, follow, max-snippet:-1, max-image-preview:large, max-video-preview:-1\" \/>\n<link rel=\"canonical\" href=\"https:\/\/exceladvisor.org\/tr\/bos-hucreleri-vurgula\/\" \/>\n<meta property=\"og:locale\" content=\"tr_TR\" \/>\n<meta property=\"og:type\" content=\"article\" \/>\n<meta property=\"og:title\" content=\"Excel&#039;de bo\u015f h\u00fccreler nas\u0131l vurgulan\u0131r\" \/>\n<meta property=\"og:description\" content=\"Excel&#039;de bo\u015f h\u00fccreleri nas\u0131l vurgulayaca\u011f\u0131n\u0131z\u0131 merak ediyorsan\u0131z burada bunu yapman\u0131n 3 yolunu anlatt\u0131k.\" \/>\n<meta property=\"og:url\" content=\"https:\/\/exceladvisor.org\/tr\/bos-hucreleri-vurgula\/\" \/>\n<meta property=\"og:site_name\" content=\"Excel Advisor\" \/>\n<meta property=\"article:modified_time\" content=\"2023-12-10T06:00:57+00:00\" \/>\n<meta property=\"og:image\" content=\"https:\/\/exceladvisor.org\/wp-content\/uploads\/2023\/08\/comment-mettre-en-surbrillance-des-cellules-vides-avec-un-tableau-de-donnees-de-mise-en-forme-conditionnelle-1.png\" \/>\n<meta name=\"twitter:card\" content=\"summary_large_image\" \/>\n<meta name=\"twitter:label1\" content=\"Tahmini okuma s\u00fcresi\" \/>\n\t<meta name=\"twitter:data1\" content=\"4 dakika\" \/>\n<script type=\"application\/ld+json\" class=\"yoast-schema-graph\">{\"@context\":\"https:\/\/schema.org\",\"@graph\":[{\"@type\":\"WebPage\",\"@id\":\"https:\/\/exceladvisor.org\/tr\/bos-hucreleri-vurgula\/\",\"url\":\"https:\/\/exceladvisor.org\/tr\/bos-hucreleri-vurgula\/\",\"name\":\"Excel&#39;de bo\u015f h\u00fccreler nas\u0131l vurgulan\u0131r\",\"isPartOf\":{\"@id\":\"https:\/\/exceladvisor.org\/tr\/#website\"},\"primaryImageOfPage\":{\"@id\":\"https:\/\/exceladvisor.org\/tr\/bos-hucreleri-vurgula\/#primaryimage\"},\"image\":{\"@id\":\"https:\/\/exceladvisor.org\/tr\/bos-hucreleri-vurgula\/#primaryimage\"},\"thumbnailUrl\":\"https:\/\/exceladvisor.org\/wp-content\/uploads\/2023\/08\/comment-mettre-en-surbrillance-des-cellules-vides-avec-un-tableau-de-donnees-de-mise-en-forme-conditionnelle-1.png\",\"datePublished\":\"2023-11-14T02:04:06+00:00\",\"dateModified\":\"2023-12-10T06:00:57+00:00\",\"description\":\"Excel&#39;de bo\u015f h\u00fccreleri nas\u0131l vurgulayaca\u011f\u0131n\u0131z\u0131 merak ediyorsan\u0131z burada bunu yapman\u0131n 3 yolunu anlatt\u0131k.\",\"breadcrumb\":{\"@id\":\"https:\/\/exceladvisor.org\/tr\/bos-hucreleri-vurgula\/#breadcrumb\"},\"inLanguage\":\"tr\",\"potentialAction\":[{\"@type\":\"ReadAction\",\"target\":[\"https:\/\/exceladvisor.org\/tr\/bos-hucreleri-vurgula\/\"]}]},{\"@type\":\"ImageObject\",\"inLanguage\":\"tr\",\"@id\":\"https:\/\/exceladvisor.org\/tr\/bos-hucreleri-vurgula\/#primaryimage\",\"url\":\"https:\/\/exceladvisor.org\/wp-content\/uploads\/2023\/08\/comment-mettre-en-surbrillance-des-cellules-vides-avec-un-tableau-de-donnees-de-mise-en-forme-conditionnelle-1.png\",\"contentUrl\":\"https:\/\/exceladvisor.org\/wp-content\/uploads\/2023\/08\/comment-mettre-en-surbrillance-des-cellules-vides-avec-un-tableau-de-donnees-de-mise-en-forme-conditionnelle-1.png\"},{\"@type\":\"BreadcrumbList\",\"@id\":\"https:\/\/exceladvisor.org\/tr\/bos-hucreleri-vurgula\/#breadcrumb\",\"itemListElement\":[{\"@type\":\"ListItem\",\"position\":1,\"name\":\"Ev\",\"item\":\"https:\/\/exceladvisor.org\/tr\/\"},{\"@type\":\"ListItem\",\"position\":2,\"name\":\"Excel&#39;de bo\u015f h\u00fccreler nas\u0131l vurgulan\u0131r\"}]},{\"@type\":\"WebSite\",\"@id\":\"https:\/\/exceladvisor.org\/tr\/#website\",\"url\":\"https:\/\/exceladvisor.org\/tr\/\",\"name\":\"Excel Advisor\",\"description\":\"Veri hakimiyetine y\u00f6nelik nihai rehberiniz!\",\"publisher\":{\"@id\":\"https:\/\/exceladvisor.org\/tr\/#organization\"},\"potentialAction\":[{\"@type\":\"SearchAction\",\"target\":{\"@type\":\"EntryPoint\",\"urlTemplate\":\"https:\/\/exceladvisor.org\/tr\/?s={search_term_string}\"},\"query-input\":{\"@type\":\"PropertyValueSpecification\",\"valueRequired\":true,\"valueName\":\"search_term_string\"}}],\"inLanguage\":\"tr\"},{\"@type\":\"Organization\",\"@id\":\"https:\/\/exceladvisor.org\/tr\/#organization\",\"name\":\"Excel Advisor\",\"url\":\"https:\/\/exceladvisor.org\/tr\/\",\"logo\":{\"@type\":\"ImageObject\",\"inLanguage\":\"tr\",\"@id\":\"https:\/\/exceladvisor.org\/tr\/#\/schema\/logo\/image\/\",\"url\":\"https:\/\/exceladvisor.org\/tr\/wp-content\/uploads\/2023\/12\/exceladvisor.org_.png\",\"contentUrl\":\"https:\/\/exceladvisor.org\/tr\/wp-content\/uploads\/2023\/12\/exceladvisor.org_.png\",\"width\":105,\"height\":36,\"caption\":\"Excel Advisor\"},\"image\":{\"@id\":\"https:\/\/exceladvisor.org\/tr\/#\/schema\/logo\/image\/\"}}]}<\/script>\n<!-- \/ Yoast SEO plugin. -->","yoast_head_json":{"title":"Excel&#39;de bo\u015f h\u00fccreler nas\u0131l vurgulan\u0131r","description":"Excel&#39;de bo\u015f h\u00fccreleri nas\u0131l vurgulayaca\u011f\u0131n\u0131z\u0131 merak ediyorsan\u0131z burada bunu yapman\u0131n 3 yolunu anlatt\u0131k.","robots":{"index":"index","follow":"follow","max-snippet":"max-snippet:-1","max-image-preview":"max-image-preview:large","max-video-preview":"max-video-preview:-1"},"canonical":"https:\/\/exceladvisor.org\/tr\/bos-hucreleri-vurgula\/","og_locale":"tr_TR","og_type":"article","og_title":"Excel&#39;de bo\u015f h\u00fccreler nas\u0131l vurgulan\u0131r","og_description":"Excel&#39;de bo\u015f h\u00fccreleri nas\u0131l vurgulayaca\u011f\u0131n\u0131z\u0131 merak ediyorsan\u0131z burada bunu yapman\u0131n 3 yolunu anlatt\u0131k.","og_url":"https:\/\/exceladvisor.org\/tr\/bos-hucreleri-vurgula\/","og_site_name":"Excel Advisor","article_modified_time":"2023-12-10T06:00:57+00:00","og_image":[{"url":"https:\/\/exceladvisor.org\/wp-content\/uploads\/2023\/08\/comment-mettre-en-surbrillance-des-cellules-vides-avec-un-tableau-de-donnees-de-mise-en-forme-conditionnelle-1.png","type":"","width":"","height":""}],"twitter_card":"summary_large_image","twitter_misc":{"Tahmini okuma s\u00fcresi":"4 dakika"},"schema":{"@context":"https:\/\/schema.org","@graph":[{"@type":"WebPage","@id":"https:\/\/exceladvisor.org\/tr\/bos-hucreleri-vurgula\/","url":"https:\/\/exceladvisor.org\/tr\/bos-hucreleri-vurgula\/","name":"Excel&#39;de bo\u015f h\u00fccreler nas\u0131l vurgulan\u0131r","isPartOf":{"@id":"https:\/\/exceladvisor.org\/tr\/#website"},"primaryImageOfPage":{"@id":"https:\/\/exceladvisor.org\/tr\/bos-hucreleri-vurgula\/#primaryimage"},"image":{"@id":"https:\/\/exceladvisor.org\/tr\/bos-hucreleri-vurgula\/#primaryimage"},"thumbnailUrl":"https:\/\/exceladvisor.org\/wp-content\/uploads\/2023\/08\/comment-mettre-en-surbrillance-des-cellules-vides-avec-un-tableau-de-donnees-de-mise-en-forme-conditionnelle-1.png","datePublished":"2023-11-14T02:04:06+00:00","dateModified":"2023-12-10T06:00:57+00:00","description":"Excel&#39;de bo\u015f h\u00fccreleri nas\u0131l vurgulayaca\u011f\u0131n\u0131z\u0131 merak ediyorsan\u0131z burada bunu yapman\u0131n 3 yolunu anlatt\u0131k.","breadcrumb":{"@id":"https:\/\/exceladvisor.org\/tr\/bos-hucreleri-vurgula\/#breadcrumb"},"inLanguage":"tr","potentialAction":[{"@type":"ReadAction","target":["https:\/\/exceladvisor.org\/tr\/bos-hucreleri-vurgula\/"]}]},{"@type":"ImageObject","inLanguage":"tr","@id":"https:\/\/exceladvisor.org\/tr\/bos-hucreleri-vurgula\/#primaryimage","url":"https:\/\/exceladvisor.org\/wp-content\/uploads\/2023\/08\/comment-mettre-en-surbrillance-des-cellules-vides-avec-un-tableau-de-donnees-de-mise-en-forme-conditionnelle-1.png","contentUrl":"https:\/\/exceladvisor.org\/wp-content\/uploads\/2023\/08\/comment-mettre-en-surbrillance-des-cellules-vides-avec-un-tableau-de-donnees-de-mise-en-forme-conditionnelle-1.png"},{"@type":"BreadcrumbList","@id":"https:\/\/exceladvisor.org\/tr\/bos-hucreleri-vurgula\/#breadcrumb","itemListElement":[{"@type":"ListItem","position":1,"name":"Ev","item":"https:\/\/exceladvisor.org\/tr\/"},{"@type":"ListItem","position":2,"name":"Excel&#39;de bo\u015f h\u00fccreler nas\u0131l vurgulan\u0131r"}]},{"@type":"WebSite","@id":"https:\/\/exceladvisor.org\/tr\/#website","url":"https:\/\/exceladvisor.org\/tr\/","name":"Excel Advisor","description":"Veri hakimiyetine y\u00f6nelik nihai rehberiniz!","publisher":{"@id":"https:\/\/exceladvisor.org\/tr\/#organization"},"potentialAction":[{"@type":"SearchAction","target":{"@type":"EntryPoint","urlTemplate":"https:\/\/exceladvisor.org\/tr\/?s={search_term_string}"},"query-input":{"@type":"PropertyValueSpecification","valueRequired":true,"valueName":"search_term_string"}}],"inLanguage":"tr"},{"@type":"Organization","@id":"https:\/\/exceladvisor.org\/tr\/#organization","name":"Excel Advisor","url":"https:\/\/exceladvisor.org\/tr\/","logo":{"@type":"ImageObject","inLanguage":"tr","@id":"https:\/\/exceladvisor.org\/tr\/#\/schema\/logo\/image\/","url":"https:\/\/exceladvisor.org\/tr\/wp-content\/uploads\/2023\/12\/exceladvisor.org_.png","contentUrl":"https:\/\/exceladvisor.org\/tr\/wp-content\/uploads\/2023\/12\/exceladvisor.org_.png","width":105,"height":36,"caption":"Excel Advisor"},"image":{"@id":"https:\/\/exceladvisor.org\/tr\/#\/schema\/logo\/image\/"}}]}},"yoast_meta":{"yoast_wpseo_title":"","yoast_wpseo_metadesc":"","yoast_wpseo_canonical":""},"_links":{"self":[{"href":"https:\/\/exceladvisor.org\/tr\/wp-json\/wp\/v2\/pages\/1644","targetHints":{"allow":["GET"]}}],"collection":[{"href":"https:\/\/exceladvisor.org\/tr\/wp-json\/wp\/v2\/pages"}],"about":[{"href":"https:\/\/exceladvisor.org\/tr\/wp-json\/wp\/v2\/types\/page"}],"author":[{"embeddable":true,"href":"https:\/\/exceladvisor.org\/tr\/wp-json\/wp\/v2\/users\/1"}],"replies":[{"embeddable":true,"href":"https:\/\/exceladvisor.org\/tr\/wp-json\/wp\/v2\/comments?post=1644"}],"version-history":[{"count":1,"href":"https:\/\/exceladvisor.org\/tr\/wp-json\/wp\/v2\/pages\/1644\/revisions"}],"predecessor-version":[{"id":2448,"href":"https:\/\/exceladvisor.org\/tr\/wp-json\/wp\/v2\/pages\/1644\/revisions\/2448"}],"wp:attachment":[{"href":"https:\/\/exceladvisor.org\/tr\/wp-json\/wp\/v2\/media?parent=1644"}],"curies":[{"name":"wp","href":"https:\/\/api.w.org\/{rel}","templated":true}]}}