{"id":1645,"date":"2023-11-14T01:00:34","date_gmt":"2023-11-14T01:00:34","guid":{"rendered":"https:\/\/exceladvisor.org\/tr\/kurdele\/"},"modified":"2023-12-10T06:02:27","modified_gmt":"2023-12-10T06:02:27","slug":"kurdele","status":"publish","type":"page","link":"https:\/\/exceladvisor.org\/tr\/kurdele\/","title":{"rendered":"Excel&#39;de \u015ferit: sekmeler ve se\u00e7enekler"},"content":{"rendered":"<div class=\"excel-icerikten-once\" id=\"excel-328758595\"><script type=\"text\/javascript\">\r\n\tatOptions = {\r\n\t\t'key' : 'c1158f160081d6540a8409e6925dab94',\r\n\t\t'format' : 'iframe',\r\n\t\t'height' : 250,\r\n\t\t'width' : 300,\r\n\t\t'params' : {}\r\n\t};\r\n<\/script>\r\n<script type=\"text\/javascript\" src=\"\/\/www.highperformanceformat.com\/c1158f160081d6540a8409e6925dab94\/invoke.js\"><\/script><\/div> <p>Excel&#8217;de \u015ferit, Excel penceresinin \u00fcst k\u0131sm\u0131ndaki ba\u015fl\u0131\u011fa benzer. T\u00fcm se\u00e7eneklerin kategorize edildi\u011fi sekmelere sahiptir. Her sekmede bir grup se\u00e7enek bulunur. De\u011ferleri (yaz\u0131 tipi gibi) de\u011fi\u015ftirmek i\u00e7in d\u00fc\u011fmeleri veya giri\u015f \u00e7ubu\u011funu kullanarak her se\u00e7ene\u011fi do\u011frudan \u015feritten kullanabilirsiniz.<\/p><p> Belirli bir gruba ait t\u00fcm se\u00e7enekleri g\u00f6rmek istiyorsan\u0131z sa\u011f alttaki k\u00fc\u00e7\u00fck a\u015fa\u011f\u0131 oka t\u0131klayabilirsiniz. <\/p><div class=\"wp-block-image\"><figure class=\"aligncenter size-full is-resized\"><img loading=\"lazy\" decoding=\"async\" class=\"wp-image-79073\" src=\"https:\/\/exceladvisor.org\/wp-content\/uploads\/2023\/08\/1-groupes-doptions-du-lanceur-de-dialogue-donglets.png\" sizes=\"auto, \" srcset=\"\" alt=\"sekmeler-ileti\u015fim kutusu-ba\u015flat\u0131c\u0131-se\u00e7enekler-gruplar\" width=\"685\" height=\"423\"><\/figure><\/div><p> Bu derste \u00e7oklu sekmeleri, simgeleri, gruplar\u0131 ve farkl\u0131 se\u00e7enekleri i\u015flevleriyle birlikte \u00f6\u011frenece\u011fiz.<\/p><h2 class=\"wp-block-heading\"> Excel \u015eerit Sekmeleri<\/h2><p> Excel&#8217;de \u015feritte a\u015fa\u011f\u0131daki sekmeler bulunur:<\/p><h3 class=\"wp-block-heading\"> 1. Dosya sekmesi<\/h3><p> Dosyayla ilgili t\u00fcm \u00f6nemli komutlar\u0131n ve se\u00e7eneklerin perde arkas\u0131n\u0131 g\u00f6rmenizi sa\u011flar. Yeni bir e-tablonun nas\u0131l olu\u015fturulaca\u011f\u0131n\u0131, bir dosyan\u0131n nas\u0131l a\u00e7\u0131laca\u011f\u0131n\u0131, dosyalar\u0131n nas\u0131l kaydedilece\u011fini ve yazd\u0131r\u0131laca\u011f\u0131n\u0131 a\u00e7\u0131klar. <\/p><div class=\"wp-block-image\"><figure class=\"aligncenter size-full is-resized\"><img loading=\"lazy\" decoding=\"async\" class=\"wp-image-79074\" src=\"https:\/\/exceladvisor.org\/wp-content\/uploads\/2023\/08\/2-options-donglet-de-fichier.png\" sizes=\"auto, \" srcset=\"\" alt=\"dosya sekmesi se\u00e7enekleri\" width=\"602\" height=\"480\"><\/figure><\/div><h3 class=\"wp-block-heading\"> 2. Ana Sayfa sekmesi<\/h3><p> Giri\u015f sekmesi Excel&#8217;deki varsay\u0131lan sekmedir. Pano, yaz\u0131 tipi, hizalama, say\u0131, stiller, h\u00fccreler ve d\u00fczenleme gibi farkl\u0131 gruplara sahip en s\u0131k kullan\u0131lan se\u00e7eneklere sahiptir.<\/p><p> Pano grubunda oldu\u011fu gibi kes, kopyala ve yap\u0131\u015ft\u0131r komutlar\u0131 mevcuttur. \u00c7e\u015fitli bi\u00e7imlendirmeleri, yaz\u0131 tipi stillerini, renklerini ve boyutlar\u0131n\u0131 i\u00e7eren bir yaz\u0131 tipi grubu vard\u0131r. <\/p><div class=\"wp-block-image\"><figure class=\"aligncenter size-full is-resized\"><img loading=\"lazy\" decoding=\"async\" class=\"wp-image-79075\" src=\"https:\/\/exceladvisor.org\/wp-content\/uploads\/2023\/08\/3-options-de-police-pour-longlet-daccueil.png\" sizes=\"auto, \" srcset=\"\" alt=\"ana sekme yaz\u0131 tipi se\u00e7enekleri\" width=\"715\" height=\"233\"><\/figure><\/div><h3 class=\"wp-block-heading\"> 3. Bir sekme ekleyin<\/h3><p> Pivot tablolar, resimler, grafikler, \u015fekiller, k\u00f6pr\u00fcler, \u00fcstbilgiler ve altbilgiler ve \u00f6zel semboller gibi farkl\u0131 nesneleri sayfaya eklemenize yard\u0131mc\u0131 olur.<\/p><p> Metni eklemek i\u00e7in metin kutusunu eklemenizi ve ana hatlar\u0131n\u0131 ve rengini de\u011fi\u015ftirerek \u00f6zelle\u015ftirmenizi sa\u011flar. <\/p><div class=\"wp-block-image\"><figure class=\"aligncenter size-full is-resized\"><img loading=\"lazy\" decoding=\"async\" class=\"wp-image-79076\" src=\"https:\/\/exceladvisor.org\/wp-content\/uploads\/2023\/08\/4-inserer-des-onglets-graphiques-liens-options-de-texte.png\" sizes=\"auto, \" srcset=\"\" alt=\"sekme-grafik-ba\u011flant\u0131lar\u0131-metin-se\u00e7eneklerini ekle\" width=\"790\" height=\"138\"><\/figure><\/div><h3 class=\"wp-block-heading\"> 4. D\u00fczen sekmesi<\/h3><p> Bu sekme, yazd\u0131rma i\u00e7in sayfa kenar bo\u015fluklar\u0131n\u0131 ayarlayarak d\u00fczeni \u00f6zelle\u015ftirmenize yard\u0131mc\u0131 olur. Dikey ve yatay y\u00f6nlendirme se\u00e7imine eri\u015fmenizi sa\u011flar. <\/p><div class=\"wp-block-image\"><figure class=\"aligncenter size-full is-resized\"><img loading=\"lazy\" decoding=\"async\" class=\"wp-image-79077\" src=\"https:\/\/exceladvisor.org\/wp-content\/uploads\/2023\/08\/5-options-donglet-de-mise-en-page.png\" sizes=\"auto, \" srcset=\"\" alt=\"d\u00fczen sekmesi se\u00e7enekleri\" width=\"733\" height=\"230\"><\/figure><\/div><p> D\u00fczen sekmesi, K\u0131lavuz \u00c7izgilerini G\u00f6ster se\u00e7ene\u011finin i\u015faretini kald\u0131rarak k\u0131lavuz \u00e7izgilerini \u00e7al\u0131\u015fma sayfas\u0131ndan kald\u0131rma se\u00e7ene\u011fini sunar. <\/p><div class=\"wp-block-image\"><figure class=\"aligncenter size-full is-resized\"><img loading=\"lazy\" decoding=\"async\" class=\"wp-image-79078\" src=\"https:\/\/exceladvisor.org\/wp-content\/uploads\/2023\/08\/Option-daffichage-du-quadrillage-de-longlet-de-mise-en-page-a-6-pages.png\" sizes=\"auto, \" srcset=\"\" alt=\"sayfa d\u00fczeni-sekme-k\u0131lavuz \u00e7izgileri-g\u00f6r\u00fcn\u00fcm-se\u00e7ene\u011fi\" width=\"648\" height=\"128\"><\/figure><\/div><h3 class=\"wp-block-heading\"> 5. Form\u00fcl sekmesi<\/h3><p> Form\u00fcl sekmesi, \u0130\u015flev Kitapl\u0131\u011f\u0131 grubundaki form\u00fcller ve i\u015flevlerle \u00e7al\u0131\u015fman\u0131za yard\u0131mc\u0131 olur.<\/p><p> De\u011ferleri toplamak, ortalamak ve saymak ve se\u00e7ilenler aras\u0131nda minimum veya maksimum de\u011feri bulmak i\u00e7in otomatik toplama i\u015flevini kullan\u0131n. Tan\u0131mlanan ad grubu, adland\u0131r\u0131lm\u0131\u015f bir aral\u0131k olu\u015fturman\u0131za yard\u0131mc\u0131 olur. <\/p><div class=\"wp-block-image\"><figure class=\"aligncenter size-full is-resized\"><img loading=\"lazy\" decoding=\"async\" class=\"wp-image-79079\" src=\"https:\/\/exceladvisor.org\/wp-content\/uploads\/2023\/08\/7-fonctions-de-somme-automatique-de-longlet-formule.png\" sizes=\"auto, \" srcset=\"\" alt=\"form\u00fcller-sekme-otomatik toplam i\u015flevleri\" width=\"797\" height=\"281\"><\/figure><\/div><h3 class=\"wp-block-heading\"> 6. Veri sekmesi<\/h3><p> Veri sekmesi, verileri temizlemenize ve y\u00f6netmenize olanak tan\u0131yan t\u00fcm se\u00e7enekleri i\u00e7erir. Buradan verileri temizlemenize yard\u0131mc\u0131 olacak bir g\u00fc\u00e7 sorgusuna eri\u015febilirsiniz. Bu bile verilerinizi s\u0131ralaman\u0131za ve filtrelemenize olanak tan\u0131r. <\/p><div class=\"wp-block-image\"><figure class=\"aligncenter size-full is-resized\"><img loading=\"lazy\" decoding=\"async\" class=\"wp-image-79080\" src=\"https:\/\/exceladvisor.org\/wp-content\/uploads\/2023\/08\/8-options-donglet-de-donnees-pour-transformer-les-donnees.png\" sizes=\"auto, \" srcset=\"\" alt=\"veri-se\u00e7enekleri-sekmesi-verileri-d\u00f6n\u00fc\u015ft\u00fcrmek i\u00e7in\" width=\"866\" height=\"155\"><\/figure><\/div><h3 class=\"wp-block-heading\"> 7. \u0130nceleme Sekmesi<\/h3><p> Bu, yaz\u0131m denetimi yapman\u0131za, dili \u00e7evirmenize, e-tabloya yorum ve notlar eklemenize olanak tan\u0131r. <\/p><div class=\"wp-block-image\"><figure class=\"aligncenter size-full is-resized\"><img loading=\"lazy\" decoding=\"async\" class=\"wp-image-79081\" src=\"https:\/\/exceladvisor.org\/wp-content\/uploads\/2023\/08\/9-onglet-de-revision-pour-verifier-lorthographe-en-ajoutant-des-commentaires.png\" sizes=\"auto, \" srcset=\"\" alt=\"yorumlar\u0131-yaz\u0131m-ekleme-kontrol etmek i\u00e7in revizyon-sekmesi\" width=\"859\" height=\"151\"><\/figure><\/div><p> \u00c7al\u0131\u015fma kitab\u0131 istatistikleri ileti\u015fim kutusunda, ge\u00e7erli sayfan\u0131n ve \u00e7al\u0131\u015fma kitab\u0131n\u0131n veri i\u00e7eren h\u00fccrelere, sayfa say\u0131s\u0131na ve i\u00e7inde kullan\u0131lan form\u00fcllere ili\u015fkin t\u00fcm ayr\u0131nt\u0131lar\u0131n\u0131 alacaks\u0131n\u0131z. <\/p><div class=\"wp-block-image\"><figure class=\"aligncenter size-full is-resized\"><img loading=\"lazy\" decoding=\"async\" class=\"wp-image-79082\" src=\"https:\/\/exceladvisor.org\/wp-content\/uploads\/2023\/08\/10-boite-de-dialogue-des-statistiques-du-classeur-de-longlet-de-revision.png\" sizes=\"auto, \" srcset=\"\" alt=\"\u00e7al\u0131\u015fma kitab\u0131 inceleme sekmesi istatistik ileti\u015fim kutusu\" width=\"700\" height=\"380\"><\/figure><\/div><h3 class=\"wp-block-heading\"> 8. Ekran sekmesi<\/h3><p> G\u00f6r\u00fcn\u00fcm\u00fc \u00e7al\u0131\u015fma kitab\u0131 g\u00f6r\u00fcn\u00fcmlerinden de\u011fi\u015ftirmek i\u00e7in size birden fazla se\u00e7enek sunar &#8211; Sayfa Sonu \u00d6nizleme, Normal G\u00f6r\u00fcn\u00fcm ve D\u00fczen G\u00f6r\u00fcn\u00fcm\u00fc. Form\u00fcl \u00e7ubu\u011funu ve \u00e7al\u0131\u015fma sayfas\u0131 ba\u015fl\u0131klar\u0131n\u0131 gizlemenize veya g\u00f6stermenize olanak tan\u0131r.<\/p><p> B\u00f6lmeleri Dondur se\u00e7ene\u011fiyle se\u00e7ili sat\u0131r ve s\u00fctunlar\u0131 dondurabilirsiniz. <\/p><div class=\"wp-block-image\"><figure class=\"aligncenter size-full is-resized\"><img loading=\"lazy\" decoding=\"async\" class=\"wp-image-79083\" src=\"https:\/\/exceladvisor.org\/wp-content\/uploads\/2023\/08\/13-vues-de-classeur-dans-longlet-Affichage.png\" sizes=\"auto, \" srcset=\"\" alt=\"\u00e7al\u0131\u015fma kitab\u0131 g\u00f6r\u00fcn\u00fcmleri-g\u00f6r\u00fcnt\u00fcleme-sekmesi\" width=\"848\" height=\"149\"><\/figure><\/div><h2 class=\"wp-block-heading\"> \u015eeritteki bir sekmeyi etkinle\u015ftirme veya devre d\u0131\u015f\u0131 b\u0131rakma<\/h2><p> \u00c7izim ve geli\u015ftirici sekmeleri gibi \u015feritte varsay\u0131lan olarak etkin olmayan birka\u00e7 sekme vard\u0131r. Bunlardan herhangi birini etkinle\u015ftirmek istiyorsan\u0131z bunu \u00f6zelle\u015ftirme se\u00e7ene\u011fini kullanarak yapabilirsiniz. Ad\u0131mlar a\u015fa\u011f\u0131dad\u0131r.<\/p><ul><li> \u00d6ncelikle \u015feride sa\u011f t\u0131klay\u0131n ve \u015eeridi \u00d6zelle\u015ftir se\u00e7ene\u011fini se\u00e7in. <\/li><\/ul><div class=\"wp-block-image\"><figure class=\"aligncenter size-full is-resized\"><img loading=\"lazy\" decoding=\"async\" class=\"wp-image-79084\" src=\"https:\/\/exceladvisor.org\/wp-content\/uploads\/2023\/08\/11-selectionnez-personnaliser-loption-de-ruban.png\" sizes=\"auto, \" srcset=\"\" alt=\"\u00f6zelle\u015ftirme-\u015ferit se\u00e7ene\u011fini se\u00e7\" width=\"723\" height=\"211\"><\/figure><\/div><ul><li> Art\u0131k Excel Se\u00e7enekleri ileti\u015fim kutusu g\u00f6r\u00fcn\u00fcr. <\/li><\/ul><div class=\"wp-block-image\"><figure class=\"aligncenter size-full is-resized\"><img loading=\"lazy\" decoding=\"async\" class=\"wp-image-79085\" src=\"https:\/\/exceladvisor.org\/wp-content\/uploads\/2023\/08\/Boite-de-dialogue-des-12-options-Excel.png\" sizes=\"auto, \" srcset=\"\" alt=\"Excel Se\u00e7enekleri \u0130leti\u015fim Kutusu\" width=\"826\" height=\"494\"><\/figure><\/div><ul><li> Buradan ana sekme men\u00fcs\u00fc alt\u0131ndaki kaydetme kutusunu se\u00e7erek herhangi bir sekmeyi ekleyebilirsiniz. <\/li><\/ul><div class=\"wp-block-image\"><figure class=\"aligncenter size-full is-resized\"><img loading=\"lazy\" decoding=\"async\" class=\"wp-image-79086\" src=\"https:\/\/exceladvisor.org\/wp-content\/uploads\/2023\/08\/14-onglets-principaux-selectionnez-longlet-developpeur.png\" sizes=\"auto, \" srcset=\"\" alt=\"sekmeler-ana-se\u00e7im-sekme-geli\u015ftirici\" width=\"398\" height=\"657\"><\/figure><\/div><ul><li> Sonunda Tamam&#8217;\u0131 t\u0131klad\u0131\u011f\u0131n\u0131zda bu sekme \u015feritte g\u00f6r\u00fcnecektir. <\/li><\/ul><div class=\"wp-block-image\"><figure class=\"aligncenter size-full is-resized\"><img loading=\"lazy\" decoding=\"async\" class=\"wp-image-79087\" src=\"https:\/\/exceladvisor.org\/wp-content\/uploads\/2023\/08\/15-onglet-developpeur-active-sur-le-ruban.png\" sizes=\"auto, \" srcset=\"\" alt=\"geli\u015ftiricinin etkinle\u015ftirdi\u011fi \u015feritteki sekme\" width=\"583\" height=\"173\"><\/figure><\/div><p class=\"mynote\"> \u015eeritten bir sekmeyi kald\u0131rmak istiyorsan\u0131z, bunun i\u00e7in o sekmeye ait kaydetme kutusunun i\u015faretini kald\u0131rman\u0131z yeterlidir.<\/p><h2 class=\"wp-block-heading\"> \u015eeridi Excel&#8217;de gizleme veya g\u00f6sterme<\/h2><p> E-tablonuzdaki alan\u0131 art\u0131rmak i\u00e7in \u015feridi yukar\u0131dan gizleyebilirsiniz.<\/p><ul><li> \u015eeride sa\u011f t\u0131klay\u0131n ve gizlemek i\u00e7in \u015eeridi K\u00fc\u00e7\u00fclt d\u00fc\u011fmesini se\u00e7in. <\/li><\/ul><div class=\"wp-block-image\"><figure class=\"aligncenter size-full is-resized\"><img loading=\"lazy\" decoding=\"async\" class=\"wp-image-79088\" src=\"https:\/\/exceladvisor.org\/wp-content\/uploads\/2023\/08\/16-selectionnez-reduire-le-ruban-pour-le-masquer.png\" sizes=\"auto, \" srcset=\"\" alt=\"gizlemek i\u00e7in-daralt-\u015feridi se\u00e7\" width=\"748\" height=\"209\"><\/figure><\/div><ul><li> Art\u0131k sekmeleri yaln\u0131zca pencerenin \u00fcst k\u0131sm\u0131nda g\u00f6receksiniz. <\/li><\/ul><div class=\"wp-block-image\"><figure class=\"aligncenter size-full is-resized\"><img loading=\"lazy\" decoding=\"async\" class=\"wp-image-79089\" src=\"https:\/\/exceladvisor.org\/wp-content\/uploads\/2023\/08\/17-seuls-onglets-visibles.png\" sizes=\"auto, \" srcset=\"\" alt=\"yaln\u0131zca sekmeler g\u00f6r\u00fcn\u00fcr\" width=\"641\" height=\"174\"><\/figure><\/div><ul><li> Geri almak i\u00e7in men\u00fc \u00e7ubu\u011funa sa\u011f t\u0131klay\u0131n ve \u015eeridi K\u00fc\u00e7\u00fclt d\u00fc\u011fmesinin se\u00e7imini kald\u0131r\u0131n. <\/li><\/ul><div class=\"wp-block-image\"><figure class=\"aligncenter size-full is-resized\"><img loading=\"lazy\" decoding=\"async\" class=\"wp-image-79090\" src=\"https:\/\/exceladvisor.org\/wp-content\/uploads\/2023\/08\/18-deselectionnez-loption-reduire-le-ruban-pour-afficher-le-ruban.png\" sizes=\"auto, \" srcset=\"\" alt=\"\u015eeridi-g\u00f6stermek i\u00e7in-daralt\u0131lan-\u015feridin se\u00e7imini kald\u0131r\" width=\"680\" height=\"220\"><\/figure><\/div><p class=\"mytip\"> Bilgisayar \u015feridini gizlemek veya g\u00f6stermek i\u00e7in kullan\u0131lan k\u0131sayol tu\u015flar\u0131 <strong>CTRL + F1&#8217;dir<\/strong> veya diz\u00fcst\u00fc bilgisayar kullan\u0131c\u0131lar\u0131 i\u00e7in <strong>CTRL<\/strong> + <strong>Fn<\/strong> + <strong>F1<\/strong> tu\u015flar\u0131na bas\u0131n.<\/p><div class=\"gb-container gb-container-4db6181c gb-container-mt\"> <a class=\"gb-button gb-button-c5897111 gb-button-text gb-button-mt-button\" href=\"https:\/\/exceladvisor.org\/tr\/excelin-temelleri\/\">Microsoft Excel Temelleri (Bile\u015fenler, Par\u00e7alar ve Bilgi Notlar\u0131)<\/a><h2 class=\"gb-headline gb-headline-665e5f6b gb-headline-text gb-headline-mt-heading\"> \u0130lgili e\u011fitimler <\/h2><div class=\"gb-grid-wrapper gb-grid-wrapper-a20baf7c gb-grid-wrapper-mt-grid\"><div class=\"gb-grid-column gb-grid-column-65ddf67e\"><div class=\"gb-container gb-container-65ddf67e\"><ul><li> <a href=\"https:\/\/exceladvisor.org\/tr\/hizli-erisim-cubugu\/\">Excel&#8217;de H\u0131zl\u0131 Eri\u015fim Ara\u00e7 \u00c7ubu\u011fu<\/a><\/li><li> <a href=\"https:\/\/exceladvisor.org\/tr\/durum-cubugu\/\">Excel&#8217;deki durum \u00e7ubu\u011fu<\/a><\/li><li> <a href=\"https:\/\/exceladvisor.org\/tr\/metin-bolgesi\/\">Excel&#8217;e metin kutusu ekleme<\/a><\/li><li> <a href=\"https:\/\/exceladvisor.org\/tr\/kamera-arkasi-gorunumu\/\">Excel&#8217;de Sahne Arkas\u0131 g\u00f6r\u00fcn\u00fcm\u00fcn\u00fc a\u00e7<\/a><\/li><li> <a href=\"https:\/\/exceladvisor.org\/tr\/karanlik-mod\/\">Excel&#8217;de Karanl\u0131k Modu Etkinle\u015ftir<\/a> <\/li><\/ul><\/div><\/div><div class=\"gb-grid-column gb-grid-column-50067b57\"><div class=\"gb-container gb-container-50067b57\"><\/div><\/div><\/div><\/div>","protected":false},"excerpt":{"rendered":"","protected":false},"author":1,"featured_media":0,"parent":0,"menu_order":0,"comment_status":"open","ping_status":"closed","template":"","meta":{"ub_ctt_via":"","footnotes":""},"class_list":["post-1645","page","type-page","status-publish","hentry"],"featured_image_src":null,"yoast_head":"<!-- This site is optimized with the Yoast SEO plugin v25.4 - https:\/\/yoast.com\/wordpress\/plugins\/seo\/ -->\n<title>\u25b7 Excel&#039;de \u015eerit: Sekmeler ve Se\u00e7enekler (2023 K\u0131lavuzu)<\/title>\n<meta name=\"description\" content=\"Bu, Excel \u015feridini ve \u00fczerinde bulunan t\u00fcm se\u00e7enekleri anlamak i\u00e7in temel bir Microsoft Excel \u00f6\u011freticisidir.\" \/>\n<meta name=\"robots\" content=\"index, follow, max-snippet:-1, max-image-preview:large, max-video-preview:-1\" \/>\n<link rel=\"canonical\" href=\"https:\/\/exceladvisor.org\/tr\/kurdele\/\" \/>\n<meta property=\"og:locale\" content=\"tr_TR\" \/>\n<meta property=\"og:type\" content=\"article\" \/>\n<meta property=\"og:title\" content=\"\u25b7 Excel&#039;de \u015eerit: Sekmeler ve Se\u00e7enekler (2023 K\u0131lavuzu)\" \/>\n<meta property=\"og:description\" content=\"Bu, Excel \u015feridini ve \u00fczerinde bulunan t\u00fcm se\u00e7enekleri anlamak i\u00e7in temel bir Microsoft Excel \u00f6\u011freticisidir.\" \/>\n<meta property=\"og:url\" content=\"https:\/\/exceladvisor.org\/tr\/kurdele\/\" \/>\n<meta property=\"og:site_name\" content=\"Excel Advisor\" \/>\n<meta property=\"article:modified_time\" content=\"2023-12-10T06:02:27+00:00\" \/>\n<meta property=\"og:image\" content=\"https:\/\/exceladvisor.org\/wp-content\/uploads\/2023\/08\/1-groupes-doptions-du-lanceur-de-dialogue-donglets.png\" \/>\n<meta name=\"twitter:card\" content=\"summary_large_image\" \/>\n<meta name=\"twitter:label1\" content=\"Tahmini okuma s\u00fcresi\" \/>\n\t<meta name=\"twitter:data1\" content=\"4 dakika\" \/>\n<script type=\"application\/ld+json\" class=\"yoast-schema-graph\">{\"@context\":\"https:\/\/schema.org\",\"@graph\":[{\"@type\":\"WebPage\",\"@id\":\"https:\/\/exceladvisor.org\/tr\/kurdele\/\",\"url\":\"https:\/\/exceladvisor.org\/tr\/kurdele\/\",\"name\":\"\u25b7 Excel&#39;de \u015eerit: Sekmeler ve Se\u00e7enekler (2023 K\u0131lavuzu)\",\"isPartOf\":{\"@id\":\"https:\/\/exceladvisor.org\/tr\/#website\"},\"primaryImageOfPage\":{\"@id\":\"https:\/\/exceladvisor.org\/tr\/kurdele\/#primaryimage\"},\"image\":{\"@id\":\"https:\/\/exceladvisor.org\/tr\/kurdele\/#primaryimage\"},\"thumbnailUrl\":\"https:\/\/exceladvisor.org\/wp-content\/uploads\/2023\/08\/1-groupes-doptions-du-lanceur-de-dialogue-donglets.png\",\"datePublished\":\"2023-11-14T01:00:34+00:00\",\"dateModified\":\"2023-12-10T06:02:27+00:00\",\"description\":\"Bu, Excel \u015feridini ve \u00fczerinde bulunan t\u00fcm se\u00e7enekleri anlamak i\u00e7in temel bir Microsoft Excel \u00f6\u011freticisidir.\",\"breadcrumb\":{\"@id\":\"https:\/\/exceladvisor.org\/tr\/kurdele\/#breadcrumb\"},\"inLanguage\":\"tr\",\"potentialAction\":[{\"@type\":\"ReadAction\",\"target\":[\"https:\/\/exceladvisor.org\/tr\/kurdele\/\"]}]},{\"@type\":\"ImageObject\",\"inLanguage\":\"tr\",\"@id\":\"https:\/\/exceladvisor.org\/tr\/kurdele\/#primaryimage\",\"url\":\"https:\/\/exceladvisor.org\/wp-content\/uploads\/2023\/08\/1-groupes-doptions-du-lanceur-de-dialogue-donglets.png\",\"contentUrl\":\"https:\/\/exceladvisor.org\/wp-content\/uploads\/2023\/08\/1-groupes-doptions-du-lanceur-de-dialogue-donglets.png\"},{\"@type\":\"BreadcrumbList\",\"@id\":\"https:\/\/exceladvisor.org\/tr\/kurdele\/#breadcrumb\",\"itemListElement\":[{\"@type\":\"ListItem\",\"position\":1,\"name\":\"Ev\",\"item\":\"https:\/\/exceladvisor.org\/tr\/\"},{\"@type\":\"ListItem\",\"position\":2,\"name\":\"Excel&#39;de \u015ferit: sekmeler ve se\u00e7enekler\"}]},{\"@type\":\"WebSite\",\"@id\":\"https:\/\/exceladvisor.org\/tr\/#website\",\"url\":\"https:\/\/exceladvisor.org\/tr\/\",\"name\":\"Excel Advisor\",\"description\":\"Veri hakimiyetine y\u00f6nelik nihai rehberiniz!\",\"publisher\":{\"@id\":\"https:\/\/exceladvisor.org\/tr\/#organization\"},\"potentialAction\":[{\"@type\":\"SearchAction\",\"target\":{\"@type\":\"EntryPoint\",\"urlTemplate\":\"https:\/\/exceladvisor.org\/tr\/?s={search_term_string}\"},\"query-input\":{\"@type\":\"PropertyValueSpecification\",\"valueRequired\":true,\"valueName\":\"search_term_string\"}}],\"inLanguage\":\"tr\"},{\"@type\":\"Organization\",\"@id\":\"https:\/\/exceladvisor.org\/tr\/#organization\",\"name\":\"Excel Advisor\",\"url\":\"https:\/\/exceladvisor.org\/tr\/\",\"logo\":{\"@type\":\"ImageObject\",\"inLanguage\":\"tr\",\"@id\":\"https:\/\/exceladvisor.org\/tr\/#\/schema\/logo\/image\/\",\"url\":\"https:\/\/exceladvisor.org\/tr\/wp-content\/uploads\/2023\/12\/exceladvisor.org_.png\",\"contentUrl\":\"https:\/\/exceladvisor.org\/tr\/wp-content\/uploads\/2023\/12\/exceladvisor.org_.png\",\"width\":105,\"height\":36,\"caption\":\"Excel Advisor\"},\"image\":{\"@id\":\"https:\/\/exceladvisor.org\/tr\/#\/schema\/logo\/image\/\"}}]}<\/script>\n<!-- \/ Yoast SEO plugin. -->","yoast_head_json":{"title":"\u25b7 Excel&#39;de \u015eerit: Sekmeler ve Se\u00e7enekler (2023 K\u0131lavuzu)","description":"Bu, Excel \u015feridini ve \u00fczerinde bulunan t\u00fcm se\u00e7enekleri anlamak i\u00e7in temel bir Microsoft Excel \u00f6\u011freticisidir.","robots":{"index":"index","follow":"follow","max-snippet":"max-snippet:-1","max-image-preview":"max-image-preview:large","max-video-preview":"max-video-preview:-1"},"canonical":"https:\/\/exceladvisor.org\/tr\/kurdele\/","og_locale":"tr_TR","og_type":"article","og_title":"\u25b7 Excel&#39;de \u015eerit: Sekmeler ve Se\u00e7enekler (2023 K\u0131lavuzu)","og_description":"Bu, Excel \u015feridini ve \u00fczerinde bulunan t\u00fcm se\u00e7enekleri anlamak i\u00e7in temel bir Microsoft Excel \u00f6\u011freticisidir.","og_url":"https:\/\/exceladvisor.org\/tr\/kurdele\/","og_site_name":"Excel Advisor","article_modified_time":"2023-12-10T06:02:27+00:00","og_image":[{"url":"https:\/\/exceladvisor.org\/wp-content\/uploads\/2023\/08\/1-groupes-doptions-du-lanceur-de-dialogue-donglets.png","type":"","width":"","height":""}],"twitter_card":"summary_large_image","twitter_misc":{"Tahmini okuma s\u00fcresi":"4 dakika"},"schema":{"@context":"https:\/\/schema.org","@graph":[{"@type":"WebPage","@id":"https:\/\/exceladvisor.org\/tr\/kurdele\/","url":"https:\/\/exceladvisor.org\/tr\/kurdele\/","name":"\u25b7 Excel&#39;de \u015eerit: Sekmeler ve Se\u00e7enekler (2023 K\u0131lavuzu)","isPartOf":{"@id":"https:\/\/exceladvisor.org\/tr\/#website"},"primaryImageOfPage":{"@id":"https:\/\/exceladvisor.org\/tr\/kurdele\/#primaryimage"},"image":{"@id":"https:\/\/exceladvisor.org\/tr\/kurdele\/#primaryimage"},"thumbnailUrl":"https:\/\/exceladvisor.org\/wp-content\/uploads\/2023\/08\/1-groupes-doptions-du-lanceur-de-dialogue-donglets.png","datePublished":"2023-11-14T01:00:34+00:00","dateModified":"2023-12-10T06:02:27+00:00","description":"Bu, Excel \u015feridini ve \u00fczerinde bulunan t\u00fcm se\u00e7enekleri anlamak i\u00e7in temel bir Microsoft Excel \u00f6\u011freticisidir.","breadcrumb":{"@id":"https:\/\/exceladvisor.org\/tr\/kurdele\/#breadcrumb"},"inLanguage":"tr","potentialAction":[{"@type":"ReadAction","target":["https:\/\/exceladvisor.org\/tr\/kurdele\/"]}]},{"@type":"ImageObject","inLanguage":"tr","@id":"https:\/\/exceladvisor.org\/tr\/kurdele\/#primaryimage","url":"https:\/\/exceladvisor.org\/wp-content\/uploads\/2023\/08\/1-groupes-doptions-du-lanceur-de-dialogue-donglets.png","contentUrl":"https:\/\/exceladvisor.org\/wp-content\/uploads\/2023\/08\/1-groupes-doptions-du-lanceur-de-dialogue-donglets.png"},{"@type":"BreadcrumbList","@id":"https:\/\/exceladvisor.org\/tr\/kurdele\/#breadcrumb","itemListElement":[{"@type":"ListItem","position":1,"name":"Ev","item":"https:\/\/exceladvisor.org\/tr\/"},{"@type":"ListItem","position":2,"name":"Excel&#39;de \u015ferit: sekmeler ve se\u00e7enekler"}]},{"@type":"WebSite","@id":"https:\/\/exceladvisor.org\/tr\/#website","url":"https:\/\/exceladvisor.org\/tr\/","name":"Excel Advisor","description":"Veri hakimiyetine y\u00f6nelik nihai rehberiniz!","publisher":{"@id":"https:\/\/exceladvisor.org\/tr\/#organization"},"potentialAction":[{"@type":"SearchAction","target":{"@type":"EntryPoint","urlTemplate":"https:\/\/exceladvisor.org\/tr\/?s={search_term_string}"},"query-input":{"@type":"PropertyValueSpecification","valueRequired":true,"valueName":"search_term_string"}}],"inLanguage":"tr"},{"@type":"Organization","@id":"https:\/\/exceladvisor.org\/tr\/#organization","name":"Excel Advisor","url":"https:\/\/exceladvisor.org\/tr\/","logo":{"@type":"ImageObject","inLanguage":"tr","@id":"https:\/\/exceladvisor.org\/tr\/#\/schema\/logo\/image\/","url":"https:\/\/exceladvisor.org\/tr\/wp-content\/uploads\/2023\/12\/exceladvisor.org_.png","contentUrl":"https:\/\/exceladvisor.org\/tr\/wp-content\/uploads\/2023\/12\/exceladvisor.org_.png","width":105,"height":36,"caption":"Excel Advisor"},"image":{"@id":"https:\/\/exceladvisor.org\/tr\/#\/schema\/logo\/image\/"}}]}},"yoast_meta":{"yoast_wpseo_title":"","yoast_wpseo_metadesc":"","yoast_wpseo_canonical":""},"_links":{"self":[{"href":"https:\/\/exceladvisor.org\/tr\/wp-json\/wp\/v2\/pages\/1645","targetHints":{"allow":["GET"]}}],"collection":[{"href":"https:\/\/exceladvisor.org\/tr\/wp-json\/wp\/v2\/pages"}],"about":[{"href":"https:\/\/exceladvisor.org\/tr\/wp-json\/wp\/v2\/types\/page"}],"author":[{"embeddable":true,"href":"https:\/\/exceladvisor.org\/tr\/wp-json\/wp\/v2\/users\/1"}],"replies":[{"embeddable":true,"href":"https:\/\/exceladvisor.org\/tr\/wp-json\/wp\/v2\/comments?post=1645"}],"version-history":[{"count":1,"href":"https:\/\/exceladvisor.org\/tr\/wp-json\/wp\/v2\/pages\/1645\/revisions"}],"predecessor-version":[{"id":2598,"href":"https:\/\/exceladvisor.org\/tr\/wp-json\/wp\/v2\/pages\/1645\/revisions\/2598"}],"wp:attachment":[{"href":"https:\/\/exceladvisor.org\/tr\/wp-json\/wp\/v2\/media?parent=1645"}],"curies":[{"name":"wp","href":"https:\/\/api.w.org\/{rel}","templated":true}]}}