{"id":1646,"date":"2023-11-13T22:18:01","date_gmt":"2023-11-13T22:18:01","guid":{"rendered":"https:\/\/exceladvisor.org\/tr\/kopyala-yapistir-sutun-genisligi\/"},"modified":"2023-12-10T06:00:46","modified_gmt":"2023-12-10T06:00:46","slug":"kopyala-yapistir-sutun-genisligi","status":"publish","type":"page","link":"https:\/\/exceladvisor.org\/tr\/kopyala-yapistir-sutun-genisligi\/","title":{"rendered":"Excel&#39;de bir s\u00fctunun geni\u015fli\u011fi nas\u0131l kopyalan\u0131p yap\u0131\u015ft\u0131r\u0131l\u0131r?"},"content":{"rendered":"<div class=\"excel-icerikten-once\" id=\"excel-1205590940\"><script type=\"text\/javascript\">\r\n\tatOptions = {\r\n\t\t'key' : 'c1158f160081d6540a8409e6925dab94',\r\n\t\t'format' : 'iframe',\r\n\t\t'height' : 250,\r\n\t\t'width' : 300,\r\n\t\t'params' : {}\r\n\t};\r\n<\/script>\r\n<script type=\"text\/javascript\" src=\"\/\/www.highperformanceformat.com\/c1158f160081d6540a8409e6925dab94\/invoke.js\"><\/script><\/div> <p>Excel&#8217;de veri kopyalay\u0131p yap\u0131\u015ft\u0131rd\u0131\u011f\u0131n\u0131zda h\u00fccre geni\u015fli\u011finin yap\u0131\u015ft\u0131r\u0131lmad\u0131\u011f\u0131n\u0131, yap\u0131\u015ft\u0131r\u0131lan h\u00fccre de\u011ferlerinin h\u00fccre alan\u0131yla \u00f6rt\u00fc\u015febilece\u011fini her zaman g\u00f6rm\u00fc\u015fs\u00fcn\u00fczd\u00fcr.<\/p><p> Bazen kullan\u0131c\u0131lar herhangi bir de\u011fer olmadan yaln\u0131zca s\u00fctun geni\u015fliklerini kopyalay\u0131p yap\u0131\u015ft\u0131rmak isterler.<\/p><p><mark class=\"has-inline-color\" style=\"background-color: #c6edfa;\"> <strong>G\u00fczel haberler<\/strong><\/mark> Excel&#8217;in bunun i\u00e7in bir \u00e7\u00f6z\u00fcm\u00fc var ve s\u00fctun geni\u015fli\u011fi dahil verileri kopyalay\u0131p yap\u0131\u015ft\u0131rabilir ve s\u00fctun geni\u015fli\u011fini yaln\u0131zca veri olmadan kopyalay\u0131p yap\u0131\u015ft\u0131rabilirsiniz.<\/p><p> Bu e\u011fitimde size s\u00fctun geni\u015fli\u011fini \u00e7e\u015fitli \u015fekillerde nas\u0131l kopyalay\u0131p yap\u0131\u015ft\u0131raca\u011f\u0131n\u0131z g\u00f6sterilecektir.<\/p><h2 class=\"wp-block-heading\"> Yaln\u0131zca s\u00fctun geni\u015fli\u011fini kopyalay\u0131p yap\u0131\u015ft\u0131r\u0131n<\/h2><p> Yaln\u0131zca s\u00fctun geni\u015fli\u011fini kopyalay\u0131p yap\u0131\u015ft\u0131rmak i\u00e7in a\u015fa\u011f\u0131daki ad\u0131mlar\u0131 izleyin:<\/p><ol><li> \u00d6ncelikle geni\u015fli\u011fini kopyalay\u0131p yap\u0131\u015ft\u0131rmak istedi\u011finiz s\u00fctunu se\u00e7ip kopyalay\u0131n. <br><img loading=\"lazy\" decoding=\"async\" title=\"1 s\u00fctun se\u00e7\" src=\"https:\/\/exceladvisor.org\/wp-content\/uploads\/2023\/08\/1-selectionner-la-colonne-2.png\" sizes=\"auto, \" srcset=\"\" alt=\"select-the-column\" width=\"303\" height=\"259\"><\/li><li> Bundan sonra, s\u00fctunda yaln\u0131zca kopyalanan geni\u015fli\u011fi yap\u0131\u015ft\u0131rmak istedi\u011finiz herhangi bir h\u00fccreye gidin, ard\u0131ndan &#8220;Ana Sayfa&#8221; sekmesindeki &#8220;Yap\u0131\u015ft\u0131r&#8221; simgesine gidin ve &#8220;\u00d6zel Yap\u0131\u015ft\u0131r&#8221; se\u00e7ene\u011fini t\u0131klay\u0131n. <br><img loading=\"lazy\" decoding=\"async\" title=\"Ana sekmede 2-yap\u0131\u015ft\u0131r simgesi\" src=\"https:\/\/exceladvisor.org\/wp-content\/uploads\/2023\/08\/2-coller-licone-dans-longlet-daccueil.png\" sizes=\"auto, \" srcset=\"\" alt=\"paste-icon-within-home-tab\" width=\"309\" height=\"394\"><\/li><li> Veya s\u00fctundaki herhangi bir h\u00fccreye gidin ve sa\u011f t\u0131klay\u0131n, ard\u0131ndan \u201c\u00d6zel Yap\u0131\u015ft\u0131r\u201d se\u00e7ene\u011fini t\u0131klay\u0131n. <br><img loading=\"lazy\" decoding=\"async\" title=\"3-sa\u011f t\u0131klama ve \u00f6zel se\u00e7enek-pste\" src=\"https:\/\/exceladvisor.org\/wp-content\/uploads\/2023\/08\/3-clic-droit-et-option-speciale-pste.png\" sizes=\"auto, \" srcset=\"\" alt=\"right-click-and-paste-special-option\" width=\"484\" height=\"280\"><\/li><li> Bu noktada \u201c\u00d6zel Yap\u0131\u015ft\u0131r\u201d ileti\u015fim kutusu a\u00e7\u0131lacak ve \u201cS\u00fctun Geni\u015fli\u011fi\u201d se\u00e7ene\u011fini se\u00e7eceksiniz.<\/li><li> Sonunda Tamam&#8217;\u0131 t\u0131klay\u0131n. <br><img loading=\"lazy\" decoding=\"async\" title=\"4 s\u00fctun geni\u015fli\u011fi se\u00e7imi\" src=\"https:\/\/exceladvisor.org\/wp-content\/uploads\/2023\/08\/4-selectionner-la-largeur-de-colonne.png\" sizes=\"auto, \" srcset=\"\" alt=\"select-column-width\" width=\"446\" height=\"336\"><\/li><li> Tamam&#8217;\u0131 t\u0131klad\u0131\u011f\u0131n\u0131z anda s\u00fctun geni\u015fli\u011fi yap\u0131\u015ft\u0131r\u0131lacakt\u0131r. <br><img loading=\"lazy\" decoding=\"async\" title=\"5 s\u00fctun geni\u015fli\u011finde yap\u0131\u015ft\u0131r\u0131lm\u0131\u015f\" src=\"https:\/\/exceladvisor.org\/wp-content\/uploads\/2023\/08\/5-largeur-de-colonne-collee.png\" sizes=\"auto, \" srcset=\"\" alt=\"column-width-pasted\" width=\"393\" height=\"248\"><\/li><\/ol><h2 class=\"wp-block-heading\"> Yaln\u0131zca s\u00fctun geni\u015fli\u011fini kopyalay\u0131p yap\u0131\u015ft\u0131rmak i\u00e7in klavye k\u0131sayolu<\/h2><p> <kbd>Alt<\/kbd> \u2192 <kbd>E<\/kbd> \u2192 <kbd>S<\/kbd> \u2192 <kbd>O<\/kbd><\/p><ol><li> \u00d6ncelikle s\u00fctunda geni\u015fli\u011fini kopyalay\u0131p yap\u0131\u015ft\u0131rmak istedi\u011finiz herhangi bir h\u00fccreye gidin ve o h\u00fccreyi kopyalamak i\u00e7in \u201cCtrl + A\u201d k\u0131sayol tu\u015flar\u0131na bas\u0131n.<\/li><li> Bundan sonra kopyalanan geni\u015fli\u011fi yap\u0131\u015ft\u0131rmak istedi\u011finiz s\u00fctun h\u00fccresine gidin ve \u201cAlt \u2192 E \u2192 S \u2192 W\u201d tu\u015funa bas\u0131n, \u201cEnter\u201d tu\u015funa bas\u0131n, s\u00fctun geni\u015fli\u011fi yap\u0131\u015ft\u0131r\u0131lacakt\u0131r.<\/li><\/ol><h2 class=\"wp-block-heading\"> De\u011ferler ve bi\u00e7imlendirme dahil s\u00fctun geni\u015fli\u011fini kopyalay\u0131p yap\u0131\u015ft\u0131r\u0131n<\/h2><p> Verileri kopyalay\u0131p yap\u0131\u015ft\u0131rd\u0131\u011f\u0131n\u0131zda s\u00fctun geni\u015fli\u011finin yap\u0131\u015ft\u0131r\u0131lmad\u0131\u011f\u0131n\u0131, ancak kopyalanan verileri ve s\u00fctun geni\u015fli\u011fini yap\u0131\u015ft\u0131rmak i\u00e7in a\u015fa\u011f\u0131daki ad\u0131mlar\u0131 takip etti\u011finizi her zaman fark etmi\u015fsinizdir:<\/p><ol><li> \u00d6ncelikle ayn\u0131 sayfan\u0131n ba\u015fka bir yerine veya yeni \u00e7al\u0131\u015fma sayfas\u0131na yap\u0131\u015ft\u0131rmak istedi\u011finiz verileri se\u00e7in ve kopyalay\u0131n. <br><img loading=\"lazy\" decoding=\"async\" title=\"6-select-veri k\u00fcmesi\" src=\"https:\/\/exceladvisor.org\/wp-content\/uploads\/2023\/08\/6-selectionner-le-jeu-de-donnees.png\" sizes=\"auto, \" srcset=\"\" alt=\"select-the-data-set\" width=\"492\" height=\"259\"><\/li><li> Daha sonra bu verileri yap\u0131\u015ft\u0131rmak istedi\u011finiz h\u00fccreye gidin ve \u201cAna Sayfa\u201d sekmesindeki \u201cYap\u0131\u015ft\u0131r\u201d simgesine t\u0131klay\u0131n, ard\u0131ndan \u201cKaynak s\u00fctun geni\u015fli\u011fini koru\u201d se\u00e7ene\u011fine t\u0131klay\u0131n.<\/li><li> Bu se\u00e7ene\u011fe t\u0131klad\u0131\u011f\u0131n\u0131z anda kopyalanan veriler, kopyalanan h\u00fccrelere s\u00fctun geni\u015fli\u011fi ve varsa format\u0131yla yap\u0131\u015ft\u0131r\u0131lacakt\u0131r. <br><img loading=\"lazy\" decoding=\"async\" title=\"7-kayna\u011f\u0131-tut-s\u00fctun-geni\u015fli\u011fini se\u00e7\" src=\"https:\/\/exceladvisor.org\/wp-content\/uploads\/2023\/08\/7-selectionnez-conserver-la-largeur-de-la-colonne-source.png\" sizes=\"auto, \" srcset=\"\" alt=\"select-keep -source-column-width\" width=\"730\" height=\"323\"><\/li><\/ol><h2 class=\"wp-block-heading\"> Yaln\u0131zca s\u00fctun geni\u015fli\u011fini kopyalay\u0131p yap\u0131\u015ft\u0131rmak i\u00e7in klavye k\u0131sayolu<\/h2><p> <kbd>Alt<\/kbd> \u2192 <kbd>H<\/kbd> \u2192 <kbd>V<\/kbd> \u2192 <kbd>W<\/kbd><\/p><ul><li> \u00d6ncelikle \u201cCtrl + A\u201d k\u0131sayol tu\u015flar\u0131n\u0131 kullanarak verileri kopyalay\u0131n.<\/li><li> Bundan sonra kopyalanan verileri geni\u015flikle yap\u0131\u015ft\u0131rmak istedi\u011finiz h\u00fccreye gidin ve ard\u0131ndan \u201cAlt \u2192 H \u2192 V \u2192 W\u201d tu\u015funa bas\u0131n, s\u00fctun geni\u015fli\u011fine sahip veriler yap\u0131\u015ft\u0131r\u0131lacakt\u0131r.<\/li><\/ul><h2 class=\"wp-block-heading\"> Bi\u00e7im Boyac\u0131s\u0131&#8217;n\u0131 kullanarak bi\u00e7imlendirme dahil s\u00fctun geni\u015fli\u011fini kopyalay\u0131p yap\u0131\u015ft\u0131r\u0131n<\/h2><ol><li> \u00d6ncelikle s\u00fctun ba\u015fl\u0131\u011f\u0131na gidin ve s\u00fctunun tamam\u0131n\u0131 se\u00e7in, ard\u0131ndan &#8220;Giri\u015f&#8221; sekmesindeki &#8220;Bi\u00e7im Boyac\u0131s\u0131&#8221; simgesini t\u0131klay\u0131n.<\/li><li> \u201cBi\u00e7im Boyac\u0131s\u0131\u201dna t\u0131klad\u0131\u011f\u0131n\u0131z anda fare imleciniz bir boya f\u0131r\u00e7as\u0131 sembol\u00fcne d\u00f6n\u00fc\u015fecektir. <br><img loading=\"lazy\" decoding=\"async\" title=\"8-yap\u0131\u015ft\u0131r-geni\u015fli\u011fi-kullanan-ressam-format\u0131\" src=\"https:\/\/exceladvisor.org\/wp-content\/uploads\/2023\/08\/8-largeur-de-pate-a-laide-de-Format-Painter.png\" sizes=\"auto, \" srcset=\"\" alt=\"paste-width-using-format-painter\" width=\"439\" height=\"384\"><\/li><li> \u015eimdi, bi\u00e7imlendirme dahil s\u00fctun geni\u015fli\u011fini yap\u0131\u015ft\u0131rmak istedi\u011finiz s\u00fctun ba\u015fl\u0131\u011f\u0131na gidin ve fare d\u00fc\u011fmesini t\u0131klaman\u0131z yeterlidir; yap\u0131\u015ft\u0131r\u0131lacakt\u0131r. <br><img loading=\"lazy\" decoding=\"async\" title=\"9-geni\u015flik-yap\u0131\u015ft\u0131r\u0131lm\u0131\u015f-bi\u00e7imlendirme dahil\" src=\"https:\/\/exceladvisor.org\/wp-content\/uploads\/2023\/08\/9-largeur-collee-avec-mise-en-forme.png\" sizes=\"auto, \" srcset=\"\" alt=\"width-pasted-including-formatting\" width=\"668\" height=\"251\"><\/li><\/ol><div class=\"gb-container gb-container-4db6181c gb-container-mt\"> <a class=\"gb-button gb-button-c5897111 gb-button-text gb-button-mt-button\" href=\"https:\/\/exceladvisor.org\/tr\/excelin-temelleri\/\">Microsoft Excel Temelleri (Bile\u015fenler, Par\u00e7alar ve Bilgi Notlar\u0131)<\/a><h2 class=\"gb-headline gb-headline-665e5f6b gb-headline-text gb-headline-mt-heading\"> \u0130lgili e\u011fitimler <\/h2><div class=\"gb-grid-wrapper gb-grid-wrapper-a20baf7c gb-grid-wrapper-mt-grid\"><div class=\"gb-grid-column gb-grid-column-65ddf67e\"><div class=\"gb-container gb-container-65ddf67e\"><ul><li> <a href=\"https:\/\/exceladvisor.org\/tr\/bir-cizgi-ciz\/\">Excel&#8217;de bir \u00e7izgi \u00e7izin<\/a><\/li><li> <a href=\"https:\/\/exceladvisor.org\/tr\/dugme-ekle\/\">Excel&#8217;e d\u00fc\u011fme ekleme<\/a><\/li><li> <a href=\"https:\/\/exceladvisor.org\/tr\/ayrisan-hucreleri-birlestirme\/\">Birle\u015ftirme \u2013 Excel&#8217;deki h\u00fccrelerin grubunu \u00e7\u00f6zme<\/a><\/li><li> <a href=\"https:\/\/exceladvisor.org\/tr\/yazim-denetleyicisi\/\">Excel&#8217;de yaz\u0131m denetimi<\/a><\/li><li> <a href=\"https:\/\/exceladvisor.org\/tr\/para-cekme\/\">Excel&#8217;de girintiyi art\u0131rma ve azaltma<\/a><\/li><\/ul><\/div><\/div><\/div><\/div>","protected":false},"excerpt":{"rendered":"","protected":false},"author":1,"featured_media":0,"parent":0,"menu_order":0,"comment_status":"open","ping_status":"closed","template":"","meta":{"ub_ctt_via":"","footnotes":""},"class_list":["post-1646","page","type-page","status-publish","hentry"],"featured_image_src":null,"yoast_head":"<!-- This site is optimized with the Yoast SEO plugin v25.4 - https:\/\/yoast.com\/wordpress\/plugins\/seo\/ -->\n<title>Excel&#039;de bir s\u00fctunun geni\u015fli\u011fi nas\u0131l kopyalan\u0131p yap\u0131\u015ft\u0131r\u0131l\u0131r?<\/title>\n<meta name=\"description\" content=\"Bu e\u011fitim, geni\u015fli\u011fi bir s\u00fctundan di\u011ferine kopyalay\u0131p yap\u0131\u015ft\u0131rmaya odaklanmaktad\u0131r. Bu yeni bir d\u00f6nem i\u00e7in \u00f6nemli bir \u015fey...\" \/>\n<meta name=\"robots\" content=\"index, follow, max-snippet:-1, max-image-preview:large, max-video-preview:-1\" \/>\n<link rel=\"canonical\" href=\"https:\/\/exceladvisor.org\/tr\/kopyala-yapistir-sutun-genisligi\/\" \/>\n<meta property=\"og:locale\" content=\"tr_TR\" \/>\n<meta property=\"og:type\" content=\"article\" \/>\n<meta property=\"og:title\" content=\"Excel&#039;de bir s\u00fctunun geni\u015fli\u011fi nas\u0131l kopyalan\u0131p yap\u0131\u015ft\u0131r\u0131l\u0131r?\" \/>\n<meta property=\"og:description\" content=\"Bu e\u011fitim, geni\u015fli\u011fi bir s\u00fctundan di\u011ferine kopyalay\u0131p yap\u0131\u015ft\u0131rmaya odaklanmaktad\u0131r. Bu yeni bir d\u00f6nem i\u00e7in \u00f6nemli bir \u015fey...\" \/>\n<meta property=\"og:url\" content=\"https:\/\/exceladvisor.org\/tr\/kopyala-yapistir-sutun-genisligi\/\" \/>\n<meta property=\"og:site_name\" content=\"Excel Advisor\" \/>\n<meta property=\"article:modified_time\" content=\"2023-12-10T06:00:46+00:00\" \/>\n<meta property=\"og:image\" content=\"https:\/\/exceladvisor.org\/wp-content\/uploads\/2023\/08\/1-selectionner-la-colonne-2.png\" \/>\n<meta name=\"twitter:card\" content=\"summary_large_image\" \/>\n<meta name=\"twitter:label1\" content=\"Tahmini okuma s\u00fcresi\" \/>\n\t<meta name=\"twitter:data1\" content=\"4 dakika\" \/>\n<script type=\"application\/ld+json\" class=\"yoast-schema-graph\">{\"@context\":\"https:\/\/schema.org\",\"@graph\":[{\"@type\":\"WebPage\",\"@id\":\"https:\/\/exceladvisor.org\/tr\/kopyala-yapistir-sutun-genisligi\/\",\"url\":\"https:\/\/exceladvisor.org\/tr\/kopyala-yapistir-sutun-genisligi\/\",\"name\":\"Excel&#39;de bir s\u00fctunun geni\u015fli\u011fi nas\u0131l kopyalan\u0131p yap\u0131\u015ft\u0131r\u0131l\u0131r?\",\"isPartOf\":{\"@id\":\"https:\/\/exceladvisor.org\/tr\/#website\"},\"primaryImageOfPage\":{\"@id\":\"https:\/\/exceladvisor.org\/tr\/kopyala-yapistir-sutun-genisligi\/#primaryimage\"},\"image\":{\"@id\":\"https:\/\/exceladvisor.org\/tr\/kopyala-yapistir-sutun-genisligi\/#primaryimage\"},\"thumbnailUrl\":\"https:\/\/exceladvisor.org\/wp-content\/uploads\/2023\/08\/1-selectionner-la-colonne-2.png\",\"datePublished\":\"2023-11-13T22:18:01+00:00\",\"dateModified\":\"2023-12-10T06:00:46+00:00\",\"description\":\"Bu e\u011fitim, geni\u015fli\u011fi bir s\u00fctundan di\u011ferine kopyalay\u0131p yap\u0131\u015ft\u0131rmaya odaklanmaktad\u0131r. Bu yeni bir d\u00f6nem i\u00e7in \u00f6nemli bir \u015fey...\",\"breadcrumb\":{\"@id\":\"https:\/\/exceladvisor.org\/tr\/kopyala-yapistir-sutun-genisligi\/#breadcrumb\"},\"inLanguage\":\"tr\",\"potentialAction\":[{\"@type\":\"ReadAction\",\"target\":[\"https:\/\/exceladvisor.org\/tr\/kopyala-yapistir-sutun-genisligi\/\"]}]},{\"@type\":\"ImageObject\",\"inLanguage\":\"tr\",\"@id\":\"https:\/\/exceladvisor.org\/tr\/kopyala-yapistir-sutun-genisligi\/#primaryimage\",\"url\":\"https:\/\/exceladvisor.org\/wp-content\/uploads\/2023\/08\/1-selectionner-la-colonne-2.png\",\"contentUrl\":\"https:\/\/exceladvisor.org\/wp-content\/uploads\/2023\/08\/1-selectionner-la-colonne-2.png\"},{\"@type\":\"BreadcrumbList\",\"@id\":\"https:\/\/exceladvisor.org\/tr\/kopyala-yapistir-sutun-genisligi\/#breadcrumb\",\"itemListElement\":[{\"@type\":\"ListItem\",\"position\":1,\"name\":\"Ev\",\"item\":\"https:\/\/exceladvisor.org\/tr\/\"},{\"@type\":\"ListItem\",\"position\":2,\"name\":\"Excel&#39;de bir s\u00fctunun geni\u015fli\u011fi nas\u0131l kopyalan\u0131p yap\u0131\u015ft\u0131r\u0131l\u0131r?\"}]},{\"@type\":\"WebSite\",\"@id\":\"https:\/\/exceladvisor.org\/tr\/#website\",\"url\":\"https:\/\/exceladvisor.org\/tr\/\",\"name\":\"Excel Advisor\",\"description\":\"Veri hakimiyetine y\u00f6nelik nihai rehberiniz!\",\"publisher\":{\"@id\":\"https:\/\/exceladvisor.org\/tr\/#organization\"},\"potentialAction\":[{\"@type\":\"SearchAction\",\"target\":{\"@type\":\"EntryPoint\",\"urlTemplate\":\"https:\/\/exceladvisor.org\/tr\/?s={search_term_string}\"},\"query-input\":{\"@type\":\"PropertyValueSpecification\",\"valueRequired\":true,\"valueName\":\"search_term_string\"}}],\"inLanguage\":\"tr\"},{\"@type\":\"Organization\",\"@id\":\"https:\/\/exceladvisor.org\/tr\/#organization\",\"name\":\"Excel Advisor\",\"url\":\"https:\/\/exceladvisor.org\/tr\/\",\"logo\":{\"@type\":\"ImageObject\",\"inLanguage\":\"tr\",\"@id\":\"https:\/\/exceladvisor.org\/tr\/#\/schema\/logo\/image\/\",\"url\":\"https:\/\/exceladvisor.org\/tr\/wp-content\/uploads\/2023\/12\/exceladvisor.org_.png\",\"contentUrl\":\"https:\/\/exceladvisor.org\/tr\/wp-content\/uploads\/2023\/12\/exceladvisor.org_.png\",\"width\":105,\"height\":36,\"caption\":\"Excel Advisor\"},\"image\":{\"@id\":\"https:\/\/exceladvisor.org\/tr\/#\/schema\/logo\/image\/\"}}]}<\/script>\n<!-- \/ Yoast SEO plugin. -->","yoast_head_json":{"title":"Excel&#39;de bir s\u00fctunun geni\u015fli\u011fi nas\u0131l kopyalan\u0131p yap\u0131\u015ft\u0131r\u0131l\u0131r?","description":"Bu e\u011fitim, geni\u015fli\u011fi bir s\u00fctundan di\u011ferine kopyalay\u0131p yap\u0131\u015ft\u0131rmaya odaklanmaktad\u0131r. Bu yeni bir d\u00f6nem i\u00e7in \u00f6nemli bir \u015fey...","robots":{"index":"index","follow":"follow","max-snippet":"max-snippet:-1","max-image-preview":"max-image-preview:large","max-video-preview":"max-video-preview:-1"},"canonical":"https:\/\/exceladvisor.org\/tr\/kopyala-yapistir-sutun-genisligi\/","og_locale":"tr_TR","og_type":"article","og_title":"Excel&#39;de bir s\u00fctunun geni\u015fli\u011fi nas\u0131l kopyalan\u0131p yap\u0131\u015ft\u0131r\u0131l\u0131r?","og_description":"Bu e\u011fitim, geni\u015fli\u011fi bir s\u00fctundan di\u011ferine kopyalay\u0131p yap\u0131\u015ft\u0131rmaya odaklanmaktad\u0131r. Bu yeni bir d\u00f6nem i\u00e7in \u00f6nemli bir \u015fey...","og_url":"https:\/\/exceladvisor.org\/tr\/kopyala-yapistir-sutun-genisligi\/","og_site_name":"Excel Advisor","article_modified_time":"2023-12-10T06:00:46+00:00","og_image":[{"url":"https:\/\/exceladvisor.org\/wp-content\/uploads\/2023\/08\/1-selectionner-la-colonne-2.png","type":"","width":"","height":""}],"twitter_card":"summary_large_image","twitter_misc":{"Tahmini okuma s\u00fcresi":"4 dakika"},"schema":{"@context":"https:\/\/schema.org","@graph":[{"@type":"WebPage","@id":"https:\/\/exceladvisor.org\/tr\/kopyala-yapistir-sutun-genisligi\/","url":"https:\/\/exceladvisor.org\/tr\/kopyala-yapistir-sutun-genisligi\/","name":"Excel&#39;de bir s\u00fctunun geni\u015fli\u011fi nas\u0131l kopyalan\u0131p yap\u0131\u015ft\u0131r\u0131l\u0131r?","isPartOf":{"@id":"https:\/\/exceladvisor.org\/tr\/#website"},"primaryImageOfPage":{"@id":"https:\/\/exceladvisor.org\/tr\/kopyala-yapistir-sutun-genisligi\/#primaryimage"},"image":{"@id":"https:\/\/exceladvisor.org\/tr\/kopyala-yapistir-sutun-genisligi\/#primaryimage"},"thumbnailUrl":"https:\/\/exceladvisor.org\/wp-content\/uploads\/2023\/08\/1-selectionner-la-colonne-2.png","datePublished":"2023-11-13T22:18:01+00:00","dateModified":"2023-12-10T06:00:46+00:00","description":"Bu e\u011fitim, geni\u015fli\u011fi bir s\u00fctundan di\u011ferine kopyalay\u0131p yap\u0131\u015ft\u0131rmaya odaklanmaktad\u0131r. Bu yeni bir d\u00f6nem i\u00e7in \u00f6nemli bir \u015fey...","breadcrumb":{"@id":"https:\/\/exceladvisor.org\/tr\/kopyala-yapistir-sutun-genisligi\/#breadcrumb"},"inLanguage":"tr","potentialAction":[{"@type":"ReadAction","target":["https:\/\/exceladvisor.org\/tr\/kopyala-yapistir-sutun-genisligi\/"]}]},{"@type":"ImageObject","inLanguage":"tr","@id":"https:\/\/exceladvisor.org\/tr\/kopyala-yapistir-sutun-genisligi\/#primaryimage","url":"https:\/\/exceladvisor.org\/wp-content\/uploads\/2023\/08\/1-selectionner-la-colonne-2.png","contentUrl":"https:\/\/exceladvisor.org\/wp-content\/uploads\/2023\/08\/1-selectionner-la-colonne-2.png"},{"@type":"BreadcrumbList","@id":"https:\/\/exceladvisor.org\/tr\/kopyala-yapistir-sutun-genisligi\/#breadcrumb","itemListElement":[{"@type":"ListItem","position":1,"name":"Ev","item":"https:\/\/exceladvisor.org\/tr\/"},{"@type":"ListItem","position":2,"name":"Excel&#39;de bir s\u00fctunun geni\u015fli\u011fi nas\u0131l kopyalan\u0131p yap\u0131\u015ft\u0131r\u0131l\u0131r?"}]},{"@type":"WebSite","@id":"https:\/\/exceladvisor.org\/tr\/#website","url":"https:\/\/exceladvisor.org\/tr\/","name":"Excel Advisor","description":"Veri hakimiyetine y\u00f6nelik nihai rehberiniz!","publisher":{"@id":"https:\/\/exceladvisor.org\/tr\/#organization"},"potentialAction":[{"@type":"SearchAction","target":{"@type":"EntryPoint","urlTemplate":"https:\/\/exceladvisor.org\/tr\/?s={search_term_string}"},"query-input":{"@type":"PropertyValueSpecification","valueRequired":true,"valueName":"search_term_string"}}],"inLanguage":"tr"},{"@type":"Organization","@id":"https:\/\/exceladvisor.org\/tr\/#organization","name":"Excel Advisor","url":"https:\/\/exceladvisor.org\/tr\/","logo":{"@type":"ImageObject","inLanguage":"tr","@id":"https:\/\/exceladvisor.org\/tr\/#\/schema\/logo\/image\/","url":"https:\/\/exceladvisor.org\/tr\/wp-content\/uploads\/2023\/12\/exceladvisor.org_.png","contentUrl":"https:\/\/exceladvisor.org\/tr\/wp-content\/uploads\/2023\/12\/exceladvisor.org_.png","width":105,"height":36,"caption":"Excel Advisor"},"image":{"@id":"https:\/\/exceladvisor.org\/tr\/#\/schema\/logo\/image\/"}}]}},"yoast_meta":{"yoast_wpseo_title":"","yoast_wpseo_metadesc":"","yoast_wpseo_canonical":""},"_links":{"self":[{"href":"https:\/\/exceladvisor.org\/tr\/wp-json\/wp\/v2\/pages\/1646","targetHints":{"allow":["GET"]}}],"collection":[{"href":"https:\/\/exceladvisor.org\/tr\/wp-json\/wp\/v2\/pages"}],"about":[{"href":"https:\/\/exceladvisor.org\/tr\/wp-json\/wp\/v2\/types\/page"}],"author":[{"embeddable":true,"href":"https:\/\/exceladvisor.org\/tr\/wp-json\/wp\/v2\/users\/1"}],"replies":[{"embeddable":true,"href":"https:\/\/exceladvisor.org\/tr\/wp-json\/wp\/v2\/comments?post=1646"}],"version-history":[{"count":1,"href":"https:\/\/exceladvisor.org\/tr\/wp-json\/wp\/v2\/pages\/1646\/revisions"}],"predecessor-version":[{"id":2434,"href":"https:\/\/exceladvisor.org\/tr\/wp-json\/wp\/v2\/pages\/1646\/revisions\/2434"}],"wp:attachment":[{"href":"https:\/\/exceladvisor.org\/tr\/wp-json\/wp\/v2\/media?parent=1646"}],"curies":[{"name":"wp","href":"https:\/\/api.w.org\/{rel}","templated":true}]}}