{"id":1647,"date":"2023-11-13T21:20:58","date_gmt":"2023-11-13T21:20:58","guid":{"rendered":"https:\/\/exceladvisor.org\/tr\/degerleri-bicimlendirmeden-yapistir\/"},"modified":"2023-12-10T05:59:17","modified_gmt":"2023-12-10T05:59:17","slug":"degerleri-bicimlendirmeden-yapistir","status":"publish","type":"page","link":"https:\/\/exceladvisor.org\/tr\/degerleri-bicimlendirmeden-yapistir\/","title":{"rendered":"De\u011ferler bi\u00e7imlendirmeden nas\u0131l kopyalan\u0131p yap\u0131\u015ft\u0131r\u0131l\u0131r?"},"content":{"rendered":"<div class=\"excel-icerikten-once\" id=\"excel-2144653476\"><script type=\"text\/javascript\">\r\n\tatOptions = {\r\n\t\t'key' : 'c1158f160081d6540a8409e6925dab94',\r\n\t\t'format' : 'iframe',\r\n\t\t'height' : 250,\r\n\t\t'width' : 300,\r\n\t\t'params' : {}\r\n\t};\r\n<\/script>\r\n<script type=\"text\/javascript\" src=\"\/\/www.highperformanceformat.com\/c1158f160081d6540a8409e6925dab94\/invoke.js\"><\/script><\/div> <p>Hepinizin bildi\u011fi gibi kopyalay\u0131p yap\u0131\u015ft\u0131rmak verilerle \u00e7al\u0131\u015f\u0131rken herkesin yapt\u0131\u011f\u0131 yayg\u0131n bir i\u015flemdir ve bazen bi\u00e7imlendirme uygulanm\u0131\u015f verileri kopyalay\u0131p yap\u0131\u015ft\u0131rmak istersiniz ancak de\u011ferleri yaln\u0131zca onlardan yap\u0131\u015ft\u0131rmak istersiniz ve bunun i\u00e7in Excel&#8217;in bunu yapman\u0131n birka\u00e7 yolu.<\/p><p> Bu e\u011fitimde, de\u011ferleri yaln\u0131zca bi\u00e7imlendirmeden kopyalay\u0131p yap\u0131\u015ft\u0131rman\u0131n birka\u00e7 yolunu g\u00f6sterece\u011fiz.<\/p><h2 class=\"wp-block-heading\"> De\u011ferleri yaln\u0131zca \u00f6zel yap\u0131\u015ft\u0131rma se\u00e7ene\u011fini kullanarak kopyalama ve yap\u0131\u015ft\u0131rma ad\u0131mlar\u0131<\/h2><ol><li> \u00d6ncelikle kopyalay\u0131p yap\u0131\u015ft\u0131rmak istedi\u011finiz h\u00fccreyi veya h\u00fccre aral\u0131\u011f\u0131n\u0131 se\u00e7in.<\/li><li> Daha sonra se\u00e7ilen h\u00fccreleri kopyalamak i\u00e7in \u201cCTRL + C\u201d k\u0131sayol tu\u015flar\u0131na bas\u0131n veya sa\u011f t\u0131klay\u0131p a\u00e7\u0131lan listeden \u201cKopyala\u201d se\u00e7ene\u011fini se\u00e7in. <br><img loading=\"lazy\" decoding=\"async\" title=\"1-yaln\u0131zca kopyala-yap\u0131\u015ft\u0131r-de\u011ferler\" src=\"https:\/\/exceladvisor.org\/wp-content\/uploads\/2023\/08\/1-copier-et-coller-uniquement-les-valeurs.png\" sizes=\"auto, \" srcset=\"\" alt=\"copy-and-paste-values-only\" width=\"448\" height=\"393\"><\/li><li> Verileriniz se\u00e7ildikten sonra Excel, a\u015fa\u011f\u0131daki resimde g\u00f6sterildi\u011fi gibi se\u00e7ilen alanda vurgulanan kenarl\u0131\u011f\u0131 g\u00f6r\u00fcnt\u00fclemeye ba\u015flayacakt\u0131r. <br><img loading=\"lazy\" decoding=\"async\" title=\"2 se\u00e7ilmi\u015f veri aral\u0131\u011f\u0131\" src=\"https:\/\/exceladvisor.org\/wp-content\/uploads\/2023\/08\/2-plage-de-donnees-selectionnee.png\" sizes=\"auto, \" srcset=\"\" alt=\"selected-data-range\" width=\"405\" height=\"223\"><\/li><li> \u015eimdi kopyalanan verileri yap\u0131\u015ft\u0131rmak istedi\u011finiz h\u00fccreye gidin ve sa\u011f t\u0131klay\u0131p \u201c123\u201d (De\u011ferler) se\u00e7ene\u011fini se\u00e7in, verileriniz de\u011fer olarak yap\u0131\u015ft\u0131r\u0131lacakt\u0131r. <br><img loading=\"lazy\" decoding=\"async\" title=\"Se\u00e7enek 3 se\u00e7im de\u011ferleri\" src=\"https:\/\/exceladvisor.org\/wp-content\/uploads\/2023\/08\/3-choisir-loption-des-valeurs.png\" sizes=\"auto, \" srcset=\"\" alt=\"choose-values-option\" width=\"613\" height=\"253\"><\/li><li> Veya kopyalanan verileri yap\u0131\u015ft\u0131rmak istedi\u011finiz h\u00fccreye giderek \u201cAna Sayfa\u201d sekmesine giderek \u201cYap\u0131\u015ft\u0131r\u201d ikonuna t\u0131klay\u0131n ve buradan \u201c123\u201d de\u011fer se\u00e7ene\u011fini se\u00e7ebilirsiniz ve verileriniz de\u011fer olarak yap\u0131\u015ft\u0131r\u0131lacakt\u0131r. <br><img loading=\"lazy\" decoding=\"async\" title=\"4-yaln\u0131zca yap\u0131\u015ft\u0131rma de\u011ferlerini se\u00e7in\" src=\"https:\/\/exceladvisor.org\/wp-content\/uploads\/2023\/08\/4-choisir-uniquement-les-valeurs-de-collage.png\" sizes=\"auto, \" srcset=\"\" alt=\"choose-paste-values-only\" width=\"564\" height=\"354\"><\/li><\/ol><h2 class=\"wp-block-heading\"> S\u00fcr\u00fckle ve b\u0131rak \u00f6zelli\u011fini kullanarak de\u011ferleri kopyalay\u0131p yap\u0131\u015ft\u0131r\u0131n<\/h2><p> Excel ayr\u0131ca, kopyalanan verileri yaln\u0131zca de\u011fer olarak yap\u0131\u015ft\u0131rmak i\u00e7in \u00e7ok h\u0131zl\u0131 ve kolay bir s\u00fcr\u00fckle ve b\u0131rak i\u015flevine sahiptir ve bunu yapmak i\u00e7in a\u015fa\u011f\u0131daki ad\u0131mlar\u0131 izleyin:<\/p><ol><li> \u00d6ncelikle kopyalay\u0131p yap\u0131\u015ft\u0131rmak istedi\u011finiz h\u00fccreyi veya h\u00fccre aral\u0131\u011f\u0131n\u0131 se\u00e7in.<\/li><li> Bundan sonra farenizi se\u00e7ilen aral\u0131\u011f\u0131n s\u0131n\u0131r\u0131n\u0131n \u00fczerine getirin. <br><img loading=\"lazy\" decoding=\"async\" title=\"Menzil s\u0131n\u0131r\u0131nda 5 fareyle \u00fczerine gelme\" src=\"https:\/\/exceladvisor.org\/wp-content\/uploads\/2023\/08\/5-survolez-la-souris-sur-la-bordure-de-la-plage.png\" sizes=\"auto, \" srcset=\"\" alt=\"hover-mouse-on-the-range-border\" width=\"408\" height=\"227\"><\/li><li> \u015eimdi aral\u0131\u011f\u0131 sa\u011f t\u0131klay\u0131p bas\u0131l\u0131 tutun ve yap\u0131\u015ft\u0131rmak istedi\u011finiz h\u00fccreye s\u00fcr\u00fckleyin, ard\u0131ndan sa\u011f fare d\u00fc\u011fmesini b\u0131rak\u0131n.<\/li><li> Sa\u011f d\u00fc\u011fmeyi b\u0131rakt\u0131\u011f\u0131n\u0131zda, birden fazla se\u00e7ene\u011fin bulundu\u011fu a\u00e7\u0131l\u0131r men\u00fcy\u00fc g\u00f6receksiniz ve oradan &#8220;Buraya yaln\u0131zca de\u011ferler olarak kopyala&#8221; se\u00e7ene\u011fini t\u0131klay\u0131n. <br><img loading=\"lazy\" decoding=\"async\" title=\"6-buraya-yaln\u0131zca-de\u011fer olarak-kopyala\" src=\"https:\/\/exceladvisor.org\/wp-content\/uploads\/2023\/08\/6-copier-ici-en-tant-que-valeurs-uniquement.png\" sizes=\"auto, \" srcset=\"\" alt=\"copy-here-as-values-only\" width=\"540\" height=\"339\"><\/li><li> \u201cBuraya sadece de\u011fer olarak kopyala\u201d se\u00e7ene\u011fine t\u0131klad\u0131\u011f\u0131n\u0131z an kopyalanan veriler sadece de\u011fer olarak yap\u0131\u015ft\u0131r\u0131lacakt\u0131r. <br><img loading=\"lazy\" decoding=\"async\" title=\"7-yaln\u0131zca de\u011fer olarak yap\u0131\u015ft\u0131r\u0131lan veriler\" src=\"https:\/\/exceladvisor.org\/wp-content\/uploads\/2023\/08\/7-donnees-collees-en-tant-que-valeurs-uniquement.png\" sizes=\"auto, \" srcset=\"\" alt=\"data-pasted-as-values-only\" width=\"611\" height=\"233\"><\/li><\/ol><h2 class=\"wp-block-heading\"> De\u011ferleri yaln\u0131zca klavye k\u0131sayolunu kullanarak kopyalay\u0131p yap\u0131\u015ft\u0131r\u0131n<\/h2><p> E\u011fer bir Excel k\u0131sayolu a\u015f\u0131\u011f\u0131ysan\u0131z, klavye k\u0131sayolunu kullanarak bu kopyala ve yap\u0131\u015ft\u0131r sizin i\u00e7in en iyi se\u00e7imdir.<\/p><ol><li> \u00d6ncelikle kopyalamak ve yap\u0131\u015ft\u0131rmak istedi\u011finiz veri aral\u0131\u011f\u0131n\u0131 se\u00e7in, ard\u0131ndan bu aral\u0131\u011f\u0131 kopyalamak i\u00e7in \u201cCtrl + C\u201d klavye k\u0131sayoluna bas\u0131n.<\/li><li> Veya veri setinin tamam\u0131n\u0131 se\u00e7mek istiyorsan\u0131z \u00f6nce &#8220;Ctrl + A&#8221; tu\u015flar\u0131na basarak veri setinin tamam\u0131n\u0131 se\u00e7in, ard\u0131ndan se\u00e7ilen veri setini kopyalamak i\u00e7in &#8220;Ctrl + C&#8221; tu\u015flar\u0131na bas\u0131n.<\/li><li> Verileriniz se\u00e7ildikten sonra Excel, a\u015fa\u011f\u0131daki resimde g\u00f6sterildi\u011fi gibi se\u00e7ilen alanda vurgulanan kenarl\u0131\u011f\u0131 g\u00f6r\u00fcnt\u00fclemeye ba\u015flayacakt\u0131r. <br><img loading=\"lazy\" decoding=\"async\" title=\"8-veri aral\u0131\u011f\u0131n\u0131 se\u00e7in\" src=\"https:\/\/exceladvisor.org\/wp-content\/uploads\/2023\/08\/8-selectionner-la-plage-de-donnees.png\" sizes=\"auto, \" srcset=\"\" alt=\"select-the-data-range\" width=\"426\" height=\"248\"><\/li><li> \u015eimdi se\u00e7ili verileri yap\u0131\u015ft\u0131rmak istedi\u011finiz h\u00fccreye gidin ve s\u0131ras\u0131yla \u201cAlt \u2192 E \u2192 S \u2192 E\u201d tu\u015flar\u0131na bas\u0131n ve ard\u0131ndan \u201cEnter\u201d tu\u015funa bas\u0131n, verileriniz yaln\u0131zca de\u011fer olarak yap\u0131\u015ft\u0131r\u0131lacakt\u0131r.<\/li><li> Veya kopyalanan verileri yaln\u0131zca de\u011fer olarak yap\u0131\u015ft\u0131rmak i\u00e7in \u201cCtrl + Alt + V \u2192 \u201cE\u201d tu\u015flar\u0131na basabilir ve ard\u0131ndan \u201cEnter\u201d tu\u015funa basabilirsiniz. <br><img loading=\"lazy\" decoding=\"async\" title=\"Yaln\u0131zca de\u011ferleri yap\u0131\u015ft\u0131rmak i\u00e7in 9 k\u0131sayol\" src=\"https:\/\/exceladvisor.org\/wp-content\/uploads\/2023\/08\/9-raccourci-pour-coller-uniquement-les-valeurs.png\" sizes=\"auto, \" srcset=\"\" alt=\"shortcut-to-paste-values-only\" width=\"707\" height=\"223\"><\/li><\/ol><p class=\"grey-note\"> Yukar\u0131da bahsedilen iki k\u0131sayol, k\u0131sayol kombinasyonunun ilk \u00fc\u00e7 tu\u015funa bast\u0131\u011f\u0131n\u0131zda ve son tu\u015f olan &#8220;V&#8221;ye bast\u0131\u011f\u0131n\u0131zda, ileti\u015fim kutusunun &#8220;De\u011ferler&#8221; se\u00e7ene\u011fini se\u00e7erek yap\u0131\u015ft\u0131rmak i\u00e7in &#8220;\u00d6zel Yap\u0131\u015ft\u0131r&#8221; ileti\u015fim kutusunu a\u00e7ar. yaln\u0131zca de\u011fer olarak veriler. <\/p><div class=\"wp-block-image\"><figure class=\"aligncenter size-full is-resized\"><img loading=\"lazy\" decoding=\"async\" class=\"wp-image-80398\" src=\"https:\/\/exceladvisor.org\/wp-content\/uploads\/2023\/08\/Boite-de-dialogue-speciale-10-coller.png\" sizes=\"auto, \" srcset=\"\" alt=\"yap\u0131\u015ft\u0131r-\u00f6zel-ileti\u015fim kutusu\" width=\"452\" height=\"339\"><\/figure><\/div><h2 class=\"wp-block-heading\"> H\u00fccre d\u00fczenleme modunu kullanarak de\u011ferleri kopyalay\u0131p yap\u0131\u015ft\u0131r\u0131n<\/h2><p> Bu se\u00e7enek yaln\u0131zca tek bir h\u00fccre de\u011ferini kopyalay\u0131p yap\u0131\u015ft\u0131rmak istiyorsan\u0131z \u00e7al\u0131\u015f\u0131r.<\/p><ol><li> Kopyalamak istedi\u011finiz h\u00fccreye gidin, ard\u0131ndan h\u00fccreyi d\u00fczenleme moduna ge\u00e7irmek i\u00e7in h\u00fccreye \u00e7ift t\u0131klay\u0131n, ard\u0131ndan h\u00fccre de\u011ferini se\u00e7ip kopyalay\u0131n.<\/li><li> Daha sonra kopyalad\u0131\u011f\u0131n\u0131z de\u011feri yap\u0131\u015ft\u0131rd\u0131\u011f\u0131n\u0131z h\u00fccreye gidin ve \u201cCtrl + V\u201d klavye k\u0131sayolunu kullanarak oraya yap\u0131\u015ft\u0131r\u0131n. <\/li><\/ol><div class=\"wp-block-image\"><figure class=\"aligncenter size-full is-resized\"><img loading=\"lazy\" decoding=\"async\" class=\"wp-image-80399\" src=\"https:\/\/exceladvisor.org\/wp-content\/uploads\/2023\/08\/11-selectionner-la-valeur-de-la-cellule.png\" sizes=\"auto, \" srcset=\"\" alt=\"h\u00fccre de\u011feri se\u00e7\" width=\"450\" height=\"253\"><\/figure><\/div><div class=\"gb-container gb-container-4db6181c gb-container-mt\"> <a class=\"gb-button gb-button-c5897111 gb-button-text gb-button-mt-button\" href=\"https:\/\/exceladvisor.org\/tr\/excelin-temelleri\/\">Microsoft Excel Temelleri (Bile\u015fenler, Par\u00e7alar ve Bilgi Notlar\u0131)<\/a><h2 class=\"gb-headline gb-headline-665e5f6b gb-headline-text gb-headline-mt-heading\"> \u0130lgili e\u011fitimler <\/h2><div class=\"gb-grid-wrapper gb-grid-wrapper-a20baf7c gb-grid-wrapper-mt-grid\"><div class=\"gb-grid-column gb-grid-column-65ddf67e\"><div class=\"gb-container gb-container-65ddf67e\"><ul><li> <a href=\"https:\/\/exceladvisor.org\/tr\/bir-cizgi-ciz\/\">Excel&#8217;de bir \u00e7izgi \u00e7izin<\/a><\/li><li> <a href=\"https:\/\/exceladvisor.org\/tr\/dugme-ekle\/\">Excel&#8217;e d\u00fc\u011fme ekleme<\/a><\/li><li> <a href=\"https:\/\/exceladvisor.org\/tr\/ayrisan-hucreleri-birlestirme\/\">Birle\u015ftirme \u2013 Excel&#8217;deki h\u00fccrelerin grubunu \u00e7\u00f6zme<\/a><\/li><li> <a href=\"https:\/\/exceladvisor.org\/tr\/yazim-denetleyicisi\/\">Excel&#8217;de yaz\u0131m denetimi<\/a> <\/li><\/ul><\/div><\/div><div class=\"gb-grid-column gb-grid-column-50067b57\"><div class=\"gb-container gb-container-50067b57\"><ul><li> <a href=\"https:\/\/exceladvisor.org\/tr\/bul-degistir\/\">Excel&#8217;de Bul ve De\u011fi\u015ftir<\/a><\/li><li> <a href=\"https:\/\/exceladvisor.org\/tr\/kopyala-yapistir-sutun-genisligi\/\">Excel&#8217;de s\u00fctun geni\u015fli\u011fini kopyalay\u0131p yap\u0131\u015ft\u0131r\u0131n<\/a><\/li><li> <a href=\"https:\/\/exceladvisor.org\/tr\/dolar-isareti\/\">Excel&#8217;e dolar i\u015fareti ekleme<\/a><\/li><li> <a href=\"https:\/\/exceladvisor.org\/tr\/ilk-satirin-basligini-olustur\/\">Excel&#8217;de ilk sat\u0131r ba\u015fl\u0131\u011f\u0131 olu\u015fturma<\/a><\/li><\/ul><\/div><\/div><\/div><\/div>","protected":false},"excerpt":{"rendered":"","protected":false},"author":1,"featured_media":0,"parent":0,"menu_order":0,"comment_status":"open","ping_status":"closed","template":"","meta":{"ub_ctt_via":"","footnotes":""},"class_list":["post-1647","page","type-page","status-publish","hentry"],"featured_image_src":null,"yoast_head":"<!-- This site is optimized with the Yoast SEO plugin v25.4 - https:\/\/yoast.com\/wordpress\/plugins\/seo\/ -->\n<title>\u25b7 De\u011ferler bi\u00e7imlendirmeden nas\u0131l kopyalan\u0131p yap\u0131\u015ft\u0131r\u0131l\u0131r?<\/title>\n<meta name=\"description\" content=\"Bu, de\u011ferleri bi\u00e7imlendirmeden kopyalay\u0131p yap\u0131\u015ft\u0131rmaya y\u00f6nelik temel bir Microsoft Excel \u00f6\u011freticisidir. Bu e\u011fitimde nas\u0131l yap\u0131laca\u011f\u0131n\u0131 \u00f6\u011freneceksiniz\" \/>\n<meta name=\"robots\" content=\"index, follow, max-snippet:-1, max-image-preview:large, max-video-preview:-1\" \/>\n<link rel=\"canonical\" href=\"https:\/\/exceladvisor.org\/tr\/degerleri-bicimlendirmeden-yapistir\/\" \/>\n<meta property=\"og:locale\" content=\"tr_TR\" \/>\n<meta property=\"og:type\" content=\"article\" \/>\n<meta property=\"og:title\" content=\"\u25b7 De\u011ferler bi\u00e7imlendirmeden nas\u0131l kopyalan\u0131p yap\u0131\u015ft\u0131r\u0131l\u0131r?\" \/>\n<meta property=\"og:description\" content=\"Bu, de\u011ferleri bi\u00e7imlendirmeden kopyalay\u0131p yap\u0131\u015ft\u0131rmaya y\u00f6nelik temel bir Microsoft Excel \u00f6\u011freticisidir. Bu e\u011fitimde nas\u0131l yap\u0131laca\u011f\u0131n\u0131 \u00f6\u011freneceksiniz\" \/>\n<meta property=\"og:url\" content=\"https:\/\/exceladvisor.org\/tr\/degerleri-bicimlendirmeden-yapistir\/\" \/>\n<meta property=\"og:site_name\" content=\"Excel Advisor\" \/>\n<meta property=\"article:modified_time\" content=\"2023-12-10T05:59:17+00:00\" \/>\n<meta property=\"og:image\" content=\"https:\/\/exceladvisor.org\/wp-content\/uploads\/2023\/08\/1-copier-et-coller-uniquement-les-valeurs.png\" \/>\n<meta name=\"twitter:card\" content=\"summary_large_image\" \/>\n<meta name=\"twitter:label1\" content=\"Tahmini okuma s\u00fcresi\" \/>\n\t<meta name=\"twitter:data1\" content=\"4 dakika\" \/>\n<script type=\"application\/ld+json\" class=\"yoast-schema-graph\">{\"@context\":\"https:\/\/schema.org\",\"@graph\":[{\"@type\":\"WebPage\",\"@id\":\"https:\/\/exceladvisor.org\/tr\/degerleri-bicimlendirmeden-yapistir\/\",\"url\":\"https:\/\/exceladvisor.org\/tr\/degerleri-bicimlendirmeden-yapistir\/\",\"name\":\"\u25b7 De\u011ferler bi\u00e7imlendirmeden nas\u0131l kopyalan\u0131p yap\u0131\u015ft\u0131r\u0131l\u0131r?\",\"isPartOf\":{\"@id\":\"https:\/\/exceladvisor.org\/tr\/#website\"},\"primaryImageOfPage\":{\"@id\":\"https:\/\/exceladvisor.org\/tr\/degerleri-bicimlendirmeden-yapistir\/#primaryimage\"},\"image\":{\"@id\":\"https:\/\/exceladvisor.org\/tr\/degerleri-bicimlendirmeden-yapistir\/#primaryimage\"},\"thumbnailUrl\":\"https:\/\/exceladvisor.org\/wp-content\/uploads\/2023\/08\/1-copier-et-coller-uniquement-les-valeurs.png\",\"datePublished\":\"2023-11-13T21:20:58+00:00\",\"dateModified\":\"2023-12-10T05:59:17+00:00\",\"description\":\"Bu, de\u011ferleri bi\u00e7imlendirmeden kopyalay\u0131p yap\u0131\u015ft\u0131rmaya y\u00f6nelik temel bir Microsoft Excel \u00f6\u011freticisidir. Bu e\u011fitimde nas\u0131l yap\u0131laca\u011f\u0131n\u0131 \u00f6\u011freneceksiniz\",\"breadcrumb\":{\"@id\":\"https:\/\/exceladvisor.org\/tr\/degerleri-bicimlendirmeden-yapistir\/#breadcrumb\"},\"inLanguage\":\"tr\",\"potentialAction\":[{\"@type\":\"ReadAction\",\"target\":[\"https:\/\/exceladvisor.org\/tr\/degerleri-bicimlendirmeden-yapistir\/\"]}]},{\"@type\":\"ImageObject\",\"inLanguage\":\"tr\",\"@id\":\"https:\/\/exceladvisor.org\/tr\/degerleri-bicimlendirmeden-yapistir\/#primaryimage\",\"url\":\"https:\/\/exceladvisor.org\/wp-content\/uploads\/2023\/08\/1-copier-et-coller-uniquement-les-valeurs.png\",\"contentUrl\":\"https:\/\/exceladvisor.org\/wp-content\/uploads\/2023\/08\/1-copier-et-coller-uniquement-les-valeurs.png\"},{\"@type\":\"BreadcrumbList\",\"@id\":\"https:\/\/exceladvisor.org\/tr\/degerleri-bicimlendirmeden-yapistir\/#breadcrumb\",\"itemListElement\":[{\"@type\":\"ListItem\",\"position\":1,\"name\":\"Ev\",\"item\":\"https:\/\/exceladvisor.org\/tr\/\"},{\"@type\":\"ListItem\",\"position\":2,\"name\":\"De\u011ferler bi\u00e7imlendirmeden nas\u0131l kopyalan\u0131p yap\u0131\u015ft\u0131r\u0131l\u0131r?\"}]},{\"@type\":\"WebSite\",\"@id\":\"https:\/\/exceladvisor.org\/tr\/#website\",\"url\":\"https:\/\/exceladvisor.org\/tr\/\",\"name\":\"Excel Advisor\",\"description\":\"Veri hakimiyetine y\u00f6nelik nihai rehberiniz!\",\"publisher\":{\"@id\":\"https:\/\/exceladvisor.org\/tr\/#organization\"},\"potentialAction\":[{\"@type\":\"SearchAction\",\"target\":{\"@type\":\"EntryPoint\",\"urlTemplate\":\"https:\/\/exceladvisor.org\/tr\/?s={search_term_string}\"},\"query-input\":{\"@type\":\"PropertyValueSpecification\",\"valueRequired\":true,\"valueName\":\"search_term_string\"}}],\"inLanguage\":\"tr\"},{\"@type\":\"Organization\",\"@id\":\"https:\/\/exceladvisor.org\/tr\/#organization\",\"name\":\"Excel Advisor\",\"url\":\"https:\/\/exceladvisor.org\/tr\/\",\"logo\":{\"@type\":\"ImageObject\",\"inLanguage\":\"tr\",\"@id\":\"https:\/\/exceladvisor.org\/tr\/#\/schema\/logo\/image\/\",\"url\":\"https:\/\/exceladvisor.org\/tr\/wp-content\/uploads\/2023\/12\/exceladvisor.org_.png\",\"contentUrl\":\"https:\/\/exceladvisor.org\/tr\/wp-content\/uploads\/2023\/12\/exceladvisor.org_.png\",\"width\":105,\"height\":36,\"caption\":\"Excel Advisor\"},\"image\":{\"@id\":\"https:\/\/exceladvisor.org\/tr\/#\/schema\/logo\/image\/\"}}]}<\/script>\n<!-- \/ Yoast SEO plugin. -->","yoast_head_json":{"title":"\u25b7 De\u011ferler bi\u00e7imlendirmeden nas\u0131l kopyalan\u0131p yap\u0131\u015ft\u0131r\u0131l\u0131r?","description":"Bu, de\u011ferleri bi\u00e7imlendirmeden kopyalay\u0131p yap\u0131\u015ft\u0131rmaya y\u00f6nelik temel bir Microsoft Excel \u00f6\u011freticisidir. Bu e\u011fitimde nas\u0131l yap\u0131laca\u011f\u0131n\u0131 \u00f6\u011freneceksiniz","robots":{"index":"index","follow":"follow","max-snippet":"max-snippet:-1","max-image-preview":"max-image-preview:large","max-video-preview":"max-video-preview:-1"},"canonical":"https:\/\/exceladvisor.org\/tr\/degerleri-bicimlendirmeden-yapistir\/","og_locale":"tr_TR","og_type":"article","og_title":"\u25b7 De\u011ferler bi\u00e7imlendirmeden nas\u0131l kopyalan\u0131p yap\u0131\u015ft\u0131r\u0131l\u0131r?","og_description":"Bu, de\u011ferleri bi\u00e7imlendirmeden kopyalay\u0131p yap\u0131\u015ft\u0131rmaya y\u00f6nelik temel bir Microsoft Excel \u00f6\u011freticisidir. Bu e\u011fitimde nas\u0131l yap\u0131laca\u011f\u0131n\u0131 \u00f6\u011freneceksiniz","og_url":"https:\/\/exceladvisor.org\/tr\/degerleri-bicimlendirmeden-yapistir\/","og_site_name":"Excel Advisor","article_modified_time":"2023-12-10T05:59:17+00:00","og_image":[{"url":"https:\/\/exceladvisor.org\/wp-content\/uploads\/2023\/08\/1-copier-et-coller-uniquement-les-valeurs.png","type":"","width":"","height":""}],"twitter_card":"summary_large_image","twitter_misc":{"Tahmini okuma s\u00fcresi":"4 dakika"},"schema":{"@context":"https:\/\/schema.org","@graph":[{"@type":"WebPage","@id":"https:\/\/exceladvisor.org\/tr\/degerleri-bicimlendirmeden-yapistir\/","url":"https:\/\/exceladvisor.org\/tr\/degerleri-bicimlendirmeden-yapistir\/","name":"\u25b7 De\u011ferler bi\u00e7imlendirmeden nas\u0131l kopyalan\u0131p yap\u0131\u015ft\u0131r\u0131l\u0131r?","isPartOf":{"@id":"https:\/\/exceladvisor.org\/tr\/#website"},"primaryImageOfPage":{"@id":"https:\/\/exceladvisor.org\/tr\/degerleri-bicimlendirmeden-yapistir\/#primaryimage"},"image":{"@id":"https:\/\/exceladvisor.org\/tr\/degerleri-bicimlendirmeden-yapistir\/#primaryimage"},"thumbnailUrl":"https:\/\/exceladvisor.org\/wp-content\/uploads\/2023\/08\/1-copier-et-coller-uniquement-les-valeurs.png","datePublished":"2023-11-13T21:20:58+00:00","dateModified":"2023-12-10T05:59:17+00:00","description":"Bu, de\u011ferleri bi\u00e7imlendirmeden kopyalay\u0131p yap\u0131\u015ft\u0131rmaya y\u00f6nelik temel bir Microsoft Excel \u00f6\u011freticisidir. Bu e\u011fitimde nas\u0131l yap\u0131laca\u011f\u0131n\u0131 \u00f6\u011freneceksiniz","breadcrumb":{"@id":"https:\/\/exceladvisor.org\/tr\/degerleri-bicimlendirmeden-yapistir\/#breadcrumb"},"inLanguage":"tr","potentialAction":[{"@type":"ReadAction","target":["https:\/\/exceladvisor.org\/tr\/degerleri-bicimlendirmeden-yapistir\/"]}]},{"@type":"ImageObject","inLanguage":"tr","@id":"https:\/\/exceladvisor.org\/tr\/degerleri-bicimlendirmeden-yapistir\/#primaryimage","url":"https:\/\/exceladvisor.org\/wp-content\/uploads\/2023\/08\/1-copier-et-coller-uniquement-les-valeurs.png","contentUrl":"https:\/\/exceladvisor.org\/wp-content\/uploads\/2023\/08\/1-copier-et-coller-uniquement-les-valeurs.png"},{"@type":"BreadcrumbList","@id":"https:\/\/exceladvisor.org\/tr\/degerleri-bicimlendirmeden-yapistir\/#breadcrumb","itemListElement":[{"@type":"ListItem","position":1,"name":"Ev","item":"https:\/\/exceladvisor.org\/tr\/"},{"@type":"ListItem","position":2,"name":"De\u011ferler bi\u00e7imlendirmeden nas\u0131l kopyalan\u0131p yap\u0131\u015ft\u0131r\u0131l\u0131r?"}]},{"@type":"WebSite","@id":"https:\/\/exceladvisor.org\/tr\/#website","url":"https:\/\/exceladvisor.org\/tr\/","name":"Excel Advisor","description":"Veri hakimiyetine y\u00f6nelik nihai rehberiniz!","publisher":{"@id":"https:\/\/exceladvisor.org\/tr\/#organization"},"potentialAction":[{"@type":"SearchAction","target":{"@type":"EntryPoint","urlTemplate":"https:\/\/exceladvisor.org\/tr\/?s={search_term_string}"},"query-input":{"@type":"PropertyValueSpecification","valueRequired":true,"valueName":"search_term_string"}}],"inLanguage":"tr"},{"@type":"Organization","@id":"https:\/\/exceladvisor.org\/tr\/#organization","name":"Excel Advisor","url":"https:\/\/exceladvisor.org\/tr\/","logo":{"@type":"ImageObject","inLanguage":"tr","@id":"https:\/\/exceladvisor.org\/tr\/#\/schema\/logo\/image\/","url":"https:\/\/exceladvisor.org\/tr\/wp-content\/uploads\/2023\/12\/exceladvisor.org_.png","contentUrl":"https:\/\/exceladvisor.org\/tr\/wp-content\/uploads\/2023\/12\/exceladvisor.org_.png","width":105,"height":36,"caption":"Excel Advisor"},"image":{"@id":"https:\/\/exceladvisor.org\/tr\/#\/schema\/logo\/image\/"}}]}},"yoast_meta":{"yoast_wpseo_title":"","yoast_wpseo_metadesc":"","yoast_wpseo_canonical":""},"_links":{"self":[{"href":"https:\/\/exceladvisor.org\/tr\/wp-json\/wp\/v2\/pages\/1647","targetHints":{"allow":["GET"]}}],"collection":[{"href":"https:\/\/exceladvisor.org\/tr\/wp-json\/wp\/v2\/pages"}],"about":[{"href":"https:\/\/exceladvisor.org\/tr\/wp-json\/wp\/v2\/types\/page"}],"author":[{"embeddable":true,"href":"https:\/\/exceladvisor.org\/tr\/wp-json\/wp\/v2\/users\/1"}],"replies":[{"embeddable":true,"href":"https:\/\/exceladvisor.org\/tr\/wp-json\/wp\/v2\/comments?post=1647"}],"version-history":[{"count":1,"href":"https:\/\/exceladvisor.org\/tr\/wp-json\/wp\/v2\/pages\/1647\/revisions"}],"predecessor-version":[{"id":2310,"href":"https:\/\/exceladvisor.org\/tr\/wp-json\/wp\/v2\/pages\/1647\/revisions\/2310"}],"wp:attachment":[{"href":"https:\/\/exceladvisor.org\/tr\/wp-json\/wp\/v2\/media?parent=1647"}],"curies":[{"name":"wp","href":"https:\/\/api.w.org\/{rel}","templated":true}]}}