{"id":1649,"date":"2023-11-13T18:23:16","date_gmt":"2023-11-13T18:23:16","guid":{"rendered":"https:\/\/exceladvisor.org\/tr\/toplam-urundeki-durum\/"},"modified":"2023-12-10T06:02:33","modified_gmt":"2023-12-10T06:02:33","slug":"toplam-urundeki-durum","status":"publish","type":"page","link":"https:\/\/exceladvisor.org\/tr\/toplam-urundeki-durum\/","title":{"rendered":"Excel&#39;de sumproduct if nas\u0131l kullan\u0131l\u0131r?"},"content":{"rendered":"<div class=\"excel-icerikten-once\" id=\"excel-4066477942\"><script type=\"text\/javascript\">\r\n\tatOptions = {\r\n\t\t'key' : 'c1158f160081d6540a8409e6925dab94',\r\n\t\t'format' : 'iframe',\r\n\t\t'height' : 250,\r\n\t\t'width' : 300,\r\n\t\t'params' : {}\r\n\t};\r\n<\/script>\r\n<script type=\"text\/javascript\" src=\"\/\/www.highperformanceformat.com\/c1158f160081d6540a8409e6925dab94\/invoke.js\"><\/script><\/div> <p>SUMproduct, <a style=\"outline: none; display: inline-block;\" href=\"https:\/\/exceladvisor.org\/tr\/excel-fonksiyonlari\/\">Excel&#8217;deki en \u00f6nemli i\u015flevlerden<\/a> biridir. Bunun en iyi yan\u0131, onu \u00e7e\u015fitli \u015fekillerde de\u011fi\u015ftirebilmenizdir.<\/p><p> Ve yak\u0131n zamanda ke\u015ffetti\u011fim g\u00fc\u00e7lerinden biri de \u015fu: <strong>SUMproduct IF<\/strong> olarak kullan\u0131n. K\u0131saca ko\u015fullu SUMproduct.<\/p><p> Bildi\u011finiz gibi SUMproduct&#8217;\u0131 belirtilen aral\u0131klar\u0131 veya dizileri \u00e7arpmak ve toplamak i\u00e7in kullanabilirsiniz. Ko\u015fullu SUMproduct ile kriterleri kar\u015f\u0131layan aral\u0131klar\u0131 \u00e7arpabilir ve ekleyebilirsiniz.<\/p><p> Evet do\u011fru duydunuz. Peki en iyisini biliyor musun? Bunun i\u00e7in IF fonksiyonunu kullanmaya gerek yoktur. Harika de\u011fil mi?<\/p><p> Evet?<\/p><p> Bug\u00fcn bu makalede sizinle bir sorunu ve onu \u00e7\u00f6zmek i\u00e7in SUMPRODIVE&#8217;\u0131 kullanman\u0131n kolay bir yolunu payla\u015fmak istiyorum.<\/p><p> En muhte\u015fem Excel form\u00fcllerinden birini \u00f6\u011frenmek i\u00e7in benimle olun ve <a href=\"https:\/\/exceladvisor.org\/wp-content\/uploads\/2023\/08\/somme-des-donnees-brutes.xlsx\" rel=\"nofollow\">\u00f6rnek dosyalar\u0131 mutlaka indirin.<\/a><\/p><h2 id=\"h-how-i-got-to-know-about-this-conditional-sumproduct\" class=\"wp-block-heading\"> Bu ko\u015fullu SUMproduct&#8217;\u0131 nas\u0131l \u00f6\u011frendim?<\/h2><p> En ba\u015ftan ba\u015flayal\u0131m.<\/p><p> D\u00fcn abonelerimin birinden bir e-posta ald\u0131m. Bir tablodan veri almak i\u00e7in SUMproduct ve IF ile ko\u015fullu bir ifade olu\u015fturmak istiyordu.<\/p><p> \u0130\u015fte ald\u0131\u011f\u0131m posta:<\/p><blockquote class=\"wp-block-quote\"><p> Merhaba Puneet, yard\u0131m\u0131na ihtiyac\u0131m var. SUMproduct IF&#8217;i birle\u015ftirmenin bir yolu var m\u0131? Bir tabloda verilerim var ve kriterleri kar\u015f\u0131layan iki s\u00fctunun \u00e7arp\u0131m\u0131n\u0131 almak istiyorum. Bana yard\u0131m edin l\u00fctfen.<\/p><\/blockquote><p> Kendisinden ald\u0131\u011f\u0131m mail ile a\u015fa\u011f\u0131daki bile\u015fenleri i\u00e7eren bir Excel dosyas\u0131 ald\u0131m. Devam etmek i\u00e7in <a href=\"https:\/\/exceladvisor.org\/wp-content\/uploads\/2023\/08\/somme-des-donnees-brutes.xlsx\" rel=\"nofollow\">bu dosyay\u0131 buradan indirebilirsiniz<\/a> . <\/p><div class=\"wp-block-image\"><figure class=\"aligncenter size-full\"><img loading=\"lazy\" decoding=\"async\" class=\"wp-image-17568\" src=\"https:\/\/exceladvisor.org\/wp-content\/uploads\/2023\/08\/table-de-donnees-brutes-pour-appliquer-sumproduct-si-1.png\" sizes=\"auto, \" srcset=\"\" alt=\"sumproduct uygulamak i\u00e7in ham veri tablosu e\u011fer\" width=\"584\" height=\"437\"><\/figure><\/div><ol><li> <strong><span style=\"color: #000000;\">Stok Verileri:<\/span><\/strong> Bu tablo \u015firketin farkl\u0131 ma\u011fazalar\u0131nda saklanan stok verilerini i\u00e7erir. \u00dcr\u00fcn ad\u0131n\u0131, stoktaki adetleri ve birim a\u011f\u0131rl\u0131\u011f\u0131n\u0131 i\u00e7erir.<\/li><li> <strong><span style=\"color: #000000;\">A\u00e7\u0131l\u0131r liste<\/span> :<\/strong> Bir \u00fcr\u00fcn\u00fc se\u00e7mek i\u00e7in a\u00e7\u0131l\u0131r men\u00fc.<\/li><\/ol><p> Bu tablodan, a\u00e7\u0131l\u0131r men\u00fcy\u00fc se\u00e7erek bir \u00fcr\u00fcn\u00fcn toplam miktar\u0131n\u0131 (birim * birim ba\u015f\u0131na a\u011f\u0131rl\u0131k) elde etmek istedi. \u00d6rne\u011fin &#8220;Sebzeler&#8221;i se\u00e7erse h\u00fccredeki toplam miktar, birimlerin birim ba\u015f\u0131na miktarla \u00e7arp\u0131lmas\u0131yla elde edilen toplam olmal\u0131d\u0131r.<\/p><p> Burada bir \u00fcr\u00fcn ad\u0131n\u0131n gerekli oldu\u011funu l\u00fctfen unutmay\u0131n. <\/p><div class=\"wp-block-image\"><figure class=\"aligncenter\"><img decoding=\"async\" src=\"https:\/\/exceladvisor.org\/wp-content\/uploads\/2023\/08\/tableau-de-donnees-de-la-fonction-de-somme-conditionnelle-pour-selectionner-les-impulsions-1.png\" sizes=\"\" srcset=\"\" alt=\"Darbeleri se\u00e7mek i\u00e7in ko\u015fullu toplam fonksiyonunun veri tablosu\"><\/figure><\/div><h2 id=\"h-solution-with-sumproduct-if\" class=\"wp-block-heading\"> SUMproduct IF ile \u00e7\u00f6z\u00fcm<\/h2><p> O zamanlar SUMproduct&#8217;\u0131 kullanabilece\u011fimiz dizilerden veya aral\u0131klardan toplam \u00fcr\u00fcn elde etme konusunda bir \u015feyden emindim.<\/p><p> Ancak burada oyun, yaln\u0131zca kriterleri kar\u015f\u0131layan h\u00fccreler i\u00e7in toplam birimleri ve birim ba\u015f\u0131na miktar\u0131 \u00e7arparak toplam\u0131 elde etmekti.<\/p><p> Ve kullanabilece\u011fimiz form\u00fcl: <\/p><pre class=\"wp-block-code\"> <code class=\"language-excel-formula\" lang=\"excel-formula\">=SUMPRODUCT(--(C7:C19=C2),E7:E19,F7:F19)<\/code><\/pre><p class=\"has-text-align-center\"><img loading=\"lazy\" decoding=\"async\" src=\"https:\/\/exceladvisor.org\/wp-content\/uploads\/2023\/08\/Solution-avec-Sumproduct-If-Statement.gif\" sizes=\"auto, \" srcset=\"\" alt=\"Sumproduct If \u0130fadesi ile \u00c7\u00f6z\u00fcm\" width=\"588\" height=\"488\" data-id=\"7191\"><\/p><p> Art\u0131k a\u00e7\u0131l\u0131r listeden bir giri\u015f se\u00e7ti\u011finizde, bu form\u00fcl yaln\u0131zca kriterleri kar\u015f\u0131layan h\u00fccrelerin \u00fcr\u00fcn\u00fcn\u00fc d\u00f6nd\u00fcrecektir.<\/p><p> <strong><span style=\"color: #ff0000;\">Hey, durun bir dakika:<\/span><\/strong> T\u0131pk\u0131 bu form\u00fcl gibi, sizi \u015fa\u015f\u0131rtabilecek daha ak\u0131ll\u0131ca form\u00fcller de listeledim.<\/p><ul><li> <a href=\"https:\/\/exceladvisor.org\/tr\/kosullu-siralama-toplami-carpim-siralamasi-eger\/\">SUMproduct \u0130\u015flevini Kullanarak Excel&#8217;de Ko\u015fullu S\u0131ralama<\/a><\/li><li> <a href=\"https:\/\/exceladvisor.org\/tr\/maksimum-ise\/\">Excel&#8217;de MAX IF form\u00fcl\u00fc nas\u0131l kullan\u0131l\u0131r?<\/a><\/li><li> <a href=\"https:\/\/exceladvisor.org\/tr\/sayimlar-sayim-veya-mantiksal\/\">Excel&#8217;de COUNTIF\/COUNIFS&#8217;de VEYA Mant\u0131\u011f\u0131 nas\u0131l kullan\u0131l\u0131r?<\/a><\/li><li> <a href=\"https:\/\/exceladvisor.org\/tr\/sumif-sumifler-veya-mantik\/\">Excel&#8217;de SUMIF\/SUMIFS OR mant\u0131\u011f\u0131yla nas\u0131l kullan\u0131l\u0131r?<\/a><\/li><\/ul><h2 id=\"h-how-it-works\" class=\"wp-block-heading\"> Nas\u0131l \u00e7al\u0131\u015f\u0131r<\/h2><p> Bildi\u011finiz gibi SUMproduct tablolarla \u00e7al\u0131\u015fabiliyor. Dolay\u0131s\u0131yla yukar\u0131daki y\u00f6ntemde de\u011ferlerin \u00e7arp\u0131m\u0131n\u0131 elde etmek i\u00e7in \u00fc\u00e7 dizi kulland\u0131k. <\/p><div class=\"wp-block-image\"><figure class=\"aligncenter\"><img decoding=\"async\" src=\"https:\/\/exceladvisor.org\/wp-content\/uploads\/2023\/08\/trois-tableaux-pour-sumproduct-conditionnel-1.png\" sizes=\"\" srcset=\"\" alt=\"ko\u015fullu toplam \u00fcr\u00fcn i\u00e7in \u00fc\u00e7 dizi\"><\/figure><\/div><p> Form\u00fcl \u015fu \u015fekilde \u00e7al\u0131\u015f\u0131r.<\/p><h3 id=\"h-1-creating-a-condition\" class=\"wp-block-heading\"> 1. Bir ko\u015ful olu\u015fturun<\/h3><p> <b>\u00d6ncelikle<\/b> \u00fcr\u00fcn isminin durumunu kontrol edebilece\u011fimiz bir tablomuz var. \u00dcr\u00fcn s\u00fctunu de\u011ferlerini kontrol edecek ve e\u015fle\u015fen de\u011ferler i\u00e7in TRUE, di\u011ferleri i\u00e7in FALSE d\u00f6nd\u00fcrecektir. <\/p><div class=\"wp-block-image\"><figure class=\"aligncenter\"><img decoding=\"async\" src=\"https:\/\/exceladvisor.org\/wp-content\/uploads\/2023\/08\/Fonctionnement-de-linstruction-SUMPRODUCT-IF.png\" sizes=\"\" srcset=\"\" alt=\"SUMproduct IF \u0130fadesi Nas\u0131l \u00c7al\u0131\u015f\u0131r?\"><\/figure><\/div><h3 id=\"h-2-using-double-minus-sign\" class=\"wp-block-heading\"> 2. \u00c7ift eksi i\u015faretini kullan\u0131n<\/h3><p> \u015eimdi s\u0131ra DO\u011eRU-YANLI\u015e de\u011ferlerini 0-1&#8217;e \u00e7evirerek hesaplamada kullanabilmemizi sa\u011flamakt\u0131r. Bunun i\u00e7in de ilk masan\u0131n \u00f6n\u00fcndeki <a href=\"http:\/\/www.listendata.com\/2012\/10\/why-two-minus-signs-in-excel-formula.html\" target=\"_blank\" rel=\"noopener noreferrer\">\u00e7ift eksi i\u015faretini<\/a> kulland\u0131k. <\/p><div class=\"wp-block-image\"><figure class=\"aligncenter\"><img decoding=\"async\" src=\"https:\/\/exceladvisor.org\/wp-content\/uploads\/2023\/08\/Utiliser-Double-Minus-Sigh-avec-linstruction-SUMPRODUCT-IF.png\" sizes=\"\" srcset=\"\" alt=\"sumproduct if ifadesiyle \u00e7ift i\u00e7 \u00e7ekme eksi kullan\u0131n\"><\/figure><\/div><h3 id=\"h-3-multiplying-arrays\" class=\"wp-block-heading\"> 3. Tablolar\u0131 \u00e7arp\u0131n<\/h3><p> DO\u011eRU-YANLI\u015e&#8217;\u0131 0-1&#8217;e d\u00f6n\u00fc\u015ft\u00fcrd\u00fckten sonra tablo bu \u015fekilde g\u00f6r\u00fcnecektir. Burada kriterlerin kar\u015f\u0131lanmad\u0131\u011f\u0131 t\u00fcm de\u011ferler s\u0131f\u0131rd\u0131r. <\/p><div class=\"wp-block-image\"><figure class=\"aligncenter\"><img decoding=\"async\" src=\"https:\/\/exceladvisor.org\/wp-content\/uploads\/2023\/08\/tableau-fonctionnant-pour-utiliser-la-condition-dans-sumproduct-1.png\" sizes=\"\" srcset=\"\" alt=\"sumproduct'ta ko\u015fulu kullanmak i\u00e7in \u00e7al\u0131\u015fan dizi\"><\/figure><\/div><p> Unutmay\u0131n, bir \u015fey s\u0131f\u0131rla \u00e7arp\u0131ld\u0131\u011f\u0131nda s\u0131f\u0131ra d\u00f6ner. Bu \u015fekilde sadece 1&#8217;e sahip oldu\u011fumuz h\u00fccreler i\u00e7in, k\u0131sacas\u0131 ko\u015fulun sa\u011fland\u0131\u011f\u0131 h\u00fccreler i\u00e7in \u00fcr\u00fcn elde ederiz. <\/p><div class=\"gb-container gb-container-bafb25cc gb-container-download-2\"><div class=\"gb-grid-wrapper gb-grid-wrapper-91201309\"><div class=\"gb-grid-column gb-grid-column-15a917ef\"><div class=\"gb-container gb-container-15a917ef\"><h2 class=\"gb-headline gb-headline-f2deb261 gb-headline-text gb-headline-download-2\"> Excel dosyas\u0131n\u0131 al\u0131n <\/h2><\/div><\/div><div class=\"gb-grid-column gb-grid-column-18357188\"><div class=\"gb-container gb-container-18357188\"><div class=\"gb-container gb-container-76cbe15e\"> <a class=\"gb-button gb-button-cb63d00a gb-button-text gb-button-download-2\" href=\"https:\/\/exceladvisor.org\/wp-content\/uploads\/2023\/08\/produit-somme-conditionnelle.xlsx\" rel=\"nofollow\">\u0130ndirmek<\/a><\/div><\/div><\/div><\/div><\/div><h2 id=\"h-conclusion\" class=\"wp-block-heading\"> \u00c7\u00f6z\u00fcm<\/h2><p> Bu ko\u015fullu SUMproduct&#8217;\u0131 kullanman\u0131n en iyi yan\u0131, IF kullanman\u0131za gerek olmamas\u0131 ve t\u00fcm hesaplaman\u0131n tek bir h\u00fccrede yap\u0131lmas\u0131d\u0131r. S\u00f6yledi\u011fim gibi SUMproduct <a href=\"https:\/\/exceladvisor.org\/tr\/excel-fonksiyonlari\/\">en g\u00fc\u00e7l\u00fc i\u015flevlerden<\/a> biridir ve sahip oldu\u011fu g\u00fc\u00e7lerle yapabilece\u011finiz en iyi \u015feydir.<\/p><p> \u015eimdi bana bir \u015fey s\u00f6yle.<\/p><p> <em>Daha \u00f6nce hi\u00e7 SUMproduct&#8217;ta bir ko\u015ful kullanmay\u0131 denediniz mi?<\/em><\/p><p> L\u00fctfen g\u00f6r\u00fc\u015flerinizi yorum k\u0131sm\u0131nda benimle payla\u015f\u0131n. Sizden haber almay\u0131 \u00e7ok isterim ve bunu arkada\u015flar\u0131n\u0131zla payla\u015fmay\u0131 unutmay\u0131n, eminim takdir edeceklerdir.<\/p><div class=\"gb-container gb-container-0df56012 gb-container-mt\"> <a class=\"gb-button gb-button-f9f432f4 gb-button-text gb-button-mt-button\" href=\"https:\/\/exceladvisor.org\/tr\/formuller\/\">Excel form\u00fcllerinin listesi<\/a><h2 class=\"gb-headline gb-headline-233444e8 gb-headline-text gb-headline-mt-heading\"> \u0130lgili form\u00fcller <\/h2><div class=\"gb-grid-wrapper gb-grid-wrapper-a16fa65c gb-grid-wrapper-mt-grid\"><div class=\"gb-grid-column gb-grid-column-50d07e0d\"><div class=\"gb-container gb-container-50d07e0d\"><ul><li> <a href=\"https:\/\/exceladvisor.org\/tr\/iki-hucreyi-karsilastir\/\">Excel&#8217;deki iki h\u00fccreyi kar\u015f\u0131la\u015ft\u0131r\u0131n<\/a><\/li><li> <a href=\"https:\/\/exceladvisor.org\/tr\/kosullu-siralama-toplami-carpim-siralamasi-eger\/\">SUMproduct [RANKIF] \u0130\u015flevini Kullanarak Excel&#8217;de Ko\u015fullu S\u0131ralama<\/a> <\/li><\/ul><\/div><\/div><div class=\"gb-grid-column gb-grid-column-5b4a0cf9\"><div class=\"gb-container gb-container-5b4a0cf9\"><\/div><\/div><\/div><\/div>","protected":false},"excerpt":{"rendered":"","protected":false},"author":1,"featured_media":0,"parent":0,"menu_order":0,"comment_status":"open","ping_status":"closed","template":"","meta":{"ub_ctt_via":"","footnotes":""},"class_list":["post-1649","page","type-page","status-publish","hentry"],"featured_image_src":null,"yoast_head":"<!-- This site is optimized with the Yoast SEO plugin v25.4 - https:\/\/yoast.com\/wordpress\/plugins\/seo\/ -->\n<title>Excel&#039;de SUMproduct IF nas\u0131l kullan\u0131l\u0131r? (E\u011fitimler 2023)<\/title>\n<meta name=\"description\" content=\"Sumproduct&#039;ta ko\u015ful kullanman\u0131n Excel&#039;de yapabilece\u011finiz en g\u00fc\u00e7l\u00fc \u015feylerden biri oldu\u011funa inan\u0131yorum.\" \/>\n<meta name=\"robots\" content=\"index, follow, max-snippet:-1, max-image-preview:large, max-video-preview:-1\" \/>\n<link rel=\"canonical\" href=\"https:\/\/exceladvisor.org\/tr\/toplam-urundeki-durum\/\" \/>\n<meta property=\"og:locale\" content=\"tr_TR\" \/>\n<meta property=\"og:type\" content=\"article\" \/>\n<meta property=\"og:title\" content=\"Excel&#039;de SUMproduct IF nas\u0131l kullan\u0131l\u0131r? (E\u011fitimler 2023)\" \/>\n<meta property=\"og:description\" content=\"Sumproduct&#039;ta ko\u015ful kullanman\u0131n Excel&#039;de yapabilece\u011finiz en g\u00fc\u00e7l\u00fc \u015feylerden biri oldu\u011funa inan\u0131yorum.\" \/>\n<meta property=\"og:url\" content=\"https:\/\/exceladvisor.org\/tr\/toplam-urundeki-durum\/\" \/>\n<meta property=\"og:site_name\" content=\"Excel Advisor\" \/>\n<meta property=\"article:modified_time\" content=\"2023-12-10T06:02:33+00:00\" \/>\n<meta property=\"og:image\" content=\"https:\/\/exceladvisor.org\/wp-content\/uploads\/2023\/08\/table-de-donnees-brutes-pour-appliquer-sumproduct-si-1.png\" \/>\n<meta name=\"twitter:card\" content=\"summary_large_image\" \/>\n<meta name=\"twitter:label1\" content=\"Tahmini okuma s\u00fcresi\" \/>\n\t<meta name=\"twitter:data1\" content=\"4 dakika\" \/>\n<script type=\"application\/ld+json\" class=\"yoast-schema-graph\">{\"@context\":\"https:\/\/schema.org\",\"@graph\":[{\"@type\":\"WebPage\",\"@id\":\"https:\/\/exceladvisor.org\/tr\/toplam-urundeki-durum\/\",\"url\":\"https:\/\/exceladvisor.org\/tr\/toplam-urundeki-durum\/\",\"name\":\"Excel&#39;de SUMproduct IF nas\u0131l kullan\u0131l\u0131r? (E\u011fitimler 2023)\",\"isPartOf\":{\"@id\":\"https:\/\/exceladvisor.org\/tr\/#website\"},\"primaryImageOfPage\":{\"@id\":\"https:\/\/exceladvisor.org\/tr\/toplam-urundeki-durum\/#primaryimage\"},\"image\":{\"@id\":\"https:\/\/exceladvisor.org\/tr\/toplam-urundeki-durum\/#primaryimage\"},\"thumbnailUrl\":\"https:\/\/exceladvisor.org\/wp-content\/uploads\/2023\/08\/table-de-donnees-brutes-pour-appliquer-sumproduct-si-1.png\",\"datePublished\":\"2023-11-13T18:23:16+00:00\",\"dateModified\":\"2023-12-10T06:02:33+00:00\",\"description\":\"Sumproduct&#39;ta ko\u015ful kullanman\u0131n Excel&#39;de yapabilece\u011finiz en g\u00fc\u00e7l\u00fc \u015feylerden biri oldu\u011funa inan\u0131yorum.\",\"breadcrumb\":{\"@id\":\"https:\/\/exceladvisor.org\/tr\/toplam-urundeki-durum\/#breadcrumb\"},\"inLanguage\":\"tr\",\"potentialAction\":[{\"@type\":\"ReadAction\",\"target\":[\"https:\/\/exceladvisor.org\/tr\/toplam-urundeki-durum\/\"]}]},{\"@type\":\"ImageObject\",\"inLanguage\":\"tr\",\"@id\":\"https:\/\/exceladvisor.org\/tr\/toplam-urundeki-durum\/#primaryimage\",\"url\":\"https:\/\/exceladvisor.org\/wp-content\/uploads\/2023\/08\/table-de-donnees-brutes-pour-appliquer-sumproduct-si-1.png\",\"contentUrl\":\"https:\/\/exceladvisor.org\/wp-content\/uploads\/2023\/08\/table-de-donnees-brutes-pour-appliquer-sumproduct-si-1.png\"},{\"@type\":\"BreadcrumbList\",\"@id\":\"https:\/\/exceladvisor.org\/tr\/toplam-urundeki-durum\/#breadcrumb\",\"itemListElement\":[{\"@type\":\"ListItem\",\"position\":1,\"name\":\"Ev\",\"item\":\"https:\/\/exceladvisor.org\/tr\/\"},{\"@type\":\"ListItem\",\"position\":2,\"name\":\"Excel&#39;de sumproduct if nas\u0131l kullan\u0131l\u0131r?\"}]},{\"@type\":\"WebSite\",\"@id\":\"https:\/\/exceladvisor.org\/tr\/#website\",\"url\":\"https:\/\/exceladvisor.org\/tr\/\",\"name\":\"Excel Advisor\",\"description\":\"Veri hakimiyetine y\u00f6nelik nihai rehberiniz!\",\"publisher\":{\"@id\":\"https:\/\/exceladvisor.org\/tr\/#organization\"},\"potentialAction\":[{\"@type\":\"SearchAction\",\"target\":{\"@type\":\"EntryPoint\",\"urlTemplate\":\"https:\/\/exceladvisor.org\/tr\/?s={search_term_string}\"},\"query-input\":{\"@type\":\"PropertyValueSpecification\",\"valueRequired\":true,\"valueName\":\"search_term_string\"}}],\"inLanguage\":\"tr\"},{\"@type\":\"Organization\",\"@id\":\"https:\/\/exceladvisor.org\/tr\/#organization\",\"name\":\"Excel Advisor\",\"url\":\"https:\/\/exceladvisor.org\/tr\/\",\"logo\":{\"@type\":\"ImageObject\",\"inLanguage\":\"tr\",\"@id\":\"https:\/\/exceladvisor.org\/tr\/#\/schema\/logo\/image\/\",\"url\":\"https:\/\/exceladvisor.org\/tr\/wp-content\/uploads\/2023\/12\/exceladvisor.org_.png\",\"contentUrl\":\"https:\/\/exceladvisor.org\/tr\/wp-content\/uploads\/2023\/12\/exceladvisor.org_.png\",\"width\":105,\"height\":36,\"caption\":\"Excel Advisor\"},\"image\":{\"@id\":\"https:\/\/exceladvisor.org\/tr\/#\/schema\/logo\/image\/\"}}]}<\/script>\n<!-- \/ Yoast SEO plugin. -->","yoast_head_json":{"title":"Excel&#39;de SUMproduct IF nas\u0131l kullan\u0131l\u0131r? (E\u011fitimler 2023)","description":"Sumproduct&#39;ta ko\u015ful kullanman\u0131n Excel&#39;de yapabilece\u011finiz en g\u00fc\u00e7l\u00fc \u015feylerden biri oldu\u011funa inan\u0131yorum.","robots":{"index":"index","follow":"follow","max-snippet":"max-snippet:-1","max-image-preview":"max-image-preview:large","max-video-preview":"max-video-preview:-1"},"canonical":"https:\/\/exceladvisor.org\/tr\/toplam-urundeki-durum\/","og_locale":"tr_TR","og_type":"article","og_title":"Excel&#39;de SUMproduct IF nas\u0131l kullan\u0131l\u0131r? (E\u011fitimler 2023)","og_description":"Sumproduct&#39;ta ko\u015ful kullanman\u0131n Excel&#39;de yapabilece\u011finiz en g\u00fc\u00e7l\u00fc \u015feylerden biri oldu\u011funa inan\u0131yorum.","og_url":"https:\/\/exceladvisor.org\/tr\/toplam-urundeki-durum\/","og_site_name":"Excel Advisor","article_modified_time":"2023-12-10T06:02:33+00:00","og_image":[{"url":"https:\/\/exceladvisor.org\/wp-content\/uploads\/2023\/08\/table-de-donnees-brutes-pour-appliquer-sumproduct-si-1.png","type":"","width":"","height":""}],"twitter_card":"summary_large_image","twitter_misc":{"Tahmini okuma s\u00fcresi":"4 dakika"},"schema":{"@context":"https:\/\/schema.org","@graph":[{"@type":"WebPage","@id":"https:\/\/exceladvisor.org\/tr\/toplam-urundeki-durum\/","url":"https:\/\/exceladvisor.org\/tr\/toplam-urundeki-durum\/","name":"Excel&#39;de SUMproduct IF nas\u0131l kullan\u0131l\u0131r? (E\u011fitimler 2023)","isPartOf":{"@id":"https:\/\/exceladvisor.org\/tr\/#website"},"primaryImageOfPage":{"@id":"https:\/\/exceladvisor.org\/tr\/toplam-urundeki-durum\/#primaryimage"},"image":{"@id":"https:\/\/exceladvisor.org\/tr\/toplam-urundeki-durum\/#primaryimage"},"thumbnailUrl":"https:\/\/exceladvisor.org\/wp-content\/uploads\/2023\/08\/table-de-donnees-brutes-pour-appliquer-sumproduct-si-1.png","datePublished":"2023-11-13T18:23:16+00:00","dateModified":"2023-12-10T06:02:33+00:00","description":"Sumproduct&#39;ta ko\u015ful kullanman\u0131n Excel&#39;de yapabilece\u011finiz en g\u00fc\u00e7l\u00fc \u015feylerden biri oldu\u011funa inan\u0131yorum.","breadcrumb":{"@id":"https:\/\/exceladvisor.org\/tr\/toplam-urundeki-durum\/#breadcrumb"},"inLanguage":"tr","potentialAction":[{"@type":"ReadAction","target":["https:\/\/exceladvisor.org\/tr\/toplam-urundeki-durum\/"]}]},{"@type":"ImageObject","inLanguage":"tr","@id":"https:\/\/exceladvisor.org\/tr\/toplam-urundeki-durum\/#primaryimage","url":"https:\/\/exceladvisor.org\/wp-content\/uploads\/2023\/08\/table-de-donnees-brutes-pour-appliquer-sumproduct-si-1.png","contentUrl":"https:\/\/exceladvisor.org\/wp-content\/uploads\/2023\/08\/table-de-donnees-brutes-pour-appliquer-sumproduct-si-1.png"},{"@type":"BreadcrumbList","@id":"https:\/\/exceladvisor.org\/tr\/toplam-urundeki-durum\/#breadcrumb","itemListElement":[{"@type":"ListItem","position":1,"name":"Ev","item":"https:\/\/exceladvisor.org\/tr\/"},{"@type":"ListItem","position":2,"name":"Excel&#39;de sumproduct if nas\u0131l kullan\u0131l\u0131r?"}]},{"@type":"WebSite","@id":"https:\/\/exceladvisor.org\/tr\/#website","url":"https:\/\/exceladvisor.org\/tr\/","name":"Excel Advisor","description":"Veri hakimiyetine y\u00f6nelik nihai rehberiniz!","publisher":{"@id":"https:\/\/exceladvisor.org\/tr\/#organization"},"potentialAction":[{"@type":"SearchAction","target":{"@type":"EntryPoint","urlTemplate":"https:\/\/exceladvisor.org\/tr\/?s={search_term_string}"},"query-input":{"@type":"PropertyValueSpecification","valueRequired":true,"valueName":"search_term_string"}}],"inLanguage":"tr"},{"@type":"Organization","@id":"https:\/\/exceladvisor.org\/tr\/#organization","name":"Excel Advisor","url":"https:\/\/exceladvisor.org\/tr\/","logo":{"@type":"ImageObject","inLanguage":"tr","@id":"https:\/\/exceladvisor.org\/tr\/#\/schema\/logo\/image\/","url":"https:\/\/exceladvisor.org\/tr\/wp-content\/uploads\/2023\/12\/exceladvisor.org_.png","contentUrl":"https:\/\/exceladvisor.org\/tr\/wp-content\/uploads\/2023\/12\/exceladvisor.org_.png","width":105,"height":36,"caption":"Excel Advisor"},"image":{"@id":"https:\/\/exceladvisor.org\/tr\/#\/schema\/logo\/image\/"}}]}},"yoast_meta":{"yoast_wpseo_title":"","yoast_wpseo_metadesc":"","yoast_wpseo_canonical":""},"_links":{"self":[{"href":"https:\/\/exceladvisor.org\/tr\/wp-json\/wp\/v2\/pages\/1649","targetHints":{"allow":["GET"]}}],"collection":[{"href":"https:\/\/exceladvisor.org\/tr\/wp-json\/wp\/v2\/pages"}],"about":[{"href":"https:\/\/exceladvisor.org\/tr\/wp-json\/wp\/v2\/types\/page"}],"author":[{"embeddable":true,"href":"https:\/\/exceladvisor.org\/tr\/wp-json\/wp\/v2\/users\/1"}],"replies":[{"embeddable":true,"href":"https:\/\/exceladvisor.org\/tr\/wp-json\/wp\/v2\/comments?post=1649"}],"version-history":[{"count":1,"href":"https:\/\/exceladvisor.org\/tr\/wp-json\/wp\/v2\/pages\/1649\/revisions"}],"predecessor-version":[{"id":2604,"href":"https:\/\/exceladvisor.org\/tr\/wp-json\/wp\/v2\/pages\/1649\/revisions\/2604"}],"wp:attachment":[{"href":"https:\/\/exceladvisor.org\/tr\/wp-json\/wp\/v2\/media?parent=1649"}],"curies":[{"name":"wp","href":"https:\/\/api.w.org\/{rel}","templated":true}]}}