{"id":1653,"date":"2023-11-13T16:32:31","date_gmt":"2023-11-13T16:32:31","guid":{"rendered":"https:\/\/exceladvisor.org\/tr\/birden-fazla-kritere-goz-atma\/"},"modified":"2023-12-10T06:00:52","modified_gmt":"2023-12-10T06:00:52","slug":"birden-fazla-kritere-goz-atma","status":"publish","type":"page","link":"https:\/\/exceladvisor.org\/tr\/birden-fazla-kritere-goz-atma\/","title":{"rendered":"Excel&#39;de birden \u00e7ok kriterle d\u00fc\u015feyara nas\u0131l yap\u0131l\u0131r?"},"content":{"rendered":"<div class=\"excel-icerikten-once\" id=\"excel-2340609885\"><script type=\"text\/javascript\">\r\n\tatOptions = {\r\n\t\t'key' : 'c1158f160081d6540a8409e6925dab94',\r\n\t\t'format' : 'iframe',\r\n\t\t'height' : 250,\r\n\t\t'width' : 300,\r\n\t\t'params' : {}\r\n\t};\r\n<\/script>\r\n<script type=\"text\/javascript\" src=\"\/\/www.highperformanceformat.com\/c1158f160081d6540a8409e6925dab94\/invoke.js\"><\/script><\/div> <p>D\u00dc\u015eEYARA <a style=\"outline: none; display: inline-block;\" href=\"https:\/\/exceladvisor.org\/tr\/excel-fonksiyonlari\/\">Excel&#8217;in en pop\u00fcler i\u015flevlerinden<\/a> biridir. Ancak ayn\u0131 zamanda en s\u0131n\u0131rl\u0131 i\u015flevlerden biridir.<\/p><p> \u0130leri d\u00fczey Excel kullan\u0131c\u0131lar\u0131, D\u00dc\u015eEYARA ile yapamayaca\u011f\u0131m\u0131z pek \u00e7ok \u015fey oldu\u011funu veya \u00e7al\u0131\u015fmas\u0131 i\u00e7in ekstra \u00e7aba harcamalar\u0131 gerekti\u011fini bilir.<\/p><p> \u00d6rne\u011fin, D\u00dc\u015eEYARA&#8217;y\u0131 birden \u00e7ok \u00f6l\u00e7\u00fctle kullanmak. Varsay\u0131lan olarak D\u00dc\u015eEYARA tek bir de\u011feri araman\u0131za olanak tan\u0131r.<\/p><p> Ancak ger\u00e7ek d\u00fcnyada iki veya daha fazla kriter kullanmam\u0131z gereken durumlar vard\u0131r.<\/p><p> T\u00fcm bir okulun \u00f6\u011frenci listesine sahip oldu\u011funuzu ve bu listede ad\u0131 &#8220;John&#8221; olan ve IX. s\u0131n\u0131fta olan bir \u00f6\u011frenciyi aramak istedi\u011finizi varsayal\u0131m. <\/p><div class=\"wp-block-image\"><figure class=\"aligncenter\"><img decoding=\"async\" src=\"https:\/\/exceladvisor.org\/wp-content\/uploads\/2023\/08\/2-vlookup-avec-table-de-donnees-a-criteres-multiples-min-1.png\" sizes=\"\" srcset=\"\" alt=\"\"><\/figure><\/div><p> Ad\u0131 &#8220;John&#8221; olan birden fazla \u00f6\u011frencinin olma ihtimali \u00e7ok y\u00fcksektir. Buradaki en iyi \u00e7\u00f6z\u00fcm, kar\u015f\u0131l\u0131\u011f\u0131nda do\u011fru de\u011feri elde etmek i\u00e7in iki farkl\u0131 kriteri (isim ve s\u0131n\u0131f) birle\u015ftirmektir. <\/p><div class=\"wp-block-image\"><figure class=\"aligncenter\"><img decoding=\"async\" src=\"https:\/\/exceladvisor.org\/wp-content\/uploads\/2023\/08\/1-vlookup-avec-plusieurs-criteres-comment-min-1.png\" sizes=\"\" srcset=\"\" alt=\"\"><\/figure><\/div><p> Bug\u00fcn bu makalede D\u00dc\u015eEYARA ile birden \u00e7ok \u00f6l\u00e7\u00fct kullanma y\u00f6ntemini inceleyece\u011fiz.<\/p><p> \u00d6yleyse ba\u015flayal\u0131m ve takip etmek i\u00e7in <a href=\"https:\/\/exceladvisor.org\/wp-content\/uploads\/2023\/08\/vlookup-de-donnees-brutes-avec-plusieurs-criteres.xlsx\" rel=\"nofollow\">bu \u00f6rnek dosyay\u0131 buradan indirdi\u011finizden<\/a> emin olun.<\/p><p> \u015eimdi yukar\u0131da bahsetti\u011fim soruna g\u00f6re D\u00dc\u015eEYARA&#8217;da arama de\u011feri olarak iki kriter kullanmam\u0131z gerekiyor. Bunun i\u00e7in iki kolay ve basit ayarlama yapmam\u0131z gerekiyor.<\/p><h2 id=\"tab-con-1\" class=\"wp-block-heading\"> Yeni bir destek s\u00fctunu olu\u015fturun<\/h2><p> \u0130ki kriteri birle\u015ftirerek yeni bir s\u00fctun ekleme ad\u0131mlar\u0131 a\u015fa\u011f\u0131da verilmi\u015ftir.<\/p><ul><li> \u00d6ncelikle yeni bir s\u00fctun eklememiz gerekiyor. <\/li><\/ul><div class=\"wp-block-image\"><figure class=\"aligncenter\"><img decoding=\"async\" src=\"https:\/\/exceladvisor.org\/wp-content\/uploads\/2023\/08\/3-vlookup-avec-plusieurs-criteres-inserer-une-colonne-vide-min-1.png\" sizes=\"\" srcset=\"\" alt=\"\"><\/figure><\/div><ul><li> Bundan sonra yeni s\u00fctuna ad\u0131 ve s\u0131n\u0131f\u0131 birle\u015ftirmek i\u00e7in a\u015fa\u011f\u0131daki gibi bir form\u00fcl girin. <\/li><\/ul><div class=\"wp-block-image\"><figure class=\"aligncenter\"><img decoding=\"async\" src=\"https:\/\/exceladvisor.org\/wp-content\/uploads\/2023\/08\/4-vlookup-avec-plusieurs-criteres-inserer-une-formule-pour-joindre-des-colonnes-min-1.png\" sizes=\"\" srcset=\"\" alt=\"\"><\/figure><\/div><ul><li> \u015eimdi form\u00fcl\u00fc s\u00fctundaki son h\u00fccreye s\u00fcr\u00fckleyin.<\/li><li> Art\u0131k iki farkl\u0131 kriteri (isim ve s\u0131n\u0131f) birle\u015ftirdi\u011fimiz tek bir s\u00fctunumuz var. <\/li><\/ul><div class=\"wp-block-image\"><figure class=\"aligncenter\"><img decoding=\"async\" src=\"https:\/\/exceladvisor.org\/wp-content\/uploads\/2023\/08\/5-vlookup-avec-plusieurs-criteres-nouvelle-colonne-combinee-avec-deux-criteres-min-1.png\" sizes=\"\" srcset=\"\" alt=\"\"><\/figure><\/div><h2 id=\"tab-con-2\" class=\"wp-block-heading\"> Arama de\u011ferinde iki kriteri birle\u015ftir<\/h2><p> \u015eimdi bir sonraki ad\u0131m, D\u00dc\u015eEYARA&#8217;n\u0131n aranan_de\u011feri ba\u011f\u0131ms\u0131z de\u011fi\u015fkenindeki iki kriteri birle\u015ftirmektir.<\/p><p> Burada \u201cJohn\u201d ve \u201cClass-IX\u201d kullanmak istiyoruz ve bunun i\u00e7in ikisini, arama_argumentinde ve i\u015fareti kullanarak birle\u015ftirmemiz gerekiyor. <\/p><div class=\"wp-block-image\"><figure class=\"aligncenter\"><img decoding=\"async\" src=\"https:\/\/exceladvisor.org\/wp-content\/uploads\/2023\/08\/6-vlookup-avec-plusieurs-criteres-utilise-deux-arguments-dans-vlookup-min-1.png\" sizes=\"\" srcset=\"\" alt=\"\"><\/figure><\/div><p> Bundan sonra C ve D s\u00fctunlar\u0131n\u0131 aranan_aral\u0131k olarak, s\u00fctun_index_numaras\u0131 olarak 2&#8217;yi ve [aral\u0131k_arama] olarak 0&#8217;\u0131 se\u00e7memiz gerekiyor. <\/p><div class=\"wp-block-image\"><figure class=\"aligncenter\"><img decoding=\"async\" src=\"https:\/\/exceladvisor.org\/wp-content\/uploads\/2023\/08\/7-vlookup-avec-plusieurs-criteres-definissent-la-plage-min-1.png\" sizes=\"\" srcset=\"\" alt=\"\"><\/figure><\/div><p> Sonunda Enter tu\u015funa bas\u0131n. Ve \u015fimdi IX. s\u0131n\u0131ftaki John&#8217;un puan\u0131 elimizde. <\/p><div class=\"wp-block-image\"><figure class=\"aligncenter\"><img decoding=\"async\" src=\"https:\/\/exceladvisor.org\/wp-content\/uploads\/2023\/08\/8-vlookup-avec-plusieurs-criteres-resultat-final-min-1.png\" sizes=\"\" srcset=\"\" alt=\"\"><\/figure><\/div><h2 id=\"tab-con-3\" class=\"wp-block-heading\"> Nas\u0131l \u00e7al\u0131\u015f\u0131r<\/h2><p> D\u00dc\u015eEYARA&#8217;da birle\u015ftirilmi\u015f kriterleri kullanma y\u00f6ntemi basittir. \u0130ki s\u00fctunu bir s\u00fctunda birle\u015ftirdi\u011fimizde bu bize benzersiz de\u011ferler verir.<\/p><p> \u015e\u00f6yle d\u00fc\u015f\u00fcn\u00fcn, John ismi verimizde \u00fc\u00e7 kez ge\u00e7iyor. Ancak isimleri s\u0131n\u0131flar\u0131na katt\u0131\u011f\u0131m\u0131zda her isim i\u00e7in benzersiz bir de\u011fer elde ederiz.<\/p><p> \u00d6rne\u011fin, JohnClass-IX, JohnClass-VI ve JohnClass-II. Art\u0131k kopyalar\u0131n hi\u00e7bir de\u011feri yok.<\/p><p> Benzer \u015fekilde, D\u00dc\u015eEYARA&#8217;da aranan_arg\u00fcman\u0131 belirtirken iki kriteri birle\u015ftirdik: ad ve s\u0131n\u0131f, b\u00f6ylece do\u011fru \u00f6\u011frencinin, yani s\u0131n\u0131f IX&#8217;taki John&#8217;un puan\u0131n\u0131 d\u00f6nd\u00fcr\u00fcr. <\/p><div class=\"wp-block-image\"><figure class=\"aligncenter\"><img decoding=\"async\" src=\"https:\/\/exceladvisor.org\/wp-content\/uploads\/2023\/08\/9-vlookup-avec-plusieurs-criteres-trouver-des-valeurs-precises-min-1.png\" sizes=\"\" srcset=\"\" alt=\"\"><\/figure><\/div><h2 id=\"tab-con-4\" class=\"wp-block-heading\"> \u00c7\u00f6z\u00fcm<\/h2><p> D\u00dc\u015eEYARA ile birden fazla \u00f6l\u00e7\u00fct kullanmak, bir de\u011feri daha do\u011fru ve kolay bir \u015fekilde araman\u0131za yard\u0131mc\u0131 olur. T\u0131pk\u0131 yukar\u0131daki \u00f6rnekte yapt\u0131\u011f\u0131m\u0131z gibi.<\/p><p> Ve en iyi yan\u0131, iki farkl\u0131 kriteri birle\u015ftirmenin o kadar da \u00f6nemli olmamas\u0131, basit ve kolay olmas\u0131d\u0131r. Umar\u0131m bu form\u00fcl\u00fc faydal\u0131 bulmu\u015fsunuzdur ve \u00e7al\u0131\u015fmalar\u0131n\u0131zda size yard\u0131mc\u0131 olacakt\u0131r.<\/p><p> \u015eimdi bana bir \u015fey s\u00f6yle. Hi\u00e7 D\u00dc\u015eEYARA&#8217;ya birden fazla kriter eklemeyi denediniz mi? Veya bunun i\u00e7in ba\u015fka bir y\u00f6nteminiz var m\u0131? L\u00fctfen yorum b\u00f6l\u00fcm\u00fcnde benimle payla\u015f\u0131n, sizden haber almay\u0131 \u00e7ok isterim. Ve bu ipucunu arkada\u015flar\u0131n\u0131zla payla\u015fmay\u0131 unutmay\u0131n.<\/p><div class=\"gb-container gb-container-0df56012 gb-container-mt\"> <a class=\"gb-button gb-button-f9f432f4 gb-button-text gb-button-mt-button\" href=\"https:\/\/exceladvisor.org\/tr\/formuller\/\">Excel form\u00fcllerinin listesi<\/a><h2 class=\"gb-headline gb-headline-233444e8 gb-headline-text gb-headline-mt-heading\"> \u0130lgili form\u00fcller <\/h2><div class=\"gb-grid-wrapper gb-grid-wrapper-a16fa65c gb-grid-wrapper-mt-grid\"><div class=\"gb-grid-column gb-grid-column-50d07e0d\"><div class=\"gb-container gb-container-50d07e0d\"><ul><li> <a href=\"https:\/\/exceladvisor.org\/tr\/iferror-gorunumu\/\">Excel&#8217;de #YOK yerine D\u00dc\u015eEYARA i\u00e7eren E\u011eERHATA<\/a><\/li><li> <a href=\"https:\/\/exceladvisor.org\/tr\/cift-yonlu-arama\/\">Excel&#8217;de iki y\u00f6nl\u00fc arama ger\u00e7ekle\u015ftirme<\/a><\/li><li> <a href=\"https:\/\/exceladvisor.org\/tr\/geriye-dogru-arama\/\">Excel&#8217;de D\u00dc\u015eEYARA&#8217;y\u0131 ters \u00e7evirme (geriye do\u011fru: sa\u011fdan sola)<\/a><\/li><li> <a href=\"https:\/\/exceladvisor.org\/tr\/vssearch-eslesmesi\/\">Excel&#8217;de D\u00dc\u015eEYARA E\u015eLE\u015eT\u0130RME&#8217;yi birle\u015ftirme<\/a><\/li><li> <a href=\"https:\/\/exceladvisor.org\/tr\/vlookup-ozellikli-joker-karakterler\/\">Excel&#8217;de D\u00dc\u015eEYARA i\u00e7eren joker karakterler<\/a> <\/li><\/ul><\/div><\/div><div class=\"gb-grid-column gb-grid-column-5b4a0cf9\"><div class=\"gb-container gb-container-5b4a0cf9\"><\/div><\/div><\/div><\/div>","protected":false},"excerpt":{"rendered":"","protected":false},"author":1,"featured_media":0,"parent":0,"menu_order":0,"comment_status":"open","ping_status":"closed","template":"","meta":{"ub_ctt_via":"","footnotes":""},"class_list":["post-1653","page","type-page","status-publish","hentry"],"featured_image_src":null,"yoast_head":"<!-- This site is optimized with the Yoast SEO plugin v25.4 - https:\/\/yoast.com\/wordpress\/plugins\/seo\/ -->\n<title>\u25b7 Excel&#039;de birden \u00e7ok kriterle D\u00dc\u015eEYARA nas\u0131l yap\u0131l\u0131r?<\/title>\n<meta name=\"description\" content=\"D\u00dc\u015eEYARA&#039;y\u0131 birden fazla \u00f6l\u00e7\u00fctle kullanmak, bir de\u011fer ararken size daha fazla hassasiyet sa\u011flar. Ve en iyi yan\u0131, bunu yapman\u0131n kolay olmas\u0131d\u0131r...\" \/>\n<meta name=\"robots\" content=\"index, follow, max-snippet:-1, max-image-preview:large, max-video-preview:-1\" \/>\n<link rel=\"canonical\" href=\"https:\/\/exceladvisor.org\/tr\/birden-fazla-kritere-goz-atma\/\" \/>\n<meta property=\"og:locale\" content=\"tr_TR\" \/>\n<meta property=\"og:type\" content=\"article\" \/>\n<meta property=\"og:title\" content=\"\u25b7 Excel&#039;de birden \u00e7ok kriterle D\u00dc\u015eEYARA nas\u0131l yap\u0131l\u0131r?\" \/>\n<meta property=\"og:description\" content=\"D\u00dc\u015eEYARA&#039;y\u0131 birden fazla \u00f6l\u00e7\u00fctle kullanmak, bir de\u011fer ararken size daha fazla hassasiyet sa\u011flar. Ve en iyi yan\u0131, bunu yapman\u0131n kolay olmas\u0131d\u0131r...\" \/>\n<meta property=\"og:url\" content=\"https:\/\/exceladvisor.org\/tr\/birden-fazla-kritere-goz-atma\/\" \/>\n<meta property=\"og:site_name\" content=\"Excel Advisor\" \/>\n<meta property=\"article:modified_time\" content=\"2023-12-10T06:00:52+00:00\" \/>\n<meta property=\"og:image\" content=\"https:\/\/exceladvisor.org\/wp-content\/uploads\/2023\/08\/2-vlookup-avec-table-de-donnees-a-criteres-multiples-min-1.png\" \/>\n<meta name=\"twitter:card\" content=\"summary_large_image\" \/>\n<meta name=\"twitter:label1\" content=\"Tahmini okuma s\u00fcresi\" \/>\n\t<meta name=\"twitter:data1\" content=\"3 dakika\" \/>\n<script type=\"application\/ld+json\" class=\"yoast-schema-graph\">{\"@context\":\"https:\/\/schema.org\",\"@graph\":[{\"@type\":\"WebPage\",\"@id\":\"https:\/\/exceladvisor.org\/tr\/birden-fazla-kritere-goz-atma\/\",\"url\":\"https:\/\/exceladvisor.org\/tr\/birden-fazla-kritere-goz-atma\/\",\"name\":\"\u25b7 Excel&#39;de birden \u00e7ok kriterle D\u00dc\u015eEYARA nas\u0131l yap\u0131l\u0131r?\",\"isPartOf\":{\"@id\":\"https:\/\/exceladvisor.org\/tr\/#website\"},\"primaryImageOfPage\":{\"@id\":\"https:\/\/exceladvisor.org\/tr\/birden-fazla-kritere-goz-atma\/#primaryimage\"},\"image\":{\"@id\":\"https:\/\/exceladvisor.org\/tr\/birden-fazla-kritere-goz-atma\/#primaryimage\"},\"thumbnailUrl\":\"https:\/\/exceladvisor.org\/wp-content\/uploads\/2023\/08\/2-vlookup-avec-table-de-donnees-a-criteres-multiples-min-1.png\",\"datePublished\":\"2023-11-13T16:32:31+00:00\",\"dateModified\":\"2023-12-10T06:00:52+00:00\",\"description\":\"D\u00dc\u015eEYARA&#39;y\u0131 birden fazla \u00f6l\u00e7\u00fctle kullanmak, bir de\u011fer ararken size daha fazla hassasiyet sa\u011flar. Ve en iyi yan\u0131, bunu yapman\u0131n kolay olmas\u0131d\u0131r...\",\"breadcrumb\":{\"@id\":\"https:\/\/exceladvisor.org\/tr\/birden-fazla-kritere-goz-atma\/#breadcrumb\"},\"inLanguage\":\"tr\",\"potentialAction\":[{\"@type\":\"ReadAction\",\"target\":[\"https:\/\/exceladvisor.org\/tr\/birden-fazla-kritere-goz-atma\/\"]}]},{\"@type\":\"ImageObject\",\"inLanguage\":\"tr\",\"@id\":\"https:\/\/exceladvisor.org\/tr\/birden-fazla-kritere-goz-atma\/#primaryimage\",\"url\":\"https:\/\/exceladvisor.org\/wp-content\/uploads\/2023\/08\/2-vlookup-avec-table-de-donnees-a-criteres-multiples-min-1.png\",\"contentUrl\":\"https:\/\/exceladvisor.org\/wp-content\/uploads\/2023\/08\/2-vlookup-avec-table-de-donnees-a-criteres-multiples-min-1.png\"},{\"@type\":\"BreadcrumbList\",\"@id\":\"https:\/\/exceladvisor.org\/tr\/birden-fazla-kritere-goz-atma\/#breadcrumb\",\"itemListElement\":[{\"@type\":\"ListItem\",\"position\":1,\"name\":\"Ev\",\"item\":\"https:\/\/exceladvisor.org\/tr\/\"},{\"@type\":\"ListItem\",\"position\":2,\"name\":\"Excel&#39;de birden \u00e7ok kriterle d\u00fc\u015feyara nas\u0131l yap\u0131l\u0131r?\"}]},{\"@type\":\"WebSite\",\"@id\":\"https:\/\/exceladvisor.org\/tr\/#website\",\"url\":\"https:\/\/exceladvisor.org\/tr\/\",\"name\":\"Excel Advisor\",\"description\":\"Veri hakimiyetine y\u00f6nelik nihai rehberiniz!\",\"publisher\":{\"@id\":\"https:\/\/exceladvisor.org\/tr\/#organization\"},\"potentialAction\":[{\"@type\":\"SearchAction\",\"target\":{\"@type\":\"EntryPoint\",\"urlTemplate\":\"https:\/\/exceladvisor.org\/tr\/?s={search_term_string}\"},\"query-input\":{\"@type\":\"PropertyValueSpecification\",\"valueRequired\":true,\"valueName\":\"search_term_string\"}}],\"inLanguage\":\"tr\"},{\"@type\":\"Organization\",\"@id\":\"https:\/\/exceladvisor.org\/tr\/#organization\",\"name\":\"Excel Advisor\",\"url\":\"https:\/\/exceladvisor.org\/tr\/\",\"logo\":{\"@type\":\"ImageObject\",\"inLanguage\":\"tr\",\"@id\":\"https:\/\/exceladvisor.org\/tr\/#\/schema\/logo\/image\/\",\"url\":\"https:\/\/exceladvisor.org\/tr\/wp-content\/uploads\/2023\/12\/exceladvisor.org_.png\",\"contentUrl\":\"https:\/\/exceladvisor.org\/tr\/wp-content\/uploads\/2023\/12\/exceladvisor.org_.png\",\"width\":105,\"height\":36,\"caption\":\"Excel Advisor\"},\"image\":{\"@id\":\"https:\/\/exceladvisor.org\/tr\/#\/schema\/logo\/image\/\"}}]}<\/script>\n<!-- \/ Yoast SEO plugin. -->","yoast_head_json":{"title":"\u25b7 Excel&#39;de birden \u00e7ok kriterle D\u00dc\u015eEYARA nas\u0131l yap\u0131l\u0131r?","description":"D\u00dc\u015eEYARA&#39;y\u0131 birden fazla \u00f6l\u00e7\u00fctle kullanmak, bir de\u011fer ararken size daha fazla hassasiyet sa\u011flar. Ve en iyi yan\u0131, bunu yapman\u0131n kolay olmas\u0131d\u0131r...","robots":{"index":"index","follow":"follow","max-snippet":"max-snippet:-1","max-image-preview":"max-image-preview:large","max-video-preview":"max-video-preview:-1"},"canonical":"https:\/\/exceladvisor.org\/tr\/birden-fazla-kritere-goz-atma\/","og_locale":"tr_TR","og_type":"article","og_title":"\u25b7 Excel&#39;de birden \u00e7ok kriterle D\u00dc\u015eEYARA nas\u0131l yap\u0131l\u0131r?","og_description":"D\u00dc\u015eEYARA&#39;y\u0131 birden fazla \u00f6l\u00e7\u00fctle kullanmak, bir de\u011fer ararken size daha fazla hassasiyet sa\u011flar. Ve en iyi yan\u0131, bunu yapman\u0131n kolay olmas\u0131d\u0131r...","og_url":"https:\/\/exceladvisor.org\/tr\/birden-fazla-kritere-goz-atma\/","og_site_name":"Excel Advisor","article_modified_time":"2023-12-10T06:00:52+00:00","og_image":[{"url":"https:\/\/exceladvisor.org\/wp-content\/uploads\/2023\/08\/2-vlookup-avec-table-de-donnees-a-criteres-multiples-min-1.png","type":"","width":"","height":""}],"twitter_card":"summary_large_image","twitter_misc":{"Tahmini okuma s\u00fcresi":"3 dakika"},"schema":{"@context":"https:\/\/schema.org","@graph":[{"@type":"WebPage","@id":"https:\/\/exceladvisor.org\/tr\/birden-fazla-kritere-goz-atma\/","url":"https:\/\/exceladvisor.org\/tr\/birden-fazla-kritere-goz-atma\/","name":"\u25b7 Excel&#39;de birden \u00e7ok kriterle D\u00dc\u015eEYARA nas\u0131l yap\u0131l\u0131r?","isPartOf":{"@id":"https:\/\/exceladvisor.org\/tr\/#website"},"primaryImageOfPage":{"@id":"https:\/\/exceladvisor.org\/tr\/birden-fazla-kritere-goz-atma\/#primaryimage"},"image":{"@id":"https:\/\/exceladvisor.org\/tr\/birden-fazla-kritere-goz-atma\/#primaryimage"},"thumbnailUrl":"https:\/\/exceladvisor.org\/wp-content\/uploads\/2023\/08\/2-vlookup-avec-table-de-donnees-a-criteres-multiples-min-1.png","datePublished":"2023-11-13T16:32:31+00:00","dateModified":"2023-12-10T06:00:52+00:00","description":"D\u00dc\u015eEYARA&#39;y\u0131 birden fazla \u00f6l\u00e7\u00fctle kullanmak, bir de\u011fer ararken size daha fazla hassasiyet sa\u011flar. Ve en iyi yan\u0131, bunu yapman\u0131n kolay olmas\u0131d\u0131r...","breadcrumb":{"@id":"https:\/\/exceladvisor.org\/tr\/birden-fazla-kritere-goz-atma\/#breadcrumb"},"inLanguage":"tr","potentialAction":[{"@type":"ReadAction","target":["https:\/\/exceladvisor.org\/tr\/birden-fazla-kritere-goz-atma\/"]}]},{"@type":"ImageObject","inLanguage":"tr","@id":"https:\/\/exceladvisor.org\/tr\/birden-fazla-kritere-goz-atma\/#primaryimage","url":"https:\/\/exceladvisor.org\/wp-content\/uploads\/2023\/08\/2-vlookup-avec-table-de-donnees-a-criteres-multiples-min-1.png","contentUrl":"https:\/\/exceladvisor.org\/wp-content\/uploads\/2023\/08\/2-vlookup-avec-table-de-donnees-a-criteres-multiples-min-1.png"},{"@type":"BreadcrumbList","@id":"https:\/\/exceladvisor.org\/tr\/birden-fazla-kritere-goz-atma\/#breadcrumb","itemListElement":[{"@type":"ListItem","position":1,"name":"Ev","item":"https:\/\/exceladvisor.org\/tr\/"},{"@type":"ListItem","position":2,"name":"Excel&#39;de birden \u00e7ok kriterle d\u00fc\u015feyara nas\u0131l yap\u0131l\u0131r?"}]},{"@type":"WebSite","@id":"https:\/\/exceladvisor.org\/tr\/#website","url":"https:\/\/exceladvisor.org\/tr\/","name":"Excel Advisor","description":"Veri hakimiyetine y\u00f6nelik nihai rehberiniz!","publisher":{"@id":"https:\/\/exceladvisor.org\/tr\/#organization"},"potentialAction":[{"@type":"SearchAction","target":{"@type":"EntryPoint","urlTemplate":"https:\/\/exceladvisor.org\/tr\/?s={search_term_string}"},"query-input":{"@type":"PropertyValueSpecification","valueRequired":true,"valueName":"search_term_string"}}],"inLanguage":"tr"},{"@type":"Organization","@id":"https:\/\/exceladvisor.org\/tr\/#organization","name":"Excel Advisor","url":"https:\/\/exceladvisor.org\/tr\/","logo":{"@type":"ImageObject","inLanguage":"tr","@id":"https:\/\/exceladvisor.org\/tr\/#\/schema\/logo\/image\/","url":"https:\/\/exceladvisor.org\/tr\/wp-content\/uploads\/2023\/12\/exceladvisor.org_.png","contentUrl":"https:\/\/exceladvisor.org\/tr\/wp-content\/uploads\/2023\/12\/exceladvisor.org_.png","width":105,"height":36,"caption":"Excel Advisor"},"image":{"@id":"https:\/\/exceladvisor.org\/tr\/#\/schema\/logo\/image\/"}}]}},"yoast_meta":{"yoast_wpseo_title":"","yoast_wpseo_metadesc":"","yoast_wpseo_canonical":""},"_links":{"self":[{"href":"https:\/\/exceladvisor.org\/tr\/wp-json\/wp\/v2\/pages\/1653","targetHints":{"allow":["GET"]}}],"collection":[{"href":"https:\/\/exceladvisor.org\/tr\/wp-json\/wp\/v2\/pages"}],"about":[{"href":"https:\/\/exceladvisor.org\/tr\/wp-json\/wp\/v2\/types\/page"}],"author":[{"embeddable":true,"href":"https:\/\/exceladvisor.org\/tr\/wp-json\/wp\/v2\/users\/1"}],"replies":[{"embeddable":true,"href":"https:\/\/exceladvisor.org\/tr\/wp-json\/wp\/v2\/comments?post=1653"}],"version-history":[{"count":1,"href":"https:\/\/exceladvisor.org\/tr\/wp-json\/wp\/v2\/pages\/1653\/revisions"}],"predecessor-version":[{"id":2442,"href":"https:\/\/exceladvisor.org\/tr\/wp-json\/wp\/v2\/pages\/1653\/revisions\/2442"}],"wp:attachment":[{"href":"https:\/\/exceladvisor.org\/tr\/wp-json\/wp\/v2\/media?parent=1653"}],"curies":[{"name":"wp","href":"https:\/\/api.w.org\/{rel}","templated":true}]}}