{"id":1654,"date":"2023-11-13T16:20:36","date_gmt":"2023-11-13T16:20:36","guid":{"rendered":"https:\/\/exceladvisor.org\/tr\/bastaki-sifirlar\/"},"modified":"2023-12-10T06:00:19","modified_gmt":"2023-12-10T06:00:19","slug":"bastaki-sifirlar","status":"publish","type":"page","link":"https:\/\/exceladvisor.org\/tr\/bastaki-sifirlar\/","title":{"rendered":"Excel&#39;de ba\u015ftaki s\u0131f\u0131rlar nas\u0131l eklenir?"},"content":{"rendered":"<div class=\"excel-icerikten-once\" id=\"excel-3538238044\"><script type=\"text\/javascript\">\r\n\tatOptions = {\r\n\t\t'key' : 'c1158f160081d6540a8409e6925dab94',\r\n\t\t'format' : 'iframe',\r\n\t\t'height' : 250,\r\n\t\t'width' : 300,\r\n\t\t'params' : {}\r\n\t};\r\n<\/script>\r\n<script type=\"text\/javascript\" src=\"\/\/www.highperformanceformat.com\/c1158f160081d6540a8409e6925dab94\/invoke.js\"><\/script><\/div> <p>Excel&#8217;de sizi rahats\u0131z edebilecek birka\u00e7 varsay\u0131lan kural vard\u0131r. Bu kurallardan biri, bir say\u0131dan \u00f6nce s\u0131f\u0131r eklenmemesidir.<\/p><p> Bunun nedeni say\u0131n\u0131n \u00f6n\u00fcndeki s\u0131f\u0131r\u0131n hi\u00e7bir anlam ifade etmemesi ve say\u0131n\u0131n kendisi a\u00e7\u0131s\u0131ndan bir de\u011fere sahip olmamas\u0131d\u0131r.<\/p><p> Bir say\u0131dan \u00f6nce s\u0131f\u0131r eklemeye \u00e7al\u0131\u015ft\u0131\u011f\u0131n\u0131zda, Excel onu kald\u0131racak ve say\u0131y\u0131 yaln\u0131zca ger\u00e7ek bir say\u0131dan alacaks\u0131n\u0131z.<\/p><p> Sorun \u015fu: Bir say\u0131dan \u00f6nce bir s\u0131f\u0131r eklememiz gereken ve s\u0131f\u0131r\u0131n orada kalmas\u0131n\u0131 istedi\u011fimiz benzersiz durumlar var.<\/p><p> <span style=\"color: #000000;\">\u00d6rne\u011fin<\/span> telefon numaralar\u0131, posta kodlar\u0131, fatura numaralar\u0131 vb.<\/p><p> O y\u00fczden bug\u00fcn bu yaz\u0131mda Excel&#8217;de ba\u015f\u0131na s\u0131f\u0131r eklemek i\u00e7in kullanabilece\u011fimiz 5 farkl\u0131 y\u00f6ntemi sizlerle payla\u015fmak istiyorum.<\/p><h2 id=\"h-convert-a-number-into-a-text-for-adding-zeros\" class=\"wp-block-heading\"> S\u0131f\u0131r eklemek i\u00e7in say\u0131y\u0131 metne d\u00f6n\u00fc\u015ft\u00fcr\u00fcn<\/h2><p> <strong style=\"font-size: revert;\"><span style=\"color: #000000;\">Bir h\u00fccrenin bi\u00e7imini say\u0131dan metne de\u011fi\u015ftirirseniz<\/span><\/strong> <span style=\"font-size: revert;\">,<\/span> <span style=\"font-size: revert;\">herhangi bir sorun ya\u015famadan ba\u015f\u0131na s\u0131f\u0131r ekleyebilirsiniz.<\/span><\/p><p> Bu \u015fekilde Excel, numaran\u0131z\u0131 ger\u00e7ek say\u0131 olarak ele almaz ve i\u00e7indeki s\u0131f\u0131rlar\u0131 kald\u0131rmaz.<\/p><ul><li> Ba\u015f\u0131na s\u0131f\u0131r eklemek istedi\u011finiz h\u00fccreleri se\u00e7in.<\/li><li> Ana Sayfaya Git \u279c Say\u0131 \u279c Say\u0131 bi\u00e7imini metne de\u011fi\u015ftirin. <\/li><\/ul><div class=\"wp-block-image\"><figure class=\"aligncenter\"><img decoding=\"async\" src=\"https:\/\/exceladvisor.org\/wp-content\/uploads\/2023\/08\/Ajouter-des-zeros-non-significatifs-dans-Excel-3-1.gif\" sizes=\"\" srcset=\"\" alt=\"Excel'de Say\u0131n\u0131n \u00d6ncesine S\u0131f\u0131r Eklemek i\u00e7in Metin Format\u0131n\u0131 Kullanma\"><\/figure><\/div><p> Art\u0131k say\u0131lar\u0131n ba\u015f\u0131na kolayca s\u0131f\u0131r ekleyebilirsiniz. Art\u0131k bu say\u0131lar\u0131 herhangi bir hesaplama t\u00fcr\u00fcnde kullanamazs\u0131n\u0131z \u00e7\u00fcnk\u00fc bunlar art\u0131k metin bi\u00e7imindedir.<\/p><h2 id=\"h-use-concatenate-function-to-add-a-zero\" class=\"wp-block-heading\"> S\u0131f\u0131r eklemek i\u00e7in birle\u015ftirme i\u015flevini kullan\u0131n<\/h2><p> Bir say\u0131dan \u00f6nce sabit say\u0131da s\u0131f\u0131r eklemek istiyorsan\u0131z birle\u015ftirme i\u015flevini kullanabilirsiniz.<\/p><p> B\u0130RLE\u015eT\u0130R i\u015fleviyle <span style=\"font-size: revert;\">s\u0131f\u0131rlar\u0131 ger\u00e7ek say\u0131larla birle\u015ftirirsiniz.<\/span> Bir h\u00fccredeki say\u0131lar\u0131n \u00f6n\u00fcne s\u0131f\u0131r eklemek i\u00e7in a\u015fa\u011f\u0131daki gibi bir form\u00fcl kullanabilirsiniz. <\/p><pre class=\"wp-block-code\"> <code class=\"language-excel-formula\" lang=\"excel-formula\">=CONCATENATE(\"0\",\"123458\")<\/code><\/pre><div class=\"wp-block-image\"><figure class=\"aligncenter\"><img decoding=\"async\" src=\"https:\/\/exceladvisor.org\/wp-content\/uploads\/2023\/08\/Ajouter-des-zeros-non-significatifs-dans-Excel-4-1.png\" sizes=\"\" srcset=\"\" alt=\"Excel'de Say\u0131n\u0131n \u00d6ncesine S\u0131f\u0131r Eklemek i\u00e7in Birle\u015ftirme \u0130\u015flevini Kullanma\"><\/figure><\/div><p class=\"content-box-red\"> Art\u0131k bu say\u0131lar\u0131 herhangi bir hesaplama t\u00fcr\u00fcnde kullanamazs\u0131n\u0131z \u00e7\u00fcnk\u00fc bunlar art\u0131k metin bi\u00e7imindedir.<\/p><h2 id=\"h-add-dynamic-leading-zeros-with-rept-function\" class=\"wp-block-heading\"> REPT i\u015fleviyle ba\u015fa dinamik s\u0131f\u0131rlar ekleyin<\/h2><p> REPT, metni birden \u00e7ok kez tekrarlayabilen <a style=\"outline: none; display: inline-block;\" href=\"https:\/\/exceladvisor.org\/tr\/excel-fonksiyonlari\/\">en sevdi\u011fim Excel i\u015flevlerinden<\/a> biridir. \u015eimdi size bunun bir h\u00fccrede s\u0131f\u0131r \u00f6nekini koymam\u0131za nas\u0131l yard\u0131mc\u0131 olabilece\u011fini g\u00f6stereyim. <\/p><div class=\"wp-block-image\"><figure class=\"aligncenter\"><img decoding=\"async\" src=\"https:\/\/exceladvisor.org\/wp-content\/uploads\/2023\/08\/Ajouter-des-zeros-non-significatifs-dans-Excel-5-1.gif\" sizes=\"\" srcset=\"\" alt=\"Excel'de Say\u0131n\u0131n \u00d6ncesine S\u0131f\u0131r Eklemek i\u00e7in REPT \u0130\u015flevini Kullanma\"><\/figure><\/div><pre class=\"wp-block-code\"> <code class=\"language-excel-formula\" lang=\"excel-formula\">=REPT(0,7-LEN(B5))&amp;B5<\/code><\/pre><p> Yukar\u0131daki \u00f6rnekte bir h\u00fccrede toplam 8 rakam\u0131 elde etmek i\u00e7in REPT kulland\u0131k. Bir h\u00fccrede 6 basamak varsa geri kalan 2 basamak s\u0131f\u0131r olur, h\u00fccrede 4 basamak varsa geri kalan 4 basamak s\u0131f\u0131r olur.<\/p><p> Bu say\u0131lardan \u00f6nce s\u0131f\u0131r almak i\u00e7in kullan\u0131lan dinamik bir form\u00fcld\u00fcr. Art\u0131k bu say\u0131lar\u0131 herhangi bir hesaplama t\u00fcr\u00fcnde kullanamazs\u0131n\u0131z \u00e7\u00fcnk\u00fc bunlar art\u0131k metin bi\u00e7imindedir.<\/p><h2 id=\"h-use-text-function-to-add-leading-zeros-format\" class=\"wp-block-heading\"> Ba\u015f\u0131na s\u0131f\u0131r format\u0131 eklemek i\u00e7in MET\u0130N i\u015flevini kullan\u0131n<\/h2><p> Ba\u015f\u0131na s\u0131f\u0131r eklemek i\u00e7in <a href=\"https:\/\/support.office.com\/en-us\/article\/text-functions-reference-cccd86ad-547d-4ea9-a065-7bb697c2a56e\" target=\"_blank\" rel=\"noopener noreferrer\">TEXT i\u015flevini<\/a> de kullanabilirsiniz. MET\u0130N i\u015flevi size metin bi\u00e7imini kullanarak elde edebilece\u011finiz sonucun ayn\u0131s\u0131n\u0131 verecektir. <\/p><pre class=\"wp-block-code\"> <code class=\"language-excel-formula\" lang=\"excel-formula\">=TEXT(B6,\"0000000\")<\/code><\/pre><div class=\"wp-block-image\"><figure class=\"aligncenter\"><img decoding=\"async\" src=\"https:\/\/exceladvisor.org\/wp-content\/uploads\/2023\/08\/Ajouter-des-zeros-non-significatifs-dans-Excel-6-1.gif\" sizes=\"\" srcset=\"\" alt=\"Excel'de Say\u0131n\u0131n \u00d6n\u00fcne S\u0131f\u0131r Eklemek i\u00e7in Metin \u0130\u015flevini Kullanma\"><\/figure><\/div><p> Yukar\u0131daki \u00f6rnekte bir say\u0131y\u0131 her zaman 7 haneli olacak bir metne d\u00f6n\u00fc\u015ft\u00fcrd\u00fck. E\u011fer 5 rakam\u0131n\u0131z varsa 2&#8217;den kalan say\u0131lar ba\u015flang\u0131\u00e7ta s\u0131f\u0131r olacakt\u0131r.<\/p><p> Metin i\u015flevinde, yukar\u0131daki \u00f6rnekte belirtti\u011fim de\u011fere ve formata sahip olan h\u00fccreye ba\u015fvurman\u0131z yeterlidir. Bu say\u0131lar\u0131 herhangi bir hesaplama t\u00fcr\u00fcnde kullanamazs\u0131n\u0131z \u00e7\u00fcnk\u00fc bunlar art\u0131k metin bi\u00e7imindedir.<\/p><h2 id=\"h-apply-custom-format-with-leading-zeros\" class=\"wp-block-heading\"> Ba\u015f\u0131ndaki s\u0131f\u0131rlarla \u00f6zel bi\u00e7imi uygula<\/h2><p> Herhangi bir form\u00fcl veya ba\u015fka y\u00f6ntem kullanmak istemiyorsan\u0131z h\u00fccreye \u00f6zel bir bi\u00e7im uygulayabilirsiniz. Bunun kullan\u0131labilecek en iyi y\u00f6ntem oldu\u011funu ve <span style=\"color: #000000;\">di\u011fer t\u00fcm y\u00f6ntemlere g\u00f6re ek bir avantaj\u0131 oldu\u011funu<\/span> d\u00fc\u015f\u00fcn\u00fcyorum. <\/p><div class=\"wp-block-image\"><figure class=\"aligncenter\"><img decoding=\"async\" src=\"https:\/\/exceladvisor.org\/wp-content\/uploads\/2023\/08\/Ajouter-des-zeros-non-significatifs-dans-Excel-7-1.png\" sizes=\"\" srcset=\"\" alt=\"Excel'de ba\u015ftaki s\u0131f\u0131rlar\u0131 eklemek i\u00e7in \u00f6zel bi\u00e7imi kullan\u0131n\"><\/figure><\/div><ol><li> \u00d6n ek olarak s\u0131f\u0131r eklemek istedi\u011finiz h\u00fccreyi se\u00e7in.<\/li><li> \u279c Format Se\u00e7ene\u011fine sa\u011f t\u0131klay\u0131n veya \u201cH\u00fccreyi Formatla \u0130leti\u015fim Kutusunu\u201d a\u00e7mak i\u00e7in Ctrl+1 k\u0131sayol tu\u015funu da kullanabilirsiniz.<\/li><li> Kategoride \u279c \u00d6zel&#8217;i se\u00e7in.<\/li><li> \u00d6zel giri\u015f ileti\u015fim kutusuna &#8220;0000000&#8221; girin.<\/li><li> Tamam&#8217;\u0131 t\u0131klay\u0131n.<\/li><\/ol><p> Yukar\u0131daki \u00f6rnekte h\u00fccreleri, her zaman 7 rakam\u0131n\u0131 alaca\u011f\u0131n\u0131z 7 haneli say\u0131larla bi\u00e7imlendirdik. E\u011fer 5 rakam\u0131n\u0131z varsa geri kalan 2 rakam\u0131n ba\u015f\u0131nda s\u0131f\u0131r olacakt\u0131r.<\/p><p> <a style=\"outline: none;\" href=\"https:\/\/exceladvisor.org\/tr\/excel-formul-cubugu\/\">Excel form\u00fcl \u00e7ubu\u011funu<\/a> kontrol ederseniz, h\u00fccrede ger\u00e7ek say\u0131sal de\u011fere sahip olursunuz ve bu say\u0131y\u0131 hesaplama i\u00e7in kullanabilirsiniz; bu, di\u011fer y\u00f6ntemlerde m\u00fcmk\u00fcn de\u011fildir. <\/p><div class=\"gb-container gb-container-bafb25cc gb-container-download-2\"><div class=\"gb-grid-wrapper gb-grid-wrapper-91201309\"><div class=\"gb-grid-column gb-grid-column-15a917ef\"><div class=\"gb-container gb-container-15a917ef\"><h2 class=\"gb-headline gb-headline-f2deb261 gb-headline-text gb-headline-download-2\"> Excel dosyas\u0131n\u0131 al\u0131n <\/h2><\/div><\/div><div class=\"gb-grid-column gb-grid-column-18357188\"><div class=\"gb-container gb-container-18357188\"><div class=\"gb-container gb-container-76cbe15e\"> <a class=\"gb-button gb-button-cb63d00a gb-button-text gb-button-download-2\" href=\"https:\/\/exceladvisor.org\/wp-content\/uploads\/2023\/11\/ajouter-des-zeros-non-significatifs-dans-excel.xlsx\" rel=\"nofollow\">\u0130ndirmek<\/a><\/div><\/div><\/div><\/div><\/div><h2 id=\"h-conclusion\" class=\"wp-block-heading\"> \u00c7\u00f6z\u00fcm<\/h2><p> Fatura numaralar\u0131, cep telefonu numaralar\u0131, posta kodlar\u0131 vb. gibi belirli bir numara t\u00fcr\u00fcyle ilgilendi\u011fimizde \u00e7o\u011fu zaman bir numaradan \u00f6nce s\u0131f\u0131r eklemeniz gerekir.<\/p><p> Normal say\u0131larda bu t\u00fcr bir durum asla ya\u015fanmaz \u00e7\u00fcnk\u00fc formattan \u00e7ok hesaplaman\u0131n i\u00e7indeyiz.<\/p><p> Ama e\u011fer bu olursa, art\u0131k bununla ba\u015fa \u00e7\u0131kmak i\u00e7in 5 farkl\u0131 y\u00f6nteminiz var ve umar\u0131m bu y\u00f6ntemler size yard\u0131mc\u0131 olur, ama \u015fimdi bana bir \u015feyi s\u00f6yleyin.<\/p><p> Bir say\u0131n\u0131n \u00f6n\u00fcne s\u0131f\u0131r eklemek i\u00e7in ba\u015fka bir y\u00f6nteminiz var m\u0131?<\/p><p> D\u00fc\u015f\u00fcncelerinizi yorum k\u0131sm\u0131nda benimle payla\u015fmay\u0131 unutmay\u0131n, sizden haber almay\u0131 \u00e7ok isterim. Ve l\u00fctfen bu g\u00f6nderiyi arkada\u015flar\u0131n\u0131zla payla\u015fmay\u0131 unutmay\u0131n, eminim onlar da bundan keyif alacaklard\u0131r.<\/p><div class=\"gb-container gb-container-0df56012 gb-container-mt\"> <a class=\"gb-button gb-button-f9f432f4 gb-button-text gb-button-mt-button\" href=\"https:\/\/exceladvisor.org\/tr\/formuller\/\">Excel form\u00fcllerinin listesi<\/a><h2 class=\"gb-headline gb-headline-233444e8 gb-headline-text gb-headline-mt-heading\"> \u0130lgili form\u00fcller <\/h2><div class=\"gb-grid-wrapper gb-grid-wrapper-a16fa65c gb-grid-wrapper-mt-grid\"><div class=\"gb-grid-column gb-grid-column-50d07e0d\"><div class=\"gb-container gb-container-50d07e0d\"><ul><li> <a href=\"https:\/\/exceladvisor.org\/tr\/hucrede-yeni-satir\/\">Excel&#8217;de bir h\u00fccreye yeni bir sat\u0131r ekleme (sat\u0131r sonu)<\/a><\/li><li> <a href=\"https:\/\/exceladvisor.org\/tr\/hucreleri-virgulle-birlestir\/\">Excel&#8217;de h\u00fccreleri virg\u00fclle birle\u015ftirme (birle\u015ftirme)<\/a><\/li><li> <a href=\"https:\/\/exceladvisor.org\/tr\/bir-dizi-hucreyi-birlestirmek\/\">Excel&#8217;de bir dizi h\u00fccreyi birle\u015ftirme (birle\u015ftirme)<\/a><\/li><li> <a href=\"https:\/\/exceladvisor.org\/tr\/satir-sonunu-birlestirme\/\">Excel&#8217;de sat\u0131r sonuyla birle\u015ftirme<\/a> <\/li><\/ul><\/div><\/div><div class=\"gb-grid-column gb-grid-column-5b4a0cf9\"><div class=\"gb-container gb-container-5b4a0cf9\"><\/div><\/div><\/div><\/div>","protected":false},"excerpt":{"rendered":"","protected":false},"author":1,"featured_media":0,"parent":0,"menu_order":0,"comment_status":"open","ping_status":"closed","template":"","meta":{"ub_ctt_via":"","footnotes":""},"class_list":["post-1654","page","type-page","status-publish","hentry"],"featured_image_src":null,"yoast_head":"<!-- This site is optimized with the Yoast SEO plugin v25.4 - https:\/\/yoast.com\/wordpress\/plugins\/seo\/ -->\n<title>\u25b7 Excel&#039;de ba\u015ftaki s\u0131f\u0131rlar nas\u0131l eklenir?<\/title>\n<meta name=\"description\" content=\"Excel&#039;de sizi rahats\u0131z edebilecek birka\u00e7 varsay\u0131lan kural vard\u0131r. Ve bu kurallardan biri de s\u0131f\u0131r ekleyemezsiniz\" \/>\n<meta name=\"robots\" content=\"index, follow, max-snippet:-1, max-image-preview:large, max-video-preview:-1\" \/>\n<link rel=\"canonical\" href=\"https:\/\/exceladvisor.org\/tr\/bastaki-sifirlar\/\" \/>\n<meta property=\"og:locale\" content=\"tr_TR\" \/>\n<meta property=\"og:type\" content=\"article\" \/>\n<meta property=\"og:title\" content=\"\u25b7 Excel&#039;de ba\u015ftaki s\u0131f\u0131rlar nas\u0131l eklenir?\" \/>\n<meta property=\"og:description\" content=\"Excel&#039;de sizi rahats\u0131z edebilecek birka\u00e7 varsay\u0131lan kural vard\u0131r. Ve bu kurallardan biri de s\u0131f\u0131r ekleyemezsiniz\" \/>\n<meta property=\"og:url\" content=\"https:\/\/exceladvisor.org\/tr\/bastaki-sifirlar\/\" \/>\n<meta property=\"og:site_name\" content=\"Excel Advisor\" \/>\n<meta property=\"article:modified_time\" content=\"2023-12-10T06:00:19+00:00\" \/>\n<meta property=\"og:image\" content=\"https:\/\/exceladvisor.org\/wp-content\/uploads\/2023\/08\/Ajouter-des-zeros-non-significatifs-dans-Excel-3-1.gif\" \/>\n<meta name=\"twitter:card\" content=\"summary_large_image\" \/>\n<meta name=\"twitter:label1\" content=\"Tahmini okuma s\u00fcresi\" \/>\n\t<meta name=\"twitter:data1\" content=\"5 dakika\" \/>\n<script type=\"application\/ld+json\" class=\"yoast-schema-graph\">{\"@context\":\"https:\/\/schema.org\",\"@graph\":[{\"@type\":\"WebPage\",\"@id\":\"https:\/\/exceladvisor.org\/tr\/bastaki-sifirlar\/\",\"url\":\"https:\/\/exceladvisor.org\/tr\/bastaki-sifirlar\/\",\"name\":\"\u25b7 Excel&#39;de ba\u015ftaki s\u0131f\u0131rlar nas\u0131l eklenir?\",\"isPartOf\":{\"@id\":\"https:\/\/exceladvisor.org\/tr\/#website\"},\"primaryImageOfPage\":{\"@id\":\"https:\/\/exceladvisor.org\/tr\/bastaki-sifirlar\/#primaryimage\"},\"image\":{\"@id\":\"https:\/\/exceladvisor.org\/tr\/bastaki-sifirlar\/#primaryimage\"},\"thumbnailUrl\":\"https:\/\/exceladvisor.org\/wp-content\/uploads\/2023\/08\/Ajouter-des-zeros-non-significatifs-dans-Excel-3-1.gif\",\"datePublished\":\"2023-11-13T16:20:36+00:00\",\"dateModified\":\"2023-12-10T06:00:19+00:00\",\"description\":\"Excel&#39;de sizi rahats\u0131z edebilecek birka\u00e7 varsay\u0131lan kural vard\u0131r. Ve bu kurallardan biri de s\u0131f\u0131r ekleyemezsiniz\",\"breadcrumb\":{\"@id\":\"https:\/\/exceladvisor.org\/tr\/bastaki-sifirlar\/#breadcrumb\"},\"inLanguage\":\"tr\",\"potentialAction\":[{\"@type\":\"ReadAction\",\"target\":[\"https:\/\/exceladvisor.org\/tr\/bastaki-sifirlar\/\"]}]},{\"@type\":\"ImageObject\",\"inLanguage\":\"tr\",\"@id\":\"https:\/\/exceladvisor.org\/tr\/bastaki-sifirlar\/#primaryimage\",\"url\":\"https:\/\/exceladvisor.org\/wp-content\/uploads\/2023\/08\/Ajouter-des-zeros-non-significatifs-dans-Excel-3-1.gif\",\"contentUrl\":\"https:\/\/exceladvisor.org\/wp-content\/uploads\/2023\/08\/Ajouter-des-zeros-non-significatifs-dans-Excel-3-1.gif\"},{\"@type\":\"BreadcrumbList\",\"@id\":\"https:\/\/exceladvisor.org\/tr\/bastaki-sifirlar\/#breadcrumb\",\"itemListElement\":[{\"@type\":\"ListItem\",\"position\":1,\"name\":\"Ev\",\"item\":\"https:\/\/exceladvisor.org\/tr\/\"},{\"@type\":\"ListItem\",\"position\":2,\"name\":\"Excel&#39;de ba\u015ftaki s\u0131f\u0131rlar nas\u0131l eklenir?\"}]},{\"@type\":\"WebSite\",\"@id\":\"https:\/\/exceladvisor.org\/tr\/#website\",\"url\":\"https:\/\/exceladvisor.org\/tr\/\",\"name\":\"Excel Advisor\",\"description\":\"Veri hakimiyetine y\u00f6nelik nihai rehberiniz!\",\"publisher\":{\"@id\":\"https:\/\/exceladvisor.org\/tr\/#organization\"},\"potentialAction\":[{\"@type\":\"SearchAction\",\"target\":{\"@type\":\"EntryPoint\",\"urlTemplate\":\"https:\/\/exceladvisor.org\/tr\/?s={search_term_string}\"},\"query-input\":{\"@type\":\"PropertyValueSpecification\",\"valueRequired\":true,\"valueName\":\"search_term_string\"}}],\"inLanguage\":\"tr\"},{\"@type\":\"Organization\",\"@id\":\"https:\/\/exceladvisor.org\/tr\/#organization\",\"name\":\"Excel Advisor\",\"url\":\"https:\/\/exceladvisor.org\/tr\/\",\"logo\":{\"@type\":\"ImageObject\",\"inLanguage\":\"tr\",\"@id\":\"https:\/\/exceladvisor.org\/tr\/#\/schema\/logo\/image\/\",\"url\":\"https:\/\/exceladvisor.org\/tr\/wp-content\/uploads\/2023\/12\/exceladvisor.org_.png\",\"contentUrl\":\"https:\/\/exceladvisor.org\/tr\/wp-content\/uploads\/2023\/12\/exceladvisor.org_.png\",\"width\":105,\"height\":36,\"caption\":\"Excel Advisor\"},\"image\":{\"@id\":\"https:\/\/exceladvisor.org\/tr\/#\/schema\/logo\/image\/\"}}]}<\/script>\n<!-- \/ Yoast SEO plugin. -->","yoast_head_json":{"title":"\u25b7 Excel&#39;de ba\u015ftaki s\u0131f\u0131rlar nas\u0131l eklenir?","description":"Excel&#39;de sizi rahats\u0131z edebilecek birka\u00e7 varsay\u0131lan kural vard\u0131r. Ve bu kurallardan biri de s\u0131f\u0131r ekleyemezsiniz","robots":{"index":"index","follow":"follow","max-snippet":"max-snippet:-1","max-image-preview":"max-image-preview:large","max-video-preview":"max-video-preview:-1"},"canonical":"https:\/\/exceladvisor.org\/tr\/bastaki-sifirlar\/","og_locale":"tr_TR","og_type":"article","og_title":"\u25b7 Excel&#39;de ba\u015ftaki s\u0131f\u0131rlar nas\u0131l eklenir?","og_description":"Excel&#39;de sizi rahats\u0131z edebilecek birka\u00e7 varsay\u0131lan kural vard\u0131r. Ve bu kurallardan biri de s\u0131f\u0131r ekleyemezsiniz","og_url":"https:\/\/exceladvisor.org\/tr\/bastaki-sifirlar\/","og_site_name":"Excel Advisor","article_modified_time":"2023-12-10T06:00:19+00:00","og_image":[{"url":"https:\/\/exceladvisor.org\/wp-content\/uploads\/2023\/08\/Ajouter-des-zeros-non-significatifs-dans-Excel-3-1.gif","type":"","width":"","height":""}],"twitter_card":"summary_large_image","twitter_misc":{"Tahmini okuma s\u00fcresi":"5 dakika"},"schema":{"@context":"https:\/\/schema.org","@graph":[{"@type":"WebPage","@id":"https:\/\/exceladvisor.org\/tr\/bastaki-sifirlar\/","url":"https:\/\/exceladvisor.org\/tr\/bastaki-sifirlar\/","name":"\u25b7 Excel&#39;de ba\u015ftaki s\u0131f\u0131rlar nas\u0131l eklenir?","isPartOf":{"@id":"https:\/\/exceladvisor.org\/tr\/#website"},"primaryImageOfPage":{"@id":"https:\/\/exceladvisor.org\/tr\/bastaki-sifirlar\/#primaryimage"},"image":{"@id":"https:\/\/exceladvisor.org\/tr\/bastaki-sifirlar\/#primaryimage"},"thumbnailUrl":"https:\/\/exceladvisor.org\/wp-content\/uploads\/2023\/08\/Ajouter-des-zeros-non-significatifs-dans-Excel-3-1.gif","datePublished":"2023-11-13T16:20:36+00:00","dateModified":"2023-12-10T06:00:19+00:00","description":"Excel&#39;de sizi rahats\u0131z edebilecek birka\u00e7 varsay\u0131lan kural vard\u0131r. Ve bu kurallardan biri de s\u0131f\u0131r ekleyemezsiniz","breadcrumb":{"@id":"https:\/\/exceladvisor.org\/tr\/bastaki-sifirlar\/#breadcrumb"},"inLanguage":"tr","potentialAction":[{"@type":"ReadAction","target":["https:\/\/exceladvisor.org\/tr\/bastaki-sifirlar\/"]}]},{"@type":"ImageObject","inLanguage":"tr","@id":"https:\/\/exceladvisor.org\/tr\/bastaki-sifirlar\/#primaryimage","url":"https:\/\/exceladvisor.org\/wp-content\/uploads\/2023\/08\/Ajouter-des-zeros-non-significatifs-dans-Excel-3-1.gif","contentUrl":"https:\/\/exceladvisor.org\/wp-content\/uploads\/2023\/08\/Ajouter-des-zeros-non-significatifs-dans-Excel-3-1.gif"},{"@type":"BreadcrumbList","@id":"https:\/\/exceladvisor.org\/tr\/bastaki-sifirlar\/#breadcrumb","itemListElement":[{"@type":"ListItem","position":1,"name":"Ev","item":"https:\/\/exceladvisor.org\/tr\/"},{"@type":"ListItem","position":2,"name":"Excel&#39;de ba\u015ftaki s\u0131f\u0131rlar nas\u0131l eklenir?"}]},{"@type":"WebSite","@id":"https:\/\/exceladvisor.org\/tr\/#website","url":"https:\/\/exceladvisor.org\/tr\/","name":"Excel Advisor","description":"Veri hakimiyetine y\u00f6nelik nihai rehberiniz!","publisher":{"@id":"https:\/\/exceladvisor.org\/tr\/#organization"},"potentialAction":[{"@type":"SearchAction","target":{"@type":"EntryPoint","urlTemplate":"https:\/\/exceladvisor.org\/tr\/?s={search_term_string}"},"query-input":{"@type":"PropertyValueSpecification","valueRequired":true,"valueName":"search_term_string"}}],"inLanguage":"tr"},{"@type":"Organization","@id":"https:\/\/exceladvisor.org\/tr\/#organization","name":"Excel Advisor","url":"https:\/\/exceladvisor.org\/tr\/","logo":{"@type":"ImageObject","inLanguage":"tr","@id":"https:\/\/exceladvisor.org\/tr\/#\/schema\/logo\/image\/","url":"https:\/\/exceladvisor.org\/tr\/wp-content\/uploads\/2023\/12\/exceladvisor.org_.png","contentUrl":"https:\/\/exceladvisor.org\/tr\/wp-content\/uploads\/2023\/12\/exceladvisor.org_.png","width":105,"height":36,"caption":"Excel Advisor"},"image":{"@id":"https:\/\/exceladvisor.org\/tr\/#\/schema\/logo\/image\/"}}]}},"yoast_meta":{"yoast_wpseo_title":"","yoast_wpseo_metadesc":"","yoast_wpseo_canonical":""},"_links":{"self":[{"href":"https:\/\/exceladvisor.org\/tr\/wp-json\/wp\/v2\/pages\/1654","targetHints":{"allow":["GET"]}}],"collection":[{"href":"https:\/\/exceladvisor.org\/tr\/wp-json\/wp\/v2\/pages"}],"about":[{"href":"https:\/\/exceladvisor.org\/tr\/wp-json\/wp\/v2\/types\/page"}],"author":[{"embeddable":true,"href":"https:\/\/exceladvisor.org\/tr\/wp-json\/wp\/v2\/users\/1"}],"replies":[{"embeddable":true,"href":"https:\/\/exceladvisor.org\/tr\/wp-json\/wp\/v2\/comments?post=1654"}],"version-history":[{"count":1,"href":"https:\/\/exceladvisor.org\/tr\/wp-json\/wp\/v2\/pages\/1654\/revisions"}],"predecessor-version":[{"id":2396,"href":"https:\/\/exceladvisor.org\/tr\/wp-json\/wp\/v2\/pages\/1654\/revisions\/2396"}],"wp:attachment":[{"href":"https:\/\/exceladvisor.org\/tr\/wp-json\/wp\/v2\/media?parent=1654"}],"curies":[{"name":"wp","href":"https:\/\/api.w.org\/{rel}","templated":true}]}}