{"id":1655,"date":"2023-11-13T16:18:06","date_gmt":"2023-11-13T16:18:06","guid":{"rendered":"https:\/\/exceladvisor.org\/tr\/kaydirma-cubugu\/"},"modified":"2023-12-10T06:01:22","modified_gmt":"2023-12-10T06:01:22","slug":"kaydirma-cubugu","status":"publish","type":"page","link":"https:\/\/exceladvisor.org\/tr\/kaydirma-cubugu\/","title":{"rendered":"Excel&#39;de kayd\u0131rma \u00e7ubu\u011fu nas\u0131l kurtar\u0131l\u0131r?"},"content":{"rendered":"<div class=\"excel-icerikten-once\" id=\"excel-3199531488\"><script type=\"text\/javascript\">\r\n\tatOptions = {\r\n\t\t'key' : 'c1158f160081d6540a8409e6925dab94',\r\n\t\t'format' : 'iframe',\r\n\t\t'height' : 250,\r\n\t\t'width' : 300,\r\n\t\t'params' : {}\r\n\t};\r\n<\/script>\r\n<script type=\"text\/javascript\" src=\"\/\/www.highperformanceformat.com\/c1158f160081d6540a8409e6925dab94\/invoke.js\"><\/script><\/div> <p>Excel&#8217;de kayd\u0131rma \u00e7ubu\u011fu gizliyse veya onu Excel penceresinde g\u00f6r\u00fcnt\u00fcleyemiyorsan\u0131z, onu geri alman\u0131n iki h\u0131zl\u0131 yolu vard\u0131r. Ve bu derste bunu tart\u0131\u015faca\u011f\u0131z. <\/p><div class=\"wp-block-image\"><figure class=\"aligncenter size-full is-resized\"><img loading=\"lazy\" decoding=\"async\" class=\"wp-image-88989\" src=\"https:\/\/exceladvisor.org\/wp-content\/uploads\/2023\/08\/1-barre-de-defilement-cachee-dans-excel.png\" sizes=\"auto, \" srcset=\"\" alt=\"excel'de gizli kayd\u0131rma \u00e7ubu\u011fu\" width=\"660\" height=\"192\"><\/figure><\/div><h2 class=\"wp-block-heading\"> Excel se\u00e7eneklerinden kayd\u0131rma \u00e7ubuklar\u0131n\u0131 g\u00f6ster<\/h2><p> A\u015fa\u011f\u0131daki ad\u0131mlar\u0131 kullan\u0131n:<\/p><ol type=\"1\"><li> Dosya sekmesine gidin.<\/li><li> Excel Se\u00e7eneklerini a\u00e7\u0131n.<\/li><li> Geli\u015fmi\u015f sekmesine t\u0131klay\u0131n.<\/li><li> A\u015fa\u011f\u0131 kayd\u0131r\u0131n ve her iki kutuyu da i\u015faretleyin.<\/li><li> Kaydetmek i\u00e7in Tamam&#8217;\u0131 t\u0131klay\u0131n. <\/li><\/ol><div class=\"wp-block-image\"><figure class=\"aligncenter size-full is-resized\"><img loading=\"lazy\" decoding=\"async\" class=\"wp-image-88990\" src=\"https:\/\/exceladvisor.org\/wp-content\/uploads\/2023\/08\/2-afficher-la-barre-de-defilement-dans-Excel.png\" sizes=\"auto, \" srcset=\"\" alt=\"Excel'de kayd\u0131rma \u00e7ubu\u011funu geriye do\u011fru g\u00f6ster\" width=\"580\" height=\"389\"><\/figure><\/div><p> Tamam&#8217;\u0131 t\u0131klad\u0131\u011f\u0131n\u0131z anda her iki kayd\u0131rma \u00e7ubu\u011funu da geri al\u0131rs\u0131n\u0131z. <\/p><div class=\"wp-block-image\"><figure class=\"aligncenter size-full is-resized\"><img loading=\"lazy\" decoding=\"async\" class=\"wp-image-88991\" src=\"https:\/\/exceladvisor.org\/wp-content\/uploads\/2023\/08\/3-barre-de-defilement-dans-excel.png\" sizes=\"auto, \" srcset=\"\" alt=\"excel'de kayd\u0131rma \u00e7ubu\u011fu-geri\" width=\"598\" height=\"195\"><\/figure><\/div><p> Kayd\u0131rma \u00e7ubu\u011funu gizleme veya g\u00f6sterme, \u00e7al\u0131\u015fma kitab\u0131 d\u00fczeyindeki bir ayard\u0131r. Kayd\u0131rma \u00e7ubu\u011funu gizledi\u011finizde Excel yaln\u0131zca ge\u00e7erli (etkin) \u00e7al\u0131\u015fma kitab\u0131n\u0131 de\u011fi\u015ftirir.<\/p><h2 class=\"wp-block-heading\"> Kayd\u0131rma \u00c7ubu\u011funu G\u00f6stermek i\u00e7in VBA Kodunu Kullanma<\/h2><p> Excel penceresinde bir kayd\u0131rma \u00e7ubu\u011fu g\u00f6r\u00fcnt\u00fclemek i\u00e7in VBA kodunu da kullanabilirsiniz.<\/p><pre class=\"wp-block-code\"> <code class=\"language-visual-basic\" lang=\"visual-basic\">Sub ScrollBarOn()    With ActiveWindow        .DisplayHorizontalScrollBar = True        .DisplayVerticalScrollBar = True    End With End Sub<\/code><\/pre><ul><li> <a href=\"https:\/\/exceladvisor.org\/tr\/gelistirici-sekmesi-ekle\/\">Geli\u015ftirici sekmesine<\/a> gidin.<\/li><li> <a href=\"https:\/\/exceladvisor.org\/tr\/temel-gorsel-duzenleyici\/\">Visual Basic d\u00fczenleyicisini<\/a> a\u00e7\u0131n.<\/li><li> Bir <a href=\"https:\/\/exceladvisor.org\/tr\/modul\/\">mod\u00fcl<\/a> ekleyin.<\/li><li> Kodu yap\u0131\u015ft\u0131r\u0131n ve <a href=\"https:\/\/exceladvisor.org\/tr\/makro-2yi-calistir\/\">\u00e7al\u0131\u015ft\u0131r\u0131n<\/a> . <\/li><\/ul><div class=\"wp-block-image\"><figure class=\"aligncenter size-full is-resized\"><img loading=\"lazy\" decoding=\"async\" class=\"wp-image-88992\" src=\"https:\/\/exceladvisor.org\/wp-content\/uploads\/2023\/08\/4-code-vba-pour-obtenir-la-barre-de-defilement.png\" sizes=\"auto, \" srcset=\"\" alt=\"Kayd\u0131rma \u00e7ubu\u011funu almak i\u00e7in vba kodu\" width=\"626\" height=\"284\"><\/figure><\/div><p> Ve e\u011fer gizlemek istiyorsan\u0131z a\u015fa\u011f\u0131daki kodu kullan\u0131n.<\/p><pre class=\"wp-block-code\"> <code class=\"language-visual-basic\" lang=\"visual-basic\">Sub ScrollBarOff()    With ActiveWindow        .DisplayHorizontalScrollBar = False        .DisplayVerticalScrollBar = False    End With End Sub<\/code><\/pre><div class=\"gb-container gb-container-29c351cb gb-container-mt\"> <a class=\"gb-button gb-button-3f93e23e gb-button-text gb-button-mt-button\" href=\"https:\/\/exceladvisor.org\/tr\/excelin-temelleri\/\">Microsoft Excel Temelleri (Bile\u015fenler, Par\u00e7alar ve Bilgi Notlar\u0131)<\/a><h2 class=\"gb-headline gb-headline-039c6b39 gb-headline-text gb-headline-mt-heading\"> Daha fazla e\u011fitim <\/h2><div class=\"gb-grid-wrapper gb-grid-wrapper-a21eef70 gb-grid-wrapper-mt-grid\"><div class=\"gb-grid-column gb-grid-column-8876d83d\"><div class=\"gb-container gb-container-8876d83d\"><ul><li> <a href=\"https:\/\/exceladvisor.org\/tr\/tamamen-hakli-cikarmak\/\">Excel&#8217;de Yasla&#8217;y\u0131 Doldurun<\/a><\/li><li> <a href=\"https:\/\/exceladvisor.org\/tr\/ressam-formati\/\">Excel&#8217;de Bi\u00e7im Boyac\u0131s\u0131<\/a><\/li><li> <a href=\"https:\/\/exceladvisor.org\/tr\/hizli-erisim-cubugu\/\">Excel&#8217;de H\u0131zl\u0131 Eri\u015fim Ara\u00e7 \u00c7ubu\u011fu<\/a><\/li><li> <a href=\"https:\/\/exceladvisor.org\/tr\/excel-formul-cubugu\/\">Excel&#8217;deki form\u00fcl \u00e7ubu\u011fu<\/a><\/li><li> <a href=\"https:\/\/exceladvisor.org\/tr\/cetvel\/\">Cetveli Excel&#8217;de g\u00f6ster<\/a> <\/li><\/ul><\/div><\/div><div class=\"gb-grid-column gb-grid-column-ee06a2c7\"><div class=\"gb-container gb-container-ee06a2c7\"><ul><li> <a href=\"https:\/\/exceladvisor.org\/tr\/kurdele\/\">Excel&#8217;de \u015eerit<\/a><\/li><li> <a href=\"https:\/\/exceladvisor.org\/tr\/hizalama\/\">Excel&#8217;de Hizalama<\/a><\/li><li> <a href=\"https:\/\/exceladvisor.org\/tr\/dosyayi-kaydet\/\">Excel&#8217;de bir dosyay\u0131 kaydetme<\/a><\/li><li> <a href=\"https:\/\/exceladvisor.org\/tr\/otomatik-yuvarlanan-aylar\/\">Excel&#8217;de otomatik yuvarlanan aylar<\/a><\/li><li> <a href=\"https:\/\/exceladvisor.org\/tr\/kamera-arkasi-gorunumu\/\">Excel&#8217;de Sahne Arkas\u0131 g\u00f6r\u00fcn\u00fcm\u00fcn\u00fc a\u00e7<\/a><\/li><\/ul><\/div><\/div><\/div><\/div>","protected":false},"excerpt":{"rendered":"","protected":false},"author":1,"featured_media":0,"parent":0,"menu_order":0,"comment_status":"open","ping_status":"closed","template":"","meta":{"ub_ctt_via":"","footnotes":""},"class_list":["post-1655","page","type-page","status-publish","hentry"],"featured_image_src":null,"yoast_head":"<!-- This site is optimized with the Yoast SEO plugin v25.4 - https:\/\/yoast.com\/wordpress\/plugins\/seo\/ -->\n<title>\u25b7 Excel&#039;de kayd\u0131rma \u00e7ubu\u011fu nas\u0131l kurtar\u0131l\u0131r?<\/title>\n<meta name=\"description\" content=\"Excel&#039;de kayd\u0131rma \u00e7ubu\u011fu gizliyse veya onu Excel penceresinde g\u00f6r\u00fcnt\u00fcleyemiyorsan\u0131z, bunu yapman\u0131n iki h\u0131zl\u0131 yolu vard\u0131r.\" \/>\n<meta name=\"robots\" content=\"index, follow, max-snippet:-1, max-image-preview:large, max-video-preview:-1\" \/>\n<link rel=\"canonical\" href=\"https:\/\/exceladvisor.org\/tr\/kaydirma-cubugu\/\" \/>\n<meta property=\"og:locale\" content=\"tr_TR\" \/>\n<meta property=\"og:type\" content=\"article\" \/>\n<meta property=\"og:title\" content=\"\u25b7 Excel&#039;de kayd\u0131rma \u00e7ubu\u011fu nas\u0131l kurtar\u0131l\u0131r?\" \/>\n<meta property=\"og:description\" content=\"Excel&#039;de kayd\u0131rma \u00e7ubu\u011fu gizliyse veya onu Excel penceresinde g\u00f6r\u00fcnt\u00fcleyemiyorsan\u0131z, bunu yapman\u0131n iki h\u0131zl\u0131 yolu vard\u0131r.\" \/>\n<meta property=\"og:url\" content=\"https:\/\/exceladvisor.org\/tr\/kaydirma-cubugu\/\" \/>\n<meta property=\"og:site_name\" content=\"Excel Advisor\" \/>\n<meta property=\"article:modified_time\" content=\"2023-12-10T06:01:22+00:00\" \/>\n<meta property=\"og:image\" content=\"https:\/\/exceladvisor.org\/wp-content\/uploads\/2023\/08\/1-barre-de-defilement-cachee-dans-excel.png\" \/>\n<meta name=\"twitter:card\" content=\"summary_large_image\" \/>\n<meta name=\"twitter:label1\" content=\"Tahmini okuma s\u00fcresi\" \/>\n\t<meta name=\"twitter:data1\" content=\"1 dakika\" \/>\n<script type=\"application\/ld+json\" class=\"yoast-schema-graph\">{\"@context\":\"https:\/\/schema.org\",\"@graph\":[{\"@type\":\"WebPage\",\"@id\":\"https:\/\/exceladvisor.org\/tr\/kaydirma-cubugu\/\",\"url\":\"https:\/\/exceladvisor.org\/tr\/kaydirma-cubugu\/\",\"name\":\"\u25b7 Excel&#39;de kayd\u0131rma \u00e7ubu\u011fu nas\u0131l kurtar\u0131l\u0131r?\",\"isPartOf\":{\"@id\":\"https:\/\/exceladvisor.org\/tr\/#website\"},\"primaryImageOfPage\":{\"@id\":\"https:\/\/exceladvisor.org\/tr\/kaydirma-cubugu\/#primaryimage\"},\"image\":{\"@id\":\"https:\/\/exceladvisor.org\/tr\/kaydirma-cubugu\/#primaryimage\"},\"thumbnailUrl\":\"https:\/\/exceladvisor.org\/wp-content\/uploads\/2023\/08\/1-barre-de-defilement-cachee-dans-excel.png\",\"datePublished\":\"2023-11-13T16:18:06+00:00\",\"dateModified\":\"2023-12-10T06:01:22+00:00\",\"description\":\"Excel&#39;de kayd\u0131rma \u00e7ubu\u011fu gizliyse veya onu Excel penceresinde g\u00f6r\u00fcnt\u00fcleyemiyorsan\u0131z, bunu yapman\u0131n iki h\u0131zl\u0131 yolu vard\u0131r.\",\"breadcrumb\":{\"@id\":\"https:\/\/exceladvisor.org\/tr\/kaydirma-cubugu\/#breadcrumb\"},\"inLanguage\":\"tr\",\"potentialAction\":[{\"@type\":\"ReadAction\",\"target\":[\"https:\/\/exceladvisor.org\/tr\/kaydirma-cubugu\/\"]}]},{\"@type\":\"ImageObject\",\"inLanguage\":\"tr\",\"@id\":\"https:\/\/exceladvisor.org\/tr\/kaydirma-cubugu\/#primaryimage\",\"url\":\"https:\/\/exceladvisor.org\/wp-content\/uploads\/2023\/08\/1-barre-de-defilement-cachee-dans-excel.png\",\"contentUrl\":\"https:\/\/exceladvisor.org\/wp-content\/uploads\/2023\/08\/1-barre-de-defilement-cachee-dans-excel.png\"},{\"@type\":\"BreadcrumbList\",\"@id\":\"https:\/\/exceladvisor.org\/tr\/kaydirma-cubugu\/#breadcrumb\",\"itemListElement\":[{\"@type\":\"ListItem\",\"position\":1,\"name\":\"Ev\",\"item\":\"https:\/\/exceladvisor.org\/tr\/\"},{\"@type\":\"ListItem\",\"position\":2,\"name\":\"Excel&#39;de kayd\u0131rma \u00e7ubu\u011fu nas\u0131l kurtar\u0131l\u0131r?\"}]},{\"@type\":\"WebSite\",\"@id\":\"https:\/\/exceladvisor.org\/tr\/#website\",\"url\":\"https:\/\/exceladvisor.org\/tr\/\",\"name\":\"Excel Advisor\",\"description\":\"Veri hakimiyetine y\u00f6nelik nihai rehberiniz!\",\"publisher\":{\"@id\":\"https:\/\/exceladvisor.org\/tr\/#organization\"},\"potentialAction\":[{\"@type\":\"SearchAction\",\"target\":{\"@type\":\"EntryPoint\",\"urlTemplate\":\"https:\/\/exceladvisor.org\/tr\/?s={search_term_string}\"},\"query-input\":{\"@type\":\"PropertyValueSpecification\",\"valueRequired\":true,\"valueName\":\"search_term_string\"}}],\"inLanguage\":\"tr\"},{\"@type\":\"Organization\",\"@id\":\"https:\/\/exceladvisor.org\/tr\/#organization\",\"name\":\"Excel Advisor\",\"url\":\"https:\/\/exceladvisor.org\/tr\/\",\"logo\":{\"@type\":\"ImageObject\",\"inLanguage\":\"tr\",\"@id\":\"https:\/\/exceladvisor.org\/tr\/#\/schema\/logo\/image\/\",\"url\":\"https:\/\/exceladvisor.org\/tr\/wp-content\/uploads\/2023\/12\/exceladvisor.org_.png\",\"contentUrl\":\"https:\/\/exceladvisor.org\/tr\/wp-content\/uploads\/2023\/12\/exceladvisor.org_.png\",\"width\":105,\"height\":36,\"caption\":\"Excel Advisor\"},\"image\":{\"@id\":\"https:\/\/exceladvisor.org\/tr\/#\/schema\/logo\/image\/\"}}]}<\/script>\n<!-- \/ Yoast SEO plugin. -->","yoast_head_json":{"title":"\u25b7 Excel&#39;de kayd\u0131rma \u00e7ubu\u011fu nas\u0131l kurtar\u0131l\u0131r?","description":"Excel&#39;de kayd\u0131rma \u00e7ubu\u011fu gizliyse veya onu Excel penceresinde g\u00f6r\u00fcnt\u00fcleyemiyorsan\u0131z, bunu yapman\u0131n iki h\u0131zl\u0131 yolu vard\u0131r.","robots":{"index":"index","follow":"follow","max-snippet":"max-snippet:-1","max-image-preview":"max-image-preview:large","max-video-preview":"max-video-preview:-1"},"canonical":"https:\/\/exceladvisor.org\/tr\/kaydirma-cubugu\/","og_locale":"tr_TR","og_type":"article","og_title":"\u25b7 Excel&#39;de kayd\u0131rma \u00e7ubu\u011fu nas\u0131l kurtar\u0131l\u0131r?","og_description":"Excel&#39;de kayd\u0131rma \u00e7ubu\u011fu gizliyse veya onu Excel penceresinde g\u00f6r\u00fcnt\u00fcleyemiyorsan\u0131z, bunu yapman\u0131n iki h\u0131zl\u0131 yolu vard\u0131r.","og_url":"https:\/\/exceladvisor.org\/tr\/kaydirma-cubugu\/","og_site_name":"Excel Advisor","article_modified_time":"2023-12-10T06:01:22+00:00","og_image":[{"url":"https:\/\/exceladvisor.org\/wp-content\/uploads\/2023\/08\/1-barre-de-defilement-cachee-dans-excel.png","type":"","width":"","height":""}],"twitter_card":"summary_large_image","twitter_misc":{"Tahmini okuma s\u00fcresi":"1 dakika"},"schema":{"@context":"https:\/\/schema.org","@graph":[{"@type":"WebPage","@id":"https:\/\/exceladvisor.org\/tr\/kaydirma-cubugu\/","url":"https:\/\/exceladvisor.org\/tr\/kaydirma-cubugu\/","name":"\u25b7 Excel&#39;de kayd\u0131rma \u00e7ubu\u011fu nas\u0131l kurtar\u0131l\u0131r?","isPartOf":{"@id":"https:\/\/exceladvisor.org\/tr\/#website"},"primaryImageOfPage":{"@id":"https:\/\/exceladvisor.org\/tr\/kaydirma-cubugu\/#primaryimage"},"image":{"@id":"https:\/\/exceladvisor.org\/tr\/kaydirma-cubugu\/#primaryimage"},"thumbnailUrl":"https:\/\/exceladvisor.org\/wp-content\/uploads\/2023\/08\/1-barre-de-defilement-cachee-dans-excel.png","datePublished":"2023-11-13T16:18:06+00:00","dateModified":"2023-12-10T06:01:22+00:00","description":"Excel&#39;de kayd\u0131rma \u00e7ubu\u011fu gizliyse veya onu Excel penceresinde g\u00f6r\u00fcnt\u00fcleyemiyorsan\u0131z, bunu yapman\u0131n iki h\u0131zl\u0131 yolu vard\u0131r.","breadcrumb":{"@id":"https:\/\/exceladvisor.org\/tr\/kaydirma-cubugu\/#breadcrumb"},"inLanguage":"tr","potentialAction":[{"@type":"ReadAction","target":["https:\/\/exceladvisor.org\/tr\/kaydirma-cubugu\/"]}]},{"@type":"ImageObject","inLanguage":"tr","@id":"https:\/\/exceladvisor.org\/tr\/kaydirma-cubugu\/#primaryimage","url":"https:\/\/exceladvisor.org\/wp-content\/uploads\/2023\/08\/1-barre-de-defilement-cachee-dans-excel.png","contentUrl":"https:\/\/exceladvisor.org\/wp-content\/uploads\/2023\/08\/1-barre-de-defilement-cachee-dans-excel.png"},{"@type":"BreadcrumbList","@id":"https:\/\/exceladvisor.org\/tr\/kaydirma-cubugu\/#breadcrumb","itemListElement":[{"@type":"ListItem","position":1,"name":"Ev","item":"https:\/\/exceladvisor.org\/tr\/"},{"@type":"ListItem","position":2,"name":"Excel&#39;de kayd\u0131rma \u00e7ubu\u011fu nas\u0131l kurtar\u0131l\u0131r?"}]},{"@type":"WebSite","@id":"https:\/\/exceladvisor.org\/tr\/#website","url":"https:\/\/exceladvisor.org\/tr\/","name":"Excel Advisor","description":"Veri hakimiyetine y\u00f6nelik nihai rehberiniz!","publisher":{"@id":"https:\/\/exceladvisor.org\/tr\/#organization"},"potentialAction":[{"@type":"SearchAction","target":{"@type":"EntryPoint","urlTemplate":"https:\/\/exceladvisor.org\/tr\/?s={search_term_string}"},"query-input":{"@type":"PropertyValueSpecification","valueRequired":true,"valueName":"search_term_string"}}],"inLanguage":"tr"},{"@type":"Organization","@id":"https:\/\/exceladvisor.org\/tr\/#organization","name":"Excel Advisor","url":"https:\/\/exceladvisor.org\/tr\/","logo":{"@type":"ImageObject","inLanguage":"tr","@id":"https:\/\/exceladvisor.org\/tr\/#\/schema\/logo\/image\/","url":"https:\/\/exceladvisor.org\/tr\/wp-content\/uploads\/2023\/12\/exceladvisor.org_.png","contentUrl":"https:\/\/exceladvisor.org\/tr\/wp-content\/uploads\/2023\/12\/exceladvisor.org_.png","width":105,"height":36,"caption":"Excel Advisor"},"image":{"@id":"https:\/\/exceladvisor.org\/tr\/#\/schema\/logo\/image\/"}}]}},"yoast_meta":{"yoast_wpseo_title":"","yoast_wpseo_metadesc":"","yoast_wpseo_canonical":""},"_links":{"self":[{"href":"https:\/\/exceladvisor.org\/tr\/wp-json\/wp\/v2\/pages\/1655","targetHints":{"allow":["GET"]}}],"collection":[{"href":"https:\/\/exceladvisor.org\/tr\/wp-json\/wp\/v2\/pages"}],"about":[{"href":"https:\/\/exceladvisor.org\/tr\/wp-json\/wp\/v2\/types\/page"}],"author":[{"embeddable":true,"href":"https:\/\/exceladvisor.org\/tr\/wp-json\/wp\/v2\/users\/1"}],"replies":[{"embeddable":true,"href":"https:\/\/exceladvisor.org\/tr\/wp-json\/wp\/v2\/comments?post=1655"}],"version-history":[{"count":1,"href":"https:\/\/exceladvisor.org\/tr\/wp-json\/wp\/v2\/pages\/1655\/revisions"}],"predecessor-version":[{"id":2511,"href":"https:\/\/exceladvisor.org\/tr\/wp-json\/wp\/v2\/pages\/1655\/revisions\/2511"}],"wp:attachment":[{"href":"https:\/\/exceladvisor.org\/tr\/wp-json\/wp\/v2\/media?parent=1655"}],"curies":[{"name":"wp","href":"https:\/\/api.w.org\/{rel}","templated":true}]}}