{"id":1665,"date":"2023-11-12T15:52:42","date_gmt":"2023-11-12T15:52:42","guid":{"rendered":"https:\/\/exceladvisor.org\/tr\/dinamik-grafik-basligi\/"},"modified":"2023-12-10T06:01:06","modified_gmt":"2023-12-10T06:01:06","slug":"dinamik-grafik-basligi","status":"publish","type":"page","link":"https:\/\/exceladvisor.org\/tr\/dinamik-grafik-basligi\/","title":{"rendered":"Excel&#39;de dinamik bir grafik ba\u015fl\u0131\u011f\u0131 nas\u0131l olu\u015fturulur?"},"content":{"rendered":"<div class=\"excel-icerikten-once\" id=\"excel-2647677575\"><script type=\"text\/javascript\">\r\n\tatOptions = {\r\n\t\t'key' : 'c1158f160081d6540a8409e6925dab94',\r\n\t\t'format' : 'iframe',\r\n\t\t'height' : 250,\r\n\t\t'width' : 300,\r\n\t\t'params' : {}\r\n\t};\r\n<\/script>\r\n<script type=\"text\/javascript\" src=\"\/\/www.highperformanceformat.com\/c1158f160081d6540a8409e6925dab94\/invoke.js\"><\/script><\/div> <p>Hepimiz <a style=\"outline: none;\" href=\"https:\/\/exceladvisor.org\/tr\/etkilesimli-grafikler\/\">dinamik, etkile\u015fimli grafikleri<\/a> seviyoruz. Onlar b\u00fcy\u00fck. Peki dinamik bir grafi\u011fin en \u00f6nemli k\u0131sm\u0131n\u0131n ne oldu\u011funu biliyor musunuz?<\/p><p> Bu \u279c <strong>Grafik Ba\u015fl\u0131\u011f\u0131<\/strong><\/p><p> Dinamik bir grafik ba\u015fl\u0131\u011f\u0131 olu\u015fturarak Excel grafiklerinizi daha etkili hale getirebilirsiniz.<\/p><p> Sadece \u015f\u00f6yle d\u00fc\u015f\u00fcn. \u0130\u00e7inde bulunulan y\u0131l de\u011fi\u015fti\u011finde de\u011ferlerin de\u011fi\u015fece\u011fi dinamik bir grafik olu\u015fturdunuz. Peki ya grafik ba\u015fl\u0131\u011f\u0131, onu her seferinde de\u011fi\u015ftirmeniz gerekiyor.<\/p><p> K\u00f6t\u00fc haber \u015fu ki, her zaman onu ka\u00e7\u0131rma \u015fans\u0131 var. Ancak iyi haber \u015fu ki, bir grafik ba\u015fl\u0131\u011f\u0131n\u0131 bir h\u00fccreye ba\u011flayarak onu dinamik hale getirebilirsiniz. Bug\u00fcnk\u00fc yaz\u0131mda, bir grafik ba\u015fl\u0131\u011f\u0131n\u0131 bir h\u00fccreye ba\u011flayarak dinamik hale getirmenin tam ad\u0131mlar\u0131n\u0131 sizinle payla\u015fmak istiyorum.<\/p><p> Ba\u015flayal\u0131m.<\/p><h2 class=\"wp-block-heading\"> Excel&#8217;de Dinamik Grafik Ba\u015fl\u0131\u011f\u0131 Olu\u015fturma Ad\u0131mlar\u0131<\/h2><p> Normal bir grafik ba\u015fl\u0131\u011f\u0131n\u0131 dinamik ba\u015fl\u0131\u011fa d\u00f6n\u00fc\u015ft\u00fcrmek basittir. Ancak bundan \u00f6nce ba\u015fl\u0131\u011fa ba\u011flant\u0131 verebilece\u011finiz bir taneye ihtiyac\u0131n\u0131z var.<\/p><p> \u0130\u015fte ad\u0131mlar:<\/p><ol><li> Grafi\u011finizde grafik ba\u015fl\u0131\u011f\u0131n\u0131 se\u00e7in.<\/li><li> Form\u00fcl \u00e7ubu\u011funa gidin ve = yaz\u0131n.<\/li><li> Grafik ba\u015fl\u0131\u011f\u0131na ba\u011flamak istedi\u011finiz h\u00fccreyi se\u00e7in.<\/li><li> Enter tu\u015funa bas\u0131n. <\/li><\/ol><div class=\"wp-block-image\"><figure class=\"aligncenter\"><img decoding=\"async\" src=\"https:\/\/exceladvisor.org\/wp-content\/uploads\/2023\/08\/etapes-pour-lier-une-cellule-avec-le-titre-du-graphique-pour-creer-une-dynamique-1.gif\" sizes=\"\" srcset=\"\" alt=\"\"><\/figure><\/div><p> <em>\u0130lgili: <a style=\"outline: none;\" href=\"https:\/\/exceladvisor.org\/tr\/gelismis-grafikler\/\">En \u0130yi 10 GEL\u0130\u015eM\u0130\u015e Excel Tablolar\u0131 ve Grafikleri (\u00dccretsiz \u015eablon \u0130ndir)<\/a><\/em><\/p><h2 class=\"wp-block-heading\"> Dinamik bir grafik ba\u015fl\u0131\u011f\u0131 olu\u015fturmak i\u00e7in h\u00fccre ba\u011flant\u0131lar\u0131n\u0131 ve metni birle\u015ftirin<\/h2><p> \u015eimdi size dinamik bir grafik ba\u015fl\u0131\u011f\u0131 olu\u015fturmak i\u00e7in bir h\u00fccreyi ve metni nas\u0131l birle\u015ftirece\u011finizi g\u00f6stereyim. \u00d6rne\u011fin bir h\u00fccreyi grafik verileriyle de\u011fi\u015fecek bir y\u0131l ad\u0131na ba\u011flamak istiyorsan\u0131z ve \u00f6n\u00fcne &#8220;Ayl\u0131k Sat\u0131\u015f Trendi:&#8221; etiketini eklemek istiyorsan\u0131z.<\/p><ul><li> \u00d6ncelikle yeni bir h\u00fccredeki <a href=\"https:\/\/exceladvisor.org\/tr\/excel-formul-cubugu\/\">form\u00fcl \u00e7ubu\u011funa<\/a> ( <code>=\u201dMonthly Sales Trend: \u201d &amp;H3<\/code> ) form\u00fcl\u00fcn\u00fc girmeniz yeterlidir.<\/li><li> Grafik ba\u015fl\u0131\u011f\u0131n\u0131 se\u00e7in.<\/li><li> Form\u00fcl \u00e7ubu\u011funa gidin ve = tu\u015funa bas\u0131n.<\/li><li> \u015eimdi sadece yeni h\u00fccreyi se\u00e7in.<\/li><li> Enter tu\u015funa bas\u0131n. <\/li><\/ul><div class=\"wp-block-image\"><figure class=\"aligncenter\"><img decoding=\"async\" src=\"https:\/\/exceladvisor.org\/wp-content\/uploads\/2023\/08\/etapes-pour-lier-une-cellule-et-un-texte-avec-titre-de-graphique-pour-creer-une-dynamique-1.gif\" sizes=\"\" srcset=\"\" alt=\"\"><\/figure><\/div><h2 class=\"wp-block-heading\"> Pivot grafikte dinamik ba\u015fl\u0131k olu\u015fturma<\/h2><p> Ayn\u0131 y\u00f6ntemi pivot tabloda dinamik bir ba\u015fl\u0131k olu\u015fturmak i\u00e7in de kullanabilirsiniz. <a style=\"outline: none;\" href=\"https:\/\/exceladvisor.org\/tr\/pivot-tablo-2\/\" data-wpil=\"url\">Bir pivot tablo olu\u015fturdu\u011funuzda<\/a> , normal tabloda kulland\u0131\u011f\u0131n\u0131z ad\u0131mlar\u0131n ayn\u0131s\u0131n\u0131 izleyin. <\/p><div class=\"wp-block-image\"><figure class=\"aligncenter\"><img decoding=\"async\" src=\"https:\/\/exceladvisor.org\/wp-content\/uploads\/2023\/08\/titre-du-graphique-dynamique-avec-lien-vers-une-cellule-avec-des-formules-pour-le-graphique-croise-dynamique-1.png\" sizes=\"\" srcset=\"\" alt=\"pivot grafik i\u00e7in-form\u00fcllerle-h\u00fccreye-ba\u011flant\u0131l\u0131-dinamik-grafik-ba\u015fl\u0131\u011f\u0131\"><\/figure><\/div><h2 class=\"wp-block-heading\"> \u015eekillerle dinamik bir grafik ba\u015fl\u0131\u011f\u0131 olu\u015fturun<\/h2><p> Grafi\u011finizde yer kazanmak istiyorsan\u0131z grafik ba\u015fl\u0131\u011f\u0131 olarak ayr\u0131 bir dikd\u00f6rtgen \u015fekil de kullanabilirsiniz.<\/p><ul><li> E-tablonuza bir \u015fekil eklemeniz yeterlidir.<\/li><li> Normal grafik ba\u015fl\u0131\u011f\u0131nda yapt\u0131\u011f\u0131n\u0131z gibi bunu h\u00fccreye ba\u011flay\u0131n. <\/li><\/ul><div class=\"wp-block-image\"><figure class=\"aligncenter\"><img decoding=\"async\" src=\"https:\/\/exceladvisor.org\/wp-content\/uploads\/2023\/08\/titre-de-graphique-dynamique-avec-lien-vers-une-cellule-avec-des-formules-utilisant-une-forme-1.png\" sizes=\"\" srcset=\"\" alt=\"\"><\/figure><\/div><h2 class=\"wp-block-heading\"> \u00d6nemli noktalar<\/h2><ol><li> Grafik ba\u015fl\u0131\u011f\u0131nda form\u00fcl kullanamazs\u0131n\u0131z ancak onu form\u00fcl i\u00e7eren bir h\u00fccreye ba\u011flayabilirsiniz.<\/li><li> Grafik ba\u015fl\u0131\u011f\u0131na sat\u0131r sonu girmek istiyorsan\u0131z, o sat\u0131r sonunu ba\u011fland\u0131\u011f\u0131n\u0131z h\u00fccrede olu\u015fturabilirsiniz.<\/li><\/ol><h2 class=\"wp-block-heading\"> \u00d6rnek dosya<\/h2><p> Daha fazla bilgi edinmek i\u00e7in <a href=\"https:\/\/exceladvisor.org\/wp-content\/uploads\/2023\/11\/titre-du-graphique-dynamique-2.xlsx\" rel=\"nofollow\">buradan \u00f6rnek dosyay\u0131 indirin<\/a> .<\/p><h2 class=\"wp-block-heading\"> \u00c7\u00f6z\u00fcm<\/h2><p> Dinamik grafik ba\u015fl\u0131\u011f\u0131, grafi\u011finizin de\u011ferini de\u011fi\u015ftirdi\u011finizde de\u011fi\u015fecek form\u00fcl\u00fc i\u00e7eren bir h\u00fccreye ba\u011fl\u0131d\u0131r. Yani temel olarak grafik ba\u015fl\u0131\u011f\u0131n\u0131z dinamik bir h\u00fccreye ba\u011fl\u0131d\u0131r. Umar\u0131m bu grafik ipucu geli\u015fmi\u015f grafikler olu\u015fturman\u0131za yard\u0131mc\u0131 olur ve \u015fimdi bana bir \u015fey s\u00f6yleyin.<\/p><p> Daha \u00f6nce hi\u00e7 bir grafikte dinamik ba\u015fl\u0131k kulland\u0131n\u0131z m\u0131?<\/p><p> D\u00fc\u015f\u00fcncelerinizi yorum k\u0131sm\u0131nda benimle payla\u015f\u0131n, sizden haber almay\u0131 \u00e7ok isterim. Ve bu ipucunu arkada\u015flar\u0131n\u0131zla payla\u015fmay\u0131 unutmay\u0131n.<\/p><h2 class=\"wp-block-heading\"> Daha Fazla Grafik \u0130pu\u00e7lar\u0131 ve \u00d6\u011freticiler<\/h2><ul><li> <a style=\"outline: none;\" href=\"https:\/\/exceladvisor.org\/tr\/yatay-bir-cizgi-ekle\/\">Excel&#8217;deki bir grafi\u011fe yatay \u00e7izgi nas\u0131l eklenir<\/a><\/li><li> <a style=\"outline: none;\" href=\"https:\/\/exceladvisor.org\/tr\/dikey-bir-cizgi-ekle\/\">Excel&#8217;deki bir grafi\u011fe dikey \u00e7izgi nas\u0131l eklenir<\/a><\/li><li> <a style=\"outline: none;\" href=\"https:\/\/exceladvisor.org\/tr\/kursun-tahtasi\/\">Excel&#8217;de Madde \u0130\u015fareti Grafi\u011fi Nas\u0131l Olu\u015fturulur<\/a><\/li><li> <a style=\"outline: none;\" href=\"https:\/\/exceladvisor.org\/tr\/dinamik-grafik-araligi\/\">Excel&#8217;de Dinamik Grafik Aral\u0131\u011f\u0131 Nas\u0131l Olu\u015fturulur<\/a><\/li><li> <a style=\"outline: none;\" href=\"https:\/\/exceladvisor.org\/tr\/huni-grafigi\/\">Excel&#8217;de Sat\u0131\u015f Hunisi Grafi\u011fi Nas\u0131l Olu\u015fturulur<\/a><\/li><\/ul>","protected":false},"excerpt":{"rendered":"","protected":false},"author":1,"featured_media":0,"parent":0,"menu_order":0,"comment_status":"open","ping_status":"closed","template":"","meta":{"ub_ctt_via":"","footnotes":""},"class_list":["post-1665","page","type-page","status-publish","hentry"],"featured_image_src":null,"yoast_head":"<!-- This site is optimized with the Yoast SEO plugin v25.4 - https:\/\/yoast.com\/wordpress\/plugins\/seo\/ -->\n<title>Excel&#039;de dinamik bir grafik ba\u015fl\u0131\u011f\u0131 nas\u0131l olu\u015fturulur?<\/title>\n<meta name=\"description\" content=\"Dinamik bir grafik ba\u015fl\u0131\u011f\u0131 olu\u015fturarak Excel grafiklerinizi daha etkili hale getirebilirsiniz. Sadece \u015f\u00f6yle d\u00fc\u015f\u00fcn.\" \/>\n<meta name=\"robots\" content=\"index, follow, max-snippet:-1, max-image-preview:large, max-video-preview:-1\" \/>\n<link rel=\"canonical\" href=\"https:\/\/exceladvisor.org\/tr\/dinamik-grafik-basligi\/\" \/>\n<meta property=\"og:locale\" content=\"tr_TR\" \/>\n<meta property=\"og:type\" content=\"article\" \/>\n<meta property=\"og:title\" content=\"Excel&#039;de dinamik bir grafik ba\u015fl\u0131\u011f\u0131 nas\u0131l olu\u015fturulur?\" \/>\n<meta property=\"og:description\" content=\"Dinamik bir grafik ba\u015fl\u0131\u011f\u0131 olu\u015fturarak Excel grafiklerinizi daha etkili hale getirebilirsiniz. Sadece \u015f\u00f6yle d\u00fc\u015f\u00fcn.\" \/>\n<meta property=\"og:url\" content=\"https:\/\/exceladvisor.org\/tr\/dinamik-grafik-basligi\/\" \/>\n<meta property=\"og:site_name\" content=\"Excel Advisor\" \/>\n<meta property=\"article:modified_time\" content=\"2023-12-10T06:01:06+00:00\" \/>\n<meta property=\"og:image\" content=\"https:\/\/exceladvisor.org\/wp-content\/uploads\/2023\/08\/etapes-pour-lier-une-cellule-avec-le-titre-du-graphique-pour-creer-une-dynamique-1.gif\" \/>\n<meta name=\"twitter:card\" content=\"summary_large_image\" \/>\n<meta name=\"twitter:label1\" content=\"Tahmini okuma s\u00fcresi\" \/>\n\t<meta name=\"twitter:data1\" content=\"3 dakika\" \/>\n<script type=\"application\/ld+json\" class=\"yoast-schema-graph\">{\"@context\":\"https:\/\/schema.org\",\"@graph\":[{\"@type\":\"WebPage\",\"@id\":\"https:\/\/exceladvisor.org\/tr\/dinamik-grafik-basligi\/\",\"url\":\"https:\/\/exceladvisor.org\/tr\/dinamik-grafik-basligi\/\",\"name\":\"Excel&#39;de dinamik bir grafik ba\u015fl\u0131\u011f\u0131 nas\u0131l olu\u015fturulur?\",\"isPartOf\":{\"@id\":\"https:\/\/exceladvisor.org\/tr\/#website\"},\"primaryImageOfPage\":{\"@id\":\"https:\/\/exceladvisor.org\/tr\/dinamik-grafik-basligi\/#primaryimage\"},\"image\":{\"@id\":\"https:\/\/exceladvisor.org\/tr\/dinamik-grafik-basligi\/#primaryimage\"},\"thumbnailUrl\":\"https:\/\/exceladvisor.org\/wp-content\/uploads\/2023\/08\/etapes-pour-lier-une-cellule-avec-le-titre-du-graphique-pour-creer-une-dynamique-1.gif\",\"datePublished\":\"2023-11-12T15:52:42+00:00\",\"dateModified\":\"2023-12-10T06:01:06+00:00\",\"description\":\"Dinamik bir grafik ba\u015fl\u0131\u011f\u0131 olu\u015fturarak Excel grafiklerinizi daha etkili hale getirebilirsiniz. Sadece \u015f\u00f6yle d\u00fc\u015f\u00fcn.\",\"breadcrumb\":{\"@id\":\"https:\/\/exceladvisor.org\/tr\/dinamik-grafik-basligi\/#breadcrumb\"},\"inLanguage\":\"tr\",\"potentialAction\":[{\"@type\":\"ReadAction\",\"target\":[\"https:\/\/exceladvisor.org\/tr\/dinamik-grafik-basligi\/\"]}]},{\"@type\":\"ImageObject\",\"inLanguage\":\"tr\",\"@id\":\"https:\/\/exceladvisor.org\/tr\/dinamik-grafik-basligi\/#primaryimage\",\"url\":\"https:\/\/exceladvisor.org\/wp-content\/uploads\/2023\/08\/etapes-pour-lier-une-cellule-avec-le-titre-du-graphique-pour-creer-une-dynamique-1.gif\",\"contentUrl\":\"https:\/\/exceladvisor.org\/wp-content\/uploads\/2023\/08\/etapes-pour-lier-une-cellule-avec-le-titre-du-graphique-pour-creer-une-dynamique-1.gif\"},{\"@type\":\"BreadcrumbList\",\"@id\":\"https:\/\/exceladvisor.org\/tr\/dinamik-grafik-basligi\/#breadcrumb\",\"itemListElement\":[{\"@type\":\"ListItem\",\"position\":1,\"name\":\"Ev\",\"item\":\"https:\/\/exceladvisor.org\/tr\/\"},{\"@type\":\"ListItem\",\"position\":2,\"name\":\"Excel&#39;de dinamik bir grafik ba\u015fl\u0131\u011f\u0131 nas\u0131l olu\u015fturulur?\"}]},{\"@type\":\"WebSite\",\"@id\":\"https:\/\/exceladvisor.org\/tr\/#website\",\"url\":\"https:\/\/exceladvisor.org\/tr\/\",\"name\":\"Excel Advisor\",\"description\":\"Veri hakimiyetine y\u00f6nelik nihai rehberiniz!\",\"publisher\":{\"@id\":\"https:\/\/exceladvisor.org\/tr\/#organization\"},\"potentialAction\":[{\"@type\":\"SearchAction\",\"target\":{\"@type\":\"EntryPoint\",\"urlTemplate\":\"https:\/\/exceladvisor.org\/tr\/?s={search_term_string}\"},\"query-input\":{\"@type\":\"PropertyValueSpecification\",\"valueRequired\":true,\"valueName\":\"search_term_string\"}}],\"inLanguage\":\"tr\"},{\"@type\":\"Organization\",\"@id\":\"https:\/\/exceladvisor.org\/tr\/#organization\",\"name\":\"Excel Advisor\",\"url\":\"https:\/\/exceladvisor.org\/tr\/\",\"logo\":{\"@type\":\"ImageObject\",\"inLanguage\":\"tr\",\"@id\":\"https:\/\/exceladvisor.org\/tr\/#\/schema\/logo\/image\/\",\"url\":\"https:\/\/exceladvisor.org\/tr\/wp-content\/uploads\/2023\/12\/exceladvisor.org_.png\",\"contentUrl\":\"https:\/\/exceladvisor.org\/tr\/wp-content\/uploads\/2023\/12\/exceladvisor.org_.png\",\"width\":105,\"height\":36,\"caption\":\"Excel Advisor\"},\"image\":{\"@id\":\"https:\/\/exceladvisor.org\/tr\/#\/schema\/logo\/image\/\"}}]}<\/script>\n<!-- \/ Yoast SEO plugin. -->","yoast_head_json":{"title":"Excel&#39;de dinamik bir grafik ba\u015fl\u0131\u011f\u0131 nas\u0131l olu\u015fturulur?","description":"Dinamik bir grafik ba\u015fl\u0131\u011f\u0131 olu\u015fturarak Excel grafiklerinizi daha etkili hale getirebilirsiniz. Sadece \u015f\u00f6yle d\u00fc\u015f\u00fcn.","robots":{"index":"index","follow":"follow","max-snippet":"max-snippet:-1","max-image-preview":"max-image-preview:large","max-video-preview":"max-video-preview:-1"},"canonical":"https:\/\/exceladvisor.org\/tr\/dinamik-grafik-basligi\/","og_locale":"tr_TR","og_type":"article","og_title":"Excel&#39;de dinamik bir grafik ba\u015fl\u0131\u011f\u0131 nas\u0131l olu\u015fturulur?","og_description":"Dinamik bir grafik ba\u015fl\u0131\u011f\u0131 olu\u015fturarak Excel grafiklerinizi daha etkili hale getirebilirsiniz. Sadece \u015f\u00f6yle d\u00fc\u015f\u00fcn.","og_url":"https:\/\/exceladvisor.org\/tr\/dinamik-grafik-basligi\/","og_site_name":"Excel Advisor","article_modified_time":"2023-12-10T06:01:06+00:00","og_image":[{"url":"https:\/\/exceladvisor.org\/wp-content\/uploads\/2023\/08\/etapes-pour-lier-une-cellule-avec-le-titre-du-graphique-pour-creer-une-dynamique-1.gif","type":"","width":"","height":""}],"twitter_card":"summary_large_image","twitter_misc":{"Tahmini okuma s\u00fcresi":"3 dakika"},"schema":{"@context":"https:\/\/schema.org","@graph":[{"@type":"WebPage","@id":"https:\/\/exceladvisor.org\/tr\/dinamik-grafik-basligi\/","url":"https:\/\/exceladvisor.org\/tr\/dinamik-grafik-basligi\/","name":"Excel&#39;de dinamik bir grafik ba\u015fl\u0131\u011f\u0131 nas\u0131l olu\u015fturulur?","isPartOf":{"@id":"https:\/\/exceladvisor.org\/tr\/#website"},"primaryImageOfPage":{"@id":"https:\/\/exceladvisor.org\/tr\/dinamik-grafik-basligi\/#primaryimage"},"image":{"@id":"https:\/\/exceladvisor.org\/tr\/dinamik-grafik-basligi\/#primaryimage"},"thumbnailUrl":"https:\/\/exceladvisor.org\/wp-content\/uploads\/2023\/08\/etapes-pour-lier-une-cellule-avec-le-titre-du-graphique-pour-creer-une-dynamique-1.gif","datePublished":"2023-11-12T15:52:42+00:00","dateModified":"2023-12-10T06:01:06+00:00","description":"Dinamik bir grafik ba\u015fl\u0131\u011f\u0131 olu\u015fturarak Excel grafiklerinizi daha etkili hale getirebilirsiniz. Sadece \u015f\u00f6yle d\u00fc\u015f\u00fcn.","breadcrumb":{"@id":"https:\/\/exceladvisor.org\/tr\/dinamik-grafik-basligi\/#breadcrumb"},"inLanguage":"tr","potentialAction":[{"@type":"ReadAction","target":["https:\/\/exceladvisor.org\/tr\/dinamik-grafik-basligi\/"]}]},{"@type":"ImageObject","inLanguage":"tr","@id":"https:\/\/exceladvisor.org\/tr\/dinamik-grafik-basligi\/#primaryimage","url":"https:\/\/exceladvisor.org\/wp-content\/uploads\/2023\/08\/etapes-pour-lier-une-cellule-avec-le-titre-du-graphique-pour-creer-une-dynamique-1.gif","contentUrl":"https:\/\/exceladvisor.org\/wp-content\/uploads\/2023\/08\/etapes-pour-lier-une-cellule-avec-le-titre-du-graphique-pour-creer-une-dynamique-1.gif"},{"@type":"BreadcrumbList","@id":"https:\/\/exceladvisor.org\/tr\/dinamik-grafik-basligi\/#breadcrumb","itemListElement":[{"@type":"ListItem","position":1,"name":"Ev","item":"https:\/\/exceladvisor.org\/tr\/"},{"@type":"ListItem","position":2,"name":"Excel&#39;de dinamik bir grafik ba\u015fl\u0131\u011f\u0131 nas\u0131l olu\u015fturulur?"}]},{"@type":"WebSite","@id":"https:\/\/exceladvisor.org\/tr\/#website","url":"https:\/\/exceladvisor.org\/tr\/","name":"Excel Advisor","description":"Veri hakimiyetine y\u00f6nelik nihai rehberiniz!","publisher":{"@id":"https:\/\/exceladvisor.org\/tr\/#organization"},"potentialAction":[{"@type":"SearchAction","target":{"@type":"EntryPoint","urlTemplate":"https:\/\/exceladvisor.org\/tr\/?s={search_term_string}"},"query-input":{"@type":"PropertyValueSpecification","valueRequired":true,"valueName":"search_term_string"}}],"inLanguage":"tr"},{"@type":"Organization","@id":"https:\/\/exceladvisor.org\/tr\/#organization","name":"Excel Advisor","url":"https:\/\/exceladvisor.org\/tr\/","logo":{"@type":"ImageObject","inLanguage":"tr","@id":"https:\/\/exceladvisor.org\/tr\/#\/schema\/logo\/image\/","url":"https:\/\/exceladvisor.org\/tr\/wp-content\/uploads\/2023\/12\/exceladvisor.org_.png","contentUrl":"https:\/\/exceladvisor.org\/tr\/wp-content\/uploads\/2023\/12\/exceladvisor.org_.png","width":105,"height":36,"caption":"Excel Advisor"},"image":{"@id":"https:\/\/exceladvisor.org\/tr\/#\/schema\/logo\/image\/"}}]}},"yoast_meta":{"yoast_wpseo_title":"","yoast_wpseo_metadesc":"","yoast_wpseo_canonical":""},"_links":{"self":[{"href":"https:\/\/exceladvisor.org\/tr\/wp-json\/wp\/v2\/pages\/1665","targetHints":{"allow":["GET"]}}],"collection":[{"href":"https:\/\/exceladvisor.org\/tr\/wp-json\/wp\/v2\/pages"}],"about":[{"href":"https:\/\/exceladvisor.org\/tr\/wp-json\/wp\/v2\/types\/page"}],"author":[{"embeddable":true,"href":"https:\/\/exceladvisor.org\/tr\/wp-json\/wp\/v2\/users\/1"}],"replies":[{"embeddable":true,"href":"https:\/\/exceladvisor.org\/tr\/wp-json\/wp\/v2\/comments?post=1665"}],"version-history":[{"count":1,"href":"https:\/\/exceladvisor.org\/tr\/wp-json\/wp\/v2\/pages\/1665\/revisions"}],"predecessor-version":[{"id":2472,"href":"https:\/\/exceladvisor.org\/tr\/wp-json\/wp\/v2\/pages\/1665\/revisions\/2472"}],"wp:attachment":[{"href":"https:\/\/exceladvisor.org\/tr\/wp-json\/wp\/v2\/media?parent=1665"}],"curies":[{"name":"wp","href":"https:\/\/api.w.org\/{rel}","templated":true}]}}