{"id":1666,"date":"2023-11-12T15:00:24","date_gmt":"2023-11-12T15:00:24","guid":{"rendered":"https:\/\/exceladvisor.org\/tr\/sifirdan-buyukse-toplam-2\/"},"modified":"2023-12-10T06:04:24","modified_gmt":"2023-12-10T06:04:24","slug":"sifirdan-buyukse-toplam-2","status":"publish","type":"page","link":"https:\/\/exceladvisor.org\/tr\/sifirdan-buyukse-toplam-2\/","title":{"rendered":"S\u0131f\u0131rdan b\u00fcy\u00fck de\u011ferler nas\u0131l eklenir?"},"content":{"rendered":"<div class=\"excel-icerikten-once\" id=\"excel-3468109146\"><script type=\"text\/javascript\">\r\n\tatOptions = {\r\n\t\t'key' : 'c1158f160081d6540a8409e6925dab94',\r\n\t\t'format' : 'iframe',\r\n\t\t'height' : 250,\r\n\t\t'width' : 300,\r\n\t\t'params' : {}\r\n\t};\r\n<\/script>\r\n<script type=\"text\/javascript\" src=\"\/\/www.highperformanceformat.com\/c1158f160081d6540a8409e6925dab94\/invoke.js\"><\/script><\/div> <p>S\u0131f\u0131rdan b\u00fcy\u00fck de\u011ferler eklemek i\u00e7in bir ko\u015ful belirtmek amac\u0131yla ETOPLA i\u015flevini kullanabilirsiniz. ETOPLA&#8217;da \u00f6l\u00e7\u00fct ba\u011f\u0131ms\u0131z de\u011fi\u015fkeni, b\u00fcy\u00fckt\u00fcr operat\u00f6r\u00fcn\u00fc kullanabilece\u011finiz ve s\u0131f\u0131r (0) girebilece\u011finiz bir ko\u015ful yazman\u0131za olanak tan\u0131r. Ko\u015fullar\u0131 test etmek ve toplam\u0131 hesaplamak i\u00e7in ayn\u0131 aral\u0131\u011f\u0131 kullanabilirsiniz. <\/p><div class=\"wp-block-image\"><figure class=\"aligncenter size-full is-resized\"><img loading=\"lazy\" decoding=\"async\" class=\"wp-image-79474\" src=\"https:\/\/exceladvisor.org\/wp-content\/uploads\/2023\/08\/1-somme-superieure-a-zero.png\" sizes=\"auto, \" srcset=\"\" alt=\"toplam-de\u011fer-s\u0131f\u0131rdan-b\u00fcy\u00fck\" width=\"599\" height=\"409\"><\/figure><\/div><p> Ya da biri ko\u015fulu test etmek, di\u011feri toplam\u0131 almak i\u00e7in olmak \u00fczere iki farkl\u0131 aral\u0131k kullanabilirsiniz.<\/p><h2 class=\"wp-block-heading\"> Form\u00fcl yazma ad\u0131mlar\u0131: ETOPLA s\u0131f\u0131rdan b\u00fcy\u00fck<\/h2><p> A\u015fa\u011f\u0131daki ad\u0131mlar\u0131 kullanabilirsiniz:<\/p><ol type=\"1\"><li> \u0130lk \u00f6nce bir h\u00fccreye ETOPLA i\u015flevini girin.<\/li><li> Bundan sonra, \u00f6l\u00e7\u00fct aral\u0131\u011f\u0131nda Ge\u00e7mi\u015f G\u00fcnler s\u00fctununa bak\u0131n.<\/li><li> Daha sonra \u00f6l\u00e7\u00fct ba\u011f\u0131ms\u0131z de\u011fi\u015fkeninde \u201c&gt;0\u201d\u0131 kullan\u0131n.<\/li><li> \u015eimdi toplam_aral\u0131\u011f\u0131nda Miktar s\u00fctununa bak\u0131n.<\/li><li> Sonunda sonucu almak i\u00e7in Enter tu\u015funa bas\u0131n. <\/li><\/ol><div class=\"wp-block-image\"><figure class=\"aligncenter size-full is-resized\"><img loading=\"lazy\" decoding=\"async\" class=\"wp-image-79475\" src=\"https:\/\/exceladvisor.org\/wp-content\/uploads\/2023\/08\/2-somme-si-superieur-a-zero.png\" sizes=\"auto, \" srcset=\"\" alt=\"s\u0131f\u0131rdan b\u00fcy\u00fck sumif\" width=\"694\" height=\"412\"><\/figure><\/div><pre class=\"wp-block-code\"> <code class=\"language-excel-formula\" lang=\"excel-formula\">=SUMIF(B2:B11,\"&gt;0\",C2:C11)<\/code><\/pre><p> G\u00f6rd\u00fc\u011f\u00fcn\u00fcz gibi sadece Ge\u00e7mi\u015f G\u00fcnler s\u00fctununda s\u0131f\u0131rdan b\u00fcy\u00fck bir de\u011fere sahip oldu\u011funuz Miktar s\u00fctunundaki de\u011ferlerin toplam\u0131n\u0131 d\u00f6nd\u00fcr\u00fcr. Ayn\u0131 sonucu <a href=\"https:\/\/exceladvisor.org\/tr\/durum-cubugu\/\">durum \u00e7ubu\u011funda<\/a> da g\u00f6rebilirsiniz. <\/p><div class=\"wp-block-image\"><figure class=\"aligncenter size-full is-resized\"><img loading=\"lazy\" decoding=\"async\" class=\"wp-image-79476\" src=\"https:\/\/exceladvisor.org\/wp-content\/uploads\/2023\/08\/3-renvoie-la-valeur-somme.png\" sizes=\"auto, \" srcset=\"\" alt=\"d\u00f6n\u00fc\u015f toplam\u0131 de\u011feri\" width=\"581\" height=\"396\"><\/figure><\/div><h2 class=\"wp-block-heading\"> S\u0131f\u0131r belirtmek i\u00e7in h\u00fccre ba\u015fvurusu kullanma<\/h2><p> Form\u00fcl\u00fc yazarken, i\u00e7inde s\u0131f\u0131r belirtmek i\u00e7in bir h\u00fccreye ba\u015fvurabilirsiniz. <\/p><div class=\"wp-block-image\"><figure class=\"aligncenter size-full is-resized\"><img loading=\"lazy\" decoding=\"async\" class=\"wp-image-79477\" src=\"https:\/\/exceladvisor.org\/wp-content\/uploads\/2023\/08\/Reference-de-4-cellules-pour-specifier-zero.png\" sizes=\"auto, \" srcset=\"\" alt=\"s\u0131f\u0131r belirtmek i\u00e7in h\u00fccre referans\u0131\" width=\"673\" height=\"374\"><\/figure><\/div><pre class=\"wp-block-code\"> <code class=\"language-excel-formula\" lang=\"excel-formula\">=SUMIF(B2:B11,\"&gt;\"&amp;D1,C2:C11)<\/code><\/pre><p> Yukar\u0131daki form\u00fclde, kriterlerde ve i\u015fareti kulland\u0131k ve ard\u0131ndan s\u0131f\u0131r\u0131n bulundu\u011fu D1 h\u00fccresine at\u0131fta bulunduk. Bu, h\u00fccrenin durumunu form\u00fclden de\u011fi\u015ftirmek yerine de\u011fi\u015ftirebilece\u011finiz dinamik bir form\u00fclle sonu\u00e7lan\u0131r.<\/p><h2 class=\"wp-block-heading\"> ETOPLA yerine \u00c7OKETOPLA kullanmak istersem ne olur?<\/h2><p> Evet, kullanabilirsiniz. <\/p><div class=\"wp-block-image\"><figure class=\"aligncenter size-full is-resized\"><img loading=\"lazy\" decoding=\"async\" class=\"wp-image-79478\" src=\"https:\/\/exceladvisor.org\/wp-content\/uploads\/2023\/08\/5-sommes-superieures-a-zero.png\" sizes=\"auto, \" srcset=\"\" alt=\"s\u0131f\u0131rdan b\u00fcy\u00fck toplamlar\" width=\"674\" height=\"381\"><\/figure><\/div><p> SUMIFS&#8217;de \u00f6ncelikle toplam_aral\u0131\u011f\u0131n\u0131 belirtmeniz gerekir. Bundan sonra kriter aral\u0131\u011f\u0131n\u0131 belirtmeniz ve sonunda test edilecek kriterleri girmeniz gerekir.<\/p><pre class=\"wp-block-code\"> <code class=\"language-excel-formula\" lang=\"excel-formula\">=SUMIFS(C2:C11,B2:B11,\"&gt;0\")<\/code><\/pre><div class=\"gb-container gb-container-52dfcee1 gb-container-sample-file\"><h2 class=\"gb-headline gb-headline-e289c143 gb-headline-text gb-headline-4f7959c2\"> Excel dosyas\u0131n\u0131 al\u0131n<\/h2> <a class=\"gb-button gb-button-e88d6bee gb-button-text gb-button-button1\" href=\"https:\/\/exceladvisor.org\/wp-content\/uploads\/2023\/08\/somme-si-superieure-a-zero.xlsx\" rel=\"nofollow\">\u0130ndirmek<\/a><\/div><div class=\"gb-container gb-container-0df56012 gb-container-mt\"> <a class=\"gb-button gb-button-f9f432f4 gb-button-text gb-button-mt-button\" href=\"https:\/\/exceladvisor.org\/tr\/formuller\/\">Excel form\u00fcllerinin listesi<\/a><h2 class=\"gb-headline gb-headline-233444e8 gb-headline-text gb-headline-mt-heading\"> \u0130lgili form\u00fcller <\/h2><div class=\"gb-grid-wrapper gb-grid-wrapper-a16fa65c gb-grid-wrapper-mt-grid\"><div class=\"gb-grid-column gb-grid-column-50d07e0d\"><div class=\"gb-container gb-container-50d07e0d\"><ul><li> <a href=\"https:\/\/exceladvisor.org\/tr\/toplamindan-buyukse\/\">SUMIF kullanarak de\u011ferlerden daha b\u00fcy\u00fck toplam<\/a><\/li><li> <a href=\"https:\/\/exceladvisor.org\/tr\/toplamlar-esit-degil\/\">Excel&#8217;de e\u015fit olmayan de\u011ferlerin toplam\u0131 (SUMIFS)<\/a><\/li><li> <a href=\"https:\/\/exceladvisor.org\/tr\/sumif-sumifler-veya-mantik\/\">Excel&#8217;de VEYA mant\u0131\u011f\u0131yla ETOPLA\/TOPLA<\/a><\/li><li> <a href=\"https:\/\/exceladvisor.org\/tr\/joker-karakterli-sutif\/\">Excel&#8217;de joker karakterlerle ETOPLA<\/a><\/li><li> <a href=\"https:\/\/exceladvisor.org\/tr\/iki-tarih-arasindaki-degerlerin-toplami\/\">SUMIFS tarih aral\u0131\u011f\u0131 (iki tarih dizisi aras\u0131ndaki de\u011ferlerin toplam\u0131)<\/a> <\/li><\/ul><\/div><\/div><div class=\"gb-grid-column gb-grid-column-5b4a0cf9\"><div class=\"gb-container gb-container-5b4a0cf9\"><\/div><\/div><\/div><\/div>","protected":false},"excerpt":{"rendered":"","protected":false},"author":1,"featured_media":0,"parent":0,"menu_order":0,"comment_status":"open","ping_status":"closed","template":"","meta":{"ub_ctt_via":"","footnotes":""},"class_list":["post-1666","page","type-page","status-publish","hentry"],"featured_image_src":null,"yoast_head":"<!-- This site is optimized with the Yoast SEO plugin v25.4 - https:\/\/yoast.com\/wordpress\/plugins\/seo\/ -->\n<title>S\u0131f\u0131rdan b\u00fcy\u00fck de\u011ferler nas\u0131l eklenir? Excel Dan\u0131\u015fman\u0131<\/title>\n<meta name=\"description\" content=\"Bu e\u011fitim bize s\u0131f\u0131rdan b\u00fcy\u00fck de\u011ferleri toplamak i\u00e7in ETOPLA kullanarak bir Excel form\u00fcl\u00fcn\u00fcn nas\u0131l yaz\u0131laca\u011f\u0131n\u0131 \u00f6\u011fretecek. Bunu kontrol edelim\u2026\" \/>\n<meta name=\"robots\" content=\"index, follow, max-snippet:-1, max-image-preview:large, max-video-preview:-1\" \/>\n<link rel=\"canonical\" href=\"https:\/\/exceladvisor.org\/tr\/sifirdan-buyukse-toplam-2\/\" \/>\n<meta property=\"og:locale\" content=\"tr_TR\" \/>\n<meta property=\"og:type\" content=\"article\" \/>\n<meta property=\"og:title\" content=\"S\u0131f\u0131rdan b\u00fcy\u00fck de\u011ferler nas\u0131l eklenir? Excel Dan\u0131\u015fman\u0131\" \/>\n<meta property=\"og:description\" content=\"Bu e\u011fitim bize s\u0131f\u0131rdan b\u00fcy\u00fck de\u011ferleri toplamak i\u00e7in ETOPLA kullanarak bir Excel form\u00fcl\u00fcn\u00fcn nas\u0131l yaz\u0131laca\u011f\u0131n\u0131 \u00f6\u011fretecek. Bunu kontrol edelim\u2026\" \/>\n<meta property=\"og:url\" content=\"https:\/\/exceladvisor.org\/tr\/sifirdan-buyukse-toplam-2\/\" \/>\n<meta property=\"og:site_name\" content=\"Excel Advisor\" \/>\n<meta property=\"article:modified_time\" content=\"2023-12-10T06:04:24+00:00\" \/>\n<meta property=\"og:image\" content=\"https:\/\/exceladvisor.org\/wp-content\/uploads\/2023\/08\/1-somme-superieure-a-zero.png\" \/>\n<meta name=\"twitter:card\" content=\"summary_large_image\" \/>\n<meta name=\"twitter:label1\" content=\"Tahmini okuma s\u00fcresi\" \/>\n\t<meta name=\"twitter:data1\" content=\"2 dakika\" \/>\n<script type=\"application\/ld+json\" class=\"yoast-schema-graph\">{\"@context\":\"https:\/\/schema.org\",\"@graph\":[{\"@type\":\"WebPage\",\"@id\":\"https:\/\/exceladvisor.org\/tr\/sifirdan-buyukse-toplam-2\/\",\"url\":\"https:\/\/exceladvisor.org\/tr\/sifirdan-buyukse-toplam-2\/\",\"name\":\"S\u0131f\u0131rdan b\u00fcy\u00fck de\u011ferler nas\u0131l eklenir? Excel Dan\u0131\u015fman\u0131\",\"isPartOf\":{\"@id\":\"https:\/\/exceladvisor.org\/tr\/#website\"},\"primaryImageOfPage\":{\"@id\":\"https:\/\/exceladvisor.org\/tr\/sifirdan-buyukse-toplam-2\/#primaryimage\"},\"image\":{\"@id\":\"https:\/\/exceladvisor.org\/tr\/sifirdan-buyukse-toplam-2\/#primaryimage\"},\"thumbnailUrl\":\"https:\/\/exceladvisor.org\/wp-content\/uploads\/2023\/08\/1-somme-superieure-a-zero.png\",\"datePublished\":\"2023-11-12T15:00:24+00:00\",\"dateModified\":\"2023-12-10T06:04:24+00:00\",\"description\":\"Bu e\u011fitim bize s\u0131f\u0131rdan b\u00fcy\u00fck de\u011ferleri toplamak i\u00e7in ETOPLA kullanarak bir Excel form\u00fcl\u00fcn\u00fcn nas\u0131l yaz\u0131laca\u011f\u0131n\u0131 \u00f6\u011fretecek. Bunu kontrol edelim\u2026\",\"breadcrumb\":{\"@id\":\"https:\/\/exceladvisor.org\/tr\/sifirdan-buyukse-toplam-2\/#breadcrumb\"},\"inLanguage\":\"tr\",\"potentialAction\":[{\"@type\":\"ReadAction\",\"target\":[\"https:\/\/exceladvisor.org\/tr\/sifirdan-buyukse-toplam-2\/\"]}]},{\"@type\":\"ImageObject\",\"inLanguage\":\"tr\",\"@id\":\"https:\/\/exceladvisor.org\/tr\/sifirdan-buyukse-toplam-2\/#primaryimage\",\"url\":\"https:\/\/exceladvisor.org\/wp-content\/uploads\/2023\/08\/1-somme-superieure-a-zero.png\",\"contentUrl\":\"https:\/\/exceladvisor.org\/wp-content\/uploads\/2023\/08\/1-somme-superieure-a-zero.png\"},{\"@type\":\"BreadcrumbList\",\"@id\":\"https:\/\/exceladvisor.org\/tr\/sifirdan-buyukse-toplam-2\/#breadcrumb\",\"itemListElement\":[{\"@type\":\"ListItem\",\"position\":1,\"name\":\"Ev\",\"item\":\"https:\/\/exceladvisor.org\/tr\/\"},{\"@type\":\"ListItem\",\"position\":2,\"name\":\"S\u0131f\u0131rdan b\u00fcy\u00fck de\u011ferler nas\u0131l eklenir?\"}]},{\"@type\":\"WebSite\",\"@id\":\"https:\/\/exceladvisor.org\/tr\/#website\",\"url\":\"https:\/\/exceladvisor.org\/tr\/\",\"name\":\"Excel Advisor\",\"description\":\"Veri hakimiyetine y\u00f6nelik nihai rehberiniz!\",\"publisher\":{\"@id\":\"https:\/\/exceladvisor.org\/tr\/#organization\"},\"potentialAction\":[{\"@type\":\"SearchAction\",\"target\":{\"@type\":\"EntryPoint\",\"urlTemplate\":\"https:\/\/exceladvisor.org\/tr\/?s={search_term_string}\"},\"query-input\":{\"@type\":\"PropertyValueSpecification\",\"valueRequired\":true,\"valueName\":\"search_term_string\"}}],\"inLanguage\":\"tr\"},{\"@type\":\"Organization\",\"@id\":\"https:\/\/exceladvisor.org\/tr\/#organization\",\"name\":\"Excel Advisor\",\"url\":\"https:\/\/exceladvisor.org\/tr\/\",\"logo\":{\"@type\":\"ImageObject\",\"inLanguage\":\"tr\",\"@id\":\"https:\/\/exceladvisor.org\/tr\/#\/schema\/logo\/image\/\",\"url\":\"https:\/\/exceladvisor.org\/tr\/wp-content\/uploads\/2023\/12\/exceladvisor.org_.png\",\"contentUrl\":\"https:\/\/exceladvisor.org\/tr\/wp-content\/uploads\/2023\/12\/exceladvisor.org_.png\",\"width\":105,\"height\":36,\"caption\":\"Excel Advisor\"},\"image\":{\"@id\":\"https:\/\/exceladvisor.org\/tr\/#\/schema\/logo\/image\/\"}}]}<\/script>\n<!-- \/ Yoast SEO plugin. -->","yoast_head_json":{"title":"S\u0131f\u0131rdan b\u00fcy\u00fck de\u011ferler nas\u0131l eklenir? Excel Dan\u0131\u015fman\u0131","description":"Bu e\u011fitim bize s\u0131f\u0131rdan b\u00fcy\u00fck de\u011ferleri toplamak i\u00e7in ETOPLA kullanarak bir Excel form\u00fcl\u00fcn\u00fcn nas\u0131l yaz\u0131laca\u011f\u0131n\u0131 \u00f6\u011fretecek. Bunu kontrol edelim\u2026","robots":{"index":"index","follow":"follow","max-snippet":"max-snippet:-1","max-image-preview":"max-image-preview:large","max-video-preview":"max-video-preview:-1"},"canonical":"https:\/\/exceladvisor.org\/tr\/sifirdan-buyukse-toplam-2\/","og_locale":"tr_TR","og_type":"article","og_title":"S\u0131f\u0131rdan b\u00fcy\u00fck de\u011ferler nas\u0131l eklenir? Excel Dan\u0131\u015fman\u0131","og_description":"Bu e\u011fitim bize s\u0131f\u0131rdan b\u00fcy\u00fck de\u011ferleri toplamak i\u00e7in ETOPLA kullanarak bir Excel form\u00fcl\u00fcn\u00fcn nas\u0131l yaz\u0131laca\u011f\u0131n\u0131 \u00f6\u011fretecek. Bunu kontrol edelim\u2026","og_url":"https:\/\/exceladvisor.org\/tr\/sifirdan-buyukse-toplam-2\/","og_site_name":"Excel Advisor","article_modified_time":"2023-12-10T06:04:24+00:00","og_image":[{"url":"https:\/\/exceladvisor.org\/wp-content\/uploads\/2023\/08\/1-somme-superieure-a-zero.png","type":"","width":"","height":""}],"twitter_card":"summary_large_image","twitter_misc":{"Tahmini okuma s\u00fcresi":"2 dakika"},"schema":{"@context":"https:\/\/schema.org","@graph":[{"@type":"WebPage","@id":"https:\/\/exceladvisor.org\/tr\/sifirdan-buyukse-toplam-2\/","url":"https:\/\/exceladvisor.org\/tr\/sifirdan-buyukse-toplam-2\/","name":"S\u0131f\u0131rdan b\u00fcy\u00fck de\u011ferler nas\u0131l eklenir? Excel Dan\u0131\u015fman\u0131","isPartOf":{"@id":"https:\/\/exceladvisor.org\/tr\/#website"},"primaryImageOfPage":{"@id":"https:\/\/exceladvisor.org\/tr\/sifirdan-buyukse-toplam-2\/#primaryimage"},"image":{"@id":"https:\/\/exceladvisor.org\/tr\/sifirdan-buyukse-toplam-2\/#primaryimage"},"thumbnailUrl":"https:\/\/exceladvisor.org\/wp-content\/uploads\/2023\/08\/1-somme-superieure-a-zero.png","datePublished":"2023-11-12T15:00:24+00:00","dateModified":"2023-12-10T06:04:24+00:00","description":"Bu e\u011fitim bize s\u0131f\u0131rdan b\u00fcy\u00fck de\u011ferleri toplamak i\u00e7in ETOPLA kullanarak bir Excel form\u00fcl\u00fcn\u00fcn nas\u0131l yaz\u0131laca\u011f\u0131n\u0131 \u00f6\u011fretecek. Bunu kontrol edelim\u2026","breadcrumb":{"@id":"https:\/\/exceladvisor.org\/tr\/sifirdan-buyukse-toplam-2\/#breadcrumb"},"inLanguage":"tr","potentialAction":[{"@type":"ReadAction","target":["https:\/\/exceladvisor.org\/tr\/sifirdan-buyukse-toplam-2\/"]}]},{"@type":"ImageObject","inLanguage":"tr","@id":"https:\/\/exceladvisor.org\/tr\/sifirdan-buyukse-toplam-2\/#primaryimage","url":"https:\/\/exceladvisor.org\/wp-content\/uploads\/2023\/08\/1-somme-superieure-a-zero.png","contentUrl":"https:\/\/exceladvisor.org\/wp-content\/uploads\/2023\/08\/1-somme-superieure-a-zero.png"},{"@type":"BreadcrumbList","@id":"https:\/\/exceladvisor.org\/tr\/sifirdan-buyukse-toplam-2\/#breadcrumb","itemListElement":[{"@type":"ListItem","position":1,"name":"Ev","item":"https:\/\/exceladvisor.org\/tr\/"},{"@type":"ListItem","position":2,"name":"S\u0131f\u0131rdan b\u00fcy\u00fck de\u011ferler nas\u0131l eklenir?"}]},{"@type":"WebSite","@id":"https:\/\/exceladvisor.org\/tr\/#website","url":"https:\/\/exceladvisor.org\/tr\/","name":"Excel Advisor","description":"Veri hakimiyetine y\u00f6nelik nihai rehberiniz!","publisher":{"@id":"https:\/\/exceladvisor.org\/tr\/#organization"},"potentialAction":[{"@type":"SearchAction","target":{"@type":"EntryPoint","urlTemplate":"https:\/\/exceladvisor.org\/tr\/?s={search_term_string}"},"query-input":{"@type":"PropertyValueSpecification","valueRequired":true,"valueName":"search_term_string"}}],"inLanguage":"tr"},{"@type":"Organization","@id":"https:\/\/exceladvisor.org\/tr\/#organization","name":"Excel Advisor","url":"https:\/\/exceladvisor.org\/tr\/","logo":{"@type":"ImageObject","inLanguage":"tr","@id":"https:\/\/exceladvisor.org\/tr\/#\/schema\/logo\/image\/","url":"https:\/\/exceladvisor.org\/tr\/wp-content\/uploads\/2023\/12\/exceladvisor.org_.png","contentUrl":"https:\/\/exceladvisor.org\/tr\/wp-content\/uploads\/2023\/12\/exceladvisor.org_.png","width":105,"height":36,"caption":"Excel Advisor"},"image":{"@id":"https:\/\/exceladvisor.org\/tr\/#\/schema\/logo\/image\/"}}]}},"yoast_meta":{"yoast_wpseo_title":"","yoast_wpseo_metadesc":"","yoast_wpseo_canonical":""},"_links":{"self":[{"href":"https:\/\/exceladvisor.org\/tr\/wp-json\/wp\/v2\/pages\/1666","targetHints":{"allow":["GET"]}}],"collection":[{"href":"https:\/\/exceladvisor.org\/tr\/wp-json\/wp\/v2\/pages"}],"about":[{"href":"https:\/\/exceladvisor.org\/tr\/wp-json\/wp\/v2\/types\/page"}],"author":[{"embeddable":true,"href":"https:\/\/exceladvisor.org\/tr\/wp-json\/wp\/v2\/users\/1"}],"replies":[{"embeddable":true,"href":"https:\/\/exceladvisor.org\/tr\/wp-json\/wp\/v2\/comments?post=1666"}],"version-history":[{"count":1,"href":"https:\/\/exceladvisor.org\/tr\/wp-json\/wp\/v2\/pages\/1666\/revisions"}],"predecessor-version":[{"id":2722,"href":"https:\/\/exceladvisor.org\/tr\/wp-json\/wp\/v2\/pages\/1666\/revisions\/2722"}],"wp:attachment":[{"href":"https:\/\/exceladvisor.org\/tr\/wp-json\/wp\/v2\/media?parent=1666"}],"curies":[{"name":"wp","href":"https:\/\/api.w.org\/{rel}","templated":true}]}}