{"id":1669,"date":"2023-11-12T14:04:35","date_gmt":"2023-11-12T14:04:35","guid":{"rendered":"https:\/\/exceladvisor.org\/tr\/aradaki-adlarin-virgulunu-dondur\/"},"modified":"2023-12-10T06:08:02","modified_gmt":"2023-12-10T06:08:02","slug":"aradaki-adlarin-virgulunu-dondur","status":"publish","type":"page","link":"https:\/\/exceladvisor.org\/tr\/aradaki-adlarin-virgulunu-dondur\/","title":{"rendered":"Virg\u00fclle ad ve soyad\u0131 nas\u0131l \u00e7\u0131kar\u0131l\u0131r?"},"content":{"rendered":"<div class=\"excel-icerikten-once\" id=\"excel-440806456\"><script type=\"text\/javascript\">\r\n\tatOptions = {\r\n\t\t'key' : 'c1158f160081d6540a8409e6925dab94',\r\n\t\t'format' : 'iframe',\r\n\t\t'height' : 250,\r\n\t\t'width' : 300,\r\n\t\t'params' : {}\r\n\t};\r\n<\/script>\r\n<script type=\"text\/javascript\" src=\"\/\/www.highperformanceformat.com\/c1158f160081d6540a8409e6925dab94\/invoke.js\"><\/script><\/div> <p>Excel&#8217;de ad\u0131 ve soyad\u0131n\u0131 ad ve soyad\u0131na d\u00f6n\u00fc\u015ft\u00fcrmek i\u00e7in ORTA, UZUNLUK ve ARAMA i\u015flevlerinin bir birle\u015fimini kullanman\u0131z gerekir. Bu dersimizde bunun i\u00e7in nas\u0131l form\u00fcl yazaca\u011f\u0131m\u0131z\u0131 \u00f6\u011frenece\u011fiz. <\/p><div class=\"wp-block-image\"><figure class=\"aligncenter size-full is-resized\"><img loading=\"lazy\" decoding=\"async\" class=\"aligncenter wp-image-12335 size-full\" src=\"https:\/\/exceladvisor.org\/wp-content\/uploads\/2023\/11\/Retournez-le-premier-amp.png\" alt=\"\u0130lk &amp;amp;\" width=\"487\" height=\"301\" srcset=\"https:\/\/exceladvisor.org\/wp-content\/uploads\/2023\/11\/Retournez-le-premier-amp.png 487w, https:\/\/exceladvisor.org\/wp-content\/uploads\/2023\/11\/Retournez-le-premier-amp-300x185.png 300w\" sizes=\"auto, (max-width: 487px) 100vw, 487px\"><\/figure><\/div><h2 class=\"wp-block-heading\"> Ad ve soyad\u0131n\u0131 de\u011fi\u015ftirmek i\u00e7in Excel form\u00fcl\u00fc<\/h2><p> Bu form\u00fcl\u00fc yazmak i\u00e7in a\u015fa\u011f\u0131daki ad\u0131mlar\u0131 kullanabilirsiniz:<\/p><ol><li> \u00d6ncelikle ad ve soyad aras\u0131nda kalan bo\u015flu\u011fu bulmak i\u00e7in ARAMA fonksiyonunu kullanman\u0131z gerekir.<br><br><\/li><li> Bundan sonra, araman\u0131n d\u00f6nd\u00fcrd\u00fc\u011f\u00fc numaraya bir ekleyin.<br><br><\/li><li> Daha sonra toplam karakter say\u0131s\u0131n\u0131 (ad ve soyad\u0131) almak i\u00e7in UZUNLUK i\u015flevini kullanman\u0131z gerekir. Ve buna da 1 ekleyin.<br><br><\/li><li> \u015eimdi MID i\u015flevini girin ve ilk arg\u00fcmana A1 h\u00fccresine (ad\u0131n\u0131z\u0131n oldu\u011fu yerde) iki kez virg\u00fcl ve bo\u015flukla birle\u015ftirerek girin.<br><br><\/li><li> Buradan MID&#8217;in ikinci ve \u00fc\u00e7\u00fcnc\u00fc arg\u00fcmanlar\u0131na s\u0131ras\u0131yla SEARCH fonksiyonunu ve (\u00f6nceki ad\u0131mlarda yazd\u0131\u011f\u0131m\u0131z) LEN fonksiyonunu girin.<br><br><\/li><li> Sonunda sonucu almak i\u00e7in Enter tu\u015funa bas\u0131n.<\/li><\/ol><pre class=\"wp-block-code\"> <code class=\"language-excel-formula\" lang=\"excel-formula\">=MID(A1&amp;\", \"&amp;A1,SEARCH(\" \",A1)+1,LEN(A1)+1)<\/code><\/pre><h2 class=\"wp-block-heading\"> Bu form\u00fcl nas\u0131l \u00e7al\u0131\u015f\u0131yor?<\/h2><p> Bu form\u00fcl\u00fc anlamak i\u00e7in onu \u00fc\u00e7 b\u00f6l\u00fcme ay\u0131rman\u0131z gerekir. Ana i\u015flev MID i\u015flevidir ve orta i\u015flevde tan\u0131mlanacak \u00fc\u00e7 arg\u00fcman\u0131m\u0131z vard\u0131r ve bu nedenle bu form\u00fcl\u00fc anlamak i\u00e7in \u00fc\u00e7 par\u00e7aya b\u00f6lmeniz gerekir.<\/p><p> <strong>B\u0130R\u0130NC\u0130<\/strong> B\u00d6L\u00dcM&#8217;de MID&#8217;nin metinsel arg\u00fcman\u0131na sahibiz. Ve bu arg\u00fcmanda, virg\u00fcl ve bo\u015fluk kullanarak ad ve soyad\u0131n\u0131 iki kez birle\u015ftirdik.<\/p><p> <strong>\u0130K\u0130NC\u0130 B\u00d6L\u00dcM&#8217;de<\/strong> , adlar\u0131n (ilk ve sonuncu) bulundu\u011fu ve i\u00e7indeki bo\u015flu\u011fu aray\u0131p ard\u0131ndan i\u00e7ine 1 ekledi\u011finiz A1 h\u00fccresine at\u0131fta bulunan ARAMA i\u015flevine sahipsiniz. Bu \u015fekilde h\u00fccrenin soyad\u0131n\u0131n ba\u015flang\u0131\u00e7 konumunu elde edersiniz.<\/p><p> <strong>\u00dc\u00c7\u00dcNC\u00dc B\u00d6L\u00dcM&#8217;de<\/strong> , orijinal adlardaki toplam karakter say\u0131s\u0131n\u0131 (ad ve soyad) sayan ve bunlara 1 ekleyen UZUNLUK i\u015flevine sahipsiniz.<\/p><div class=\"wp-block-image\"><figure class=\"aligncenter size-full\"><\/figure><\/div><p> Sonunda, MID i\u015flevi ilk de\u011ferden soyad\u0131n\u0131 ve ikinci de\u011ferden ad\u0131 al\u0131r ve size ad ve soyad\u0131n\u0131n soyad\u0131 ve ad olarak de\u011fi\u015ftirilmesinin sonucunu verir. <\/p><div class=\"gb-container gb-container-52dfcee1 gb-container-sample-file\"><h2 class=\"gb-headline gb-headline-e289c143 gb-headline-text gb-headline-4f7959c2\"> Excel dosyas\u0131n\u0131 al\u0131n<\/h2> <a href=\"https:\/\/exceladvisor.org\/wp-content\/uploads\/2023\/11\/changer-les-prenoms.xlsx\">\u0130ndirmek<\/a><\/div><div class=\"gb-container gb-container-0df56012 gb-container-mt\"> <a class=\"gb-button gb-button-f9f432f4 gb-button-text gb-button-mt-button\" href=\"https:\/\/exceladvisor.org\/tr\/formuller\/\">Excel form\u00fcllerinin listesi<\/a><h2 class=\"gb-headline gb-headline-233444e8 gb-headline-text gb-headline-mt-heading\"> \u0130lgili form\u00fcller <\/h2><div class=\"gb-grid-wrapper gb-grid-wrapper-a16fa65c gb-grid-wrapper-mt-grid\"><div class=\"gb-grid-column gb-grid-column-50d07e0d\"><div class=\"gb-container gb-container-50d07e0d\"><ul><li> <a href=\"https:\/\/exceladvisor.org\/tr\/ilk-harfi-buyuk-yap\/\">Excel&#8217;de ilk harfi b\u00fcy\u00fck yap<\/a><\/li><li> <a href=\"https:\/\/exceladvisor.org\/tr\/sutundan-satira\/\">Excel&#8217;de s\u00fctunu sat\u0131ra de\u011fi\u015ftirin (tersi)<\/a><\/li><li> <a href=\"https:\/\/exceladvisor.org\/tr\/cumle-durumu\/\">Excel&#8217;de C\u00fcmle Durumuna Ge\u00e7<\/a><\/li><li> <a href=\"https:\/\/exceladvisor.org\/tr\/metin-durumunu-degistir\/\">Metnin b\u00fcy\u00fck\/k\u00fc\u00e7\u00fck harflerini de\u011fi\u015ftirin (b\u00fcy\u00fck harf, k\u00fc\u00e7\u00fck harf, uygun)<\/a> <\/li><\/ul><\/div><\/div><div class=\"gb-grid-column gb-grid-column-5b4a0cf9\"><div class=\"gb-container gb-container-5b4a0cf9\"><\/div><\/div><\/div><\/div>","protected":false},"excerpt":{"rendered":"","protected":false},"author":1,"featured_media":0,"parent":0,"menu_order":0,"comment_status":"open","ping_status":"closed","template":"","meta":{"ub_ctt_via":"","footnotes":""},"class_list":["post-1669","page","type-page","status-publish","hentry"],"featured_image_src":null,"yoast_head":"<!-- This site is optimized with the Yoast SEO plugin v25.4 - https:\/\/yoast.com\/wordpress\/plugins\/seo\/ -->\n<title>\u25b7 Virg\u00fclle ad ve soyad\u0131 nas\u0131l \u00e7\u0131kar\u0131l\u0131r?<\/title>\n<meta name=\"description\" content=\"Bu e\u011fitimde size, ad\u0131n\u0131z\u0131 ve soyad\u0131n\u0131z\u0131 tersine \u00e7evirecek ve aralar\u0131na virg\u00fcl ekleyecek bir Excel form\u00fcl\u00fcn\u00fcn nas\u0131l yaz\u0131laca\u011f\u0131n\u0131 \u00f6\u011fretece\u011fiz.\" \/>\n<meta name=\"robots\" content=\"index, follow, max-snippet:-1, max-image-preview:large, max-video-preview:-1\" \/>\n<link rel=\"canonical\" href=\"https:\/\/exceladvisor.org\/tr\/aradaki-adlarin-virgulunu-dondur\/\" \/>\n<meta property=\"og:locale\" content=\"tr_TR\" \/>\n<meta property=\"og:type\" content=\"article\" \/>\n<meta property=\"og:title\" content=\"\u25b7 Virg\u00fclle ad ve soyad\u0131 nas\u0131l \u00e7\u0131kar\u0131l\u0131r?\" \/>\n<meta property=\"og:description\" content=\"Bu e\u011fitimde size, ad\u0131n\u0131z\u0131 ve soyad\u0131n\u0131z\u0131 tersine \u00e7evirecek ve aralar\u0131na virg\u00fcl ekleyecek bir Excel form\u00fcl\u00fcn\u00fcn nas\u0131l yaz\u0131laca\u011f\u0131n\u0131 \u00f6\u011fretece\u011fiz.\" \/>\n<meta property=\"og:url\" content=\"https:\/\/exceladvisor.org\/tr\/aradaki-adlarin-virgulunu-dondur\/\" \/>\n<meta property=\"og:site_name\" content=\"Excel Advisor\" \/>\n<meta property=\"article:modified_time\" content=\"2023-12-10T06:08:02+00:00\" \/>\n<meta property=\"og:image\" content=\"https:\/\/exceladvisor.org\/wp-content\/uploads\/2023\/11\/Retournez-le-premier-amp.png\" \/>\n<meta name=\"twitter:card\" content=\"summary_large_image\" \/>\n<meta name=\"twitter:label1\" content=\"Tahmini okuma s\u00fcresi\" \/>\n\t<meta name=\"twitter:data1\" content=\"2 dakika\" \/>\n<script type=\"application\/ld+json\" class=\"yoast-schema-graph\">{\"@context\":\"https:\/\/schema.org\",\"@graph\":[{\"@type\":\"WebPage\",\"@id\":\"https:\/\/exceladvisor.org\/tr\/aradaki-adlarin-virgulunu-dondur\/\",\"url\":\"https:\/\/exceladvisor.org\/tr\/aradaki-adlarin-virgulunu-dondur\/\",\"name\":\"\u25b7 Virg\u00fclle ad ve soyad\u0131 nas\u0131l \u00e7\u0131kar\u0131l\u0131r?\",\"isPartOf\":{\"@id\":\"https:\/\/exceladvisor.org\/tr\/#website\"},\"primaryImageOfPage\":{\"@id\":\"https:\/\/exceladvisor.org\/tr\/aradaki-adlarin-virgulunu-dondur\/#primaryimage\"},\"image\":{\"@id\":\"https:\/\/exceladvisor.org\/tr\/aradaki-adlarin-virgulunu-dondur\/#primaryimage\"},\"thumbnailUrl\":\"https:\/\/exceladvisor.org\/wp-content\/uploads\/2023\/11\/Retournez-le-premier-amp.png\",\"datePublished\":\"2023-11-12T14:04:35+00:00\",\"dateModified\":\"2023-12-10T06:08:02+00:00\",\"description\":\"Bu e\u011fitimde size, ad\u0131n\u0131z\u0131 ve soyad\u0131n\u0131z\u0131 tersine \u00e7evirecek ve aralar\u0131na virg\u00fcl ekleyecek bir Excel form\u00fcl\u00fcn\u00fcn nas\u0131l yaz\u0131laca\u011f\u0131n\u0131 \u00f6\u011fretece\u011fiz.\",\"breadcrumb\":{\"@id\":\"https:\/\/exceladvisor.org\/tr\/aradaki-adlarin-virgulunu-dondur\/#breadcrumb\"},\"inLanguage\":\"tr\",\"potentialAction\":[{\"@type\":\"ReadAction\",\"target\":[\"https:\/\/exceladvisor.org\/tr\/aradaki-adlarin-virgulunu-dondur\/\"]}]},{\"@type\":\"ImageObject\",\"inLanguage\":\"tr\",\"@id\":\"https:\/\/exceladvisor.org\/tr\/aradaki-adlarin-virgulunu-dondur\/#primaryimage\",\"url\":\"https:\/\/exceladvisor.org\/wp-content\/uploads\/2023\/11\/Retournez-le-premier-amp.png\",\"contentUrl\":\"https:\/\/exceladvisor.org\/wp-content\/uploads\/2023\/11\/Retournez-le-premier-amp.png\"},{\"@type\":\"BreadcrumbList\",\"@id\":\"https:\/\/exceladvisor.org\/tr\/aradaki-adlarin-virgulunu-dondur\/#breadcrumb\",\"itemListElement\":[{\"@type\":\"ListItem\",\"position\":1,\"name\":\"Ev\",\"item\":\"https:\/\/exceladvisor.org\/tr\/\"},{\"@type\":\"ListItem\",\"position\":2,\"name\":\"Virg\u00fclle ad ve soyad\u0131 nas\u0131l \u00e7\u0131kar\u0131l\u0131r?\"}]},{\"@type\":\"WebSite\",\"@id\":\"https:\/\/exceladvisor.org\/tr\/#website\",\"url\":\"https:\/\/exceladvisor.org\/tr\/\",\"name\":\"Excel Advisor\",\"description\":\"Veri hakimiyetine y\u00f6nelik nihai rehberiniz!\",\"publisher\":{\"@id\":\"https:\/\/exceladvisor.org\/tr\/#organization\"},\"potentialAction\":[{\"@type\":\"SearchAction\",\"target\":{\"@type\":\"EntryPoint\",\"urlTemplate\":\"https:\/\/exceladvisor.org\/tr\/?s={search_term_string}\"},\"query-input\":{\"@type\":\"PropertyValueSpecification\",\"valueRequired\":true,\"valueName\":\"search_term_string\"}}],\"inLanguage\":\"tr\"},{\"@type\":\"Organization\",\"@id\":\"https:\/\/exceladvisor.org\/tr\/#organization\",\"name\":\"Excel Advisor\",\"url\":\"https:\/\/exceladvisor.org\/tr\/\",\"logo\":{\"@type\":\"ImageObject\",\"inLanguage\":\"tr\",\"@id\":\"https:\/\/exceladvisor.org\/tr\/#\/schema\/logo\/image\/\",\"url\":\"https:\/\/exceladvisor.org\/tr\/wp-content\/uploads\/2023\/12\/exceladvisor.org_.png\",\"contentUrl\":\"https:\/\/exceladvisor.org\/tr\/wp-content\/uploads\/2023\/12\/exceladvisor.org_.png\",\"width\":105,\"height\":36,\"caption\":\"Excel Advisor\"},\"image\":{\"@id\":\"https:\/\/exceladvisor.org\/tr\/#\/schema\/logo\/image\/\"}}]}<\/script>\n<!-- \/ Yoast SEO plugin. -->","yoast_head_json":{"title":"\u25b7 Virg\u00fclle ad ve soyad\u0131 nas\u0131l \u00e7\u0131kar\u0131l\u0131r?","description":"Bu e\u011fitimde size, ad\u0131n\u0131z\u0131 ve soyad\u0131n\u0131z\u0131 tersine \u00e7evirecek ve aralar\u0131na virg\u00fcl ekleyecek bir Excel form\u00fcl\u00fcn\u00fcn nas\u0131l yaz\u0131laca\u011f\u0131n\u0131 \u00f6\u011fretece\u011fiz.","robots":{"index":"index","follow":"follow","max-snippet":"max-snippet:-1","max-image-preview":"max-image-preview:large","max-video-preview":"max-video-preview:-1"},"canonical":"https:\/\/exceladvisor.org\/tr\/aradaki-adlarin-virgulunu-dondur\/","og_locale":"tr_TR","og_type":"article","og_title":"\u25b7 Virg\u00fclle ad ve soyad\u0131 nas\u0131l \u00e7\u0131kar\u0131l\u0131r?","og_description":"Bu e\u011fitimde size, ad\u0131n\u0131z\u0131 ve soyad\u0131n\u0131z\u0131 tersine \u00e7evirecek ve aralar\u0131na virg\u00fcl ekleyecek bir Excel form\u00fcl\u00fcn\u00fcn nas\u0131l yaz\u0131laca\u011f\u0131n\u0131 \u00f6\u011fretece\u011fiz.","og_url":"https:\/\/exceladvisor.org\/tr\/aradaki-adlarin-virgulunu-dondur\/","og_site_name":"Excel Advisor","article_modified_time":"2023-12-10T06:08:02+00:00","og_image":[{"url":"https:\/\/exceladvisor.org\/wp-content\/uploads\/2023\/11\/Retournez-le-premier-amp.png","type":"","width":"","height":""}],"twitter_card":"summary_large_image","twitter_misc":{"Tahmini okuma s\u00fcresi":"2 dakika"},"schema":{"@context":"https:\/\/schema.org","@graph":[{"@type":"WebPage","@id":"https:\/\/exceladvisor.org\/tr\/aradaki-adlarin-virgulunu-dondur\/","url":"https:\/\/exceladvisor.org\/tr\/aradaki-adlarin-virgulunu-dondur\/","name":"\u25b7 Virg\u00fclle ad ve soyad\u0131 nas\u0131l \u00e7\u0131kar\u0131l\u0131r?","isPartOf":{"@id":"https:\/\/exceladvisor.org\/tr\/#website"},"primaryImageOfPage":{"@id":"https:\/\/exceladvisor.org\/tr\/aradaki-adlarin-virgulunu-dondur\/#primaryimage"},"image":{"@id":"https:\/\/exceladvisor.org\/tr\/aradaki-adlarin-virgulunu-dondur\/#primaryimage"},"thumbnailUrl":"https:\/\/exceladvisor.org\/wp-content\/uploads\/2023\/11\/Retournez-le-premier-amp.png","datePublished":"2023-11-12T14:04:35+00:00","dateModified":"2023-12-10T06:08:02+00:00","description":"Bu e\u011fitimde size, ad\u0131n\u0131z\u0131 ve soyad\u0131n\u0131z\u0131 tersine \u00e7evirecek ve aralar\u0131na virg\u00fcl ekleyecek bir Excel form\u00fcl\u00fcn\u00fcn nas\u0131l yaz\u0131laca\u011f\u0131n\u0131 \u00f6\u011fretece\u011fiz.","breadcrumb":{"@id":"https:\/\/exceladvisor.org\/tr\/aradaki-adlarin-virgulunu-dondur\/#breadcrumb"},"inLanguage":"tr","potentialAction":[{"@type":"ReadAction","target":["https:\/\/exceladvisor.org\/tr\/aradaki-adlarin-virgulunu-dondur\/"]}]},{"@type":"ImageObject","inLanguage":"tr","@id":"https:\/\/exceladvisor.org\/tr\/aradaki-adlarin-virgulunu-dondur\/#primaryimage","url":"https:\/\/exceladvisor.org\/wp-content\/uploads\/2023\/11\/Retournez-le-premier-amp.png","contentUrl":"https:\/\/exceladvisor.org\/wp-content\/uploads\/2023\/11\/Retournez-le-premier-amp.png"},{"@type":"BreadcrumbList","@id":"https:\/\/exceladvisor.org\/tr\/aradaki-adlarin-virgulunu-dondur\/#breadcrumb","itemListElement":[{"@type":"ListItem","position":1,"name":"Ev","item":"https:\/\/exceladvisor.org\/tr\/"},{"@type":"ListItem","position":2,"name":"Virg\u00fclle ad ve soyad\u0131 nas\u0131l \u00e7\u0131kar\u0131l\u0131r?"}]},{"@type":"WebSite","@id":"https:\/\/exceladvisor.org\/tr\/#website","url":"https:\/\/exceladvisor.org\/tr\/","name":"Excel Advisor","description":"Veri hakimiyetine y\u00f6nelik nihai rehberiniz!","publisher":{"@id":"https:\/\/exceladvisor.org\/tr\/#organization"},"potentialAction":[{"@type":"SearchAction","target":{"@type":"EntryPoint","urlTemplate":"https:\/\/exceladvisor.org\/tr\/?s={search_term_string}"},"query-input":{"@type":"PropertyValueSpecification","valueRequired":true,"valueName":"search_term_string"}}],"inLanguage":"tr"},{"@type":"Organization","@id":"https:\/\/exceladvisor.org\/tr\/#organization","name":"Excel Advisor","url":"https:\/\/exceladvisor.org\/tr\/","logo":{"@type":"ImageObject","inLanguage":"tr","@id":"https:\/\/exceladvisor.org\/tr\/#\/schema\/logo\/image\/","url":"https:\/\/exceladvisor.org\/tr\/wp-content\/uploads\/2023\/12\/exceladvisor.org_.png","contentUrl":"https:\/\/exceladvisor.org\/tr\/wp-content\/uploads\/2023\/12\/exceladvisor.org_.png","width":105,"height":36,"caption":"Excel Advisor"},"image":{"@id":"https:\/\/exceladvisor.org\/tr\/#\/schema\/logo\/image\/"}}]}},"yoast_meta":{"yoast_wpseo_title":"","yoast_wpseo_metadesc":"","yoast_wpseo_canonical":""},"_links":{"self":[{"href":"https:\/\/exceladvisor.org\/tr\/wp-json\/wp\/v2\/pages\/1669","targetHints":{"allow":["GET"]}}],"collection":[{"href":"https:\/\/exceladvisor.org\/tr\/wp-json\/wp\/v2\/pages"}],"about":[{"href":"https:\/\/exceladvisor.org\/tr\/wp-json\/wp\/v2\/types\/page"}],"author":[{"embeddable":true,"href":"https:\/\/exceladvisor.org\/tr\/wp-json\/wp\/v2\/users\/1"}],"replies":[{"embeddable":true,"href":"https:\/\/exceladvisor.org\/tr\/wp-json\/wp\/v2\/comments?post=1669"}],"version-history":[{"count":1,"href":"https:\/\/exceladvisor.org\/tr\/wp-json\/wp\/v2\/pages\/1669\/revisions"}],"predecessor-version":[{"id":2965,"href":"https:\/\/exceladvisor.org\/tr\/wp-json\/wp\/v2\/pages\/1669\/revisions\/2965"}],"wp:attachment":[{"href":"https:\/\/exceladvisor.org\/tr\/wp-json\/wp\/v2\/media?parent=1669"}],"curies":[{"name":"wp","href":"https:\/\/api.w.org\/{rel}","templated":true}]}}