{"id":1670,"date":"2023-11-12T13:44:23","date_gmt":"2023-11-12T13:44:23","guid":{"rendered":"https:\/\/exceladvisor.org\/tr\/dakikalardan-saatlere\/"},"modified":"2023-12-10T05:59:15","modified_gmt":"2023-12-10T05:59:15","slug":"dakikalardan-saatlere","status":"publish","type":"page","link":"https:\/\/exceladvisor.org\/tr\/dakikalardan-saatlere\/","title":{"rendered":"Dakikalar\u0131 saat ve dakikaya nas\u0131l d\u00f6n\u00fc\u015ft\u00fcr\u00fcr\u00fcz?"},"content":{"rendered":"<div class=\"excel-icerikten-once\" id=\"excel-1334868187\"><script type=\"text\/javascript\">\r\n\tatOptions = {\r\n\t\t'key' : 'c1158f160081d6540a8409e6925dab94',\r\n\t\t'format' : 'iframe',\r\n\t\t'height' : 250,\r\n\t\t'width' : 300,\r\n\t\t'params' : {}\r\n\t};\r\n<\/script>\r\n<script type=\"text\/javascript\" src=\"\/\/www.highperformanceformat.com\/c1158f160081d6540a8409e6925dab94\/invoke.js\"><\/script><\/div> <p>Excel&#8217;de dakikalar\u0131 saat ve dakikaya (SS:DD) d\u00f6n\u00fc\u015ft\u00fcrmek i\u00e7in dakika say\u0131s\u0131n\u0131 (24*60) ile \u00e7arpman\u0131z gereken bir form\u00fcl kullanman\u0131z gerekir. Bir g\u00fcndeki toplam dakika say\u0131s\u0131 olan (24*60) kullan\u0131ld\u0131\u011f\u0131nda ondal\u0131k basamakl\u0131 bir say\u0131 d\u00f6nd\u00fcr\u00fcr. Bu say\u0131da tamsay\u0131 k\u0131sm\u0131 saati ve dakikan\u0131n ondal\u0131k basama\u011f\u0131n\u0131 temsil eder.<\/p><p> Bu say\u0131y\u0131 saat ve dakika bi\u00e7imine d\u00f6n\u00fc\u015ft\u00fcrmek i\u00e7in \u00f6zel bi\u00e7imlendirmede [h]:mm uygulaman\u0131z gerekir. <\/p><div class=\"wp-block-image\"><figure class=\"aligncenter size-full is-resized\"><img loading=\"lazy\" decoding=\"async\" class=\"wp-image-79870\" src=\"https:\/\/exceladvisor.org\/wp-content\/uploads\/2023\/08\/1-convertir-des-minutes-en-heures.png\" sizes=\"auto, \" srcset=\"\" alt=\"dakikalar\u0131 saatlere d\u00f6n\u00fc\u015ft\u00fcr\" width=\"567\" height=\"286\"><\/figure><\/div><h2 class=\"wp-block-heading\"> Dakikalar\u0131 saat ve dakikaya \u00e7eviren form\u00fcl<\/h2><p> A\u015fa\u011f\u0131daki ad\u0131mlar\u0131 kullanabilirsiniz:<\/p><ol type=\"1\"><li> \u00d6ncelikle B1 h\u00fccresinde dakika de\u011ferinin bulundu\u011fu A1 h\u00fccresine bak\u0131n.<\/li><li> Bundan sonra b\u00f6lme operat\u00f6r\u00fcn\u00fc yaz\u0131n ve ard\u0131ndan ba\u015flang\u0131\u00e7 parantezlerini girin.<\/li><li> \u015eimdi 24&#8217;\u00fc girin ve b\u00f6lme operat\u00f6r\u00fcn\u00fc tekrar girin.<\/li><li> Daha sonra 60 girin ve parantezleri kapat\u0131n, ard\u0131ndan sonucu almak i\u00e7in Enter tu\u015funa bas\u0131n.<\/li><\/ol><p> Enter tu\u015funa bast\u0131\u011f\u0131n\u0131zda h\u00fccrede ge\u00e7irilen saat say\u0131s\u0131n\u0131 alacaks\u0131n\u0131z. <\/p><div class=\"wp-block-image\"><figure class=\"aligncenter size-full is-resized\"><img loading=\"lazy\" decoding=\"async\" class=\"wp-image-79871\" src=\"https:\/\/exceladvisor.org\/wp-content\/uploads\/2023\/08\/2-formules-pour-convertir-les-minutes-en-heures.png\" sizes=\"auto, \" srcset=\"\" alt=\"dakikalar\u0131 saatlere d\u00f6n\u00fc\u015ft\u00fcrme form\u00fcl\u00fc\" width=\"551\" height=\"279\"><\/figure><\/div><p> Bir sonraki \u015fey h\u00fccre format\u0131n\u0131 de\u011fi\u015ftirmek. Bunun i\u00e7in h\u00fccreyi se\u00e7in ve Ctrl + 1 klavye k\u0131sayolunu kullanarak h\u00fccreleri formatla se\u00e7ene\u011fini a\u00e7\u0131n. <\/p><div class=\"wp-block-image\"><figure class=\"aligncenter size-full is-resized\"><img loading=\"lazy\" decoding=\"async\" class=\"wp-image-79872\" src=\"https:\/\/exceladvisor.org\/wp-content\/uploads\/2023\/08\/3-changer-le-format-de-cellule.png\" sizes=\"auto, \" srcset=\"\" alt=\"h\u00fccre-format\u0131n\u0131 de\u011fi\u015ftir\" width=\"767\" height=\"350\"><\/figure><\/div><p> Buradan \u00d6zel kategorisine t\u0131klay\u0131n ve t\u00fcr giri\u015f \u00e7ubu\u011funa [H]:mm bi\u00e7imini girin. <\/p><div class=\"wp-block-image\"><figure class=\"aligncenter size-full is-resized\"><img loading=\"lazy\" decoding=\"async\" class=\"wp-image-79873\" src=\"https:\/\/exceladvisor.org\/wp-content\/uploads\/2023\/08\/4-changer-foermat-de-cellule-en-minutes.png\" sizes=\"auto, \" srcset=\"\" alt=\"h\u00fccre bi\u00e7imini dakikalara d\u00f6n\u00fc\u015ft\u00fcr\" width=\"713\" height=\"374\"><\/figure><\/div><p> Sonunda format\u0131 uygulamak i\u00e7in Tamam&#8217;\u0131 t\u0131klay\u0131n.<\/p><pre class=\"wp-block-code\"> <code class=\"language-excel-formula\" lang=\"excel-formula\">=A1\/(24*60)<\/code><\/pre><h2 class=\"wp-block-heading\"> Bu Form\u00fcl nas\u0131l \u00e7al\u0131\u015f\u0131yor?<\/h2><p> Bu form\u00fclde bir g\u00fcn\u00fcn toplam dakika say\u0131s\u0131n\u0131 veren 24*60&#8217;\u0131 kulland\u0131k (24 saat X 60 dakika = 1440 dakika). <\/p><div class=\"wp-block-image\"><figure class=\"aligncenter size-full is-resized\"><img loading=\"lazy\" decoding=\"async\" class=\"wp-image-79874\" src=\"https:\/\/exceladvisor.org\/wp-content\/uploads\/2023\/08\/5-comment-fonctionne-la-formule.png\" sizes=\"auto, \" srcset=\"\" alt=\"form\u00fcl nas\u0131l \u00e7al\u0131\u015f\u0131r\" width=\"565\" height=\"249\"><\/figure><\/div><p> Daha sonra sahip oldu\u011funuz dakika say\u0131s\u0131na b\u00f6ld\u00fc\u011f\u00fcn\u00fczde, sahip oldu\u011funuz dakika say\u0131s\u0131na kar\u015f\u0131l\u0131k gelen g\u00fcnleri d\u00f6nd\u00fcr\u00fcr. <\/p><div class=\"wp-block-image\"><figure class=\"aligncenter size-full is-resized\"><img loading=\"lazy\" decoding=\"async\" class=\"wp-image-79875\" src=\"https:\/\/exceladvisor.org\/wp-content\/uploads\/2023\/08\/6-renvoie-les-jours-equivalents-aux-minutes.png\" sizes=\"auto, \" srcset=\"\" alt=\"g\u00fcnlerin-dakikalara-e\u015fde\u011ferini d\u00f6nd\u00fcr\u00fcr\" width=\"564\" height=\"328\"><\/figure><\/div><p> \u015eimdi bu g\u00fcnleri saat ve dakika cinsinden g\u00f6r\u00fcnt\u00fcleyin, [h]:dd bi\u00e7imini kullanman\u0131z gerekir.<\/p><h2 class=\"wp-block-heading\"> MET\u0130N i\u015flevini kullanma<\/h2><p> H\u00fccre format\u0131n\u0131 de\u011fi\u015ftirmek istemiyorsan\u0131z. Form\u00fcldeki de\u011fere zaman eklemek i\u00e7in MET\u0130N i\u015flevini kullanabilirsiniz. <\/p><div class=\"wp-block-image\"><figure class=\"aligncenter size-full is-resized\"><img loading=\"lazy\" decoding=\"async\" class=\"wp-image-79876\" src=\"https:\/\/exceladvisor.org\/wp-content\/uploads\/2023\/08\/7-fonction-de-texte-pour-ajouter-du-temps.png\" sizes=\"auto, \" srcset=\"\" alt=\"ekleme zaman\u0131 i\u00e7in metin i\u015flevi\" width=\"422\" height=\"297\"><\/figure><\/div><p> Bu form\u00fcl tam olarak \u00f6nceki y\u00f6ntem gibi \u00e7al\u0131\u015f\u0131r. Tek fark, sonu\u00e7 de\u011ferini bi\u00e7imlendirmek i\u00e7in TEXT kullanman\u0131zd\u0131r.<\/p><pre class=\"wp-block-code\"><code class=\"language-excel-formula\" lang=\"excel-formula\"> =TEXT(A1\/(24*60),\"[h]:mm\")<\/code><\/pre><h2 class=\"wp-block-heading\"> Dakikalar\u0131 saatlere ve dakikalara d\u00f6n\u00fc\u015ft\u00fcr\u00fcn (say\u0131 olarak)<\/h2><p> Dakika say\u0131s\u0131n\u0131 60&#8217;a b\u00f6lebilece\u011finiz bir form\u00fcl de kullanabilirsiniz. <\/p><div class=\"wp-block-image\"><figure class=\"aligncenter size-full is-resized\"><img loading=\"lazy\" decoding=\"async\" class=\"wp-image-79877\" src=\"https:\/\/exceladvisor.org\/wp-content\/uploads\/2023\/08\/8-minutes-a-heures-sous-forme-de-nombres.png\" sizes=\"auto, \" srcset=\"\" alt=\"say\u0131larla dakika-saat\" width=\"410\" height=\"264\"><\/figure><\/div><p> Bu form\u00fcl, saatlerin tam say\u0131 ve dakikalar\u0131n ondal\u0131k say\u0131 oldu\u011fu saat ve dakika say\u0131s\u0131n\u0131 d\u00f6nd\u00fcr\u00fcr.<\/p><pre class=\"wp-block-code\"> <code class=\"language-excel-formula\" lang=\"excel-formula\">=A1\/60<\/code><\/pre><h2 class=\"wp-block-heading\"> D\u00f6n\u00fc\u015ft\u00fcrme i\u015flevi<\/h2><p> Excel&#8217;de dakikalar\u0131 saatlere d\u00f6n\u00fc\u015ft\u00fcrmek i\u00e7in kullanabilece\u011finiz yeni bir i\u015flev var: CONVERT. <\/p><div class=\"wp-block-image\"><figure class=\"aligncenter size-full is-resized\"><img loading=\"lazy\" decoding=\"async\" class=\"wp-image-79878\" src=\"https:\/\/exceladvisor.org\/wp-content\/uploads\/2023\/08\/9-fonction-de-conversion.png\" sizes=\"auto, \" srcset=\"\" alt=\"d\u00f6n\u00fc\u015ft\u00fcrme i\u015flevi\" width=\"515\" height=\"301\"><\/figure><\/div><p> CONVERT&#8217;ta dakika de\u011ferine, de\u011ferin orijinal birimine (dakika &#8220;mn&#8221; belirtmeniz gerekir), ard\u0131ndan d\u00f6n\u00fc\u015ft\u00fcrme birimine (saat i\u00e7in &#8220;hr&#8221; belirtin) ba\u015fvurman\u0131z gerekir.<\/p><pre class=\"wp-block-code\"> <code class=\"language-excel-formula\" lang=\"excel-formula\">=CONVERT(A1,\"mn\",\"hr\")<\/code><\/pre><div class=\"gb-container gb-container-52dfcee1 gb-container-sample-file\"><h2 class=\"gb-headline gb-headline-e289c143 gb-headline-text gb-headline-4f7959c2\"> Excel dosyas\u0131n\u0131 al\u0131n<\/h2> <a class=\"gb-button gb-button-e88d6bee gb-button-text gb-button-button1\" href=\"https:\/\/exceladvisor.org\/wp-content\/uploads\/2023\/08\/minutes-a-heures.xlsx\" rel=\"nofollow\">\u0130ndirmek<\/a> <\/div><div class=\"wp-block-group more-tutorials is-layout-flow\"><div class=\"wp-block-group__inner-container\"><h2 class=\"wp-block-heading\"> Daha fazla form\u00fcl<\/h2><ul><li> <a href=\"https:\/\/exceladvisor.org\/tr\/zamana-saat-ekleyin\/\">Excel&#8217;de zamana saat ekleme<\/a><\/li><li> <a href=\"https:\/\/exceladvisor.org\/tr\/zamana-dakika-ekleyin\/\">Excel&#8217;de zamana dakika ekleme<\/a><\/li><li> <a href=\"https:\/\/exceladvisor.org\/tr\/saat-farkini-hesapla\/\">Excel&#8217;de iki saat aras\u0131ndaki zaman fark\u0131n\u0131 hesaplay\u0131n<\/a><\/li><li> <a href=\"https:\/\/exceladvisor.org\/tr\/saat-formatini-degistir\/\">Excel&#8217;de saat bi\u00e7imini de\u011fi\u015ftirme<\/a><\/li><li> <a href=\"https:\/\/exceladvisor.org\/tr\/askeri-zaman\/\">Excel&#8217;de Askeri Zaman (Al ve \u00c7\u0131kar)<\/a><\/li><\/ul><p> \u21e0 <a href=\"https:\/\/exceladvisor.org\/tr\/formuller\/\">100&#8217;den fazla Excel form\u00fcl\u00fc listesine geri d\u00f6n (temel + geli\u015fmi\u015f)<\/a><\/p><\/div><\/div>","protected":false},"excerpt":{"rendered":"","protected":false},"author":1,"featured_media":0,"parent":0,"menu_order":0,"comment_status":"open","ping_status":"closed","template":"","meta":{"ub_ctt_via":"","footnotes":""},"class_list":["post-1670","page","type-page","status-publish","hentry"],"featured_image_src":null,"yoast_head":"<!-- This site is optimized with the Yoast SEO plugin v25.4 - https:\/\/yoast.com\/wordpress\/plugins\/seo\/ -->\n<title>Dakikalar\u0131 saatlere ve dakikalara nas\u0131l d\u00f6n\u00fc\u015ft\u00fcrebilirim (SS:MM)?<\/title>\n<meta name=\"description\" content=\"Bu e\u011fitim size dakikalar\u0131 saatlere ve dakikalara d\u00f6n\u00fc\u015ft\u00fcrmek i\u00e7in bir Excel form\u00fcl\u00fcn\u00fcn nas\u0131l yaz\u0131laca\u011f\u0131n\u0131 \u00f6\u011fretecektir. Bunu kontrol edelim\u2026\" \/>\n<meta name=\"robots\" content=\"index, follow, max-snippet:-1, max-image-preview:large, max-video-preview:-1\" \/>\n<link rel=\"canonical\" href=\"https:\/\/exceladvisor.org\/tr\/dakikalardan-saatlere\/\" \/>\n<meta property=\"og:locale\" content=\"tr_TR\" \/>\n<meta property=\"og:type\" content=\"article\" \/>\n<meta property=\"og:title\" content=\"Dakikalar\u0131 saatlere ve dakikalara nas\u0131l d\u00f6n\u00fc\u015ft\u00fcrebilirim (SS:MM)?\" \/>\n<meta property=\"og:description\" content=\"Bu e\u011fitim size dakikalar\u0131 saatlere ve dakikalara d\u00f6n\u00fc\u015ft\u00fcrmek i\u00e7in bir Excel form\u00fcl\u00fcn\u00fcn nas\u0131l yaz\u0131laca\u011f\u0131n\u0131 \u00f6\u011fretecektir. Bunu kontrol edelim\u2026\" \/>\n<meta property=\"og:url\" content=\"https:\/\/exceladvisor.org\/tr\/dakikalardan-saatlere\/\" \/>\n<meta property=\"og:site_name\" content=\"Excel Advisor\" \/>\n<meta property=\"article:modified_time\" content=\"2023-12-10T05:59:15+00:00\" \/>\n<meta property=\"og:image\" content=\"https:\/\/exceladvisor.org\/wp-content\/uploads\/2023\/08\/1-convertir-des-minutes-en-heures.png\" \/>\n<meta name=\"twitter:card\" content=\"summary_large_image\" \/>\n<meta name=\"twitter:label1\" content=\"Tahmini okuma s\u00fcresi\" \/>\n\t<meta name=\"twitter:data1\" content=\"3 dakika\" \/>\n<script type=\"application\/ld+json\" class=\"yoast-schema-graph\">{\"@context\":\"https:\/\/schema.org\",\"@graph\":[{\"@type\":\"WebPage\",\"@id\":\"https:\/\/exceladvisor.org\/tr\/dakikalardan-saatlere\/\",\"url\":\"https:\/\/exceladvisor.org\/tr\/dakikalardan-saatlere\/\",\"name\":\"Dakikalar\u0131 saatlere ve dakikalara nas\u0131l d\u00f6n\u00fc\u015ft\u00fcrebilirim (SS:MM)?\",\"isPartOf\":{\"@id\":\"https:\/\/exceladvisor.org\/tr\/#website\"},\"primaryImageOfPage\":{\"@id\":\"https:\/\/exceladvisor.org\/tr\/dakikalardan-saatlere\/#primaryimage\"},\"image\":{\"@id\":\"https:\/\/exceladvisor.org\/tr\/dakikalardan-saatlere\/#primaryimage\"},\"thumbnailUrl\":\"https:\/\/exceladvisor.org\/wp-content\/uploads\/2023\/08\/1-convertir-des-minutes-en-heures.png\",\"datePublished\":\"2023-11-12T13:44:23+00:00\",\"dateModified\":\"2023-12-10T05:59:15+00:00\",\"description\":\"Bu e\u011fitim size dakikalar\u0131 saatlere ve dakikalara d\u00f6n\u00fc\u015ft\u00fcrmek i\u00e7in bir Excel form\u00fcl\u00fcn\u00fcn nas\u0131l yaz\u0131laca\u011f\u0131n\u0131 \u00f6\u011fretecektir. Bunu kontrol edelim\u2026\",\"breadcrumb\":{\"@id\":\"https:\/\/exceladvisor.org\/tr\/dakikalardan-saatlere\/#breadcrumb\"},\"inLanguage\":\"tr\",\"potentialAction\":[{\"@type\":\"ReadAction\",\"target\":[\"https:\/\/exceladvisor.org\/tr\/dakikalardan-saatlere\/\"]}]},{\"@type\":\"ImageObject\",\"inLanguage\":\"tr\",\"@id\":\"https:\/\/exceladvisor.org\/tr\/dakikalardan-saatlere\/#primaryimage\",\"url\":\"https:\/\/exceladvisor.org\/wp-content\/uploads\/2023\/08\/1-convertir-des-minutes-en-heures.png\",\"contentUrl\":\"https:\/\/exceladvisor.org\/wp-content\/uploads\/2023\/08\/1-convertir-des-minutes-en-heures.png\"},{\"@type\":\"BreadcrumbList\",\"@id\":\"https:\/\/exceladvisor.org\/tr\/dakikalardan-saatlere\/#breadcrumb\",\"itemListElement\":[{\"@type\":\"ListItem\",\"position\":1,\"name\":\"Ev\",\"item\":\"https:\/\/exceladvisor.org\/tr\/\"},{\"@type\":\"ListItem\",\"position\":2,\"name\":\"Dakikalar\u0131 saat ve dakikaya nas\u0131l d\u00f6n\u00fc\u015ft\u00fcr\u00fcr\u00fcz?\"}]},{\"@type\":\"WebSite\",\"@id\":\"https:\/\/exceladvisor.org\/tr\/#website\",\"url\":\"https:\/\/exceladvisor.org\/tr\/\",\"name\":\"Excel Advisor\",\"description\":\"Veri hakimiyetine y\u00f6nelik nihai rehberiniz!\",\"publisher\":{\"@id\":\"https:\/\/exceladvisor.org\/tr\/#organization\"},\"potentialAction\":[{\"@type\":\"SearchAction\",\"target\":{\"@type\":\"EntryPoint\",\"urlTemplate\":\"https:\/\/exceladvisor.org\/tr\/?s={search_term_string}\"},\"query-input\":{\"@type\":\"PropertyValueSpecification\",\"valueRequired\":true,\"valueName\":\"search_term_string\"}}],\"inLanguage\":\"tr\"},{\"@type\":\"Organization\",\"@id\":\"https:\/\/exceladvisor.org\/tr\/#organization\",\"name\":\"Excel Advisor\",\"url\":\"https:\/\/exceladvisor.org\/tr\/\",\"logo\":{\"@type\":\"ImageObject\",\"inLanguage\":\"tr\",\"@id\":\"https:\/\/exceladvisor.org\/tr\/#\/schema\/logo\/image\/\",\"url\":\"https:\/\/exceladvisor.org\/tr\/wp-content\/uploads\/2023\/12\/exceladvisor.org_.png\",\"contentUrl\":\"https:\/\/exceladvisor.org\/tr\/wp-content\/uploads\/2023\/12\/exceladvisor.org_.png\",\"width\":105,\"height\":36,\"caption\":\"Excel Advisor\"},\"image\":{\"@id\":\"https:\/\/exceladvisor.org\/tr\/#\/schema\/logo\/image\/\"}}]}<\/script>\n<!-- \/ Yoast SEO plugin. -->","yoast_head_json":{"title":"Dakikalar\u0131 saatlere ve dakikalara nas\u0131l d\u00f6n\u00fc\u015ft\u00fcrebilirim (SS:MM)?","description":"Bu e\u011fitim size dakikalar\u0131 saatlere ve dakikalara d\u00f6n\u00fc\u015ft\u00fcrmek i\u00e7in bir Excel form\u00fcl\u00fcn\u00fcn nas\u0131l yaz\u0131laca\u011f\u0131n\u0131 \u00f6\u011fretecektir. Bunu kontrol edelim\u2026","robots":{"index":"index","follow":"follow","max-snippet":"max-snippet:-1","max-image-preview":"max-image-preview:large","max-video-preview":"max-video-preview:-1"},"canonical":"https:\/\/exceladvisor.org\/tr\/dakikalardan-saatlere\/","og_locale":"tr_TR","og_type":"article","og_title":"Dakikalar\u0131 saatlere ve dakikalara nas\u0131l d\u00f6n\u00fc\u015ft\u00fcrebilirim (SS:MM)?","og_description":"Bu e\u011fitim size dakikalar\u0131 saatlere ve dakikalara d\u00f6n\u00fc\u015ft\u00fcrmek i\u00e7in bir Excel form\u00fcl\u00fcn\u00fcn nas\u0131l yaz\u0131laca\u011f\u0131n\u0131 \u00f6\u011fretecektir. Bunu kontrol edelim\u2026","og_url":"https:\/\/exceladvisor.org\/tr\/dakikalardan-saatlere\/","og_site_name":"Excel Advisor","article_modified_time":"2023-12-10T05:59:15+00:00","og_image":[{"url":"https:\/\/exceladvisor.org\/wp-content\/uploads\/2023\/08\/1-convertir-des-minutes-en-heures.png","type":"","width":"","height":""}],"twitter_card":"summary_large_image","twitter_misc":{"Tahmini okuma s\u00fcresi":"3 dakika"},"schema":{"@context":"https:\/\/schema.org","@graph":[{"@type":"WebPage","@id":"https:\/\/exceladvisor.org\/tr\/dakikalardan-saatlere\/","url":"https:\/\/exceladvisor.org\/tr\/dakikalardan-saatlere\/","name":"Dakikalar\u0131 saatlere ve dakikalara nas\u0131l d\u00f6n\u00fc\u015ft\u00fcrebilirim (SS:MM)?","isPartOf":{"@id":"https:\/\/exceladvisor.org\/tr\/#website"},"primaryImageOfPage":{"@id":"https:\/\/exceladvisor.org\/tr\/dakikalardan-saatlere\/#primaryimage"},"image":{"@id":"https:\/\/exceladvisor.org\/tr\/dakikalardan-saatlere\/#primaryimage"},"thumbnailUrl":"https:\/\/exceladvisor.org\/wp-content\/uploads\/2023\/08\/1-convertir-des-minutes-en-heures.png","datePublished":"2023-11-12T13:44:23+00:00","dateModified":"2023-12-10T05:59:15+00:00","description":"Bu e\u011fitim size dakikalar\u0131 saatlere ve dakikalara d\u00f6n\u00fc\u015ft\u00fcrmek i\u00e7in bir Excel form\u00fcl\u00fcn\u00fcn nas\u0131l yaz\u0131laca\u011f\u0131n\u0131 \u00f6\u011fretecektir. Bunu kontrol edelim\u2026","breadcrumb":{"@id":"https:\/\/exceladvisor.org\/tr\/dakikalardan-saatlere\/#breadcrumb"},"inLanguage":"tr","potentialAction":[{"@type":"ReadAction","target":["https:\/\/exceladvisor.org\/tr\/dakikalardan-saatlere\/"]}]},{"@type":"ImageObject","inLanguage":"tr","@id":"https:\/\/exceladvisor.org\/tr\/dakikalardan-saatlere\/#primaryimage","url":"https:\/\/exceladvisor.org\/wp-content\/uploads\/2023\/08\/1-convertir-des-minutes-en-heures.png","contentUrl":"https:\/\/exceladvisor.org\/wp-content\/uploads\/2023\/08\/1-convertir-des-minutes-en-heures.png"},{"@type":"BreadcrumbList","@id":"https:\/\/exceladvisor.org\/tr\/dakikalardan-saatlere\/#breadcrumb","itemListElement":[{"@type":"ListItem","position":1,"name":"Ev","item":"https:\/\/exceladvisor.org\/tr\/"},{"@type":"ListItem","position":2,"name":"Dakikalar\u0131 saat ve dakikaya nas\u0131l d\u00f6n\u00fc\u015ft\u00fcr\u00fcr\u00fcz?"}]},{"@type":"WebSite","@id":"https:\/\/exceladvisor.org\/tr\/#website","url":"https:\/\/exceladvisor.org\/tr\/","name":"Excel Advisor","description":"Veri hakimiyetine y\u00f6nelik nihai rehberiniz!","publisher":{"@id":"https:\/\/exceladvisor.org\/tr\/#organization"},"potentialAction":[{"@type":"SearchAction","target":{"@type":"EntryPoint","urlTemplate":"https:\/\/exceladvisor.org\/tr\/?s={search_term_string}"},"query-input":{"@type":"PropertyValueSpecification","valueRequired":true,"valueName":"search_term_string"}}],"inLanguage":"tr"},{"@type":"Organization","@id":"https:\/\/exceladvisor.org\/tr\/#organization","name":"Excel Advisor","url":"https:\/\/exceladvisor.org\/tr\/","logo":{"@type":"ImageObject","inLanguage":"tr","@id":"https:\/\/exceladvisor.org\/tr\/#\/schema\/logo\/image\/","url":"https:\/\/exceladvisor.org\/tr\/wp-content\/uploads\/2023\/12\/exceladvisor.org_.png","contentUrl":"https:\/\/exceladvisor.org\/tr\/wp-content\/uploads\/2023\/12\/exceladvisor.org_.png","width":105,"height":36,"caption":"Excel Advisor"},"image":{"@id":"https:\/\/exceladvisor.org\/tr\/#\/schema\/logo\/image\/"}}]}},"yoast_meta":{"yoast_wpseo_title":"","yoast_wpseo_metadesc":"","yoast_wpseo_canonical":""},"_links":{"self":[{"href":"https:\/\/exceladvisor.org\/tr\/wp-json\/wp\/v2\/pages\/1670","targetHints":{"allow":["GET"]}}],"collection":[{"href":"https:\/\/exceladvisor.org\/tr\/wp-json\/wp\/v2\/pages"}],"about":[{"href":"https:\/\/exceladvisor.org\/tr\/wp-json\/wp\/v2\/types\/page"}],"author":[{"embeddable":true,"href":"https:\/\/exceladvisor.org\/tr\/wp-json\/wp\/v2\/users\/1"}],"replies":[{"embeddable":true,"href":"https:\/\/exceladvisor.org\/tr\/wp-json\/wp\/v2\/comments?post=1670"}],"version-history":[{"count":1,"href":"https:\/\/exceladvisor.org\/tr\/wp-json\/wp\/v2\/pages\/1670\/revisions"}],"predecessor-version":[{"id":2308,"href":"https:\/\/exceladvisor.org\/tr\/wp-json\/wp\/v2\/pages\/1670\/revisions\/2308"}],"wp:attachment":[{"href":"https:\/\/exceladvisor.org\/tr\/wp-json\/wp\/v2\/media?parent=1670"}],"curies":[{"name":"wp","href":"https:\/\/api.w.org\/{rel}","templated":true}]}}