{"id":1671,"date":"2023-11-12T13:33:22","date_gmt":"2023-11-12T13:33:22","guid":{"rendered":"https:\/\/exceladvisor.org\/tr\/ay-is-gunu\/"},"modified":"2023-12-10T05:58:48","modified_gmt":"2023-12-10T05:58:48","slug":"ay-is-gunu","status":"publish","type":"page","link":"https:\/\/exceladvisor.org\/tr\/ay-is-gunu\/","title":{"rendered":"Bir aydaki i\u015f g\u00fcnleri nas\u0131l \u00e7\u0131kar\u0131l\u0131r?"},"content":{"rendered":"<div class=\"excel-icerikten-once\" id=\"excel-3426173944\"><script type=\"text\/javascript\">\r\n\tatOptions = {\r\n\t\t'key' : 'c1158f160081d6540a8409e6925dab94',\r\n\t\t'format' : 'iframe',\r\n\t\t'height' : 250,\r\n\t\t'width' : 300,\r\n\t\t'params' : {}\r\n\t};\r\n<\/script>\r\n<script type=\"text\/javascript\" src=\"\/\/www.highperformanceformat.com\/c1158f160081d6540a8409e6925dab94\/invoke.js\"><\/script><\/div> <p>Bir form\u00fcl kullanarak Excel&#8217;de toplam i\u015f g\u00fcn\u00fc say\u0131s\u0131n\u0131 (i\u015f g\u00fcn\u00fc) almak i\u00e7in iki i\u015flevi (EOMONTH ve TAMWORKDAYS) birle\u015ftirmeniz gerekir. Bu form\u00fclde EOMONTH, <a href=\"https:\/\/exceladvisor.org\/tr\/ayin-sonu\/\">ay\u0131n son tarihini<\/a> alman\u0131za yard\u0131mc\u0131 olur ve bu son tarihi ve belirtti\u011finiz ilk tarihi kullanarak NETWORKDAYS, bir aydaki toplam i\u015f g\u00fcn\u00fc say\u0131s\u0131n\u0131 d\u00f6nd\u00fcr\u00fcr. <\/p><div class=\"wp-block-image\"><figure class=\"aligncenter size-full is-resized\"><img loading=\"lazy\" decoding=\"async\" class=\"wp-image-79816\" src=\"https:\/\/exceladvisor.org\/wp-content\/uploads\/2023\/08\/1-jours-ouvres-par-mois.png\" sizes=\"auto, \" srcset=\"\" alt=\"ay\u0131n-i\u015fg\u00fcnleri\" width=\"592\" height=\"471\"><\/figure><\/div><p> Bu dersimizde bu form\u00fcl\u00fcn nas\u0131l yaz\u0131laca\u011f\u0131n\u0131 \u00f6\u011frenece\u011fiz. Ayr\u0131ca toplam g\u00fcn say\u0131s\u0131n\u0131 hesaplarken belirtmeniz gereken resmi tatil g\u00fcnlerini de dikkate alaca\u011f\u0131z.<\/p><h2 class=\"wp-block-heading\"> Bir aydaki toplam i\u015f g\u00fcn\u00fc say\u0131s\u0131n\u0131 bulmak i\u00e7in Excel form\u00fcl\u00fc<\/h2><p> A\u015fa\u011f\u0131daki ad\u0131mlar\u0131 kullanabilirsiniz:<\/p><ol type=\"1\"><li> \u0130lk olarak, bir h\u00fccreye \u0130\u015e G\u00dcNLER\u0130 SAYISI i\u015flevini girin.<\/li><li> Bundan sonra, ilk arg\u00fcmanda (ba\u015flang\u0131\u00e7_tarihi), ay\u0131n ba\u015flang\u0131\u00e7 tarihinin bulundu\u011fu h\u00fccreye bak\u0131n.<\/li><li> Daha sonra ikinci arg\u00fcmana (biti\u015f_tarihi) EOMONTH fonksiyonunu girin.<\/li><li> Buradan, EOMONTH&#8217;da, NETWORKDAYS&#8217;in ba\u015flang\u0131\u00e7_tarihi ba\u011f\u0131ms\u0131z de\u011fi\u015fkeninde referansta bulundu\u011funuz ay\u0131n ba\u015flang\u0131\u00e7 tarihini belirtin.<\/li><li> \u015eimdi EOMONTH&#8217;un (ay) arg\u00fcman\u0131na s\u0131f\u0131r (0) girin ve i\u015flevi kapatmak i\u00e7in kapatma parantezlerini yaz\u0131n.<\/li><li> Sonunda, TAM\u0130\u015eG\u00dcNLER\u0130&#8217;nin [tatiller] ba\u011f\u0131ms\u0131z de\u011fi\u015fkenindeki tatiller listesine bak\u0131n (ge\u00e7erli tarihlerin bir listesi olmal\u0131d\u0131r), kapan\u0131\u015f parantezlerini yaz\u0131n ve sonucu almak i\u00e7in Enter tu\u015funa bas\u0131n. <\/li><\/ol><div class=\"wp-block-image\"><figure class=\"aligncenter size-full is-resized\"><img loading=\"lazy\" decoding=\"async\" class=\"wp-image-79817\" src=\"https:\/\/exceladvisor.org\/wp-content\/uploads\/2023\/08\/Fonction-2-jours-de-reseau.png\" sizes=\"auto, \" srcset=\"\" alt=\"a\u011f g\u00fcnleri i\u015flevi\" width=\"580\" height=\"357\"><\/figure><\/div><pre class=\"wp-block-code\"> <code class=\"language-excel-formula line-numbers\" lang=\"excel-formula\">=NETWORKDAYS(A1,EOMONTH(A1,0),A4:A14) =NETWORKDAYS(start_date,EOMONTH(start_date,0),list_of_holidays)<\/code><\/pre><h2 class=\"wp-block-heading\"> Bu form\u00fcl nas\u0131l \u00e7al\u0131\u015f\u0131yor?<\/h2><p> Daha \u00f6nce de belirtti\u011fim gibi EOMONTH fonksiyonu ay\u0131n son tarihini d\u00f6nd\u00fcr\u00fcr. Fonksiyonda bir tarih belirtti\u011finizde o ay\u0131n son tarihini d\u00f6nd\u00fcr\u00fcr. <\/p><div class=\"wp-block-image\"><figure class=\"aligncenter size-full is-resized\"><img loading=\"lazy\" decoding=\"async\" class=\"wp-image-79818\" src=\"https:\/\/exceladvisor.org\/wp-content\/uploads\/2023\/08\/Fonction-3-mois.png\" sizes=\"auto, \" srcset=\"\" alt=\"eomonth i\u015flevi\" width=\"546\" height=\"213\"><\/figure><\/div><p> COUNT.WORKDAYS, bu iki tarih aras\u0131ndaki toplam g\u00fcn say\u0131s\u0131n\u0131 almak i\u00e7in bu tarihi biti\u015f tarihi olarak kullan\u0131r. <\/p><div class=\"wp-block-image\"><figure class=\"aligncenter size-full is-resized\"><img loading=\"lazy\" decoding=\"async\" class=\"wp-image-79819\" src=\"https:\/\/exceladvisor.org\/wp-content\/uploads\/2023\/08\/4-fonction-reseau-pour-obtenir-des-jours.png\" sizes=\"auto, \" srcset=\"\" alt=\"a\u011f i\u015flevi-al\u0131nacak-g\u00fcnler\" width=\"558\" height=\"279\"><\/figure><\/div><p> Ve sonunda, resmi tatil olan tarihlerin bir listesini belirtti\u011finizde. COUNT.WORKDAYS, toplam g\u00fcn say\u0131s\u0131n\u0131 hesaplarken bunu da dikkate al\u0131r.<\/p><p> Yukar\u0131daki \u00f6rnekte Ocak 2023&#8217;\u00fcn ilk g\u00fcn\u00fcn\u00fc kulland\u0131k. Ocak ay\u0131nda toplamda 31 g\u00fcn\u00fcm\u00fcz var. Manuel olarak kontrol etti\u011finizde ayda 10 hafta sonunuz ve tatiliniz var. Bu da bir i\u015fletme i\u00e7in 21 i\u015f g\u00fcn\u00fc anlam\u0131na geliyor. <\/p><div class=\"wp-block-image\"><figure class=\"aligncenter size-full is-resized\"><img loading=\"lazy\" decoding=\"async\" class=\"wp-image-79820\" src=\"https:\/\/exceladvisor.org\/wp-content\/uploads\/2023\/08\/5-exemples-pour-obtenir-des-jours-ouvres.png\" sizes=\"auto, \" srcset=\"\" alt=\"\u00f6rnek-al\u0131nacak-i\u015fg\u00fcnleri\" width=\"616\" height=\"394\"><\/figure><\/div><p> Ve sonu\u00e7ta elde etti\u011fimiz tam i\u015f g\u00fcn\u00fc say\u0131s\u0131 budur. <\/p><div class=\"gb-container gb-container-52dfcee1 gb-container-sample-file\"><h2 class=\"gb-headline gb-headline-e289c143 gb-headline-text gb-headline-4f7959c2\"> Excel dosyas\u0131n\u0131 al\u0131n<\/h2><p> <a class=\"gb-button gb-button-e88d6bee gb-button-text gb-button-button1\" href=\"https:\/\/exceladvisor.org\/wp-content\/uploads\/2023\/08\/jours-ouvrables.xlsx\" rel=\"nofollow\">\u0130ndirmek<\/a><\/p><\/div><div class=\"gb-container gb-container-0df56012 gb-container-mt\"> <a class=\"gb-button gb-button-f9f432f4 gb-button-text gb-button-mt-button\" href=\"https:\/\/exceladvisor.org\/tr\/formuller\/\">Excel form\u00fcllerinin listesi<\/a><h2 class=\"gb-headline gb-headline-233444e8 gb-headline-text gb-headline-mt-heading\"> \u0130lgili form\u00fcller <\/h2><div class=\"gb-grid-wrapper gb-grid-wrapper-a16fa65c gb-grid-wrapper-mt-grid\"><div class=\"gb-grid-column gb-grid-column-50d07e0d\"><div class=\"gb-container gb-container-50d07e0d\"><ul><li> <a href=\"https:\/\/exceladvisor.org\/tr\/haftanin-tarihini-ekle\/\">Excel&#8217;deki bir tarihten hafta ekleme-\u00e7\u0131karma<\/a><\/li><li> <a href=\"https:\/\/exceladvisor.org\/tr\/gunun-adini-ogren\/\">Excel&#8217;deki bir tarihten g\u00fcn\u00fcn ad\u0131n\u0131 al\u0131n<\/a><\/li><li> <a href=\"https:\/\/exceladvisor.org\/tr\/ayin-gunleri\/\">Excel&#8217;de aylar\u0131n toplam g\u00fcn say\u0131s\u0131n\u0131 al\u0131n<\/a><\/li><li> <a href=\"https:\/\/exceladvisor.org\/tr\/metin-tarihi-2\/\">Tarihi metne d\u00f6n\u00fc\u015ft\u00fcr<\/a> <\/li><\/ul><\/div><\/div><div class=\"gb-grid-column gb-grid-column-5b4a0cf9\"><div class=\"gb-container gb-container-5b4a0cf9\"><ul><li> <a href=\"https:\/\/exceladvisor.org\/tr\/geri-sayim-gunleri\/\">Geri say\u0131m g\u00fcnleri<\/a><\/li><li> <a href=\"https:\/\/exceladvisor.org\/tr\/iki-tarih-arasindaki-gun-sayisi\/\">\u0130ki tarih aras\u0131ndaki g\u00fcnleri say\u0131n<\/a><\/li><li> <a href=\"https:\/\/exceladvisor.org\/tr\/julyen-randevusu-2\/\">J\u00fclyen tarihine d\u00f6n\u00fc\u015ft\u00fcr<\/a><\/li><li> <a href=\"https:\/\/exceladvisor.org\/tr\/onceki-pazar-2\/\">\u00d6nceki Pazar g\u00fcn\u00fcn\u00fc al<\/a><\/li><\/ul><\/div><\/div><\/div><\/div>","protected":false},"excerpt":{"rendered":"","protected":false},"author":1,"featured_media":0,"parent":0,"menu_order":0,"comment_status":"open","ping_status":"closed","template":"","meta":{"ub_ctt_via":"","footnotes":""},"class_list":["post-1671","page","type-page","status-publish","hentry"],"featured_image_src":null,"yoast_head":"<!-- This site is optimized with the Yoast SEO plugin v25.4 - https:\/\/yoast.com\/wordpress\/plugins\/seo\/ -->\n<title>Bir aydaki i\u015f g\u00fcnleri nas\u0131l \u00e7\u0131kar\u0131l\u0131r? - Excel Dan\u0131\u015fman\u0131<\/title>\n<meta name=\"description\" content=\"Bu e\u011fitim size bir aydaki i\u015f g\u00fcn\u00fc say\u0131s\u0131n\u0131 bulmak i\u00e7in bir Excel form\u00fcl\u00fcn\u00fcn nas\u0131l yaz\u0131laca\u011f\u0131n\u0131 \u00f6\u011fretecektir. Bunu kontrol edelim\u2026\" \/>\n<meta name=\"robots\" content=\"index, follow, max-snippet:-1, max-image-preview:large, max-video-preview:-1\" \/>\n<link rel=\"canonical\" href=\"https:\/\/exceladvisor.org\/tr\/ay-is-gunu\/\" \/>\n<meta property=\"og:locale\" content=\"tr_TR\" \/>\n<meta property=\"og:type\" content=\"article\" \/>\n<meta property=\"og:title\" content=\"Bir aydaki i\u015f g\u00fcnleri nas\u0131l \u00e7\u0131kar\u0131l\u0131r? - Excel Dan\u0131\u015fman\u0131\" \/>\n<meta property=\"og:description\" content=\"Bu e\u011fitim size bir aydaki i\u015f g\u00fcn\u00fc say\u0131s\u0131n\u0131 bulmak i\u00e7in bir Excel form\u00fcl\u00fcn\u00fcn nas\u0131l yaz\u0131laca\u011f\u0131n\u0131 \u00f6\u011fretecektir. Bunu kontrol edelim\u2026\" \/>\n<meta property=\"og:url\" content=\"https:\/\/exceladvisor.org\/tr\/ay-is-gunu\/\" \/>\n<meta property=\"og:site_name\" content=\"Excel Advisor\" \/>\n<meta property=\"article:modified_time\" content=\"2023-12-10T05:58:48+00:00\" \/>\n<meta property=\"og:image\" content=\"https:\/\/exceladvisor.org\/wp-content\/uploads\/2023\/08\/1-jours-ouvres-par-mois.png\" \/>\n<meta name=\"twitter:card\" content=\"summary_large_image\" \/>\n<meta name=\"twitter:label1\" content=\"Tahmini okuma s\u00fcresi\" \/>\n\t<meta name=\"twitter:data1\" content=\"2 dakika\" \/>\n<script type=\"application\/ld+json\" class=\"yoast-schema-graph\">{\"@context\":\"https:\/\/schema.org\",\"@graph\":[{\"@type\":\"WebPage\",\"@id\":\"https:\/\/exceladvisor.org\/tr\/ay-is-gunu\/\",\"url\":\"https:\/\/exceladvisor.org\/tr\/ay-is-gunu\/\",\"name\":\"Bir aydaki i\u015f g\u00fcnleri nas\u0131l \u00e7\u0131kar\u0131l\u0131r? - Excel Dan\u0131\u015fman\u0131\",\"isPartOf\":{\"@id\":\"https:\/\/exceladvisor.org\/tr\/#website\"},\"primaryImageOfPage\":{\"@id\":\"https:\/\/exceladvisor.org\/tr\/ay-is-gunu\/#primaryimage\"},\"image\":{\"@id\":\"https:\/\/exceladvisor.org\/tr\/ay-is-gunu\/#primaryimage\"},\"thumbnailUrl\":\"https:\/\/exceladvisor.org\/wp-content\/uploads\/2023\/08\/1-jours-ouvres-par-mois.png\",\"datePublished\":\"2023-11-12T13:33:22+00:00\",\"dateModified\":\"2023-12-10T05:58:48+00:00\",\"description\":\"Bu e\u011fitim size bir aydaki i\u015f g\u00fcn\u00fc say\u0131s\u0131n\u0131 bulmak i\u00e7in bir Excel form\u00fcl\u00fcn\u00fcn nas\u0131l yaz\u0131laca\u011f\u0131n\u0131 \u00f6\u011fretecektir. Bunu kontrol edelim\u2026\",\"breadcrumb\":{\"@id\":\"https:\/\/exceladvisor.org\/tr\/ay-is-gunu\/#breadcrumb\"},\"inLanguage\":\"tr\",\"potentialAction\":[{\"@type\":\"ReadAction\",\"target\":[\"https:\/\/exceladvisor.org\/tr\/ay-is-gunu\/\"]}]},{\"@type\":\"ImageObject\",\"inLanguage\":\"tr\",\"@id\":\"https:\/\/exceladvisor.org\/tr\/ay-is-gunu\/#primaryimage\",\"url\":\"https:\/\/exceladvisor.org\/wp-content\/uploads\/2023\/08\/1-jours-ouvres-par-mois.png\",\"contentUrl\":\"https:\/\/exceladvisor.org\/wp-content\/uploads\/2023\/08\/1-jours-ouvres-par-mois.png\"},{\"@type\":\"BreadcrumbList\",\"@id\":\"https:\/\/exceladvisor.org\/tr\/ay-is-gunu\/#breadcrumb\",\"itemListElement\":[{\"@type\":\"ListItem\",\"position\":1,\"name\":\"Ev\",\"item\":\"https:\/\/exceladvisor.org\/tr\/\"},{\"@type\":\"ListItem\",\"position\":2,\"name\":\"Bir aydaki i\u015f g\u00fcnleri nas\u0131l \u00e7\u0131kar\u0131l\u0131r?\"}]},{\"@type\":\"WebSite\",\"@id\":\"https:\/\/exceladvisor.org\/tr\/#website\",\"url\":\"https:\/\/exceladvisor.org\/tr\/\",\"name\":\"Excel Advisor\",\"description\":\"Veri hakimiyetine y\u00f6nelik nihai rehberiniz!\",\"publisher\":{\"@id\":\"https:\/\/exceladvisor.org\/tr\/#organization\"},\"potentialAction\":[{\"@type\":\"SearchAction\",\"target\":{\"@type\":\"EntryPoint\",\"urlTemplate\":\"https:\/\/exceladvisor.org\/tr\/?s={search_term_string}\"},\"query-input\":{\"@type\":\"PropertyValueSpecification\",\"valueRequired\":true,\"valueName\":\"search_term_string\"}}],\"inLanguage\":\"tr\"},{\"@type\":\"Organization\",\"@id\":\"https:\/\/exceladvisor.org\/tr\/#organization\",\"name\":\"Excel Advisor\",\"url\":\"https:\/\/exceladvisor.org\/tr\/\",\"logo\":{\"@type\":\"ImageObject\",\"inLanguage\":\"tr\",\"@id\":\"https:\/\/exceladvisor.org\/tr\/#\/schema\/logo\/image\/\",\"url\":\"https:\/\/exceladvisor.org\/tr\/wp-content\/uploads\/2023\/12\/exceladvisor.org_.png\",\"contentUrl\":\"https:\/\/exceladvisor.org\/tr\/wp-content\/uploads\/2023\/12\/exceladvisor.org_.png\",\"width\":105,\"height\":36,\"caption\":\"Excel Advisor\"},\"image\":{\"@id\":\"https:\/\/exceladvisor.org\/tr\/#\/schema\/logo\/image\/\"}}]}<\/script>\n<!-- \/ Yoast SEO plugin. -->","yoast_head_json":{"title":"Bir aydaki i\u015f g\u00fcnleri nas\u0131l \u00e7\u0131kar\u0131l\u0131r? - Excel Dan\u0131\u015fman\u0131","description":"Bu e\u011fitim size bir aydaki i\u015f g\u00fcn\u00fc say\u0131s\u0131n\u0131 bulmak i\u00e7in bir Excel form\u00fcl\u00fcn\u00fcn nas\u0131l yaz\u0131laca\u011f\u0131n\u0131 \u00f6\u011fretecektir. Bunu kontrol edelim\u2026","robots":{"index":"index","follow":"follow","max-snippet":"max-snippet:-1","max-image-preview":"max-image-preview:large","max-video-preview":"max-video-preview:-1"},"canonical":"https:\/\/exceladvisor.org\/tr\/ay-is-gunu\/","og_locale":"tr_TR","og_type":"article","og_title":"Bir aydaki i\u015f g\u00fcnleri nas\u0131l \u00e7\u0131kar\u0131l\u0131r? - Excel Dan\u0131\u015fman\u0131","og_description":"Bu e\u011fitim size bir aydaki i\u015f g\u00fcn\u00fc say\u0131s\u0131n\u0131 bulmak i\u00e7in bir Excel form\u00fcl\u00fcn\u00fcn nas\u0131l yaz\u0131laca\u011f\u0131n\u0131 \u00f6\u011fretecektir. Bunu kontrol edelim\u2026","og_url":"https:\/\/exceladvisor.org\/tr\/ay-is-gunu\/","og_site_name":"Excel Advisor","article_modified_time":"2023-12-10T05:58:48+00:00","og_image":[{"url":"https:\/\/exceladvisor.org\/wp-content\/uploads\/2023\/08\/1-jours-ouvres-par-mois.png","type":"","width":"","height":""}],"twitter_card":"summary_large_image","twitter_misc":{"Tahmini okuma s\u00fcresi":"2 dakika"},"schema":{"@context":"https:\/\/schema.org","@graph":[{"@type":"WebPage","@id":"https:\/\/exceladvisor.org\/tr\/ay-is-gunu\/","url":"https:\/\/exceladvisor.org\/tr\/ay-is-gunu\/","name":"Bir aydaki i\u015f g\u00fcnleri nas\u0131l \u00e7\u0131kar\u0131l\u0131r? - Excel Dan\u0131\u015fman\u0131","isPartOf":{"@id":"https:\/\/exceladvisor.org\/tr\/#website"},"primaryImageOfPage":{"@id":"https:\/\/exceladvisor.org\/tr\/ay-is-gunu\/#primaryimage"},"image":{"@id":"https:\/\/exceladvisor.org\/tr\/ay-is-gunu\/#primaryimage"},"thumbnailUrl":"https:\/\/exceladvisor.org\/wp-content\/uploads\/2023\/08\/1-jours-ouvres-par-mois.png","datePublished":"2023-11-12T13:33:22+00:00","dateModified":"2023-12-10T05:58:48+00:00","description":"Bu e\u011fitim size bir aydaki i\u015f g\u00fcn\u00fc say\u0131s\u0131n\u0131 bulmak i\u00e7in bir Excel form\u00fcl\u00fcn\u00fcn nas\u0131l yaz\u0131laca\u011f\u0131n\u0131 \u00f6\u011fretecektir. Bunu kontrol edelim\u2026","breadcrumb":{"@id":"https:\/\/exceladvisor.org\/tr\/ay-is-gunu\/#breadcrumb"},"inLanguage":"tr","potentialAction":[{"@type":"ReadAction","target":["https:\/\/exceladvisor.org\/tr\/ay-is-gunu\/"]}]},{"@type":"ImageObject","inLanguage":"tr","@id":"https:\/\/exceladvisor.org\/tr\/ay-is-gunu\/#primaryimage","url":"https:\/\/exceladvisor.org\/wp-content\/uploads\/2023\/08\/1-jours-ouvres-par-mois.png","contentUrl":"https:\/\/exceladvisor.org\/wp-content\/uploads\/2023\/08\/1-jours-ouvres-par-mois.png"},{"@type":"BreadcrumbList","@id":"https:\/\/exceladvisor.org\/tr\/ay-is-gunu\/#breadcrumb","itemListElement":[{"@type":"ListItem","position":1,"name":"Ev","item":"https:\/\/exceladvisor.org\/tr\/"},{"@type":"ListItem","position":2,"name":"Bir aydaki i\u015f g\u00fcnleri nas\u0131l \u00e7\u0131kar\u0131l\u0131r?"}]},{"@type":"WebSite","@id":"https:\/\/exceladvisor.org\/tr\/#website","url":"https:\/\/exceladvisor.org\/tr\/","name":"Excel Advisor","description":"Veri hakimiyetine y\u00f6nelik nihai rehberiniz!","publisher":{"@id":"https:\/\/exceladvisor.org\/tr\/#organization"},"potentialAction":[{"@type":"SearchAction","target":{"@type":"EntryPoint","urlTemplate":"https:\/\/exceladvisor.org\/tr\/?s={search_term_string}"},"query-input":{"@type":"PropertyValueSpecification","valueRequired":true,"valueName":"search_term_string"}}],"inLanguage":"tr"},{"@type":"Organization","@id":"https:\/\/exceladvisor.org\/tr\/#organization","name":"Excel Advisor","url":"https:\/\/exceladvisor.org\/tr\/","logo":{"@type":"ImageObject","inLanguage":"tr","@id":"https:\/\/exceladvisor.org\/tr\/#\/schema\/logo\/image\/","url":"https:\/\/exceladvisor.org\/tr\/wp-content\/uploads\/2023\/12\/exceladvisor.org_.png","contentUrl":"https:\/\/exceladvisor.org\/tr\/wp-content\/uploads\/2023\/12\/exceladvisor.org_.png","width":105,"height":36,"caption":"Excel Advisor"},"image":{"@id":"https:\/\/exceladvisor.org\/tr\/#\/schema\/logo\/image\/"}}]}},"yoast_meta":{"yoast_wpseo_title":"","yoast_wpseo_metadesc":"","yoast_wpseo_canonical":""},"_links":{"self":[{"href":"https:\/\/exceladvisor.org\/tr\/wp-json\/wp\/v2\/pages\/1671","targetHints":{"allow":["GET"]}}],"collection":[{"href":"https:\/\/exceladvisor.org\/tr\/wp-json\/wp\/v2\/pages"}],"about":[{"href":"https:\/\/exceladvisor.org\/tr\/wp-json\/wp\/v2\/types\/page"}],"author":[{"embeddable":true,"href":"https:\/\/exceladvisor.org\/tr\/wp-json\/wp\/v2\/users\/1"}],"replies":[{"embeddable":true,"href":"https:\/\/exceladvisor.org\/tr\/wp-json\/wp\/v2\/comments?post=1671"}],"version-history":[{"count":1,"href":"https:\/\/exceladvisor.org\/tr\/wp-json\/wp\/v2\/pages\/1671\/revisions"}],"predecessor-version":[{"id":2271,"href":"https:\/\/exceladvisor.org\/tr\/wp-json\/wp\/v2\/pages\/1671\/revisions\/2271"}],"wp:attachment":[{"href":"https:\/\/exceladvisor.org\/tr\/wp-json\/wp\/v2\/media?parent=1671"}],"curies":[{"name":"wp","href":"https:\/\/api.w.org\/{rel}","templated":true}]}}