{"id":1674,"date":"2023-11-11T18:01:38","date_gmt":"2023-11-11T18:01:38","guid":{"rendered":"https:\/\/exceladvisor.org\/tr\/dikey-bir-cizgi-ekle\/"},"modified":"2023-12-10T06:03:59","modified_gmt":"2023-12-10T06:03:59","slug":"dikey-bir-cizgi-ekle","status":"publish","type":"page","link":"https:\/\/exceladvisor.org\/tr\/dikey-bir-cizgi-ekle\/","title":{"rendered":"Grafi\u011fe dikey \u00e7izgi nas\u0131l eklenir?"},"content":{"rendered":"<div class=\"excel-icerikten-once\" id=\"excel-4148486168\"><script type=\"text\/javascript\">\r\n\tatOptions = {\r\n\t\t'key' : 'c1158f160081d6540a8409e6925dab94',\r\n\t\t'format' : 'iframe',\r\n\t\t'height' : 250,\r\n\t\t'width' : 300,\r\n\t\t'params' : {}\r\n\t};\r\n<\/script>\r\n<script type=\"text\/javascript\" src=\"\/\/www.highperformanceformat.com\/c1158f160081d6540a8409e6925dab94\/invoke.js\"><\/script><\/div> <p>Bazen verileri Excel grafi\u011fiyle sunarken kullan\u0131c\u0131n\u0131n dikkatini \u00e7ekmek i\u00e7in belirli bir noktay\u0131 vurgulamam\u0131z gerekir. Bunu yapman\u0131n en iyi yolu ise grafi\u011fe dikey bir \u00e7izgi eklemektir.<\/p><p> Evet do\u011fru duydunuz. Grafikteki belirli bir noktay\u0131 dikey bir \u00e7izgiyle vurgulayabilirsiniz. 12 ayl\u0131k verileri i\u00e7eren a\u015fa\u011f\u0131daki tabloya bak\u0131n. <\/p><div class=\"wp-block-image\"><figure class=\"aligncenter\"><img decoding=\"async\" src=\"https:\/\/exceladvisor.org\/wp-content\/uploads\/2023\/08\/comment-ajouter-une-ligne-verticale-dans-un-graphique-dans-excel.png\" sizes=\"\" srcset=\"\" alt=\"excel'de bir grafi\u011fe dikey \u00e7izgi nas\u0131l eklenir\"><\/figure><\/div><p> Art\u0131k bir grafi\u011fe dikey \u00e7izgi eklemenin faydas\u0131n\u0131 biliyorsunuz. Ama ger\u00e7ek \u015fu ki, en iyi y\u00f6ntem nedir? Peki, t\u00fcm y\u00f6ntemler aras\u0131nda (burada bahsetti\u011fim) bu y\u00f6ntemi basit ve kolay buldum.<\/p><p> Daha fazla uzatmadan ad\u0131mlar\u0131 burada bulabilirsiniz ve takip etmek i\u00e7in <a style=\"outline: none;\" href=\"https:\/\/exceladvisor.org\/wp-content\/uploads\/2023\/11\/ajouter-une-ligne-verticale-dans-le-tableau-de-donnees-du-graphique-Excel.xlsx\" rel=\"nofollow\">l\u00fctfen bu \u00f6rnek dosyay\u0131 buradan indirin<\/a> .<\/p><h2 class=\"wp-block-heading\"> Grafi\u011fe [statik] dikey \u00e7izgi ekleme ad\u0131mlar\u0131<\/h2><p> Burada ayl\u0131k sat\u0131\u015f miktar\u0131n\u0131n yer ald\u0131\u011f\u0131 bir veri tablonuz var ve bir \u00e7izgi grafik olu\u015fturup i\u00e7ine dikey bir \u00e7izgi eklemeniz gerekiyor. L\u00fctfen bu ad\u0131mlar\u0131 izleyin.<\/p><ol><li> Miktar s\u00fctununuzun yan\u0131na yeni bir s\u00fctun girin ve buna \u201cVer Sat\u0131r\u0131\u201d ad\u0131n\u0131 verin.<\/li><li> \u015eimdi \u201cVer Sat\u0131r\u0131\u201d s\u00fctununa Jan i\u00e7in \u201c100\u201d de\u011ferini girin. <br><img decoding=\"async\" title=\"Excel grafi\u011fine-dikey-sat\u0131r-eklemek i\u00e7in bir s\u00fctun ekleyin\" src=\"https:\/\/exceladvisor.org\/wp-content\/uploads\/2023\/08\/inserer-une-colonne-pour-ajouter-une-ligne-verticale-dans-le-graphique-Excel-1.png\" sizes=\"\" srcset=\"\" alt=\"insert column to add a vertical line in excel chart\"><\/li><li> Tablonun tamam\u0131n\u0131 se\u00e7in ve <a href=\"http:\/\/www.excel-easy.com\/examples\/line-chart.html\" target=\"_blank\" rel=\"noopener noreferrer\">i\u015faretleyicilerin bulundu\u011fu bir \u00e7izgi grafi\u011fi<\/a> ekleyin. <br><img decoding=\"async\" title=\"Excel grafi\u011fine dikey \u00e7izgi eklemek i\u00e7in i\u015faretleyicilerin bulundu\u011fu \u00e7izgi grafi\u011fi ekleme\" src=\"https:\/\/exceladvisor.org\/wp-content\/uploads\/2023\/08\/inserer-un-graphique-lineaire-avec-des-marqueurs-pour-ajouter-une-ligne-verticale-dans-le-graphique-Excel-1.png\" sizes=\"\" srcset=\"\" alt=\"insert line chart with markers to add a vertical line in excel chart\"><\/li><li> B\u00f6yle bir tablo elde edeceksiniz. <br><img decoding=\"async\" title=\"Excel grafi\u011fine dikey \u00e7izgi eklemek i\u00e7in varsay\u0131lan \u00e7izgi grafi\u011fi\" src=\"https:\/\/exceladvisor.org\/wp-content\/uploads\/2023\/08\/graphique-lineaire-par-defaut-pour-ajouter-une-ligne-verticale-dans-le-graphique-Excel-1.png\" sizes=\"\" srcset=\"\" alt=\"default line chart to add a vertical line in excel chart\"><\/li><li> \u015eimdi grafi\u011fi se\u00e7in ve Tasar\u0131m sekmesinden \u201cGrafik Tipini De\u011fi\u015ftir\u201d se\u00e7eneklerini a\u00e7\u0131n.<\/li><li> Bundan sonra grafik t\u00fcr\u00fcn\u00fc <a href=\"https:\/\/exceladvisor.org\/tr\/ikincil-eksen\/\" data-wpil=\"url\">\u0130kincil Eksen<\/a> ve grafik t\u00fcr\u00fcn\u00fc \u201cS\u00fctun Grafi\u011fi\u201d olarak de\u011fi\u015ftirin. <br><img decoding=\"async\" title=\"dikey \u00e7izgi excel grafi\u011fi eklemek i\u00e7in ikincil eksene ge\u00e7in\" src=\"https:\/\/exceladvisor.org\/wp-content\/uploads\/2023\/08\/passer-a-laxe-secondaire-pour-ajouter-un-graphique-Excel-a-ligne-verticale-1.png\" sizes=\"\" srcset=\"\" alt=\"change to secondary axis to add a vertical line excel chart\"><\/li><li> \u015eimdi bir sonraki \u015fey s\u00fctun \u00e7ubu\u011funuz i\u00e7in eksen de\u011ferlerini ayarlamakt\u0131r.<\/li><li> Bi\u00e7imlendirme se\u00e7eneklerini a\u00e7mak i\u00e7in ikincil ekseninize \u00e7ift t\u0131klay\u0131n.<\/li><li> Ver Line s\u00fctununa da ayn\u0131 de\u011feri girdi\u011fimiz i\u00e7in maksimum de\u011feri 100 olarak de\u011fi\u015ftirin. <br><img decoding=\"async\" title=\"Excel'de-dikey-\u00e7izgi grafi\u011fi-eklemek i\u00e7in eksen de\u011ferini de\u011fi\u015ftirin\" src=\"https:\/\/exceladvisor.org\/wp-content\/uploads\/2023\/08\/modifier-la-valeur-de-laxe-pour-ajouter-un-graphique-Excel-a-ligne-verticale-1.png\" sizes=\"\" srcset=\"\" alt=\"change axis value to add a vertical line excel chart\"><\/li><li> Ayn\u0131 eksen se\u00e7eneklerinde, etiket konumuna gidin ve hi\u00e7birini se\u00e7in (bu, ikincil ekseni gizleyecektir, buna ihtiyac\u0131m\u0131z yok). <br><img decoding=\"async\" title=\"dikey \u00e7izgi-excel grafi\u011fi-e1477564590467-eklemek i\u00e7in ikincil ekseni gizle\" src=\"https:\/\/exceladvisor.org\/wp-content\/uploads\/2023\/08\/masquer-laxe-secondaire-pour-ajouter-une-ligne-verticale-graphique-excel-e1477564590467.png\" sizes=\"\" srcset=\"\" alt=\"hide secondary axis to add a vertical line excel chart\"><\/li><li> Son olarak s\u00fctun \u00e7ubu\u011fumuzu s\u0131ra gibi g\u00f6r\u00fcnmesi i\u00e7in biraz ince yapmam\u0131z gerekiyor.<\/li><li> Veri \u00e7ubu\u011funa t\u0131klay\u0131n, seri se\u00e7ene\u011fine gidin ve &#8220;bo\u015fluk geni\u015fli\u011finizi&#8221; %500&#8217;e \u00e7\u0131kar\u0131n. <br><img decoding=\"async\" title=\"dikey \u00e7izgi-excel grafi\u011fini eklemek i\u00e7in bo\u015fluk geni\u015fli\u011fini de\u011fi\u015ftirin\" src=\"https:\/\/exceladvisor.org\/wp-content\/uploads\/2023\/08\/modifier-la-largeur-de-lespace-pour-ajouter-un-graphique-Excel-a-ligne-verticale-1.png\" sizes=\"\" srcset=\"\" alt=\"change gap width to add a vertical line excel chart\"><\/li><\/ol><p> <strong>Tebrikler!<\/strong> Grafi\u011finize ba\u015far\u0131yla dikey bir \u00e7izgi eklediniz. Konuyla ilgili daha fazla bilgi edinmek i\u00e7in <a href=\"https:\/\/exceladvisor.org\/wp-content\/uploads\/2023\/11\/ligne-verticale-statique-dans-un-graphique.xlsx\" rel=\"nofollow\">bu \u00f6rnek dosyay\u0131 buradan indirebilirsiniz<\/a> . <\/p><div class=\"wp-block-image\"><figure class=\"aligncenter\"><img decoding=\"async\" src=\"https:\/\/exceladvisor.org\/wp-content\/uploads\/2023\/08\/comment-ajouter-une-ligne-verticale-dans-un-graphique-dans-excel.png\" sizes=\"\" srcset=\"\" alt=\"excel'de bir grafi\u011fe dikey \u00e7izgi nas\u0131l eklenir\"><\/figure><\/div><p class=\"qt-tip\"> <strong>H\u0131zl\u0131 \u0130pucu:<\/strong> Dikey \u00e7izgi eklemek istedi\u011finiz h\u00fccreye 100 girmeniz yeterlidir. May\u0131s yerine \u015eubat ay\u0131nda dikey \u00e7izgi eklemek istiyorsan\u0131z \u015eubat ay\u0131ndaki de\u011feri girmeniz yeterlidir.<\/p><h2 class=\"wp-block-heading\"> Grafi\u011fe [dinamik] dikey \u00e7izgi ekleme ad\u0131mlar\u0131<\/h2><p> Art\u0131k grafi\u011finizi y\u00fckseltmenin ve dinamik bir dikey ad olu\u015fturman\u0131n zaman\u0131 geldi. Bunun i\u00e7in l\u00fctfen bu basit ad\u0131mlar\u0131 izleyin.<\/p><ol><li> \u0130lk \u00f6nce bir kayd\u0131rma \u00e7ubu\u011fu eklemeniz gerekir. Geli\u015ftirici sekmesine gidin \u279c Ekle \u279c Kayd\u0131rma \u00e7ubu\u011fu. <br><img decoding=\"async\" title=\"excel grafi\u011fine dikey \u00e7izgi eklemek i\u00e7in kayd\u0131rma \u00e7ubu\u011fu ekleme\" src=\"https:\/\/exceladvisor.org\/wp-content\/uploads\/2023\/08\/ajouter-une-barre-de-defilement-pour-ajouter-un-graphique-Excel-a-ligne-verticale-1.png\" sizes=\"\" srcset=\"\" alt=\"add scrollbar to add a vertical line excel chart\"><\/li><li> Kayd\u0131rma \u00e7ubu\u011funuza sa\u011f t\u0131klay\u0131n ve format kontrol\u00fcn\u00fc se\u00e7in.<\/li><li> Kayd\u0131rma \u00e7ubu\u011funuzu C10 h\u00fccresine ba\u011flay\u0131n ve maksimum de\u011fer i\u00e7in 12 de\u011ferini girin. <br><img decoding=\"async\" title=\"dikey-\u00e7izgi-excel-grafi\u011fini-eklemek i\u00e7in-format-kontrol-kayd\u0131rma \u00e7ubu\u011fu\" src=\"https:\/\/exceladvisor.org\/wp-content\/uploads\/2023\/08\/barre-de-defilement-de-controle-du-format-pour-ajouter-un-graphique-excel-a-ligne-verticale-1.png\" sizes=\"\" srcset=\"\" alt=\"format control scrollbar to add a vertical line excel chart\"><\/li><li> Sonunda Tamam&#8217;\u0131 t\u0131klay\u0131n.<\/li><li> Bundan sonra, veri tablonuza gidin ve bu form\u00fcl\u00fc [=IF(MATCH($A2,$A$2:$A$13,0)=$D$1,100,\u201d\u201d)] C2 h\u00fccresine ( <a href=\"https:\/\/exceladvisor.org\/tr\/excel-formul-cubugu\/\">Form\u00fcl \u00c7ubu\u011fu<\/a> ) ekleyin ve yukar\u0131 s\u00fcr\u00fckleyin tablodaki son h\u00fccreye. <img decoding=\"async\" title=\"dikey-\u00e7izgi-excel-grafi\u011fini-eklemek i\u00e7in-form\u00fcl\u00fc girin\" src=\"https:\/\/exceladvisor.org\/wp-content\/uploads\/2023\/08\/entrez-la-formule-pour-ajouter-un-graphique-Excel-a-ligne-verticale-1.png\" sizes=\"\" srcset=\"\" alt=\"enter formula to add a vertical line excel chart\"><\/li><li> Art\u0131k grafi\u011finizdeki dikey \u00e7izginizde gezinmek i\u00e7in kayd\u0131rma \u00e7ubu\u011funu kullanabilirsiniz. Konuyla ilgili daha fazla bilgi edinmek i\u00e7in <a href=\"https:\/\/exceladvisor.org\/wp-content\/uploads\/2023\/11\/ajouter-une-ligne-verticale-dans-le-graphique-Excel-dynamique.xlsx\" rel=\"nofollow\">bu \u00f6rnek dosyay\u0131 buradan indirebilirsiniz<\/a> . <br><img decoding=\"async\" title=\"dikey-sat\u0131r-excel-chart.gif-eklemek i\u00e7in-gezinmek i\u00e7in-kayd\u0131rma \u00e7ubu\u011funu kullan\u0131n\" src=\"https:\/\/exceladvisor.org\/wp-content\/uploads\/2023\/08\/utilisez-la-barre-de-defilement-pour-naviguer-pour-ajouter-un-graphique-Excel-a-ligne-verticale-1.gif\" sizes=\"\" srcset=\"\" alt=\"use scrollbar to navigate to add a vertical line excel chart\"><\/li><\/ol><h2 class=\"wp-block-heading\"> \u00c7\u00f6z\u00fcm<\/h2><p> S\u00f6yledi\u011fim gibi, grafi\u011finizde belirli bir veri noktas\u0131n\u0131 vurgulamak istedi\u011finizde grafi\u011fe dikey \u00e7izgi eklemek kullan\u0131\u015fl\u0131d\u0131r. Dikey \u00e7izgi eklemenin ba\u015fka yollar\u0131 da var, ancak bu y\u00f6ntemi h\u0131zl\u0131 ve kolay buldum. Umar\u0131m bu grafik ipucu Excel&#8217;i geli\u015ftirmenize yard\u0131mc\u0131 olur.<\/p><p> <strong>Bunu daha \u00f6nce grafi\u011finizle yapmay\u0131 hi\u00e7 denediniz mi?<\/strong><\/p><p> L\u00fctfen g\u00f6r\u00fc\u015flerinizi yorumlar b\u00f6l\u00fcm\u00fcnde payla\u015f\u0131n, sizden haber almay\u0131 \u00e7ok isterim ve bu ipucunu arkada\u015flar\u0131n\u0131zla payla\u015fmay\u0131 unutmay\u0131n.<\/p><h2 class=\"wp-block-heading\"> Daha Fazla Grafik \u0130pu\u00e7lar\u0131 ve \u00d6\u011freticiler<\/h2><ul><li> <a style=\"outline: none;\" href=\"https:\/\/exceladvisor.org\/tr\/yatay-bir-cizgi-ekle\/\">Excel&#8217;deki bir grafi\u011fe yatay \u00e7izgi nas\u0131l eklenir<\/a><\/li><li> <a style=\"outline: none;\" href=\"https:\/\/exceladvisor.org\/tr\/kursun-tahtasi\/\">Excel&#8217;de Madde \u0130\u015fareti Grafi\u011fi Nas\u0131l Olu\u015fturulur<\/a><\/li><li> <a style=\"outline: none;\" href=\"https:\/\/exceladvisor.org\/tr\/dinamik-grafik-araligi\/\">Excel&#8217;de Dinamik Grafik Aral\u0131\u011f\u0131 Nas\u0131l Olu\u015fturulur<\/a><\/li><li> <a style=\"outline: none;\" href=\"https:\/\/exceladvisor.org\/tr\/dinamik-grafik-basligi\/\">Excel&#8217;de Dinamik Grafik Ba\u015fl\u0131\u011f\u0131 Nas\u0131l Olu\u015fturulur<\/a><\/li><li> <a style=\"outline: none;\" href=\"https:\/\/exceladvisor.org\/tr\/etkilesimli-grafikler\/\">Excel&#8217;de Etkile\u015fimli Grafikler Nas\u0131l Olu\u015fturulur<\/a><\/li><\/ul>","protected":false},"excerpt":{"rendered":"","protected":false},"author":1,"featured_media":0,"parent":0,"menu_order":0,"comment_status":"open","ping_status":"closed","template":"","meta":{"ub_ctt_via":"","footnotes":""},"class_list":["post-1674","page","type-page","status-publish","hentry"],"featured_image_src":null,"yoast_head":"<!-- This site is optimized with the Yoast SEO plugin v25.4 - https:\/\/yoast.com\/wordpress\/plugins\/seo\/ -->\n<title>\u25b7 Excel grafi\u011fine dikey \u00e7izgi nas\u0131l eklenir?<\/title>\n<meta name=\"description\" content=\"Bazen verileri bir Excel grafi\u011fiyle sunarken dikkat \u00e7ekecek belirli bir noktay\u0131 vurgulamam\u0131z gerekir.\" \/>\n<meta name=\"robots\" content=\"index, follow, max-snippet:-1, max-image-preview:large, max-video-preview:-1\" \/>\n<link rel=\"canonical\" href=\"https:\/\/exceladvisor.org\/tr\/dikey-bir-cizgi-ekle\/\" \/>\n<meta property=\"og:locale\" content=\"tr_TR\" \/>\n<meta property=\"og:type\" content=\"article\" \/>\n<meta property=\"og:title\" content=\"\u25b7 Excel grafi\u011fine dikey \u00e7izgi nas\u0131l eklenir?\" \/>\n<meta property=\"og:description\" content=\"Bazen verileri bir Excel grafi\u011fiyle sunarken dikkat \u00e7ekecek belirli bir noktay\u0131 vurgulamam\u0131z gerekir.\" \/>\n<meta property=\"og:url\" content=\"https:\/\/exceladvisor.org\/tr\/dikey-bir-cizgi-ekle\/\" \/>\n<meta property=\"og:site_name\" content=\"Excel Advisor\" \/>\n<meta property=\"article:modified_time\" content=\"2023-12-10T06:03:59+00:00\" \/>\n<meta property=\"og:image\" content=\"https:\/\/exceladvisor.org\/wp-content\/uploads\/2023\/08\/comment-ajouter-une-ligne-verticale-dans-un-graphique-dans-excel.png\" \/>\n<meta name=\"twitter:card\" content=\"summary_large_image\" \/>\n<meta name=\"twitter:label1\" content=\"Tahmini okuma s\u00fcresi\" \/>\n\t<meta name=\"twitter:data1\" content=\"3 dakika\" \/>\n<script type=\"application\/ld+json\" class=\"yoast-schema-graph\">{\"@context\":\"https:\/\/schema.org\",\"@graph\":[{\"@type\":\"WebPage\",\"@id\":\"https:\/\/exceladvisor.org\/tr\/dikey-bir-cizgi-ekle\/\",\"url\":\"https:\/\/exceladvisor.org\/tr\/dikey-bir-cizgi-ekle\/\",\"name\":\"\u25b7 Excel grafi\u011fine dikey \u00e7izgi nas\u0131l eklenir?\",\"isPartOf\":{\"@id\":\"https:\/\/exceladvisor.org\/tr\/#website\"},\"primaryImageOfPage\":{\"@id\":\"https:\/\/exceladvisor.org\/tr\/dikey-bir-cizgi-ekle\/#primaryimage\"},\"image\":{\"@id\":\"https:\/\/exceladvisor.org\/tr\/dikey-bir-cizgi-ekle\/#primaryimage\"},\"thumbnailUrl\":\"https:\/\/exceladvisor.org\/wp-content\/uploads\/2023\/08\/comment-ajouter-une-ligne-verticale-dans-un-graphique-dans-excel.png\",\"datePublished\":\"2023-11-11T18:01:38+00:00\",\"dateModified\":\"2023-12-10T06:03:59+00:00\",\"description\":\"Bazen verileri bir Excel grafi\u011fiyle sunarken dikkat \u00e7ekecek belirli bir noktay\u0131 vurgulamam\u0131z gerekir.\",\"breadcrumb\":{\"@id\":\"https:\/\/exceladvisor.org\/tr\/dikey-bir-cizgi-ekle\/#breadcrumb\"},\"inLanguage\":\"tr\",\"potentialAction\":[{\"@type\":\"ReadAction\",\"target\":[\"https:\/\/exceladvisor.org\/tr\/dikey-bir-cizgi-ekle\/\"]}]},{\"@type\":\"ImageObject\",\"inLanguage\":\"tr\",\"@id\":\"https:\/\/exceladvisor.org\/tr\/dikey-bir-cizgi-ekle\/#primaryimage\",\"url\":\"https:\/\/exceladvisor.org\/wp-content\/uploads\/2023\/08\/comment-ajouter-une-ligne-verticale-dans-un-graphique-dans-excel.png\",\"contentUrl\":\"https:\/\/exceladvisor.org\/wp-content\/uploads\/2023\/08\/comment-ajouter-une-ligne-verticale-dans-un-graphique-dans-excel.png\"},{\"@type\":\"BreadcrumbList\",\"@id\":\"https:\/\/exceladvisor.org\/tr\/dikey-bir-cizgi-ekle\/#breadcrumb\",\"itemListElement\":[{\"@type\":\"ListItem\",\"position\":1,\"name\":\"Ev\",\"item\":\"https:\/\/exceladvisor.org\/tr\/\"},{\"@type\":\"ListItem\",\"position\":2,\"name\":\"Grafi\u011fe dikey \u00e7izgi nas\u0131l eklenir?\"}]},{\"@type\":\"WebSite\",\"@id\":\"https:\/\/exceladvisor.org\/tr\/#website\",\"url\":\"https:\/\/exceladvisor.org\/tr\/\",\"name\":\"Excel Advisor\",\"description\":\"Veri hakimiyetine y\u00f6nelik nihai rehberiniz!\",\"publisher\":{\"@id\":\"https:\/\/exceladvisor.org\/tr\/#organization\"},\"potentialAction\":[{\"@type\":\"SearchAction\",\"target\":{\"@type\":\"EntryPoint\",\"urlTemplate\":\"https:\/\/exceladvisor.org\/tr\/?s={search_term_string}\"},\"query-input\":{\"@type\":\"PropertyValueSpecification\",\"valueRequired\":true,\"valueName\":\"search_term_string\"}}],\"inLanguage\":\"tr\"},{\"@type\":\"Organization\",\"@id\":\"https:\/\/exceladvisor.org\/tr\/#organization\",\"name\":\"Excel Advisor\",\"url\":\"https:\/\/exceladvisor.org\/tr\/\",\"logo\":{\"@type\":\"ImageObject\",\"inLanguage\":\"tr\",\"@id\":\"https:\/\/exceladvisor.org\/tr\/#\/schema\/logo\/image\/\",\"url\":\"https:\/\/exceladvisor.org\/tr\/wp-content\/uploads\/2023\/12\/exceladvisor.org_.png\",\"contentUrl\":\"https:\/\/exceladvisor.org\/tr\/wp-content\/uploads\/2023\/12\/exceladvisor.org_.png\",\"width\":105,\"height\":36,\"caption\":\"Excel Advisor\"},\"image\":{\"@id\":\"https:\/\/exceladvisor.org\/tr\/#\/schema\/logo\/image\/\"}}]}<\/script>\n<!-- \/ Yoast SEO plugin. -->","yoast_head_json":{"title":"\u25b7 Excel grafi\u011fine dikey \u00e7izgi nas\u0131l eklenir?","description":"Bazen verileri bir Excel grafi\u011fiyle sunarken dikkat \u00e7ekecek belirli bir noktay\u0131 vurgulamam\u0131z gerekir.","robots":{"index":"index","follow":"follow","max-snippet":"max-snippet:-1","max-image-preview":"max-image-preview:large","max-video-preview":"max-video-preview:-1"},"canonical":"https:\/\/exceladvisor.org\/tr\/dikey-bir-cizgi-ekle\/","og_locale":"tr_TR","og_type":"article","og_title":"\u25b7 Excel grafi\u011fine dikey \u00e7izgi nas\u0131l eklenir?","og_description":"Bazen verileri bir Excel grafi\u011fiyle sunarken dikkat \u00e7ekecek belirli bir noktay\u0131 vurgulamam\u0131z gerekir.","og_url":"https:\/\/exceladvisor.org\/tr\/dikey-bir-cizgi-ekle\/","og_site_name":"Excel Advisor","article_modified_time":"2023-12-10T06:03:59+00:00","og_image":[{"url":"https:\/\/exceladvisor.org\/wp-content\/uploads\/2023\/08\/comment-ajouter-une-ligne-verticale-dans-un-graphique-dans-excel.png","type":"","width":"","height":""}],"twitter_card":"summary_large_image","twitter_misc":{"Tahmini okuma s\u00fcresi":"3 dakika"},"schema":{"@context":"https:\/\/schema.org","@graph":[{"@type":"WebPage","@id":"https:\/\/exceladvisor.org\/tr\/dikey-bir-cizgi-ekle\/","url":"https:\/\/exceladvisor.org\/tr\/dikey-bir-cizgi-ekle\/","name":"\u25b7 Excel grafi\u011fine dikey \u00e7izgi nas\u0131l eklenir?","isPartOf":{"@id":"https:\/\/exceladvisor.org\/tr\/#website"},"primaryImageOfPage":{"@id":"https:\/\/exceladvisor.org\/tr\/dikey-bir-cizgi-ekle\/#primaryimage"},"image":{"@id":"https:\/\/exceladvisor.org\/tr\/dikey-bir-cizgi-ekle\/#primaryimage"},"thumbnailUrl":"https:\/\/exceladvisor.org\/wp-content\/uploads\/2023\/08\/comment-ajouter-une-ligne-verticale-dans-un-graphique-dans-excel.png","datePublished":"2023-11-11T18:01:38+00:00","dateModified":"2023-12-10T06:03:59+00:00","description":"Bazen verileri bir Excel grafi\u011fiyle sunarken dikkat \u00e7ekecek belirli bir noktay\u0131 vurgulamam\u0131z gerekir.","breadcrumb":{"@id":"https:\/\/exceladvisor.org\/tr\/dikey-bir-cizgi-ekle\/#breadcrumb"},"inLanguage":"tr","potentialAction":[{"@type":"ReadAction","target":["https:\/\/exceladvisor.org\/tr\/dikey-bir-cizgi-ekle\/"]}]},{"@type":"ImageObject","inLanguage":"tr","@id":"https:\/\/exceladvisor.org\/tr\/dikey-bir-cizgi-ekle\/#primaryimage","url":"https:\/\/exceladvisor.org\/wp-content\/uploads\/2023\/08\/comment-ajouter-une-ligne-verticale-dans-un-graphique-dans-excel.png","contentUrl":"https:\/\/exceladvisor.org\/wp-content\/uploads\/2023\/08\/comment-ajouter-une-ligne-verticale-dans-un-graphique-dans-excel.png"},{"@type":"BreadcrumbList","@id":"https:\/\/exceladvisor.org\/tr\/dikey-bir-cizgi-ekle\/#breadcrumb","itemListElement":[{"@type":"ListItem","position":1,"name":"Ev","item":"https:\/\/exceladvisor.org\/tr\/"},{"@type":"ListItem","position":2,"name":"Grafi\u011fe dikey \u00e7izgi nas\u0131l eklenir?"}]},{"@type":"WebSite","@id":"https:\/\/exceladvisor.org\/tr\/#website","url":"https:\/\/exceladvisor.org\/tr\/","name":"Excel Advisor","description":"Veri hakimiyetine y\u00f6nelik nihai rehberiniz!","publisher":{"@id":"https:\/\/exceladvisor.org\/tr\/#organization"},"potentialAction":[{"@type":"SearchAction","target":{"@type":"EntryPoint","urlTemplate":"https:\/\/exceladvisor.org\/tr\/?s={search_term_string}"},"query-input":{"@type":"PropertyValueSpecification","valueRequired":true,"valueName":"search_term_string"}}],"inLanguage":"tr"},{"@type":"Organization","@id":"https:\/\/exceladvisor.org\/tr\/#organization","name":"Excel Advisor","url":"https:\/\/exceladvisor.org\/tr\/","logo":{"@type":"ImageObject","inLanguage":"tr","@id":"https:\/\/exceladvisor.org\/tr\/#\/schema\/logo\/image\/","url":"https:\/\/exceladvisor.org\/tr\/wp-content\/uploads\/2023\/12\/exceladvisor.org_.png","contentUrl":"https:\/\/exceladvisor.org\/tr\/wp-content\/uploads\/2023\/12\/exceladvisor.org_.png","width":105,"height":36,"caption":"Excel Advisor"},"image":{"@id":"https:\/\/exceladvisor.org\/tr\/#\/schema\/logo\/image\/"}}]}},"yoast_meta":{"yoast_wpseo_title":"","yoast_wpseo_metadesc":"","yoast_wpseo_canonical":""},"_links":{"self":[{"href":"https:\/\/exceladvisor.org\/tr\/wp-json\/wp\/v2\/pages\/1674","targetHints":{"allow":["GET"]}}],"collection":[{"href":"https:\/\/exceladvisor.org\/tr\/wp-json\/wp\/v2\/pages"}],"about":[{"href":"https:\/\/exceladvisor.org\/tr\/wp-json\/wp\/v2\/types\/page"}],"author":[{"embeddable":true,"href":"https:\/\/exceladvisor.org\/tr\/wp-json\/wp\/v2\/users\/1"}],"replies":[{"embeddable":true,"href":"https:\/\/exceladvisor.org\/tr\/wp-json\/wp\/v2\/comments?post=1674"}],"version-history":[{"count":1,"href":"https:\/\/exceladvisor.org\/tr\/wp-json\/wp\/v2\/pages\/1674\/revisions"}],"predecessor-version":[{"id":2685,"href":"https:\/\/exceladvisor.org\/tr\/wp-json\/wp\/v2\/pages\/1674\/revisions\/2685"}],"wp:attachment":[{"href":"https:\/\/exceladvisor.org\/tr\/wp-json\/wp\/v2\/media?parent=1674"}],"curies":[{"name":"wp","href":"https:\/\/api.w.org\/{rel}","templated":true}]}}