{"id":1676,"date":"2023-11-11T17:39:06","date_gmt":"2023-11-11T17:39:06","guid":{"rendered":"https:\/\/exceladvisor.org\/tr\/etkilesimli-grafikler\/"},"modified":"2023-12-10T06:01:18","modified_gmt":"2023-12-10T06:01:18","slug":"etkilesimli-grafikler","status":"publish","type":"page","link":"https:\/\/exceladvisor.org\/tr\/etkilesimli-grafikler\/","title":{"rendered":"Excel&#39;de etkile\u015fimli grafikler nas\u0131l olu\u015fturulur?"},"content":{"rendered":"<div class=\"excel-icerikten-once\" id=\"excel-3266308832\"><script type=\"text\/javascript\">\r\n\tatOptions = {\r\n\t\t'key' : 'c1158f160081d6540a8409e6925dab94',\r\n\t\t'format' : 'iframe',\r\n\t\t'height' : 250,\r\n\t\t'width' : 300,\r\n\t\t'params' : {}\r\n\t};\r\n<\/script>\r\n<script type=\"text\/javascript\" src=\"\/\/www.highperformanceformat.com\/c1158f160081d6540a8409e6925dab94\/invoke.js\"><\/script><\/div> <p>Grafik, verileri anla\u015f\u0131l\u0131r bir \u015fekilde sunmak i\u00e7in m\u00fckemmel bir ara\u00e7t\u0131r. Ancak bazen berbat \u00e7\u00fcnk\u00fc onu verilerle a\u015f\u0131r\u0131 y\u00fckl\u00fcyoruz. Evet do\u011fru duydunuz.<\/p><p> Grafikler s\u00f6z konusu oldu\u011funda net ve net olmalar\u0131 gerekti\u011fini ve bu sorunun en iyi \u00e7\u00f6z\u00fcm\u00fcn\u00fcn etkile\u015fimli grafikler kullanmak oldu\u011funu d\u00fc\u015f\u00fcn\u00fcyorum. Excel&#8217;deki etkile\u015fimli grafikleri kullanarak <strong>tek bir grafikte daha fazla veri sunabilirsiniz<\/strong> ve t\u00fcm bu karma\u015fa hakk\u0131nda endi\u015felenmenize bile gerek kalmaz.<\/p><p> Bu ak\u0131ll\u0131ca bir yol. Ba\u015far\u0131, k\u00e2r ve pazar pay\u0131 ile ilgili hedefi g\u00f6stermeye \u00e7al\u0131\u015ft\u0131\u011f\u0131m a\u015fa\u011f\u0131daki tabloya bak\u0131n. <\/p><div class=\"wp-block-image\"><figure class=\"aligncenter\"><img decoding=\"async\" src=\"https:\/\/exceladvisor.org\/wp-content\/uploads\/2023\/08\/comment-creer-un-graphique-interactif-dans-Excel-vs-graphique-normal-1.png\" sizes=\"\" srcset=\"\" alt=\"Excel'de normal grafi\u011fe kar\u015f\u0131 etkile\u015fimli bir grafik nas\u0131l olu\u015fturulur\"><\/figure><\/div><p> Bunun bunu sunman\u0131n uygun bir yolu oldu\u011funu d\u00fc\u015f\u00fcn\u00fcyor musunuz? Tabii ki de\u011fil. \u015eimdi \u015funa bak\u0131n, se\u00e7enek d\u00fc\u011fmeleriyle kontrol edebildi\u011fim etkile\u015fimli bir grafi\u011fim var. <\/p><div class=\"wp-block-image\"><figure class=\"aligncenter\"><img decoding=\"async\" src=\"https:\/\/exceladvisor.org\/wp-content\/uploads\/2023\/08\/comment-creer-un-graphique-interactif-dans-un-graphique-excel-1.gif\" sizes=\"\" srcset=\"\" alt=\"excel grafi\u011finde etkile\u015fimli bir grafik nas\u0131l olu\u015fturulur\"><\/figure><\/div><p style=\"font-size: 24px;\"> <em>Ne d\u00fc\u015f\u00fcn\u00fcyorsun? Excel&#8217;de ilk etkile\u015fimli grafi\u011finizi olu\u015fturmaya haz\u0131r m\u0131s\u0131n\u0131z?<\/em><\/p><h2 class=\"wp-block-heading\"> Excel&#8217;de Etkile\u015fimli Grafik Olu\u015fturma Ad\u0131mlar\u0131<\/h2><p> Bug\u00fcnk\u00fc makalemde size Excel&#8217;de basit bir etkile\u015fimli grafik olu\u015fturmak i\u00e7in izlemeniz gereken ad\u0131mlar\u0131 tam olarak g\u00f6sterece\u011fim. Devam etmek i\u00e7in l\u00fctfen <a href=\"https:\/\/exceladvisor.org\/wp-content\/uploads\/2023\/11\/graphique-excel-interactif-donnees-brutes.xlsx\" rel=\"nofollow\">bu dosyay\u0131 buradan indirin<\/a> .<\/p><h3 class=\"wp-block-heading\"> 1. Verileri haz\u0131rlay\u0131n<\/h3><ol><li> \u00d6ncelikle bu tabloyu kopyalay\u0131p orijinal tablonun alt\u0131na yap\u0131\u015ft\u0131r\u0131n. <br><img loading=\"lazy\" decoding=\"async\" title=\"nt\/uploads\/2016\/12\/excel-yap\u0131\u015ft\u0131r-tablo-verilerinde-etkile\u015fimli-grafik-nas\u0131l-olu\u015fturulur\" src=\"https:\/\/exceladvisor.org\/wp-content\/uploads\/2023\/08\/comment-creer-un-graphique-interactif-dans-Excel-coller-les-donnees-du-tableau-1.png\" sizes=\"auto, \" srcset=\"\" alt=\"nt\/uploads\/2016\/12\/how-to-create-an-interactive-chart-in-excel-paste-table-data\" width=\"488\" height=\"254\"><\/li><li> \u015eimdi ikinci tablodaki verileri silin. <br><img decoding=\"async\" title=\"nt\/uploads\/2016\/12\/excel-sil-verilerinde-etkile\u015fimli-grafik-nas\u0131l-olu\u015fturulur\" src=\"https:\/\/exceladvisor.org\/wp-content\/uploads\/2023\/08\/comment-creer-un-graphique-interactif-dans-excel-supprimer-des-donnees-1.png\" sizes=\"\" srcset=\"\" alt=\"how to create an interactive chart in excel delete data\"><\/li><li> Ocak Hedefi ve Ba\u015far\u0131 h\u00fccresine a\u015fa\u011f\u0131daki form\u00fclleri ekleyin ve bu form\u00fclleri sat\u0131r\u0131n tamam\u0131na ( <a href=\"https:\/\/exceladvisor.org\/tr\/excel-formul-cubugu\/\">form\u00fcl \u00e7ubu\u011fu<\/a> ) kopyalay\u0131n.<br> <code>=IF($A$1=1,B3,NA())<\/code><br> <img decoding=\"async\" title=\"nt\/uploads\/2016\/12\/excel-tagret-ba\u015far\u0131s\u0131nda-etkile\u015fimli-grafik-ekleme-form\u00fcl\u00fc-nas\u0131l-olu\u015fturulur\" src=\"https:\/\/exceladvisor.org\/wp-content\/uploads\/2023\/08\/comment-creer-un-graphique-interactif-dans-excel-ajouter-une-formule-dans-la-realisation-de-tagret-1.png\" sizes=\"\" srcset=\"\" alt=\"how to create an interactive chart in excel add formula in tagret achievement\"><\/li><li> Bundan sonra Ocak ay\u0131nda kar edin ve bunu t\u00fcm sat\u0131ra kopyalay\u0131n. <br><img decoding=\"async\" title=\"nt\/uploads\/2016\/12\/excel-ekleme-form\u00fcl-k\u00e2r\u0131nda-etkile\u015fimli-grafik-nas\u0131l-olu\u015fturulur\" src=\"https:\/\/exceladvisor.org\/wp-content\/uploads\/2023\/08\/comment-creer-un-graphique-interactif-dans-excel-ajouter-un-profit-de-formule-1.png\" sizes=\"\" srcset=\"\" alt=\"how to create an interactive chart in excel add formula profit\"><\/li><li> Sonu\u00e7ta, Ocak ay\u0131n\u0131n pazar pay\u0131 bunu genel olarak kopyal\u0131yor. <br><img decoding=\"async\" title=\"nt\/uploads\/2016\/12\/excel'de-pazar payla\u015f\u0131m\u0131nda-etkile\u015fimli-grafik-ekleme-form\u00fcl\u00fc-nas\u0131l-olu\u015fturulur\" src=\"https:\/\/exceladvisor.org\/wp-content\/uploads\/2023\/08\/comment-creer-un-graphique-interactif-dans-excel-ajouter-une-formule-de-part-de-marche-1.png\" sizes=\"\" srcset=\"\" alt=\"how to create an interactive chart in excel add formula in market share\"><\/li><\/ol><p style=\"font-size: 24px;\"> <em>\u0130nteraktif veri tablonuz haz\u0131r.<\/em> <\/p><div class=\"wp-block-image\"><figure class=\"aligncenter\"><img decoding=\"async\" src=\"https:\/\/exceladvisor.org\/wp-content\/uploads\/2023\/08\/comment-creer-un-graphique-interactif-dans-des-donnees-Excel-avec-des-formules-1.gif\" sizes=\"\" srcset=\"\" alt=\"form\u00fcllerle excel verilerinde etkile\u015fimli bir grafik nas\u0131l olu\u015fturulur\"><\/figure><\/div><p> Bu tablodaki t\u00fcm h\u00fccreler A1&#8217;e ba\u011fl\u0131d\u0131r. Tablo A1&#8217;e &#8220;1&#8221; girdi\u011finizde yaln\u0131zca hedef ve ba\u015far\u0131ya ili\u015fkin veriler g\u00f6r\u00fcnt\u00fclenir. \u201c2\u201d i\u00e7in \u201c3\u201d i\u00e7in kar ve pazar pay\u0131n\u0131 g\u00f6sterecektir.<\/p><h3 class=\"wp-block-heading\"> 2. Radyo d\u00fc\u011fmelerini ekleyin<\/h3><ol><li> <a href=\"https:\/\/exceladvisor.org\/tr\/gelistirici-sekmesi-ekle\/\">Geli\u015ftirici Sekmesi<\/a> \u279c Kontrol \u279c Ekle \u279c Se\u00e7enek D\u00fc\u011fmesine gidin. <br><img decoding=\"async\" title=\"excel'de-etkile\u015fimli-grafik-ekleme-radyo d\u00fc\u011fmeleri nas\u0131l-olu\u015fturulur\" src=\"https:\/\/exceladvisor.org\/wp-content\/uploads\/2023\/08\/comment-creer-un-graphique-interactif-dans-excel-inserer-des-boutons-doption-1.png\" sizes=\"\" srcset=\"\" alt=\"how to create an interactive chart in excel insert option buttons\"><\/li><li> \u00dc\u00e7 se\u00e7enek d\u00fc\u011fmesi ekleyin ve bunlar\u0131 a\u015fa\u011f\u0131daki gibi adland\u0131r\u0131n.<ul><li> D\u00fc\u011fme-1 = TGT ve ACH<\/li><li> Buton-2 = K\u00e2r<\/li><li> Buton-3 = Pazar pay\u0131 <\/li><\/ul><br><img decoding=\"async\" src=\"https:\/\/exceladvisor.org\/wp-content\/uploads\/2023\/08\/comment-creer-un-graphique-interactif-dans-les-boutons-doption-de-nom-Excel-1.png\" sizes=\"\" srcset=\"\" alt=\"excel ad\u0131 se\u00e7enek d\u00fc\u011fmelerinde etkile\u015fimli bir grafik nas\u0131l olu\u015fturulur\"><\/li><li> Bundan sonra d\u00fc\u011fmelerden birine sa\u011f t\u0131klay\u0131n ve \u201cBi\u00e7im Kontrol\u00fc\u201d se\u00e7ene\u011fini se\u00e7in. <br><img decoding=\"async\" title=\"excel-format-se\u00e7me-kontrol\u00fcnde-etkile\u015fimli-grafik-nas\u0131l-olu\u015fturulur\" src=\"https:\/\/exceladvisor.org\/wp-content\/uploads\/2023\/08\/comment-creer-un-graphique-interactif-dans-le-controle-de-format-de-selection-Excel-1.png\" sizes=\"\" srcset=\"\" alt=\"how to create an interactive chart in excel select format control\"><\/li><li> Bi\u00e7im Denetimi se\u00e7eneklerinde, onu A1 h\u00fccresine ba\u011flay\u0131n ve Tamam&#8217;\u0131 t\u0131klay\u0131n. <br><img decoding=\"async\" src=\"https:\/\/exceladvisor.org\/wp-content\/uploads\/2023\/08\/comment-creer-un-graphique-interactif-dans-une-cellule-de-lien-Excel-1.png\" sizes=\"\" srcset=\"\" alt=\"Excel ba\u011flant\u0131 h\u00fccresinde etkile\u015fimli bir grafik nas\u0131l olu\u015fturulur\"><\/li><li> Art\u0131k verilerinizi bu se\u00e7enek d\u00fc\u011fmeleriyle kontrol edebilirsiniz. <br><img decoding=\"async\" title=\"excel-data-with-option-buttons.gif-in-etkile\u015fimli-grafik-nas\u0131l-olu\u015fturulur\" src=\"https:\/\/exceladvisor.org\/wp-content\/uploads\/2023\/08\/comment-creer-un-graphique-interactif-dans-des-donnees-Excel-avec-des-boutons-doption-1.gif\" sizes=\"\" srcset=\"\" alt=\"how to create an interactive chart in excel data with option buttons\"><\/li><\/ol><h3 class=\"wp-block-heading\"> 3. \u0130kincil eksen grafi\u011fini ekleyin<\/h3><ol><li> \u00d6ncelikle tablonuzu se\u00e7in ve bir histogram ekleyin.<\/li><li> Bundan sonra veri \u00e7ubuklar\u0131n\u0131z\u0131 se\u00e7in ve \u201cgrafik t\u00fcr\u00fcn\u00fc de\u011fi\u015ftir\u201d e t\u0131klay\u0131n. Tasar\u0131m sekmesine gidin \u279c Tasar\u0131m \u279c Grafik T\u00fcr\u00fcn\u00fc De\u011fi\u015ftir. <br><img decoding=\"async\" title=\"excel'de-etkile\u015fimli-grafik-nas\u0131l-olu\u015fturulur-t\u0131klama-veri-t\u00fcr\u00fcn\u00fc-1 de\u011fi\u015ftir\" src=\"https:\/\/exceladvisor.org\/wp-content\/uploads\/2023\/08\/comment-creer-un-graphique-interactif-dans-excel-cliquez-sur-changer-le-type-de-donnees-1.png\" sizes=\"\" srcset=\"\" alt=\"how to create an interactive chart in excel click change data type\"><\/li><li> \u015eimdi k\u00e2r ve pazar pay\u0131 i\u00e7in grafik t\u00fcr\u00fcn\u00fc i\u015faret\u00e7ilerle ayn\u0131 hizada olacak \u015fekilde de\u011fi\u015ftirin ve her ikisi i\u00e7in de <a href=\"https:\/\/exceladvisor.org\/tr\/ikincil-eksen\/\" data-wpil=\"url\">ikincil ekseni kontrol edin<\/a> . <br><img decoding=\"async\" title=\"excel'de etkile\u015fimli bir grafik nas\u0131l olu\u015fturulur, ikincil eksen grafi\u011finin t\u00fcr\u00fc de\u011fi\u015ftirilir\" src=\"https:\/\/exceladvisor.org\/wp-content\/uploads\/2023\/08\/comment-creer-un-graphique-interactif-dans-Excel-modifier-laxe-secondaire-du-type-de-graphique.png\" sizes=\"\" srcset=\"\" alt=\"how to create interactive chart in excel change charts type secondary axis\"><\/li><\/ol><p> <strong>Tebrikler!<\/strong> interaktif grafi\u011finiz sallanmaya haz\u0131r. \u0130sterseniz grafi\u011finizde bi\u00e7imlendirme de\u011fi\u015fiklikleri de yapabilirsiniz. <\/p><div class=\"wp-block-image\"><figure class=\"aligncenter\"><img decoding=\"async\" src=\"https:\/\/exceladvisor.org\/wp-content\/uploads\/2023\/08\/comment-creer-un-graphique-interactif-dans-excel-pret-a-lemploi-1.gif\" sizes=\"\" srcset=\"\" alt=\"excel'de kullan\u0131ma haz\u0131r etkile\u015fimli grafikler nas\u0131l olu\u015fturulur\"><\/figure><\/div><h2 id=\"tab-con-5\" class=\"wp-block-heading\"> \u00d6rnek dosya<\/h2><p> Daha fazla bilgi edinmek i\u00e7in <a style=\"outline: none;\" href=\"https:\/\/exceladvisor.org\/wp-content\/uploads\/2023\/11\/tableau-excel-interactif.xlsx\" rel=\"nofollow\">bu \u00f6rnek dosyay\u0131 buradan indirin<\/a> .<\/p><h2 class=\"wp-block-heading\"> \u00c7\u00f6z\u00fcm<\/h2><p> Son olarak \u015funu s\u00f6ylemek istiyorum: Etkile\u015fimli bir grafikle kullan\u0131c\u0131lar\u0131n\u0131z\u0131n ayn\u0131 anda tek bir \u015feye odaklanmas\u0131na yard\u0131mc\u0131 olabilirsiniz.<\/p><p> Ayr\u0131ca kontrol panellerinde \u00e7ok fazla alan tasarrufu sa\u011flayabilirsiniz. Bazen bunun uzun bir s\u00fcre\u00e7 oldu\u011funu d\u00fc\u015f\u00fcn\u00fcrs\u00fcn\u00fcz, ancak bu tek seferlik bir kurulum olup size \u00e7ok zaman kazand\u0131rabilir. Umar\u0131m bu ipucu haritalama konusunda daha iyi olman\u0131za yard\u0131mc\u0131 olur, ama \u015fimdi bana bir \u015feyi s\u00f6yleyin.<\/p><p> Ne t\u00fcr etkile\u015fimli grafikler kullan\u0131yorsunuz? Yorumlar b\u00f6l\u00fcm\u00fcnde benimle payla\u015f\u0131n, sizden haber almak isterim ve bu ipucunu arkada\u015flar\u0131n\u0131zla payla\u015fmay\u0131 unutmay\u0131n, eminim onlar da bunu takdir edeceklerdir.<\/p><h2 class=\"wp-block-heading\"> Daha Fazla Grafik E\u011fitimi<\/h2><ul><li> <a style=\"outline: none;\" href=\"https:\/\/exceladvisor.org\/tr\/yatay-bir-cizgi-ekle\/\">Excel&#8217;deki bir grafi\u011fe yatay \u00e7izgi nas\u0131l eklenir<\/a><\/li><li> <a style=\"outline: none;\" href=\"https:\/\/exceladvisor.org\/tr\/dikey-bir-cizgi-ekle\/\">Excel&#8217;deki bir grafi\u011fe dikey \u00e7izgi nas\u0131l eklenir<\/a><\/li><li> <a style=\"outline: none;\" href=\"https:\/\/exceladvisor.org\/tr\/kursun-tahtasi\/\">Excel&#8217;de Madde \u0130\u015fareti Grafi\u011fi Nas\u0131l Olu\u015fturulur<\/a><\/li><li> <a style=\"outline: none;\" href=\"https:\/\/exceladvisor.org\/tr\/dinamik-grafik-araligi\/\">Excel&#8217;de Dinamik Grafik Aral\u0131\u011f\u0131 Nas\u0131l Olu\u015fturulur<\/a><\/li><li> <a style=\"outline: none;\" href=\"https:\/\/exceladvisor.org\/tr\/dinamik-grafik-basligi\/\">Excel&#8217;de Dinamik Grafik Ba\u015fl\u0131\u011f\u0131 Nas\u0131l Olu\u015fturulur<\/a><\/li><\/ul>","protected":false},"excerpt":{"rendered":"","protected":false},"author":1,"featured_media":0,"parent":0,"menu_order":0,"comment_status":"open","ping_status":"closed","template":"","meta":{"ub_ctt_via":"","footnotes":""},"class_list":["post-1676","page","type-page","status-publish","hentry"],"featured_image_src":null,"yoast_head":"<!-- This site is optimized with the Yoast SEO plugin v25.4 - https:\/\/yoast.com\/wordpress\/plugins\/seo\/ -->\n<title>Excel&#039;de etkile\u015fimli grafikler nas\u0131l olu\u015fturulur? [3 ad\u0131m]<\/title>\n<meta name=\"description\" content=\"Excel&#039;deki etkile\u015fimli grafikleri kullanarak daha fazla veriyi tek bir grafikte sunabilirsiniz. Ve burada ilk etkile\u015fimli grafi\u011finizi olu\u015fturman\u0131z i\u00e7in ad\u0131m ad\u0131m bir k\u0131lavuzum var.\" \/>\n<meta name=\"robots\" content=\"index, follow, max-snippet:-1, max-image-preview:large, max-video-preview:-1\" \/>\n<link rel=\"canonical\" href=\"https:\/\/exceladvisor.org\/tr\/etkilesimli-grafikler\/\" \/>\n<meta property=\"og:locale\" content=\"tr_TR\" \/>\n<meta property=\"og:type\" content=\"article\" \/>\n<meta property=\"og:title\" content=\"Excel&#039;de etkile\u015fimli grafikler nas\u0131l olu\u015fturulur? [3 ad\u0131m]\" \/>\n<meta property=\"og:description\" content=\"Excel&#039;deki etkile\u015fimli grafikleri kullanarak daha fazla veriyi tek bir grafikte sunabilirsiniz. Ve burada ilk etkile\u015fimli grafi\u011finizi olu\u015fturman\u0131z i\u00e7in ad\u0131m ad\u0131m bir k\u0131lavuzum var.\" \/>\n<meta property=\"og:url\" content=\"https:\/\/exceladvisor.org\/tr\/etkilesimli-grafikler\/\" \/>\n<meta property=\"og:site_name\" content=\"Excel Advisor\" \/>\n<meta property=\"article:modified_time\" content=\"2023-12-10T06:01:18+00:00\" \/>\n<meta property=\"og:image\" content=\"https:\/\/exceladvisor.org\/wp-content\/uploads\/2023\/08\/comment-creer-un-graphique-interactif-dans-Excel-vs-graphique-normal-1.png\" \/>\n<meta name=\"twitter:card\" content=\"summary_large_image\" \/>\n<meta name=\"twitter:label1\" content=\"Tahmini okuma s\u00fcresi\" \/>\n\t<meta name=\"twitter:data1\" content=\"3 dakika\" \/>\n<script type=\"application\/ld+json\" class=\"yoast-schema-graph\">{\"@context\":\"https:\/\/schema.org\",\"@graph\":[{\"@type\":\"WebPage\",\"@id\":\"https:\/\/exceladvisor.org\/tr\/etkilesimli-grafikler\/\",\"url\":\"https:\/\/exceladvisor.org\/tr\/etkilesimli-grafikler\/\",\"name\":\"Excel&#39;de etkile\u015fimli grafikler nas\u0131l olu\u015fturulur? [3 ad\u0131m]\",\"isPartOf\":{\"@id\":\"https:\/\/exceladvisor.org\/tr\/#website\"},\"primaryImageOfPage\":{\"@id\":\"https:\/\/exceladvisor.org\/tr\/etkilesimli-grafikler\/#primaryimage\"},\"image\":{\"@id\":\"https:\/\/exceladvisor.org\/tr\/etkilesimli-grafikler\/#primaryimage\"},\"thumbnailUrl\":\"https:\/\/exceladvisor.org\/wp-content\/uploads\/2023\/08\/comment-creer-un-graphique-interactif-dans-Excel-vs-graphique-normal-1.png\",\"datePublished\":\"2023-11-11T17:39:06+00:00\",\"dateModified\":\"2023-12-10T06:01:18+00:00\",\"description\":\"Excel&#39;deki etkile\u015fimli grafikleri kullanarak daha fazla veriyi tek bir grafikte sunabilirsiniz. Ve burada ilk etkile\u015fimli grafi\u011finizi olu\u015fturman\u0131z i\u00e7in ad\u0131m ad\u0131m bir k\u0131lavuzum var.\",\"breadcrumb\":{\"@id\":\"https:\/\/exceladvisor.org\/tr\/etkilesimli-grafikler\/#breadcrumb\"},\"inLanguage\":\"tr\",\"potentialAction\":[{\"@type\":\"ReadAction\",\"target\":[\"https:\/\/exceladvisor.org\/tr\/etkilesimli-grafikler\/\"]}]},{\"@type\":\"ImageObject\",\"inLanguage\":\"tr\",\"@id\":\"https:\/\/exceladvisor.org\/tr\/etkilesimli-grafikler\/#primaryimage\",\"url\":\"https:\/\/exceladvisor.org\/wp-content\/uploads\/2023\/08\/comment-creer-un-graphique-interactif-dans-Excel-vs-graphique-normal-1.png\",\"contentUrl\":\"https:\/\/exceladvisor.org\/wp-content\/uploads\/2023\/08\/comment-creer-un-graphique-interactif-dans-Excel-vs-graphique-normal-1.png\"},{\"@type\":\"BreadcrumbList\",\"@id\":\"https:\/\/exceladvisor.org\/tr\/etkilesimli-grafikler\/#breadcrumb\",\"itemListElement\":[{\"@type\":\"ListItem\",\"position\":1,\"name\":\"Ev\",\"item\":\"https:\/\/exceladvisor.org\/tr\/\"},{\"@type\":\"ListItem\",\"position\":2,\"name\":\"Excel&#39;de etkile\u015fimli grafikler nas\u0131l olu\u015fturulur?\"}]},{\"@type\":\"WebSite\",\"@id\":\"https:\/\/exceladvisor.org\/tr\/#website\",\"url\":\"https:\/\/exceladvisor.org\/tr\/\",\"name\":\"Excel Advisor\",\"description\":\"Veri hakimiyetine y\u00f6nelik nihai rehberiniz!\",\"publisher\":{\"@id\":\"https:\/\/exceladvisor.org\/tr\/#organization\"},\"potentialAction\":[{\"@type\":\"SearchAction\",\"target\":{\"@type\":\"EntryPoint\",\"urlTemplate\":\"https:\/\/exceladvisor.org\/tr\/?s={search_term_string}\"},\"query-input\":{\"@type\":\"PropertyValueSpecification\",\"valueRequired\":true,\"valueName\":\"search_term_string\"}}],\"inLanguage\":\"tr\"},{\"@type\":\"Organization\",\"@id\":\"https:\/\/exceladvisor.org\/tr\/#organization\",\"name\":\"Excel Advisor\",\"url\":\"https:\/\/exceladvisor.org\/tr\/\",\"logo\":{\"@type\":\"ImageObject\",\"inLanguage\":\"tr\",\"@id\":\"https:\/\/exceladvisor.org\/tr\/#\/schema\/logo\/image\/\",\"url\":\"https:\/\/exceladvisor.org\/tr\/wp-content\/uploads\/2023\/12\/exceladvisor.org_.png\",\"contentUrl\":\"https:\/\/exceladvisor.org\/tr\/wp-content\/uploads\/2023\/12\/exceladvisor.org_.png\",\"width\":105,\"height\":36,\"caption\":\"Excel Advisor\"},\"image\":{\"@id\":\"https:\/\/exceladvisor.org\/tr\/#\/schema\/logo\/image\/\"}}]}<\/script>\n<!-- \/ Yoast SEO plugin. -->","yoast_head_json":{"title":"Excel&#39;de etkile\u015fimli grafikler nas\u0131l olu\u015fturulur? [3 ad\u0131m]","description":"Excel&#39;deki etkile\u015fimli grafikleri kullanarak daha fazla veriyi tek bir grafikte sunabilirsiniz. Ve burada ilk etkile\u015fimli grafi\u011finizi olu\u015fturman\u0131z i\u00e7in ad\u0131m ad\u0131m bir k\u0131lavuzum var.","robots":{"index":"index","follow":"follow","max-snippet":"max-snippet:-1","max-image-preview":"max-image-preview:large","max-video-preview":"max-video-preview:-1"},"canonical":"https:\/\/exceladvisor.org\/tr\/etkilesimli-grafikler\/","og_locale":"tr_TR","og_type":"article","og_title":"Excel&#39;de etkile\u015fimli grafikler nas\u0131l olu\u015fturulur? [3 ad\u0131m]","og_description":"Excel&#39;deki etkile\u015fimli grafikleri kullanarak daha fazla veriyi tek bir grafikte sunabilirsiniz. Ve burada ilk etkile\u015fimli grafi\u011finizi olu\u015fturman\u0131z i\u00e7in ad\u0131m ad\u0131m bir k\u0131lavuzum var.","og_url":"https:\/\/exceladvisor.org\/tr\/etkilesimli-grafikler\/","og_site_name":"Excel Advisor","article_modified_time":"2023-12-10T06:01:18+00:00","og_image":[{"url":"https:\/\/exceladvisor.org\/wp-content\/uploads\/2023\/08\/comment-creer-un-graphique-interactif-dans-Excel-vs-graphique-normal-1.png","type":"","width":"","height":""}],"twitter_card":"summary_large_image","twitter_misc":{"Tahmini okuma s\u00fcresi":"3 dakika"},"schema":{"@context":"https:\/\/schema.org","@graph":[{"@type":"WebPage","@id":"https:\/\/exceladvisor.org\/tr\/etkilesimli-grafikler\/","url":"https:\/\/exceladvisor.org\/tr\/etkilesimli-grafikler\/","name":"Excel&#39;de etkile\u015fimli grafikler nas\u0131l olu\u015fturulur? [3 ad\u0131m]","isPartOf":{"@id":"https:\/\/exceladvisor.org\/tr\/#website"},"primaryImageOfPage":{"@id":"https:\/\/exceladvisor.org\/tr\/etkilesimli-grafikler\/#primaryimage"},"image":{"@id":"https:\/\/exceladvisor.org\/tr\/etkilesimli-grafikler\/#primaryimage"},"thumbnailUrl":"https:\/\/exceladvisor.org\/wp-content\/uploads\/2023\/08\/comment-creer-un-graphique-interactif-dans-Excel-vs-graphique-normal-1.png","datePublished":"2023-11-11T17:39:06+00:00","dateModified":"2023-12-10T06:01:18+00:00","description":"Excel&#39;deki etkile\u015fimli grafikleri kullanarak daha fazla veriyi tek bir grafikte sunabilirsiniz. Ve burada ilk etkile\u015fimli grafi\u011finizi olu\u015fturman\u0131z i\u00e7in ad\u0131m ad\u0131m bir k\u0131lavuzum var.","breadcrumb":{"@id":"https:\/\/exceladvisor.org\/tr\/etkilesimli-grafikler\/#breadcrumb"},"inLanguage":"tr","potentialAction":[{"@type":"ReadAction","target":["https:\/\/exceladvisor.org\/tr\/etkilesimli-grafikler\/"]}]},{"@type":"ImageObject","inLanguage":"tr","@id":"https:\/\/exceladvisor.org\/tr\/etkilesimli-grafikler\/#primaryimage","url":"https:\/\/exceladvisor.org\/wp-content\/uploads\/2023\/08\/comment-creer-un-graphique-interactif-dans-Excel-vs-graphique-normal-1.png","contentUrl":"https:\/\/exceladvisor.org\/wp-content\/uploads\/2023\/08\/comment-creer-un-graphique-interactif-dans-Excel-vs-graphique-normal-1.png"},{"@type":"BreadcrumbList","@id":"https:\/\/exceladvisor.org\/tr\/etkilesimli-grafikler\/#breadcrumb","itemListElement":[{"@type":"ListItem","position":1,"name":"Ev","item":"https:\/\/exceladvisor.org\/tr\/"},{"@type":"ListItem","position":2,"name":"Excel&#39;de etkile\u015fimli grafikler nas\u0131l olu\u015fturulur?"}]},{"@type":"WebSite","@id":"https:\/\/exceladvisor.org\/tr\/#website","url":"https:\/\/exceladvisor.org\/tr\/","name":"Excel Advisor","description":"Veri hakimiyetine y\u00f6nelik nihai rehberiniz!","publisher":{"@id":"https:\/\/exceladvisor.org\/tr\/#organization"},"potentialAction":[{"@type":"SearchAction","target":{"@type":"EntryPoint","urlTemplate":"https:\/\/exceladvisor.org\/tr\/?s={search_term_string}"},"query-input":{"@type":"PropertyValueSpecification","valueRequired":true,"valueName":"search_term_string"}}],"inLanguage":"tr"},{"@type":"Organization","@id":"https:\/\/exceladvisor.org\/tr\/#organization","name":"Excel Advisor","url":"https:\/\/exceladvisor.org\/tr\/","logo":{"@type":"ImageObject","inLanguage":"tr","@id":"https:\/\/exceladvisor.org\/tr\/#\/schema\/logo\/image\/","url":"https:\/\/exceladvisor.org\/tr\/wp-content\/uploads\/2023\/12\/exceladvisor.org_.png","contentUrl":"https:\/\/exceladvisor.org\/tr\/wp-content\/uploads\/2023\/12\/exceladvisor.org_.png","width":105,"height":36,"caption":"Excel Advisor"},"image":{"@id":"https:\/\/exceladvisor.org\/tr\/#\/schema\/logo\/image\/"}}]}},"yoast_meta":{"yoast_wpseo_title":"","yoast_wpseo_metadesc":"","yoast_wpseo_canonical":""},"_links":{"self":[{"href":"https:\/\/exceladvisor.org\/tr\/wp-json\/wp\/v2\/pages\/1676","targetHints":{"allow":["GET"]}}],"collection":[{"href":"https:\/\/exceladvisor.org\/tr\/wp-json\/wp\/v2\/pages"}],"about":[{"href":"https:\/\/exceladvisor.org\/tr\/wp-json\/wp\/v2\/types\/page"}],"author":[{"embeddable":true,"href":"https:\/\/exceladvisor.org\/tr\/wp-json\/wp\/v2\/users\/1"}],"replies":[{"embeddable":true,"href":"https:\/\/exceladvisor.org\/tr\/wp-json\/wp\/v2\/comments?post=1676"}],"version-history":[{"count":1,"href":"https:\/\/exceladvisor.org\/tr\/wp-json\/wp\/v2\/pages\/1676\/revisions"}],"predecessor-version":[{"id":2502,"href":"https:\/\/exceladvisor.org\/tr\/wp-json\/wp\/v2\/pages\/1676\/revisions\/2502"}],"wp:attachment":[{"href":"https:\/\/exceladvisor.org\/tr\/wp-json\/wp\/v2\/media?parent=1676"}],"curies":[{"name":"wp","href":"https:\/\/api.w.org\/{rel}","templated":true}]}}