{"id":1678,"date":"2023-11-11T16:10:09","date_gmt":"2023-11-11T16:10:09","guid":{"rendered":"https:\/\/exceladvisor.org\/tr\/medyan-eger-2\/"},"modified":"2023-12-10T06:04:14","modified_gmt":"2023-12-10T06:04:14","slug":"medyan-eger-2","status":"publish","type":"page","link":"https:\/\/exceladvisor.org\/tr\/medyan-eger-2\/","title":{"rendered":"If ile median&#39;\u0131 kullanmak i\u00e7in ko\u015fullu kriterler"},"content":{"rendered":"<div class=\"excel-icerikten-once\" id=\"excel-2965126894\"><script type=\"text\/javascript\">\r\n\tatOptions = {\r\n\t\t'key' : 'c1158f160081d6540a8409e6925dab94',\r\n\t\t'format' : 'iframe',\r\n\t\t'height' : 250,\r\n\t\t'width' : 300,\r\n\t\t'params' : {}\r\n\t};\r\n<\/script>\r\n<script type=\"text\/javascript\" src=\"\/\/www.highperformanceformat.com\/c1158f160081d6540a8409e6925dab94\/invoke.js\"><\/script><\/div> <p>ORTANCA IF form\u00fcl\u00fcn\u00fc Excel&#8217;de yazmak i\u00e7in, ORTALAN i\u015flevini IF i\u015fleviyle birlikte kullanman\u0131z gerekir. \u00d6ncelikle MEDIAN fonksiyonunu kullanman\u0131z, ard\u0131ndan bir ko\u015ful olu\u015fturmak i\u00e7in IF fonksiyonuna girmeniz gerekir. SI&#8217;da, ko\u015fulu test etmek istedi\u011finiz aral\u0131\u011fa bak\u0131n. Bundan sonra, verilere sahip oldu\u011funuz aral\u0131\u011fa bak\u0131n. Sonunda form\u00fcl\u00fc dizi form\u00fcl\u00fc olarak girin. <\/p><div class=\"wp-block-image\"><figure class=\"aligncenter size-full is-resized\"><img loading=\"lazy\" decoding=\"async\" class=\"wp-image-79414\" src=\"https:\/\/exceladvisor.org\/wp-content\/uploads\/2023\/08\/1-mediane-avec-si.png\" sizes=\"auto, \" srcset=\"\" alt=\"e\u011fer-ile-medyan\" width=\"536\" height=\"386\"><\/figure><\/div><p> Bu derste, bir ko\u015fula sahip medyan\u0131 hesaplamak i\u00e7in form\u00fcl\u00fcn nas\u0131l yaz\u0131laca\u011f\u0131n\u0131 \u00f6\u011frenece\u011fiz.<\/p><h2 class=\"wp-block-heading\"> MEDIAN IF&#8217;yi hesaplamak i\u00e7in ko\u015fullu form\u00fcl<\/h2><p> A\u015fa\u011f\u0131daki ad\u0131mlar\u0131 kullanabilirsiniz:<\/p><ol><li> \u0130lk \u00f6nce bir h\u00fccreye MEDIAN fonksiyonunu girin.<\/li><li> Bundan sonra MEDIAN ile IF fonksiyonuna girin.<\/li><li> \u015eimdi arg\u00fcmanda (mant\u0131ksal_test) A1:A1 aral\u0131\u011f\u0131na bak\u0131n.<\/li><li> Buradan, ayn\u0131 ba\u011f\u0131ms\u0131z de\u011fi\u015fkende bir e\u015fittir operat\u00f6r\u00fc girin ve test edilecek ko\u015ful olarak kullanmak i\u00e7in &#8220;1. G\u00fcn&#8221;\u00fc girin.<\/li><li> Daha sonra IF&#8217;deki (value_if_true) alan\u0131nda, MEDIAN&#8217;\u0131 hesaplayacak verilerinizin bulundu\u011fu B1:B12 aral\u0131\u011f\u0131na bak\u0131n.<\/li><li> Sonunda, i\u015flevi kapatmak i\u00e7in kapatma parantezlerini girin. Form\u00fcl sonucunu almak i\u00e7in <strong>Ctrl + Shift + Enter<\/strong> tu\u015flar\u0131n\u0131 kullan\u0131n. <\/li><\/ol><div class=\"wp-block-image\"><figure class=\"aligncenter size-full is-resized\"><img loading=\"lazy\" decoding=\"async\" class=\"wp-image-79415\" src=\"https:\/\/exceladvisor.org\/wp-content\/uploads\/2023\/08\/2-calculer-la-mediane-si.png\" sizes=\"auto, \" srcset=\"\" alt=\"hesapla-medyan-if\" width=\"642\" height=\"355\"><\/figure><\/div><pre class=\"wp-block-code\"> <code class=\"language-excel-formula\" lang=\"excel-formula\">=MEDIAN(IF(A1:A12=\"Day 1\",B1:B12))<\/code><\/pre><h2 class=\"wp-block-heading\"> Bu form\u00fcl nas\u0131l \u00e7al\u0131\u015f\u0131yor?<\/h2><p> Bu form\u00fcl\u00fc anlamak i\u00e7in tablo bi\u00e7iminde bir form\u00fcl girdi\u011finizde tek bir h\u00fccre yerine t\u00fcm aral\u0131kta \u00e7al\u0131\u015ft\u0131\u011f\u0131n\u0131 anlamal\u0131s\u0131n\u0131z. Bunu anlamak i\u00e7in bu form\u00fcl\u00fc iki par\u00e7aya ay\u0131rman\u0131z gerekiyor. <\/p><div class=\"wp-block-image\"><figure class=\"aligncenter size-full is-resized\"><img loading=\"lazy\" decoding=\"async\" class=\"wp-image-79416\" src=\"https:\/\/exceladvisor.org\/wp-content\/uploads\/2023\/08\/3-comprend-la-formule.png\" sizes=\"auto, \" srcset=\"\" alt=\"form\u00fcl\u00fc anla\" width=\"675\" height=\"341\"><\/figure><\/div><p> <strong><strong><mark class=\"has-inline-color\" style=\"background-color: #eedc82; color: #ed573c;\">B\u0130R\u0130NC\u0130<\/mark><\/strong><\/strong> B\u00d6L\u00dcM&#8217;de A1:A12 aral\u0131\u011f\u0131nda test edece\u011finiz bir ko\u015ful var. Bu aral\u0131kta iki de\u011ferimiz var, G\u00fcn 1 ve G\u00fcn 2, G\u00fcn 1 h\u00fccremizin oldu\u011fu h\u00fccreleri test etmek istiyoruz. Yukar\u0131daki \u00f6rnekte g\u00f6rebilece\u011finiz gibi, 1. G\u00fcn&#8217;\u00fc ayarlad\u0131\u011f\u0131m\u0131z t\u00fcm h\u00fccreler i\u00e7in DO\u011eRU ve geri kalan h\u00fccreler i\u00e7in YANLI\u015e&#8217;a sahibiz. <\/p><div class=\"wp-block-image\"><figure class=\"aligncenter size-full is-resized\"><img loading=\"lazy\" decoding=\"async\" class=\"wp-image-79417\" src=\"https:\/\/exceladvisor.org\/wp-content\/uploads\/2023\/08\/4-conditions-a-tester-en-premiere-partie1.png\" sizes=\"auto, \" srcset=\"\" alt=\"ilk b\u00f6l\u00fcmde test edilecek ko\u015ful\" width=\"671\" height=\"329\"><\/figure><\/div><p> Bundan sonra IF fonksiyonunun ikinci arg\u00fcman\u0131nda medyan\u0131 hesaplayacak verilere sahip oldu\u011fumuz B1:B12 aral\u0131\u011f\u0131na de\u011findiniz. <\/p><div class=\"wp-block-image\"><figure class=\"aligncenter size-full is-resized\"><img loading=\"lazy\" decoding=\"async\" class=\"wp-image-79418\" src=\"https:\/\/exceladvisor.org\/wp-content\/uploads\/2023\/08\/5-fait-reference-a-la-gamme-dans-la-deuxieme-partie.png\" sizes=\"auto, \" srcset=\"\" alt=\"ikinci-b\u00f6l\u00fcmdeki-\u00f6l\u00e7e\u011fe-referans\" width=\"705\" height=\"337\"><\/figure><\/div><p> <strong><mark class=\"has-inline-color\" style=\"background-color: #eedc82; color: #ed573c;\">\u0130K\u0130NC\u0130<\/mark><\/strong> B\u00d6L\u00dcM&#8217;de IF, A1:A12 aral\u0131\u011f\u0131nda DAY 1&#8217;e sahip oldu\u011fumuz t\u00fcm de\u011ferler i\u00e7in verileri ve geri kalan de\u011ferler i\u00e7in FALSE de\u011ferini d\u00f6nd\u00fcr\u00fcr. Ve MEDIAN yaln\u0131zca bu de\u011ferler i\u00e7in medyan\u0131 d\u00f6nd\u00fcr\u00fcr. <\/p><div class=\"gb-container gb-container-52dfcee1 gb-container-sample-file\"><h2 class=\"gb-headline gb-headline-e289c143 gb-headline-text gb-headline-4f7959c2\"> Excel dosyas\u0131n\u0131 al\u0131n<\/h2> <a class=\"gb-button gb-button-e88d6bee gb-button-text gb-button-button1\" href=\"https:\/\/exceladvisor.org\/wp-content\/uploads\/2023\/08\/mediane-si.xlsx\" rel=\"nofollow\">\u0130ndirmek<\/a><\/div><div class=\"gb-container gb-container-0df56012 gb-container-mt\"> <a class=\"gb-button gb-button-f9f432f4 gb-button-text gb-button-mt-button\" href=\"https:\/\/exceladvisor.org\/tr\/formuller\/\">Excel form\u00fcllerinin listesi<\/a><h2 class=\"gb-headline gb-headline-233444e8 gb-headline-text gb-headline-mt-heading\"> \u0130lgili form\u00fcller <\/h2><div class=\"gb-grid-wrapper gb-grid-wrapper-a16fa65c gb-grid-wrapper-mt-grid\"><div class=\"gb-grid-column gb-grid-column-50d07e0d\"><div class=\"gb-container gb-container-50d07e0d\"><ul><li> <a href=\"https:\/\/exceladvisor.org\/tr\/sifirsa-o-zaman-bos\/\">IF 0 (s\u0131f\u0131r) de\u011ferini kontrol edin ve ard\u0131ndan Excel&#8217;de bo\u015f b\u0131rak\u0131n<\/a><\/li><li> <a href=\"https:\/\/exceladvisor.org\/tr\/bir-aralikta-bir-degerin-olup-olmadigini-kontrol-edin\/\">Excel&#8217;de bir aral\u0131kta bir de\u011ferin olup olmad\u0131\u011f\u0131n\u0131 kontrol edin<\/a><\/li><li> <a href=\"https:\/\/exceladvisor.org\/tr\/eger-ve-1\/\">Excel&#8217;de E\u011eER ve VE i\u015flevlerini birle\u015ftirme<\/a><\/li><li> <a href=\"https:\/\/exceladvisor.org\/tr\/eger-veya-1\/\">Excel&#8217;de IF ve OR i\u015flevlerini birle\u015ftirme<\/a><\/li><li> <a href=\"https:\/\/exceladvisor.org\/tr\/hucre-bossa\/\">IF H\u00fccresi Excel&#8217;de IF + ISBLANK kullan\u0131larak bo\u015f (bo\u015f)<\/a><\/li><li> <a href=\"https:\/\/exceladvisor.org\/tr\/negatifse-sifir\/\">Negatifse Excel&#8217;de s\u0131f\u0131r (0)<\/a> <\/li><\/ul><\/div><\/div><div class=\"gb-grid-column gb-grid-column-5b4a0cf9\"><div class=\"gb-container gb-container-5b4a0cf9\"><\/div><\/div><\/div><\/div>","protected":false},"excerpt":{"rendered":"","protected":false},"author":1,"featured_media":0,"parent":0,"menu_order":0,"comment_status":"open","ping_status":"closed","template":"","meta":{"ub_ctt_via":"","footnotes":""},"class_list":["post-1678","page","type-page","status-publish","hentry"],"featured_image_src":null,"yoast_head":"<!-- This site is optimized with the Yoast SEO plugin v25.4 - https:\/\/yoast.com\/wordpress\/plugins\/seo\/ -->\n<title>IF ile MEDIAN&#039;\u0131 kullanmak i\u00e7in ko\u015fullu kriterler<\/title>\n<meta name=\"description\" content=\"ORTANCA IF form\u00fcl\u00fcn\u00fc Excel&#039;de yazmak i\u00e7in, ORTALAN i\u015flevini IF i\u015fleviyle birlikte kullanman\u0131z gerekir. \u00d6ncelikle\" \/>\n<meta name=\"robots\" content=\"index, follow, max-snippet:-1, max-image-preview:large, max-video-preview:-1\" \/>\n<link rel=\"canonical\" href=\"https:\/\/exceladvisor.org\/tr\/medyan-eger-2\/\" \/>\n<meta property=\"og:locale\" content=\"tr_TR\" \/>\n<meta property=\"og:type\" content=\"article\" \/>\n<meta property=\"og:title\" content=\"IF ile MEDIAN&#039;\u0131 kullanmak i\u00e7in ko\u015fullu kriterler\" \/>\n<meta property=\"og:description\" content=\"ORTANCA IF form\u00fcl\u00fcn\u00fc Excel&#039;de yazmak i\u00e7in, ORTALAN i\u015flevini IF i\u015fleviyle birlikte kullanman\u0131z gerekir. \u00d6ncelikle\" \/>\n<meta property=\"og:url\" content=\"https:\/\/exceladvisor.org\/tr\/medyan-eger-2\/\" \/>\n<meta property=\"og:site_name\" content=\"Excel Advisor\" \/>\n<meta property=\"article:modified_time\" content=\"2023-12-10T06:04:14+00:00\" \/>\n<meta property=\"og:image\" content=\"https:\/\/exceladvisor.org\/wp-content\/uploads\/2023\/08\/1-mediane-avec-si.png\" \/>\n<meta name=\"twitter:card\" content=\"summary_large_image\" \/>\n<meta name=\"twitter:label1\" content=\"Tahmini okuma s\u00fcresi\" \/>\n\t<meta name=\"twitter:data1\" content=\"2 dakika\" \/>\n<script type=\"application\/ld+json\" class=\"yoast-schema-graph\">{\"@context\":\"https:\/\/schema.org\",\"@graph\":[{\"@type\":\"WebPage\",\"@id\":\"https:\/\/exceladvisor.org\/tr\/medyan-eger-2\/\",\"url\":\"https:\/\/exceladvisor.org\/tr\/medyan-eger-2\/\",\"name\":\"IF ile MEDIAN&#39;\u0131 kullanmak i\u00e7in ko\u015fullu kriterler\",\"isPartOf\":{\"@id\":\"https:\/\/exceladvisor.org\/tr\/#website\"},\"primaryImageOfPage\":{\"@id\":\"https:\/\/exceladvisor.org\/tr\/medyan-eger-2\/#primaryimage\"},\"image\":{\"@id\":\"https:\/\/exceladvisor.org\/tr\/medyan-eger-2\/#primaryimage\"},\"thumbnailUrl\":\"https:\/\/exceladvisor.org\/wp-content\/uploads\/2023\/08\/1-mediane-avec-si.png\",\"datePublished\":\"2023-11-11T16:10:09+00:00\",\"dateModified\":\"2023-12-10T06:04:14+00:00\",\"description\":\"ORTANCA IF form\u00fcl\u00fcn\u00fc Excel&#39;de yazmak i\u00e7in, ORTALAN i\u015flevini IF i\u015fleviyle birlikte kullanman\u0131z gerekir. \u00d6ncelikle\",\"breadcrumb\":{\"@id\":\"https:\/\/exceladvisor.org\/tr\/medyan-eger-2\/#breadcrumb\"},\"inLanguage\":\"tr\",\"potentialAction\":[{\"@type\":\"ReadAction\",\"target\":[\"https:\/\/exceladvisor.org\/tr\/medyan-eger-2\/\"]}]},{\"@type\":\"ImageObject\",\"inLanguage\":\"tr\",\"@id\":\"https:\/\/exceladvisor.org\/tr\/medyan-eger-2\/#primaryimage\",\"url\":\"https:\/\/exceladvisor.org\/wp-content\/uploads\/2023\/08\/1-mediane-avec-si.png\",\"contentUrl\":\"https:\/\/exceladvisor.org\/wp-content\/uploads\/2023\/08\/1-mediane-avec-si.png\"},{\"@type\":\"BreadcrumbList\",\"@id\":\"https:\/\/exceladvisor.org\/tr\/medyan-eger-2\/#breadcrumb\",\"itemListElement\":[{\"@type\":\"ListItem\",\"position\":1,\"name\":\"Ev\",\"item\":\"https:\/\/exceladvisor.org\/tr\/\"},{\"@type\":\"ListItem\",\"position\":2,\"name\":\"If ile median&#39;\u0131 kullanmak i\u00e7in ko\u015fullu kriterler\"}]},{\"@type\":\"WebSite\",\"@id\":\"https:\/\/exceladvisor.org\/tr\/#website\",\"url\":\"https:\/\/exceladvisor.org\/tr\/\",\"name\":\"Excel Advisor\",\"description\":\"Veri hakimiyetine y\u00f6nelik nihai rehberiniz!\",\"publisher\":{\"@id\":\"https:\/\/exceladvisor.org\/tr\/#organization\"},\"potentialAction\":[{\"@type\":\"SearchAction\",\"target\":{\"@type\":\"EntryPoint\",\"urlTemplate\":\"https:\/\/exceladvisor.org\/tr\/?s={search_term_string}\"},\"query-input\":{\"@type\":\"PropertyValueSpecification\",\"valueRequired\":true,\"valueName\":\"search_term_string\"}}],\"inLanguage\":\"tr\"},{\"@type\":\"Organization\",\"@id\":\"https:\/\/exceladvisor.org\/tr\/#organization\",\"name\":\"Excel Advisor\",\"url\":\"https:\/\/exceladvisor.org\/tr\/\",\"logo\":{\"@type\":\"ImageObject\",\"inLanguage\":\"tr\",\"@id\":\"https:\/\/exceladvisor.org\/tr\/#\/schema\/logo\/image\/\",\"url\":\"https:\/\/exceladvisor.org\/tr\/wp-content\/uploads\/2023\/12\/exceladvisor.org_.png\",\"contentUrl\":\"https:\/\/exceladvisor.org\/tr\/wp-content\/uploads\/2023\/12\/exceladvisor.org_.png\",\"width\":105,\"height\":36,\"caption\":\"Excel Advisor\"},\"image\":{\"@id\":\"https:\/\/exceladvisor.org\/tr\/#\/schema\/logo\/image\/\"}}]}<\/script>\n<!-- \/ Yoast SEO plugin. -->","yoast_head_json":{"title":"IF ile MEDIAN&#39;\u0131 kullanmak i\u00e7in ko\u015fullu kriterler","description":"ORTANCA IF form\u00fcl\u00fcn\u00fc Excel&#39;de yazmak i\u00e7in, ORTALAN i\u015flevini IF i\u015fleviyle birlikte kullanman\u0131z gerekir. \u00d6ncelikle","robots":{"index":"index","follow":"follow","max-snippet":"max-snippet:-1","max-image-preview":"max-image-preview:large","max-video-preview":"max-video-preview:-1"},"canonical":"https:\/\/exceladvisor.org\/tr\/medyan-eger-2\/","og_locale":"tr_TR","og_type":"article","og_title":"IF ile MEDIAN&#39;\u0131 kullanmak i\u00e7in ko\u015fullu kriterler","og_description":"ORTANCA IF form\u00fcl\u00fcn\u00fc Excel&#39;de yazmak i\u00e7in, ORTALAN i\u015flevini IF i\u015fleviyle birlikte kullanman\u0131z gerekir. \u00d6ncelikle","og_url":"https:\/\/exceladvisor.org\/tr\/medyan-eger-2\/","og_site_name":"Excel Advisor","article_modified_time":"2023-12-10T06:04:14+00:00","og_image":[{"url":"https:\/\/exceladvisor.org\/wp-content\/uploads\/2023\/08\/1-mediane-avec-si.png","type":"","width":"","height":""}],"twitter_card":"summary_large_image","twitter_misc":{"Tahmini okuma s\u00fcresi":"2 dakika"},"schema":{"@context":"https:\/\/schema.org","@graph":[{"@type":"WebPage","@id":"https:\/\/exceladvisor.org\/tr\/medyan-eger-2\/","url":"https:\/\/exceladvisor.org\/tr\/medyan-eger-2\/","name":"IF ile MEDIAN&#39;\u0131 kullanmak i\u00e7in ko\u015fullu kriterler","isPartOf":{"@id":"https:\/\/exceladvisor.org\/tr\/#website"},"primaryImageOfPage":{"@id":"https:\/\/exceladvisor.org\/tr\/medyan-eger-2\/#primaryimage"},"image":{"@id":"https:\/\/exceladvisor.org\/tr\/medyan-eger-2\/#primaryimage"},"thumbnailUrl":"https:\/\/exceladvisor.org\/wp-content\/uploads\/2023\/08\/1-mediane-avec-si.png","datePublished":"2023-11-11T16:10:09+00:00","dateModified":"2023-12-10T06:04:14+00:00","description":"ORTANCA IF form\u00fcl\u00fcn\u00fc Excel&#39;de yazmak i\u00e7in, ORTALAN i\u015flevini IF i\u015fleviyle birlikte kullanman\u0131z gerekir. \u00d6ncelikle","breadcrumb":{"@id":"https:\/\/exceladvisor.org\/tr\/medyan-eger-2\/#breadcrumb"},"inLanguage":"tr","potentialAction":[{"@type":"ReadAction","target":["https:\/\/exceladvisor.org\/tr\/medyan-eger-2\/"]}]},{"@type":"ImageObject","inLanguage":"tr","@id":"https:\/\/exceladvisor.org\/tr\/medyan-eger-2\/#primaryimage","url":"https:\/\/exceladvisor.org\/wp-content\/uploads\/2023\/08\/1-mediane-avec-si.png","contentUrl":"https:\/\/exceladvisor.org\/wp-content\/uploads\/2023\/08\/1-mediane-avec-si.png"},{"@type":"BreadcrumbList","@id":"https:\/\/exceladvisor.org\/tr\/medyan-eger-2\/#breadcrumb","itemListElement":[{"@type":"ListItem","position":1,"name":"Ev","item":"https:\/\/exceladvisor.org\/tr\/"},{"@type":"ListItem","position":2,"name":"If ile median&#39;\u0131 kullanmak i\u00e7in ko\u015fullu kriterler"}]},{"@type":"WebSite","@id":"https:\/\/exceladvisor.org\/tr\/#website","url":"https:\/\/exceladvisor.org\/tr\/","name":"Excel Advisor","description":"Veri hakimiyetine y\u00f6nelik nihai rehberiniz!","publisher":{"@id":"https:\/\/exceladvisor.org\/tr\/#organization"},"potentialAction":[{"@type":"SearchAction","target":{"@type":"EntryPoint","urlTemplate":"https:\/\/exceladvisor.org\/tr\/?s={search_term_string}"},"query-input":{"@type":"PropertyValueSpecification","valueRequired":true,"valueName":"search_term_string"}}],"inLanguage":"tr"},{"@type":"Organization","@id":"https:\/\/exceladvisor.org\/tr\/#organization","name":"Excel Advisor","url":"https:\/\/exceladvisor.org\/tr\/","logo":{"@type":"ImageObject","inLanguage":"tr","@id":"https:\/\/exceladvisor.org\/tr\/#\/schema\/logo\/image\/","url":"https:\/\/exceladvisor.org\/tr\/wp-content\/uploads\/2023\/12\/exceladvisor.org_.png","contentUrl":"https:\/\/exceladvisor.org\/tr\/wp-content\/uploads\/2023\/12\/exceladvisor.org_.png","width":105,"height":36,"caption":"Excel Advisor"},"image":{"@id":"https:\/\/exceladvisor.org\/tr\/#\/schema\/logo\/image\/"}}]}},"yoast_meta":{"yoast_wpseo_title":"","yoast_wpseo_metadesc":"","yoast_wpseo_canonical":""},"_links":{"self":[{"href":"https:\/\/exceladvisor.org\/tr\/wp-json\/wp\/v2\/pages\/1678","targetHints":{"allow":["GET"]}}],"collection":[{"href":"https:\/\/exceladvisor.org\/tr\/wp-json\/wp\/v2\/pages"}],"about":[{"href":"https:\/\/exceladvisor.org\/tr\/wp-json\/wp\/v2\/types\/page"}],"author":[{"embeddable":true,"href":"https:\/\/exceladvisor.org\/tr\/wp-json\/wp\/v2\/users\/1"}],"replies":[{"embeddable":true,"href":"https:\/\/exceladvisor.org\/tr\/wp-json\/wp\/v2\/comments?post=1678"}],"version-history":[{"count":1,"href":"https:\/\/exceladvisor.org\/tr\/wp-json\/wp\/v2\/pages\/1678\/revisions"}],"predecessor-version":[{"id":2702,"href":"https:\/\/exceladvisor.org\/tr\/wp-json\/wp\/v2\/pages\/1678\/revisions\/2702"}],"wp:attachment":[{"href":"https:\/\/exceladvisor.org\/tr\/wp-json\/wp\/v2\/media?parent=1678"}],"curies":[{"name":"wp","href":"https:\/\/api.w.org\/{rel}","templated":true}]}}