{"id":1679,"date":"2023-11-11T15:51:08","date_gmt":"2023-11-11T15:51:08","guid":{"rendered":"https:\/\/exceladvisor.org\/tr\/ondalik-sayilarla-zaman-1\/"},"modified":"2023-12-10T06:08:13","modified_gmt":"2023-12-10T06:08:13","slug":"ondalik-sayilarla-zaman-1","status":"publish","type":"page","link":"https:\/\/exceladvisor.org\/tr\/ondalik-sayilarla-zaman-1\/","title":{"rendered":"Zaman\u0131 ondal\u0131k say\u0131ya nas\u0131l d\u00f6n\u00fc\u015ft\u00fcrebilirim?"},"content":{"rendered":"<div class=\"excel-icerikten-once\" id=\"excel-1273055379\"><script type=\"text\/javascript\">\r\n\tatOptions = {\r\n\t\t'key' : 'c1158f160081d6540a8409e6925dab94',\r\n\t\t'format' : 'iframe',\r\n\t\t'height' : 250,\r\n\t\t'width' : 300,\r\n\t\t'params' : {}\r\n\t};\r\n<\/script>\r\n<script type=\"text\/javascript\" src=\"\/\/www.highperformanceformat.com\/c1158f160081d6540a8409e6925dab94\/invoke.js\"><\/script><\/div> <p>Excel&#8217;de bir zaman de\u011feri girdi\u011finizde size saatleri, dakikalar\u0131 ve saniyeleri s\u00f6yler, ancak ger\u00e7ekte saat, saat olarak bi\u00e7imlendirilmi\u015f ondal\u0131k bir de\u011ferdir. <\/p><div class=\"wp-block-image\"><figure class=\"aligncenter size-full is-resized\"><img loading=\"lazy\" decoding=\"async\" class=\"wp-image-79511\" src=\"https:\/\/exceladvisor.org\/wp-content\/uploads\/2023\/08\/1-convertir-le-temps-en-decimales-1.png\" sizes=\"auto, \" srcset=\"\" alt=\"zaman\u0131 ondal\u0131k say\u0131ya d\u00f6n\u00fc\u015ft\u00fcrme\" width=\"530\" height=\"305\"><\/figure><\/div><p> Bu derste, zaman\u0131 saatlerin tamsay\u0131 ve dakikalar\u0131n ondal\u0131k say\u0131 olmas\u0131 gereken bir say\u0131ya d\u00f6n\u00fc\u015ft\u00fcrmek i\u00e7in h\u0131zl\u0131 ve k\u0131sa bir form\u00fcl\u00fcn nas\u0131l kullan\u0131laca\u011f\u0131n\u0131 \u00f6\u011frenece\u011fiz.<\/p><h2 class=\"wp-block-heading\"> Zaman\u0131 ondal\u0131k say\u0131ya \u00e7eviren form\u00fcl<\/h2><ol type=\"1\"><li> E\u015fittir operat\u00f6r\u00fcn\u00fc (=) bir h\u00fccreye girin.<\/li><li> Zaman\u0131n\u0131z\u0131n oldu\u011fu h\u00fccreye bak\u0131n.<\/li><li> \u00c7arpma i\u00e7in y\u0131ld\u0131z i\u015faretini (*) yaz\u0131n.<\/li><li> Sonucu almak i\u00e7in 24 girin ve Enter tu\u015funa bas\u0131n. <\/li><\/ol><div class=\"wp-block-image\"><figure class=\"aligncenter size-full is-resized\"><img loading=\"lazy\" decoding=\"async\" class=\"wp-image-79512\" src=\"https:\/\/exceladvisor.org\/wp-content\/uploads\/2023\/08\/2-formules-pour-convertir-le-temps-en-decimales.png\" sizes=\"auto, \" srcset=\"\" alt=\"zaman\u0131 ondal\u0131k say\u0131lara d\u00f6n\u00fc\u015ft\u00fcrme form\u00fcl\u00fc\" width=\"410\" height=\"237\"><\/figure><\/div><p> Bu form\u00fcl\u00fc kulland\u0131ktan sonra h\u00fccreyi say\u0131 olarak g\u00f6r\u00fcnt\u00fclemek i\u00e7in &#8220;Genel&#8221; bi\u00e7imlendirmeyi uygulad\u0131\u011f\u0131n\u0131zdan emin olun. <\/p><div class=\"wp-block-image\"><figure class=\"aligncenter size-full is-resized\"><img loading=\"lazy\" decoding=\"async\" class=\"wp-image-79513\" src=\"https:\/\/exceladvisor.org\/wp-content\/uploads\/2023\/08\/3-appliquer-la-mise-en-forme-generale.png\" sizes=\"auto, \" srcset=\"\" alt=\"genel-bi\u00e7imlendirmeyi uygula\" width=\"704\" height=\"277\"><\/figure><\/div><h2 class=\"wp-block-heading\"> Bu form\u00fcl nas\u0131l \u00e7al\u0131\u015f\u0131yor?<\/h2><p> Excel zaman\u0131 ondal\u0131k de\u011fer olarak saklar. G\u00fcnde bir saat olan 01:00 AM 0,042&#8217;ye, 23:00 PM ise 0,958&#8217;e e\u015fittir. <\/p><div class=\"wp-block-image\"><figure class=\"aligncenter size-full is-resized\"><img loading=\"lazy\" decoding=\"async\" class=\"wp-image-79514\" src=\"https:\/\/exceladvisor.org\/wp-content\/uploads\/2023\/08\/4-comment-fonctionne-la-formule.png\" sizes=\"auto, \" srcset=\"\" alt=\"form\u00fcl nas\u0131l \u00e7al\u0131\u015f\u0131r\" width=\"495\" height=\"183\"><\/figure><\/div><p> <strong>24 saatlik g\u00fcnde bir saattir ve de\u011feri 1\/24&#8217;t\u00fcr. Bir saati birka\u00e7 saate d\u00f6n\u00fc\u015ft\u00fcrmek i\u00e7in bunu 24 ile \u00e7arpabilirsiniz.<\/strong> <\/p><div class=\"wp-block-image\"><figure class=\"aligncenter size-full is-resized\"><img loading=\"lazy\" decoding=\"async\" class=\"wp-image-79515\" src=\"https:\/\/exceladvisor.org\/wp-content\/uploads\/2023\/08\/5-multiplier-par-24-pour-convertir-en-nombre-dheures.png\" sizes=\"auto, \" srcset=\"\" alt=\"saat say\u0131s\u0131na d\u00f6n\u00fc\u015ft\u00fcrmek i\u00e7in 24 ile \u00e7arpma\" width=\"426\" height=\"237\"><\/figure><\/div><div class=\"gb-container gb-container-52dfcee1 gb-container-sample-file\"><h2 class=\"gb-headline gb-headline-e289c143 gb-headline-text gb-headline-4f7959c2\"> Excel dosyas\u0131n\u0131 al\u0131n<\/h2><p> <a class=\"gb-button gb-button-e88d6bee gb-button-text gb-button-button1\" href=\"https:\/\/exceladvisor.org\/wp-content\/uploads\/2023\/08\/temps-en-decimales-1.xlsx\" rel=\"nofollow\">\u0130ndirmek<\/a> <\/p><\/div><div class=\"wp-block-group more-tutorials is-layout-flow\"><div class=\"wp-block-group__inner-container\"><h2 class=\"wp-block-heading\"> Daha fazla form\u00fcl<\/h2><ul><li> <a href=\"https:\/\/exceladvisor.org\/tr\/zamana-saat-ekleyin\/\">Excel&#8217;de zamana saat ekleme<\/a><\/li><li> <a href=\"https:\/\/exceladvisor.org\/tr\/zamana-dakika-ekleyin\/\">Excel&#8217;de zamana dakika ekleme<\/a><\/li><li> <a href=\"https:\/\/exceladvisor.org\/tr\/saat-farkini-hesapla\/\">Excel&#8217;de iki saat aras\u0131ndaki zaman fark\u0131n\u0131 hesaplay\u0131n<\/a><\/li><li> <a href=\"https:\/\/exceladvisor.org\/tr\/saat-formatini-degistir\/\">Excel&#8217;de saat bi\u00e7imini de\u011fi\u015ftirme<\/a><\/li><li> <a href=\"https:\/\/exceladvisor.org\/tr\/askeri-zaman\/\">Excel&#8217;de Askeri Zaman (Al ve \u00c7\u0131kar)<\/a><\/li><li> <a href=\"https:\/\/exceladvisor.org\/tr\/ayri-tarih-ve-saat-2\/\">Excel&#8217;de tarih ve saati ay\u0131rma<\/a><\/li><\/ul><p> \u21e0 <a href=\"https:\/\/exceladvisor.org\/tr\/formuller\/\">100&#8217;den fazla Excel form\u00fcl\u00fc listesine geri d\u00f6n (temel + geli\u015fmi\u015f)<\/a><\/p><\/div><\/div>","protected":false},"excerpt":{"rendered":"","protected":false},"author":1,"featured_media":0,"parent":0,"menu_order":0,"comment_status":"open","ping_status":"closed","template":"","meta":{"ub_ctt_via":"","footnotes":""},"class_list":["post-1679","page","type-page","status-publish","hentry"],"featured_image_src":null,"yoast_head":"<!-- This site is optimized with the Yoast SEO plugin v25.4 - https:\/\/yoast.com\/wordpress\/plugins\/seo\/ -->\n<title>Zaman\u0131 ondal\u0131k say\u0131ya nas\u0131l d\u00f6n\u00fc\u015ft\u00fcrebilirim? - Excel Dan\u0131\u015fman\u0131<\/title>\n<meta name=\"description\" content=\"Bu e\u011fitim bize zaman\u0131n de\u011ferini ondal\u0131k saat say\u0131s\u0131na d\u00f6n\u00fc\u015ft\u00fcrmek i\u00e7in Excel form\u00fcllerinin nas\u0131l yaz\u0131laca\u011f\u0131n\u0131 \u00f6\u011fretecek. Bunu kontrol edelim\u2026\" \/>\n<meta name=\"robots\" content=\"index, follow, max-snippet:-1, max-image-preview:large, max-video-preview:-1\" \/>\n<link rel=\"canonical\" href=\"https:\/\/exceladvisor.org\/tr\/ondalik-sayilarla-zaman-1\/\" \/>\n<meta property=\"og:locale\" content=\"tr_TR\" \/>\n<meta property=\"og:type\" content=\"article\" \/>\n<meta property=\"og:title\" content=\"Zaman\u0131 ondal\u0131k say\u0131ya nas\u0131l d\u00f6n\u00fc\u015ft\u00fcrebilirim? - Excel Dan\u0131\u015fman\u0131\" \/>\n<meta property=\"og:description\" content=\"Bu e\u011fitim bize zaman\u0131n de\u011ferini ondal\u0131k saat say\u0131s\u0131na d\u00f6n\u00fc\u015ft\u00fcrmek i\u00e7in Excel form\u00fcllerinin nas\u0131l yaz\u0131laca\u011f\u0131n\u0131 \u00f6\u011fretecek. Bunu kontrol edelim\u2026\" \/>\n<meta property=\"og:url\" content=\"https:\/\/exceladvisor.org\/tr\/ondalik-sayilarla-zaman-1\/\" \/>\n<meta property=\"og:site_name\" content=\"Excel Advisor\" \/>\n<meta property=\"article:modified_time\" content=\"2023-12-10T06:08:13+00:00\" \/>\n<meta property=\"og:image\" content=\"https:\/\/exceladvisor.org\/wp-content\/uploads\/2023\/08\/1-convertir-le-temps-en-decimales-1.png\" \/>\n<meta name=\"twitter:card\" content=\"summary_large_image\" \/>\n<meta name=\"twitter:label1\" content=\"Tahmini okuma s\u00fcresi\" \/>\n\t<meta name=\"twitter:data1\" content=\"1 dakika\" \/>\n<script type=\"application\/ld+json\" class=\"yoast-schema-graph\">{\"@context\":\"https:\/\/schema.org\",\"@graph\":[{\"@type\":\"WebPage\",\"@id\":\"https:\/\/exceladvisor.org\/tr\/ondalik-sayilarla-zaman-1\/\",\"url\":\"https:\/\/exceladvisor.org\/tr\/ondalik-sayilarla-zaman-1\/\",\"name\":\"Zaman\u0131 ondal\u0131k say\u0131ya nas\u0131l d\u00f6n\u00fc\u015ft\u00fcrebilirim? - Excel Dan\u0131\u015fman\u0131\",\"isPartOf\":{\"@id\":\"https:\/\/exceladvisor.org\/tr\/#website\"},\"primaryImageOfPage\":{\"@id\":\"https:\/\/exceladvisor.org\/tr\/ondalik-sayilarla-zaman-1\/#primaryimage\"},\"image\":{\"@id\":\"https:\/\/exceladvisor.org\/tr\/ondalik-sayilarla-zaman-1\/#primaryimage\"},\"thumbnailUrl\":\"https:\/\/exceladvisor.org\/wp-content\/uploads\/2023\/08\/1-convertir-le-temps-en-decimales-1.png\",\"datePublished\":\"2023-11-11T15:51:08+00:00\",\"dateModified\":\"2023-12-10T06:08:13+00:00\",\"description\":\"Bu e\u011fitim bize zaman\u0131n de\u011ferini ondal\u0131k saat say\u0131s\u0131na d\u00f6n\u00fc\u015ft\u00fcrmek i\u00e7in Excel form\u00fcllerinin nas\u0131l yaz\u0131laca\u011f\u0131n\u0131 \u00f6\u011fretecek. Bunu kontrol edelim\u2026\",\"breadcrumb\":{\"@id\":\"https:\/\/exceladvisor.org\/tr\/ondalik-sayilarla-zaman-1\/#breadcrumb\"},\"inLanguage\":\"tr\",\"potentialAction\":[{\"@type\":\"ReadAction\",\"target\":[\"https:\/\/exceladvisor.org\/tr\/ondalik-sayilarla-zaman-1\/\"]}]},{\"@type\":\"ImageObject\",\"inLanguage\":\"tr\",\"@id\":\"https:\/\/exceladvisor.org\/tr\/ondalik-sayilarla-zaman-1\/#primaryimage\",\"url\":\"https:\/\/exceladvisor.org\/wp-content\/uploads\/2023\/08\/1-convertir-le-temps-en-decimales-1.png\",\"contentUrl\":\"https:\/\/exceladvisor.org\/wp-content\/uploads\/2023\/08\/1-convertir-le-temps-en-decimales-1.png\"},{\"@type\":\"BreadcrumbList\",\"@id\":\"https:\/\/exceladvisor.org\/tr\/ondalik-sayilarla-zaman-1\/#breadcrumb\",\"itemListElement\":[{\"@type\":\"ListItem\",\"position\":1,\"name\":\"Ev\",\"item\":\"https:\/\/exceladvisor.org\/tr\/\"},{\"@type\":\"ListItem\",\"position\":2,\"name\":\"Zaman\u0131 ondal\u0131k say\u0131ya nas\u0131l d\u00f6n\u00fc\u015ft\u00fcrebilirim?\"}]},{\"@type\":\"WebSite\",\"@id\":\"https:\/\/exceladvisor.org\/tr\/#website\",\"url\":\"https:\/\/exceladvisor.org\/tr\/\",\"name\":\"Excel Advisor\",\"description\":\"Veri hakimiyetine y\u00f6nelik nihai rehberiniz!\",\"publisher\":{\"@id\":\"https:\/\/exceladvisor.org\/tr\/#organization\"},\"potentialAction\":[{\"@type\":\"SearchAction\",\"target\":{\"@type\":\"EntryPoint\",\"urlTemplate\":\"https:\/\/exceladvisor.org\/tr\/?s={search_term_string}\"},\"query-input\":{\"@type\":\"PropertyValueSpecification\",\"valueRequired\":true,\"valueName\":\"search_term_string\"}}],\"inLanguage\":\"tr\"},{\"@type\":\"Organization\",\"@id\":\"https:\/\/exceladvisor.org\/tr\/#organization\",\"name\":\"Excel Advisor\",\"url\":\"https:\/\/exceladvisor.org\/tr\/\",\"logo\":{\"@type\":\"ImageObject\",\"inLanguage\":\"tr\",\"@id\":\"https:\/\/exceladvisor.org\/tr\/#\/schema\/logo\/image\/\",\"url\":\"https:\/\/exceladvisor.org\/tr\/wp-content\/uploads\/2023\/12\/exceladvisor.org_.png\",\"contentUrl\":\"https:\/\/exceladvisor.org\/tr\/wp-content\/uploads\/2023\/12\/exceladvisor.org_.png\",\"width\":105,\"height\":36,\"caption\":\"Excel Advisor\"},\"image\":{\"@id\":\"https:\/\/exceladvisor.org\/tr\/#\/schema\/logo\/image\/\"}}]}<\/script>\n<!-- \/ Yoast SEO plugin. -->","yoast_head_json":{"title":"Zaman\u0131 ondal\u0131k say\u0131ya nas\u0131l d\u00f6n\u00fc\u015ft\u00fcrebilirim? - Excel Dan\u0131\u015fman\u0131","description":"Bu e\u011fitim bize zaman\u0131n de\u011ferini ondal\u0131k saat say\u0131s\u0131na d\u00f6n\u00fc\u015ft\u00fcrmek i\u00e7in Excel form\u00fcllerinin nas\u0131l yaz\u0131laca\u011f\u0131n\u0131 \u00f6\u011fretecek. Bunu kontrol edelim\u2026","robots":{"index":"index","follow":"follow","max-snippet":"max-snippet:-1","max-image-preview":"max-image-preview:large","max-video-preview":"max-video-preview:-1"},"canonical":"https:\/\/exceladvisor.org\/tr\/ondalik-sayilarla-zaman-1\/","og_locale":"tr_TR","og_type":"article","og_title":"Zaman\u0131 ondal\u0131k say\u0131ya nas\u0131l d\u00f6n\u00fc\u015ft\u00fcrebilirim? - Excel Dan\u0131\u015fman\u0131","og_description":"Bu e\u011fitim bize zaman\u0131n de\u011ferini ondal\u0131k saat say\u0131s\u0131na d\u00f6n\u00fc\u015ft\u00fcrmek i\u00e7in Excel form\u00fcllerinin nas\u0131l yaz\u0131laca\u011f\u0131n\u0131 \u00f6\u011fretecek. Bunu kontrol edelim\u2026","og_url":"https:\/\/exceladvisor.org\/tr\/ondalik-sayilarla-zaman-1\/","og_site_name":"Excel Advisor","article_modified_time":"2023-12-10T06:08:13+00:00","og_image":[{"url":"https:\/\/exceladvisor.org\/wp-content\/uploads\/2023\/08\/1-convertir-le-temps-en-decimales-1.png","type":"","width":"","height":""}],"twitter_card":"summary_large_image","twitter_misc":{"Tahmini okuma s\u00fcresi":"1 dakika"},"schema":{"@context":"https:\/\/schema.org","@graph":[{"@type":"WebPage","@id":"https:\/\/exceladvisor.org\/tr\/ondalik-sayilarla-zaman-1\/","url":"https:\/\/exceladvisor.org\/tr\/ondalik-sayilarla-zaman-1\/","name":"Zaman\u0131 ondal\u0131k say\u0131ya nas\u0131l d\u00f6n\u00fc\u015ft\u00fcrebilirim? - Excel Dan\u0131\u015fman\u0131","isPartOf":{"@id":"https:\/\/exceladvisor.org\/tr\/#website"},"primaryImageOfPage":{"@id":"https:\/\/exceladvisor.org\/tr\/ondalik-sayilarla-zaman-1\/#primaryimage"},"image":{"@id":"https:\/\/exceladvisor.org\/tr\/ondalik-sayilarla-zaman-1\/#primaryimage"},"thumbnailUrl":"https:\/\/exceladvisor.org\/wp-content\/uploads\/2023\/08\/1-convertir-le-temps-en-decimales-1.png","datePublished":"2023-11-11T15:51:08+00:00","dateModified":"2023-12-10T06:08:13+00:00","description":"Bu e\u011fitim bize zaman\u0131n de\u011ferini ondal\u0131k saat say\u0131s\u0131na d\u00f6n\u00fc\u015ft\u00fcrmek i\u00e7in Excel form\u00fcllerinin nas\u0131l yaz\u0131laca\u011f\u0131n\u0131 \u00f6\u011fretecek. Bunu kontrol edelim\u2026","breadcrumb":{"@id":"https:\/\/exceladvisor.org\/tr\/ondalik-sayilarla-zaman-1\/#breadcrumb"},"inLanguage":"tr","potentialAction":[{"@type":"ReadAction","target":["https:\/\/exceladvisor.org\/tr\/ondalik-sayilarla-zaman-1\/"]}]},{"@type":"ImageObject","inLanguage":"tr","@id":"https:\/\/exceladvisor.org\/tr\/ondalik-sayilarla-zaman-1\/#primaryimage","url":"https:\/\/exceladvisor.org\/wp-content\/uploads\/2023\/08\/1-convertir-le-temps-en-decimales-1.png","contentUrl":"https:\/\/exceladvisor.org\/wp-content\/uploads\/2023\/08\/1-convertir-le-temps-en-decimales-1.png"},{"@type":"BreadcrumbList","@id":"https:\/\/exceladvisor.org\/tr\/ondalik-sayilarla-zaman-1\/#breadcrumb","itemListElement":[{"@type":"ListItem","position":1,"name":"Ev","item":"https:\/\/exceladvisor.org\/tr\/"},{"@type":"ListItem","position":2,"name":"Zaman\u0131 ondal\u0131k say\u0131ya nas\u0131l d\u00f6n\u00fc\u015ft\u00fcrebilirim?"}]},{"@type":"WebSite","@id":"https:\/\/exceladvisor.org\/tr\/#website","url":"https:\/\/exceladvisor.org\/tr\/","name":"Excel Advisor","description":"Veri hakimiyetine y\u00f6nelik nihai rehberiniz!","publisher":{"@id":"https:\/\/exceladvisor.org\/tr\/#organization"},"potentialAction":[{"@type":"SearchAction","target":{"@type":"EntryPoint","urlTemplate":"https:\/\/exceladvisor.org\/tr\/?s={search_term_string}"},"query-input":{"@type":"PropertyValueSpecification","valueRequired":true,"valueName":"search_term_string"}}],"inLanguage":"tr"},{"@type":"Organization","@id":"https:\/\/exceladvisor.org\/tr\/#organization","name":"Excel Advisor","url":"https:\/\/exceladvisor.org\/tr\/","logo":{"@type":"ImageObject","inLanguage":"tr","@id":"https:\/\/exceladvisor.org\/tr\/#\/schema\/logo\/image\/","url":"https:\/\/exceladvisor.org\/tr\/wp-content\/uploads\/2023\/12\/exceladvisor.org_.png","contentUrl":"https:\/\/exceladvisor.org\/tr\/wp-content\/uploads\/2023\/12\/exceladvisor.org_.png","width":105,"height":36,"caption":"Excel Advisor"},"image":{"@id":"https:\/\/exceladvisor.org\/tr\/#\/schema\/logo\/image\/"}}]}},"yoast_meta":{"yoast_wpseo_title":"","yoast_wpseo_metadesc":"","yoast_wpseo_canonical":""},"_links":{"self":[{"href":"https:\/\/exceladvisor.org\/tr\/wp-json\/wp\/v2\/pages\/1679","targetHints":{"allow":["GET"]}}],"collection":[{"href":"https:\/\/exceladvisor.org\/tr\/wp-json\/wp\/v2\/pages"}],"about":[{"href":"https:\/\/exceladvisor.org\/tr\/wp-json\/wp\/v2\/types\/page"}],"author":[{"embeddable":true,"href":"https:\/\/exceladvisor.org\/tr\/wp-json\/wp\/v2\/users\/1"}],"replies":[{"embeddable":true,"href":"https:\/\/exceladvisor.org\/tr\/wp-json\/wp\/v2\/comments?post=1679"}],"version-history":[{"count":1,"href":"https:\/\/exceladvisor.org\/tr\/wp-json\/wp\/v2\/pages\/1679\/revisions"}],"predecessor-version":[{"id":2975,"href":"https:\/\/exceladvisor.org\/tr\/wp-json\/wp\/v2\/pages\/1679\/revisions\/2975"}],"wp:attachment":[{"href":"https:\/\/exceladvisor.org\/tr\/wp-json\/wp\/v2\/media?parent=1679"}],"curies":[{"name":"wp","href":"https:\/\/api.w.org\/{rel}","templated":true}]}}