{"id":1680,"date":"2023-11-11T15:36:54","date_gmt":"2023-11-11T15:36:54","guid":{"rendered":"https:\/\/exceladvisor.org\/tr\/otomatik-toplam-1\/"},"modified":"2023-12-10T06:01:57","modified_gmt":"2023-12-10T06:01:57","slug":"otomatik-toplam-1","status":"publish","type":"page","link":"https:\/\/exceladvisor.org\/tr\/otomatik-toplam-1\/","title":{"rendered":"Excel&#39;de otomatik toplam nas\u0131l kullan\u0131l\u0131r?"},"content":{"rendered":"<div class=\"excel-icerikten-once\" id=\"excel-2147010676\"><script type=\"text\/javascript\">\r\n\tatOptions = {\r\n\t\t'key' : 'c1158f160081d6540a8409e6925dab94',\r\n\t\t'format' : 'iframe',\r\n\t\t'height' : 250,\r\n\t\t'width' : 300,\r\n\t\t'params' : {}\r\n\t};\r\n<\/script>\r\n<script type=\"text\/javascript\" src=\"\/\/www.highperformanceformat.com\/c1158f160081d6540a8409e6925dab94\/invoke.js\"><\/script><\/div> <p>Excel&#8217;de otomatik toplam\u0131 kullanmak i\u00e7in eklemek istedi\u011finiz de\u011ferlerin alt\u0131ndaki veya sa\u011f\u0131ndaki h\u00fccreyi se\u00e7melisiniz. Bunu yapt\u0131ktan sonra klavye k\u0131sayolunu kullanabilir veya \u015feridin Giri\u015f sekmesindeki se\u00e7ene\u011fi kullanabilirsiniz. Otomatik Toplam, bir aral\u0131kta sahip oldu\u011funuz de\u011ferlerin toplam\u0131n\u0131 h\u0131zl\u0131 bir \u015fekilde hesaplaman\u0131za olanak tan\u0131yan bir se\u00e7enektir.<\/p><h2 class=\"wp-block-heading\"> Bir s\u00fctun i\u00e7in otomatik toplam<\/h2><p> A\u015fa\u011f\u0131daki ad\u0131mlar\u0131 kullanabilirsiniz:<\/p><ol><li> \u00d6ncelikle, de\u011feri olan son h\u00fccrenin hemen alt\u0131ndaki h\u00fccreyi se\u00e7in. <br><img loading=\"lazy\" decoding=\"async\" title=\"1-son-h\u00fccre-a\u015fa\u011f\u0131daki-de\u011ferler\" src=\"https:\/\/exceladvisor.org\/wp-content\/uploads\/2023\/08\/1-derniere-cellule-sous-les-valeurs.png\" sizes=\"auto, \" srcset=\"\" alt=\"last-cell-below-values\" width=\"402\" height=\"297\"><\/li><li> Bundan sonra Ana Sayfa sekmesine gidin ve Otomatik Toplam a\u00e7\u0131l\u0131r men\u00fcs\u00fcne t\u0131klay\u0131n. <br><img loading=\"lazy\" decoding=\"async\" title=\"Otomatik toplam 2 a\u00e7\u0131l\u0131r listesi\" src=\"https:\/\/exceladvisor.org\/wp-content\/uploads\/2023\/08\/2-liste-deroulante-de-somme-automatique.png\" sizes=\"auto, \" srcset=\"\" alt=\"autosum-drop-down\" width=\"476\" height=\"231\"><\/li><li> \u015eimdi a\u00e7\u0131l\u0131r listeden \u201cTopla\u201dy\u0131 se\u00e7in. <br><img loading=\"lazy\" decoding=\"async\" title=\"3'l\u00fc toplam a\u00e7\u0131l\u0131r men\u00fc\" src=\"https:\/\/exceladvisor.org\/wp-content\/uploads\/2023\/08\/3-somme-du-menu-deroulant.png\" sizes=\"auto, \" srcset=\"\" alt=\"sum-from-drop-down\" width=\"214\" height=\"252\"><\/li><li> Se\u00e7ti\u011finizde, h\u00fccrenin \u00fczerindeki aral\u0131\u011fa at\u0131fta bulunarak toplam i\u015flevini se\u00e7ilen h\u00fccreye ekleyecektir. <br><img loading=\"lazy\" decoding=\"async\" title=\"4-fonksiyonlu-aral\u0131kl\u0131-toplam\" src=\"https:\/\/exceladvisor.org\/wp-content\/uploads\/2023\/08\/4-fonction-somme-avec-plage.png\" sizes=\"auto, \" srcset=\"\" alt=\"sum-function-with-range\" width=\"293\" height=\"352\"><\/li><li> Sonunda sonucu almak i\u00e7in Enter tu\u015funa bas\u0131n.<\/li><\/ol><p> Bu size, bir h\u00fccreye manuel olarak ekledi\u011finiz SUM i\u015flevinin ayn\u0131s\u0131n\u0131 verir. <\/p><div class=\"wp-block-image\"><figure class=\"aligncenter size-full is-resized\"><img loading=\"lazy\" decoding=\"async\" class=\"wp-image-79233\" src=\"https:\/\/exceladvisor.org\/wp-content\/uploads\/2023\/08\/5-fonction-somme1.png\" sizes=\"auto, \" srcset=\"\" alt=\"toplam i\u015flevi\" width=\"439\" height=\"384\"><\/figure><\/div><h2 class=\"wp-block-heading\"> Bir s\u00fctun i\u00e7in otomatik toplam<\/h2><p> Bir sat\u0131r\u0131n toplam\u0131n\u0131 almak istiyorsan\u0131z de\u011ferlerin sa\u011f\u0131ndaki (son de\u011ferin yan\u0131ndaki) h\u00fccreyi se\u00e7meniz gerekir. <\/p><div class=\"wp-block-image\"><figure class=\"aligncenter size-full is-resized\"><img loading=\"lazy\" decoding=\"async\" class=\"wp-image-79234\" src=\"https:\/\/exceladvisor.org\/wp-content\/uploads\/2023\/08\/6-au-total-de-rangee.png\" sizes=\"auto, \" srcset=\"\" alt=\"sat\u0131r toplam\u0131\" width=\"584\" height=\"131\"><\/figure><\/div><p> \u015eimdi s\u00fctun i\u00e7in kulland\u0131\u011f\u0131m\u0131z ad\u0131mlar\u0131n ayn\u0131s\u0131n\u0131 kullan\u0131n. <\/p><div class=\"wp-block-image\"><figure class=\"aligncenter size-full is-resized\"><img loading=\"lazy\" decoding=\"async\" class=\"wp-image-79235\" src=\"https:\/\/exceladvisor.org\/wp-content\/uploads\/2023\/08\/7-somme-pour-les-lignes.png\" sizes=\"auto, \" srcset=\"\" alt=\"sat\u0131rlar i\u00e7in toplam\" width=\"684\" height=\"161\"><\/figure><\/div><p> Sonunda toplam\u0131 almak i\u00e7in Enter tu\u015funa bas\u0131n. <\/p><div class=\"wp-block-image\"><figure class=\"aligncenter size-full is-resized\"><img loading=\"lazy\" decoding=\"async\" class=\"wp-image-79236\" src=\"https:\/\/exceladvisor.org\/wp-content\/uploads\/2023\/08\/8-appuyez-sur-entree-pour-obtenir-la-somme.png\" sizes=\"auto, \" srcset=\"\" alt=\"toplam\u0131 almak i\u00e7in enter tu\u015funa bas\u0131n\" width=\"685\" height=\"155\"><\/figure><\/div><h2 class=\"wp-block-heading\"> Otomatik Toplam i\u00e7in Klavye K\u0131sayolunu Kullanma<\/h2><p> Otomatik toplama i\u00e7in bir klavye k\u0131sayolu da kullanabilirsiniz. Tek yapman\u0131z gereken h\u00fccreyi se\u00e7ip Alt+= klavye k\u0131sayoluna basmakt\u0131r. Bu sayfadan bunun hakk\u0131nda daha fazla bilgi edinebilirsiniz. <\/p><div class=\"wp-block-image\"><figure class=\"aligncenter size-full is-resized\"><img loading=\"lazy\" decoding=\"async\" class=\"wp-image-79237\" src=\"https:\/\/exceladvisor.org\/wp-content\/uploads\/2023\/08\/9-raccourci-pour-la-somme.png\" sizes=\"auto, \" srcset=\"\" alt=\"toplam i\u00e7in k\u0131sayol\" width=\"306\" height=\"142\"><\/figure><\/div><h2 class=\"wp-block-heading\"> Tablonun tamam\u0131 i\u00e7in otomatik toplam\u0131 kullan\u0131n<\/h2><p> Excel&#8217;deki bir tabloya toplam sat\u0131r ve s\u00fctun eklemek i\u00e7in otomatik toplam\u0131 da kullanabilirsiniz. S\u00fctunlar\u0131n alt\u0131ndaki h\u00fccreleri, ard\u0131ndan sat\u0131rlar\u0131n sa\u011f\u0131ndaki h\u00fccreleri se\u00e7in. <\/p><div class=\"wp-block-image\"><figure class=\"aligncenter size-full is-resized\"><img loading=\"lazy\" decoding=\"async\" class=\"wp-image-79238\" src=\"https:\/\/exceladvisor.org\/wp-content\/uploads\/2023\/08\/10-somme-automatique-pour-toute-la-table.png\" sizes=\"auto, \" srcset=\"\" alt=\"t\u00fcm tablonun otomatik toplam\u0131\" width=\"787\" height=\"344\"><\/figure><\/div><p> Daha sonra Alt+= klavye k\u0131sayolunu kullan\u0131n veya giri\u015f sekmesindeki otomatik toplama se\u00e7ene\u011fini kullan\u0131n. T\u00fcm s\u00fctunlar\u0131n ve sat\u0131rlar\u0131n toplam\u0131n\u0131 alacakt\u0131r. <\/p><div class=\"gb-container gb-container-52dfcee1 gb-container-sample-file\"><h2 class=\"gb-headline gb-headline-e289c143 gb-headline-text gb-headline-4f7959c2\"> Excel dosyas\u0131n\u0131 al\u0131n<\/h2><p> <a class=\"gb-button gb-button-e88d6bee gb-button-text gb-button-button1\" href=\"https:\/\/exceladvisor.org\/wp-content\/uploads\/2023\/08\/somme-automatique.xlsx\" rel=\"nofollow\">\u0130ndirmek<\/a><\/p><\/div><div class=\"gb-container gb-container-0df56012 gb-container-mt\"> <a class=\"gb-button gb-button-f9f432f4 gb-button-text gb-button-mt-button\" href=\"https:\/\/exceladvisor.org\/tr\/formuller\/\">Excel form\u00fcllerinin listesi<\/a><h2 class=\"gb-headline gb-headline-233444e8 gb-headline-text gb-headline-mt-heading\"> \u0130lgili form\u00fcller <\/h2><div class=\"gb-grid-wrapper gb-grid-wrapper-a16fa65c gb-grid-wrapper-mt-grid\"><div class=\"gb-grid-column gb-grid-column-50d07e0d\"><div class=\"gb-container gb-container-50d07e0d\"><ul><li> <a href=\"https:\/\/exceladvisor.org\/tr\/sutunun-tamamini-ekle\/\">Excel&#8217;de bir s\u00fctunun veya sat\u0131r\u0131n tamam\u0131n\u0131 ekleme<\/a><\/li><li> <a href=\"https:\/\/exceladvisor.org\/tr\/yalnizca-gorunur-hucreleri-ekle\/\">Excel&#8217;de yaln\u0131zca g\u00f6r\u00fcn\u00fcr h\u00fccreleri topla<\/a><\/li><li> <a href=\"https:\/\/exceladvisor.org\/tr\/rastgele-hucreler-ekle\/\">Excel&#8217;deki rastgele h\u00fccrelerin toplam\u0131<\/a><\/li><li> <a href=\"https:\/\/exceladvisor.org\/tr\/toplam-satir\/\">Excel&#8217;de toplam sat\u0131r ekleme<\/a><\/li><li> <a href=\"https:\/\/exceladvisor.org\/tr\/dolayli-toplam-2\/\">SUM ile DOLAYLI<\/a><\/li><li> <a href=\"https:\/\/exceladvisor.org\/tr\/toplam-birikir-1\/\">Birikimli toplam<\/a><\/li><li> <a href=\"https:\/\/exceladvisor.org\/tr\/kareler-toplami-2\/\">Karelerin toplam\u0131<\/a> <\/li><\/ul><\/div><\/div><div class=\"gb-grid-column gb-grid-column-5b4a0cf9\"><div class=\"gb-container gb-container-5b4a0cf9\"><\/div><\/div><\/div><\/div>","protected":false},"excerpt":{"rendered":"","protected":false},"author":1,"featured_media":0,"parent":0,"menu_order":0,"comment_status":"open","ping_status":"closed","template":"","meta":{"ub_ctt_via":"","footnotes":""},"class_list":["post-1680","page","type-page","status-publish","hentry"],"featured_image_src":null,"yoast_head":"<!-- This site is optimized with the Yoast SEO plugin v25.4 - https:\/\/yoast.com\/wordpress\/plugins\/seo\/ -->\n<title>\u25b7 Excel&#039;de otomatik toplam nas\u0131l kullan\u0131l\u0131r?<\/title>\n<meta name=\"description\" content=\"Bu e\u011fitim size, arad\u0131\u011f\u0131n\u0131z de\u011ferlerin toplam\u0131n\u0131 h\u0131zl\u0131 bir \u015fekilde elde etmek i\u00e7in Excel&#039;in otomatik toplam i\u015flevini nas\u0131l kullanaca\u011f\u0131n\u0131z\u0131 \u00f6\u011fretecektir.\" \/>\n<meta name=\"robots\" content=\"index, follow, max-snippet:-1, max-image-preview:large, max-video-preview:-1\" \/>\n<link rel=\"canonical\" href=\"https:\/\/exceladvisor.org\/tr\/otomatik-toplam-1\/\" \/>\n<meta property=\"og:locale\" content=\"tr_TR\" \/>\n<meta property=\"og:type\" content=\"article\" \/>\n<meta property=\"og:title\" content=\"\u25b7 Excel&#039;de otomatik toplam nas\u0131l kullan\u0131l\u0131r?\" \/>\n<meta property=\"og:description\" content=\"Bu e\u011fitim size, arad\u0131\u011f\u0131n\u0131z de\u011ferlerin toplam\u0131n\u0131 h\u0131zl\u0131 bir \u015fekilde elde etmek i\u00e7in Excel&#039;in otomatik toplam i\u015flevini nas\u0131l kullanaca\u011f\u0131n\u0131z\u0131 \u00f6\u011fretecektir.\" \/>\n<meta property=\"og:url\" content=\"https:\/\/exceladvisor.org\/tr\/otomatik-toplam-1\/\" \/>\n<meta property=\"og:site_name\" content=\"Excel Advisor\" \/>\n<meta property=\"article:modified_time\" content=\"2023-12-10T06:01:57+00:00\" \/>\n<meta property=\"og:image\" content=\"https:\/\/exceladvisor.org\/wp-content\/uploads\/2023\/08\/1-derniere-cellule-sous-les-valeurs.png\" \/>\n<meta name=\"twitter:card\" content=\"summary_large_image\" \/>\n<meta name=\"twitter:label1\" content=\"Tahmini okuma s\u00fcresi\" \/>\n\t<meta name=\"twitter:data1\" content=\"2 dakika\" \/>\n<script type=\"application\/ld+json\" class=\"yoast-schema-graph\">{\"@context\":\"https:\/\/schema.org\",\"@graph\":[{\"@type\":\"WebPage\",\"@id\":\"https:\/\/exceladvisor.org\/tr\/otomatik-toplam-1\/\",\"url\":\"https:\/\/exceladvisor.org\/tr\/otomatik-toplam-1\/\",\"name\":\"\u25b7 Excel&#39;de otomatik toplam nas\u0131l kullan\u0131l\u0131r?\",\"isPartOf\":{\"@id\":\"https:\/\/exceladvisor.org\/tr\/#website\"},\"primaryImageOfPage\":{\"@id\":\"https:\/\/exceladvisor.org\/tr\/otomatik-toplam-1\/#primaryimage\"},\"image\":{\"@id\":\"https:\/\/exceladvisor.org\/tr\/otomatik-toplam-1\/#primaryimage\"},\"thumbnailUrl\":\"https:\/\/exceladvisor.org\/wp-content\/uploads\/2023\/08\/1-derniere-cellule-sous-les-valeurs.png\",\"datePublished\":\"2023-11-11T15:36:54+00:00\",\"dateModified\":\"2023-12-10T06:01:57+00:00\",\"description\":\"Bu e\u011fitim size, arad\u0131\u011f\u0131n\u0131z de\u011ferlerin toplam\u0131n\u0131 h\u0131zl\u0131 bir \u015fekilde elde etmek i\u00e7in Excel&#39;in otomatik toplam i\u015flevini nas\u0131l kullanaca\u011f\u0131n\u0131z\u0131 \u00f6\u011fretecektir.\",\"breadcrumb\":{\"@id\":\"https:\/\/exceladvisor.org\/tr\/otomatik-toplam-1\/#breadcrumb\"},\"inLanguage\":\"tr\",\"potentialAction\":[{\"@type\":\"ReadAction\",\"target\":[\"https:\/\/exceladvisor.org\/tr\/otomatik-toplam-1\/\"]}]},{\"@type\":\"ImageObject\",\"inLanguage\":\"tr\",\"@id\":\"https:\/\/exceladvisor.org\/tr\/otomatik-toplam-1\/#primaryimage\",\"url\":\"https:\/\/exceladvisor.org\/wp-content\/uploads\/2023\/08\/1-derniere-cellule-sous-les-valeurs.png\",\"contentUrl\":\"https:\/\/exceladvisor.org\/wp-content\/uploads\/2023\/08\/1-derniere-cellule-sous-les-valeurs.png\"},{\"@type\":\"BreadcrumbList\",\"@id\":\"https:\/\/exceladvisor.org\/tr\/otomatik-toplam-1\/#breadcrumb\",\"itemListElement\":[{\"@type\":\"ListItem\",\"position\":1,\"name\":\"Ev\",\"item\":\"https:\/\/exceladvisor.org\/tr\/\"},{\"@type\":\"ListItem\",\"position\":2,\"name\":\"Excel&#39;de otomatik toplam nas\u0131l kullan\u0131l\u0131r?\"}]},{\"@type\":\"WebSite\",\"@id\":\"https:\/\/exceladvisor.org\/tr\/#website\",\"url\":\"https:\/\/exceladvisor.org\/tr\/\",\"name\":\"Excel Advisor\",\"description\":\"Veri hakimiyetine y\u00f6nelik nihai rehberiniz!\",\"publisher\":{\"@id\":\"https:\/\/exceladvisor.org\/tr\/#organization\"},\"potentialAction\":[{\"@type\":\"SearchAction\",\"target\":{\"@type\":\"EntryPoint\",\"urlTemplate\":\"https:\/\/exceladvisor.org\/tr\/?s={search_term_string}\"},\"query-input\":{\"@type\":\"PropertyValueSpecification\",\"valueRequired\":true,\"valueName\":\"search_term_string\"}}],\"inLanguage\":\"tr\"},{\"@type\":\"Organization\",\"@id\":\"https:\/\/exceladvisor.org\/tr\/#organization\",\"name\":\"Excel Advisor\",\"url\":\"https:\/\/exceladvisor.org\/tr\/\",\"logo\":{\"@type\":\"ImageObject\",\"inLanguage\":\"tr\",\"@id\":\"https:\/\/exceladvisor.org\/tr\/#\/schema\/logo\/image\/\",\"url\":\"https:\/\/exceladvisor.org\/tr\/wp-content\/uploads\/2023\/12\/exceladvisor.org_.png\",\"contentUrl\":\"https:\/\/exceladvisor.org\/tr\/wp-content\/uploads\/2023\/12\/exceladvisor.org_.png\",\"width\":105,\"height\":36,\"caption\":\"Excel Advisor\"},\"image\":{\"@id\":\"https:\/\/exceladvisor.org\/tr\/#\/schema\/logo\/image\/\"}}]}<\/script>\n<!-- \/ Yoast SEO plugin. -->","yoast_head_json":{"title":"\u25b7 Excel&#39;de otomatik toplam nas\u0131l kullan\u0131l\u0131r?","description":"Bu e\u011fitim size, arad\u0131\u011f\u0131n\u0131z de\u011ferlerin toplam\u0131n\u0131 h\u0131zl\u0131 bir \u015fekilde elde etmek i\u00e7in Excel&#39;in otomatik toplam i\u015flevini nas\u0131l kullanaca\u011f\u0131n\u0131z\u0131 \u00f6\u011fretecektir.","robots":{"index":"index","follow":"follow","max-snippet":"max-snippet:-1","max-image-preview":"max-image-preview:large","max-video-preview":"max-video-preview:-1"},"canonical":"https:\/\/exceladvisor.org\/tr\/otomatik-toplam-1\/","og_locale":"tr_TR","og_type":"article","og_title":"\u25b7 Excel&#39;de otomatik toplam nas\u0131l kullan\u0131l\u0131r?","og_description":"Bu e\u011fitim size, arad\u0131\u011f\u0131n\u0131z de\u011ferlerin toplam\u0131n\u0131 h\u0131zl\u0131 bir \u015fekilde elde etmek i\u00e7in Excel&#39;in otomatik toplam i\u015flevini nas\u0131l kullanaca\u011f\u0131n\u0131z\u0131 \u00f6\u011fretecektir.","og_url":"https:\/\/exceladvisor.org\/tr\/otomatik-toplam-1\/","og_site_name":"Excel Advisor","article_modified_time":"2023-12-10T06:01:57+00:00","og_image":[{"url":"https:\/\/exceladvisor.org\/wp-content\/uploads\/2023\/08\/1-derniere-cellule-sous-les-valeurs.png","type":"","width":"","height":""}],"twitter_card":"summary_large_image","twitter_misc":{"Tahmini okuma s\u00fcresi":"2 dakika"},"schema":{"@context":"https:\/\/schema.org","@graph":[{"@type":"WebPage","@id":"https:\/\/exceladvisor.org\/tr\/otomatik-toplam-1\/","url":"https:\/\/exceladvisor.org\/tr\/otomatik-toplam-1\/","name":"\u25b7 Excel&#39;de otomatik toplam nas\u0131l kullan\u0131l\u0131r?","isPartOf":{"@id":"https:\/\/exceladvisor.org\/tr\/#website"},"primaryImageOfPage":{"@id":"https:\/\/exceladvisor.org\/tr\/otomatik-toplam-1\/#primaryimage"},"image":{"@id":"https:\/\/exceladvisor.org\/tr\/otomatik-toplam-1\/#primaryimage"},"thumbnailUrl":"https:\/\/exceladvisor.org\/wp-content\/uploads\/2023\/08\/1-derniere-cellule-sous-les-valeurs.png","datePublished":"2023-11-11T15:36:54+00:00","dateModified":"2023-12-10T06:01:57+00:00","description":"Bu e\u011fitim size, arad\u0131\u011f\u0131n\u0131z de\u011ferlerin toplam\u0131n\u0131 h\u0131zl\u0131 bir \u015fekilde elde etmek i\u00e7in Excel&#39;in otomatik toplam i\u015flevini nas\u0131l kullanaca\u011f\u0131n\u0131z\u0131 \u00f6\u011fretecektir.","breadcrumb":{"@id":"https:\/\/exceladvisor.org\/tr\/otomatik-toplam-1\/#breadcrumb"},"inLanguage":"tr","potentialAction":[{"@type":"ReadAction","target":["https:\/\/exceladvisor.org\/tr\/otomatik-toplam-1\/"]}]},{"@type":"ImageObject","inLanguage":"tr","@id":"https:\/\/exceladvisor.org\/tr\/otomatik-toplam-1\/#primaryimage","url":"https:\/\/exceladvisor.org\/wp-content\/uploads\/2023\/08\/1-derniere-cellule-sous-les-valeurs.png","contentUrl":"https:\/\/exceladvisor.org\/wp-content\/uploads\/2023\/08\/1-derniere-cellule-sous-les-valeurs.png"},{"@type":"BreadcrumbList","@id":"https:\/\/exceladvisor.org\/tr\/otomatik-toplam-1\/#breadcrumb","itemListElement":[{"@type":"ListItem","position":1,"name":"Ev","item":"https:\/\/exceladvisor.org\/tr\/"},{"@type":"ListItem","position":2,"name":"Excel&#39;de otomatik toplam nas\u0131l kullan\u0131l\u0131r?"}]},{"@type":"WebSite","@id":"https:\/\/exceladvisor.org\/tr\/#website","url":"https:\/\/exceladvisor.org\/tr\/","name":"Excel Advisor","description":"Veri hakimiyetine y\u00f6nelik nihai rehberiniz!","publisher":{"@id":"https:\/\/exceladvisor.org\/tr\/#organization"},"potentialAction":[{"@type":"SearchAction","target":{"@type":"EntryPoint","urlTemplate":"https:\/\/exceladvisor.org\/tr\/?s={search_term_string}"},"query-input":{"@type":"PropertyValueSpecification","valueRequired":true,"valueName":"search_term_string"}}],"inLanguage":"tr"},{"@type":"Organization","@id":"https:\/\/exceladvisor.org\/tr\/#organization","name":"Excel Advisor","url":"https:\/\/exceladvisor.org\/tr\/","logo":{"@type":"ImageObject","inLanguage":"tr","@id":"https:\/\/exceladvisor.org\/tr\/#\/schema\/logo\/image\/","url":"https:\/\/exceladvisor.org\/tr\/wp-content\/uploads\/2023\/12\/exceladvisor.org_.png","contentUrl":"https:\/\/exceladvisor.org\/tr\/wp-content\/uploads\/2023\/12\/exceladvisor.org_.png","width":105,"height":36,"caption":"Excel Advisor"},"image":{"@id":"https:\/\/exceladvisor.org\/tr\/#\/schema\/logo\/image\/"}}]}},"yoast_meta":{"yoast_wpseo_title":"","yoast_wpseo_metadesc":"","yoast_wpseo_canonical":""},"_links":{"self":[{"href":"https:\/\/exceladvisor.org\/tr\/wp-json\/wp\/v2\/pages\/1680","targetHints":{"allow":["GET"]}}],"collection":[{"href":"https:\/\/exceladvisor.org\/tr\/wp-json\/wp\/v2\/pages"}],"about":[{"href":"https:\/\/exceladvisor.org\/tr\/wp-json\/wp\/v2\/types\/page"}],"author":[{"embeddable":true,"href":"https:\/\/exceladvisor.org\/tr\/wp-json\/wp\/v2\/users\/1"}],"replies":[{"embeddable":true,"href":"https:\/\/exceladvisor.org\/tr\/wp-json\/wp\/v2\/comments?post=1680"}],"version-history":[{"count":1,"href":"https:\/\/exceladvisor.org\/tr\/wp-json\/wp\/v2\/pages\/1680\/revisions"}],"predecessor-version":[{"id":2568,"href":"https:\/\/exceladvisor.org\/tr\/wp-json\/wp\/v2\/pages\/1680\/revisions\/2568"}],"wp:attachment":[{"href":"https:\/\/exceladvisor.org\/tr\/wp-json\/wp\/v2\/media?parent=1680"}],"curies":[{"name":"wp","href":"https:\/\/api.w.org\/{rel}","templated":true}]}}