{"id":1681,"date":"2023-11-11T15:33:29","date_gmt":"2023-11-11T15:33:29","guid":{"rendered":"https:\/\/exceladvisor.org\/tr\/kumulatif-toplam-2\/"},"modified":"2023-12-10T05:59:19","modified_gmt":"2023-12-10T05:59:19","slug":"kumulatif-toplam-2","status":"publish","type":"page","link":"https:\/\/exceladvisor.org\/tr\/kumulatif-toplam-2\/","title":{"rendered":"De\u011ferlerin k\u00fcm\u00fclatif toplam\u0131 nas\u0131l hesaplan\u0131r?"},"content":{"rendered":"<div class=\"excel-icerikten-once\" id=\"excel-2565657709\"><script type=\"text\/javascript\">\r\n\tatOptions = {\r\n\t\t'key' : 'c1158f160081d6540a8409e6925dab94',\r\n\t\t'format' : 'iframe',\r\n\t\t'height' : 250,\r\n\t\t'width' : 300,\r\n\t\t'params' : {}\r\n\t};\r\n<\/script>\r\n<script type=\"text\/javascript\" src=\"\/\/www.highperformanceformat.com\/c1158f160081d6540a8409e6925dab94\/invoke.js\"><\/script><\/div> <p>Excel&#8217;deki k\u00fcm\u00fclatif toplam\u0131 hesaplamak i\u00e7in SUM form\u00fcl\u00fcn\u00fc kullanman\u0131z gerekir. Form\u00fcldeki \u00f6nceki de\u011ferlere ve mevcut de\u011fere ba\u015fvurman\u0131z ve ard\u0131ndan bu form\u00fcl\u00fc, cari toplam\u0131 (harici toplam) hesaplamak istedi\u011finiz t\u00fcm h\u00fccrelere s\u00fcr\u00fcklemeniz gerekir.<\/p><p> Bu derste, farkl\u0131 durumlarla ba\u015fa \u00e7\u0131kmak i\u00e7in bu form\u00fcl\u00fc ve di\u011fer birka\u00e7 form\u00fcl\u00fc nas\u0131l yazaca\u011f\u0131m\u0131z\u0131 \u00f6\u011frenece\u011fiz.<\/p><h2 class=\"wp-block-heading\"> K\u00fcm\u00fclatif toplam\u0131 hesaplamak i\u00e7in form\u00fcl<\/h2><p> A\u015fa\u011f\u0131daki ad\u0131mlar\u0131 kullanabilirsiniz:<\/p><ol type=\"1\"><li> \u0130lk \u00f6nce toplam fonksiyonunu C2 h\u00fccresine girin.<\/li><li> Daha sonra B2:B3 aral\u0131\u011f\u0131na bak\u0131n. Bu aral\u0131k 1. ve 2. g\u00fcn miktarlar\u0131n\u0131 i\u00e7erir.<\/li><li> \u015eimdi h\u00fccre referans\u0131n\u0131n sat\u0131r numaras\u0131ndan \u00f6nce dolar i\u015faretini kullan\u0131n.<\/li><li> Daha sonra iki g\u00fcn\u00fcn (1 ve 2) toplam\u0131n\u0131 almak i\u00e7in i\u015flevi girin.<\/li><li> Sonunda, t\u00fcm g\u00fcnlerin toplam\u0131n\u0131 almak i\u00e7in form\u00fcl\u00fc s\u00fctunun son h\u00fccresine s\u00fcr\u00fckleyin. <\/li><\/ol><div class=\"wp-block-image\"><figure class=\"aligncenter size-full is-resized\"><img loading=\"lazy\" decoding=\"async\" class=\"wp-image-79324\" src=\"https:\/\/exceladvisor.org\/wp-content\/uploads\/2023\/08\/1-formule-de-somme-cumulee.png\" sizes=\"auto, \" srcset=\"\" alt=\"k\u00fcm\u00fclatif-toplam form\u00fcl\u00fc\" width=\"520\" height=\"519\"><\/figure><\/div><p> Dolar i\u015faretini kulland\u0131\u011f\u0131n\u0131zda ilk h\u00fccreyi dondurdu\u011funu ve her h\u00fccrede \u00f6nceki t\u00fcm g\u00fcnlerin k\u00fcm\u00fclatif toplam\u0131n\u0131 hesaplad\u0131\u011f\u0131n\u0131 g\u00f6rebilirsiniz. <\/p><div class=\"wp-block-image\"><figure class=\"aligncenter size-full is-resized\"><img loading=\"lazy\" decoding=\"async\" class=\"wp-image-79325\" src=\"https:\/\/exceladvisor.org\/wp-content\/uploads\/2023\/08\/2-signe-pour-geler-la-valeur-precedente.png\" sizes=\"auto, \" srcset=\"\" alt=\"$-\u00f6nceki-de\u011feri dondurmak i\u00e7in imzala\" width=\"470\" height=\"406\"><\/figure><\/div><h2 class=\"wp-block-heading\"> Tarihe g\u00f6re k\u00fcm\u00fclatif toplam<\/h2><p> A s\u00fctunundaki gibi tarihleri olan verileriniz varsa. <\/p><div class=\"wp-block-image\"><figure class=\"aligncenter size-full is-resized\"><img loading=\"lazy\" decoding=\"async\" class=\"wp-image-79326\" src=\"https:\/\/exceladvisor.org\/wp-content\/uploads\/2023\/08\/3-somme-cumulee-par-date.png\" sizes=\"auto, \" srcset=\"\" alt=\"tarihe g\u00f6re k\u00fcm\u00fclatif toplam\" width=\"464\" height=\"501\"><\/figure><\/div><p> Tarihe g\u00f6re de\u011fi\u015fen toplam\u0131 elde etmek i\u00e7in \u00f6ncelikle verileri eskiden yeniye do\u011fru s\u0131ralaman\u0131z gerekir. <\/p><div class=\"wp-block-image\"><figure class=\"aligncenter size-full is-resized\"><img loading=\"lazy\" decoding=\"async\" class=\"wp-image-79327\" src=\"https:\/\/exceladvisor.org\/wp-content\/uploads\/2023\/08\/4-trier-la-date-de-lancien-au-nouveau.png\" sizes=\"auto, \" srcset=\"\" alt=\"tarihi-eskiden-yeniye-s\u0131ralama\" width=\"449\" height=\"487\"><\/figure><\/div><p> Daha sonra \u00f6nceki \u00f6rnekte yapt\u0131\u011f\u0131m\u0131z gibi form\u00fcl\u00fc yaz\u0131n. <\/p><div class=\"wp-block-image\"><figure class=\"aligncenter size-full is-resized\"><img loading=\"lazy\" decoding=\"async\" class=\"wp-image-79328\" src=\"https:\/\/exceladvisor.org\/wp-content\/uploads\/2023\/08\/5-somme-pour-obtenir-le-total-cumule-par-date.png\" sizes=\"auto, \" srcset=\"\" alt=\"toplam-al\u0131nacak-tarih-bilge-\u00e7al\u0131\u015fan-toplam\" width=\"462\" height=\"549\"><\/figure><\/div><p> Ve sonunda bu form\u00fcl\u00fc tarihin bulundu\u011fu son h\u00fccreye s\u00fcr\u00fckleyin. <\/p><div class=\"wp-block-image\"><figure class=\"aligncenter size-full is-resized\"><img loading=\"lazy\" decoding=\"async\" class=\"wp-image-79329\" src=\"https:\/\/exceladvisor.org\/wp-content\/uploads\/2023\/08\/6-faites-glisser-la-formule-jusqua-la-cellule-de-fin.png\" sizes=\"auto, \" srcset=\"\" alt=\"form\u00fcl\u00fc h\u00fccrenin sonuna s\u00fcr\u00fckleyin\" width=\"466\" height=\"522\"><\/figure><\/div><h2 class=\"wp-block-heading\"> Ayl\u0131k k\u00fcm\u00fclatif tutar<\/h2><p> A\u015fa\u011f\u0131daki \u00f6rnekte, A s\u00fctununda tarihler var ve cari toplam\u0131 tarih yerine ay baz\u0131nda hesaplamak istiyoruz. Bunun i\u00e7in yapman\u0131z gereken ilk \u015fey ay adlar\u0131n\u0131n bulundu\u011fu ayr\u0131 bir s\u00fctun eklemek. <\/p><div class=\"wp-block-image\"><figure class=\"aligncenter size-full is-resized\"><img loading=\"lazy\" decoding=\"async\" class=\"wp-image-79330\" src=\"https:\/\/exceladvisor.org\/wp-content\/uploads\/2023\/08\/7-somme-cumulee-par-mois.png\" sizes=\"auto, \" srcset=\"\" alt=\"ayl\u0131k k\u00fcm\u00fclatif toplam\" width=\"584\" height=\"441\"><\/figure><\/div><p> \u015eimdi bir sonraki s\u00fctuna orijinal tablodaki tarih ve miktar s\u00fctununa at\u0131fta bulunarak a\u015fa\u011f\u0131daki form\u00fcl\u00fc girin. <\/p><pre class=\"wp-block-code\"> <code class=\"language-excel-formula\" lang=\"excel-formula\">=SUMPRODUCT(--(TEXT($A$2:$A$11,\"MMM\")=D2),$B$2:$B$11)<\/code><\/pre><div class=\"wp-block-image\"><figure class=\"aligncenter size-full is-resized\"><img loading=\"lazy\" decoding=\"async\" class=\"wp-image-79331\" src=\"https:\/\/exceladvisor.org\/wp-content\/uploads\/2023\/08\/8-sumproduct-faisant-reference-a-la-date-et-a-la-quantite.png\" sizes=\"auto, \" srcset=\"\" alt=\"toplam-\u00fcr\u00fcn-referans-tarihi-ve-miktar\u0131\" width=\"656\" height=\"479\"><\/figure><\/div><p> Bu form\u00fcl size her ay i\u00e7in ayl\u0131k toplam verecektir. Ve tarihinizin olmad\u0131\u011f\u0131 aylar i\u00e7in 0 olacakt\u0131r. Buradan sonraki ad\u0131m, cari toplam (harici toplam) i\u00e7in bir s\u00fctun eklemektir.<\/p><p> Ayn\u0131 \u015fekilde toplam fonksiyonunu girin, E2 ve E3 h\u00fccrelerine bak\u0131n ve sat\u0131r numaras\u0131n\u0131n \u00f6n\u00fcndeki dolar i\u015faretini kullanarak E2 h\u00fccresi i\u00e7in sat\u0131r\u0131 dondurun. <\/p><div class=\"wp-block-image\"><figure class=\"aligncenter size-full is-resized\"><img loading=\"lazy\" decoding=\"async\" class=\"wp-image-79332\" src=\"https:\/\/exceladvisor.org\/wp-content\/uploads\/2023\/08\/9-entrez-la-formule-de-somme.png\" sizes=\"auto, \" srcset=\"\" alt=\"toplam form\u00fcl\u00fcn\u00fc girin\" width=\"643\" height=\"429\"><\/figure><\/div><p> Bundan sonra form\u00fcl\u00fc son h\u00fccre aya s\u00fcr\u00fckleyin. <\/p><div class=\"gb-container gb-container-52dfcee1 gb-container-sample-file\"><h2 class=\"gb-headline gb-headline-e289c143 gb-headline-text gb-headline-4f7959c2\"> Excel dosyas\u0131n\u0131 al\u0131n<\/h2> <a class=\"gb-button gb-button-e88d6bee gb-button-text gb-button-button1\" href=\"https:\/\/exceladvisor.org\/wp-content\/uploads\/2023\/11\/somme-cumulee.xlsx\" rel=\"nofollow\">\u0130ndirmek<\/a><\/div><div class=\"gb-container gb-container-0df56012 gb-container-mt\"> <a class=\"gb-button gb-button-f9f432f4 gb-button-text gb-button-mt-button\" href=\"https:\/\/exceladvisor.org\/tr\/formuller\/\">Excel form\u00fcllerinin listesi<\/a><h2 class=\"gb-headline gb-headline-233444e8 gb-headline-text gb-headline-mt-heading\"> \u0130lgili form\u00fcller <\/h2><div class=\"gb-grid-wrapper gb-grid-wrapper-a16fa65c gb-grid-wrapper-mt-grid\"><div class=\"gb-grid-column gb-grid-column-50d07e0d\"><div class=\"gb-container gb-container-50d07e0d\"><ul><li> Excel&#8217;de k\u00fcp k\u00f6k\u00fcn\u00fc hesaplay\u0131n<\/li><li> <a href=\"https:\/\/exceladvisor.org\/tr\/yuzde-farki\/\">Excel&#8217;de y\u00fczde varyans\u0131 (fark) hesaplay\u0131n<\/a><\/li><li> <a href=\"https:\/\/exceladvisor.org\/tr\/kare-kok\/\">Excel&#8217;de Karek\u00f6k Hesapla + Sembol Ekle<\/a><\/li><li> <a href=\"https:\/\/exceladvisor.org\/tr\/esit-degil\/\">Excel&#8217;deki operat\u00f6re e\u015fit de\u011fil<\/a> <\/li><\/ul><\/div><\/div><div class=\"gb-grid-column gb-grid-column-5b4a0cf9\"><div class=\"gb-container gb-container-5b4a0cf9\"><\/div><\/div><\/div><\/div>","protected":false},"excerpt":{"rendered":"","protected":false},"author":1,"featured_media":0,"parent":0,"menu_order":0,"comment_status":"open","ping_status":"closed","template":"","meta":{"ub_ctt_via":"","footnotes":""},"class_list":["post-1681","page","type-page","status-publish","hentry"],"featured_image_src":null,"yoast_head":"<!-- This site is optimized with the Yoast SEO plugin v25.4 - https:\/\/yoast.com\/wordpress\/plugins\/seo\/ -->\n<title>De\u011ferlerin k\u00fcm\u00fclatif toplam\u0131 nas\u0131l hesaplan\u0131r? - Excel Dan\u0131\u015fman\u0131<\/title>\n<meta name=\"description\" content=\"Bu e\u011fitim bize bir aral\u0131ktaki k\u00fcm\u00fclatif toplam\u0131 hesaplamak i\u00e7in Excel form\u00fcllerinin nas\u0131l yaz\u0131laca\u011f\u0131n\u0131 \u00f6\u011fretecektir. Bunu kontrol edelim\u2026\" \/>\n<meta name=\"robots\" content=\"index, follow, max-snippet:-1, max-image-preview:large, max-video-preview:-1\" \/>\n<link rel=\"canonical\" href=\"https:\/\/exceladvisor.org\/tr\/kumulatif-toplam-2\/\" \/>\n<meta property=\"og:locale\" content=\"tr_TR\" \/>\n<meta property=\"og:type\" content=\"article\" \/>\n<meta property=\"og:title\" content=\"De\u011ferlerin k\u00fcm\u00fclatif toplam\u0131 nas\u0131l hesaplan\u0131r? - Excel Dan\u0131\u015fman\u0131\" \/>\n<meta property=\"og:description\" content=\"Bu e\u011fitim bize bir aral\u0131ktaki k\u00fcm\u00fclatif toplam\u0131 hesaplamak i\u00e7in Excel form\u00fcllerinin nas\u0131l yaz\u0131laca\u011f\u0131n\u0131 \u00f6\u011fretecektir. Bunu kontrol edelim\u2026\" \/>\n<meta property=\"og:url\" content=\"https:\/\/exceladvisor.org\/tr\/kumulatif-toplam-2\/\" \/>\n<meta property=\"og:site_name\" content=\"Excel Advisor\" \/>\n<meta property=\"article:modified_time\" content=\"2023-12-10T05:59:19+00:00\" \/>\n<meta property=\"og:image\" content=\"https:\/\/exceladvisor.org\/wp-content\/uploads\/2023\/08\/1-formule-de-somme-cumulee.png\" \/>\n<meta name=\"twitter:card\" content=\"summary_large_image\" \/>\n<meta name=\"twitter:label1\" content=\"Tahmini okuma s\u00fcresi\" \/>\n\t<meta name=\"twitter:data1\" content=\"2 dakika\" \/>\n<script type=\"application\/ld+json\" class=\"yoast-schema-graph\">{\"@context\":\"https:\/\/schema.org\",\"@graph\":[{\"@type\":\"WebPage\",\"@id\":\"https:\/\/exceladvisor.org\/tr\/kumulatif-toplam-2\/\",\"url\":\"https:\/\/exceladvisor.org\/tr\/kumulatif-toplam-2\/\",\"name\":\"De\u011ferlerin k\u00fcm\u00fclatif toplam\u0131 nas\u0131l hesaplan\u0131r? - Excel Dan\u0131\u015fman\u0131\",\"isPartOf\":{\"@id\":\"https:\/\/exceladvisor.org\/tr\/#website\"},\"primaryImageOfPage\":{\"@id\":\"https:\/\/exceladvisor.org\/tr\/kumulatif-toplam-2\/#primaryimage\"},\"image\":{\"@id\":\"https:\/\/exceladvisor.org\/tr\/kumulatif-toplam-2\/#primaryimage\"},\"thumbnailUrl\":\"https:\/\/exceladvisor.org\/wp-content\/uploads\/2023\/08\/1-formule-de-somme-cumulee.png\",\"datePublished\":\"2023-11-11T15:33:29+00:00\",\"dateModified\":\"2023-12-10T05:59:19+00:00\",\"description\":\"Bu e\u011fitim bize bir aral\u0131ktaki k\u00fcm\u00fclatif toplam\u0131 hesaplamak i\u00e7in Excel form\u00fcllerinin nas\u0131l yaz\u0131laca\u011f\u0131n\u0131 \u00f6\u011fretecektir. Bunu kontrol edelim\u2026\",\"breadcrumb\":{\"@id\":\"https:\/\/exceladvisor.org\/tr\/kumulatif-toplam-2\/#breadcrumb\"},\"inLanguage\":\"tr\",\"potentialAction\":[{\"@type\":\"ReadAction\",\"target\":[\"https:\/\/exceladvisor.org\/tr\/kumulatif-toplam-2\/\"]}]},{\"@type\":\"ImageObject\",\"inLanguage\":\"tr\",\"@id\":\"https:\/\/exceladvisor.org\/tr\/kumulatif-toplam-2\/#primaryimage\",\"url\":\"https:\/\/exceladvisor.org\/wp-content\/uploads\/2023\/08\/1-formule-de-somme-cumulee.png\",\"contentUrl\":\"https:\/\/exceladvisor.org\/wp-content\/uploads\/2023\/08\/1-formule-de-somme-cumulee.png\"},{\"@type\":\"BreadcrumbList\",\"@id\":\"https:\/\/exceladvisor.org\/tr\/kumulatif-toplam-2\/#breadcrumb\",\"itemListElement\":[{\"@type\":\"ListItem\",\"position\":1,\"name\":\"Ev\",\"item\":\"https:\/\/exceladvisor.org\/tr\/\"},{\"@type\":\"ListItem\",\"position\":2,\"name\":\"De\u011ferlerin k\u00fcm\u00fclatif toplam\u0131 nas\u0131l hesaplan\u0131r?\"}]},{\"@type\":\"WebSite\",\"@id\":\"https:\/\/exceladvisor.org\/tr\/#website\",\"url\":\"https:\/\/exceladvisor.org\/tr\/\",\"name\":\"Excel Advisor\",\"description\":\"Veri hakimiyetine y\u00f6nelik nihai rehberiniz!\",\"publisher\":{\"@id\":\"https:\/\/exceladvisor.org\/tr\/#organization\"},\"potentialAction\":[{\"@type\":\"SearchAction\",\"target\":{\"@type\":\"EntryPoint\",\"urlTemplate\":\"https:\/\/exceladvisor.org\/tr\/?s={search_term_string}\"},\"query-input\":{\"@type\":\"PropertyValueSpecification\",\"valueRequired\":true,\"valueName\":\"search_term_string\"}}],\"inLanguage\":\"tr\"},{\"@type\":\"Organization\",\"@id\":\"https:\/\/exceladvisor.org\/tr\/#organization\",\"name\":\"Excel Advisor\",\"url\":\"https:\/\/exceladvisor.org\/tr\/\",\"logo\":{\"@type\":\"ImageObject\",\"inLanguage\":\"tr\",\"@id\":\"https:\/\/exceladvisor.org\/tr\/#\/schema\/logo\/image\/\",\"url\":\"https:\/\/exceladvisor.org\/tr\/wp-content\/uploads\/2023\/12\/exceladvisor.org_.png\",\"contentUrl\":\"https:\/\/exceladvisor.org\/tr\/wp-content\/uploads\/2023\/12\/exceladvisor.org_.png\",\"width\":105,\"height\":36,\"caption\":\"Excel Advisor\"},\"image\":{\"@id\":\"https:\/\/exceladvisor.org\/tr\/#\/schema\/logo\/image\/\"}}]}<\/script>\n<!-- \/ Yoast SEO plugin. -->","yoast_head_json":{"title":"De\u011ferlerin k\u00fcm\u00fclatif toplam\u0131 nas\u0131l hesaplan\u0131r? - Excel Dan\u0131\u015fman\u0131","description":"Bu e\u011fitim bize bir aral\u0131ktaki k\u00fcm\u00fclatif toplam\u0131 hesaplamak i\u00e7in Excel form\u00fcllerinin nas\u0131l yaz\u0131laca\u011f\u0131n\u0131 \u00f6\u011fretecektir. Bunu kontrol edelim\u2026","robots":{"index":"index","follow":"follow","max-snippet":"max-snippet:-1","max-image-preview":"max-image-preview:large","max-video-preview":"max-video-preview:-1"},"canonical":"https:\/\/exceladvisor.org\/tr\/kumulatif-toplam-2\/","og_locale":"tr_TR","og_type":"article","og_title":"De\u011ferlerin k\u00fcm\u00fclatif toplam\u0131 nas\u0131l hesaplan\u0131r? - Excel Dan\u0131\u015fman\u0131","og_description":"Bu e\u011fitim bize bir aral\u0131ktaki k\u00fcm\u00fclatif toplam\u0131 hesaplamak i\u00e7in Excel form\u00fcllerinin nas\u0131l yaz\u0131laca\u011f\u0131n\u0131 \u00f6\u011fretecektir. Bunu kontrol edelim\u2026","og_url":"https:\/\/exceladvisor.org\/tr\/kumulatif-toplam-2\/","og_site_name":"Excel Advisor","article_modified_time":"2023-12-10T05:59:19+00:00","og_image":[{"url":"https:\/\/exceladvisor.org\/wp-content\/uploads\/2023\/08\/1-formule-de-somme-cumulee.png","type":"","width":"","height":""}],"twitter_card":"summary_large_image","twitter_misc":{"Tahmini okuma s\u00fcresi":"2 dakika"},"schema":{"@context":"https:\/\/schema.org","@graph":[{"@type":"WebPage","@id":"https:\/\/exceladvisor.org\/tr\/kumulatif-toplam-2\/","url":"https:\/\/exceladvisor.org\/tr\/kumulatif-toplam-2\/","name":"De\u011ferlerin k\u00fcm\u00fclatif toplam\u0131 nas\u0131l hesaplan\u0131r? - Excel Dan\u0131\u015fman\u0131","isPartOf":{"@id":"https:\/\/exceladvisor.org\/tr\/#website"},"primaryImageOfPage":{"@id":"https:\/\/exceladvisor.org\/tr\/kumulatif-toplam-2\/#primaryimage"},"image":{"@id":"https:\/\/exceladvisor.org\/tr\/kumulatif-toplam-2\/#primaryimage"},"thumbnailUrl":"https:\/\/exceladvisor.org\/wp-content\/uploads\/2023\/08\/1-formule-de-somme-cumulee.png","datePublished":"2023-11-11T15:33:29+00:00","dateModified":"2023-12-10T05:59:19+00:00","description":"Bu e\u011fitim bize bir aral\u0131ktaki k\u00fcm\u00fclatif toplam\u0131 hesaplamak i\u00e7in Excel form\u00fcllerinin nas\u0131l yaz\u0131laca\u011f\u0131n\u0131 \u00f6\u011fretecektir. Bunu kontrol edelim\u2026","breadcrumb":{"@id":"https:\/\/exceladvisor.org\/tr\/kumulatif-toplam-2\/#breadcrumb"},"inLanguage":"tr","potentialAction":[{"@type":"ReadAction","target":["https:\/\/exceladvisor.org\/tr\/kumulatif-toplam-2\/"]}]},{"@type":"ImageObject","inLanguage":"tr","@id":"https:\/\/exceladvisor.org\/tr\/kumulatif-toplam-2\/#primaryimage","url":"https:\/\/exceladvisor.org\/wp-content\/uploads\/2023\/08\/1-formule-de-somme-cumulee.png","contentUrl":"https:\/\/exceladvisor.org\/wp-content\/uploads\/2023\/08\/1-formule-de-somme-cumulee.png"},{"@type":"BreadcrumbList","@id":"https:\/\/exceladvisor.org\/tr\/kumulatif-toplam-2\/#breadcrumb","itemListElement":[{"@type":"ListItem","position":1,"name":"Ev","item":"https:\/\/exceladvisor.org\/tr\/"},{"@type":"ListItem","position":2,"name":"De\u011ferlerin k\u00fcm\u00fclatif toplam\u0131 nas\u0131l hesaplan\u0131r?"}]},{"@type":"WebSite","@id":"https:\/\/exceladvisor.org\/tr\/#website","url":"https:\/\/exceladvisor.org\/tr\/","name":"Excel Advisor","description":"Veri hakimiyetine y\u00f6nelik nihai rehberiniz!","publisher":{"@id":"https:\/\/exceladvisor.org\/tr\/#organization"},"potentialAction":[{"@type":"SearchAction","target":{"@type":"EntryPoint","urlTemplate":"https:\/\/exceladvisor.org\/tr\/?s={search_term_string}"},"query-input":{"@type":"PropertyValueSpecification","valueRequired":true,"valueName":"search_term_string"}}],"inLanguage":"tr"},{"@type":"Organization","@id":"https:\/\/exceladvisor.org\/tr\/#organization","name":"Excel Advisor","url":"https:\/\/exceladvisor.org\/tr\/","logo":{"@type":"ImageObject","inLanguage":"tr","@id":"https:\/\/exceladvisor.org\/tr\/#\/schema\/logo\/image\/","url":"https:\/\/exceladvisor.org\/tr\/wp-content\/uploads\/2023\/12\/exceladvisor.org_.png","contentUrl":"https:\/\/exceladvisor.org\/tr\/wp-content\/uploads\/2023\/12\/exceladvisor.org_.png","width":105,"height":36,"caption":"Excel Advisor"},"image":{"@id":"https:\/\/exceladvisor.org\/tr\/#\/schema\/logo\/image\/"}}]}},"yoast_meta":{"yoast_wpseo_title":"","yoast_wpseo_metadesc":"","yoast_wpseo_canonical":""},"_links":{"self":[{"href":"https:\/\/exceladvisor.org\/tr\/wp-json\/wp\/v2\/pages\/1681","targetHints":{"allow":["GET"]}}],"collection":[{"href":"https:\/\/exceladvisor.org\/tr\/wp-json\/wp\/v2\/pages"}],"about":[{"href":"https:\/\/exceladvisor.org\/tr\/wp-json\/wp\/v2\/types\/page"}],"author":[{"embeddable":true,"href":"https:\/\/exceladvisor.org\/tr\/wp-json\/wp\/v2\/users\/1"}],"replies":[{"embeddable":true,"href":"https:\/\/exceladvisor.org\/tr\/wp-json\/wp\/v2\/comments?post=1681"}],"version-history":[{"count":1,"href":"https:\/\/exceladvisor.org\/tr\/wp-json\/wp\/v2\/pages\/1681\/revisions"}],"predecessor-version":[{"id":2313,"href":"https:\/\/exceladvisor.org\/tr\/wp-json\/wp\/v2\/pages\/1681\/revisions\/2313"}],"wp:attachment":[{"href":"https:\/\/exceladvisor.org\/tr\/wp-json\/wp\/v2\/media?parent=1681"}],"curies":[{"name":"wp","href":"https:\/\/api.w.org\/{rel}","templated":true}]}}