{"id":1682,"date":"2023-11-11T15:13:22","date_gmt":"2023-11-11T15:13:22","guid":{"rendered":"https:\/\/exceladvisor.org\/tr\/eger-daha-azsa-toplam\/"},"modified":"2023-12-10T05:58:35","modified_gmt":"2023-12-10T05:58:35","slug":"eger-daha-azsa-toplam","status":"publish","type":"page","link":"https:\/\/exceladvisor.org\/tr\/eger-daha-azsa-toplam\/","title":{"rendered":"A&#39;dan k\u00fc\u00e7\u00fck de\u011ferler nas\u0131l eklenir?"},"content":{"rendered":"<div class=\"excel-icerikten-once\" id=\"excel-3166769748\"><script type=\"text\/javascript\">\r\n\tatOptions = {\r\n\t\t'key' : 'c1158f160081d6540a8409e6925dab94',\r\n\t\t'format' : 'iframe',\r\n\t\t'height' : 250,\r\n\t\t'width' : 300,\r\n\t\t'params' : {}\r\n\t};\r\n<\/script>\r\n<script type=\"text\/javascript\" src=\"\/\/www.highperformanceformat.com\/c1158f160081d6540a8409e6925dab94\/invoke.js\"><\/script><\/div> <p>Belirli bir de\u011ferin alt\u0131ndaki de\u011ferleri eklemek i\u00e7in Excel&#8217;deki ETOPLA i\u015flevini kullanman\u0131z gerekir. \u00d6l\u00e7\u00fct\u00fc kontrol etmek i\u00e7in h\u00fccre aral\u0131\u011f\u0131n\u0131, \u00f6l\u00e7\u00fct olarak kullan\u0131lacak de\u011feri ve ard\u0131ndan de\u011ferleri toplamak istedi\u011finiz aral\u0131\u011f\u0131 belirtmeniz gerekir. Ancak ayn\u0131 aral\u0131\u011f\u0131 de\u011ferleri toplamak ve kriterleri kontrol etmek i\u00e7in de kullanabilirsiniz. <\/p><div class=\"wp-block-image\"><figure class=\"aligncenter size-full is-resized\"><img loading=\"lazy\" decoding=\"async\" class=\"wp-image-79486\" src=\"https:\/\/exceladvisor.org\/wp-content\/uploads\/2023\/08\/1-somme-des-valeurs-inferieures-a.png\" sizes=\"auto, \" srcset=\"\" alt=\"toplam-de\u011ferler-k\u00fc\u00e7\u00fckt\u00fcr\" width=\"673\" height=\"292\"><\/figure><\/div><p> Bu derste belirli bir de\u011ferden daha k\u00fc\u00e7\u00fck de\u011ferleri toplamak i\u00e7in form\u00fcl yazmay\u0131 \u00f6\u011frenece\u011fiz.<\/p><h2 class=\"wp-block-heading\"> Form\u00fcl: ETOPLA K\u00fc\u00e7\u00fckt\u00fcr<\/h2><p> A\u015fa\u011f\u0131daki ad\u0131mlar\u0131 kullanabilirsiniz:<\/p><ol type=\"1\"><li> \u0130lk \u00f6nce bir h\u00fccreye ETOPLA i\u015flevini girin.<\/li><li> Bundan sonra, ilk arg\u00fcmanda kriterleri kontrol etmeniz gereken aral\u0131\u011fa bak\u0131n. \u00d6rne\u011fimizde parti boyutu aral\u0131\u011f\u0131na ba\u015fvurman\u0131z gerekir.<\/li><li> \u015eimdi burada kriterleri belirtmeniz gerekiyor. Bu nedenle, k\u00fc\u00e7\u00fck olan t\u00fcm de\u011ferleri toplamak i\u00e7in k\u00fc\u00e7\u00fck operat\u00f6rl\u00fc bir 40 kullanaca\u011f\u0131z.<\/li><li> Daha sonra ekleyece\u011fimiz de\u011ferlerimizin oldu\u011fu aral\u0131\u011fa de\u011finece\u011fiz. \u00d6rne\u011fimizde miktar aral\u0131\u011f\u0131na ba\u015fvurman\u0131z gerekmektedir.<\/li><li> Sonunda sonucu almak i\u00e7in Enter tu\u015funa bas\u0131n. <\/li><\/ol><div class=\"wp-block-image\"><figure class=\"aligncenter size-full is-resized\"><img loading=\"lazy\" decoding=\"async\" class=\"wp-image-79487\" src=\"https:\/\/exceladvisor.org\/wp-content\/uploads\/2023\/08\/2-somme-si-moins-de.png\" sizes=\"auto, \" srcset=\"\" alt=\"sumif-k\u00fc\u00e7\u00fckt\u00fcr\" width=\"616\" height=\"293\"><\/figure><\/div><pre class=\"wp-block-code\"> <code class=\"language-excel-formula\" lang=\"excel-formula\">=SUMIF(A2:A10,\"&lt;40\",C2:C10)<\/code><\/pre><p> G\u00f6rd\u00fc\u011f\u00fcn\u00fcz gibi sonu\u00e7ta 685 var. Bu, parti b\u00fcy\u00fckl\u00fc\u011f\u00fc s\u00fctunundaki de\u011ferin 40&#8217;tan k\u00fc\u00e7\u00fck oldu\u011fu miktar s\u00fctunundaki t\u00fcm de\u011ferlerin toplam\u0131n\u0131n 685 oldu\u011fu anlam\u0131na gelir. <\/p><div class=\"wp-block-image\"><figure class=\"aligncenter size-full is-resized\"><img loading=\"lazy\" decoding=\"async\" class=\"wp-image-79488\" src=\"https:\/\/exceladvisor.org\/wp-content\/uploads\/2023\/08\/3-resultat-somme.png\" sizes=\"auto, \" srcset=\"\" alt=\"sumif-sonucu\" width=\"621\" height=\"242\"><\/figure><\/div><p> De\u011ferle birlikte k\u00fc\u00e7\u00fckt\u00fcr i\u015faretini kulland\u0131\u011f\u0131n\u0131zda, toplam de\u011ferlerden k\u00fc\u00e7\u00fck oldu\u011fu s\u00fcrece bu de\u011feri i\u00e7ermez. Bu, &lt;40 oldu\u011funda 40 de\u011ferinin dahil edilmedi\u011fi anlam\u0131na gelir. Bunun i\u00e7in a\u015fa\u011f\u0131daki gibi e\u015fittir i\u015faretini de kullanman\u0131z gerekir. <\/p><div class=\"wp-block-image\"><figure class=\"aligncenter size-full is-resized\"><img loading=\"lazy\" decoding=\"async\" class=\"wp-image-79489\" src=\"https:\/\/exceladvisor.org\/wp-content\/uploads\/2023\/08\/4-resultat-sumif-avec-signe-inferieur.png\" sizes=\"auto, \" srcset=\"\" alt=\"alt-i\u015faretli-sumif-sonucu\" width=\"631\" height=\"333\"><\/figure><\/div><pre class=\"wp-block-code\"> <code class=\"language-excel-formula\" lang=\"excel-formula\">=SUMIF(A2:A10,\"&lt;=40\",C2:C10)<\/code><\/pre><h2 class=\"wp-block-heading\"> Bir h\u00fccreden daha az de\u011fer kullanma<\/h2><p> Diyelim ki fonksiyondaki de\u011feri belirtmek yerine bir h\u00fccre i\u00e7in kullanmak istiyorsunuz. Bu durumda form\u00fcl\u00fcn\u00fcz\u00fc a\u015fa\u011f\u0131daki \u00f6rnekteki gibi yazmal\u0131s\u0131n\u0131z: <\/p><div class=\"wp-block-image\"><figure class=\"aligncenter size-full is-resized\"><img loading=\"lazy\" decoding=\"async\" class=\"wp-image-79490\" src=\"https:\/\/exceladvisor.org\/wp-content\/uploads\/2023\/08\/5-en-utilisant-moins-que-la-valeur-dune-cellule.png\" sizes=\"auto, \" srcset=\"\" alt=\"h\u00fccre de\u011ferinden daha az\u0131n\u0131 kullan\" width=\"696\" height=\"302\"><\/figure><\/div><p> Burada, \u00e7ift t\u0131rnak i\u015fareti kullanarak k\u00fc\u00e7\u00fckt\u00fcr i\u015faretini kullanman\u0131z ve ard\u0131ndan &#8220;ve&#8221; i\u015fareti kullanarak onu, de\u011ferden k\u00fc\u00e7\u00fck olan h\u00fccreyle birle\u015ftirmeniz gerekir.<\/p><pre class=\"wp-block-code\"> <code class=\"language-excel-formula\" lang=\"excel-formula\">=SUMIF(A2:A10,\"&lt;\"&amp;E5,C2:C10)<\/code><\/pre><h2 class=\"wp-block-heading\"> ETOPLA Kriterleri kontrol etmek i\u00e7in ayn\u0131 aral\u0131\u011fa sahip oldu\u011funuzdan daha az<\/h2><p> \u015eimdi de\u011ferleri toplamak i\u00e7in ayn\u0131 aral\u0131\u011fa sahip oldu\u011funuz ve kriterlerin alt\u0131nda olup olmad\u0131\u011f\u0131n\u0131 kontrol etti\u011finiz ba\u015fka bir durumu d\u00fc\u015f\u00fcnelim. <\/p><div class=\"wp-block-image\"><figure class=\"aligncenter size-full is-resized\"><img loading=\"lazy\" decoding=\"async\" class=\"wp-image-79491\" src=\"https:\/\/exceladvisor.org\/wp-content\/uploads\/2023\/08\/6-somme-si-inferieur-a-avec-la-meme-plage-et-les-memes-criteres.png\" sizes=\"auto, \" srcset=\"\" alt=\"ayn\u0131 aral\u0131k ve kriterlere sahip-daha-k\u00fc\u00e7\u00fck sutif\" width=\"628\" height=\"349\"><\/figure><\/div><p> Yukar\u0131daki \u00f6rnekte, \u00f6l\u00e7\u00fct aral\u0131\u011f\u0131nda ve &lt;150 olarak belirtilen \u00f6l\u00e7\u00fctlerde miktar s\u00fctununa referans verdik ancak toplam_aral\u0131k arg\u00fcman\u0131nda herhangi bir aral\u0131k belirtmedik. ETOPLA&#8217;da toplam_aral\u0131\u011f\u0131 iste\u011fe ba\u011fl\u0131d\u0131r. Bunu g\u00f6z ard\u0131 etti\u011finizde i\u015flev, de\u011ferleri toplamak i\u00e7in \u00f6l\u00e7\u00fct aral\u0131\u011f\u0131n\u0131 kullan\u0131r.<\/p><pre class=\"wp-block-code\"> <code class=\"language-excel-formula\" lang=\"excel-formula\">=SUMIF(C2:C10,\"&lt;150\")<\/code><\/pre><p> Yukar\u0131daki form\u00fclde SUMIF, miktar s\u00fctunundan 150&#8217;den k\u00fc\u00e7\u00fck de\u011ferleri toplar. <\/p><div class=\"gb-container gb-container-52dfcee1 gb-container-sample-file\"><h2 class=\"gb-headline gb-headline-e289c143 gb-headline-text gb-headline-4f7959c2\"> Excel dosyas\u0131n\u0131 al\u0131n<\/h2> <a class=\"gb-button gb-button-e88d6bee gb-button-text gb-button-button1\" href=\"https:\/\/exceladvisor.org\/wp-content\/uploads\/2023\/08\/sumif-inferieur-a-fichier.xlsx\" rel=\"nofollow\">\u0130ndirmek<\/a><\/div><div class=\"gb-container gb-container-0df56012 gb-container-mt\"> <a class=\"gb-button gb-button-f9f432f4 gb-button-text gb-button-mt-button\" href=\"https:\/\/exceladvisor.org\/tr\/formuller\/\">Excel form\u00fcllerinin listesi<\/a><h2 class=\"gb-headline gb-headline-233444e8 gb-headline-text gb-headline-mt-heading\"> \u0130lgili form\u00fcller <\/h2><div class=\"gb-grid-wrapper gb-grid-wrapper-a16fa65c gb-grid-wrapper-mt-grid\"><div class=\"gb-grid-column gb-grid-column-50d07e0d\"><div class=\"gb-container gb-container-50d07e0d\"><ul><li> <a href=\"https:\/\/exceladvisor.org\/tr\/toplamindan-buyukse\/\">SUMIF kullanarak de\u011ferlerden daha b\u00fcy\u00fck toplam<\/a><\/li><li> <a href=\"https:\/\/exceladvisor.org\/tr\/toplamlar-esit-degil\/\">Excel&#8217;de e\u015fit olmayan de\u011ferlerin toplam\u0131 (SUMIFS)<\/a><\/li><li> <a href=\"https:\/\/exceladvisor.org\/tr\/sumif-sumifler-veya-mantik\/\">Excel&#8217;de VEYA mant\u0131\u011f\u0131yla ETOPLA\/TOPLA<\/a><\/li><li> <a href=\"https:\/\/exceladvisor.org\/tr\/joker-karakterli-sutif\/\">Excel&#8217;de joker karakterlerle ETOPLA<\/a><\/li><li> <a href=\"https:\/\/exceladvisor.org\/tr\/iki-tarih-arasindaki-degerlerin-toplami\/\">SUMIFS tarih aral\u0131\u011f\u0131 (iki tarih dizisi aras\u0131ndaki de\u011ferlerin toplam\u0131)<\/a><\/li><\/ul><\/div><\/div><\/div><\/div>","protected":false},"excerpt":{"rendered":"","protected":false},"author":1,"featured_media":0,"parent":0,"menu_order":0,"comment_status":"open","ping_status":"closed","template":"","meta":{"ub_ctt_via":"","footnotes":""},"class_list":["post-1682","page","type-page","status-publish","hentry"],"featured_image_src":null,"yoast_head":"<!-- This site is optimized with the Yoast SEO plugin v25.4 - https:\/\/yoast.com\/wordpress\/plugins\/seo\/ -->\n<title>A&#039;dan k\u00fc\u00e7\u00fck de\u011ferler nas\u0131l eklenir? (E\u011fitim 2023)<\/title>\n<meta name=\"description\" content=\"Bu e\u011fitim size, belirli bir de\u011ferden daha k\u00fc\u00e7\u00fck de\u011ferleri eklemek i\u00e7in ETOPLA&#039;y\u0131 kullanmak \u00fczere Excel form\u00fcllerinin nas\u0131l yaz\u0131laca\u011f\u0131n\u0131 \u00f6\u011fretecektir.\" \/>\n<meta name=\"robots\" content=\"index, follow, max-snippet:-1, max-image-preview:large, max-video-preview:-1\" \/>\n<link rel=\"canonical\" href=\"https:\/\/exceladvisor.org\/tr\/eger-daha-azsa-toplam\/\" \/>\n<meta property=\"og:locale\" content=\"tr_TR\" \/>\n<meta property=\"og:type\" content=\"article\" \/>\n<meta property=\"og:title\" content=\"A&#039;dan k\u00fc\u00e7\u00fck de\u011ferler nas\u0131l eklenir? (E\u011fitim 2023)\" \/>\n<meta property=\"og:description\" content=\"Bu e\u011fitim size, belirli bir de\u011ferden daha k\u00fc\u00e7\u00fck de\u011ferleri eklemek i\u00e7in ETOPLA&#039;y\u0131 kullanmak \u00fczere Excel form\u00fcllerinin nas\u0131l yaz\u0131laca\u011f\u0131n\u0131 \u00f6\u011fretecektir.\" \/>\n<meta property=\"og:url\" content=\"https:\/\/exceladvisor.org\/tr\/eger-daha-azsa-toplam\/\" \/>\n<meta property=\"og:site_name\" content=\"Excel Advisor\" \/>\n<meta property=\"article:modified_time\" content=\"2023-12-10T05:58:35+00:00\" \/>\n<meta property=\"og:image\" content=\"https:\/\/exceladvisor.org\/wp-content\/uploads\/2023\/08\/1-somme-des-valeurs-inferieures-a.png\" \/>\n<meta name=\"twitter:card\" content=\"summary_large_image\" \/>\n<meta name=\"twitter:label1\" content=\"Tahmini okuma s\u00fcresi\" \/>\n\t<meta name=\"twitter:data1\" content=\"3 dakika\" \/>\n<script type=\"application\/ld+json\" class=\"yoast-schema-graph\">{\"@context\":\"https:\/\/schema.org\",\"@graph\":[{\"@type\":\"WebPage\",\"@id\":\"https:\/\/exceladvisor.org\/tr\/eger-daha-azsa-toplam\/\",\"url\":\"https:\/\/exceladvisor.org\/tr\/eger-daha-azsa-toplam\/\",\"name\":\"A&#39;dan k\u00fc\u00e7\u00fck de\u011ferler nas\u0131l eklenir? (E\u011fitim 2023)\",\"isPartOf\":{\"@id\":\"https:\/\/exceladvisor.org\/tr\/#website\"},\"primaryImageOfPage\":{\"@id\":\"https:\/\/exceladvisor.org\/tr\/eger-daha-azsa-toplam\/#primaryimage\"},\"image\":{\"@id\":\"https:\/\/exceladvisor.org\/tr\/eger-daha-azsa-toplam\/#primaryimage\"},\"thumbnailUrl\":\"https:\/\/exceladvisor.org\/wp-content\/uploads\/2023\/08\/1-somme-des-valeurs-inferieures-a.png\",\"datePublished\":\"2023-11-11T15:13:22+00:00\",\"dateModified\":\"2023-12-10T05:58:35+00:00\",\"description\":\"Bu e\u011fitim size, belirli bir de\u011ferden daha k\u00fc\u00e7\u00fck de\u011ferleri eklemek i\u00e7in ETOPLA&#39;y\u0131 kullanmak \u00fczere Excel form\u00fcllerinin nas\u0131l yaz\u0131laca\u011f\u0131n\u0131 \u00f6\u011fretecektir.\",\"breadcrumb\":{\"@id\":\"https:\/\/exceladvisor.org\/tr\/eger-daha-azsa-toplam\/#breadcrumb\"},\"inLanguage\":\"tr\",\"potentialAction\":[{\"@type\":\"ReadAction\",\"target\":[\"https:\/\/exceladvisor.org\/tr\/eger-daha-azsa-toplam\/\"]}]},{\"@type\":\"ImageObject\",\"inLanguage\":\"tr\",\"@id\":\"https:\/\/exceladvisor.org\/tr\/eger-daha-azsa-toplam\/#primaryimage\",\"url\":\"https:\/\/exceladvisor.org\/wp-content\/uploads\/2023\/08\/1-somme-des-valeurs-inferieures-a.png\",\"contentUrl\":\"https:\/\/exceladvisor.org\/wp-content\/uploads\/2023\/08\/1-somme-des-valeurs-inferieures-a.png\"},{\"@type\":\"BreadcrumbList\",\"@id\":\"https:\/\/exceladvisor.org\/tr\/eger-daha-azsa-toplam\/#breadcrumb\",\"itemListElement\":[{\"@type\":\"ListItem\",\"position\":1,\"name\":\"Ev\",\"item\":\"https:\/\/exceladvisor.org\/tr\/\"},{\"@type\":\"ListItem\",\"position\":2,\"name\":\"A&#39;dan k\u00fc\u00e7\u00fck de\u011ferler nas\u0131l eklenir?\"}]},{\"@type\":\"WebSite\",\"@id\":\"https:\/\/exceladvisor.org\/tr\/#website\",\"url\":\"https:\/\/exceladvisor.org\/tr\/\",\"name\":\"Excel Advisor\",\"description\":\"Veri hakimiyetine y\u00f6nelik nihai rehberiniz!\",\"publisher\":{\"@id\":\"https:\/\/exceladvisor.org\/tr\/#organization\"},\"potentialAction\":[{\"@type\":\"SearchAction\",\"target\":{\"@type\":\"EntryPoint\",\"urlTemplate\":\"https:\/\/exceladvisor.org\/tr\/?s={search_term_string}\"},\"query-input\":{\"@type\":\"PropertyValueSpecification\",\"valueRequired\":true,\"valueName\":\"search_term_string\"}}],\"inLanguage\":\"tr\"},{\"@type\":\"Organization\",\"@id\":\"https:\/\/exceladvisor.org\/tr\/#organization\",\"name\":\"Excel Advisor\",\"url\":\"https:\/\/exceladvisor.org\/tr\/\",\"logo\":{\"@type\":\"ImageObject\",\"inLanguage\":\"tr\",\"@id\":\"https:\/\/exceladvisor.org\/tr\/#\/schema\/logo\/image\/\",\"url\":\"https:\/\/exceladvisor.org\/tr\/wp-content\/uploads\/2023\/12\/exceladvisor.org_.png\",\"contentUrl\":\"https:\/\/exceladvisor.org\/tr\/wp-content\/uploads\/2023\/12\/exceladvisor.org_.png\",\"width\":105,\"height\":36,\"caption\":\"Excel Advisor\"},\"image\":{\"@id\":\"https:\/\/exceladvisor.org\/tr\/#\/schema\/logo\/image\/\"}}]}<\/script>\n<!-- \/ Yoast SEO plugin. -->","yoast_head_json":{"title":"A&#39;dan k\u00fc\u00e7\u00fck de\u011ferler nas\u0131l eklenir? (E\u011fitim 2023)","description":"Bu e\u011fitim size, belirli bir de\u011ferden daha k\u00fc\u00e7\u00fck de\u011ferleri eklemek i\u00e7in ETOPLA&#39;y\u0131 kullanmak \u00fczere Excel form\u00fcllerinin nas\u0131l yaz\u0131laca\u011f\u0131n\u0131 \u00f6\u011fretecektir.","robots":{"index":"index","follow":"follow","max-snippet":"max-snippet:-1","max-image-preview":"max-image-preview:large","max-video-preview":"max-video-preview:-1"},"canonical":"https:\/\/exceladvisor.org\/tr\/eger-daha-azsa-toplam\/","og_locale":"tr_TR","og_type":"article","og_title":"A&#39;dan k\u00fc\u00e7\u00fck de\u011ferler nas\u0131l eklenir? (E\u011fitim 2023)","og_description":"Bu e\u011fitim size, belirli bir de\u011ferden daha k\u00fc\u00e7\u00fck de\u011ferleri eklemek i\u00e7in ETOPLA&#39;y\u0131 kullanmak \u00fczere Excel form\u00fcllerinin nas\u0131l yaz\u0131laca\u011f\u0131n\u0131 \u00f6\u011fretecektir.","og_url":"https:\/\/exceladvisor.org\/tr\/eger-daha-azsa-toplam\/","og_site_name":"Excel Advisor","article_modified_time":"2023-12-10T05:58:35+00:00","og_image":[{"url":"https:\/\/exceladvisor.org\/wp-content\/uploads\/2023\/08\/1-somme-des-valeurs-inferieures-a.png","type":"","width":"","height":""}],"twitter_card":"summary_large_image","twitter_misc":{"Tahmini okuma s\u00fcresi":"3 dakika"},"schema":{"@context":"https:\/\/schema.org","@graph":[{"@type":"WebPage","@id":"https:\/\/exceladvisor.org\/tr\/eger-daha-azsa-toplam\/","url":"https:\/\/exceladvisor.org\/tr\/eger-daha-azsa-toplam\/","name":"A&#39;dan k\u00fc\u00e7\u00fck de\u011ferler nas\u0131l eklenir? (E\u011fitim 2023)","isPartOf":{"@id":"https:\/\/exceladvisor.org\/tr\/#website"},"primaryImageOfPage":{"@id":"https:\/\/exceladvisor.org\/tr\/eger-daha-azsa-toplam\/#primaryimage"},"image":{"@id":"https:\/\/exceladvisor.org\/tr\/eger-daha-azsa-toplam\/#primaryimage"},"thumbnailUrl":"https:\/\/exceladvisor.org\/wp-content\/uploads\/2023\/08\/1-somme-des-valeurs-inferieures-a.png","datePublished":"2023-11-11T15:13:22+00:00","dateModified":"2023-12-10T05:58:35+00:00","description":"Bu e\u011fitim size, belirli bir de\u011ferden daha k\u00fc\u00e7\u00fck de\u011ferleri eklemek i\u00e7in ETOPLA&#39;y\u0131 kullanmak \u00fczere Excel form\u00fcllerinin nas\u0131l yaz\u0131laca\u011f\u0131n\u0131 \u00f6\u011fretecektir.","breadcrumb":{"@id":"https:\/\/exceladvisor.org\/tr\/eger-daha-azsa-toplam\/#breadcrumb"},"inLanguage":"tr","potentialAction":[{"@type":"ReadAction","target":["https:\/\/exceladvisor.org\/tr\/eger-daha-azsa-toplam\/"]}]},{"@type":"ImageObject","inLanguage":"tr","@id":"https:\/\/exceladvisor.org\/tr\/eger-daha-azsa-toplam\/#primaryimage","url":"https:\/\/exceladvisor.org\/wp-content\/uploads\/2023\/08\/1-somme-des-valeurs-inferieures-a.png","contentUrl":"https:\/\/exceladvisor.org\/wp-content\/uploads\/2023\/08\/1-somme-des-valeurs-inferieures-a.png"},{"@type":"BreadcrumbList","@id":"https:\/\/exceladvisor.org\/tr\/eger-daha-azsa-toplam\/#breadcrumb","itemListElement":[{"@type":"ListItem","position":1,"name":"Ev","item":"https:\/\/exceladvisor.org\/tr\/"},{"@type":"ListItem","position":2,"name":"A&#39;dan k\u00fc\u00e7\u00fck de\u011ferler nas\u0131l eklenir?"}]},{"@type":"WebSite","@id":"https:\/\/exceladvisor.org\/tr\/#website","url":"https:\/\/exceladvisor.org\/tr\/","name":"Excel Advisor","description":"Veri hakimiyetine y\u00f6nelik nihai rehberiniz!","publisher":{"@id":"https:\/\/exceladvisor.org\/tr\/#organization"},"potentialAction":[{"@type":"SearchAction","target":{"@type":"EntryPoint","urlTemplate":"https:\/\/exceladvisor.org\/tr\/?s={search_term_string}"},"query-input":{"@type":"PropertyValueSpecification","valueRequired":true,"valueName":"search_term_string"}}],"inLanguage":"tr"},{"@type":"Organization","@id":"https:\/\/exceladvisor.org\/tr\/#organization","name":"Excel Advisor","url":"https:\/\/exceladvisor.org\/tr\/","logo":{"@type":"ImageObject","inLanguage":"tr","@id":"https:\/\/exceladvisor.org\/tr\/#\/schema\/logo\/image\/","url":"https:\/\/exceladvisor.org\/tr\/wp-content\/uploads\/2023\/12\/exceladvisor.org_.png","contentUrl":"https:\/\/exceladvisor.org\/tr\/wp-content\/uploads\/2023\/12\/exceladvisor.org_.png","width":105,"height":36,"caption":"Excel Advisor"},"image":{"@id":"https:\/\/exceladvisor.org\/tr\/#\/schema\/logo\/image\/"}}]}},"yoast_meta":{"yoast_wpseo_title":"","yoast_wpseo_metadesc":"","yoast_wpseo_canonical":""},"_links":{"self":[{"href":"https:\/\/exceladvisor.org\/tr\/wp-json\/wp\/v2\/pages\/1682","targetHints":{"allow":["GET"]}}],"collection":[{"href":"https:\/\/exceladvisor.org\/tr\/wp-json\/wp\/v2\/pages"}],"about":[{"href":"https:\/\/exceladvisor.org\/tr\/wp-json\/wp\/v2\/types\/page"}],"author":[{"embeddable":true,"href":"https:\/\/exceladvisor.org\/tr\/wp-json\/wp\/v2\/users\/1"}],"replies":[{"embeddable":true,"href":"https:\/\/exceladvisor.org\/tr\/wp-json\/wp\/v2\/comments?post=1682"}],"version-history":[{"count":1,"href":"https:\/\/exceladvisor.org\/tr\/wp-json\/wp\/v2\/pages\/1682\/revisions"}],"predecessor-version":[{"id":2254,"href":"https:\/\/exceladvisor.org\/tr\/wp-json\/wp\/v2\/pages\/1682\/revisions\/2254"}],"wp:attachment":[{"href":"https:\/\/exceladvisor.org\/tr\/wp-json\/wp\/v2\/media?parent=1682"}],"curies":[{"name":"wp","href":"https:\/\/api.w.org\/{rel}","templated":true}]}}