{"id":1683,"date":"2023-11-11T14:31:11","date_gmt":"2023-11-11T14:31:11","guid":{"rendered":"https:\/\/exceladvisor.org\/tr\/rastgele-sayi\/"},"modified":"2023-12-10T06:07:51","modified_gmt":"2023-12-10T06:07:51","slug":"rastgele-sayi","status":"publish","type":"page","link":"https:\/\/exceladvisor.org\/tr\/rastgele-sayi\/","title":{"rendered":"Vba&#39;da rastgele say\u0131lar nas\u0131l olu\u015fturulur?"},"content":{"rendered":"<div class=\"excel-icerikten-once\" id=\"excel-1724597334\"><script type=\"text\/javascript\">\r\n\tatOptions = {\r\n\t\t'key' : 'c1158f160081d6540a8409e6925dab94',\r\n\t\t'format' : 'iframe',\r\n\t\t'height' : 250,\r\n\t\t'width' : 300,\r\n\t\t'params' : {}\r\n\t};\r\n<\/script>\r\n<script type=\"text\/javascript\" src=\"\/\/www.highperformanceformat.com\/c1158f160081d6540a8409e6925dab94\/invoke.js\"><\/script><\/div> <p>VBA&#8217;da Excel&#8217;de rastgele say\u0131 olu\u015fturmak i\u00e7in farkl\u0131 y\u00f6ntemler kullanabilirsiniz ve bu yaz\u0131m\u0131zda hepsine tek tek bakaca\u011f\u0131z.<\/p><h2 class=\"wp-block-heading\"> RND i\u015flevi<\/h2><p> Rastgele bir say\u0131 olu\u015fturmak i\u00e7in VBA&#8217;da <a href=\"https:\/\/exceladvisor.org\/tr\/rnd\/\">RND<\/a> ad\u0131nda bir i\u015flev vard\u0131r. Bu fonksiyon rastgele anlam\u0131na gelir ve bu fonksiyonu kodda kulland\u0131\u011f\u0131n\u0131zda 0 ile 1 aras\u0131nda rastgele bir say\u0131 d\u00f6nd\u00fcr\u00fcr. RND&#8217;de herhangi bir arg\u00fcman belirtmenize gerek yoktur.<\/p><pre class=\"wp-block-code\"> <code class=\"language-visual-basic\" lang=\"visual-basic\">Range(\"A1\") = Rnd()<\/code><\/pre><p> Yukar\u0131daki kod bunu A1&#8217;de rastgele bir say\u0131 elde etmek i\u00e7in kullan\u0131r ve 0,705547521 de\u011ferini d\u00f6nd\u00fcr\u00fcr. <\/p><div class=\"wp-block-image\"><figure class=\"aligncenter size-large is-resized\"><img loading=\"lazy\" decoding=\"async\" class=\"wp-image-52247\" src=\"https:\/\/exceladvisor.org\/wp-content\/uploads\/2023\/08\/1-generer-un-nombre-aleatoire-dans-vba.png\" sizes=\"auto, \" srcset=\"\" alt=\"vba'da rastgele say\u0131 olu\u015fturma\" width=\"511\" height=\"260\"><\/figure><\/div><p> Ancak bunu bir aral\u0131\u011f\u0131n tamam\u0131 i\u00e7in kulland\u0131\u011f\u0131n\u0131zda, aral\u0131\u011f\u0131n tamam\u0131nda ayn\u0131 rastgele say\u0131y\u0131 d\u00f6nd\u00fcr\u00fcr ve bu, birden fazla kez rastgele say\u0131lar olu\u015fturmak i\u00e7in kullan\u0131lmas\u0131n\u0131 ge\u00e7ersiz k\u0131lar. <\/p><div class=\"wp-block-image\"><figure class=\"aligncenter size-large is-resized\"><img loading=\"lazy\" decoding=\"async\" class=\"wp-image-52248\" src=\"https:\/\/exceladvisor.org\/wp-content\/uploads\/2023\/08\/2-renvoie-le-meme-nombre-aleatoire.png\" sizes=\"auto, \" srcset=\"\" alt=\"ayn\u0131-rastgele-say\u0131y\u0131 d\u00f6nd\u00fcr\" width=\"572\" height=\"368\"><\/figure><\/div><p> \u015eimdi, bunu kullanman\u0131n bir anlam\u0131 yok, de\u011fil mi? Ancak kullanabilece\u011finiz bir \u00e7\u00f6z\u00fcm var, <a href=\"https:\/\/exceladvisor.org\/tr\/dongu-icin\/\">FOR SONRAK\u0130 D\u00d6NG\u00dc<\/a> . <\/p><div class=\"wp-block-image\"><figure class=\"aligncenter size-large is-resized\"><img loading=\"lazy\" decoding=\"async\" class=\"wp-image-52249\" src=\"https:\/\/exceladvisor.org\/wp-content\/uploads\/2023\/08\/3-utilisation-pour-la-boucle-suivante.png\" sizes=\"auto, \" srcset=\"\" alt=\"sonraki d\u00f6ng\u00fc i\u00e7in kullan\" width=\"583\" height=\"407\"><\/figure><\/div><p> Yukar\u0131daki kodda, se\u00e7ilen h\u00fccreden ba\u015flayarak 10 h\u00fccreden (tek tek) ge\u00e7en ve rastgele bir say\u0131 ekleyen bir d\u00f6ng\u00fcn\u00fcz var.<\/p><p> \u0130\u015fte kodun tamam\u0131:<\/p><pre class=\"wp-block-code\"> <code class=\"language-visual-basic\" lang=\"visual-basic\">Sub vba_random_number() Dim i As Long i = 10 For i = 1 To i ActiveCell.Value = Rnd() ActiveCell.Offset(1, 0).Select Next i End Sub<\/code><\/pre><h2 class=\"wp-block-heading\"> \u0130ki say\u0131 aras\u0131ndaki rastgele say\u0131<\/h2><p> Tan\u0131ml\u0131 iki say\u0131 aras\u0131nda rastgele bir say\u0131 olu\u015fturmak istiyorsan\u0131z bu durumda iki <a href=\"https:\/\/exceladvisor.org\/tr\/islevler\/\">VBA fonksiyonunu<\/a> ( <a href=\"https:\/\/exceladvisor.org\/tr\/rnd\/\">RND<\/a> + <a href=\"https:\/\/exceladvisor.org\/tr\/int\/\">INT<\/a> ) kullanarak kod yazman\u0131z gerekir. Bu form\u00fcl\u00fcn kodu a\u015fa\u011f\u0131daki gibi olacakt\u0131r. <\/p><div class=\"wp-block-image\"><figure class=\"aligncenter size-large is-resized\"><img loading=\"lazy\" decoding=\"async\" class=\"wp-image-52250\" src=\"https:\/\/exceladvisor.org\/wp-content\/uploads\/2023\/08\/4-nombre-aleatoire-entre-deux-nombres.png\" sizes=\"auto, \" srcset=\"\" alt=\"iki say\u0131 aras\u0131ndaki rastgele say\u0131\" width=\"548\" height=\"293\"><\/figure><\/div><pre class=\"wp-block-code\"> <code class=\"language-visual-basic\" lang=\"visual-basic\">Sub vba_random_number() Dim myRnd As Integer myRnd = Int(2 + Rnd * (45 - 10 + 1)) Range(\"A1\") = myRnd End Sub<\/code><\/pre><p> <a href=\"https:\/\/exceladvisor.org\/tr\/makro-2yi-calistir\/\">Bu makroyu \u00e7al\u0131\u015ft\u0131rd\u0131\u011f\u0131n\u0131zda<\/a> , RND rastgele say\u0131y\u0131 olu\u015fturmak i\u00e7in ayarlad\u0131\u011f\u0131n\u0131z maksimum say\u0131y\u0131 ve minimum say\u0131y\u0131 kullan\u0131r ve INT ondal\u0131k basama\u011f\u0131 kald\u0131r\u0131r. <\/p><div class=\"wp-block-image\"><figure class=\"aligncenter size-large is-resized\"><img loading=\"lazy\" decoding=\"async\" class=\"wp-image-52251\" src=\"https:\/\/exceladvisor.org\/wp-content\/uploads\/2023\/08\/5-rnd-utiliser-le-nombre-max-et-min.png\" sizes=\"auto, \" srcset=\"\" alt=\"maksimum-ve-mini-say\u0131y\u0131-kullan\u0131n\" width=\"421\" height=\"205\"><\/figure><\/div><h2 class=\"wp-block-heading\"> Rastgele Bir Say\u0131 Olu\u015fturmak i\u00e7in VBA Kodunda \u00c7al\u0131\u015fma Sayfas\u0131 \u0130\u015flevlerini Kullanma<\/h2><p> VBA&#8217;da <a href=\"https:\/\/exceladvisor.org\/tr\/elektronik-tablo-islevi\/\">\u00e7al\u0131\u015fma sayfas\u0131 i\u015flevlerine<\/a> eri\u015febilir ve ba\u011f\u0131ms\u0131z de\u011fi\u015fkenleri belirterek sonu\u00e7 almak i\u00e7in bunlar\u0131 kullanabilirsiniz. \u0130ki <a href=\"https:\/\/exceladvisor.org\/tr\/excel-fonksiyonlari\/\">elektronik tablo i\u015flevi,<\/a> sonu\u00e7ta rastgele bir say\u0131 elde etmenize yard\u0131mc\u0131 olabilir.<\/p><ul><li> RandBetween<\/li><li> RandTableau<\/li><\/ul><p> Bu i\u015flevleri kullanmadan \u00f6nce ayarlaman\u0131z gereken ba\u011f\u0131ms\u0131z de\u011fi\u015fkenleri anlad\u0131\u011f\u0131n\u0131zdan emin olun. \u015eimdi a\u015fa\u011f\u0131daki kodda, iki say\u0131 aras\u0131nda rastgele bir say\u0131 \u00fcreten RANDBETWEEN&#8217;e sahipsiniz. <\/p><div class=\"wp-block-image\"><figure class=\"aligncenter size-large is-resized\"><img loading=\"lazy\" decoding=\"async\" class=\"wp-image-52252\" src=\"https:\/\/exceladvisor.org\/wp-content\/uploads\/2023\/08\/6-utiliser-randbetween-genere-un-nombre-aleatoire-entre-deux-nombres.png\" sizes=\"auto, \" srcset=\"\" alt=\"kullan\u0131m\u0131-randbetween-iki-say\u0131lar aras\u0131nda-rastgele-bir-say\u0131 olu\u015fturur\" width=\"601\" height=\"213\"><\/figure><\/div><pre class=\"wp-block-code\"> <code class=\"language-visual-basic\" lang=\"visual-basic\">Range(\"A1\") = WorksheetFunction.RandBetween(1000, 2000)<\/code><\/pre><p> Burada maksimum say\u0131 2000, minimum say\u0131 ise 1000&#8217;dir. Benzer \u015fekilde dinamik dizi fonksiyonu olan RANDARRAY&#8217;i kullanabilirsiniz.<\/p><p> \u0130\u015fte kod. <\/p><pre class=\"wp-block-code\"> <code class=\"language-visual-basic\" lang=\"visual-basic\">Range(\"A1:B10\") = WorksheetFunction.RandArray(10, 2, 1000, 2000, True)<\/code><\/pre><div class=\"wp-block-image\"><figure class=\"aligncenter size-large is-resized\"><img loading=\"lazy\" decoding=\"async\" class=\"wp-image-52253\" src=\"https:\/\/exceladvisor.org\/wp-content\/uploads\/2023\/08\/7-utilisez-randarray-qui-est-une-fonction-de-tableau-dynamique.png\" sizes=\"auto, \" srcset=\"\" alt=\"dinamik bir dizi i\u015flevi olan randarray i\u015flevini kullan\u0131n\" width=\"743\" height=\"275\"><\/figure><\/div><p> RASTGELE&#8217;nin s\u00f6zdizimine bakarsan\u0131z, bir tamsay\u0131 aral\u0131\u011f\u0131nda rastgele say\u0131lar girebilece\u011finizi g\u00f6receksiniz ki bu, yukar\u0131da tart\u0131\u015ft\u0131\u011f\u0131m\u0131z t\u00fcm y\u00f6ntemler i\u00e7in m\u00fcmk\u00fcn de\u011fildir. <\/p><div class=\"wp-block-image\"><figure class=\"aligncenter size-large is-resized\"><img loading=\"lazy\" decoding=\"async\" class=\"wp-image-52254\" src=\"https:\/\/exceladvisor.org\/wp-content\/uploads\/2023\/08\/8-syntaxe-de-randarray.png\" sizes=\"auto, \" srcset=\"\" alt=\"randarray-s\u00f6zdizimi\" width=\"396\" height=\"120\"><\/figure><\/div><div class=\"gb-container gb-container-4db6181c gb-container-mt\"> <a class=\"gb-button gb-button-c5897111 gb-button-text gb-button-mt-button\" href=\"https:\/\/exceladvisor.org\/tr\/vba\/\">VBA nedir<\/a><h2 class=\"gb-headline gb-headline-665e5f6b gb-headline-text gb-headline-mt-heading\"> \u0130lgili e\u011fitimler <\/h2><div class=\"gb-grid-wrapper gb-grid-wrapper-a20baf7c gb-grid-wrapper-mt-grid\"><div class=\"gb-grid-column gb-grid-column-65ddf67e\"><div class=\"gb-container gb-container-65ddf67e\"><ul><li> <a href=\"https:\/\/exceladvisor.org\/tr\/ortalama-2\/\">VBA ile Excel&#8217;deki ortalama de\u011ferler<\/a><\/li><li> <a href=\"https:\/\/exceladvisor.org\/tr\/bugunun-tarihi-simdiki-saat\/\">VBA&#8217;y\u0131 kullanarak bug\u00fcn\u00fcn tarihini ve ge\u00e7erli saatini al\u0131n<\/a><\/li><li> <a href=\"https:\/\/exceladvisor.org\/tr\/toplam-1\/\">VBA kullanarak Excel&#8217;deki de\u011ferleri toplay\u0131n<\/a> <\/li><\/ul><\/div><\/div><div class=\"gb-grid-column gb-grid-column-50067b57\"><div class=\"gb-container gb-container-50067b57\"><ul><li> <a href=\"https:\/\/exceladvisor.org\/tr\/hesaplamak\/\">VBA hesaplamas\u0131<\/a><\/li><li> <a href=\"https:\/\/exceladvisor.org\/tr\/zincir-1\/\">VBA&#8217;y\u0131 birle\u015ftir<\/a><\/li><li> <a href=\"https:\/\/exceladvisor.org\/tr\/elektronik-tablo-islevi\/\">VBA elektronik tablo i\u015flevi<\/a><\/li><\/ul><\/div><\/div><\/div><\/div>","protected":false},"excerpt":{"rendered":"","protected":false},"author":1,"featured_media":0,"parent":0,"menu_order":0,"comment_status":"open","ping_status":"closed","template":"","meta":{"ub_ctt_via":"","footnotes":""},"class_list":["post-1683","page","type-page","status-publish","hentry"],"featured_image_src":null,"yoast_head":"<!-- This site is optimized with the Yoast SEO plugin v25.4 - https:\/\/yoast.com\/wordpress\/plugins\/seo\/ -->\n<title>\u25b7 VBA&#039;da rastgele say\u0131lar nas\u0131l olu\u015fturulur?<\/title>\n<meta name=\"description\" content=\"Bu e\u011fitimde, VBA kodunu kullanarak Excel&#039;de rastgele say\u0131lar olu\u015fturman\u0131n farkl\u0131 yollar\u0131 g\u00f6sterilmektedir.\" \/>\n<meta name=\"robots\" content=\"index, follow, max-snippet:-1, max-image-preview:large, max-video-preview:-1\" \/>\n<link rel=\"canonical\" href=\"https:\/\/exceladvisor.org\/tr\/rastgele-sayi\/\" \/>\n<meta property=\"og:locale\" content=\"tr_TR\" \/>\n<meta property=\"og:type\" content=\"article\" \/>\n<meta property=\"og:title\" content=\"\u25b7 VBA&#039;da rastgele say\u0131lar nas\u0131l olu\u015fturulur?\" \/>\n<meta property=\"og:description\" content=\"Bu e\u011fitimde, VBA kodunu kullanarak Excel&#039;de rastgele say\u0131lar olu\u015fturman\u0131n farkl\u0131 yollar\u0131 g\u00f6sterilmektedir.\" \/>\n<meta property=\"og:url\" content=\"https:\/\/exceladvisor.org\/tr\/rastgele-sayi\/\" \/>\n<meta property=\"og:site_name\" content=\"Excel Advisor\" \/>\n<meta property=\"article:modified_time\" content=\"2023-12-10T06:07:51+00:00\" \/>\n<meta property=\"og:image\" content=\"https:\/\/exceladvisor.org\/wp-content\/uploads\/2023\/08\/1-generer-un-nombre-aleatoire-dans-vba.png\" \/>\n<meta name=\"twitter:card\" content=\"summary_large_image\" \/>\n<meta name=\"twitter:label1\" content=\"Tahmini okuma s\u00fcresi\" \/>\n\t<meta name=\"twitter:data1\" content=\"2 dakika\" \/>\n<script type=\"application\/ld+json\" class=\"yoast-schema-graph\">{\"@context\":\"https:\/\/schema.org\",\"@graph\":[{\"@type\":\"WebPage\",\"@id\":\"https:\/\/exceladvisor.org\/tr\/rastgele-sayi\/\",\"url\":\"https:\/\/exceladvisor.org\/tr\/rastgele-sayi\/\",\"name\":\"\u25b7 VBA&#39;da rastgele say\u0131lar nas\u0131l olu\u015fturulur?\",\"isPartOf\":{\"@id\":\"https:\/\/exceladvisor.org\/tr\/#website\"},\"primaryImageOfPage\":{\"@id\":\"https:\/\/exceladvisor.org\/tr\/rastgele-sayi\/#primaryimage\"},\"image\":{\"@id\":\"https:\/\/exceladvisor.org\/tr\/rastgele-sayi\/#primaryimage\"},\"thumbnailUrl\":\"https:\/\/exceladvisor.org\/wp-content\/uploads\/2023\/08\/1-generer-un-nombre-aleatoire-dans-vba.png\",\"datePublished\":\"2023-11-11T14:31:11+00:00\",\"dateModified\":\"2023-12-10T06:07:51+00:00\",\"description\":\"Bu e\u011fitimde, VBA kodunu kullanarak Excel&#39;de rastgele say\u0131lar olu\u015fturman\u0131n farkl\u0131 yollar\u0131 g\u00f6sterilmektedir.\",\"breadcrumb\":{\"@id\":\"https:\/\/exceladvisor.org\/tr\/rastgele-sayi\/#breadcrumb\"},\"inLanguage\":\"tr\",\"potentialAction\":[{\"@type\":\"ReadAction\",\"target\":[\"https:\/\/exceladvisor.org\/tr\/rastgele-sayi\/\"]}]},{\"@type\":\"ImageObject\",\"inLanguage\":\"tr\",\"@id\":\"https:\/\/exceladvisor.org\/tr\/rastgele-sayi\/#primaryimage\",\"url\":\"https:\/\/exceladvisor.org\/wp-content\/uploads\/2023\/08\/1-generer-un-nombre-aleatoire-dans-vba.png\",\"contentUrl\":\"https:\/\/exceladvisor.org\/wp-content\/uploads\/2023\/08\/1-generer-un-nombre-aleatoire-dans-vba.png\"},{\"@type\":\"BreadcrumbList\",\"@id\":\"https:\/\/exceladvisor.org\/tr\/rastgele-sayi\/#breadcrumb\",\"itemListElement\":[{\"@type\":\"ListItem\",\"position\":1,\"name\":\"Ev\",\"item\":\"https:\/\/exceladvisor.org\/tr\/\"},{\"@type\":\"ListItem\",\"position\":2,\"name\":\"Vba&#39;da rastgele say\u0131lar nas\u0131l olu\u015fturulur?\"}]},{\"@type\":\"WebSite\",\"@id\":\"https:\/\/exceladvisor.org\/tr\/#website\",\"url\":\"https:\/\/exceladvisor.org\/tr\/\",\"name\":\"Excel Advisor\",\"description\":\"Veri hakimiyetine y\u00f6nelik nihai rehberiniz!\",\"publisher\":{\"@id\":\"https:\/\/exceladvisor.org\/tr\/#organization\"},\"potentialAction\":[{\"@type\":\"SearchAction\",\"target\":{\"@type\":\"EntryPoint\",\"urlTemplate\":\"https:\/\/exceladvisor.org\/tr\/?s={search_term_string}\"},\"query-input\":{\"@type\":\"PropertyValueSpecification\",\"valueRequired\":true,\"valueName\":\"search_term_string\"}}],\"inLanguage\":\"tr\"},{\"@type\":\"Organization\",\"@id\":\"https:\/\/exceladvisor.org\/tr\/#organization\",\"name\":\"Excel Advisor\",\"url\":\"https:\/\/exceladvisor.org\/tr\/\",\"logo\":{\"@type\":\"ImageObject\",\"inLanguage\":\"tr\",\"@id\":\"https:\/\/exceladvisor.org\/tr\/#\/schema\/logo\/image\/\",\"url\":\"https:\/\/exceladvisor.org\/tr\/wp-content\/uploads\/2023\/12\/exceladvisor.org_.png\",\"contentUrl\":\"https:\/\/exceladvisor.org\/tr\/wp-content\/uploads\/2023\/12\/exceladvisor.org_.png\",\"width\":105,\"height\":36,\"caption\":\"Excel Advisor\"},\"image\":{\"@id\":\"https:\/\/exceladvisor.org\/tr\/#\/schema\/logo\/image\/\"}}]}<\/script>\n<!-- \/ Yoast SEO plugin. -->","yoast_head_json":{"title":"\u25b7 VBA&#39;da rastgele say\u0131lar nas\u0131l olu\u015fturulur?","description":"Bu e\u011fitimde, VBA kodunu kullanarak Excel&#39;de rastgele say\u0131lar olu\u015fturman\u0131n farkl\u0131 yollar\u0131 g\u00f6sterilmektedir.","robots":{"index":"index","follow":"follow","max-snippet":"max-snippet:-1","max-image-preview":"max-image-preview:large","max-video-preview":"max-video-preview:-1"},"canonical":"https:\/\/exceladvisor.org\/tr\/rastgele-sayi\/","og_locale":"tr_TR","og_type":"article","og_title":"\u25b7 VBA&#39;da rastgele say\u0131lar nas\u0131l olu\u015fturulur?","og_description":"Bu e\u011fitimde, VBA kodunu kullanarak Excel&#39;de rastgele say\u0131lar olu\u015fturman\u0131n farkl\u0131 yollar\u0131 g\u00f6sterilmektedir.","og_url":"https:\/\/exceladvisor.org\/tr\/rastgele-sayi\/","og_site_name":"Excel Advisor","article_modified_time":"2023-12-10T06:07:51+00:00","og_image":[{"url":"https:\/\/exceladvisor.org\/wp-content\/uploads\/2023\/08\/1-generer-un-nombre-aleatoire-dans-vba.png","type":"","width":"","height":""}],"twitter_card":"summary_large_image","twitter_misc":{"Tahmini okuma s\u00fcresi":"2 dakika"},"schema":{"@context":"https:\/\/schema.org","@graph":[{"@type":"WebPage","@id":"https:\/\/exceladvisor.org\/tr\/rastgele-sayi\/","url":"https:\/\/exceladvisor.org\/tr\/rastgele-sayi\/","name":"\u25b7 VBA&#39;da rastgele say\u0131lar nas\u0131l olu\u015fturulur?","isPartOf":{"@id":"https:\/\/exceladvisor.org\/tr\/#website"},"primaryImageOfPage":{"@id":"https:\/\/exceladvisor.org\/tr\/rastgele-sayi\/#primaryimage"},"image":{"@id":"https:\/\/exceladvisor.org\/tr\/rastgele-sayi\/#primaryimage"},"thumbnailUrl":"https:\/\/exceladvisor.org\/wp-content\/uploads\/2023\/08\/1-generer-un-nombre-aleatoire-dans-vba.png","datePublished":"2023-11-11T14:31:11+00:00","dateModified":"2023-12-10T06:07:51+00:00","description":"Bu e\u011fitimde, VBA kodunu kullanarak Excel&#39;de rastgele say\u0131lar olu\u015fturman\u0131n farkl\u0131 yollar\u0131 g\u00f6sterilmektedir.","breadcrumb":{"@id":"https:\/\/exceladvisor.org\/tr\/rastgele-sayi\/#breadcrumb"},"inLanguage":"tr","potentialAction":[{"@type":"ReadAction","target":["https:\/\/exceladvisor.org\/tr\/rastgele-sayi\/"]}]},{"@type":"ImageObject","inLanguage":"tr","@id":"https:\/\/exceladvisor.org\/tr\/rastgele-sayi\/#primaryimage","url":"https:\/\/exceladvisor.org\/wp-content\/uploads\/2023\/08\/1-generer-un-nombre-aleatoire-dans-vba.png","contentUrl":"https:\/\/exceladvisor.org\/wp-content\/uploads\/2023\/08\/1-generer-un-nombre-aleatoire-dans-vba.png"},{"@type":"BreadcrumbList","@id":"https:\/\/exceladvisor.org\/tr\/rastgele-sayi\/#breadcrumb","itemListElement":[{"@type":"ListItem","position":1,"name":"Ev","item":"https:\/\/exceladvisor.org\/tr\/"},{"@type":"ListItem","position":2,"name":"Vba&#39;da rastgele say\u0131lar nas\u0131l olu\u015fturulur?"}]},{"@type":"WebSite","@id":"https:\/\/exceladvisor.org\/tr\/#website","url":"https:\/\/exceladvisor.org\/tr\/","name":"Excel Advisor","description":"Veri hakimiyetine y\u00f6nelik nihai rehberiniz!","publisher":{"@id":"https:\/\/exceladvisor.org\/tr\/#organization"},"potentialAction":[{"@type":"SearchAction","target":{"@type":"EntryPoint","urlTemplate":"https:\/\/exceladvisor.org\/tr\/?s={search_term_string}"},"query-input":{"@type":"PropertyValueSpecification","valueRequired":true,"valueName":"search_term_string"}}],"inLanguage":"tr"},{"@type":"Organization","@id":"https:\/\/exceladvisor.org\/tr\/#organization","name":"Excel Advisor","url":"https:\/\/exceladvisor.org\/tr\/","logo":{"@type":"ImageObject","inLanguage":"tr","@id":"https:\/\/exceladvisor.org\/tr\/#\/schema\/logo\/image\/","url":"https:\/\/exceladvisor.org\/tr\/wp-content\/uploads\/2023\/12\/exceladvisor.org_.png","contentUrl":"https:\/\/exceladvisor.org\/tr\/wp-content\/uploads\/2023\/12\/exceladvisor.org_.png","width":105,"height":36,"caption":"Excel Advisor"},"image":{"@id":"https:\/\/exceladvisor.org\/tr\/#\/schema\/logo\/image\/"}}]}},"yoast_meta":{"yoast_wpseo_title":"","yoast_wpseo_metadesc":"","yoast_wpseo_canonical":""},"_links":{"self":[{"href":"https:\/\/exceladvisor.org\/tr\/wp-json\/wp\/v2\/pages\/1683","targetHints":{"allow":["GET"]}}],"collection":[{"href":"https:\/\/exceladvisor.org\/tr\/wp-json\/wp\/v2\/pages"}],"about":[{"href":"https:\/\/exceladvisor.org\/tr\/wp-json\/wp\/v2\/types\/page"}],"author":[{"embeddable":true,"href":"https:\/\/exceladvisor.org\/tr\/wp-json\/wp\/v2\/users\/1"}],"replies":[{"embeddable":true,"href":"https:\/\/exceladvisor.org\/tr\/wp-json\/wp\/v2\/comments?post=1683"}],"version-history":[{"count":1,"href":"https:\/\/exceladvisor.org\/tr\/wp-json\/wp\/v2\/pages\/1683\/revisions"}],"predecessor-version":[{"id":2955,"href":"https:\/\/exceladvisor.org\/tr\/wp-json\/wp\/v2\/pages\/1683\/revisions\/2955"}],"wp:attachment":[{"href":"https:\/\/exceladvisor.org\/tr\/wp-json\/wp\/v2\/media?parent=1683"}],"curies":[{"name":"wp","href":"https:\/\/api.w.org\/{rel}","templated":true}]}}